{"id":28586,"date":"2025-06-04T12:38:19","date_gmt":"2025-06-04T10:38:19","guid":{"rendered":"https:\/\/esei.uvigo.es\/?page_id=28586"},"modified":"2025-06-04T13:33:51","modified_gmt":"2025-06-04T11:33:51","slug":"programa-conjunto-griaei","status":"publish","type":"page","link":"https:\/\/esei.uvigo.es\/es\/estudos\/programa-conjunto-griaei\/","title":{"rendered":"Programa Conjunto GrIAEI"},"content":{"rendered":"<p>El PCEO GrIAEI permite simultanear los estudios de <strong>Grado en Inteligencia Artificial<\/strong> y <strong>Grado en Ingenier\u00eda Inform\u00e1tica<\/strong>. Su objetivo principal es formar profesionales altamente cualificados que dominen tanto los fundamentos de la inform\u00e1tica como las tecnolog\u00edas emergentes de inteligencia artificial. Este programa integral permite a los estudiantes obtener una comprensi\u00f3n profunda del dise\u00f1o y desarrollo de sistemas inform\u00e1ticos complejos, a la vez que adquieren habilidades avanzadas en aprendizaje autom\u00e1tico, procesamiento de lenguaje natural y toma de decisiones automatizada.<\/p>\n<p>A la vista de la gran demanda existente en estos \u00e1mbitos, y teniendo como objetivo principal ofrecer alternativas de formaci\u00f3n que mejoren la oferta disponible, la Escuela Superior de Ingenier\u00eda Inform\u00e1tica hace posible cursar de forma simult\u00e1nea ambos estudios en el campus de Ourense, pudiendo, con ilusi\u00f3n, esfuerzo y el buen hacer de los propios estudiantes, as\u00ed como del personal docente, alcanzar la formaci\u00f3n necesaria y los t\u00edtulos que lo acreditan en tan s\u00f3lo <strong>5 a\u00f1os<\/strong>.<\/p>\n<p><strong>Coordinadora<\/strong>: <a href=\"https:\/\/esei.uvigo.es\/centro\/profesorado\/lorenzo-iglesias-eva-maria\/\" target=\"_blank\" rel=\"noopener noreferrer\">Eva Mar\u00eda Lorenzo Iglesias<\/a><\/p>\n<p><strong>N\u00ba plazas nuevo ingreso para el curso 2025\/26:<\/strong> 10<\/p>\n<p><strong>Lenguas de impartici\u00f3n<\/strong>: Castellano, gallego<\/p>\n<ul class=\"list-peak\">\n<li><a href=\"https:\/\/esei.uvigo.es\/documentos\/pceo-ade-ei-normativa\/\" target=\"_blank\" rel=\"noopener noreferrer\">Normativa general de los PCEOs de la Universidade de Vigo<\/a><\/li>\n<\/ul>\n<p>PLAN ESTUDIOS 2025-2026<\/p>\n<ul class=\"list-peak\">\n<li><a href=\"https:\/\/esei.uvigo.es\/documentos\/pceo-griaei-memoria\/\" target=\"_blank\" rel=\"noopener noreferrer\">Memoria del PCEO GrIAEI<\/a><\/li>\n<li><a href=\"https:\/\/esei.uvigo.es\/documentos\/pceo-griaei-estrutura-do-plan-de-estudos\/\" target=\"_blank\" rel=\"noopener noreferrer\">Estructura del plan de estudios<\/a><\/li>\n<\/ul>\n<h2>Inter\u00e9s formativo<\/h2>\n<p>La combinaci\u00f3n de ambos t\u00edtulos responde a la creciente demanda de perfiles t\u00e9cnicos con una perspectiva transversal y especializada. El programa est\u00e1 dise\u00f1ado para proporcionar una base s\u00f3lida en ingenier\u00eda de software, arquitectura de ordenadores, redes y sistemas distribuidos, junto con una preparaci\u00f3n espec\u00edfica para aplicar modelos inteligentes a problemas del mundo real en sectores como la salud, la industria, la ciberseguridad y la rob\u00f3tica. En definitiva, el programa busca capacitar a los y las estudiantes para liderar la transformaci\u00f3n tecnol\u00f3gica desde una perspectiva innovadora y estrat\u00e9gica.<\/p>\n<h2>\u00bfPor qu\u00e9 cursar un doble grao?<\/h2>\n<p>La realizaci\u00f3n de este doble grao permite<\/p>\n<ul>\n<li data-start=\"1034\" data-end=\"1066\">\n<p data-start=\"1036\" data-end=\"1066\">Dos t\u00edtulos oficiales (Graduado\/a en Inteligencia Artificial y Graduado\/a en Ingenier\u00eda Inform\u00e1tica) en tan solo cinco a\u00f1os<\/p>\n<\/li>\n<li data-start=\"1067\" data-end=\"1114\">\n<p data-start=\"1069\" data-end=\"1114\">Alta empleabilidad y versatilidad profesional<\/p>\n<\/li>\n<li data-start=\"1115\" data-end=\"1156\">\n<p data-start=\"1117\" data-end=\"1156\">Formaci\u00f3n puntera con docentes expertos<\/p>\n<\/li>\n<li data-start=\"1157\" data-end=\"1208\">\n<p data-start=\"1159\" data-end=\"1208\">Acceso a pr\u00e1cticas en empresas l\u00edderes del sector<\/p>\n<\/li>\n<\/ul>\n<h2>A qui\u00e9n se dirige<\/h2>\n<p>El doble grado Inteligencia Artificial \u2013 Ingenier\u00eda Inform\u00e1tica se orienta a personas interesadas en la tecnolog\u00eda, la programaci\u00f3n y la resoluci\u00f3n de problemas complejos, que tambi\u00e9n tengan curiosidad por comprender y desarrollar sistemas inteligentes capaces de aprender, razonar y adaptarse. Es ideal para estudiantes con una base s\u00f3lida en matem\u00e1ticas, l\u00f3gica y pensamiento abstracto que deseen adquirir una formaci\u00f3n integral y distintiva en dos \u00e1reas clave de la transformaci\u00f3n digital. El programa busca un perfil anal\u00edtico, creativo y con visi\u00f3n de futuro, motivado por los desaf\u00edos tecnol\u00f3gicos y con aspiraciones a trabajar en entornos innovadores y multidisciplinares.<\/p>\n<h2>Salidas laborales<\/h2>\n<p>Las salidas profesionales que ofrece la simultaneidad de los grados de Inteligencia Artificial y de Ingenier\u00eda Inform\u00e1tica son, entre otras:<\/p>\n<ul>\n<li>Ingeniero\/a de inteligencia artificial.<\/li>\n<li>Arquitecto\/a de computaci\u00f3n en la nube.<\/li>\n<li>Desarrollador\/a de soluciones para el procesamiento de lenguaje natural.<\/li>\n<li>Dise\u00f1ador\/a y desarrollador\/a de soluciones inform\u00e1ticas<\/li>\n<li>Ingeniero\/a de proyectos.<\/li>\n<li>Desarrollador\/a de software y aplicaciones.<\/li>\n<li>Investigaci\u00f3n y desarrollo en el \u00e1mbito de la computaci\u00f3n, los datos y la inteligencia artificial aplicada.<\/li>\n<li>Consultor\/a de proyectos de automatizaci\u00f3n inteligente<\/li>\n<\/ul>\n","protected":false},"excerpt":{"rendered":"<p>El PCEO GrIAEI permite simultanear los estudios de Grado en Inteligencia Artificial y Grado en Ingenier\u00eda Inform\u00e1tica. Su objetivo principal es formar profesionales altamente cualificados &hellip; <a class=\"excerpt_more\" href=\"https:\/\/esei.uvigo.es\/es\/estudos\/programa-conjunto-griaei\/\">Contin\u00faa<\/a><\/p>\n","protected":false},"author":10,"featured_media":0,"parent":22841,"menu_order":17,"comment_status":"closed","ping_status":"closed","template":"","meta":{"_acf_changed":false,"footnotes":""},"class_list":["post-28586","page","type-page","status-publish","hentry"],"acf":[],"yoast_head":"<!-- This site is optimized with the Yoast SEO plugin v27.6 - https:\/\/yoast.com\/product\/yoast-seo-wordpress\/ -->\n<title>Programa Conjunto GrIAEI | Escola Superior de Enxe\u00f1ar\u00eda Inform\u00e1tica<\/title>\n<meta name=\"robots\" content=\"index, follow, max-snippet:-1, max-image-preview:large, max-video-preview:-1\" \/>\n<link rel=\"canonical\" href=\"https:\/\/esei.uvigo.es\/es\/estudos\/programa-conjunto-griaei\/\" \/>\n<meta property=\"og:locale\" content=\"es_ES\" \/>\n<meta property=\"og:type\" content=\"article\" \/>\n<meta property=\"og:title\" content=\"Programa Conjunto GrIAEI | Escola Superior de Enxe\u00f1ar\u00eda Inform\u00e1tica\" \/>\n<meta property=\"og:description\" content=\"El PCEO GrIAEI permite simultanear los estudios de Grado en Inteligencia Artificial y Grado en Ingenier\u00eda Inform\u00e1tica. Su objetivo principal es formar profesionales altamente cualificados &hellip; Contin\u00faa\" \/>\n<meta property=\"og:url\" content=\"https:\/\/esei.uvigo.es\/es\/estudos\/programa-conjunto-griaei\/\" \/>\n<meta property=\"og:site_name\" content=\"Escola Superior de Enxe\u00f1ar\u00eda Inform\u00e1tica\" \/>\n<meta property=\"article:modified_time\" content=\"2025-06-04T11:33:51+00:00\" \/>\n<meta name=\"twitter:card\" content=\"summary_large_image\" \/>\n<meta name=\"twitter:label1\" content=\"Tiempo de lectura\" \/>\n\t<meta name=\"twitter:data1\" content=\"3 minutos\" \/>\n<script type=\"application\/ld+json\" class=\"yoast-schema-graph\">{\"@context\":\"https:\\\/\\\/schema.org\",\"@graph\":[{\"@type\":\"WebPage\",\"@id\":\"https:\\\/\\\/esei.uvigo.es\\\/es\\\/estudos\\\/programa-conjunto-griaei\\\/\",\"url\":\"https:\\\/\\\/esei.uvigo.es\\\/es\\\/estudos\\\/programa-conjunto-griaei\\\/\",\"name\":\"Programa Conjunto GrIAEI | Escola Superior de Enxe\u00f1ar\u00eda Inform\u00e1tica\",\"isPartOf\":{\"@id\":\"https:\\\/\\\/esei.uvigo.es\\\/es\\\/#website\"},\"datePublished\":\"2025-06-04T10:38:19+00:00\",\"dateModified\":\"2025-06-04T11:33:51+00:00\",\"breadcrumb\":{\"@id\":\"https:\\\/\\\/esei.uvigo.es\\\/es\\\/estudos\\\/programa-conjunto-griaei\\\/#breadcrumb\"},\"inLanguage\":\"es\",\"potentialAction\":[{\"@type\":\"ReadAction\",\"target\":[\"https:\\\/\\\/esei.uvigo.es\\\/es\\\/estudos\\\/programa-conjunto-griaei\\\/\"]}]},{\"@type\":\"BreadcrumbList\",\"@id\":\"https:\\\/\\\/esei.uvigo.es\\\/es\\\/estudos\\\/programa-conjunto-griaei\\\/#breadcrumb\",\"itemListElement\":[{\"@type\":\"ListItem\",\"position\":1,\"name\":\"Portada\",\"item\":\"https:\\\/\\\/esei.uvigo.es\\\/es\\\/\"},{\"@type\":\"ListItem\",\"position\":2,\"name\":\"Estudios\",\"item\":\"https:\\\/\\\/esei.uvigo.es\\\/es\\\/estudos\\\/\"},{\"@type\":\"ListItem\",\"position\":3,\"name\":\"Programa Conjunto GrIAEI\"}]},{\"@type\":\"WebSite\",\"@id\":\"https:\\\/\\\/esei.uvigo.es\\\/es\\\/#website\",\"url\":\"https:\\\/\\\/esei.uvigo.es\\\/es\\\/\",\"name\":\"Escola Superior de Enxe\u00f1ar\u00eda Inform\u00e1tica\",\"description\":\"\",\"publisher\":{\"@id\":\"https:\\\/\\\/esei.uvigo.es\\\/es\\\/#organization\"},\"potentialAction\":[{\"@type\":\"SearchAction\",\"target\":{\"@type\":\"EntryPoint\",\"urlTemplate\":\"https:\\\/\\\/esei.uvigo.es\\\/es\\\/?s={search_term_string}\"},\"query-input\":{\"@type\":\"PropertyValueSpecification\",\"valueRequired\":true,\"valueName\":\"search_term_string\"}}],\"inLanguage\":\"es\"},{\"@type\":\"Organization\",\"@id\":\"https:\\\/\\\/esei.uvigo.es\\\/es\\\/#organization\",\"name\":\"Escola Superior de Enxe\u00f1ar\u00eda Inform\u00e1tica\",\"url\":\"https:\\\/\\\/esei.uvigo.es\\\/es\\\/\",\"logo\":{\"@type\":\"ImageObject\",\"inLanguage\":\"es\",\"@id\":\"https:\\\/\\\/esei.uvigo.es\\\/es\\\/#\\\/schema\\\/logo\\\/image\\\/\",\"url\":\"https:\\\/\\\/esei.uvigo.es\\\/wp-content\\\/uploads\\\/2019\\\/09\\\/esei.png\",\"contentUrl\":\"https:\\\/\\\/esei.uvigo.es\\\/wp-content\\\/uploads\\\/2019\\\/09\\\/esei.png\",\"width\":579,\"height\":98,\"caption\":\"Escola Superior de Enxe\u00f1ar\u00eda Inform\u00e1tica\"},\"image\":{\"@id\":\"https:\\\/\\\/esei.uvigo.es\\\/es\\\/#\\\/schema\\\/logo\\\/image\\\/\"}}]}<\/script>\n<!-- \/ Yoast SEO plugin. -->","yoast_head_json":{"title":"Programa Conjunto GrIAEI | Escola Superior de Enxe\u00f1ar\u00eda Inform\u00e1tica","robots":{"index":"index","follow":"follow","max-snippet":"max-snippet:-1","max-image-preview":"max-image-preview:large","max-video-preview":"max-video-preview:-1"},"canonical":"https:\/\/esei.uvigo.es\/es\/estudos\/programa-conjunto-griaei\/","og_locale":"es_ES","og_type":"article","og_title":"Programa Conjunto GrIAEI | Escola Superior de Enxe\u00f1ar\u00eda Inform\u00e1tica","og_description":"El PCEO GrIAEI permite simultanear los estudios de Grado en Inteligencia Artificial y Grado en Ingenier\u00eda Inform\u00e1tica. Su objetivo principal es formar profesionales altamente cualificados &hellip; Contin\u00faa","og_url":"https:\/\/esei.uvigo.es\/es\/estudos\/programa-conjunto-griaei\/","og_site_name":"Escola Superior de Enxe\u00f1ar\u00eda Inform\u00e1tica","article_modified_time":"2025-06-04T11:33:51+00:00","twitter_card":"summary_large_image","twitter_misc":{"Tiempo de lectura":"3 minutos"},"schema":{"@context":"https:\/\/schema.org","@graph":[{"@type":"WebPage","@id":"https:\/\/esei.uvigo.es\/es\/estudos\/programa-conjunto-griaei\/","url":"https:\/\/esei.uvigo.es\/es\/estudos\/programa-conjunto-griaei\/","name":"Programa Conjunto GrIAEI | Escola Superior de Enxe\u00f1ar\u00eda Inform\u00e1tica","isPartOf":{"@id":"https:\/\/esei.uvigo.es\/es\/#website"},"datePublished":"2025-06-04T10:38:19+00:00","dateModified":"2025-06-04T11:33:51+00:00","breadcrumb":{"@id":"https:\/\/esei.uvigo.es\/es\/estudos\/programa-conjunto-griaei\/#breadcrumb"},"inLanguage":"es","potentialAction":[{"@type":"ReadAction","target":["https:\/\/esei.uvigo.es\/es\/estudos\/programa-conjunto-griaei\/"]}]},{"@type":"BreadcrumbList","@id":"https:\/\/esei.uvigo.es\/es\/estudos\/programa-conjunto-griaei\/#breadcrumb","itemListElement":[{"@type":"ListItem","position":1,"name":"Portada","item":"https:\/\/esei.uvigo.es\/es\/"},{"@type":"ListItem","position":2,"name":"Estudios","item":"https:\/\/esei.uvigo.es\/es\/estudos\/"},{"@type":"ListItem","position":3,"name":"Programa Conjunto GrIAEI"}]},{"@type":"WebSite","@id":"https:\/\/esei.uvigo.es\/es\/#website","url":"https:\/\/esei.uvigo.es\/es\/","name":"Escola Superior de Enxe\u00f1ar\u00eda Inform\u00e1tica","description":"","publisher":{"@id":"https:\/\/esei.uvigo.es\/es\/#organization"},"potentialAction":[{"@type":"SearchAction","target":{"@type":"EntryPoint","urlTemplate":"https:\/\/esei.uvigo.es\/es\/?s={search_term_string}"},"query-input":{"@type":"PropertyValueSpecification","valueRequired":true,"valueName":"search_term_string"}}],"inLanguage":"es"},{"@type":"Organization","@id":"https:\/\/esei.uvigo.es\/es\/#organization","name":"Escola Superior de Enxe\u00f1ar\u00eda Inform\u00e1tica","url":"https:\/\/esei.uvigo.es\/es\/","logo":{"@type":"ImageObject","inLanguage":"es","@id":"https:\/\/esei.uvigo.es\/es\/#\/schema\/logo\/image\/","url":"https:\/\/esei.uvigo.es\/wp-content\/uploads\/2019\/09\/esei.png","contentUrl":"https:\/\/esei.uvigo.es\/wp-content\/uploads\/2019\/09\/esei.png","width":579,"height":98,"caption":"Escola Superior de Enxe\u00f1ar\u00eda Inform\u00e1tica"},"image":{"@id":"https:\/\/esei.uvigo.es\/es\/#\/schema\/logo\/image\/"}}]}},"_links":{"self":[{"href":"https:\/\/esei.uvigo.es\/es\/wp-json\/wp\/v2\/pages\/28586","targetHints":{"allow":["GET"]}}],"collection":[{"href":"https:\/\/esei.uvigo.es\/es\/wp-json\/wp\/v2\/pages"}],"about":[{"href":"https:\/\/esei.uvigo.es\/es\/wp-json\/wp\/v2\/types\/page"}],"author":[{"embeddable":true,"href":"https:\/\/esei.uvigo.es\/es\/wp-json\/wp\/v2\/users\/10"}],"replies":[{"embeddable":true,"href":"https:\/\/esei.uvigo.es\/es\/wp-json\/wp\/v2\/comments?post=28586"}],"version-history":[{"count":7,"href":"https:\/\/esei.uvigo.es\/es\/wp-json\/wp\/v2\/pages\/28586\/revisions"}],"predecessor-version":[{"id":28634,"href":"https:\/\/esei.uvigo.es\/es\/wp-json\/wp\/v2\/pages\/28586\/revisions\/28634"}],"up":[{"embeddable":true,"href":"https:\/\/esei.uvigo.es\/es\/wp-json\/wp\/v2\/pages\/22841"}],"wp:attachment":[{"href":"https:\/\/esei.uvigo.es\/es\/wp-json\/wp\/v2\/media?parent=28586"}],"curies":[{"name":"wp","href":"https:\/\/api.w.org\/{rel}","templated":true}]}}