{"id":27656,"date":"2025-01-06T12:50:25","date_gmt":"2025-01-06T11:50:25","guid":{"rendered":"https:\/\/esei.uvigo.es\/calidade\/reconecementos-de-calidade\/"},"modified":"2025-01-06T14:17:52","modified_gmt":"2025-01-06T13:17:52","slug":"reconecementos-de-calidade","status":"publish","type":"page","link":"https:\/\/esei.uvigo.es\/es\/calidade\/reconecementos-de-calidade\/","title":{"rendered":"Reconocimientos de calidad"},"content":{"rendered":"<h3>Sello Internacional de Calidad EUROINF de Inform\u00e1tica<\/h3>\n<p>El Sello <a href=\"https:\/\/eqanie.eu\/quality-label\/\">EUROINF<\/a> de Inform\u00e1tica es un certificado concedido por la agencia autorizada por <em>European Quality Assurance Network for Informatics Education<\/em> (EQANIE) que avala con un programa formativo de Ingenier\u00eda de nivel de Grado o M\u00e1ster cumple con los est\u00e1ndares internacionales, establecidos por personas acad\u00e9micas y profesionales que colaboran con dicha agencia.<\/p>\n<p><img loading=\"lazy\" decoding=\"async\" class=\"aligncenter\" src=\"https:\/\/www.aneca.es\/documents\/20123\/60744\/sello-informatica.png\/c02d5f37-4fcf-049b-2571-b148b28261fb?t=1654256791301\" width=\"406\" height=\"144\" \/><\/p>\n<p>El sistema Euro-Inf est\u00e1 reconocido internacionalmente y facilita la movilidad tanto acad\u00e9mica como profesional.<\/p>\n<p>Desde el punto de vista del alumnado, supone importantes beneficios:<\/p>\n<ul>\n<li>Garant\u00eda de que el programa cumple con altos est\u00e1ndares internacionales.<\/li>\n<li>Acceso m\u00e1s f\u00e1cil a los programas Master Euro-Inf<\/li>\n<li>Sello de calidad adicional reconocido por los empresarios en toda Europa<\/li>\n<li>Reconocimiento internacional de t\u00edtulos que cumplen con los est\u00e1ndares profesionales.<\/li>\n<\/ul>\n<p>Destacan tambi\u00e9n los beneficios para los empleadores:<\/p>\n<ul>\n<li>Los conocimientos y competencias de los solicitantes cumplen con los est\u00e1ndares internacionales.<\/li>\n<li>Informaci\u00f3n confiable sobre la calidad del programa de estudios sin conocer sus detalles.<\/li>\n<li>No solo se verifican los est\u00e1ndares acad\u00e9micos sino tambi\u00e9n la relevancia para la profesi\u00f3n.<\/li>\n<\/ul>\n<p>Nuestro t\u00edtulo de Grado en Ingenier\u00eda Inform\u00e1tica obtuvo el <a href=\"https:\/\/www.aneca.es\/sello-euroinf-de-informatica\" target=\"_blank\" rel=\"noopener\">Sello Internacional de Calidad EUROINF<\/a> en junio de 2019 (ver <a href=\"https:\/\/esei.uvigo.es\/documentos\/informe-final-euro-inf\/\" target=\"_blank\" rel=\"noopener\">Informe Final<\/a>).<\/p>\n<p><img loading=\"lazy\" decoding=\"async\" class=\" wp-image-21638 aligncenter\" src=\"https:\/\/esei.uvigo.es\/wp-content\/uploads\/documentos\/estudos\/grado\/memoria-grao\/EQANIE-ACCREDITATION-CERTIFICATE-1-212x300.png\" alt=\"\" width=\"335\" height=\"474\" srcset=\"https:\/\/esei.uvigo.es\/wp-content\/uploads\/documentos\/estudos\/grado\/memoria-grao\/EQANIE-ACCREDITATION-CERTIFICATE-1-212x300.png 212w, https:\/\/esei.uvigo.es\/wp-content\/uploads\/documentos\/estudos\/grado\/memoria-grao\/EQANIE-ACCREDITATION-CERTIFICATE-1-724x1024.png 724w, https:\/\/esei.uvigo.es\/wp-content\/uploads\/documentos\/estudos\/grado\/memoria-grao\/EQANIE-ACCREDITATION-CERTIFICATE-1-768x1086.png 768w, https:\/\/esei.uvigo.es\/wp-content\/uploads\/documentos\/estudos\/grado\/memoria-grao\/EQANIE-ACCREDITATION-CERTIFICATE-1-1087x1536.png 1087w, https:\/\/esei.uvigo.es\/wp-content\/uploads\/documentos\/estudos\/grado\/memoria-grao\/EQANIE-ACCREDITATION-CERTIFICATE-1-1449x2048.png 1449w, https:\/\/esei.uvigo.es\/wp-content\/uploads\/documentos\/estudos\/grado\/memoria-grao\/EQANIE-ACCREDITATION-CERTIFICATE-1.png 1654w\" sizes=\"auto, (max-width: 335px) 100vw, 335px\" \/><\/p>\n<p>&nbsp;<\/p>\n<p>Tambi\u00e9n nuestro M\u00e1ster Universitario en Ingenier\u00eda Inform\u00e1tica obtuvo este importante reconocimiento otorg\u00e1ndosele el <a href=\"https:\/\/www.aneca.es\/sello-euroinf-de-informatica\" target=\"_blank\" rel=\"noopener\"><strong>Sello Internacional de Calidad EUROINF<\/strong><\/a> en mayo de 2023 (ver <a href=\"https:\/\/esei.uvigo.es\/documentos\/informe-final-euro-inf-mei\/\" target=\"_blank\" rel=\"noopener\">Informe Final<\/a>).<\/p>\n","protected":false},"excerpt":{"rendered":"<p>Sello Internacional de Calidad EUROINF de Inform\u00e1tica El Sello EUROINF de Inform\u00e1tica es un certificado concedido por la agencia autorizada por European Quality Assurance Network &hellip; <a class=\"excerpt_more\" href=\"https:\/\/esei.uvigo.es\/es\/calidade\/reconecementos-de-calidade\/\">Contin\u00faa<\/a><\/p>\n","protected":false},"author":10,"featured_media":0,"parent":22876,"menu_order":10,"comment_status":"closed","ping_status":"closed","template":"","meta":{"_acf_changed":false,"footnotes":""},"class_list":["post-27656","page","type-page","status-publish","hentry"],"acf":[],"yoast_head":"<!-- This site is optimized with the Yoast SEO plugin v27.6 - https:\/\/yoast.com\/product\/yoast-seo-wordpress\/ -->\n<title>Reconocimientos de calidad | Escola Superior de Enxe\u00f1ar\u00eda Inform\u00e1tica<\/title>\n<meta name=\"robots\" content=\"index, follow, max-snippet:-1, max-image-preview:large, max-video-preview:-1\" \/>\n<link rel=\"canonical\" href=\"https:\/\/esei.uvigo.es\/es\/calidade\/reconecementos-de-calidade\/\" \/>\n<meta property=\"og:locale\" content=\"es_ES\" \/>\n<meta property=\"og:type\" content=\"article\" \/>\n<meta property=\"og:title\" content=\"Reconocimientos de calidad | Escola Superior de Enxe\u00f1ar\u00eda Inform\u00e1tica\" \/>\n<meta property=\"og:description\" content=\"Sello Internacional de Calidad EUROINF de Inform\u00e1tica El Sello EUROINF de Inform\u00e1tica es un certificado concedido por la agencia autorizada por European Quality Assurance Network &hellip; Contin\u00faa\" \/>\n<meta property=\"og:url\" content=\"https:\/\/esei.uvigo.es\/es\/calidade\/reconecementos-de-calidade\/\" \/>\n<meta property=\"og:site_name\" content=\"Escola Superior de Enxe\u00f1ar\u00eda Inform\u00e1tica\" \/>\n<meta property=\"article:modified_time\" content=\"2025-01-06T13:17:52+00:00\" \/>\n<meta property=\"og:image\" content=\"https:\/\/www.aneca.es\/documents\/20123\/60744\/sello-informatica.png\/c02d5f37-4fcf-049b-2571-b148b28261fb?t=1654256791301\" \/>\n<meta name=\"twitter:card\" content=\"summary_large_image\" \/>\n<meta name=\"twitter:label1\" content=\"Tiempo de lectura\" \/>\n\t<meta name=\"twitter:data1\" content=\"2 minutos\" \/>\n<script type=\"application\/ld+json\" class=\"yoast-schema-graph\">{\"@context\":\"https:\\\/\\\/schema.org\",\"@graph\":[{\"@type\":\"WebPage\",\"@id\":\"https:\\\/\\\/esei.uvigo.es\\\/es\\\/calidade\\\/reconecementos-de-calidade\\\/\",\"url\":\"https:\\\/\\\/esei.uvigo.es\\\/es\\\/calidade\\\/reconecementos-de-calidade\\\/\",\"name\":\"Reconocimientos de calidad | Escola Superior de Enxe\u00f1ar\u00eda Inform\u00e1tica\",\"isPartOf\":{\"@id\":\"https:\\\/\\\/esei.uvigo.es\\\/es\\\/#website\"},\"primaryImageOfPage\":{\"@id\":\"https:\\\/\\\/esei.uvigo.es\\\/es\\\/calidade\\\/reconecementos-de-calidade\\\/#primaryimage\"},\"image\":{\"@id\":\"https:\\\/\\\/esei.uvigo.es\\\/es\\\/calidade\\\/reconecementos-de-calidade\\\/#primaryimage\"},\"thumbnailUrl\":\"https:\\\/\\\/www.aneca.es\\\/documents\\\/20123\\\/60744\\\/sello-informatica.png\\\/c02d5f37-4fcf-049b-2571-b148b28261fb?t=1654256791301\",\"datePublished\":\"2025-01-06T11:50:25+00:00\",\"dateModified\":\"2025-01-06T13:17:52+00:00\",\"breadcrumb\":{\"@id\":\"https:\\\/\\\/esei.uvigo.es\\\/es\\\/calidade\\\/reconecementos-de-calidade\\\/#breadcrumb\"},\"inLanguage\":\"es\",\"potentialAction\":[{\"@type\":\"ReadAction\",\"target\":[\"https:\\\/\\\/esei.uvigo.es\\\/es\\\/calidade\\\/reconecementos-de-calidade\\\/\"]}]},{\"@type\":\"ImageObject\",\"inLanguage\":\"es\",\"@id\":\"https:\\\/\\\/esei.uvigo.es\\\/es\\\/calidade\\\/reconecementos-de-calidade\\\/#primaryimage\",\"url\":\"https:\\\/\\\/www.aneca.es\\\/documents\\\/20123\\\/60744\\\/sello-informatica.png\\\/c02d5f37-4fcf-049b-2571-b148b28261fb?t=1654256791301\",\"contentUrl\":\"https:\\\/\\\/www.aneca.es\\\/documents\\\/20123\\\/60744\\\/sello-informatica.png\\\/c02d5f37-4fcf-049b-2571-b148b28261fb?t=1654256791301\"},{\"@type\":\"BreadcrumbList\",\"@id\":\"https:\\\/\\\/esei.uvigo.es\\\/es\\\/calidade\\\/reconecementos-de-calidade\\\/#breadcrumb\",\"itemListElement\":[{\"@type\":\"ListItem\",\"position\":1,\"name\":\"Portada\",\"item\":\"https:\\\/\\\/esei.uvigo.es\\\/es\\\/\"},{\"@type\":\"ListItem\",\"position\":2,\"name\":\"Calidad\",\"item\":\"https:\\\/\\\/esei.uvigo.es\\\/es\\\/calidade\\\/\"},{\"@type\":\"ListItem\",\"position\":3,\"name\":\"Reconocimientos de calidad\"}]},{\"@type\":\"WebSite\",\"@id\":\"https:\\\/\\\/esei.uvigo.es\\\/es\\\/#website\",\"url\":\"https:\\\/\\\/esei.uvigo.es\\\/es\\\/\",\"name\":\"Escola Superior de Enxe\u00f1ar\u00eda Inform\u00e1tica\",\"description\":\"\",\"publisher\":{\"@id\":\"https:\\\/\\\/esei.uvigo.es\\\/es\\\/#organization\"},\"potentialAction\":[{\"@type\":\"SearchAction\",\"target\":{\"@type\":\"EntryPoint\",\"urlTemplate\":\"https:\\\/\\\/esei.uvigo.es\\\/es\\\/?s={search_term_string}\"},\"query-input\":{\"@type\":\"PropertyValueSpecification\",\"valueRequired\":true,\"valueName\":\"search_term_string\"}}],\"inLanguage\":\"es\"},{\"@type\":\"Organization\",\"@id\":\"https:\\\/\\\/esei.uvigo.es\\\/es\\\/#organization\",\"name\":\"Escola Superior de Enxe\u00f1ar\u00eda Inform\u00e1tica\",\"url\":\"https:\\\/\\\/esei.uvigo.es\\\/es\\\/\",\"logo\":{\"@type\":\"ImageObject\",\"inLanguage\":\"es\",\"@id\":\"https:\\\/\\\/esei.uvigo.es\\\/es\\\/#\\\/schema\\\/logo\\\/image\\\/\",\"url\":\"https:\\\/\\\/esei.uvigo.es\\\/wp-content\\\/uploads\\\/2019\\\/09\\\/esei.png\",\"contentUrl\":\"https:\\\/\\\/esei.uvigo.es\\\/wp-content\\\/uploads\\\/2019\\\/09\\\/esei.png\",\"width\":579,\"height\":98,\"caption\":\"Escola Superior de Enxe\u00f1ar\u00eda Inform\u00e1tica\"},\"image\":{\"@id\":\"https:\\\/\\\/esei.uvigo.es\\\/es\\\/#\\\/schema\\\/logo\\\/image\\\/\"}}]}<\/script>\n<!-- \/ Yoast SEO plugin. -->","yoast_head_json":{"title":"Reconocimientos de calidad | Escola Superior de Enxe\u00f1ar\u00eda Inform\u00e1tica","robots":{"index":"index","follow":"follow","max-snippet":"max-snippet:-1","max-image-preview":"max-image-preview:large","max-video-preview":"max-video-preview:-1"},"canonical":"https:\/\/esei.uvigo.es\/es\/calidade\/reconecementos-de-calidade\/","og_locale":"es_ES","og_type":"article","og_title":"Reconocimientos de calidad | Escola Superior de Enxe\u00f1ar\u00eda Inform\u00e1tica","og_description":"Sello Internacional de Calidad EUROINF de Inform\u00e1tica El Sello EUROINF de Inform\u00e1tica es un certificado concedido por la agencia autorizada por European Quality Assurance Network &hellip; Contin\u00faa","og_url":"https:\/\/esei.uvigo.es\/es\/calidade\/reconecementos-de-calidade\/","og_site_name":"Escola Superior de Enxe\u00f1ar\u00eda Inform\u00e1tica","article_modified_time":"2025-01-06T13:17:52+00:00","og_image":[{"url":"https:\/\/www.aneca.es\/documents\/20123\/60744\/sello-informatica.png\/c02d5f37-4fcf-049b-2571-b148b28261fb?t=1654256791301","type":"","width":"","height":""}],"twitter_card":"summary_large_image","twitter_misc":{"Tiempo de lectura":"2 minutos"},"schema":{"@context":"https:\/\/schema.org","@graph":[{"@type":"WebPage","@id":"https:\/\/esei.uvigo.es\/es\/calidade\/reconecementos-de-calidade\/","url":"https:\/\/esei.uvigo.es\/es\/calidade\/reconecementos-de-calidade\/","name":"Reconocimientos de calidad | Escola Superior de Enxe\u00f1ar\u00eda Inform\u00e1tica","isPartOf":{"@id":"https:\/\/esei.uvigo.es\/es\/#website"},"primaryImageOfPage":{"@id":"https:\/\/esei.uvigo.es\/es\/calidade\/reconecementos-de-calidade\/#primaryimage"},"image":{"@id":"https:\/\/esei.uvigo.es\/es\/calidade\/reconecementos-de-calidade\/#primaryimage"},"thumbnailUrl":"https:\/\/www.aneca.es\/documents\/20123\/60744\/sello-informatica.png\/c02d5f37-4fcf-049b-2571-b148b28261fb?t=1654256791301","datePublished":"2025-01-06T11:50:25+00:00","dateModified":"2025-01-06T13:17:52+00:00","breadcrumb":{"@id":"https:\/\/esei.uvigo.es\/es\/calidade\/reconecementos-de-calidade\/#breadcrumb"},"inLanguage":"es","potentialAction":[{"@type":"ReadAction","target":["https:\/\/esei.uvigo.es\/es\/calidade\/reconecementos-de-calidade\/"]}]},{"@type":"ImageObject","inLanguage":"es","@id":"https:\/\/esei.uvigo.es\/es\/calidade\/reconecementos-de-calidade\/#primaryimage","url":"https:\/\/www.aneca.es\/documents\/20123\/60744\/sello-informatica.png\/c02d5f37-4fcf-049b-2571-b148b28261fb?t=1654256791301","contentUrl":"https:\/\/www.aneca.es\/documents\/20123\/60744\/sello-informatica.png\/c02d5f37-4fcf-049b-2571-b148b28261fb?t=1654256791301"},{"@type":"BreadcrumbList","@id":"https:\/\/esei.uvigo.es\/es\/calidade\/reconecementos-de-calidade\/#breadcrumb","itemListElement":[{"@type":"ListItem","position":1,"name":"Portada","item":"https:\/\/esei.uvigo.es\/es\/"},{"@type":"ListItem","position":2,"name":"Calidad","item":"https:\/\/esei.uvigo.es\/es\/calidade\/"},{"@type":"ListItem","position":3,"name":"Reconocimientos de calidad"}]},{"@type":"WebSite","@id":"https:\/\/esei.uvigo.es\/es\/#website","url":"https:\/\/esei.uvigo.es\/es\/","name":"Escola Superior de Enxe\u00f1ar\u00eda Inform\u00e1tica","description":"","publisher":{"@id":"https:\/\/esei.uvigo.es\/es\/#organization"},"potentialAction":[{"@type":"SearchAction","target":{"@type":"EntryPoint","urlTemplate":"https:\/\/esei.uvigo.es\/es\/?s={search_term_string}"},"query-input":{"@type":"PropertyValueSpecification","valueRequired":true,"valueName":"search_term_string"}}],"inLanguage":"es"},{"@type":"Organization","@id":"https:\/\/esei.uvigo.es\/es\/#organization","name":"Escola Superior de Enxe\u00f1ar\u00eda Inform\u00e1tica","url":"https:\/\/esei.uvigo.es\/es\/","logo":{"@type":"ImageObject","inLanguage":"es","@id":"https:\/\/esei.uvigo.es\/es\/#\/schema\/logo\/image\/","url":"https:\/\/esei.uvigo.es\/wp-content\/uploads\/2019\/09\/esei.png","contentUrl":"https:\/\/esei.uvigo.es\/wp-content\/uploads\/2019\/09\/esei.png","width":579,"height":98,"caption":"Escola Superior de Enxe\u00f1ar\u00eda Inform\u00e1tica"},"image":{"@id":"https:\/\/esei.uvigo.es\/es\/#\/schema\/logo\/image\/"}}]}},"_links":{"self":[{"href":"https:\/\/esei.uvigo.es\/es\/wp-json\/wp\/v2\/pages\/27656","targetHints":{"allow":["GET"]}}],"collection":[{"href":"https:\/\/esei.uvigo.es\/es\/wp-json\/wp\/v2\/pages"}],"about":[{"href":"https:\/\/esei.uvigo.es\/es\/wp-json\/wp\/v2\/types\/page"}],"author":[{"embeddable":true,"href":"https:\/\/esei.uvigo.es\/es\/wp-json\/wp\/v2\/users\/10"}],"replies":[{"embeddable":true,"href":"https:\/\/esei.uvigo.es\/es\/wp-json\/wp\/v2\/comments?post=27656"}],"version-history":[{"count":9,"href":"https:\/\/esei.uvigo.es\/es\/wp-json\/wp\/v2\/pages\/27656\/revisions"}],"predecessor-version":[{"id":27678,"href":"https:\/\/esei.uvigo.es\/es\/wp-json\/wp\/v2\/pages\/27656\/revisions\/27678"}],"up":[{"embeddable":true,"href":"https:\/\/esei.uvigo.es\/es\/wp-json\/wp\/v2\/pages\/22876"}],"wp:attachment":[{"href":"https:\/\/esei.uvigo.es\/es\/wp-json\/wp\/v2\/media?parent=27656"}],"curies":[{"name":"wp","href":"https:\/\/api.w.org\/{rel}","templated":true}]}}