{"id":26927,"date":"2024-06-19T16:33:13","date_gmt":"2024-06-19T14:33:13","guid":{"rendered":"https:\/\/esei.uvigo.es\/?page_id=26927"},"modified":"2025-06-04T13:50:30","modified_gmt":"2025-06-04T11:50:30","slug":"pars-mei-via-grei","status":"publish","type":"page","link":"https:\/\/esei.uvigo.es\/es\/estudos\/pars-mei-via-grei\/","title":{"rendered":"PARS Grado y M\u00e1ster en Ingenier\u00eda Inform\u00e1tica"},"content":{"rendered":"<p>El PARS (Programa Acad\u00e9mico con Recorrido Sucesivo) es un programa nuevo que vincula el t\u00edtulo de Grado en Ingenier\u00eda Inform\u00e1tica y el M\u00e1ster Universitario en Ingenier\u00eda Inform\u00e1tica.<\/p>\n<p>La ventaja de acogerse a este programa es la oportunidad de comenzar a cursar la titulaci\u00f3n del M\u00e1ster sin tener completamente finalizado el Grado. Concretamente, los\/as matriculados\/as en el PARS podr\u00e1n, si as\u00ed lo desearan, acceder y matricularse en el M\u00e1ster Universitario en Ingenier\u00eda Inform\u00e1tica aunque est\u00e9n pendientes de superar el TFG y un m\u00e1ximo de tres asignaturas optativas del Grado en Ingenier\u00eda Inform\u00e1tica.<\/p>\n<p>De este modo, podr\u00e1s especializarte profesionalmente en el \u00e1mbito de la ingenier\u00eda inform\u00e1tica, con una formaci\u00f3n integral y avanzada en todos los \u00e1mbitos de esta ingenier\u00eda.<\/p>\n<p><strong>M\u00e1s informaci\u00f3n. Coordinadora<\/strong>: <a href=\"https:\/\/esei.uvigo.es\/centro\/profesorado\/lorenzo-iglesias-eva-maria\/\" target=\"_blank\" rel=\"noopener noreferrer\">Eva Mar\u00eda Lorenzo Iglesias<\/a><\/p>\n<p><strong>N\u00ba plazas nuevo ingreso para el curso 2025\/26:<\/strong> 5<\/p>\n","protected":false},"excerpt":{"rendered":"<p>El PARS (Programa Acad\u00e9mico con Recorrido Sucesivo) es un programa nuevo que vincula el t\u00edtulo de Grado en Ingenier\u00eda Inform\u00e1tica y el M\u00e1ster Universitario en &hellip; <a class=\"excerpt_more\" href=\"https:\/\/esei.uvigo.es\/es\/estudos\/pars-mei-via-grei\/\">Contin\u00faa<\/a><\/p>\n","protected":false},"author":10,"featured_media":0,"parent":22841,"menu_order":4,"comment_status":"closed","ping_status":"closed","template":"","meta":{"_acf_changed":false,"footnotes":""},"class_list":["post-26927","page","type-page","status-publish","hentry"],"acf":[],"yoast_head":"<!-- This site is optimized with the Yoast SEO plugin v27.6 - https:\/\/yoast.com\/product\/yoast-seo-wordpress\/ -->\n<title>PARS Grado y M\u00e1ster en Ingenier\u00eda Inform\u00e1tica | Escola Superior de Enxe\u00f1ar\u00eda Inform\u00e1tica<\/title>\n<meta name=\"robots\" content=\"index, follow, max-snippet:-1, max-image-preview:large, max-video-preview:-1\" \/>\n<link rel=\"canonical\" href=\"https:\/\/esei.uvigo.es\/es\/estudos\/pars-mei-via-grei\/\" \/>\n<meta property=\"og:locale\" content=\"es_ES\" \/>\n<meta property=\"og:type\" content=\"article\" \/>\n<meta property=\"og:title\" content=\"PARS Grado y M\u00e1ster en Ingenier\u00eda Inform\u00e1tica | Escola Superior de Enxe\u00f1ar\u00eda Inform\u00e1tica\" \/>\n<meta property=\"og:description\" content=\"El PARS (Programa Acad\u00e9mico con Recorrido Sucesivo) es un programa nuevo que vincula el t\u00edtulo de Grado en Ingenier\u00eda Inform\u00e1tica y el M\u00e1ster Universitario en &hellip; Contin\u00faa\" \/>\n<meta property=\"og:url\" content=\"https:\/\/esei.uvigo.es\/es\/estudos\/pars-mei-via-grei\/\" \/>\n<meta property=\"og:site_name\" content=\"Escola Superior de Enxe\u00f1ar\u00eda Inform\u00e1tica\" \/>\n<meta property=\"article:modified_time\" content=\"2025-06-04T11:50:30+00:00\" \/>\n<meta name=\"twitter:card\" content=\"summary_large_image\" \/>\n<meta name=\"twitter:label1\" content=\"Tiempo de lectura\" \/>\n\t<meta name=\"twitter:data1\" content=\"1 minuto\" \/>\n<script type=\"application\/ld+json\" class=\"yoast-schema-graph\">{\"@context\":\"https:\\\/\\\/schema.org\",\"@graph\":[{\"@type\":\"WebPage\",\"@id\":\"https:\\\/\\\/esei.uvigo.es\\\/es\\\/estudos\\\/pars-mei-via-grei\\\/\",\"url\":\"https:\\\/\\\/esei.uvigo.es\\\/es\\\/estudos\\\/pars-mei-via-grei\\\/\",\"name\":\"PARS Grado y M\u00e1ster en Ingenier\u00eda Inform\u00e1tica | Escola Superior de Enxe\u00f1ar\u00eda Inform\u00e1tica\",\"isPartOf\":{\"@id\":\"https:\\\/\\\/esei.uvigo.es\\\/es\\\/#website\"},\"datePublished\":\"2024-06-19T14:33:13+00:00\",\"dateModified\":\"2025-06-04T11:50:30+00:00\",\"breadcrumb\":{\"@id\":\"https:\\\/\\\/esei.uvigo.es\\\/es\\\/estudos\\\/pars-mei-via-grei\\\/#breadcrumb\"},\"inLanguage\":\"es\",\"potentialAction\":[{\"@type\":\"ReadAction\",\"target\":[\"https:\\\/\\\/esei.uvigo.es\\\/es\\\/estudos\\\/pars-mei-via-grei\\\/\"]}]},{\"@type\":\"BreadcrumbList\",\"@id\":\"https:\\\/\\\/esei.uvigo.es\\\/es\\\/estudos\\\/pars-mei-via-grei\\\/#breadcrumb\",\"itemListElement\":[{\"@type\":\"ListItem\",\"position\":1,\"name\":\"Portada\",\"item\":\"https:\\\/\\\/esei.uvigo.es\\\/es\\\/\"},{\"@type\":\"ListItem\",\"position\":2,\"name\":\"Estudios\",\"item\":\"https:\\\/\\\/esei.uvigo.es\\\/es\\\/estudos\\\/\"},{\"@type\":\"ListItem\",\"position\":3,\"name\":\"PARS Grado y M\u00e1ster en Ingenier\u00eda Inform\u00e1tica\"}]},{\"@type\":\"WebSite\",\"@id\":\"https:\\\/\\\/esei.uvigo.es\\\/es\\\/#website\",\"url\":\"https:\\\/\\\/esei.uvigo.es\\\/es\\\/\",\"name\":\"Escola Superior de Enxe\u00f1ar\u00eda Inform\u00e1tica\",\"description\":\"\",\"publisher\":{\"@id\":\"https:\\\/\\\/esei.uvigo.es\\\/es\\\/#organization\"},\"potentialAction\":[{\"@type\":\"SearchAction\",\"target\":{\"@type\":\"EntryPoint\",\"urlTemplate\":\"https:\\\/\\\/esei.uvigo.es\\\/es\\\/?s={search_term_string}\"},\"query-input\":{\"@type\":\"PropertyValueSpecification\",\"valueRequired\":true,\"valueName\":\"search_term_string\"}}],\"inLanguage\":\"es\"},{\"@type\":\"Organization\",\"@id\":\"https:\\\/\\\/esei.uvigo.es\\\/es\\\/#organization\",\"name\":\"Escola Superior de Enxe\u00f1ar\u00eda Inform\u00e1tica\",\"url\":\"https:\\\/\\\/esei.uvigo.es\\\/es\\\/\",\"logo\":{\"@type\":\"ImageObject\",\"inLanguage\":\"es\",\"@id\":\"https:\\\/\\\/esei.uvigo.es\\\/es\\\/#\\\/schema\\\/logo\\\/image\\\/\",\"url\":\"https:\\\/\\\/esei.uvigo.es\\\/wp-content\\\/uploads\\\/2019\\\/09\\\/esei.png\",\"contentUrl\":\"https:\\\/\\\/esei.uvigo.es\\\/wp-content\\\/uploads\\\/2019\\\/09\\\/esei.png\",\"width\":579,\"height\":98,\"caption\":\"Escola Superior de Enxe\u00f1ar\u00eda Inform\u00e1tica\"},\"image\":{\"@id\":\"https:\\\/\\\/esei.uvigo.es\\\/es\\\/#\\\/schema\\\/logo\\\/image\\\/\"}}]}<\/script>\n<!-- \/ Yoast SEO plugin. -->","yoast_head_json":{"title":"PARS Grado y M\u00e1ster en Ingenier\u00eda Inform\u00e1tica | Escola Superior de Enxe\u00f1ar\u00eda Inform\u00e1tica","robots":{"index":"index","follow":"follow","max-snippet":"max-snippet:-1","max-image-preview":"max-image-preview:large","max-video-preview":"max-video-preview:-1"},"canonical":"https:\/\/esei.uvigo.es\/es\/estudos\/pars-mei-via-grei\/","og_locale":"es_ES","og_type":"article","og_title":"PARS Grado y M\u00e1ster en Ingenier\u00eda Inform\u00e1tica | Escola Superior de Enxe\u00f1ar\u00eda Inform\u00e1tica","og_description":"El PARS (Programa Acad\u00e9mico con Recorrido Sucesivo) es un programa nuevo que vincula el t\u00edtulo de Grado en Ingenier\u00eda Inform\u00e1tica y el M\u00e1ster Universitario en &hellip; Contin\u00faa","og_url":"https:\/\/esei.uvigo.es\/es\/estudos\/pars-mei-via-grei\/","og_site_name":"Escola Superior de Enxe\u00f1ar\u00eda Inform\u00e1tica","article_modified_time":"2025-06-04T11:50:30+00:00","twitter_card":"summary_large_image","twitter_misc":{"Tiempo de lectura":"1 minuto"},"schema":{"@context":"https:\/\/schema.org","@graph":[{"@type":"WebPage","@id":"https:\/\/esei.uvigo.es\/es\/estudos\/pars-mei-via-grei\/","url":"https:\/\/esei.uvigo.es\/es\/estudos\/pars-mei-via-grei\/","name":"PARS Grado y M\u00e1ster en Ingenier\u00eda Inform\u00e1tica | Escola Superior de Enxe\u00f1ar\u00eda Inform\u00e1tica","isPartOf":{"@id":"https:\/\/esei.uvigo.es\/es\/#website"},"datePublished":"2024-06-19T14:33:13+00:00","dateModified":"2025-06-04T11:50:30+00:00","breadcrumb":{"@id":"https:\/\/esei.uvigo.es\/es\/estudos\/pars-mei-via-grei\/#breadcrumb"},"inLanguage":"es","potentialAction":[{"@type":"ReadAction","target":["https:\/\/esei.uvigo.es\/es\/estudos\/pars-mei-via-grei\/"]}]},{"@type":"BreadcrumbList","@id":"https:\/\/esei.uvigo.es\/es\/estudos\/pars-mei-via-grei\/#breadcrumb","itemListElement":[{"@type":"ListItem","position":1,"name":"Portada","item":"https:\/\/esei.uvigo.es\/es\/"},{"@type":"ListItem","position":2,"name":"Estudios","item":"https:\/\/esei.uvigo.es\/es\/estudos\/"},{"@type":"ListItem","position":3,"name":"PARS Grado y M\u00e1ster en Ingenier\u00eda Inform\u00e1tica"}]},{"@type":"WebSite","@id":"https:\/\/esei.uvigo.es\/es\/#website","url":"https:\/\/esei.uvigo.es\/es\/","name":"Escola Superior de Enxe\u00f1ar\u00eda Inform\u00e1tica","description":"","publisher":{"@id":"https:\/\/esei.uvigo.es\/es\/#organization"},"potentialAction":[{"@type":"SearchAction","target":{"@type":"EntryPoint","urlTemplate":"https:\/\/esei.uvigo.es\/es\/?s={search_term_string}"},"query-input":{"@type":"PropertyValueSpecification","valueRequired":true,"valueName":"search_term_string"}}],"inLanguage":"es"},{"@type":"Organization","@id":"https:\/\/esei.uvigo.es\/es\/#organization","name":"Escola Superior de Enxe\u00f1ar\u00eda Inform\u00e1tica","url":"https:\/\/esei.uvigo.es\/es\/","logo":{"@type":"ImageObject","inLanguage":"es","@id":"https:\/\/esei.uvigo.es\/es\/#\/schema\/logo\/image\/","url":"https:\/\/esei.uvigo.es\/wp-content\/uploads\/2019\/09\/esei.png","contentUrl":"https:\/\/esei.uvigo.es\/wp-content\/uploads\/2019\/09\/esei.png","width":579,"height":98,"caption":"Escola Superior de Enxe\u00f1ar\u00eda Inform\u00e1tica"},"image":{"@id":"https:\/\/esei.uvigo.es\/es\/#\/schema\/logo\/image\/"}}]}},"_links":{"self":[{"href":"https:\/\/esei.uvigo.es\/es\/wp-json\/wp\/v2\/pages\/26927","targetHints":{"allow":["GET"]}}],"collection":[{"href":"https:\/\/esei.uvigo.es\/es\/wp-json\/wp\/v2\/pages"}],"about":[{"href":"https:\/\/esei.uvigo.es\/es\/wp-json\/wp\/v2\/types\/page"}],"author":[{"embeddable":true,"href":"https:\/\/esei.uvigo.es\/es\/wp-json\/wp\/v2\/users\/10"}],"replies":[{"embeddable":true,"href":"https:\/\/esei.uvigo.es\/es\/wp-json\/wp\/v2\/comments?post=26927"}],"version-history":[{"count":10,"href":"https:\/\/esei.uvigo.es\/es\/wp-json\/wp\/v2\/pages\/26927\/revisions"}],"predecessor-version":[{"id":28642,"href":"https:\/\/esei.uvigo.es\/es\/wp-json\/wp\/v2\/pages\/26927\/revisions\/28642"}],"up":[{"embeddable":true,"href":"https:\/\/esei.uvigo.es\/es\/wp-json\/wp\/v2\/pages\/22841"}],"wp:attachment":[{"href":"https:\/\/esei.uvigo.es\/es\/wp-json\/wp\/v2\/media?parent=26927"}],"curies":[{"name":"wp","href":"https:\/\/api.w.org\/{rel}","templated":true}]}}