{"id":25102,"date":"2022-11-16T13:29:40","date_gmt":"2022-11-16T12:29:40","guid":{"rendered":"https:\/\/esei.uvigo.es\/?page_id=25102"},"modified":"2025-12-10T13:37:23","modified_gmt":"2025-12-10T12:37:23","slug":"comision-academica-del-master-en-inteligencia-artificial","status":"publish","type":"page","link":"https:\/\/esei.uvigo.es\/es\/a-esei\/organos-de-goberno\/comision-academica-del-master-en-inteligencia-artificial\/","title":{"rendered":"Comisi\u00f3n Acad\u00e9mica del M\u00e1ster en Inteligencia Artificial"},"content":{"rendered":"<h2>Miembros<\/h2>\n<h3>Presidente<\/h3>\n<ul>\n<li><a href=\"https:\/\/esei.uvigo.es\/es\/docencia\/profesorado\/profesor\/garcia-lourenco-analia-maria\/\" rel=\"noopener noreferrer\">Analia Mar\u00eda Garc\u00eda Louren\u00e7o<\/a> (Coordinadora del M\u00e1ster)<\/li>\n<\/ul>\n<h3>Secretaria<\/h3>\n<ul>\n<li><a href=\"https:\/\/esei.uvigo.es\/es\/docencia\/profesorado\/profesor\/gonzalez-rufino-maria-encarnacion\/\" rel=\"noopener noreferrer\">M\u00aa Encarnaci\u00f3n Gonz\u00e1lez Rufino<\/a><\/li>\n<\/ul>\n<h3>Vocales<\/h3>\n<ul>\n<li><a href=\"https:\/\/esei.uvigo.es\/es\/docencia\/profesorado\/profesor\/formella-arno\/\">Arno Formella<\/a><\/li>\n<li><a href=\"https:\/\/esei.uvigo.es\/es\/docencia\/profesorado\/profesor\/gomez-rodriguez-alma-maria\/\" rel=\"noopener noreferrer\">Alma Mar\u00eda G\u00f3mez Rodr\u00edguez<\/a><\/li>\n<li><a href=\"https:\/\/esei.uvigo.es\/es\/docencia\/profesorado\/profesor\/gonzalez-moreno-juan-carlos\/\">Juan Carlos Gonz\u00e1lez Moreno<\/a><\/li>\n<li><a href=\"https:\/\/esei.uvigo.es\/es\/docencia\/profesorado\/profesor\/lorenzo-iglesias-eva-maria\/\" rel=\"noopener noreferrer\">Eva Mar\u00eda Lorenzo Iglesias<\/a><\/li>\n<\/ul>\n<h2>Acuerdos:<\/h2>\n<div class=\"shortcode_uvigo_acts\"><div id=\"accordion0\" class=\"accordion \" role=\"tablist\" aria-multiselectable=\"true\" ><div class=\"card\" ><div class=\"card-header\"><a class=\"collapse  collapsed\" data-toggle=\"collapse\" data-parent=\"#accordion0\" href=\"#collapse0\" aria-controls=\"collapse0\">Acordos 2024<\/a><\/div><div id=\"collapse0\" class=\"collapse\" role=\"tabpanel\" data-parent=\"#accordion0\"><div class=\"card-body\"><h4 class=\"uvigo_act_title mb-4\"><span class=\"uvigo_act_field_date text-secondary\">17 de July de 2024<\/span> <span class=\"uvigo_act_field_title\">Comisi\u00f3n Acad\u00e9mica do MIA Extraordinaria<\/span><\/h4><ul class=\"list-peak uvigo_act_documents\"><li><a href=\"https:\/\/esei.uvigo.es\/wp-content\/uploads\/actas\/comision-academica-do-mia\/2024\/07\/00_convocatoria_20240717_EXTRA_CAMIA.pdf\" target=\"_blank\" rel=\"noopener noreferrer\" class=\"card-link\">Orde do d\u00eda<\/a><\/li><li><a href=\"https:\/\/esei.uvigo.es\/wp-content\/uploads\/actas\/comision-academica-do-mia\/2024\/07\/00_convocatoria_20240717_EXTRA_CAMIA_error1.pdf\" target=\"_blank\" rel=\"noopener noreferrer\" class=\"card-link\">Erro na orde do d\u00eda<\/a><\/li><li><a href=\"https:\/\/esei.uvigo.es\/wp-content\/uploads\/actas\/comision-academica-do-mia\/2024\/07\/Acordos_17_07_2024_CAMIA_EXTRA.pdf\" target=\"_blank\" rel=\"noopener noreferrer\" class=\"card-link\">Acordos<\/a><\/li><\/ul><h4 class=\"uvigo_act_title mb-4\"><span class=\"uvigo_act_field_date text-secondary\">26 de June de 2024<\/span> <span class=\"uvigo_act_field_title\">Comisi\u00f3n Acad\u00e9mica do MIA Extraordinaria<\/span><\/h4><ul class=\"list-peak uvigo_act_documents\"><li><a href=\"https:\/\/esei.uvigo.es\/wp-content\/uploads\/actas\/comision-academica-do-mia\/2024\/06\/00_convocatoria_20240626_EXTRA_CAMIA.pdf\" target=\"_blank\" rel=\"noopener noreferrer\" class=\"card-link\">Orde do d\u00eda<\/a><\/li><li><a href=\"https:\/\/esei.uvigo.es\/wp-content\/uploads\/actas\/comision-academica-do-mia\/2024\/06\/00_convocatoria_20240626_EXTRA_CAMIA_error1.pdf\" target=\"_blank\" rel=\"noopener noreferrer\" class=\"card-link\">Erro na orde do d\u00eda<\/a><\/li><li><a href=\"https:\/\/esei.uvigo.es\/wp-content\/uploads\/actas\/comision-academica-do-mia\/2024\/06\/Acordos_26_06_2024_CAMIA_EXTRA.pdf\" target=\"_blank\" rel=\"noopener noreferrer\" class=\"card-link\">Acordos<\/a><\/li><\/ul><h4 class=\"uvigo_act_title mb-4\"><span class=\"uvigo_act_field_date text-secondary\">3 de May de 2024<\/span> <span class=\"uvigo_act_field_title\">Comisi\u00f3n Acad\u00e9mica do MIA Extraordinaria<\/span><\/h4><ul class=\"list-peak uvigo_act_documents\"><li><a href=\"https:\/\/esei.uvigo.es\/wp-content\/uploads\/actas\/comision-academica-do-mia\/2024\/05\/00_convocatoria_20240503_EXTRA_MIA_MAIL.pdf\" target=\"_blank\" rel=\"noopener noreferrer\" class=\"card-link\">Orde do d\u00eda<\/a><\/li><li><a href=\"https:\/\/esei.uvigo.es\/wp-content\/uploads\/actas\/comision-academica-do-mia\/2024\/05\/Acordos_3_05_2024_CAMIA_EXTRA.pdf\" target=\"_blank\" rel=\"noopener noreferrer\" class=\"card-link\">Acordos<\/a><\/li><\/ul><h4 class=\"uvigo_act_title mb-4\"><span class=\"uvigo_act_field_date text-secondary\">9 de April de 2024<\/span> <span class=\"uvigo_act_field_title\">Comisi\u00f3n Acad\u00e9mica do MIA Extraordinaria<\/span><\/h4><ul class=\"list-peak uvigo_act_documents\"><li><a href=\"https:\/\/esei.uvigo.es\/wp-content\/uploads\/actas\/comision-academica-do-mia\/2024\/04\/00_convocatoria_20240409_ORD_MIA.pdf\" target=\"_blank\" rel=\"noopener noreferrer\" class=\"card-link\">Orde do d\u00eda<\/a><\/li><li><a href=\"https:\/\/esei.uvigo.es\/wp-content\/uploads\/actas\/comision-academica-do-mia\/2024\/04\/Acordos_9_04_2024_CAMIA_ORD.pdf\" target=\"_blank\" rel=\"noopener noreferrer\" class=\"card-link\">Acordos<\/a><\/li><\/ul><h4 class=\"uvigo_act_title mb-4\"><span class=\"uvigo_act_field_date text-secondary\">22 de February de 2024<\/span> <span class=\"uvigo_act_field_title\">Comisi\u00f3n Acad\u00e9mica do MIA Extraordinaria<\/span><\/h4><ul class=\"list-peak uvigo_act_documents\"><li><a href=\"https:\/\/esei.uvigo.es\/wp-content\/uploads\/actas\/comision-academica-do-mia\/2024\/02\/00_convocatoria_20240222_EXTRA_MIA.pdf\" target=\"_blank\" rel=\"noopener noreferrer\" class=\"card-link\">Orde do d\u00eda<\/a><\/li><li><a href=\"https:\/\/esei.uvigo.es\/wp-content\/uploads\/actas\/comision-academica-do-mia\/2024\/02\/Acordos_22_02_2024_CAMIA_EXTRA-1.pdf\" target=\"_blank\" rel=\"noopener noreferrer\" class=\"card-link\">Acordos<\/a><\/li><\/ul><h4 class=\"uvigo_act_title mb-4\"><span class=\"uvigo_act_field_date text-secondary\">5 de February de 2024<\/span> <span class=\"uvigo_act_field_title\">Comisi\u00f3n Acad\u00e9mica do MIA Extraordinaria<\/span><\/h4><ul class=\"list-peak uvigo_act_documents\"><li><a href=\"https:\/\/esei.uvigo.es\/wp-content\/uploads\/actas\/comision-academica-do-mia\/2024\/02\/00_convocatoria_20240205_EXTRA_MIA.pdf\" target=\"_blank\" rel=\"noopener noreferrer\" class=\"card-link\">Orde do d\u00eda<\/a><\/li><li><a href=\"https:\/\/esei.uvigo.es\/wp-content\/uploads\/actas\/comision-academica-do-mia\/2024\/02\/Acordos_5_02_2024_CAMIA_EXTRA-1.pdf\" target=\"_blank\" rel=\"noopener noreferrer\" class=\"card-link\">Acordos<\/a><\/li><\/ul><\/div><\/div><\/div><div class=\"card\" ><div class=\"card-header\"><a class=\"collapse  collapsed\" data-toggle=\"collapse\" data-parent=\"#accordion0\" href=\"#collapse1\" aria-controls=\"collapse1\">Acordos 2023<\/a><\/div><div id=\"collapse1\" class=\"collapse\" role=\"tabpanel\" data-parent=\"#accordion0\"><div class=\"card-body\"><h4 class=\"uvigo_act_title mb-4\"><span class=\"uvigo_act_field_date text-secondary\">5 de May de 2023<\/span> <span class=\"uvigo_act_field_title\">Comisi\u00f3n Acad\u00e9mica do MIA Extraordinaria<\/span><\/h4><ul class=\"list-peak uvigo_act_documents\"><li><a href=\"https:\/\/esei.uvigo.es\/wp-content\/uploads\/actas\/comision-academica-do-mia\/2023\/05\/00_convocatoria_20230505_EXTRA_CAMIA.pdf\" target=\"_blank\" rel=\"noopener noreferrer\" class=\"card-link\">Orde do d\u00eda<\/a><\/li><li><a href=\"https:\/\/esei.uvigo.es\/wp-content\/uploads\/actas\/comision-academica-do-mia\/2023\/05\/Acordos_5_05_2023_CAMIA_EXTRA.pdf\" target=\"_blank\" rel=\"noopener noreferrer\" class=\"card-link\">Acordos<\/a><\/li><\/ul><h4 class=\"uvigo_act_title mb-4\"><span class=\"uvigo_act_field_date text-secondary\">16 de March de 2023<\/span> <span class=\"uvigo_act_field_title\">Comisi\u00f3n Acad\u00e9mica do MIA Ordinaria<\/span><\/h4><ul class=\"list-peak uvigo_act_documents\"><li><a href=\"https:\/\/esei.uvigo.es\/wp-content\/uploads\/actas\/comision-academica-do-mia\/2023\/03\/00_convocatoria_20230316_ORD_CAMIA.pdf\" target=\"_blank\" rel=\"noopener noreferrer\" class=\"card-link\">Orde do d\u00eda<\/a><\/li><li><a href=\"https:\/\/esei.uvigo.es\/wp-content\/uploads\/actas\/comision-academica-do-mia\/2023\/03\/Acordos_16_03_2023_CAMIA_ORD.pdf\" target=\"_blank\" rel=\"noopener noreferrer\" class=\"card-link\">Acordos<\/a><\/li><\/ul><\/div><\/div><\/div><div class=\"card\" ><div class=\"card-header\"><a class=\"collapse  collapsed\" data-toggle=\"collapse\" data-parent=\"#accordion0\" href=\"#collapse2\" aria-controls=\"collapse2\">Acordos 2022<\/a><\/div><div id=\"collapse2\" class=\"collapse\" role=\"tabpanel\" data-parent=\"#accordion0\"><div class=\"card-body\"><h4 class=\"uvigo_act_title mb-4\"><span class=\"uvigo_act_field_date text-secondary\">7 de September de 2022<\/span> <span class=\"uvigo_act_field_title\">Comisi\u00f3n Acad\u00e9mica do MIA Extraordinaria<\/span><\/h4><ul class=\"list-peak uvigo_act_documents\"><li><a href=\"https:\/\/esei.uvigo.es\/wp-content\/uploads\/actas\/comision-academica-do-mia\/2022\/09\/00_convocatoria_20220907_EXTRA_CAMIA.pdf\" target=\"_blank\" rel=\"noopener noreferrer\" class=\"card-link\">Orde do d\u00eda<\/a><\/li><li><a href=\"https:\/\/esei.uvigo.es\/wp-content\/uploads\/actas\/comision-academica-do-mia\/2022\/09\/Acordos_7_09_2022_CAMIA_EXTRA.pdf\" target=\"_blank\" rel=\"noopener noreferrer\" class=\"card-link\">Acordos<\/a><\/li><\/ul><\/div><\/div><\/div><\/div><\/div>\n","protected":false},"excerpt":{"rendered":"<p>Miembros Presidente Analia Mar\u00eda Garc\u00eda Louren\u00e7o (Coordinadora del M\u00e1ster) Secretaria M\u00aa Encarnaci\u00f3n Gonz\u00e1lez Rufino Vocales Arno Formella Alma Mar\u00eda G\u00f3mez Rodr\u00edguez Juan Carlos Gonz\u00e1lez Moreno &hellip; <a class=\"excerpt_more\" href=\"https:\/\/esei.uvigo.es\/es\/a-esei\/organos-de-goberno\/comision-academica-del-master-en-inteligencia-artificial\/\">Contin\u00faa<\/a><\/p>\n","protected":false},"author":7,"featured_media":0,"parent":22756,"menu_order":31,"comment_status":"closed","ping_status":"closed","template":"","meta":{"_acf_changed":false,"footnotes":""},"class_list":["post-25102","page","type-page","status-publish","hentry"],"acf":[],"yoast_head":"<!-- This site is optimized with the Yoast SEO plugin v27.6 - https:\/\/yoast.com\/product\/yoast-seo-wordpress\/ -->\n<title>Comisi\u00f3n Acad\u00e9mica del M\u00e1ster en Inteligencia Artificial | Escola Superior de Enxe\u00f1ar\u00eda Inform\u00e1tica<\/title>\n<meta name=\"robots\" content=\"index, follow, max-snippet:-1, max-image-preview:large, max-video-preview:-1\" \/>\n<link rel=\"canonical\" href=\"https:\/\/esei.uvigo.es\/es\/a-esei\/organos-de-goberno\/comision-academica-del-master-en-inteligencia-artificial\/\" \/>\n<meta property=\"og:locale\" content=\"es_ES\" \/>\n<meta property=\"og:type\" content=\"article\" \/>\n<meta property=\"og:title\" content=\"Comisi\u00f3n Acad\u00e9mica del M\u00e1ster en Inteligencia Artificial | Escola Superior de Enxe\u00f1ar\u00eda Inform\u00e1tica\" \/>\n<meta property=\"og:description\" content=\"Miembros Presidente Analia Mar\u00eda Garc\u00eda Louren\u00e7o (Coordinadora del M\u00e1ster) Secretaria M\u00aa Encarnaci\u00f3n Gonz\u00e1lez Rufino Vocales Arno Formella Alma Mar\u00eda G\u00f3mez Rodr\u00edguez Juan Carlos Gonz\u00e1lez Moreno &hellip; Contin\u00faa\" \/>\n<meta property=\"og:url\" content=\"https:\/\/esei.uvigo.es\/es\/a-esei\/organos-de-goberno\/comision-academica-del-master-en-inteligencia-artificial\/\" \/>\n<meta property=\"og:site_name\" content=\"Escola Superior de Enxe\u00f1ar\u00eda Inform\u00e1tica\" \/>\n<meta property=\"article:modified_time\" content=\"2025-12-10T12:37:23+00:00\" \/>\n<meta name=\"twitter:card\" content=\"summary_large_image\" \/>\n<meta name=\"twitter:label1\" content=\"Tiempo de lectura\" \/>\n\t<meta name=\"twitter:data1\" content=\"1 minuto\" \/>\n<script type=\"application\/ld+json\" class=\"yoast-schema-graph\">{\"@context\":\"https:\\\/\\\/schema.org\",\"@graph\":[{\"@type\":\"WebPage\",\"@id\":\"https:\\\/\\\/esei.uvigo.es\\\/es\\\/a-esei\\\/organos-de-goberno\\\/comision-academica-del-master-en-inteligencia-artificial\\\/\",\"url\":\"https:\\\/\\\/esei.uvigo.es\\\/es\\\/a-esei\\\/organos-de-goberno\\\/comision-academica-del-master-en-inteligencia-artificial\\\/\",\"name\":\"Comisi\u00f3n Acad\u00e9mica del M\u00e1ster en Inteligencia Artificial | Escola Superior de Enxe\u00f1ar\u00eda Inform\u00e1tica\",\"isPartOf\":{\"@id\":\"https:\\\/\\\/esei.uvigo.es\\\/es\\\/#website\"},\"datePublished\":\"2022-11-16T12:29:40+00:00\",\"dateModified\":\"2025-12-10T12:37:23+00:00\",\"breadcrumb\":{\"@id\":\"https:\\\/\\\/esei.uvigo.es\\\/es\\\/a-esei\\\/organos-de-goberno\\\/comision-academica-del-master-en-inteligencia-artificial\\\/#breadcrumb\"},\"inLanguage\":\"es\",\"potentialAction\":[{\"@type\":\"ReadAction\",\"target\":[\"https:\\\/\\\/esei.uvigo.es\\\/es\\\/a-esei\\\/organos-de-goberno\\\/comision-academica-del-master-en-inteligencia-artificial\\\/\"]}]},{\"@type\":\"BreadcrumbList\",\"@id\":\"https:\\\/\\\/esei.uvigo.es\\\/es\\\/a-esei\\\/organos-de-goberno\\\/comision-academica-del-master-en-inteligencia-artificial\\\/#breadcrumb\",\"itemListElement\":[{\"@type\":\"ListItem\",\"position\":1,\"name\":\"Portada\",\"item\":\"https:\\\/\\\/esei.uvigo.es\\\/es\\\/\"},{\"@type\":\"ListItem\",\"position\":2,\"name\":\"La ESEI\",\"item\":\"https:\\\/\\\/esei.uvigo.es\\\/es\\\/a-esei\\\/\"},{\"@type\":\"ListItem\",\"position\":3,\"name\":\"\u00d3rganos de gobierno\",\"item\":\"https:\\\/\\\/esei.uvigo.es\\\/es\\\/a-esei\\\/organos-de-goberno\\\/\"},{\"@type\":\"ListItem\",\"position\":4,\"name\":\"Comisi\u00f3n Acad\u00e9mica del M\u00e1ster en Inteligencia Artificial\"}]},{\"@type\":\"WebSite\",\"@id\":\"https:\\\/\\\/esei.uvigo.es\\\/es\\\/#website\",\"url\":\"https:\\\/\\\/esei.uvigo.es\\\/es\\\/\",\"name\":\"Escola Superior de Enxe\u00f1ar\u00eda Inform\u00e1tica\",\"description\":\"\",\"publisher\":{\"@id\":\"https:\\\/\\\/esei.uvigo.es\\\/es\\\/#organization\"},\"potentialAction\":[{\"@type\":\"SearchAction\",\"target\":{\"@type\":\"EntryPoint\",\"urlTemplate\":\"https:\\\/\\\/esei.uvigo.es\\\/es\\\/?s={search_term_string}\"},\"query-input\":{\"@type\":\"PropertyValueSpecification\",\"valueRequired\":true,\"valueName\":\"search_term_string\"}}],\"inLanguage\":\"es\"},{\"@type\":\"Organization\",\"@id\":\"https:\\\/\\\/esei.uvigo.es\\\/es\\\/#organization\",\"name\":\"Escola Superior de Enxe\u00f1ar\u00eda Inform\u00e1tica\",\"url\":\"https:\\\/\\\/esei.uvigo.es\\\/es\\\/\",\"logo\":{\"@type\":\"ImageObject\",\"inLanguage\":\"es\",\"@id\":\"https:\\\/\\\/esei.uvigo.es\\\/es\\\/#\\\/schema\\\/logo\\\/image\\\/\",\"url\":\"https:\\\/\\\/esei.uvigo.es\\\/wp-content\\\/uploads\\\/2019\\\/09\\\/esei.png\",\"contentUrl\":\"https:\\\/\\\/esei.uvigo.es\\\/wp-content\\\/uploads\\\/2019\\\/09\\\/esei.png\",\"width\":579,\"height\":98,\"caption\":\"Escola Superior de Enxe\u00f1ar\u00eda Inform\u00e1tica\"},\"image\":{\"@id\":\"https:\\\/\\\/esei.uvigo.es\\\/es\\\/#\\\/schema\\\/logo\\\/image\\\/\"}}]}<\/script>\n<!-- \/ Yoast SEO plugin. -->","yoast_head_json":{"title":"Comisi\u00f3n Acad\u00e9mica del M\u00e1ster en Inteligencia Artificial | Escola Superior de Enxe\u00f1ar\u00eda Inform\u00e1tica","robots":{"index":"index","follow":"follow","max-snippet":"max-snippet:-1","max-image-preview":"max-image-preview:large","max-video-preview":"max-video-preview:-1"},"canonical":"https:\/\/esei.uvigo.es\/es\/a-esei\/organos-de-goberno\/comision-academica-del-master-en-inteligencia-artificial\/","og_locale":"es_ES","og_type":"article","og_title":"Comisi\u00f3n Acad\u00e9mica del M\u00e1ster en Inteligencia Artificial | Escola Superior de Enxe\u00f1ar\u00eda Inform\u00e1tica","og_description":"Miembros Presidente Analia Mar\u00eda Garc\u00eda Louren\u00e7o (Coordinadora del M\u00e1ster) Secretaria M\u00aa Encarnaci\u00f3n Gonz\u00e1lez Rufino Vocales Arno Formella Alma Mar\u00eda G\u00f3mez Rodr\u00edguez Juan Carlos Gonz\u00e1lez Moreno &hellip; Contin\u00faa","og_url":"https:\/\/esei.uvigo.es\/es\/a-esei\/organos-de-goberno\/comision-academica-del-master-en-inteligencia-artificial\/","og_site_name":"Escola Superior de Enxe\u00f1ar\u00eda Inform\u00e1tica","article_modified_time":"2025-12-10T12:37:23+00:00","twitter_card":"summary_large_image","twitter_misc":{"Tiempo de lectura":"1 minuto"},"schema":{"@context":"https:\/\/schema.org","@graph":[{"@type":"WebPage","@id":"https:\/\/esei.uvigo.es\/es\/a-esei\/organos-de-goberno\/comision-academica-del-master-en-inteligencia-artificial\/","url":"https:\/\/esei.uvigo.es\/es\/a-esei\/organos-de-goberno\/comision-academica-del-master-en-inteligencia-artificial\/","name":"Comisi\u00f3n Acad\u00e9mica del M\u00e1ster en Inteligencia Artificial | Escola Superior de Enxe\u00f1ar\u00eda Inform\u00e1tica","isPartOf":{"@id":"https:\/\/esei.uvigo.es\/es\/#website"},"datePublished":"2022-11-16T12:29:40+00:00","dateModified":"2025-12-10T12:37:23+00:00","breadcrumb":{"@id":"https:\/\/esei.uvigo.es\/es\/a-esei\/organos-de-goberno\/comision-academica-del-master-en-inteligencia-artificial\/#breadcrumb"},"inLanguage":"es","potentialAction":[{"@type":"ReadAction","target":["https:\/\/esei.uvigo.es\/es\/a-esei\/organos-de-goberno\/comision-academica-del-master-en-inteligencia-artificial\/"]}]},{"@type":"BreadcrumbList","@id":"https:\/\/esei.uvigo.es\/es\/a-esei\/organos-de-goberno\/comision-academica-del-master-en-inteligencia-artificial\/#breadcrumb","itemListElement":[{"@type":"ListItem","position":1,"name":"Portada","item":"https:\/\/esei.uvigo.es\/es\/"},{"@type":"ListItem","position":2,"name":"La ESEI","item":"https:\/\/esei.uvigo.es\/es\/a-esei\/"},{"@type":"ListItem","position":3,"name":"\u00d3rganos de gobierno","item":"https:\/\/esei.uvigo.es\/es\/a-esei\/organos-de-goberno\/"},{"@type":"ListItem","position":4,"name":"Comisi\u00f3n Acad\u00e9mica del M\u00e1ster en Inteligencia Artificial"}]},{"@type":"WebSite","@id":"https:\/\/esei.uvigo.es\/es\/#website","url":"https:\/\/esei.uvigo.es\/es\/","name":"Escola Superior de Enxe\u00f1ar\u00eda Inform\u00e1tica","description":"","publisher":{"@id":"https:\/\/esei.uvigo.es\/es\/#organization"},"potentialAction":[{"@type":"SearchAction","target":{"@type":"EntryPoint","urlTemplate":"https:\/\/esei.uvigo.es\/es\/?s={search_term_string}"},"query-input":{"@type":"PropertyValueSpecification","valueRequired":true,"valueName":"search_term_string"}}],"inLanguage":"es"},{"@type":"Organization","@id":"https:\/\/esei.uvigo.es\/es\/#organization","name":"Escola Superior de Enxe\u00f1ar\u00eda Inform\u00e1tica","url":"https:\/\/esei.uvigo.es\/es\/","logo":{"@type":"ImageObject","inLanguage":"es","@id":"https:\/\/esei.uvigo.es\/es\/#\/schema\/logo\/image\/","url":"https:\/\/esei.uvigo.es\/wp-content\/uploads\/2019\/09\/esei.png","contentUrl":"https:\/\/esei.uvigo.es\/wp-content\/uploads\/2019\/09\/esei.png","width":579,"height":98,"caption":"Escola Superior de Enxe\u00f1ar\u00eda Inform\u00e1tica"},"image":{"@id":"https:\/\/esei.uvigo.es\/es\/#\/schema\/logo\/image\/"}}]}},"_links":{"self":[{"href":"https:\/\/esei.uvigo.es\/es\/wp-json\/wp\/v2\/pages\/25102","targetHints":{"allow":["GET"]}}],"collection":[{"href":"https:\/\/esei.uvigo.es\/es\/wp-json\/wp\/v2\/pages"}],"about":[{"href":"https:\/\/esei.uvigo.es\/es\/wp-json\/wp\/v2\/types\/page"}],"author":[{"embeddable":true,"href":"https:\/\/esei.uvigo.es\/es\/wp-json\/wp\/v2\/users\/7"}],"replies":[{"embeddable":true,"href":"https:\/\/esei.uvigo.es\/es\/wp-json\/wp\/v2\/comments?post=25102"}],"version-history":[{"count":8,"href":"https:\/\/esei.uvigo.es\/es\/wp-json\/wp\/v2\/pages\/25102\/revisions"}],"predecessor-version":[{"id":29627,"href":"https:\/\/esei.uvigo.es\/es\/wp-json\/wp\/v2\/pages\/25102\/revisions\/29627"}],"up":[{"embeddable":true,"href":"https:\/\/esei.uvigo.es\/es\/wp-json\/wp\/v2\/pages\/22756"}],"wp:attachment":[{"href":"https:\/\/esei.uvigo.es\/es\/wp-json\/wp\/v2\/media?parent=25102"}],"curies":[{"name":"wp","href":"https:\/\/api.w.org\/{rel}","templated":true}]}}