{"id":24664,"date":"2022-10-10T18:32:37","date_gmt":"2022-10-10T16:32:37","guid":{"rendered":"https:\/\/esei.uvigo.es\/estudos\/programa-conxunto-ade-ei\/reconecemento-de-creditos-e-adaptacions\/"},"modified":"2026-03-12T18:04:56","modified_gmt":"2026-03-12T17:04:56","slug":"reconecemento-de-creditos-e-adaptacions","status":"publish","type":"page","link":"https:\/\/esei.uvigo.es\/es\/estudos\/programa-conxunto-ade-ei\/reconecemento-de-creditos-e-adaptacions\/","title":{"rendered":"Reconocimiento de Cr\u00e9ditos y Adaptaciones"},"content":{"rendered":"<h3>Acceso v\u00eda 30 cr\u00e9ditos<\/h3>\n<p>Seg\u00fan la <a href=\"http:\/\/secxeral.uvigo.es\/opencms\/export\/sites\/secxeral\/sites\/default\/microsites\/sxeral\/Normativa\/Uvigo\/23-06-15_Admisixn_a_Grao_estudantes_UVigo-Outras_APROBADO.pdf\" target=\"_blank\" rel=\"noopener noreferrer\">Normativa de Acceso a los estudios oficiales de Grado<\/a>, es posible acceder a cualquier titulaci\u00f3n de Grado siempre que se cumpla el siguiente requisito:<\/p>\n<ul class=\"list-peak\">\n<li>Que se reconozcan, al menos, 30 cr\u00e9ditos en el estudio de Grado en el que se solicita la admisi\u00f3n<\/li>\n<\/ul>\n<p>Plazas: 5<\/p>\n<p>Orden de adjudicaci\u00f3n (para todos los que cumplan los requisitos de admisi\u00f3n):<\/p>\n<ul class=\"list-peak\">\n<li>Nota media del expediente acad\u00e9mico, calculada seg\u00fan el protocolo del Sistema Universitario Gallego de acuerdo con el sistema establecido en el RD 1125\/2003<\/li>\n<li>Mayor n\u00famero de cr\u00e9ditos reconocidos<\/li>\n<\/ul>\n<h3>Adaptaci\u00f3n al Grado desde titulaciones LRU<\/h3>\n<p>Si est\u00e1s estudiando o estudiaste en la ESEI las titulaciones de Ingenier\u00eda T\u00e9cnica en Inform\u00e1tica de Gesti\u00f3n, o Ingenier\u00eda en Inform\u00e1tica (segundo ciclo) y est\u00e1s interesado en adaptar tus estudios al Grado en Ingenier\u00eda Inform\u00e1tica, es importante que consultes las siguientes tablas de reconocimiento de cr\u00e9ditos, para que conozcas las equivalencias entre las materias de tu titulaci\u00f3n de origen y la del Grado:<\/p>\n<ul class=\"list-peak\">\n<li>Reconocimiento de cr\u00e9ditos para la E.T. en Inform\u00e1tica de Gesti\u00f3n por la Universidad de Vigo (<a href=\"https:\/\/esei.uvigo.es\/documentos\/grado-reconecemento-de-creditos-etix\/\" target=\"_blank\" rel=\"noopener noreferrer\">pdf<\/a>)<\/li>\n<li>Reconocimiento de cr\u00e9ditos para la Ingenier\u00eda en Inform\u00e1tica por la Universidad de Vigo (<a href=\"https:\/\/esei.uvigo.es\/documentos\/grado-reconecemento-de-creditos-ei\/\" target=\"_blank\" rel=\"noopener noreferrer\">pdf<\/a>)<\/li>\n<\/ul>\n<p>Si perteneces a planes antiguos de la E.T. en Inform\u00e1tica de Gesti\u00f3n, estas son las tablas que debes consultar:<\/p>\n<ul class=\"list-peak\">\n<li>Reconocimiento de cr\u00e9ditos para la E.T. en Inform\u00e1tica de Gesti\u00f3n por la Universidad de Vigo, Plan 10 (<a href=\"https:\/\/esei.uvigo.es\/documentos\/grado-reconecemento-de-creditos-pan-10\/\" target=\"_blank\" rel=\"noopener noreferrer\">pdf<\/a>)<\/li>\n<li>Reconocimiento de cr\u00e9ditos para la E.T. en Inform\u00e1tica de Gesti\u00f3n por la Universidad de Vigo, Plan 11 (<a href=\"https:\/\/esei.uvigo.es\/documentos\/grado-reconecemento-de-creditos-pan-11\/\" target=\"_blank\" rel=\"noopener noreferrer\">pdf<\/a>)<\/li>\n<\/ul>\n<h3>Tengo experiencia profesional. \u00bfSe me reconocer\u00e1n cr\u00e9ditos por ella?<\/h3>\n<p>S\u00ed, se podr\u00e1n reconocer hasta 12 ECTS por experiencia profesional. La Comisi\u00f3n de Reconocimiento de Cr\u00e9ditos y Adaptaciones de la ESEI ser\u00e1 la responsable de fijar los criterios de reconocimiento de la experiencia profesional, atendiendo a la siguiente tabla:<\/p>\n<table border=\"0\" width=\"349\" cellspacing=\"0\" cellpadding=\"0\">\n<tbody>\n<tr>\n<td width=\"117\"><strong>EXPERIENCIA PROFESIONAL<\/strong><\/td>\n<td width=\"92\"><strong>RECONOCIMIENTO<\/strong><\/td>\n<\/tr>\n<tr>\n<td width=\"117\">300 &#8211; 599 horas<\/td>\n<td width=\"92\">Pr\u00e1cticas en Empresa I (6 ECTS)<\/td>\n<\/tr>\n<tr>\n<td width=\"117\">600 horas ou m\u00e1is<\/td>\n<td width=\"92\">Pr\u00e1cticas en Empresa II (12 ECTS)<\/td>\n<\/tr>\n<\/tbody>\n<\/table>\n<h3>Reconocimiento de cr\u00e9ditos por otras actividades<\/h3>\n<p>Seg\u00fan lo establecido por la normativa de la Universidad de Vigo, el alumnado podr\u00e1 obtener reconocimiento acad\u00e9mico en cr\u00e9ditos por la participaci\u00f3n en actividades universitarias culturales, deportivas, de representaci\u00f3n estudiantil, solidarias y de cooperaci\u00f3n, hasta un m\u00e1ximo de 6 cr\u00e9ditos del total del plan de estudios. Estos cr\u00e9ditos si detraer\u00e1n del c\u00f3mputo de cr\u00e9ditos optativos a cursar (<a href=\"https:\/\/secretaria.uvigo.gal\/uv\/web\/normativa\/public\/show\/681\" target=\"_blank\" rel=\"noopener noreferrer\">m\u00e1s info<\/a>).<\/p>\n<h3>Reconocimiento para titulaciones en formaci\u00f3n profesional de grado superior<\/h3>\n<p><em><strong>El cat\u00e1logo de cr\u00e9ditos y materias reconocidas en las titulaciones universitarias oficiales de Grado para los titulados en formaci\u00f3n profesional de Grado superior<\/strong><\/em> est\u00e1 disponible para su consulta en la correspondiente p\u00e1gina de la <strong><a href=\"http:\/\/www.edu.xunta.es\/fp\/validacions-ciclos-superiores-fp-estudos-universitarios\" target=\"_blank\" rel=\"noopener noreferrer\">Xunta &#8211; Validaciones ciclos superiores de FP y estudios universitarios<\/a><\/strong><\/p>\n<h3>Reconocimientos concedidos al Grado en Ingenier\u00eda Inform\u00e1tica*<\/h3>\n<p>* La informaci\u00f3n tiene car\u00e1cter orientativo. El reconocimiento de cr\u00e9ditos es competencia de la Comisi\u00f3n correspondiente.<\/p>\n<ul>\n<li><a href=\"https:\/\/esei.uvigo.es\/wp-content\/uploads\/documentos\/estudos\/grado\/TABLA-RECONECEMENTOS-OUTRAS-TITULACIONS_UniversidadesNacionales_1_08_2021.pdf\" target=\"_blank\" rel=\"noopener noreferrer\">Procedentes de Universidades Nacionales<\/a><\/li>\n<li><a href=\"https:\/\/esei.uvigo.es\/es\/tabla-reconecementos-outras-titulacions_universidadesinternacionales_25_05_2021-2\/\" target=\"_blank\" rel=\"noopener noreferrer\">Procedentes de Universidades Internacionales<\/a><\/li>\n<\/ul>\n","protected":false},"excerpt":{"rendered":"<p>Acceso v\u00eda 30 cr\u00e9ditos Seg\u00fan la Normativa de Acceso a los estudios oficiales de Grado, es posible acceder a cualquier titulaci\u00f3n de Grado siempre que &hellip; <a class=\"excerpt_more\" href=\"https:\/\/esei.uvigo.es\/es\/estudos\/programa-conxunto-ade-ei\/reconecemento-de-creditos-e-adaptacions\/\">Contin\u00faa<\/a><\/p>\n","protected":false},"author":1,"featured_media":0,"parent":22866,"menu_order":0,"comment_status":"closed","ping_status":"closed","template":"","meta":{"_acf_changed":false,"footnotes":""},"class_list":["post-24664","page","type-page","status-publish","hentry"],"acf":[],"yoast_head":"<!-- This site is optimized with the Yoast SEO plugin v27.6 - https:\/\/yoast.com\/product\/yoast-seo-wordpress\/ -->\n<title>Reconocimiento de Cr\u00e9ditos y Adaptaciones | Escola Superior de Enxe\u00f1ar\u00eda Inform\u00e1tica<\/title>\n<meta name=\"robots\" content=\"index, follow, max-snippet:-1, max-image-preview:large, max-video-preview:-1\" \/>\n<link rel=\"canonical\" href=\"https:\/\/esei.uvigo.es\/es\/estudos\/programa-conxunto-ade-ei\/reconecemento-de-creditos-e-adaptacions\/\" \/>\n<meta property=\"og:locale\" content=\"es_ES\" \/>\n<meta property=\"og:type\" content=\"article\" \/>\n<meta property=\"og:title\" content=\"Reconocimiento de Cr\u00e9ditos y Adaptaciones | Escola Superior de Enxe\u00f1ar\u00eda Inform\u00e1tica\" \/>\n<meta property=\"og:description\" content=\"Acceso v\u00eda 30 cr\u00e9ditos Seg\u00fan la Normativa de Acceso a los estudios oficiales de Grado, es posible acceder a cualquier titulaci\u00f3n de Grado siempre que &hellip; Contin\u00faa\" \/>\n<meta property=\"og:url\" content=\"https:\/\/esei.uvigo.es\/es\/estudos\/programa-conxunto-ade-ei\/reconecemento-de-creditos-e-adaptacions\/\" \/>\n<meta property=\"og:site_name\" content=\"Escola Superior de Enxe\u00f1ar\u00eda Inform\u00e1tica\" \/>\n<meta property=\"article:modified_time\" content=\"2026-03-12T17:04:56+00:00\" \/>\n<meta name=\"twitter:card\" content=\"summary_large_image\" \/>\n<meta name=\"twitter:label1\" content=\"Tiempo de lectura\" \/>\n\t<meta name=\"twitter:data1\" content=\"3 minutos\" \/>\n<script type=\"application\/ld+json\" class=\"yoast-schema-graph\">{\"@context\":\"https:\\\/\\\/schema.org\",\"@graph\":[{\"@type\":\"WebPage\",\"@id\":\"https:\\\/\\\/esei.uvigo.es\\\/es\\\/estudos\\\/programa-conxunto-ade-ei\\\/reconecemento-de-creditos-e-adaptacions\\\/\",\"url\":\"https:\\\/\\\/esei.uvigo.es\\\/es\\\/estudos\\\/programa-conxunto-ade-ei\\\/reconecemento-de-creditos-e-adaptacions\\\/\",\"name\":\"Reconocimiento de Cr\u00e9ditos y Adaptaciones | Escola Superior de Enxe\u00f1ar\u00eda Inform\u00e1tica\",\"isPartOf\":{\"@id\":\"https:\\\/\\\/esei.uvigo.es\\\/es\\\/#website\"},\"datePublished\":\"2022-10-10T16:32:37+00:00\",\"dateModified\":\"2026-03-12T17:04:56+00:00\",\"breadcrumb\":{\"@id\":\"https:\\\/\\\/esei.uvigo.es\\\/es\\\/estudos\\\/programa-conxunto-ade-ei\\\/reconecemento-de-creditos-e-adaptacions\\\/#breadcrumb\"},\"inLanguage\":\"es\",\"potentialAction\":[{\"@type\":\"ReadAction\",\"target\":[\"https:\\\/\\\/esei.uvigo.es\\\/es\\\/estudos\\\/programa-conxunto-ade-ei\\\/reconecemento-de-creditos-e-adaptacions\\\/\"]}]},{\"@type\":\"BreadcrumbList\",\"@id\":\"https:\\\/\\\/esei.uvigo.es\\\/es\\\/estudos\\\/programa-conxunto-ade-ei\\\/reconecemento-de-creditos-e-adaptacions\\\/#breadcrumb\",\"itemListElement\":[{\"@type\":\"ListItem\",\"position\":1,\"name\":\"Portada\",\"item\":\"https:\\\/\\\/esei.uvigo.es\\\/es\\\/\"},{\"@type\":\"ListItem\",\"position\":2,\"name\":\"Estudios\",\"item\":\"https:\\\/\\\/esei.uvigo.es\\\/es\\\/estudos\\\/\"},{\"@type\":\"ListItem\",\"position\":3,\"name\":\"Programa Conjunto ADE + EI\",\"item\":\"https:\\\/\\\/esei.uvigo.es\\\/es\\\/estudos\\\/programa-conxunto-ade-ei\\\/\"},{\"@type\":\"ListItem\",\"position\":4,\"name\":\"Reconocimiento de Cr\u00e9ditos y Adaptaciones\"}]},{\"@type\":\"WebSite\",\"@id\":\"https:\\\/\\\/esei.uvigo.es\\\/es\\\/#website\",\"url\":\"https:\\\/\\\/esei.uvigo.es\\\/es\\\/\",\"name\":\"Escola Superior de Enxe\u00f1ar\u00eda Inform\u00e1tica\",\"description\":\"\",\"publisher\":{\"@id\":\"https:\\\/\\\/esei.uvigo.es\\\/es\\\/#organization\"},\"potentialAction\":[{\"@type\":\"SearchAction\",\"target\":{\"@type\":\"EntryPoint\",\"urlTemplate\":\"https:\\\/\\\/esei.uvigo.es\\\/es\\\/?s={search_term_string}\"},\"query-input\":{\"@type\":\"PropertyValueSpecification\",\"valueRequired\":true,\"valueName\":\"search_term_string\"}}],\"inLanguage\":\"es\"},{\"@type\":\"Organization\",\"@id\":\"https:\\\/\\\/esei.uvigo.es\\\/es\\\/#organization\",\"name\":\"Escola Superior de Enxe\u00f1ar\u00eda Inform\u00e1tica\",\"url\":\"https:\\\/\\\/esei.uvigo.es\\\/es\\\/\",\"logo\":{\"@type\":\"ImageObject\",\"inLanguage\":\"es\",\"@id\":\"https:\\\/\\\/esei.uvigo.es\\\/es\\\/#\\\/schema\\\/logo\\\/image\\\/\",\"url\":\"https:\\\/\\\/esei.uvigo.es\\\/wp-content\\\/uploads\\\/2019\\\/09\\\/esei.png\",\"contentUrl\":\"https:\\\/\\\/esei.uvigo.es\\\/wp-content\\\/uploads\\\/2019\\\/09\\\/esei.png\",\"width\":579,\"height\":98,\"caption\":\"Escola Superior de Enxe\u00f1ar\u00eda Inform\u00e1tica\"},\"image\":{\"@id\":\"https:\\\/\\\/esei.uvigo.es\\\/es\\\/#\\\/schema\\\/logo\\\/image\\\/\"}}]}<\/script>\n<!-- \/ Yoast SEO plugin. -->","yoast_head_json":{"title":"Reconocimiento de Cr\u00e9ditos y Adaptaciones | Escola Superior de Enxe\u00f1ar\u00eda Inform\u00e1tica","robots":{"index":"index","follow":"follow","max-snippet":"max-snippet:-1","max-image-preview":"max-image-preview:large","max-video-preview":"max-video-preview:-1"},"canonical":"https:\/\/esei.uvigo.es\/es\/estudos\/programa-conxunto-ade-ei\/reconecemento-de-creditos-e-adaptacions\/","og_locale":"es_ES","og_type":"article","og_title":"Reconocimiento de Cr\u00e9ditos y Adaptaciones | Escola Superior de Enxe\u00f1ar\u00eda Inform\u00e1tica","og_description":"Acceso v\u00eda 30 cr\u00e9ditos Seg\u00fan la Normativa de Acceso a los estudios oficiales de Grado, es posible acceder a cualquier titulaci\u00f3n de Grado siempre que &hellip; Contin\u00faa","og_url":"https:\/\/esei.uvigo.es\/es\/estudos\/programa-conxunto-ade-ei\/reconecemento-de-creditos-e-adaptacions\/","og_site_name":"Escola Superior de Enxe\u00f1ar\u00eda Inform\u00e1tica","article_modified_time":"2026-03-12T17:04:56+00:00","twitter_card":"summary_large_image","twitter_misc":{"Tiempo de lectura":"3 minutos"},"schema":{"@context":"https:\/\/schema.org","@graph":[{"@type":"WebPage","@id":"https:\/\/esei.uvigo.es\/es\/estudos\/programa-conxunto-ade-ei\/reconecemento-de-creditos-e-adaptacions\/","url":"https:\/\/esei.uvigo.es\/es\/estudos\/programa-conxunto-ade-ei\/reconecemento-de-creditos-e-adaptacions\/","name":"Reconocimiento de Cr\u00e9ditos y Adaptaciones | Escola Superior de Enxe\u00f1ar\u00eda Inform\u00e1tica","isPartOf":{"@id":"https:\/\/esei.uvigo.es\/es\/#website"},"datePublished":"2022-10-10T16:32:37+00:00","dateModified":"2026-03-12T17:04:56+00:00","breadcrumb":{"@id":"https:\/\/esei.uvigo.es\/es\/estudos\/programa-conxunto-ade-ei\/reconecemento-de-creditos-e-adaptacions\/#breadcrumb"},"inLanguage":"es","potentialAction":[{"@type":"ReadAction","target":["https:\/\/esei.uvigo.es\/es\/estudos\/programa-conxunto-ade-ei\/reconecemento-de-creditos-e-adaptacions\/"]}]},{"@type":"BreadcrumbList","@id":"https:\/\/esei.uvigo.es\/es\/estudos\/programa-conxunto-ade-ei\/reconecemento-de-creditos-e-adaptacions\/#breadcrumb","itemListElement":[{"@type":"ListItem","position":1,"name":"Portada","item":"https:\/\/esei.uvigo.es\/es\/"},{"@type":"ListItem","position":2,"name":"Estudios","item":"https:\/\/esei.uvigo.es\/es\/estudos\/"},{"@type":"ListItem","position":3,"name":"Programa Conjunto ADE + EI","item":"https:\/\/esei.uvigo.es\/es\/estudos\/programa-conxunto-ade-ei\/"},{"@type":"ListItem","position":4,"name":"Reconocimiento de Cr\u00e9ditos y Adaptaciones"}]},{"@type":"WebSite","@id":"https:\/\/esei.uvigo.es\/es\/#website","url":"https:\/\/esei.uvigo.es\/es\/","name":"Escola Superior de Enxe\u00f1ar\u00eda Inform\u00e1tica","description":"","publisher":{"@id":"https:\/\/esei.uvigo.es\/es\/#organization"},"potentialAction":[{"@type":"SearchAction","target":{"@type":"EntryPoint","urlTemplate":"https:\/\/esei.uvigo.es\/es\/?s={search_term_string}"},"query-input":{"@type":"PropertyValueSpecification","valueRequired":true,"valueName":"search_term_string"}}],"inLanguage":"es"},{"@type":"Organization","@id":"https:\/\/esei.uvigo.es\/es\/#organization","name":"Escola Superior de Enxe\u00f1ar\u00eda Inform\u00e1tica","url":"https:\/\/esei.uvigo.es\/es\/","logo":{"@type":"ImageObject","inLanguage":"es","@id":"https:\/\/esei.uvigo.es\/es\/#\/schema\/logo\/image\/","url":"https:\/\/esei.uvigo.es\/wp-content\/uploads\/2019\/09\/esei.png","contentUrl":"https:\/\/esei.uvigo.es\/wp-content\/uploads\/2019\/09\/esei.png","width":579,"height":98,"caption":"Escola Superior de Enxe\u00f1ar\u00eda Inform\u00e1tica"},"image":{"@id":"https:\/\/esei.uvigo.es\/es\/#\/schema\/logo\/image\/"}}]}},"_links":{"self":[{"href":"https:\/\/esei.uvigo.es\/es\/wp-json\/wp\/v2\/pages\/24664","targetHints":{"allow":["GET"]}}],"collection":[{"href":"https:\/\/esei.uvigo.es\/es\/wp-json\/wp\/v2\/pages"}],"about":[{"href":"https:\/\/esei.uvigo.es\/es\/wp-json\/wp\/v2\/types\/page"}],"author":[{"embeddable":true,"href":"https:\/\/esei.uvigo.es\/es\/wp-json\/wp\/v2\/users\/1"}],"replies":[{"embeddable":true,"href":"https:\/\/esei.uvigo.es\/es\/wp-json\/wp\/v2\/comments?post=24664"}],"version-history":[{"count":2,"href":"https:\/\/esei.uvigo.es\/es\/wp-json\/wp\/v2\/pages\/24664\/revisions"}],"predecessor-version":[{"id":30183,"href":"https:\/\/esei.uvigo.es\/es\/wp-json\/wp\/v2\/pages\/24664\/revisions\/30183"}],"up":[{"embeddable":true,"href":"https:\/\/esei.uvigo.es\/es\/wp-json\/wp\/v2\/pages\/22866"}],"wp:attachment":[{"href":"https:\/\/esei.uvigo.es\/es\/wp-json\/wp\/v2\/media?parent=24664"}],"curies":[{"name":"wp","href":"https:\/\/api.w.org\/{rel}","templated":true}]}}