{"id":24585,"date":"2022-06-21T21:00:04","date_gmt":"2022-06-21T19:00:04","guid":{"rendered":"https:\/\/esei.uvigo.es\/estudos\/master-universitario-en-intelixencia-artificial\/transferencia-e-reconecemento-de-creditos\/"},"modified":"2026-03-12T18:33:35","modified_gmt":"2026-03-12T17:33:35","slug":"transferencia-e-reconecemento-de-creditos","status":"publish","type":"page","link":"https:\/\/esei.uvigo.es\/es\/estudos\/master-universitario-en-intelixencia-artificial\/transferencia-e-reconecemento-de-creditos\/","title":{"rendered":"Reconocimiento de cr\u00e9ditos y adaptaciones"},"content":{"rendered":"<p>El Consejo de Gobierno de la Universidad de Vigo aprob\u00f3 en su sesi\u00f3n del 25\/06\/2025 el Reglamento de reconocimiento y transferencia de cr\u00e9ditos acad\u00e9micos en las titulaciones oficiales de grado y de m\u00e1ster de la Universidade de Vigo\u00bb (<a href=\"https:\/\/secretaria.uvigo.gal\/uv\/web\/normativa\/public\/show\/681\" target=\"_blank\" rel=\"noopener\">ver m\u00e1s<\/a>).<\/p>\n<p>Este reglamento tiene por objeto establecer la normativa aplicable al reconocimiento y a la transferencia de cr\u00e9ditos en las ense\u00f1anzas oficiales de grado y de m\u00e1ster universitario en la Universidade de Vigo, de acuerdo con lo previsto en el Real decreto 822\/2021, de 28 de septiembre, por lo que se establece la organizaci\u00f3n de las ense\u00f1anzas universitarias y del procedimiento de aseguramiento de su calidad.<\/p>\n<p>Con car\u00e1cter general, el procedimiento para el reconocimiento de cr\u00e9ditos se iniciar\u00e1 a petici\u00f3n de la persona interesada, quien presentar\u00e1 una solicitud en la Secretar\u00eda de Alumnado del Centro de adscripci\u00f3n de la titulaci\u00f3n, dirigida a la Comisi\u00f3n Acad\u00e9mica del Master, dentro de los plazos previstos al efecto. El reconocimiento tambi\u00e9n se podr\u00e1 realizar de oficio por la administraci\u00f3n en aquellos supuestos a los que se refiere el art\u00edculo 4.3: <em>La Universidad podr\u00e1 reconocer directamente, o mediante convenios, titulaciones extranjeras que den acceso a titulaciones oficiales de la Universidad de Vigo, o establecer en esos convenios el reconocimiento parcial de estudios extranjeros. La Universidad de Vigo difundir\u00e1 de forma adecuada esos convenios.<\/em><\/p>\n<div id=\"accordion0\" class=\"accordion \" role=\"tablist\" aria-multiselectable=\"true\" >\n<div class=\"card\" >\n<div class=\"card-header\"><a class=\"collapse  collapsed\" data-toggle=\"collapse\" data-parent=\"#accordion0\" href=\"#collapse0\" aria-controls=\"collapse0\"> Reconocimiento y transferencia de cr\u00e9ditos <\/a><\/div>\n<div id=\"collapse0\" class=\"collapse\" role=\"tabpanel\" data-parent=\"#accordion0\"><div class=\"card-body\">\n<p class=\"card-text\">La unidad de reconocimiento y transferencia ser\u00e1n los cr\u00e9ditos, que integran materias, materias o m\u00f3dulos completos. En el expediente del estudiante aparecer\u00e1n como cr\u00e9ditos reconocidos o transferidos.<br>\nLa transferencia de cr\u00e9ditos supone que, en los documentos acad\u00e9micos oficiales acreditativos de las ense\u00f1anzas seguidas por cada estudiante, se incluir\u00e1n la totalidad de los cr\u00e9ditos obtenidos en ense\u00f1anzas oficiales cursadas con anterioridad en otra universidad y que no condujeran a la obtenci\u00f3n de un t\u00edtulo oficial.<br>\nTodos los cr\u00e9ditos que obtenga el estudiante en ense\u00f1anzas oficiales cursados en cualquier universidad: los que supere para la obtenci\u00f3n del correspondiente t\u00edtulo, los reconocidos y los transferidos, ser\u00e1n incluidos en su expediente acad\u00e9mico y reflejados en el Suplemento Europeo al T\u00edtulo.<\/p>\n<\/div><\/div>\n<\/div>\n<div class=\"card\" >\n<div class=\"card-header\"><a class=\"collapse  collapsed\" data-toggle=\"collapse\" data-parent=\"#accordion0\" href=\"#collapse1\" aria-controls=\"collapse1\"> Criterios de reconocimiento de cr\u00e9ditos <\/a><\/div>\n<div id=\"collapse1\" class=\"collapse\" role=\"tabpanel\" data-parent=\"#accordion0\"><div class=\"card-body\">\n<p class=\"card-text\">Los criterios generales de reconocimiento de cr\u00e9ditos son aquellos que fije el Gobierno de cada Universidad. Las universidades, mediante la normativa de aplicaci\u00f3n y las resoluciones rectorales que la desarrollen, establecer\u00e1n el sistema para el reconocimiento de estos cr\u00e9ditos.<\/p>\n<p class=\"card-text\">La Comisi\u00f3n Acad\u00e9mica de la titulaci\u00f3n establecer\u00e1 las equivalencias entre estudios superados en otras universidades y los que puedan ser reconocidos en el plan de estudios. Asimismo, podr\u00e1 establecer tablas de equivalencia especificando los cr\u00e9ditos que se reconocen.<\/p>\n<p class=\"card-text\">No se contempla el reconocimiento de cr\u00e9ditos cursados en el \u00e1mbito de la educaci\u00f3n superior no universitaria ni en t\u00edtulos propios.<\/p>\n<p class=\"card-text\">La experiencia laboral y profesional acreditada podr\u00e1 ser tambi\u00e9n reconocida en forma de cr\u00e9ditos, siempre que confieran, por lo menos, el 75% de las competencias de las materias por las que se quiere obtener reconocimiento de cr\u00e9ditos. La Comisi\u00f3n Acad\u00e9mica determinar\u00e1 el per\u00edodo m\u00ednimo de tiempo acreditado de experiencia laboral o profesional requerido para obtener el reconocimiento de cr\u00e9ditos solicitado, pero en ning\u00fan caso podr\u00e1 ser inferior a 6 meses. La Comisi\u00f3n Acad\u00e9mica valorar\u00e1 y aprobar\u00e1, si es el caso, las solicitudes de reconocimiento de cr\u00e9ditos, previo informe del profesorado que imparte las materias y a la vista de la documentaci\u00f3n que presenten los solicitantes que, como m\u00ednimo, ha de ser: copia de la vida laboral o contrato laboral y certificado de la empresa donde consten las funciones y tareas que realiza o realiz\u00f3 en el puesto de trabajo. El n\u00famero de cr\u00e9ditos que pueden ser objeto de reconocimiento a partir de experiencia profesional o laboral no podr\u00e1 ser superior al 15% de los cr\u00e9ditos totales del t\u00edtulo.<\/p>\n<\/div><\/div>\n<\/div>\n<div class=\"card\" >\n<div class=\"card-header\"><a class=\"collapse  collapsed\" data-toggle=\"collapse\" data-parent=\"#accordion0\" href=\"#collapse2\" aria-controls=\"collapse2\"> Sistema y procedimiento para el reconocimiento y la transferencia de cr\u00e9ditos <\/a><\/div>\n<div id=\"collapse2\" class=\"collapse\" role=\"tabpanel\" data-parent=\"#accordion0\"><div class=\"card-body\">\n<p class=\"card-text\">La Universidad dar\u00e1 validez, mediante el acto de reconocimiento, a que el estudiante tiene acreditadas competencias de la titulaci\u00f3n y el cumplimiento de parte de los objetivos de la misma en los t\u00e9rminos definidos en el EEES.<\/p>\n<p class=\"card-text\">Para estos efectos los centros establecer\u00e1n tablas de equivalencia entre estudios cursados en otras universidades y aquellos que le podr\u00e1n ser reconocidos en el plan de estudios de la propia Universidad. En esta tabla se especificar\u00e1n los cr\u00e9ditos que se reconocen y, de ser el caso, las materias, las materias o los m\u00f3dulos equivalentes. Igualmente se establecer\u00e1n tablas de equivalencia entre titulaciones correspondientes a la ordenaci\u00f3n de ense\u00f1anzas anteriores al R.D. 1393\/2007.<\/p>\n<p class=\"card-text\">Las universidades podr\u00e1n declarar equivalentes, directamente o mediante convenios, titulaciones extranjeras que den acceso a titulaciones oficiales de cada Universidad o establecer en esos convenios el reconocimiento en parte de estudios extranjeros. La Universidad dar\u00e1 adecuada difusi\u00f3n a estos convenios.<\/p>\n<p class=\"card-text\">Al estudiante se le comunicar\u00e1n los cr\u00e9ditos reconocidos y las materias o materias a las que correspondan, en su caso, as\u00ed como el n\u00famero de cr\u00e9ditos necesarios y las materias o materias que le restan para la obtenci\u00f3n del t\u00edtulo.<\/p>\n<p class=\"card-text\">El reconocimiento se iniciar\u00e1 por instancia de parte, salvo el previsto en la normativa de aplicaci\u00f3n, en el Centro en el que el estudiante va a iniciar o continuar los estudios que pretende reconocer cr\u00e9ditos, mediante presentaci\u00f3n de una instancia dirigida al Director del Centro.<\/p>\n<p class=\"card-text\">En cuanto a la transferencia de cr\u00e9ditos, todos los cr\u00e9ditos obtenidos en ense\u00f1anzas oficiales cursadas en alguna de las universidades participantes o en otra universidad del EEES ser\u00e1n objeto de incorporaci\u00f3n al expediente del estudiante, tras la petici\u00f3n del mismo a la Direcci\u00f3n del Centro. La solicitud se resolver\u00e1 de acuerdo con el establecido en la normativa vigente de cada Universidad.<\/p>\n<\/div><\/div>\n<\/div>\n<\/div>\n<p>&nbsp;<\/p>\n","protected":false},"excerpt":{"rendered":"<p>El Consejo de Gobierno de la Universidad de Vigo aprob\u00f3 en su sesi\u00f3n del 25\/06\/2025 el Reglamento de reconocimiento y transferencia de cr\u00e9ditos acad\u00e9micos en &hellip; <a class=\"excerpt_more\" href=\"https:\/\/esei.uvigo.es\/es\/estudos\/master-universitario-en-intelixencia-artificial\/transferencia-e-reconecemento-de-creditos\/\">Contin\u00faa<\/a><\/p>\n","protected":false},"author":1,"featured_media":0,"parent":24505,"menu_order":8,"comment_status":"closed","ping_status":"closed","template":"","meta":{"_acf_changed":false,"footnotes":""},"class_list":["post-24585","page","type-page","status-publish","hentry"],"acf":[],"yoast_head":"<!-- This site is optimized with the Yoast SEO plugin v27.6 - https:\/\/yoast.com\/product\/yoast-seo-wordpress\/ -->\n<title>Reconocimiento de cr\u00e9ditos y adaptaciones | Escola Superior de Enxe\u00f1ar\u00eda Inform\u00e1tica<\/title>\n<meta name=\"robots\" content=\"index, follow, max-snippet:-1, max-image-preview:large, max-video-preview:-1\" \/>\n<link rel=\"canonical\" href=\"https:\/\/esei.uvigo.es\/es\/estudos\/master-universitario-en-intelixencia-artificial\/transferencia-e-reconecemento-de-creditos\/\" \/>\n<meta property=\"og:locale\" content=\"es_ES\" \/>\n<meta property=\"og:type\" content=\"article\" \/>\n<meta property=\"og:title\" content=\"Reconocimiento de cr\u00e9ditos y adaptaciones | Escola Superior de Enxe\u00f1ar\u00eda Inform\u00e1tica\" \/>\n<meta property=\"og:description\" content=\"El Consejo de Gobierno de la Universidad de Vigo aprob\u00f3 en su sesi\u00f3n del 25\/06\/2025 el Reglamento de reconocimiento y transferencia de cr\u00e9ditos acad\u00e9micos en &hellip; Contin\u00faa\" \/>\n<meta property=\"og:url\" content=\"https:\/\/esei.uvigo.es\/es\/estudos\/master-universitario-en-intelixencia-artificial\/transferencia-e-reconecemento-de-creditos\/\" \/>\n<meta property=\"og:site_name\" content=\"Escola Superior de Enxe\u00f1ar\u00eda Inform\u00e1tica\" \/>\n<meta property=\"article:modified_time\" content=\"2026-03-12T17:33:35+00:00\" \/>\n<meta name=\"twitter:card\" content=\"summary_large_image\" \/>\n<meta name=\"twitter:label1\" content=\"Tiempo de lectura\" \/>\n\t<meta name=\"twitter:data1\" content=\"4 minutos\" \/>\n<script type=\"application\/ld+json\" class=\"yoast-schema-graph\">{\"@context\":\"https:\\\/\\\/schema.org\",\"@graph\":[{\"@type\":\"WebPage\",\"@id\":\"https:\\\/\\\/esei.uvigo.es\\\/es\\\/estudos\\\/master-universitario-en-intelixencia-artificial\\\/transferencia-e-reconecemento-de-creditos\\\/\",\"url\":\"https:\\\/\\\/esei.uvigo.es\\\/es\\\/estudos\\\/master-universitario-en-intelixencia-artificial\\\/transferencia-e-reconecemento-de-creditos\\\/\",\"name\":\"Reconocimiento de cr\u00e9ditos y adaptaciones | Escola Superior de Enxe\u00f1ar\u00eda Inform\u00e1tica\",\"isPartOf\":{\"@id\":\"https:\\\/\\\/esei.uvigo.es\\\/es\\\/#website\"},\"datePublished\":\"2022-06-21T19:00:04+00:00\",\"dateModified\":\"2026-03-12T17:33:35+00:00\",\"breadcrumb\":{\"@id\":\"https:\\\/\\\/esei.uvigo.es\\\/es\\\/estudos\\\/master-universitario-en-intelixencia-artificial\\\/transferencia-e-reconecemento-de-creditos\\\/#breadcrumb\"},\"inLanguage\":\"es\",\"potentialAction\":[{\"@type\":\"ReadAction\",\"target\":[\"https:\\\/\\\/esei.uvigo.es\\\/es\\\/estudos\\\/master-universitario-en-intelixencia-artificial\\\/transferencia-e-reconecemento-de-creditos\\\/\"]}]},{\"@type\":\"BreadcrumbList\",\"@id\":\"https:\\\/\\\/esei.uvigo.es\\\/es\\\/estudos\\\/master-universitario-en-intelixencia-artificial\\\/transferencia-e-reconecemento-de-creditos\\\/#breadcrumb\",\"itemListElement\":[{\"@type\":\"ListItem\",\"position\":1,\"name\":\"Portada\",\"item\":\"https:\\\/\\\/esei.uvigo.es\\\/es\\\/\"},{\"@type\":\"ListItem\",\"position\":2,\"name\":\"Estudios\",\"item\":\"https:\\\/\\\/esei.uvigo.es\\\/es\\\/estudos\\\/\"},{\"@type\":\"ListItem\",\"position\":3,\"name\":\"M\u00e1ster Universitario en Inteligencia Artificial\",\"item\":\"https:\\\/\\\/esei.uvigo.es\\\/es\\\/estudos\\\/master-universitario-en-intelixencia-artificial\\\/\"},{\"@type\":\"ListItem\",\"position\":4,\"name\":\"Reconocimiento de cr\u00e9ditos y adaptaciones\"}]},{\"@type\":\"WebSite\",\"@id\":\"https:\\\/\\\/esei.uvigo.es\\\/es\\\/#website\",\"url\":\"https:\\\/\\\/esei.uvigo.es\\\/es\\\/\",\"name\":\"Escola Superior de Enxe\u00f1ar\u00eda Inform\u00e1tica\",\"description\":\"\",\"publisher\":{\"@id\":\"https:\\\/\\\/esei.uvigo.es\\\/es\\\/#organization\"},\"potentialAction\":[{\"@type\":\"SearchAction\",\"target\":{\"@type\":\"EntryPoint\",\"urlTemplate\":\"https:\\\/\\\/esei.uvigo.es\\\/es\\\/?s={search_term_string}\"},\"query-input\":{\"@type\":\"PropertyValueSpecification\",\"valueRequired\":true,\"valueName\":\"search_term_string\"}}],\"inLanguage\":\"es\"},{\"@type\":\"Organization\",\"@id\":\"https:\\\/\\\/esei.uvigo.es\\\/es\\\/#organization\",\"name\":\"Escola Superior de Enxe\u00f1ar\u00eda Inform\u00e1tica\",\"url\":\"https:\\\/\\\/esei.uvigo.es\\\/es\\\/\",\"logo\":{\"@type\":\"ImageObject\",\"inLanguage\":\"es\",\"@id\":\"https:\\\/\\\/esei.uvigo.es\\\/es\\\/#\\\/schema\\\/logo\\\/image\\\/\",\"url\":\"https:\\\/\\\/esei.uvigo.es\\\/wp-content\\\/uploads\\\/2019\\\/09\\\/esei.png\",\"contentUrl\":\"https:\\\/\\\/esei.uvigo.es\\\/wp-content\\\/uploads\\\/2019\\\/09\\\/esei.png\",\"width\":579,\"height\":98,\"caption\":\"Escola Superior de Enxe\u00f1ar\u00eda Inform\u00e1tica\"},\"image\":{\"@id\":\"https:\\\/\\\/esei.uvigo.es\\\/es\\\/#\\\/schema\\\/logo\\\/image\\\/\"}}]}<\/script>\n<!-- \/ Yoast SEO plugin. -->","yoast_head_json":{"title":"Reconocimiento de cr\u00e9ditos y adaptaciones | Escola Superior de Enxe\u00f1ar\u00eda Inform\u00e1tica","robots":{"index":"index","follow":"follow","max-snippet":"max-snippet:-1","max-image-preview":"max-image-preview:large","max-video-preview":"max-video-preview:-1"},"canonical":"https:\/\/esei.uvigo.es\/es\/estudos\/master-universitario-en-intelixencia-artificial\/transferencia-e-reconecemento-de-creditos\/","og_locale":"es_ES","og_type":"article","og_title":"Reconocimiento de cr\u00e9ditos y adaptaciones | Escola Superior de Enxe\u00f1ar\u00eda Inform\u00e1tica","og_description":"El Consejo de Gobierno de la Universidad de Vigo aprob\u00f3 en su sesi\u00f3n del 25\/06\/2025 el Reglamento de reconocimiento y transferencia de cr\u00e9ditos acad\u00e9micos en &hellip; Contin\u00faa","og_url":"https:\/\/esei.uvigo.es\/es\/estudos\/master-universitario-en-intelixencia-artificial\/transferencia-e-reconecemento-de-creditos\/","og_site_name":"Escola Superior de Enxe\u00f1ar\u00eda Inform\u00e1tica","article_modified_time":"2026-03-12T17:33:35+00:00","twitter_card":"summary_large_image","twitter_misc":{"Tiempo de lectura":"4 minutos"},"schema":{"@context":"https:\/\/schema.org","@graph":[{"@type":"WebPage","@id":"https:\/\/esei.uvigo.es\/es\/estudos\/master-universitario-en-intelixencia-artificial\/transferencia-e-reconecemento-de-creditos\/","url":"https:\/\/esei.uvigo.es\/es\/estudos\/master-universitario-en-intelixencia-artificial\/transferencia-e-reconecemento-de-creditos\/","name":"Reconocimiento de cr\u00e9ditos y adaptaciones | Escola Superior de Enxe\u00f1ar\u00eda Inform\u00e1tica","isPartOf":{"@id":"https:\/\/esei.uvigo.es\/es\/#website"},"datePublished":"2022-06-21T19:00:04+00:00","dateModified":"2026-03-12T17:33:35+00:00","breadcrumb":{"@id":"https:\/\/esei.uvigo.es\/es\/estudos\/master-universitario-en-intelixencia-artificial\/transferencia-e-reconecemento-de-creditos\/#breadcrumb"},"inLanguage":"es","potentialAction":[{"@type":"ReadAction","target":["https:\/\/esei.uvigo.es\/es\/estudos\/master-universitario-en-intelixencia-artificial\/transferencia-e-reconecemento-de-creditos\/"]}]},{"@type":"BreadcrumbList","@id":"https:\/\/esei.uvigo.es\/es\/estudos\/master-universitario-en-intelixencia-artificial\/transferencia-e-reconecemento-de-creditos\/#breadcrumb","itemListElement":[{"@type":"ListItem","position":1,"name":"Portada","item":"https:\/\/esei.uvigo.es\/es\/"},{"@type":"ListItem","position":2,"name":"Estudios","item":"https:\/\/esei.uvigo.es\/es\/estudos\/"},{"@type":"ListItem","position":3,"name":"M\u00e1ster Universitario en Inteligencia Artificial","item":"https:\/\/esei.uvigo.es\/es\/estudos\/master-universitario-en-intelixencia-artificial\/"},{"@type":"ListItem","position":4,"name":"Reconocimiento de cr\u00e9ditos y adaptaciones"}]},{"@type":"WebSite","@id":"https:\/\/esei.uvigo.es\/es\/#website","url":"https:\/\/esei.uvigo.es\/es\/","name":"Escola Superior de Enxe\u00f1ar\u00eda Inform\u00e1tica","description":"","publisher":{"@id":"https:\/\/esei.uvigo.es\/es\/#organization"},"potentialAction":[{"@type":"SearchAction","target":{"@type":"EntryPoint","urlTemplate":"https:\/\/esei.uvigo.es\/es\/?s={search_term_string}"},"query-input":{"@type":"PropertyValueSpecification","valueRequired":true,"valueName":"search_term_string"}}],"inLanguage":"es"},{"@type":"Organization","@id":"https:\/\/esei.uvigo.es\/es\/#organization","name":"Escola Superior de Enxe\u00f1ar\u00eda Inform\u00e1tica","url":"https:\/\/esei.uvigo.es\/es\/","logo":{"@type":"ImageObject","inLanguage":"es","@id":"https:\/\/esei.uvigo.es\/es\/#\/schema\/logo\/image\/","url":"https:\/\/esei.uvigo.es\/wp-content\/uploads\/2019\/09\/esei.png","contentUrl":"https:\/\/esei.uvigo.es\/wp-content\/uploads\/2019\/09\/esei.png","width":579,"height":98,"caption":"Escola Superior de Enxe\u00f1ar\u00eda Inform\u00e1tica"},"image":{"@id":"https:\/\/esei.uvigo.es\/es\/#\/schema\/logo\/image\/"}}]}},"_links":{"self":[{"href":"https:\/\/esei.uvigo.es\/es\/wp-json\/wp\/v2\/pages\/24585","targetHints":{"allow":["GET"]}}],"collection":[{"href":"https:\/\/esei.uvigo.es\/es\/wp-json\/wp\/v2\/pages"}],"about":[{"href":"https:\/\/esei.uvigo.es\/es\/wp-json\/wp\/v2\/types\/page"}],"author":[{"embeddable":true,"href":"https:\/\/esei.uvigo.es\/es\/wp-json\/wp\/v2\/users\/1"}],"replies":[{"embeddable":true,"href":"https:\/\/esei.uvigo.es\/es\/wp-json\/wp\/v2\/comments?post=24585"}],"version-history":[{"count":6,"href":"https:\/\/esei.uvigo.es\/es\/wp-json\/wp\/v2\/pages\/24585\/revisions"}],"predecessor-version":[{"id":30193,"href":"https:\/\/esei.uvigo.es\/es\/wp-json\/wp\/v2\/pages\/24585\/revisions\/30193"}],"up":[{"embeddable":true,"href":"https:\/\/esei.uvigo.es\/es\/wp-json\/wp\/v2\/pages\/24505"}],"wp:attachment":[{"href":"https:\/\/esei.uvigo.es\/es\/wp-json\/wp\/v2\/media?parent=24585"}],"curies":[{"name":"wp","href":"https:\/\/api.w.org\/{rel}","templated":true}]}}