{"id":24582,"date":"2022-06-21T20:58:49","date_gmt":"2022-06-21T18:58:49","guid":{"rendered":"https:\/\/esei.uvigo.es\/estudos\/master-universitario-en-intelixencia-artificial\/estrutura-do-plano-de-estudos\/"},"modified":"2022-10-17T12:57:55","modified_gmt":"2022-10-17T10:57:55","slug":"estrutura-do-plano-de-estudos","status":"publish","type":"page","link":"https:\/\/esei.uvigo.es\/es\/estudos\/master-universitario-en-intelixencia-artificial\/estrutura-do-plano-de-estudos\/","title":{"rendered":"Estructura del Plan de Estudios"},"content":{"rendered":"<p>El plan de estudios del M\u00e1ster Universitario en Inteligencia Artificial est\u00e1 formado por materias de diferentes tipos:<\/p>\n<div class=\"custom-block  graylight \">\n<ul class=\"\">\n<li>Obligatorias: 36 ECTS<\/li>\n<li>Optativas: 36 ECTS<\/li>\n<li>Pr\u00e1cticas externas: 6 ECTS<\/li>\n<li>Trabajo Fin de M\u00e1ster (TFM): 12 ECTS<\/li>\n<\/ul>\n<p>Para obtener el t\u00edtulo de M\u00e1ster, el estudiante deber\u00e1 superar 90 ECTS (36 obligatorios, 36 optativos, 6 de pr\u00e1cticas profesionales y 12 del TFM) repartidos en tres cuatrimestres.<\/p>\n<p>Un cr\u00e9dito ECTS equivale a 25 horas de trabajo del estudiante (que se reparten en actividades presenciales y no presenciales).<\/p>\n<\/div>\n<h2>Organizaci\u00f3n de los estudios<\/h2>\n<p>El plan de estudios est\u00e1 organizado en materias que, a su vez, se dividen en asignaturas:<\/p>\n<h3>Materia: Fundamentos de IA e ingenier\u00eda de datos (6 ECTS)<\/h3>\n<p><em>Coordinador\/a:<\/em><\/p>\n<p>Esta materia est\u00e1 formada por dos asignaturas de car\u00e1cter obligatorio:<\/p>\n<ul class=\"list-peak\">\n<li><a href=\"https:\/\/esei.uvigo.es\/es\/asignaturas\/mia\/fundamentos-de-ia\/\" rel=\"noopener\">Fundamentos de IA<\/a> (3 ECTS, obligatoria)<\/li>\n<li><a href=\"https:\/\/esei.uvigo.es\/es\/asignaturas\/mia\/enxenaria-de-datos\/\" rel=\"noopener\">Ingenier\u00eda de datos<\/a> (3 ECTS, obligatoria)<\/li>\n<\/ul>\n<h3>Materia: Razonamiento (21 ECTS)<\/h3>\n<p><em>Coordinador\/a:<\/em><\/p>\n<p>Esta materia est\u00e1 formada por cinco asignaturas, de car\u00e1cter obligatorio y optativo:<\/p>\n<ul class=\"list-peak\">\n<li><a href=\"https:\/\/esei.uvigo.es\/es\/asignaturas\/mia\/razoamento-e-planificacion\/\" rel=\"noopener\">Razonamiento y Planificaci\u00f3n<\/a> (6 ECTS, obligatoria)<\/li>\n<li><a href=\"https:\/\/esei.uvigo.es\/es\/asignaturas\/mia\/ia-explicable-e-confiable\/\" rel=\"noopener\">IA Explicable y Confiable<\/a> (3 ECTS, obligatoria)<\/li>\n<li><a href=\"https:\/\/esei.uvigo.es\/es\/asignaturas\/mia\/sistemas-multiaxente\/\" rel=\"noopener\">Sistemas Multiagente<\/a> (6 ECTS, optativa)<\/li>\n<li><a href=\"https:\/\/esei.uvigo.es\/es\/asignaturas\/mia\/aspectos-computacionais-da-ciencia-cognitiva\/\" rel=\"noopener\">Aspectos Computacionales de la Ciencia Cognitiva<\/a> (3 ECTS, optativa)<\/li>\n<li><a href=\"https:\/\/esei.uvigo.es\/es\/asignaturas\/mia\/conecemento-e-razoamento-con-incertidumbre\/\" rel=\"noopener\">Conocimiento y Razonamiento con Incertidumbre<\/a> (3 ECTS, optativa)<\/li>\n<\/ul>\n<h3>Materia: Procesado de Lenguaje Natural (18 ECTS)<\/h3>\n<p><em>Coordinador\/a:<\/em><\/p>\n<p>Esta materia est\u00e1 formada por cuatro asignaturas, de car\u00e1cter obligatorio y optativo:<\/p>\n<ul class=\"list-peak\">\n<li><a href=\"https:\/\/esei.uvigo.es\/es\/asignaturas\/mia\/comprension-do-linguaxe-natural\/\" rel=\"noopener\">Comprensi\u00f3n del Lenguaje Natural<\/a> (6 ECTS, obligatoria)<\/li>\n<li><a href=\"https:\/\/esei.uvigo.es\/es\/asignaturas\/mia\/modelado-do-linguaxe\/\" rel=\"noopener\">Modelado del Lenguaje<\/a> (3 ECTS, optativa)<\/li>\n<li><a href=\"https:\/\/esei.uvigo.es\/es\/asignaturas\/mia\/intelixencia-web-e-tecnoloxias-semanticas\/\" rel=\"noopener\">Inteligencia Web y Tecnolog\u00edas Sem\u00e1nticas<\/a> (6 ECTS, optativa)<\/li>\n<li><a href=\"https:\/\/esei.uvigo.es\/es\/asignaturas\/mia\/mineria-de-textos\/\" rel=\"noopener\">Miner\u00eda de Textos<\/a> (3 ECTS, optativa)<\/li>\n<\/ul>\n<h3>Materia: Aprendizaje autom\u00e1tico (24 ECTS)<\/h3>\n<p><em>Coordinador\/a:<\/em><\/p>\n<p>Esta materia est\u00e1 formada por cinco asignaturas, de car\u00e1cter obligatorio y optativo:<\/p>\n<ul class=\"list-peak\">\n<li><a href=\"https:\/\/esei.uvigo.es\/es\/asignaturas\/mia\/aprendizaxe-automatico-i\/\" rel=\"noopener\">Aprendizaje Autom\u00e1tico I<\/a> (6 ECTS, obligatoria)<\/li>\n<li><a href=\"https:\/\/esei.uvigo.es\/es\/asignaturas\/mia\/aprendizaxe-profundo\/\" rel=\"noopener\">Aprendizaje Profunda<\/a> (6 ECTS, optativa)<\/li>\n<li><a href=\"https:\/\/esei.uvigo.es\/es\/asignaturas\/mia\/aprendizaxe-automatico-ii-2\/\" rel=\"noopener\">Aprendizaje Autom\u00e1tico II<\/a> (3 ECTS, optativa)<\/li>\n<li><a href=\"https:\/\/esei.uvigo.es\/es\/asignaturas\/mia\/computacion-evolutiva\/\" rel=\"noopener\">Computaci\u00f3n Evolutiva<\/a> (3 ECTS, optativa)<\/li>\n<li><a href=\"https:\/\/esei.uvigo.es\/es\/asignaturas\/mia\/ia-en-entornos-big-data\/\" rel=\"noopener\">IA en entornos Big Data<\/a> (6 ECTS, optativa)<\/li>\n<\/ul>\n<h3>Materia: Visi\u00f3n por computadora (9 ECTS)<\/h3>\n<p><em>Coordinador\/a:<\/em><\/p>\n<p>Esta materia est\u00e1 formada por dos asignaturas, de car\u00e1cter obligatorio y optativo:<\/p>\n<ul class=\"list-peak\">\n<li><a href=\"https:\/\/esei.uvigo.es\/es\/asignaturas\/mia\/vision-por-computador-i\/\" rel=\"noopener\">Visi\u00f3n por Computadora I<\/a> (3 ECTS, obligatoria)<\/li>\n<li><a href=\"https:\/\/esei.uvigo.es\/es\/asignaturas\/mia\/vision-por-computador-ii\/\" rel=\"noopener\">Visi\u00f3n por Computadora II<\/a> (6 ECTS, optativa)<\/li>\n<\/ul>\n<h3>Materia: Rob\u00f3tica (9 ECTS)<\/h3>\n<p><em>Coordinador\/a:<\/em><\/p>\n<p>Esta materia est\u00e1 formada por dos asignaturas, de car\u00e1cter obligatorio y optativo:<\/p>\n<ul class=\"list-peak\">\n<li><a href=\"https:\/\/esei.uvigo.es\/es\/asignaturas\/mia\/robotica-intelixente-i\/\" rel=\"noopener\">Rob\u00f3tica Inteligente I<\/a> (3 ECTS, obligatoria)<\/li>\n<li><a href=\"https:\/\/esei.uvigo.es\/es\/asignaturas\/mia\/robotica-intelixente-ii\/\" rel=\"noopener\">Rob\u00f3tica Inteligente II<\/a> (6 ECTS, optativa)<\/li>\n<\/ul>\n<h3>Materia: Aplicaciones (21 ECTS)<\/h3>\n<p><em>Coordinador\/a:<\/em><\/p>\n<p>Esta materia est\u00e1 formada por siete asignaturas, de car\u00e1cter obligatorio y optativo:<\/p>\n<ul class=\"list-peak\">\n<li><a href=\"https:\/\/esei.uvigo.es\/es\/asignaturas\/mia\/xestion-de-proxectos-de-ia\/\" rel=\"noopener\">Gesti\u00f3n de Proyectos de IA<\/a> (3 ECTS, obligatoria)<\/li>\n<li><a href=\"https:\/\/esei.uvigo.es\/es\/asignaturas\/mia\/ia-en-saude\/\" rel=\"noopener\">IA en Salud<\/a>\u00a0(3 ECTS, optativa)<\/li>\n<li><a href=\"https:\/\/esei.uvigo.es\/es\/asignaturas\/mia\/iot-intelixente\/\" rel=\"noopener\">IoT Inteligente<\/a> (3 ECTS, optativa)<\/li>\n<li><a href=\"https:\/\/esei.uvigo.es\/es\/asignaturas\/mia\/ciberseguridade-intelixente-2\/\" rel=\"noopener\">Ciberseguridad Inteligente<\/a> (3 ECTS, optativa)<\/li>\n<li><a href=\"https:\/\/esei.uvigo.es\/es\/asignaturas\/mia\/minaria-de-procesos\/\" rel=\"noopener\">Miner\u00eda de Procesos<\/a> (3 ECTS, optativa)<\/li>\n<li><a href=\"https:\/\/esei.uvigo.es\/es\/asignaturas\/mia\/sistemas-intelixentes-de-tempo-real\/\" rel=\"noopener\">Sistemas Inteligentes de Tiempo Real<\/a> (3 ECTS, optativa)<\/li>\n<li><a href=\"https:\/\/esei.uvigo.es\/es\/asignaturas\/mia\/temas-emerxentes-e-emprendemento-en-ia\/\" rel=\"noopener\">Temas Emergentes y Emprendimiento en IA<\/a> (3 ECTS, optativa)<\/li>\n<\/ul>\n<h3>Materia: Pr\u00e1cticas externas (6 ECTS obligatorios)<\/h3>\n<p><em>Coordinador\/a<\/em>:<\/p>\n<p>Esta materia est\u00e1 formada por una asignatura obligatoria de pr\u00e1cticas en empresa de 6 ECTS.<\/p>\n<ul class=\"list-peak\">\n<li class=\"bodytext\"><a href=\"https:\/\/esei.uvigo.es\/es\/asignaturas\/mia\/practicas-externas-internships\/\">Pr\u00e1cticas externas<\/a> (6 ECTS)<\/li>\n<\/ul>\n<h3>Materia: Trabajo Fin de M\u00e1ster (12 ECTS obligatorios)<\/h3>\n<p><em>Coordinador\/a<\/em>:<\/p>\n<p>Esta materia est\u00e1 compuesta por una asignatura obligatoria de 12 ECTS, el Trabajo Fin de M\u00e1ster.<\/p>\n<ul class=\"list-peak\">\n<li class=\"bodytext\"><a href=\"https:\/\/esei.uvigo.es\/es\/asignaturas\/mia\/traballo-fin-de-master-master-thesis\/\">Trabajo Fin de M\u00e1ster<\/a> (12 ECTS)<\/li>\n<\/ul>\n<p>&nbsp;<\/p>\n","protected":false},"excerpt":{"rendered":"<p>El plan de estudios del M\u00e1ster Universitario en Inteligencia Artificial est\u00e1 formado por materias de diferentes tipos: Organizaci\u00f3n de los estudios El plan de estudios &hellip; <a class=\"excerpt_more\" href=\"https:\/\/esei.uvigo.es\/es\/estudos\/master-universitario-en-intelixencia-artificial\/estrutura-do-plano-de-estudos\/\">Contin\u00faa<\/a><\/p>\n","protected":false},"author":1,"featured_media":0,"parent":24505,"menu_order":4,"comment_status":"closed","ping_status":"closed","template":"","meta":{"_acf_changed":false,"footnotes":""},"class_list":["post-24582","page","type-page","status-publish","hentry"],"acf":[],"yoast_head":"<!-- This site is optimized with the Yoast SEO plugin v27.6 - https:\/\/yoast.com\/product\/yoast-seo-wordpress\/ -->\n<title>Estructura del Plan de Estudios | Escola Superior de Enxe\u00f1ar\u00eda Inform\u00e1tica<\/title>\n<meta name=\"robots\" content=\"index, follow, max-snippet:-1, max-image-preview:large, max-video-preview:-1\" \/>\n<link rel=\"canonical\" href=\"https:\/\/esei.uvigo.es\/es\/estudos\/master-universitario-en-intelixencia-artificial\/estrutura-do-plano-de-estudos\/\" \/>\n<meta property=\"og:locale\" content=\"es_ES\" \/>\n<meta property=\"og:type\" content=\"article\" \/>\n<meta property=\"og:title\" content=\"Estructura del Plan de Estudios | Escola Superior de Enxe\u00f1ar\u00eda Inform\u00e1tica\" \/>\n<meta property=\"og:description\" content=\"El plan de estudios del M\u00e1ster Universitario en Inteligencia Artificial est\u00e1 formado por materias de diferentes tipos: Organizaci\u00f3n de los estudios El plan de estudios &hellip; Contin\u00faa\" \/>\n<meta property=\"og:url\" content=\"https:\/\/esei.uvigo.es\/es\/estudos\/master-universitario-en-intelixencia-artificial\/estrutura-do-plano-de-estudos\/\" \/>\n<meta property=\"og:site_name\" content=\"Escola Superior de Enxe\u00f1ar\u00eda Inform\u00e1tica\" \/>\n<meta property=\"article:modified_time\" content=\"2022-10-17T10:57:55+00:00\" \/>\n<meta name=\"twitter:card\" content=\"summary_large_image\" \/>\n<meta name=\"twitter:label1\" content=\"Tiempo de lectura\" \/>\n\t<meta name=\"twitter:data1\" content=\"3 minutos\" \/>\n<script type=\"application\/ld+json\" class=\"yoast-schema-graph\">{\"@context\":\"https:\\\/\\\/schema.org\",\"@graph\":[{\"@type\":\"WebPage\",\"@id\":\"https:\\\/\\\/esei.uvigo.es\\\/es\\\/estudos\\\/master-universitario-en-intelixencia-artificial\\\/estrutura-do-plano-de-estudos\\\/\",\"url\":\"https:\\\/\\\/esei.uvigo.es\\\/es\\\/estudos\\\/master-universitario-en-intelixencia-artificial\\\/estrutura-do-plano-de-estudos\\\/\",\"name\":\"Estructura del Plan de Estudios | Escola Superior de Enxe\u00f1ar\u00eda Inform\u00e1tica\",\"isPartOf\":{\"@id\":\"https:\\\/\\\/esei.uvigo.es\\\/es\\\/#website\"},\"datePublished\":\"2022-06-21T18:58:49+00:00\",\"dateModified\":\"2022-10-17T10:57:55+00:00\",\"breadcrumb\":{\"@id\":\"https:\\\/\\\/esei.uvigo.es\\\/es\\\/estudos\\\/master-universitario-en-intelixencia-artificial\\\/estrutura-do-plano-de-estudos\\\/#breadcrumb\"},\"inLanguage\":\"es\",\"potentialAction\":[{\"@type\":\"ReadAction\",\"target\":[\"https:\\\/\\\/esei.uvigo.es\\\/es\\\/estudos\\\/master-universitario-en-intelixencia-artificial\\\/estrutura-do-plano-de-estudos\\\/\"]}]},{\"@type\":\"BreadcrumbList\",\"@id\":\"https:\\\/\\\/esei.uvigo.es\\\/es\\\/estudos\\\/master-universitario-en-intelixencia-artificial\\\/estrutura-do-plano-de-estudos\\\/#breadcrumb\",\"itemListElement\":[{\"@type\":\"ListItem\",\"position\":1,\"name\":\"Portada\",\"item\":\"https:\\\/\\\/esei.uvigo.es\\\/es\\\/\"},{\"@type\":\"ListItem\",\"position\":2,\"name\":\"Estudios\",\"item\":\"https:\\\/\\\/esei.uvigo.es\\\/es\\\/estudos\\\/\"},{\"@type\":\"ListItem\",\"position\":3,\"name\":\"M\u00e1ster Universitario en Inteligencia Artificial\",\"item\":\"https:\\\/\\\/esei.uvigo.es\\\/es\\\/estudos\\\/master-universitario-en-intelixencia-artificial\\\/\"},{\"@type\":\"ListItem\",\"position\":4,\"name\":\"Estructura del Plan de Estudios\"}]},{\"@type\":\"WebSite\",\"@id\":\"https:\\\/\\\/esei.uvigo.es\\\/es\\\/#website\",\"url\":\"https:\\\/\\\/esei.uvigo.es\\\/es\\\/\",\"name\":\"Escola Superior de Enxe\u00f1ar\u00eda Inform\u00e1tica\",\"description\":\"\",\"publisher\":{\"@id\":\"https:\\\/\\\/esei.uvigo.es\\\/es\\\/#organization\"},\"potentialAction\":[{\"@type\":\"SearchAction\",\"target\":{\"@type\":\"EntryPoint\",\"urlTemplate\":\"https:\\\/\\\/esei.uvigo.es\\\/es\\\/?s={search_term_string}\"},\"query-input\":{\"@type\":\"PropertyValueSpecification\",\"valueRequired\":true,\"valueName\":\"search_term_string\"}}],\"inLanguage\":\"es\"},{\"@type\":\"Organization\",\"@id\":\"https:\\\/\\\/esei.uvigo.es\\\/es\\\/#organization\",\"name\":\"Escola Superior de Enxe\u00f1ar\u00eda Inform\u00e1tica\",\"url\":\"https:\\\/\\\/esei.uvigo.es\\\/es\\\/\",\"logo\":{\"@type\":\"ImageObject\",\"inLanguage\":\"es\",\"@id\":\"https:\\\/\\\/esei.uvigo.es\\\/es\\\/#\\\/schema\\\/logo\\\/image\\\/\",\"url\":\"https:\\\/\\\/esei.uvigo.es\\\/wp-content\\\/uploads\\\/2019\\\/09\\\/esei.png\",\"contentUrl\":\"https:\\\/\\\/esei.uvigo.es\\\/wp-content\\\/uploads\\\/2019\\\/09\\\/esei.png\",\"width\":579,\"height\":98,\"caption\":\"Escola Superior de Enxe\u00f1ar\u00eda Inform\u00e1tica\"},\"image\":{\"@id\":\"https:\\\/\\\/esei.uvigo.es\\\/es\\\/#\\\/schema\\\/logo\\\/image\\\/\"}}]}<\/script>\n<!-- \/ Yoast SEO plugin. -->","yoast_head_json":{"title":"Estructura del Plan de Estudios | Escola Superior de Enxe\u00f1ar\u00eda Inform\u00e1tica","robots":{"index":"index","follow":"follow","max-snippet":"max-snippet:-1","max-image-preview":"max-image-preview:large","max-video-preview":"max-video-preview:-1"},"canonical":"https:\/\/esei.uvigo.es\/es\/estudos\/master-universitario-en-intelixencia-artificial\/estrutura-do-plano-de-estudos\/","og_locale":"es_ES","og_type":"article","og_title":"Estructura del Plan de Estudios | Escola Superior de Enxe\u00f1ar\u00eda Inform\u00e1tica","og_description":"El plan de estudios del M\u00e1ster Universitario en Inteligencia Artificial est\u00e1 formado por materias de diferentes tipos: Organizaci\u00f3n de los estudios El plan de estudios &hellip; Contin\u00faa","og_url":"https:\/\/esei.uvigo.es\/es\/estudos\/master-universitario-en-intelixencia-artificial\/estrutura-do-plano-de-estudos\/","og_site_name":"Escola Superior de Enxe\u00f1ar\u00eda Inform\u00e1tica","article_modified_time":"2022-10-17T10:57:55+00:00","twitter_card":"summary_large_image","twitter_misc":{"Tiempo de lectura":"3 minutos"},"schema":{"@context":"https:\/\/schema.org","@graph":[{"@type":"WebPage","@id":"https:\/\/esei.uvigo.es\/es\/estudos\/master-universitario-en-intelixencia-artificial\/estrutura-do-plano-de-estudos\/","url":"https:\/\/esei.uvigo.es\/es\/estudos\/master-universitario-en-intelixencia-artificial\/estrutura-do-plano-de-estudos\/","name":"Estructura del Plan de Estudios | Escola Superior de Enxe\u00f1ar\u00eda Inform\u00e1tica","isPartOf":{"@id":"https:\/\/esei.uvigo.es\/es\/#website"},"datePublished":"2022-06-21T18:58:49+00:00","dateModified":"2022-10-17T10:57:55+00:00","breadcrumb":{"@id":"https:\/\/esei.uvigo.es\/es\/estudos\/master-universitario-en-intelixencia-artificial\/estrutura-do-plano-de-estudos\/#breadcrumb"},"inLanguage":"es","potentialAction":[{"@type":"ReadAction","target":["https:\/\/esei.uvigo.es\/es\/estudos\/master-universitario-en-intelixencia-artificial\/estrutura-do-plano-de-estudos\/"]}]},{"@type":"BreadcrumbList","@id":"https:\/\/esei.uvigo.es\/es\/estudos\/master-universitario-en-intelixencia-artificial\/estrutura-do-plano-de-estudos\/#breadcrumb","itemListElement":[{"@type":"ListItem","position":1,"name":"Portada","item":"https:\/\/esei.uvigo.es\/es\/"},{"@type":"ListItem","position":2,"name":"Estudios","item":"https:\/\/esei.uvigo.es\/es\/estudos\/"},{"@type":"ListItem","position":3,"name":"M\u00e1ster Universitario en Inteligencia Artificial","item":"https:\/\/esei.uvigo.es\/es\/estudos\/master-universitario-en-intelixencia-artificial\/"},{"@type":"ListItem","position":4,"name":"Estructura del Plan de Estudios"}]},{"@type":"WebSite","@id":"https:\/\/esei.uvigo.es\/es\/#website","url":"https:\/\/esei.uvigo.es\/es\/","name":"Escola Superior de Enxe\u00f1ar\u00eda Inform\u00e1tica","description":"","publisher":{"@id":"https:\/\/esei.uvigo.es\/es\/#organization"},"potentialAction":[{"@type":"SearchAction","target":{"@type":"EntryPoint","urlTemplate":"https:\/\/esei.uvigo.es\/es\/?s={search_term_string}"},"query-input":{"@type":"PropertyValueSpecification","valueRequired":true,"valueName":"search_term_string"}}],"inLanguage":"es"},{"@type":"Organization","@id":"https:\/\/esei.uvigo.es\/es\/#organization","name":"Escola Superior de Enxe\u00f1ar\u00eda Inform\u00e1tica","url":"https:\/\/esei.uvigo.es\/es\/","logo":{"@type":"ImageObject","inLanguage":"es","@id":"https:\/\/esei.uvigo.es\/es\/#\/schema\/logo\/image\/","url":"https:\/\/esei.uvigo.es\/wp-content\/uploads\/2019\/09\/esei.png","contentUrl":"https:\/\/esei.uvigo.es\/wp-content\/uploads\/2019\/09\/esei.png","width":579,"height":98,"caption":"Escola Superior de Enxe\u00f1ar\u00eda Inform\u00e1tica"},"image":{"@id":"https:\/\/esei.uvigo.es\/es\/#\/schema\/logo\/image\/"}}]}},"_links":{"self":[{"href":"https:\/\/esei.uvigo.es\/es\/wp-json\/wp\/v2\/pages\/24582","targetHints":{"allow":["GET"]}}],"collection":[{"href":"https:\/\/esei.uvigo.es\/es\/wp-json\/wp\/v2\/pages"}],"about":[{"href":"https:\/\/esei.uvigo.es\/es\/wp-json\/wp\/v2\/types\/page"}],"author":[{"embeddable":true,"href":"https:\/\/esei.uvigo.es\/es\/wp-json\/wp\/v2\/users\/1"}],"replies":[{"embeddable":true,"href":"https:\/\/esei.uvigo.es\/es\/wp-json\/wp\/v2\/comments?post=24582"}],"version-history":[{"count":10,"href":"https:\/\/esei.uvigo.es\/es\/wp-json\/wp\/v2\/pages\/24582\/revisions"}],"predecessor-version":[{"id":24886,"href":"https:\/\/esei.uvigo.es\/es\/wp-json\/wp\/v2\/pages\/24582\/revisions\/24886"}],"up":[{"embeddable":true,"href":"https:\/\/esei.uvigo.es\/es\/wp-json\/wp\/v2\/pages\/24505"}],"wp:attachment":[{"href":"https:\/\/esei.uvigo.es\/es\/wp-json\/wp\/v2\/media?parent=24582"}],"curies":[{"name":"wp","href":"https:\/\/api.w.org\/{rel}","templated":true}]}}