{"id":24580,"date":"2022-06-21T21:00:46","date_gmt":"2022-06-21T19:00:46","guid":{"rendered":"https:\/\/esei.uvigo.es\/estudos\/master-universitario-en-intelixencia-artificial\/asignaturas-por-curso\/"},"modified":"2022-10-19T21:03:53","modified_gmt":"2022-10-19T19:03:53","slug":"asignaturas-por-curso","status":"publish","type":"page","link":"https:\/\/esei.uvigo.es\/es\/estudos\/master-universitario-en-intelixencia-artificial\/asignaturas-por-curso\/","title":{"rendered":"Asignaturas por curso"},"content":{"rendered":"<h2>1\u00ba Curso<\/h2>\n<h3>Primer cuatrimestre<\/h3><ul class=\"uvigo_subjects\"><li><a href=\"https:\/\/esei.uvigo.es\/es\/asignaturas\/mia\/aprendizaxe-automatico-i\/\"> <span class=\"field_title\">Aprendizaje Autom\u00e1tico I \/ Machine Learning I<\/span><span class=\"field_type\"> \\ Obrigatoria<\/span><span class=\"field_credits\"> \\ 6 Cr\u00e9ditos<\/span><\/a><\/li><li><a href=\"https:\/\/esei.uvigo.es\/es\/asignaturas\/mia\/comprension-do-linguaxe-natural\/\"> <span class=\"field_title\">Comprensi\u00f3n del Lenguaje Natural \/ Natural Language Understanding<\/span><span class=\"field_type\"> \\ Obrigatoria<\/span><span class=\"field_credits\"> \\ 6 Cr\u00e9ditos<\/span><\/a><\/li><li><a href=\"https:\/\/esei.uvigo.es\/es\/asignaturas\/mia\/fundamentos-de-ia\/\"> <span class=\"field_title\">Fundamentos de IA \/ AI Fundamentals<\/span><span class=\"field_type\"> \\ Obrigatoria<\/span><span class=\"field_credits\"> \\ 3 Cr\u00e9ditos<\/span><\/a><\/li><li><a href=\"https:\/\/esei.uvigo.es\/es\/asignaturas\/mia\/enxenaria-de-datos\/\"> <span class=\"field_title\">Ingenier\u00eda de datos \/ Data engineering<\/span><span class=\"field_type\"> \\ Obrigatoria<\/span><span class=\"field_credits\"> \\ 3 Cr\u00e9ditos<\/span><\/a><\/li><li><a href=\"https:\/\/esei.uvigo.es\/es\/asignaturas\/mia\/razoamento-e-planificacion\/\"> <span class=\"field_title\">Razonamiento y Planificaci\u00f3n \/ Reasoning and Planning<\/span><span class=\"field_type\"> \\ Obrigatoria<\/span><span class=\"field_credits\"> \\ 6 Cr\u00e9ditos<\/span><\/a><\/li><li><a href=\"https:\/\/esei.uvigo.es\/es\/asignaturas\/mia\/robotica-intelixente-i\/\"> <span class=\"field_title\">Rob\u00f3tica Inteligente I \/ Intelligent Robotic I<\/span><span class=\"field_type\"> \\ Obrigatoria<\/span><span class=\"field_credits\"> \\ 3 Cr\u00e9ditos<\/span><\/a><\/li><li><a href=\"https:\/\/esei.uvigo.es\/es\/asignaturas\/mia\/vision-por-computador-i\/\"> <span class=\"field_title\">Visi\u00f3n por Computadora I \/ Computer Vision I<\/span><span class=\"field_type\"> \\ Obrigatoria<\/span><span class=\"field_credits\"> \\ 3 Cr\u00e9ditos<\/span><\/a><\/li><\/ul><h3>Segundo cuatrimestre<\/h3><ul class=\"uvigo_subjects\"><li><a href=\"https:\/\/esei.uvigo.es\/es\/asignaturas\/mia\/aprendizaxe-automatico-ii-2\/\"> <span class=\"field_title\">Aprendizaje Autom\u00e1tico II \/ Machine Learning II<\/span><span class=\"field_type\"> \\ Optativa<\/span><span class=\"field_credits\"> \\ 3 Cr\u00e9ditos<\/span><\/a><\/li><li><a href=\"https:\/\/esei.uvigo.es\/es\/asignaturas\/mia\/aprendizaxe-profundo\/\"> <span class=\"field_title\">Aprendizaje Profundo \/ Deep Learning<\/span><span class=\"field_type\"> \\ Optativa<\/span><span class=\"field_credits\"> \\ 6 Cr\u00e9ditos<\/span><\/a><\/li><li><a href=\"https:\/\/esei.uvigo.es\/es\/asignaturas\/mia\/computacion-evolutiva\/\"> <span class=\"field_title\">Computaci\u00f3n Evolutiva \/ Evolutionary Computation<\/span><span class=\"field_type\"> \\ Optativa<\/span><span class=\"field_credits\"> \\ 3 Cr\u00e9ditos<\/span><\/a><\/li><li><a href=\"https:\/\/esei.uvigo.es\/es\/asignaturas\/mia\/conecemento-e-razoamento-con-incertidumbre\/\"> <span class=\"field_title\">Conocimiento y razonamiento con incertidumbre \/ Knowledge and Reasoning under uncertainty<\/span><span class=\"field_type\"> \\ Optativa<\/span><span class=\"field_credits\"> \\ 3 Cr\u00e9ditos<\/span><\/a><\/li><li><a href=\"https:\/\/esei.uvigo.es\/es\/asignaturas\/mia\/xestion-de-proxectos-de-ia\/\"> <span class=\"field_title\">Gesti\u00f3n de Proyectos de IA \/ AI Project Management<\/span><span class=\"field_type\"> \\ Obrigatoria<\/span><span class=\"field_credits\"> \\ 3 Cr\u00e9ditos<\/span><\/a><\/li><li><a href=\"https:\/\/esei.uvigo.es\/es\/asignaturas\/mia\/ia-explicable-e-confiable\/\"> <span class=\"field_title\">IA Explicable y Confiable \/ Trustworthy and Explainable AI<\/span><span class=\"field_type\"> \\ Obrigatoria<\/span><span class=\"field_credits\"> \\ 3 Cr\u00e9ditos<\/span><\/a><\/li><li><a href=\"https:\/\/esei.uvigo.es\/es\/asignaturas\/mia\/intelixencia-web-e-tecnoloxias-semanticas\/\"> <span class=\"field_title\">Inteligencia Web y Tecnolog\u00edas Sem\u00e1nticas \/ Web Intelligence and Semantic Technologies<\/span><span class=\"field_type\"> \\ Optativa<\/span><span class=\"field_credits\"> \\ 6 Cr\u00e9ditos<\/span><\/a><\/li><li><a href=\"https:\/\/esei.uvigo.es\/es\/asignaturas\/mia\/minaria-de-procesos\/\"> <span class=\"field_title\">Miner\u00eda de Procesos \/ Process Mining<\/span><span class=\"field_type\"> \\ Optativa<\/span><span class=\"field_credits\"> \\ 3 Cr\u00e9ditos<\/span><\/a><\/li><li><a href=\"https:\/\/esei.uvigo.es\/es\/asignaturas\/mia\/modelado-do-linguaxe\/\"> <span class=\"field_title\">Modelado del Lenguaje \/ Language Modelling<\/span><span class=\"field_type\"> \\ Optativa<\/span><span class=\"field_credits\"> \\ 3 Cr\u00e9ditos<\/span><\/a><\/li><li><a href=\"https:\/\/esei.uvigo.es\/es\/asignaturas\/mia\/robotica-intelixente-ii\/\"> <span class=\"field_title\">Rob\u00f3tica Inteligente II \/ Intelligent Robotics II<\/span><span class=\"field_type\"> \\ Optativa<\/span><span class=\"field_credits\"> \\ 6 Cr\u00e9ditos<\/span><\/a><\/li><li><a href=\"https:\/\/esei.uvigo.es\/es\/asignaturas\/mia\/sistemas-intelixentes-de-tempo-real\/\"> <span class=\"field_title\">Sistemas Inteligentes de Tiempo Real \/ Intelligent Real Time Systems<\/span><span class=\"field_type\"> \\ Optativa<\/span><span class=\"field_credits\"> \\ 3 Cr\u00e9ditos<\/span><\/a><\/li><li><a href=\"https:\/\/esei.uvigo.es\/es\/asignaturas\/mia\/sistemas-multiaxente\/\"> <span class=\"field_title\">Sistemas Multiagente \/ Multi-agent systems<\/span><span class=\"field_type\"> \\ Optativa<\/span><span class=\"field_credits\"> \\ 6 Cr\u00e9ditos<\/span><\/a><\/li><li><a href=\"https:\/\/esei.uvigo.es\/es\/asignaturas\/mia\/vision-por-computador-ii\/\"> <span class=\"field_title\">Visi\u00f3n por computadora II \/ Computer Vision II<\/span><span class=\"field_type\"> \\ Optativa<\/span><span class=\"field_credits\"> \\ 6 Cr\u00e9ditos<\/span><\/a><\/li><\/ul>\n<h2>2\u00ba Curso<\/h2>\n<h3>Primer cuatrimestre<\/h3><ul class=\"uvigo_subjects\"><li><a href=\"https:\/\/esei.uvigo.es\/es\/asignaturas\/mia\/aspectos-computacionais-da-ciencia-cognitiva\/\"> <span class=\"field_title\">Aspectos Computacionales de la Ciencia Cognitiva \/ Computational aspects of Cognitive Science<\/span><span class=\"field_type\"> \\ Optativa<\/span><span class=\"field_credits\"> \\ 3 Cr\u00e9ditos<\/span><\/a><\/li><li><a href=\"https:\/\/esei.uvigo.es\/es\/asignaturas\/mia\/ciberseguridade-intelixente-2\/\"> <span class=\"field_title\">Ciberseguridad Inteligente \/ Intelligent Cybersecurity<\/span><span class=\"field_type\"> \\ Optativa<\/span><span class=\"field_credits\"> \\ 3 Cr\u00e9ditos<\/span><\/a><\/li><li><a href=\"https:\/\/esei.uvigo.es\/es\/asignaturas\/mia\/ia-en-entornos-big-data\/\"> <span class=\"field_title\">IA en entornos Big Data \/ AI in Big Data Environments<\/span><span class=\"field_type\"> \\ Optativa<\/span><span class=\"field_credits\"> \\ 6 Cr\u00e9ditos<\/span><\/a><\/li><li><a href=\"https:\/\/esei.uvigo.es\/es\/asignaturas\/mia\/ia-en-saude\/\"> <span class=\"field_title\">IA en Salud \/ AI in Health<\/span><span class=\"field_type\"> \\ Optativa<\/span><span class=\"field_credits\"> \\ 3 Cr\u00e9ditos<\/span><\/a><\/li><li><a href=\"https:\/\/esei.uvigo.es\/es\/asignaturas\/mia\/iot-intelixente\/\"> <span class=\"field_title\">IoT Inteligente \/ Intelligent IoT<\/span><span class=\"field_type\"> \\ Optativa<\/span><span class=\"field_credits\"> \\ 3 Cr\u00e9ditos<\/span><\/a><\/li><li><a href=\"https:\/\/esei.uvigo.es\/es\/asignaturas\/mia\/mineria-de-textos\/\"> <span class=\"field_title\">Minar\u00eda de Textos \/ Text Mining<\/span><span class=\"field_type\"> \\ Optativa<\/span><span class=\"field_credits\"> \\ 3 Cr\u00e9ditos<\/span><\/a><\/li><li><a href=\"https:\/\/esei.uvigo.es\/es\/asignaturas\/mia\/practicas-externas-internships\/\"> <span class=\"field_title\">Pr\u00e1cticas Externas \/Internships<\/span><span class=\"field_type\"> \\ Obrigatoria<\/span><span class=\"field_credits\"> \\ 6 Cr\u00e9ditos<\/span><\/a><\/li><li><a href=\"https:\/\/esei.uvigo.es\/es\/asignaturas\/mia\/temas-emerxentes-e-emprendemento-en-ia\/\"> <span class=\"field_title\">Temas emergentes y emprendimiento en IA \/ Emerging and Entrepreuneurial AI<\/span><span class=\"field_type\"> \\ Optativa<\/span><span class=\"field_credits\"> \\ 3 Cr\u00e9ditos<\/span><\/a><\/li><li><a href=\"https:\/\/esei.uvigo.es\/es\/asignaturas\/mia\/traballo-fin-de-master-master-thesis\/\"> <span class=\"field_title\">Trabajo Fin de M\u00e1ster \/Master Thesis<\/span><span class=\"field_type\"> \\ Obrigatoria<\/span><span class=\"field_credits\"> \\ 12 Cr\u00e9ditos<\/span><\/a><\/li><\/ul>\n","protected":false},"excerpt":{"rendered":"","protected":false},"author":1,"featured_media":0,"parent":24505,"menu_order":3,"comment_status":"closed","ping_status":"closed","template":"","meta":{"_acf_changed":false,"footnotes":""},"class_list":["post-24580","page","type-page","status-publish","hentry"],"acf":[],"yoast_head":"<!-- This site is optimized with the Yoast SEO plugin v27.6 - https:\/\/yoast.com\/product\/yoast-seo-wordpress\/ -->\n<title>Asignaturas por curso | Escola Superior de Enxe\u00f1ar\u00eda Inform\u00e1tica<\/title>\n<meta name=\"robots\" content=\"index, follow, max-snippet:-1, max-image-preview:large, max-video-preview:-1\" \/>\n<link rel=\"canonical\" href=\"https:\/\/esei.uvigo.es\/es\/estudos\/master-universitario-en-intelixencia-artificial\/asignaturas-por-curso\/\" \/>\n<meta property=\"og:locale\" content=\"es_ES\" \/>\n<meta property=\"og:type\" content=\"article\" \/>\n<meta property=\"og:title\" content=\"Asignaturas por curso | Escola Superior de Enxe\u00f1ar\u00eda Inform\u00e1tica\" \/>\n<meta property=\"og:url\" content=\"https:\/\/esei.uvigo.es\/es\/estudos\/master-universitario-en-intelixencia-artificial\/asignaturas-por-curso\/\" \/>\n<meta property=\"og:site_name\" content=\"Escola Superior de Enxe\u00f1ar\u00eda Inform\u00e1tica\" \/>\n<meta property=\"article:modified_time\" content=\"2022-10-19T19:03:53+00:00\" \/>\n<meta name=\"twitter:card\" content=\"summary_large_image\" \/>\n<meta name=\"twitter:label1\" content=\"Tiempo de lectura\" \/>\n\t<meta name=\"twitter:data1\" content=\"1 minuto\" \/>\n<script type=\"application\/ld+json\" class=\"yoast-schema-graph\">{\"@context\":\"https:\\\/\\\/schema.org\",\"@graph\":[{\"@type\":\"WebPage\",\"@id\":\"https:\\\/\\\/esei.uvigo.es\\\/es\\\/estudos\\\/master-universitario-en-intelixencia-artificial\\\/asignaturas-por-curso\\\/\",\"url\":\"https:\\\/\\\/esei.uvigo.es\\\/es\\\/estudos\\\/master-universitario-en-intelixencia-artificial\\\/asignaturas-por-curso\\\/\",\"name\":\"Asignaturas por curso | Escola Superior de Enxe\u00f1ar\u00eda Inform\u00e1tica\",\"isPartOf\":{\"@id\":\"https:\\\/\\\/esei.uvigo.es\\\/es\\\/#website\"},\"datePublished\":\"2022-06-21T19:00:46+00:00\",\"dateModified\":\"2022-10-19T19:03:53+00:00\",\"breadcrumb\":{\"@id\":\"https:\\\/\\\/esei.uvigo.es\\\/es\\\/estudos\\\/master-universitario-en-intelixencia-artificial\\\/asignaturas-por-curso\\\/#breadcrumb\"},\"inLanguage\":\"es\",\"potentialAction\":[{\"@type\":\"ReadAction\",\"target\":[\"https:\\\/\\\/esei.uvigo.es\\\/es\\\/estudos\\\/master-universitario-en-intelixencia-artificial\\\/asignaturas-por-curso\\\/\"]}]},{\"@type\":\"BreadcrumbList\",\"@id\":\"https:\\\/\\\/esei.uvigo.es\\\/es\\\/estudos\\\/master-universitario-en-intelixencia-artificial\\\/asignaturas-por-curso\\\/#breadcrumb\",\"itemListElement\":[{\"@type\":\"ListItem\",\"position\":1,\"name\":\"Portada\",\"item\":\"https:\\\/\\\/esei.uvigo.es\\\/es\\\/\"},{\"@type\":\"ListItem\",\"position\":2,\"name\":\"Estudios\",\"item\":\"https:\\\/\\\/esei.uvigo.es\\\/es\\\/estudos\\\/\"},{\"@type\":\"ListItem\",\"position\":3,\"name\":\"M\u00e1ster Universitario en Inteligencia Artificial\",\"item\":\"https:\\\/\\\/esei.uvigo.es\\\/es\\\/estudos\\\/master-universitario-en-intelixencia-artificial\\\/\"},{\"@type\":\"ListItem\",\"position\":4,\"name\":\"Asignaturas por curso\"}]},{\"@type\":\"WebSite\",\"@id\":\"https:\\\/\\\/esei.uvigo.es\\\/es\\\/#website\",\"url\":\"https:\\\/\\\/esei.uvigo.es\\\/es\\\/\",\"name\":\"Escola Superior de Enxe\u00f1ar\u00eda Inform\u00e1tica\",\"description\":\"\",\"publisher\":{\"@id\":\"https:\\\/\\\/esei.uvigo.es\\\/es\\\/#organization\"},\"potentialAction\":[{\"@type\":\"SearchAction\",\"target\":{\"@type\":\"EntryPoint\",\"urlTemplate\":\"https:\\\/\\\/esei.uvigo.es\\\/es\\\/?s={search_term_string}\"},\"query-input\":{\"@type\":\"PropertyValueSpecification\",\"valueRequired\":true,\"valueName\":\"search_term_string\"}}],\"inLanguage\":\"es\"},{\"@type\":\"Organization\",\"@id\":\"https:\\\/\\\/esei.uvigo.es\\\/es\\\/#organization\",\"name\":\"Escola Superior de Enxe\u00f1ar\u00eda Inform\u00e1tica\",\"url\":\"https:\\\/\\\/esei.uvigo.es\\\/es\\\/\",\"logo\":{\"@type\":\"ImageObject\",\"inLanguage\":\"es\",\"@id\":\"https:\\\/\\\/esei.uvigo.es\\\/es\\\/#\\\/schema\\\/logo\\\/image\\\/\",\"url\":\"https:\\\/\\\/esei.uvigo.es\\\/wp-content\\\/uploads\\\/2019\\\/09\\\/esei.png\",\"contentUrl\":\"https:\\\/\\\/esei.uvigo.es\\\/wp-content\\\/uploads\\\/2019\\\/09\\\/esei.png\",\"width\":579,\"height\":98,\"caption\":\"Escola Superior de Enxe\u00f1ar\u00eda Inform\u00e1tica\"},\"image\":{\"@id\":\"https:\\\/\\\/esei.uvigo.es\\\/es\\\/#\\\/schema\\\/logo\\\/image\\\/\"}}]}<\/script>\n<!-- \/ Yoast SEO plugin. -->","yoast_head_json":{"title":"Asignaturas por curso | Escola Superior de Enxe\u00f1ar\u00eda Inform\u00e1tica","robots":{"index":"index","follow":"follow","max-snippet":"max-snippet:-1","max-image-preview":"max-image-preview:large","max-video-preview":"max-video-preview:-1"},"canonical":"https:\/\/esei.uvigo.es\/es\/estudos\/master-universitario-en-intelixencia-artificial\/asignaturas-por-curso\/","og_locale":"es_ES","og_type":"article","og_title":"Asignaturas por curso | Escola Superior de Enxe\u00f1ar\u00eda Inform\u00e1tica","og_url":"https:\/\/esei.uvigo.es\/es\/estudos\/master-universitario-en-intelixencia-artificial\/asignaturas-por-curso\/","og_site_name":"Escola Superior de Enxe\u00f1ar\u00eda Inform\u00e1tica","article_modified_time":"2022-10-19T19:03:53+00:00","twitter_card":"summary_large_image","twitter_misc":{"Tiempo de lectura":"1 minuto"},"schema":{"@context":"https:\/\/schema.org","@graph":[{"@type":"WebPage","@id":"https:\/\/esei.uvigo.es\/es\/estudos\/master-universitario-en-intelixencia-artificial\/asignaturas-por-curso\/","url":"https:\/\/esei.uvigo.es\/es\/estudos\/master-universitario-en-intelixencia-artificial\/asignaturas-por-curso\/","name":"Asignaturas por curso | Escola Superior de Enxe\u00f1ar\u00eda Inform\u00e1tica","isPartOf":{"@id":"https:\/\/esei.uvigo.es\/es\/#website"},"datePublished":"2022-06-21T19:00:46+00:00","dateModified":"2022-10-19T19:03:53+00:00","breadcrumb":{"@id":"https:\/\/esei.uvigo.es\/es\/estudos\/master-universitario-en-intelixencia-artificial\/asignaturas-por-curso\/#breadcrumb"},"inLanguage":"es","potentialAction":[{"@type":"ReadAction","target":["https:\/\/esei.uvigo.es\/es\/estudos\/master-universitario-en-intelixencia-artificial\/asignaturas-por-curso\/"]}]},{"@type":"BreadcrumbList","@id":"https:\/\/esei.uvigo.es\/es\/estudos\/master-universitario-en-intelixencia-artificial\/asignaturas-por-curso\/#breadcrumb","itemListElement":[{"@type":"ListItem","position":1,"name":"Portada","item":"https:\/\/esei.uvigo.es\/es\/"},{"@type":"ListItem","position":2,"name":"Estudios","item":"https:\/\/esei.uvigo.es\/es\/estudos\/"},{"@type":"ListItem","position":3,"name":"M\u00e1ster Universitario en Inteligencia Artificial","item":"https:\/\/esei.uvigo.es\/es\/estudos\/master-universitario-en-intelixencia-artificial\/"},{"@type":"ListItem","position":4,"name":"Asignaturas por curso"}]},{"@type":"WebSite","@id":"https:\/\/esei.uvigo.es\/es\/#website","url":"https:\/\/esei.uvigo.es\/es\/","name":"Escola Superior de Enxe\u00f1ar\u00eda Inform\u00e1tica","description":"","publisher":{"@id":"https:\/\/esei.uvigo.es\/es\/#organization"},"potentialAction":[{"@type":"SearchAction","target":{"@type":"EntryPoint","urlTemplate":"https:\/\/esei.uvigo.es\/es\/?s={search_term_string}"},"query-input":{"@type":"PropertyValueSpecification","valueRequired":true,"valueName":"search_term_string"}}],"inLanguage":"es"},{"@type":"Organization","@id":"https:\/\/esei.uvigo.es\/es\/#organization","name":"Escola Superior de Enxe\u00f1ar\u00eda Inform\u00e1tica","url":"https:\/\/esei.uvigo.es\/es\/","logo":{"@type":"ImageObject","inLanguage":"es","@id":"https:\/\/esei.uvigo.es\/es\/#\/schema\/logo\/image\/","url":"https:\/\/esei.uvigo.es\/wp-content\/uploads\/2019\/09\/esei.png","contentUrl":"https:\/\/esei.uvigo.es\/wp-content\/uploads\/2019\/09\/esei.png","width":579,"height":98,"caption":"Escola Superior de Enxe\u00f1ar\u00eda Inform\u00e1tica"},"image":{"@id":"https:\/\/esei.uvigo.es\/es\/#\/schema\/logo\/image\/"}}]}},"_links":{"self":[{"href":"https:\/\/esei.uvigo.es\/es\/wp-json\/wp\/v2\/pages\/24580","targetHints":{"allow":["GET"]}}],"collection":[{"href":"https:\/\/esei.uvigo.es\/es\/wp-json\/wp\/v2\/pages"}],"about":[{"href":"https:\/\/esei.uvigo.es\/es\/wp-json\/wp\/v2\/types\/page"}],"author":[{"embeddable":true,"href":"https:\/\/esei.uvigo.es\/es\/wp-json\/wp\/v2\/users\/1"}],"replies":[{"embeddable":true,"href":"https:\/\/esei.uvigo.es\/es\/wp-json\/wp\/v2\/comments?post=24580"}],"version-history":[{"count":1,"href":"https:\/\/esei.uvigo.es\/es\/wp-json\/wp\/v2\/pages\/24580\/revisions"}],"predecessor-version":[{"id":24911,"href":"https:\/\/esei.uvigo.es\/es\/wp-json\/wp\/v2\/pages\/24580\/revisions\/24911"}],"up":[{"embeddable":true,"href":"https:\/\/esei.uvigo.es\/es\/wp-json\/wp\/v2\/pages\/24505"}],"wp:attachment":[{"href":"https:\/\/esei.uvigo.es\/es\/wp-json\/wp\/v2\/media?parent=24580"}],"curies":[{"name":"wp","href":"https:\/\/api.w.org\/{rel}","templated":true}]}}