{"id":23403,"date":"2022-06-08T17:12:33","date_gmt":"2022-06-08T15:12:33","guid":{"rendered":"https:\/\/esei.uvigo.es\/estudos\/grao-en-intelixencia-artifical\/informes-de-coordinacion\/"},"modified":"2026-01-02T18:43:35","modified_gmt":"2026-01-02T17:43:35","slug":"informes-de-coordinacion","status":"publish","type":"page","link":"https:\/\/esei.uvigo.es\/es\/estudos\/grao-en-intelixencia-artifical\/informes-de-coordinacion\/","title":{"rendered":"Informes de coordinaci\u00f3n"},"content":{"rendered":"<h2>Plan de Coordinaci\u00f3n Docente<\/h2>\n<h4><a href=\"https:\/\/esei.uvigo.es\/documentos\/sgic_do-0201-plan-coordinacion-docente-grado\/\" target=\"_blank\" rel=\"noopener noreferrer\">Plan de Coordinaci\u00f3n Docente de los Grados de la ESEI<\/a><\/h4>\n<h2><\/h2>\n<h2>Informes de Coordinaci\u00f3n GRIA<\/h2>\n<ul class=\"list-peak\">\n<li><a href=\"https:\/\/esei.uvigo.es\/documentos\/gria-informe-de-coordinacion-2024-2025\/\" target=\"_blank\" rel=\"noopener\">Curso 2024-2025<\/a> (<a href=\"https:\/\/esei.uvigo.es\/documentos\/gria-informe-de-coordinacion-2024-2025_anexoi\/\" target=\"_blank\" rel=\"noopener\">AnexoI: actas reuniones cursos<\/a>) (<a href=\"https:\/\/esei.uvigo.es\/documentos\/gria-informe-de-coordinacion-2024-2025_anexoii\/\" target=\"_blank\" rel=\"noopener\">AnexoII: actas reuniones m\u00f3dulos<\/a>)<\/li>\n<li><a href=\"https:\/\/esei.uvigo.es\/documentos\/gria-informe-de-coordinacion-2023-2024\/\" target=\"_blank\" rel=\"noopener\">Curso 2023-2024<\/a><\/li>\n<li><a href=\"https:\/\/esei.uvigo.es\/documentos\/gria-informe-de-coordinacion-2022-2023\/\" target=\"_blank\" rel=\"noopener\">Curso 2022-2023<\/a><\/li>\n<\/ul>\n","protected":false},"excerpt":{"rendered":"<p>Plan de Coordinaci\u00f3n Docente Plan de Coordinaci\u00f3n Docente de los Grados de la ESEI Informes de Coordinaci\u00f3n GRIA Curso 2024-2025 (AnexoI: actas reuniones cursos) (AnexoII: &hellip; <a class=\"excerpt_more\" href=\"https:\/\/esei.uvigo.es\/es\/estudos\/grao-en-intelixencia-artifical\/informes-de-coordinacion\/\">Contin\u00faa<\/a><\/p>\n","protected":false},"author":1,"featured_media":0,"parent":23397,"menu_order":7,"comment_status":"closed","ping_status":"closed","template":"","meta":{"_acf_changed":false,"footnotes":""},"class_list":["post-23403","page","type-page","status-publish","hentry"],"acf":[],"yoast_head":"<!-- This site is optimized with the Yoast SEO plugin v27.6 - https:\/\/yoast.com\/product\/yoast-seo-wordpress\/ -->\n<title>Informes de coordinaci\u00f3n | Escola Superior de Enxe\u00f1ar\u00eda Inform\u00e1tica<\/title>\n<meta name=\"robots\" content=\"index, follow, max-snippet:-1, max-image-preview:large, max-video-preview:-1\" \/>\n<link rel=\"canonical\" href=\"https:\/\/esei.uvigo.es\/es\/estudos\/grao-en-intelixencia-artifical\/informes-de-coordinacion\/\" \/>\n<meta property=\"og:locale\" content=\"es_ES\" \/>\n<meta property=\"og:type\" content=\"article\" \/>\n<meta property=\"og:title\" content=\"Informes de coordinaci\u00f3n | Escola Superior de Enxe\u00f1ar\u00eda Inform\u00e1tica\" \/>\n<meta property=\"og:description\" content=\"Plan de Coordinaci\u00f3n Docente Plan de Coordinaci\u00f3n Docente de los Grados de la ESEI Informes de Coordinaci\u00f3n GRIA Curso 2024-2025 (AnexoI: actas reuniones cursos) (AnexoII: &hellip; Contin\u00faa\" \/>\n<meta property=\"og:url\" content=\"https:\/\/esei.uvigo.es\/es\/estudos\/grao-en-intelixencia-artifical\/informes-de-coordinacion\/\" \/>\n<meta property=\"og:site_name\" content=\"Escola Superior de Enxe\u00f1ar\u00eda Inform\u00e1tica\" \/>\n<meta property=\"article:modified_time\" content=\"2026-01-02T17:43:35+00:00\" \/>\n<meta name=\"twitter:card\" content=\"summary_large_image\" \/>\n<meta name=\"twitter:label1\" content=\"Tiempo de lectura\" \/>\n\t<meta name=\"twitter:data1\" content=\"1 minuto\" \/>\n<script type=\"application\/ld+json\" class=\"yoast-schema-graph\">{\"@context\":\"https:\\\/\\\/schema.org\",\"@graph\":[{\"@type\":\"WebPage\",\"@id\":\"https:\\\/\\\/esei.uvigo.es\\\/es\\\/estudos\\\/grao-en-intelixencia-artifical\\\/informes-de-coordinacion\\\/\",\"url\":\"https:\\\/\\\/esei.uvigo.es\\\/es\\\/estudos\\\/grao-en-intelixencia-artifical\\\/informes-de-coordinacion\\\/\",\"name\":\"Informes de coordinaci\u00f3n | Escola Superior de Enxe\u00f1ar\u00eda Inform\u00e1tica\",\"isPartOf\":{\"@id\":\"https:\\\/\\\/esei.uvigo.es\\\/es\\\/#website\"},\"datePublished\":\"2022-06-08T15:12:33+00:00\",\"dateModified\":\"2026-01-02T17:43:35+00:00\",\"breadcrumb\":{\"@id\":\"https:\\\/\\\/esei.uvigo.es\\\/es\\\/estudos\\\/grao-en-intelixencia-artifical\\\/informes-de-coordinacion\\\/#breadcrumb\"},\"inLanguage\":\"es\",\"potentialAction\":[{\"@type\":\"ReadAction\",\"target\":[\"https:\\\/\\\/esei.uvigo.es\\\/es\\\/estudos\\\/grao-en-intelixencia-artifical\\\/informes-de-coordinacion\\\/\"]}]},{\"@type\":\"BreadcrumbList\",\"@id\":\"https:\\\/\\\/esei.uvigo.es\\\/es\\\/estudos\\\/grao-en-intelixencia-artifical\\\/informes-de-coordinacion\\\/#breadcrumb\",\"itemListElement\":[{\"@type\":\"ListItem\",\"position\":1,\"name\":\"Portada\",\"item\":\"https:\\\/\\\/esei.uvigo.es\\\/es\\\/\"},{\"@type\":\"ListItem\",\"position\":2,\"name\":\"Estudios\",\"item\":\"https:\\\/\\\/esei.uvigo.es\\\/es\\\/estudos\\\/\"},{\"@type\":\"ListItem\",\"position\":3,\"name\":\"Grado en Inteligencia Artificial\",\"item\":\"https:\\\/\\\/esei.uvigo.es\\\/es\\\/estudos\\\/grao-en-intelixencia-artifical\\\/\"},{\"@type\":\"ListItem\",\"position\":4,\"name\":\"Informes de coordinaci\u00f3n\"}]},{\"@type\":\"WebSite\",\"@id\":\"https:\\\/\\\/esei.uvigo.es\\\/es\\\/#website\",\"url\":\"https:\\\/\\\/esei.uvigo.es\\\/es\\\/\",\"name\":\"Escola Superior de Enxe\u00f1ar\u00eda Inform\u00e1tica\",\"description\":\"\",\"publisher\":{\"@id\":\"https:\\\/\\\/esei.uvigo.es\\\/es\\\/#organization\"},\"potentialAction\":[{\"@type\":\"SearchAction\",\"target\":{\"@type\":\"EntryPoint\",\"urlTemplate\":\"https:\\\/\\\/esei.uvigo.es\\\/es\\\/?s={search_term_string}\"},\"query-input\":{\"@type\":\"PropertyValueSpecification\",\"valueRequired\":true,\"valueName\":\"search_term_string\"}}],\"inLanguage\":\"es\"},{\"@type\":\"Organization\",\"@id\":\"https:\\\/\\\/esei.uvigo.es\\\/es\\\/#organization\",\"name\":\"Escola Superior de Enxe\u00f1ar\u00eda Inform\u00e1tica\",\"url\":\"https:\\\/\\\/esei.uvigo.es\\\/es\\\/\",\"logo\":{\"@type\":\"ImageObject\",\"inLanguage\":\"es\",\"@id\":\"https:\\\/\\\/esei.uvigo.es\\\/es\\\/#\\\/schema\\\/logo\\\/image\\\/\",\"url\":\"https:\\\/\\\/esei.uvigo.es\\\/wp-content\\\/uploads\\\/2019\\\/09\\\/esei.png\",\"contentUrl\":\"https:\\\/\\\/esei.uvigo.es\\\/wp-content\\\/uploads\\\/2019\\\/09\\\/esei.png\",\"width\":579,\"height\":98,\"caption\":\"Escola Superior de Enxe\u00f1ar\u00eda Inform\u00e1tica\"},\"image\":{\"@id\":\"https:\\\/\\\/esei.uvigo.es\\\/es\\\/#\\\/schema\\\/logo\\\/image\\\/\"}}]}<\/script>\n<!-- \/ Yoast SEO plugin. -->","yoast_head_json":{"title":"Informes de coordinaci\u00f3n | Escola Superior de Enxe\u00f1ar\u00eda Inform\u00e1tica","robots":{"index":"index","follow":"follow","max-snippet":"max-snippet:-1","max-image-preview":"max-image-preview:large","max-video-preview":"max-video-preview:-1"},"canonical":"https:\/\/esei.uvigo.es\/es\/estudos\/grao-en-intelixencia-artifical\/informes-de-coordinacion\/","og_locale":"es_ES","og_type":"article","og_title":"Informes de coordinaci\u00f3n | Escola Superior de Enxe\u00f1ar\u00eda Inform\u00e1tica","og_description":"Plan de Coordinaci\u00f3n Docente Plan de Coordinaci\u00f3n Docente de los Grados de la ESEI Informes de Coordinaci\u00f3n GRIA Curso 2024-2025 (AnexoI: actas reuniones cursos) (AnexoII: &hellip; Contin\u00faa","og_url":"https:\/\/esei.uvigo.es\/es\/estudos\/grao-en-intelixencia-artifical\/informes-de-coordinacion\/","og_site_name":"Escola Superior de Enxe\u00f1ar\u00eda Inform\u00e1tica","article_modified_time":"2026-01-02T17:43:35+00:00","twitter_card":"summary_large_image","twitter_misc":{"Tiempo de lectura":"1 minuto"},"schema":{"@context":"https:\/\/schema.org","@graph":[{"@type":"WebPage","@id":"https:\/\/esei.uvigo.es\/es\/estudos\/grao-en-intelixencia-artifical\/informes-de-coordinacion\/","url":"https:\/\/esei.uvigo.es\/es\/estudos\/grao-en-intelixencia-artifical\/informes-de-coordinacion\/","name":"Informes de coordinaci\u00f3n | Escola Superior de Enxe\u00f1ar\u00eda Inform\u00e1tica","isPartOf":{"@id":"https:\/\/esei.uvigo.es\/es\/#website"},"datePublished":"2022-06-08T15:12:33+00:00","dateModified":"2026-01-02T17:43:35+00:00","breadcrumb":{"@id":"https:\/\/esei.uvigo.es\/es\/estudos\/grao-en-intelixencia-artifical\/informes-de-coordinacion\/#breadcrumb"},"inLanguage":"es","potentialAction":[{"@type":"ReadAction","target":["https:\/\/esei.uvigo.es\/es\/estudos\/grao-en-intelixencia-artifical\/informes-de-coordinacion\/"]}]},{"@type":"BreadcrumbList","@id":"https:\/\/esei.uvigo.es\/es\/estudos\/grao-en-intelixencia-artifical\/informes-de-coordinacion\/#breadcrumb","itemListElement":[{"@type":"ListItem","position":1,"name":"Portada","item":"https:\/\/esei.uvigo.es\/es\/"},{"@type":"ListItem","position":2,"name":"Estudios","item":"https:\/\/esei.uvigo.es\/es\/estudos\/"},{"@type":"ListItem","position":3,"name":"Grado en Inteligencia Artificial","item":"https:\/\/esei.uvigo.es\/es\/estudos\/grao-en-intelixencia-artifical\/"},{"@type":"ListItem","position":4,"name":"Informes de coordinaci\u00f3n"}]},{"@type":"WebSite","@id":"https:\/\/esei.uvigo.es\/es\/#website","url":"https:\/\/esei.uvigo.es\/es\/","name":"Escola Superior de Enxe\u00f1ar\u00eda Inform\u00e1tica","description":"","publisher":{"@id":"https:\/\/esei.uvigo.es\/es\/#organization"},"potentialAction":[{"@type":"SearchAction","target":{"@type":"EntryPoint","urlTemplate":"https:\/\/esei.uvigo.es\/es\/?s={search_term_string}"},"query-input":{"@type":"PropertyValueSpecification","valueRequired":true,"valueName":"search_term_string"}}],"inLanguage":"es"},{"@type":"Organization","@id":"https:\/\/esei.uvigo.es\/es\/#organization","name":"Escola Superior de Enxe\u00f1ar\u00eda Inform\u00e1tica","url":"https:\/\/esei.uvigo.es\/es\/","logo":{"@type":"ImageObject","inLanguage":"es","@id":"https:\/\/esei.uvigo.es\/es\/#\/schema\/logo\/image\/","url":"https:\/\/esei.uvigo.es\/wp-content\/uploads\/2019\/09\/esei.png","contentUrl":"https:\/\/esei.uvigo.es\/wp-content\/uploads\/2019\/09\/esei.png","width":579,"height":98,"caption":"Escola Superior de Enxe\u00f1ar\u00eda Inform\u00e1tica"},"image":{"@id":"https:\/\/esei.uvigo.es\/es\/#\/schema\/logo\/image\/"}}]}},"_links":{"self":[{"href":"https:\/\/esei.uvigo.es\/es\/wp-json\/wp\/v2\/pages\/23403","targetHints":{"allow":["GET"]}}],"collection":[{"href":"https:\/\/esei.uvigo.es\/es\/wp-json\/wp\/v2\/pages"}],"about":[{"href":"https:\/\/esei.uvigo.es\/es\/wp-json\/wp\/v2\/types\/page"}],"author":[{"embeddable":true,"href":"https:\/\/esei.uvigo.es\/es\/wp-json\/wp\/v2\/users\/1"}],"replies":[{"embeddable":true,"href":"https:\/\/esei.uvigo.es\/es\/wp-json\/wp\/v2\/comments?post=23403"}],"version-history":[{"count":4,"href":"https:\/\/esei.uvigo.es\/es\/wp-json\/wp\/v2\/pages\/23403\/revisions"}],"predecessor-version":[{"id":29729,"href":"https:\/\/esei.uvigo.es\/es\/wp-json\/wp\/v2\/pages\/23403\/revisions\/29729"}],"up":[{"embeddable":true,"href":"https:\/\/esei.uvigo.es\/es\/wp-json\/wp\/v2\/pages\/23397"}],"wp:attachment":[{"href":"https:\/\/esei.uvigo.es\/es\/wp-json\/wp\/v2\/media?parent=23403"}],"curies":[{"name":"wp","href":"https:\/\/api.w.org\/{rel}","templated":true}]}}