{"id":22883,"date":"2018-09-05T10:32:02","date_gmt":"2018-09-05T08:32:02","guid":{"rendered":"https:\/\/esei.uvigo.es\/calidade\/indicadores-e-resultados\/"},"modified":"2025-12-11T10:34:40","modified_gmt":"2025-12-11T09:34:40","slug":"indicadores-e-resultados","status":"publish","type":"page","link":"https:\/\/esei.uvigo.es\/es\/calidade\/indicadores-e-resultados\/","title":{"rendered":"Indicadores y resultados"},"content":{"rendered":"<div id=\"accordion0\" class=\"accordion \" role=\"tablist\" aria-multiselectable=\"true\" >\n<div class=\"card\" >\n<div class=\"card-header\"><a class=\"collapse  collapsed\" data-toggle=\"collapse\" data-parent=\"#accordion0\" href=\"#collapse0\" aria-controls=\"collapse0\"> Indicadores y resultados del Centro \u00a0<\/a><\/div>\n<div id=\"collapse0\" class=\"collapse\" role=\"tabpanel\" data-parent=\"#accordion0\"><div class=\"card-body\">\n<h3>Informes de resultados anuales<\/h3>\n<ul>\n<li><a href=\"https:\/\/esei.uvigo.es\/documentos\/c_ir_centro_informe_direccion_2324\/\" target=\"_blank\" rel=\"noopener\" class=\"card-link\">DE-03 P1 Informe de revisi\u00f3n del sistema por la Direcci\u00f3n (2023-24)<\/a> <a href=\"https:\/\/esei.uvigo.es\/documentos\/c_ir_centro_informe_direccion_2324-anexos\/\" target=\"_blank\" rel=\"noopener\" class=\"card-link\">(ANEXOS)<\/a><\/li>\n<li><a href=\"https:\/\/esei.uvigo.es\/documentos\/c_ir_centro_informe_direccion_2223\/\" target=\"_blank\" rel=\"noopener\" class=\"card-link\">DE-03 P1 Informe de revisi\u00f3n del sistema por la Direcci\u00f3n (2022-23)<\/a><\/li>\n<li><a href=\"https:\/\/esei.uvigo.es\/documentos\/c_ir_centro_informe_direccion_2021\/\" target=\"_blank\" rel=\"noopener\" class=\"card-link\">DE-03 P1 Informe de revisi\u00f3n del sistema por la Direcci\u00f3n (2020-21)<\/a><\/li>\n<li><a href=\"https:\/\/esei.uvigo.es\/documentos\/c_ir_centro_informe_direccion_1920\/\" target=\"_blank\" rel=\"noopener noreferrer\" class=\"card-link\">DE-03 P1 Informe de revisi\u00f3n del sistema por la Direcci\u00f3n (2019-20)<\/a><\/li>\n<li><a href=\"https:\/\/esei.uvigo.es\/documentos\/c_ir_centro_informe_direccion_1819\/\" target=\"_blank\" rel=\"noopener noreferrer\" class=\"card-link\">DE-03 P1 Informe de revisi\u00f3n del sistema por la Direcci\u00f3n (2018-19)<\/a><\/li>\n<li><a class=\"card-link download\" style=\"font-size: 1rem; background-color: #ffffff;\" href=\"https:\/\/esei.uvigo.es\/documentos\/c_ir_centro_informe_direccion_1718\/\" target=\"_blank\" rel=\"noopener noreferrer\">DE-03 P1 Informe de revisi\u00f3n del sistema por la Direcci\u00f3n (2017-18)<\/a><\/li>\n<\/ul>\n<h3>Encuestas de satisfacci\u00f3n<\/h3>\n<div class=\"indent\">\n<ul>\n<li class=\"bodytext\"><a href=\"https:\/\/esei.uvigo.es\/documentos\/c_ir_centro_enquisa-pas\/\" target=\"_blank\" rel=\"noopener noreferrer\" class=\"card-link\">Evoluci\u00f3n encuesta satisfacci\u00f3n PAS (hasta 2022-23)<\/a><\/li>\n<li><a href=\"https:\/\/esei.uvigo.es\/documentos\/c_ir_grado_empleadores_evolucion_encuestas\/\" target=\"_blank\" rel=\"noopener\" class=\"card-link\">Evoluci\u00f3n encuestas empleadores\/as (hasta 2023-24)<\/a><\/li>\n<\/ul>\n<\/div>\n<p class=\"card-text\"><span style=\"color: inherit; font-family: inherit; font-size: 1.375rem; letter-spacing: 1px;\">An\u00e1lisis de resultados<\/span><\/p>\n<div class=\"indent\">\n<ul>\n<li><a href=\"https:\/\/esei.uvigo.es\/documentos\/c_ir_centro_analise_tutores_practicas\/\" target=\"_blank\" rel=\"noopener noreferrer\" class=\"card-link\">An\u00e1lisis de la satisfacci\u00f3n del profesorado tutor de pr\u00e1cticas (hasta 2020-21)<\/a><\/li>\n<\/ul>\n<\/div>\n<\/div><\/div>\n<\/div>\n<div class=\"card\" >\n<div class=\"card-header\"><a class=\"collapse  collapsed\" data-toggle=\"collapse\" data-parent=\"#accordion0\" href=\"#collapse1\" aria-controls=\"collapse1\">Indicadores y resultados del Grado en Ingenier\u00eda Inform\u00e1tica<\/a><\/div>\n<div id=\"collapse1\" class=\"collapse\" role=\"tabpanel\" data-parent=\"#accordion0\"><div class=\"card-body\">\n<h3>Evoluci\u00f3n de la preinscripci\u00f3n y matr\u00edcula<\/h3>\n<ul>\n<li><a href=\"https:\/\/esei.uvigo.es\/documentos\/c_ir_grado_evolucion-ocupacion-preferencia-adecuacion_1718\/\" target=\"_blank\" rel=\"noopener noreferrer\" class=\"card-link\">Tasas de ocupaci\u00f3n, preferencia y adecuaci\u00f3n, n\u00ba estudiantes matriculados y notas medias (hasta 2023-24)<\/a><\/li>\n<\/ul>\n<h3>Encuestas del Centro a estudiantes de nuevo ingreso<\/h3>\n<ul>\n<li><a href=\"https:\/\/esei.uvigo.es\/documentos\/c_ir_grado_analisis_evolucion_encuesta_nuevos_1819\/\" target=\"_blank\" rel=\"noopener noreferrer\" class=\"card-link\">Evoluci\u00f3n encuestas estudiantes nuevo ingreso (hasta 2018-19)<\/a><\/li>\n<\/ul>\n<h3>Encuestas de satisfacci\u00f3n alumnado, egresados\/as y PDI<\/h3>\n<ul>\n<li><a href=\"https:\/\/esei.uvigo.es\/documentos\/c_ir_grado_alumnado_evolucion_encuestas_1718\/\" target=\"_blank\" rel=\"noopener noreferrer\" class=\"card-link\">Evoluci\u00f3n encuestas alumnado (hasta 2023-24)<\/a><\/li>\n<li><a href=\"https:\/\/esei.uvigo.es\/documentos\/c_ir_grado_titulados_evolucion_encuestas_1718\/\" target=\"_blank\" rel=\"noopener noreferrer\" class=\"card-link\">Evoluci\u00f3n encuestas egresados\/as (hasta 2023-24)<\/a><\/li>\n<li><a href=\"https:\/\/esei.uvigo.es\/documentos\/c_ir_grado_pdi_evolucion_encuestas_1617\/\" target=\"_blank\" rel=\"noopener noreferrer\" class=\"card-link\">Evoluci\u00f3n encuestas PDI (hasta 2022-23)<\/a><\/li>\n<\/ul>\n<h3>Encuestas de evaluaci\u00f3n docente (EAD) de la titulaci\u00f3n<\/h3>\n<ul>\n<li><a href=\"https:\/\/esei.uvigo.es\/documentos\/c_ir_grado_evolucion_ead_tabla_resumen\/\" target=\"_blank\" rel=\"noopener noreferrer\" class=\"card-link\">Tabla resumen evoluci\u00f3n EAD de la titulaci\u00f3n (hasta 2023-24)<\/a><\/li>\n<\/ul>\n<h3>Rendimiento, abandono y graduaci\u00f3n<\/h3>\n<ul>\n<li><a href=\"https:\/\/esei.uvigo.es\/documentos\/c_ir_grado_evolucion_tasas_titulacion\/\" target=\"_blank\" rel=\"noopener noreferrer\" class=\"card-link\">Evoluci\u00f3n tasas de la titulaci\u00f3n (hasta 2023-24)<\/a><\/li>\n<li><a href=\"https:\/\/esei.uvigo.es\/documentos\/c_ir_grado_evolucion_tasas_asignaturas\/\" target=\"_blank\" rel=\"noopener noreferrer\" class=\"card-link\">Evoluci\u00f3n tasas por asignatura (hasta 2023-24)<\/a><\/li>\n<li><a href=\"https:\/\/esei.uvigo.es\/documentos\/c_ir_grado_evolucion_calificaciones_asignaturas\/\" target=\"_blank\" rel=\"noopener noreferrer\" class=\"card-link\">Evoluci\u00f3n de las calificaciones por asignatura (hasta 2023-24)<\/a><\/li>\n<\/ul>\n<h3>Movilidad relacionada con la titulaci\u00f3n<\/h3>\n<ul>\n<li><a href=\"https:\/\/esei.uvigo.es\/documentos\/c_ir_grado_movilidad_alumnado\/\" target=\"_blank\" rel=\"noopener noreferrer\" class=\"card-link\">Movilidad del alumnado (hasta 2023-24)<\/a><\/li>\n<li><a href=\"https:\/\/esei.uvigo.es\/documentos\/c_ir_grado_movilidad_pdi\/\" target=\"_blank\" rel=\"noopener\" class=\"card-link\">Movilidad del PDI (hasta 2023-24)<\/a><\/li>\n<\/ul>\n<h3>An\u00e1lisis de resultados<\/h3>\n<ul>\n<li><a href=\"https:\/\/esei.uvigo.es\/documentos\/c_ir_grado_evolucion_movilidad\/\" target=\"_blank\" rel=\"noopener noreferrer\" class=\"card-link\">An\u00e1lisis de la movilidad (hasta 2020-21)<\/a><\/li>\n<li><a href=\"https:\/\/esei.uvigo.es\/documentos\/c_ir_grado_evolucion_tfg\/\" target=\"_blank\" rel=\"noopener noreferrer\" class=\"card-link\">An\u00e1lisis de los Trabajos Fin de Grado (hasta 2023-24)<\/a><\/li>\n<li><a href=\"https:\/\/esei.uvigo.es\/documentos\/c_ir_grado_evolucion_practicas\/\" target=\"_blank\" rel=\"noopener noreferrer\" class=\"card-link\">An\u00e1lisis de las pr\u00e1cticas en empresas (hasta 2016-17)<\/a><\/li>\n<li><a href=\"https:\/\/esei.uvigo.es\/documentos\/c_ir_grado_evolucion_curso_puente\/\" target=\"_blank\" rel=\"noopener noreferrer\" class=\"card-link\">An\u00e1lisis del curso puente (hasta 2014-15)<\/a><\/li>\n<li><a href=\"https:\/\/esei.uvigo.es\/documentos\/c_ir_grado_evolucion_abandono_traslado\/\" target=\"_blank\" rel=\"noopener noreferrer\" class=\"card-link\">An\u00e1lisis del abandono y traslado de los estudiantes (hasta 2014-15)<\/a><\/li>\n<\/ul>\n<\/div><\/div>\n<\/div>\n<div class=\"card\" >\n<div class=\"card-header\"><a class=\"collapse  collapsed\" data-toggle=\"collapse\" data-parent=\"#accordion0\" href=\"#collapse2\" aria-controls=\"collapse2\">Indicadores y resultados del Grado en Inteligencia Artificial<\/a><\/div>\n<div id=\"collapse2\" class=\"collapse\" role=\"tabpanel\" data-parent=\"#accordion0\"><div class=\"card-body\">\n<h3>Evoluci\u00f3n de la preinscripci\u00f3n y matr\u00edcula<\/h3>\n<ul>\n<li><a href=\"https:\/\/esei.uvigo.es\/documentos\/c_ir_gria_evolucion-ocupacion-preferencia-adecuacion\/\" target=\"_blank\" rel=\"noopener noreferrer\" class=\"card-link\">Tasas de ocupaci\u00f3n, preferencia y adecuaci\u00f3n, n\u00ba estudiantes matriculados y notas medias (hasta 2023-24)<\/a><\/li>\n<\/ul>\n<h3>Encuestas de satisfacci\u00f3n alumnado, egresados\/as y PDI<\/h3>\n<ul>\n<li>\n<\/li><\/ul>\n<h3>Encuestas de evaluaci\u00f3n docente (EAD) de la titulaci\u00f3n<\/h3>\n<ul>\n<li><a href=\"https:\/\/esei.uvigo.es\/documentos\/c_ir_gria_evolucion_ead_tabla_resumen\/\" target=\"_blank\" rel=\"noopener noreferrer\" class=\"card-link\">Tabla resumen evoluci\u00f3n EAD de la titulaci\u00f3n (hasta 2023-24)<\/a><\/li>\n<\/ul>\n<h3>Rendimiento, abandono y graduaci\u00f3n<\/h3>\n<ul>\n<li><a href=\"https:\/\/esei.uvigo.es\/documentos\/c_ir_gria_evolucion_tasas_titulacion\/\" target=\"_blank\" rel=\"noopener\" class=\"card-link\">Evoluci\u00f3n tasas de la titulaci\u00f3n (hasta 2023-24)<\/a><\/li>\n<li><a href=\"https:\/\/esei.uvigo.es\/documentos\/c_ir_gria_evolucion_tasas_asignaturas\/\" target=\"_blank\" rel=\"noopener noreferrer\" class=\"card-link\">Evoluci\u00f3n tasas por asignatura (hasta 2023-24)<\/a><\/li>\n<li><a href=\"https:\/\/esei.uvigo.es\/documentos\/c_ir_gria_evolucion_calificaciones_asignaturas\/\" target=\"_blank\" rel=\"noopener noreferrer\" class=\"card-link\">Evoluci\u00f3n de las calificaciones por asignatura (hasta 2023-24)<\/a><\/li>\n<\/ul>\n<h3>Movilidad relacionada con la titulaci\u00f3n<\/h3>\n<ul>\n<li><a href=\"https:\/\/esei.uvigo.es\/documentos\/c_ir_gria_movilidad_pdi\/\" target=\"_blank\" rel=\"noopener\" class=\"card-link\">Movilidad del PDI (hasta 2023-24)<\/a><\/li>\n<\/ul>\n<\/div><\/div>\n<\/div>\n<div class=\"card\" >\n<div class=\"card-header\"><a class=\"collapse  collapsed\" data-toggle=\"collapse\" data-parent=\"#accordion0\" href=\"#collapse3\" aria-controls=\"collapse3\">Indicadores y resultados del PCEO ADE\/Inform\u00e1tica <\/a><\/div>\n<div id=\"collapse3\" class=\"collapse\" role=\"tabpanel\" data-parent=\"#accordion0\"><div class=\"card-body\">\n<h3>Evoluci\u00f3n de la preinscripci\u00f3n y matr\u00edcula<\/h3>\n<div class=\"indent\">\n<ul>\n<li class=\"bodytext\"><a href=\"https:\/\/esei.uvigo.es\/documentos\/c_ir_pceo_evolucion-ocupacion-preferencia-adecuacion_1718\/\" target=\"_blank\" rel=\"noopener noreferrer\" class=\"card-link\">Tasas de ocupaci\u00f3n, preferencia y adecuaci\u00f3n, n\u00ba estudiantes matriculados y notas medias (hasta 2023-24)<\/a><\/li>\n<\/ul>\n<\/div>\n<h3>Encuestas de satisfacci\u00f3n alumnado<\/h3>\n<ul>\n<li><a href=\"https:\/\/esei.uvigo.es\/documentos\/c_ir_pceo_alumnado_evolucion_encuestas_1718\/\" target=\"_blank\" rel=\"noopener noreferrer\" class=\"card-link\">Evoluci\u00f3n encuestas alumnado (hasta 2023-24)<\/a><\/li>\n<li><a href=\"https:\/\/esei.uvigo.es\/documentos\/c_ir_pceo_titulados_evolucion_encuestas\/\" target=\"_blank\" rel=\"noopener noreferrer\" class=\"card-link\">Evoluci\u00f3n encuestas egresados\/as (hasta 2023-24)<\/a><\/li>\n<\/ul>\n<h3>Rendimiento, abandono y graduaci\u00f3n<\/h3>\n<div class=\"indent\">\n<ul>\n<li class=\"bodytext\"><a href=\"https:\/\/esei.uvigo.es\/documentos\/c_ir_pceo_evolucion_tasas_titulacion\/\" target=\"_blank\" rel=\"noopener noreferrer\" class=\"card-link\">Evoluci\u00f3n tasas de la titulaci\u00f3n (hasta 2023-24)<\/a><\/li>\n<li class=\"bodytext\"><a href=\"https:\/\/esei.uvigo.es\/documentos\/c_ir_pceo_evolucion_tasas_asignaturas\/\" target=\"_blank\" rel=\"noopener noreferrer\" class=\"card-link\">Evoluci\u00f3n tasas por asignatura (hasta 2023-24)<\/a><\/li>\n<li class=\"bodytext\"><a href=\"https:\/\/esei.uvigo.es\/documentos\/c_ir_pceo_evolucion_calificaciones_asignaturas\/\" target=\"_blank\" rel=\"noopener noreferrer\" class=\"card-link\">Evoluci\u00f3n de las calificaciones por asignatura (hasta 2023-24)<\/a><\/li>\n<\/ul>\n<h3>Movilidad relacionada con la titulaci\u00f3n<\/h3>\n<ul>\n<li><a href=\"https:\/\/esei.uvigo.es\/documentos\/c_ir_pceo_movilidad_alumnado\/\" target=\"_blank\" rel=\"noopener noreferrer\" class=\"card-link\">Movilidad del alumnado (hasta 2023-24)<\/a><\/li>\n<\/ul>\n<h3>An\u00e1lisis de resultados<\/h3>\n<ul>\n<li><a href=\"https:\/\/esei.uvigo.es\/documentos\/c_ir_grado_evolucion_tfg\/\" target=\"_blank\" rel=\"noopener noreferrer\" class=\"card-link\">An\u00e1lisis de los Trabajos Fin de Grado (hasta 2023-24)<\/a><\/li>\n<\/ul>\n<\/div>\n<\/div><\/div>\n<\/div>\n<div class=\"card\" >\n<div class=\"card-header\"><a class=\"collapse  collapsed\" data-toggle=\"collapse\" data-parent=\"#accordion0\" href=\"#collapse4\" aria-controls=\"collapse4\">Indicadores y resultados do M\u00e1ster Universitario en Ingenier\u00eda Inform\u00e1tica<\/a><\/div>\n<div id=\"collapse4\" class=\"collapse\" role=\"tabpanel\" data-parent=\"#accordion0\"><div class=\"card-body\">\n<h3>Evoluci\u00f3n de la preinscripci\u00f3n y matr\u00edcula<\/h3>\n<div class=\"indent\">\n<ul>\n<li class=\"bodytext\"><a href=\"https:\/\/esei.uvigo.es\/documentos\/c_ir_mei_evolucion-ocupacion-preferencia-adecuacion_1718\/\" target=\"_blank\" rel=\"noopener noreferrer\" class=\"card-link\">Tasas de ocupaci\u00f3n, preferencia y adecuaci\u00f3n, n\u00ba estudiantes matriculados y notas medias (hasta 2023-24)<\/a><\/li>\n<\/ul>\n<\/div>\n<h3>Encuestas de satisfacci\u00f3n alumnado, egresados\/as e PDI<\/h3>\n<ul>\n<li><a href=\"https:\/\/esei.uvigo.es\/documentos\/c_ir_mei_alumnado_evolucion_encuestas_1718\/\" target=\"_blank\" rel=\"noopener noreferrer\" class=\"card-link\">Evoluci\u00f3n encuestas alumnado (hasta 2023-24)<\/a><\/li>\n<li><a href=\"https:\/\/esei.uvigo.es\/documentos\/c_ir_mei_titulados_evolucion_encuestas_1718\/\" target=\"_blank\" rel=\"noopener noreferrer\" class=\"card-link\">Evoluci\u00f3n encuestas egresados\/as (hasta 2023-24)<\/a><\/li>\n<li><a href=\"https:\/\/esei.uvigo.es\/documentos\/c_ir_mei_pdi_evolucion_encuestas_1617\/\" target=\"_blank\" rel=\"noopener noreferrer\" class=\"card-link\">Evoluci\u00f3n encuestas PDI (hasta 2022-23)<\/a><\/li>\n<\/ul>\n<h3>Encuestas de evaluaci\u00f3n docente (EAD) de la titulaci\u00f3n<\/h3>\n<div class=\"indent\">\n<ul>\n<li class=\"bodytext\"><a href=\"https:\/\/esei.uvigo.es\/documentos\/c_ir_mei_evolucion_ead_tabla_resumen\/\" target=\"_blank\" rel=\"noopener noreferrer\" class=\"card-link\">Tabla resumen evoluci\u00f3n EAD de la titulaci\u00f3n (hasta 2023-24)<\/a><\/li>\n<\/ul>\n<\/div>\n<h3>Rendimiento, abandono y graduaci\u00f3n<\/h3>\n<div class=\"indent\">\n<ul>\n<li class=\"bodytext\"><a href=\"https:\/\/esei.uvigo.es\/documentos\/c_ir_mei_evolucion_tasas_titulacion\/\" target=\"_blank\" rel=\"noopener noreferrer\" class=\"card-link\">Evoluci\u00f3n tasas de la titulaci\u00f3n (hasta 2023-24)<\/a><\/li>\n<li class=\"bodytext\"><a href=\"https:\/\/esei.uvigo.es\/documentos\/c_ir_mei_evolucion_tasas_asignaturas\/\" target=\"_blank\" rel=\"noopener noreferrer\" class=\"card-link\">Evoluci\u00f3n tasas por asignatura (hasta 2023-24)<\/a><\/li>\n<li class=\"bodytext\"><a href=\"https:\/\/esei.uvigo.es\/documentos\/c_ir_mei_evolucion_calificaciones_asignaturas\/\" target=\"_blank\" rel=\"noopener noreferrer\" class=\"card-link\">Evoluci\u00f3n de las calificaciones por asignatura (hasta 2023-24)<\/a><\/li>\n<\/ul>\n<h3>Movilidad relacionada con la titulaci\u00f3n<\/h3>\n<ul>\n<li><a href=\"https:\/\/esei.uvigo.es\/documentos\/c_ir_mei_movilidad_pdi\/\" target=\"_blank\" rel=\"noopener\" class=\"card-link\">Movilidad del PDI (hasta 2023-24)<\/a><\/li>\n<\/ul>\n<\/div>\n<h3>An\u00e1lisis de resultados<\/h3>\n<div class=\"indent\">\n<ul>\n<li class=\"bodytext\"><a href=\"https:\/\/esei.uvigo.es\/documentos\/c_ir_mei_evolucion_tfm\/\" target=\"_blank\" rel=\"noopener noreferrer\" class=\"card-link\">An\u00e1lisis de los Trabajos Fin de M\u00e1ster (hasta 2023-24)<\/a><\/li>\n<li class=\"bodytext\"><a href=\"https:\/\/esei.uvigo.es\/documentos\/c_ir_mei_evolucion_practicas\/\" target=\"_blank\" rel=\"noopener noreferrer\" class=\"card-link\">An\u00e1lisis de las pr\u00e1cticas en empresas (hasta 2016-17)<\/a><\/li>\n<li class=\"bodytext\"><a href=\"https:\/\/esei.uvigo.es\/documentos\/c_ir_mei_evolucion_abandono_traslado\/\" target=\"_blank\" rel=\"noopener noreferrer\" class=\"card-link\">An\u00e1lisis del abandono y traslado del alumnado (hasta 2015-16)<\/a><\/li>\n<\/ul>\n<\/div>\n<\/div><\/div>\n<\/div>\n<div class=\"card\" >\n<div class=\"card-header\"><a class=\"collapse  collapsed\" data-toggle=\"collapse\" data-parent=\"#accordion0\" href=\"#collapse5\" aria-controls=\"collapse5\">Indicadores y resultados do M\u00e1ster Universitario en Intelixencia Artificial<\/a><\/div>\n<div id=\"collapse5\" class=\"collapse\" role=\"tabpanel\" data-parent=\"#accordion0\"><div class=\"card-body\">\n<div class=\"indent\">\n<h3>Evoluci\u00f3n de la preinscripci\u00f3n y matr\u00edcula<\/h3>\n<div class=\"indent\">\n<ul>\n<li class=\"bodytext\"><a href=\"https:\/\/esei.uvigo.es\/documentos\/c_ir_mia_evolucion-ocupacion-preferencia-adecuacion\/\" target=\"_blank\" rel=\"noopener noreferrer\" class=\"card-link\">Tasas de ocupaci\u00f3n, preferencia y adecuaci\u00f3n, n\u00ba estudiantes matriculados y notas medias (hasta 2023-24)<\/a><\/li>\n<\/ul>\n<\/div>\n<h3>Encuestas de satisfacci\u00f3n alumnado, egresados\/as y PDI<\/h3>\n<ul>\n<li><a href=\"https:\/\/esei.uvigo.es\/documentos\/c_ir_mia_pdi_evolucion_encuestas\/\" target=\"_blank\" rel=\"noopener noreferrer\" class=\"card-link\">Evoluci\u00f3n encuestas PDI (hasta 2022-23)<\/a><\/li>\n<\/ul>\n<h3>Encuestas de evaluaci\u00f3n docente (EAD) de la titulaci\u00f3n<\/h3>\n<div class=\"indent\">\n<ul>\n<li class=\"bodytext\"><a href=\"https:\/\/esei.uvigo.es\/documentos\/c_ir_mia_evolucion_ead_tabla_resumen\/\" target=\"_blank\" rel=\"noopener noreferrer\" class=\"card-link\">Tabla resumen evoluci\u00f3n EAD de la titulaci\u00f3n (hasta 2023-24)<\/a><\/li>\n<\/ul>\n<\/div>\n<h3>Rendimiento, abandono y graduaci\u00f3n<\/h3>\n<div class=\"indent\">\n<ul>\n<li class=\"bodytext\"><a href=\"https:\/\/esei.uvigo.es\/documentos\/c_ir_mia_evolucion_tasas_titulacion\/\" target=\"_blank\" rel=\"noopener noreferrer\" class=\"card-link\">Evoluci\u00f3n tasas de la titulaci\u00f3n (hasta 2023-24)<\/a><\/li>\n<li class=\"bodytext\"><a href=\"https:\/\/esei.uvigo.es\/documentos\/c_ir_mia_evolucion_tasas_asignaturas\/\" target=\"_blank\" rel=\"noopener noreferrer\" class=\"card-link\">Evoluci\u00f3n tasas por asignatura (hasta 2023-24)<\/a><\/li>\n<li class=\"bodytext\"><a href=\"https:\/\/esei.uvigo.es\/documentos\/c_ir_mia_evolucion_calificaciones_asignaturas\/\" target=\"_blank\" rel=\"noopener noreferrer\" class=\"card-link\">Evoluci\u00f3n de las calificaciones por asignatura (hasta 2023-24)<\/a><\/li>\n<\/ul>\n<\/div>\n<\/div>\n<\/div><\/div>\n<\/div>\n<\/div>\n","protected":false},"excerpt":{"rendered":"","protected":false},"author":10,"featured_media":0,"parent":22876,"menu_order":9,"comment_status":"closed","ping_status":"closed","template":"","meta":{"_acf_changed":false,"footnotes":""},"class_list":["post-22883","page","type-page","status-publish","hentry"],"acf":[],"yoast_head":"<!-- This site is optimized with the Yoast SEO plugin v27.6 - https:\/\/yoast.com\/product\/yoast-seo-wordpress\/ -->\n<title>Indicadores y resultados | Escola Superior de Enxe\u00f1ar\u00eda Inform\u00e1tica<\/title>\n<meta name=\"robots\" content=\"index, follow, max-snippet:-1, max-image-preview:large, max-video-preview:-1\" \/>\n<link rel=\"canonical\" href=\"https:\/\/esei.uvigo.es\/es\/calidade\/indicadores-e-resultados\/\" \/>\n<meta property=\"og:locale\" content=\"es_ES\" \/>\n<meta property=\"og:type\" content=\"article\" \/>\n<meta property=\"og:title\" content=\"Indicadores y resultados | Escola Superior de Enxe\u00f1ar\u00eda Inform\u00e1tica\" \/>\n<meta property=\"og:url\" content=\"https:\/\/esei.uvigo.es\/es\/calidade\/indicadores-e-resultados\/\" \/>\n<meta property=\"og:site_name\" content=\"Escola Superior de Enxe\u00f1ar\u00eda Inform\u00e1tica\" \/>\n<meta property=\"article:modified_time\" content=\"2025-12-11T09:34:40+00:00\" \/>\n<meta name=\"twitter:card\" content=\"summary_large_image\" \/>\n<meta name=\"twitter:label1\" content=\"Tiempo de lectura\" \/>\n\t<meta name=\"twitter:data1\" content=\"4 minutos\" \/>\n<script type=\"application\/ld+json\" class=\"yoast-schema-graph\">{\"@context\":\"https:\\\/\\\/schema.org\",\"@graph\":[{\"@type\":\"WebPage\",\"@id\":\"https:\\\/\\\/esei.uvigo.es\\\/es\\\/calidade\\\/indicadores-e-resultados\\\/\",\"url\":\"https:\\\/\\\/esei.uvigo.es\\\/es\\\/calidade\\\/indicadores-e-resultados\\\/\",\"name\":\"Indicadores y resultados | Escola Superior de Enxe\u00f1ar\u00eda Inform\u00e1tica\",\"isPartOf\":{\"@id\":\"https:\\\/\\\/esei.uvigo.es\\\/es\\\/#website\"},\"datePublished\":\"2018-09-05T08:32:02+00:00\",\"dateModified\":\"2025-12-11T09:34:40+00:00\",\"breadcrumb\":{\"@id\":\"https:\\\/\\\/esei.uvigo.es\\\/es\\\/calidade\\\/indicadores-e-resultados\\\/#breadcrumb\"},\"inLanguage\":\"es\",\"potentialAction\":[{\"@type\":\"ReadAction\",\"target\":[\"https:\\\/\\\/esei.uvigo.es\\\/es\\\/calidade\\\/indicadores-e-resultados\\\/\"]}]},{\"@type\":\"BreadcrumbList\",\"@id\":\"https:\\\/\\\/esei.uvigo.es\\\/es\\\/calidade\\\/indicadores-e-resultados\\\/#breadcrumb\",\"itemListElement\":[{\"@type\":\"ListItem\",\"position\":1,\"name\":\"Portada\",\"item\":\"https:\\\/\\\/esei.uvigo.es\\\/es\\\/\"},{\"@type\":\"ListItem\",\"position\":2,\"name\":\"Calidad\",\"item\":\"https:\\\/\\\/esei.uvigo.es\\\/es\\\/calidade\\\/\"},{\"@type\":\"ListItem\",\"position\":3,\"name\":\"Indicadores y resultados\"}]},{\"@type\":\"WebSite\",\"@id\":\"https:\\\/\\\/esei.uvigo.es\\\/es\\\/#website\",\"url\":\"https:\\\/\\\/esei.uvigo.es\\\/es\\\/\",\"name\":\"Escola Superior de Enxe\u00f1ar\u00eda Inform\u00e1tica\",\"description\":\"\",\"publisher\":{\"@id\":\"https:\\\/\\\/esei.uvigo.es\\\/es\\\/#organization\"},\"potentialAction\":[{\"@type\":\"SearchAction\",\"target\":{\"@type\":\"EntryPoint\",\"urlTemplate\":\"https:\\\/\\\/esei.uvigo.es\\\/es\\\/?s={search_term_string}\"},\"query-input\":{\"@type\":\"PropertyValueSpecification\",\"valueRequired\":true,\"valueName\":\"search_term_string\"}}],\"inLanguage\":\"es\"},{\"@type\":\"Organization\",\"@id\":\"https:\\\/\\\/esei.uvigo.es\\\/es\\\/#organization\",\"name\":\"Escola Superior de Enxe\u00f1ar\u00eda Inform\u00e1tica\",\"url\":\"https:\\\/\\\/esei.uvigo.es\\\/es\\\/\",\"logo\":{\"@type\":\"ImageObject\",\"inLanguage\":\"es\",\"@id\":\"https:\\\/\\\/esei.uvigo.es\\\/es\\\/#\\\/schema\\\/logo\\\/image\\\/\",\"url\":\"https:\\\/\\\/esei.uvigo.es\\\/wp-content\\\/uploads\\\/2019\\\/09\\\/esei.png\",\"contentUrl\":\"https:\\\/\\\/esei.uvigo.es\\\/wp-content\\\/uploads\\\/2019\\\/09\\\/esei.png\",\"width\":579,\"height\":98,\"caption\":\"Escola Superior de Enxe\u00f1ar\u00eda Inform\u00e1tica\"},\"image\":{\"@id\":\"https:\\\/\\\/esei.uvigo.es\\\/es\\\/#\\\/schema\\\/logo\\\/image\\\/\"}}]}<\/script>\n<!-- \/ Yoast SEO plugin. -->","yoast_head_json":{"title":"Indicadores y resultados | Escola Superior de Enxe\u00f1ar\u00eda Inform\u00e1tica","robots":{"index":"index","follow":"follow","max-snippet":"max-snippet:-1","max-image-preview":"max-image-preview:large","max-video-preview":"max-video-preview:-1"},"canonical":"https:\/\/esei.uvigo.es\/es\/calidade\/indicadores-e-resultados\/","og_locale":"es_ES","og_type":"article","og_title":"Indicadores y resultados | Escola Superior de Enxe\u00f1ar\u00eda Inform\u00e1tica","og_url":"https:\/\/esei.uvigo.es\/es\/calidade\/indicadores-e-resultados\/","og_site_name":"Escola Superior de Enxe\u00f1ar\u00eda Inform\u00e1tica","article_modified_time":"2025-12-11T09:34:40+00:00","twitter_card":"summary_large_image","twitter_misc":{"Tiempo de lectura":"4 minutos"},"schema":{"@context":"https:\/\/schema.org","@graph":[{"@type":"WebPage","@id":"https:\/\/esei.uvigo.es\/es\/calidade\/indicadores-e-resultados\/","url":"https:\/\/esei.uvigo.es\/es\/calidade\/indicadores-e-resultados\/","name":"Indicadores y resultados | Escola Superior de Enxe\u00f1ar\u00eda Inform\u00e1tica","isPartOf":{"@id":"https:\/\/esei.uvigo.es\/es\/#website"},"datePublished":"2018-09-05T08:32:02+00:00","dateModified":"2025-12-11T09:34:40+00:00","breadcrumb":{"@id":"https:\/\/esei.uvigo.es\/es\/calidade\/indicadores-e-resultados\/#breadcrumb"},"inLanguage":"es","potentialAction":[{"@type":"ReadAction","target":["https:\/\/esei.uvigo.es\/es\/calidade\/indicadores-e-resultados\/"]}]},{"@type":"BreadcrumbList","@id":"https:\/\/esei.uvigo.es\/es\/calidade\/indicadores-e-resultados\/#breadcrumb","itemListElement":[{"@type":"ListItem","position":1,"name":"Portada","item":"https:\/\/esei.uvigo.es\/es\/"},{"@type":"ListItem","position":2,"name":"Calidad","item":"https:\/\/esei.uvigo.es\/es\/calidade\/"},{"@type":"ListItem","position":3,"name":"Indicadores y resultados"}]},{"@type":"WebSite","@id":"https:\/\/esei.uvigo.es\/es\/#website","url":"https:\/\/esei.uvigo.es\/es\/","name":"Escola Superior de Enxe\u00f1ar\u00eda Inform\u00e1tica","description":"","publisher":{"@id":"https:\/\/esei.uvigo.es\/es\/#organization"},"potentialAction":[{"@type":"SearchAction","target":{"@type":"EntryPoint","urlTemplate":"https:\/\/esei.uvigo.es\/es\/?s={search_term_string}"},"query-input":{"@type":"PropertyValueSpecification","valueRequired":true,"valueName":"search_term_string"}}],"inLanguage":"es"},{"@type":"Organization","@id":"https:\/\/esei.uvigo.es\/es\/#organization","name":"Escola Superior de Enxe\u00f1ar\u00eda Inform\u00e1tica","url":"https:\/\/esei.uvigo.es\/es\/","logo":{"@type":"ImageObject","inLanguage":"es","@id":"https:\/\/esei.uvigo.es\/es\/#\/schema\/logo\/image\/","url":"https:\/\/esei.uvigo.es\/wp-content\/uploads\/2019\/09\/esei.png","contentUrl":"https:\/\/esei.uvigo.es\/wp-content\/uploads\/2019\/09\/esei.png","width":579,"height":98,"caption":"Escola Superior de Enxe\u00f1ar\u00eda Inform\u00e1tica"},"image":{"@id":"https:\/\/esei.uvigo.es\/es\/#\/schema\/logo\/image\/"}}]}},"_links":{"self":[{"href":"https:\/\/esei.uvigo.es\/es\/wp-json\/wp\/v2\/pages\/22883","targetHints":{"allow":["GET"]}}],"collection":[{"href":"https:\/\/esei.uvigo.es\/es\/wp-json\/wp\/v2\/pages"}],"about":[{"href":"https:\/\/esei.uvigo.es\/es\/wp-json\/wp\/v2\/types\/page"}],"author":[{"embeddable":true,"href":"https:\/\/esei.uvigo.es\/es\/wp-json\/wp\/v2\/users\/10"}],"replies":[{"embeddable":true,"href":"https:\/\/esei.uvigo.es\/es\/wp-json\/wp\/v2\/comments?post=22883"}],"version-history":[{"count":27,"href":"https:\/\/esei.uvigo.es\/es\/wp-json\/wp\/v2\/pages\/22883\/revisions"}],"predecessor-version":[{"id":29652,"href":"https:\/\/esei.uvigo.es\/es\/wp-json\/wp\/v2\/pages\/22883\/revisions\/29652"}],"up":[{"embeddable":true,"href":"https:\/\/esei.uvigo.es\/es\/wp-json\/wp\/v2\/pages\/22876"}],"wp:attachment":[{"href":"https:\/\/esei.uvigo.es\/es\/wp-json\/wp\/v2\/media?parent=22883"}],"curies":[{"name":"wp","href":"https:\/\/api.w.org\/{rel}","templated":true}]}}