{"id":22882,"date":"2018-09-05T10:19:43","date_gmt":"2018-09-05T08:19:43","guid":{"rendered":"https:\/\/esei.uvigo.es\/calidade\/politica-e-obxectivos-de-calidade\/"},"modified":"2025-05-12T20:14:45","modified_gmt":"2025-05-12T18:14:45","slug":"politica-e-obxectivos-de-calidade","status":"publish","type":"page","link":"https:\/\/esei.uvigo.es\/es\/calidade\/politica-e-obxectivos-de-calidade\/","title":{"rendered":"Programa Estrat\u00e9gico y Pol\u00edtica y Objetivos de Calidad"},"content":{"rendered":"<h3>Programa de Desarrollo Estrat\u00e9gico de la ESEI<\/h3>\n<ul>\n<li><a href=\"https:\/\/esei.uvigo.es\/documentos\/de01-programa-estratexico-2025-2029\/\" target=\"_blank\" rel=\"noopener noreferrer\">Programa de Desarrollo Estrat\u00e9gico<\/a>\u00a0(2025-2029)<\/li>\n<\/ul>\n<h3>Pol\u00edtica y Objetivos de Calidad<\/h3>\n<ul class=\"list-peak\">\n<li><a href=\"https:\/\/esei.uvigo.es\/documentos\/de01-politica-e-obxectivos-de-calidade-2024-2025\/\" target=\"_blank\" rel=\"noopener noreferrer\">Pol\u00edtica y Objetivos de Calidad<\/a>\u00a0(desde 2024-2025)<\/li>\n<li><a href=\"https:\/\/esei.uvigo.es\/documentos\/politica-e-obxectivos-de-calidade-a-partires-do-2019-2020\/\" target=\"_blank\" rel=\"noopener noreferrer\">Pol\u00edtica y Objetivos de Calidad<\/a> (2019-2020 a 2023-2024)<\/li>\n<li><a href=\"https:\/\/esei.uvigo.es\/documentos\/politica-e-obxectivos-de-calidade-a-partires-do-curso-2015-2016\/\" target=\"_blank\" rel=\"noopener\">Pol\u00edtica y Objetivos de Calidad<\/a> (2015-2016 a 2018-2019)<\/li>\n<li><a href=\"https:\/\/esei.uvigo.es\/documentos\/politica-e-obxectivos-de-calidade-2014-2015\/\" target=\"_blank\" rel=\"noopener\">Pol\u00edtica y Objetivos de Calidad<\/a> (2014-2015)<\/li>\n<\/ul>\n<p><span style=\"font-size: 1rem;\">El seguimiento de la pol\u00edtica y objetivos de calidad forma parte de los Informes de resultados anuales del Centro (<\/span><a style=\"font-size: 1rem; background-color: #ffffff;\" href=\"https:\/\/esei.uvigo.es\/calidade\/indicadores-e-resultados\/\" target=\"_blank\" rel=\"noopener noreferrer\">enlace<\/a><span style=\"font-size: 1rem;\">).<\/span><\/p>\n","protected":false},"excerpt":{"rendered":"<p>Programa de Desarrollo Estrat\u00e9gico de la ESEI Programa de Desarrollo Estrat\u00e9gico\u00a0(2025-2029) Pol\u00edtica y Objetivos de Calidad Pol\u00edtica y Objetivos de Calidad\u00a0(desde 2024-2025) Pol\u00edtica y Objetivos &hellip; <a class=\"excerpt_more\" href=\"https:\/\/esei.uvigo.es\/es\/calidade\/politica-e-obxectivos-de-calidade\/\">Contin\u00faa<\/a><\/p>\n","protected":false},"author":10,"featured_media":0,"parent":22876,"menu_order":6,"comment_status":"closed","ping_status":"closed","template":"","meta":{"_acf_changed":false,"footnotes":""},"class_list":["post-22882","page","type-page","status-publish","hentry"],"acf":[],"yoast_head":"<!-- This site is optimized with the Yoast SEO plugin v27.6 - https:\/\/yoast.com\/product\/yoast-seo-wordpress\/ -->\n<title>Programa Estrat\u00e9gico y Pol\u00edtica y Objetivos de Calidad | Escola Superior de Enxe\u00f1ar\u00eda Inform\u00e1tica<\/title>\n<meta name=\"robots\" content=\"index, follow, max-snippet:-1, max-image-preview:large, max-video-preview:-1\" \/>\n<link rel=\"canonical\" href=\"https:\/\/esei.uvigo.es\/es\/calidade\/politica-e-obxectivos-de-calidade\/\" \/>\n<meta property=\"og:locale\" content=\"es_ES\" \/>\n<meta property=\"og:type\" content=\"article\" \/>\n<meta property=\"og:title\" content=\"Programa Estrat\u00e9gico y Pol\u00edtica y Objetivos de Calidad | Escola Superior de Enxe\u00f1ar\u00eda Inform\u00e1tica\" \/>\n<meta property=\"og:description\" content=\"Programa de Desarrollo Estrat\u00e9gico de la ESEI Programa de Desarrollo Estrat\u00e9gico\u00a0(2025-2029) Pol\u00edtica y Objetivos de Calidad Pol\u00edtica y Objetivos de Calidad\u00a0(desde 2024-2025) Pol\u00edtica y Objetivos &hellip; Contin\u00faa\" \/>\n<meta property=\"og:url\" content=\"https:\/\/esei.uvigo.es\/es\/calidade\/politica-e-obxectivos-de-calidade\/\" \/>\n<meta property=\"og:site_name\" content=\"Escola Superior de Enxe\u00f1ar\u00eda Inform\u00e1tica\" \/>\n<meta property=\"article:modified_time\" content=\"2025-05-12T18:14:45+00:00\" \/>\n<meta name=\"twitter:card\" content=\"summary_large_image\" \/>\n<meta name=\"twitter:label1\" content=\"Tiempo de lectura\" \/>\n\t<meta name=\"twitter:data1\" content=\"1 minuto\" \/>\n<script type=\"application\/ld+json\" class=\"yoast-schema-graph\">{\"@context\":\"https:\\\/\\\/schema.org\",\"@graph\":[{\"@type\":\"WebPage\",\"@id\":\"https:\\\/\\\/esei.uvigo.es\\\/es\\\/calidade\\\/politica-e-obxectivos-de-calidade\\\/\",\"url\":\"https:\\\/\\\/esei.uvigo.es\\\/es\\\/calidade\\\/politica-e-obxectivos-de-calidade\\\/\",\"name\":\"Programa Estrat\u00e9gico y Pol\u00edtica y Objetivos de Calidad | Escola Superior de Enxe\u00f1ar\u00eda Inform\u00e1tica\",\"isPartOf\":{\"@id\":\"https:\\\/\\\/esei.uvigo.es\\\/es\\\/#website\"},\"datePublished\":\"2018-09-05T08:19:43+00:00\",\"dateModified\":\"2025-05-12T18:14:45+00:00\",\"breadcrumb\":{\"@id\":\"https:\\\/\\\/esei.uvigo.es\\\/es\\\/calidade\\\/politica-e-obxectivos-de-calidade\\\/#breadcrumb\"},\"inLanguage\":\"es\",\"potentialAction\":[{\"@type\":\"ReadAction\",\"target\":[\"https:\\\/\\\/esei.uvigo.es\\\/es\\\/calidade\\\/politica-e-obxectivos-de-calidade\\\/\"]}]},{\"@type\":\"BreadcrumbList\",\"@id\":\"https:\\\/\\\/esei.uvigo.es\\\/es\\\/calidade\\\/politica-e-obxectivos-de-calidade\\\/#breadcrumb\",\"itemListElement\":[{\"@type\":\"ListItem\",\"position\":1,\"name\":\"Portada\",\"item\":\"https:\\\/\\\/esei.uvigo.es\\\/es\\\/\"},{\"@type\":\"ListItem\",\"position\":2,\"name\":\"Calidad\",\"item\":\"https:\\\/\\\/esei.uvigo.es\\\/es\\\/calidade\\\/\"},{\"@type\":\"ListItem\",\"position\":3,\"name\":\"Programa Estrat\u00e9gico y Pol\u00edtica y Objetivos de Calidad\"}]},{\"@type\":\"WebSite\",\"@id\":\"https:\\\/\\\/esei.uvigo.es\\\/es\\\/#website\",\"url\":\"https:\\\/\\\/esei.uvigo.es\\\/es\\\/\",\"name\":\"Escola Superior de Enxe\u00f1ar\u00eda Inform\u00e1tica\",\"description\":\"\",\"publisher\":{\"@id\":\"https:\\\/\\\/esei.uvigo.es\\\/es\\\/#organization\"},\"potentialAction\":[{\"@type\":\"SearchAction\",\"target\":{\"@type\":\"EntryPoint\",\"urlTemplate\":\"https:\\\/\\\/esei.uvigo.es\\\/es\\\/?s={search_term_string}\"},\"query-input\":{\"@type\":\"PropertyValueSpecification\",\"valueRequired\":true,\"valueName\":\"search_term_string\"}}],\"inLanguage\":\"es\"},{\"@type\":\"Organization\",\"@id\":\"https:\\\/\\\/esei.uvigo.es\\\/es\\\/#organization\",\"name\":\"Escola Superior de Enxe\u00f1ar\u00eda Inform\u00e1tica\",\"url\":\"https:\\\/\\\/esei.uvigo.es\\\/es\\\/\",\"logo\":{\"@type\":\"ImageObject\",\"inLanguage\":\"es\",\"@id\":\"https:\\\/\\\/esei.uvigo.es\\\/es\\\/#\\\/schema\\\/logo\\\/image\\\/\",\"url\":\"https:\\\/\\\/esei.uvigo.es\\\/wp-content\\\/uploads\\\/2019\\\/09\\\/esei.png\",\"contentUrl\":\"https:\\\/\\\/esei.uvigo.es\\\/wp-content\\\/uploads\\\/2019\\\/09\\\/esei.png\",\"width\":579,\"height\":98,\"caption\":\"Escola Superior de Enxe\u00f1ar\u00eda Inform\u00e1tica\"},\"image\":{\"@id\":\"https:\\\/\\\/esei.uvigo.es\\\/es\\\/#\\\/schema\\\/logo\\\/image\\\/\"}}]}<\/script>\n<!-- \/ Yoast SEO plugin. -->","yoast_head_json":{"title":"Programa Estrat\u00e9gico y Pol\u00edtica y Objetivos de Calidad | Escola Superior de Enxe\u00f1ar\u00eda Inform\u00e1tica","robots":{"index":"index","follow":"follow","max-snippet":"max-snippet:-1","max-image-preview":"max-image-preview:large","max-video-preview":"max-video-preview:-1"},"canonical":"https:\/\/esei.uvigo.es\/es\/calidade\/politica-e-obxectivos-de-calidade\/","og_locale":"es_ES","og_type":"article","og_title":"Programa Estrat\u00e9gico y Pol\u00edtica y Objetivos de Calidad | Escola Superior de Enxe\u00f1ar\u00eda Inform\u00e1tica","og_description":"Programa de Desarrollo Estrat\u00e9gico de la ESEI Programa de Desarrollo Estrat\u00e9gico\u00a0(2025-2029) Pol\u00edtica y Objetivos de Calidad Pol\u00edtica y Objetivos de Calidad\u00a0(desde 2024-2025) Pol\u00edtica y Objetivos &hellip; Contin\u00faa","og_url":"https:\/\/esei.uvigo.es\/es\/calidade\/politica-e-obxectivos-de-calidade\/","og_site_name":"Escola Superior de Enxe\u00f1ar\u00eda Inform\u00e1tica","article_modified_time":"2025-05-12T18:14:45+00:00","twitter_card":"summary_large_image","twitter_misc":{"Tiempo de lectura":"1 minuto"},"schema":{"@context":"https:\/\/schema.org","@graph":[{"@type":"WebPage","@id":"https:\/\/esei.uvigo.es\/es\/calidade\/politica-e-obxectivos-de-calidade\/","url":"https:\/\/esei.uvigo.es\/es\/calidade\/politica-e-obxectivos-de-calidade\/","name":"Programa Estrat\u00e9gico y Pol\u00edtica y Objetivos de Calidad | Escola Superior de Enxe\u00f1ar\u00eda Inform\u00e1tica","isPartOf":{"@id":"https:\/\/esei.uvigo.es\/es\/#website"},"datePublished":"2018-09-05T08:19:43+00:00","dateModified":"2025-05-12T18:14:45+00:00","breadcrumb":{"@id":"https:\/\/esei.uvigo.es\/es\/calidade\/politica-e-obxectivos-de-calidade\/#breadcrumb"},"inLanguage":"es","potentialAction":[{"@type":"ReadAction","target":["https:\/\/esei.uvigo.es\/es\/calidade\/politica-e-obxectivos-de-calidade\/"]}]},{"@type":"BreadcrumbList","@id":"https:\/\/esei.uvigo.es\/es\/calidade\/politica-e-obxectivos-de-calidade\/#breadcrumb","itemListElement":[{"@type":"ListItem","position":1,"name":"Portada","item":"https:\/\/esei.uvigo.es\/es\/"},{"@type":"ListItem","position":2,"name":"Calidad","item":"https:\/\/esei.uvigo.es\/es\/calidade\/"},{"@type":"ListItem","position":3,"name":"Programa Estrat\u00e9gico y Pol\u00edtica y Objetivos de Calidad"}]},{"@type":"WebSite","@id":"https:\/\/esei.uvigo.es\/es\/#website","url":"https:\/\/esei.uvigo.es\/es\/","name":"Escola Superior de Enxe\u00f1ar\u00eda Inform\u00e1tica","description":"","publisher":{"@id":"https:\/\/esei.uvigo.es\/es\/#organization"},"potentialAction":[{"@type":"SearchAction","target":{"@type":"EntryPoint","urlTemplate":"https:\/\/esei.uvigo.es\/es\/?s={search_term_string}"},"query-input":{"@type":"PropertyValueSpecification","valueRequired":true,"valueName":"search_term_string"}}],"inLanguage":"es"},{"@type":"Organization","@id":"https:\/\/esei.uvigo.es\/es\/#organization","name":"Escola Superior de Enxe\u00f1ar\u00eda Inform\u00e1tica","url":"https:\/\/esei.uvigo.es\/es\/","logo":{"@type":"ImageObject","inLanguage":"es","@id":"https:\/\/esei.uvigo.es\/es\/#\/schema\/logo\/image\/","url":"https:\/\/esei.uvigo.es\/wp-content\/uploads\/2019\/09\/esei.png","contentUrl":"https:\/\/esei.uvigo.es\/wp-content\/uploads\/2019\/09\/esei.png","width":579,"height":98,"caption":"Escola Superior de Enxe\u00f1ar\u00eda Inform\u00e1tica"},"image":{"@id":"https:\/\/esei.uvigo.es\/es\/#\/schema\/logo\/image\/"}}]}},"_links":{"self":[{"href":"https:\/\/esei.uvigo.es\/es\/wp-json\/wp\/v2\/pages\/22882","targetHints":{"allow":["GET"]}}],"collection":[{"href":"https:\/\/esei.uvigo.es\/es\/wp-json\/wp\/v2\/pages"}],"about":[{"href":"https:\/\/esei.uvigo.es\/es\/wp-json\/wp\/v2\/types\/page"}],"author":[{"embeddable":true,"href":"https:\/\/esei.uvigo.es\/es\/wp-json\/wp\/v2\/users\/10"}],"replies":[{"embeddable":true,"href":"https:\/\/esei.uvigo.es\/es\/wp-json\/wp\/v2\/comments?post=22882"}],"version-history":[{"count":6,"href":"https:\/\/esei.uvigo.es\/es\/wp-json\/wp\/v2\/pages\/22882\/revisions"}],"predecessor-version":[{"id":28333,"href":"https:\/\/esei.uvigo.es\/es\/wp-json\/wp\/v2\/pages\/22882\/revisions\/28333"}],"up":[{"embeddable":true,"href":"https:\/\/esei.uvigo.es\/es\/wp-json\/wp\/v2\/pages\/22876"}],"wp:attachment":[{"href":"https:\/\/esei.uvigo.es\/es\/wp-json\/wp\/v2\/media?parent=22882"}],"curies":[{"name":"wp","href":"https:\/\/api.w.org\/{rel}","templated":true}]}}