{"id":22881,"date":"2019-02-06T12:47:11","date_gmt":"2019-02-06T11:47:11","guid":{"rendered":"https:\/\/esei.uvigo.es\/calidade\/seguimento-de-titulos\/"},"modified":"2025-01-06T12:48:58","modified_gmt":"2025-01-06T11:48:58","slug":"seguimento-de-titulos","status":"publish","type":"page","link":"https:\/\/esei.uvigo.es\/es\/calidade\/seguimento-de-titulos\/","title":{"rendered":"Seguimiento y acreditaci\u00f3n de t\u00edtulos"},"content":{"rendered":"<div class=\"page-header\">\n<h3>\u00bfA qu\u00e9 se denomina \u201cACREDITACI\u00d3N\u201d en t\u00e9rminos educativos?<\/h3>\n<p>La ACREDITACI\u00d3N es el proceso que apunta a garantizar la excelencia de una instituci\u00f3n o de un programa educativo, ya que supone una evaluaci\u00f3n basada en est\u00e1ndares y criterios de calidad establecidos previamente por una agencia u organismo acreditador.<\/p>\n<h3>\u00bfQui\u00e9n ACREDITA carreras y universidades en Espa\u00f1a?<\/h3>\n<p>En nuestro pa\u00eds, quien se encarga de la evaluaci\u00f3n de las universidades p\u00fablicas y privadas, de la acreditaci\u00f3n de sus respectivas carreras de grado y posgrado, y de la homologaci\u00f3n de los t\u00edtulos correspondientes, es la Agencia Nacional de Evaluaci\u00f3n de la Calidad y Acreditaci\u00f3n (<a href=\"https:\/\/www.aneca.es\/\">ANECA<\/a>). ANECA es el \u00f3rgano encargado de realizar actividades de evaluaci\u00f3n, certificaci\u00f3n y acreditaci\u00f3n del sistema universitario espa\u00f1ol con el fin de su mejora continua y adaptaci\u00f3n al Espacio Europeo de Educaci\u00f3n Superior (EEES).<\/p>\n<p>ANECA trabaja en colaboraci\u00f3n con las Agencias de calidad auton\u00f3micas (en Galicia, la <a href=\"http:\/\/www.acsug.es\/\">ACSUG<\/a>, Agencia para la Calidad del Sistema Universitario de Galicia) para garantizar la calidad del sistema universitario en el territorio espa\u00f1ol.<\/p>\n<h3>\u00bfEn qu\u00e9 consiste la RENOVACI\u00d3N de la acreditaci\u00f3n?<\/h3>\n<p>Los t\u00edtulos universitarios deben someterse peri\u00f3dicamente a la renovaci\u00f3n de su acreditaci\u00f3n por el Consejo de Universidades. ANECA lleva a cabo esta valoraci\u00f3n a trav\u00e9s del programa <a href=\"https:\/\/www.aneca.es\/renovacion-acreditacion\">ACREDITA<\/a>.<\/p>\n<p>Esta evaluaci\u00f3n se realiza de manera c\u00edclica y tiene un doble objetivo: comprobar si el t\u00edtulo se est\u00e1 llevando a cabo de acuerdo con los objetivos establecidos en su proyecto inicial (por el cual obtuvo la condici\u00f3n de t\u00edtulo oficial) y comprobar si sus resultados son adecuados y contribuyen a la formaci\u00f3n del alumnado y a la consecuci\u00f3n, por tanto, de los objetivos previstos. El resultado de este proceso de evaluaci\u00f3n es un informe final, en t\u00e9rminos favorables o desfavorables, a la renovaci\u00f3n de la acreditaci\u00f3n.<\/p>\n<h3>Acreditaci\u00f3n INSTITUCIONAL<\/h3>\n<\/div>\n<div class=\"page-content\">\n<p>Para obtener la acreditaci\u00f3n institucional de centros de universidades p\u00fablicas y personales, los apartados 2 y 3 del art\u00edculo 14 del <a href=\"https:\/\/www.boe.es\/buscar\/act.php?id=BOE-A-2015-6708\">Real Decreto 420\/2015<\/a>, del 29 de mayo, de creaci\u00f3n, reconocimiento, autorizaci\u00f3n y acreditaci\u00f3n de universidades y centros universitarios, requieren el cumplimiento de dos requisitos:<\/p>\n<ol>\n<li>Renovar la acreditaci\u00f3n inicial de por lo menos la mitad de los t\u00edtulos oficiales de grado y m\u00e1ster que impartan.<\/li>\n<li>Contar con la certificaci\u00f3n de la implantaci\u00f3n de su sistema de garant\u00eda interno de calidad.<\/li>\n<\/ol>\n<p>La Escuela Superior de Ingenier\u00eda Inform\u00e1tica cumple ambos requisitos por lo que la Universidad de Vigo solicit\u00f3 la acreditaci\u00f3n institucional de la ESEI a la ACSUG, que emiti\u00f3 un informe de evaluaci\u00f3n vinculante para el Consejo de Universidades.<\/p>\n<p>El Consejo de Universidades es el \u00f3rgano competente para dictar la resoluci\u00f3n de acreditaci\u00f3n, que se ha de enviar a la Universidad, a la Comunidad Aut\u00f3noma y al Ministerio de Educaci\u00f3n, Cultura e Deporte para los efectos de la inscripci\u00f3n de los centros acreditados en el Registro de Universidades, Centros y T\u00edtulos.<\/p>\n<p>Mediante <a href=\"https:\/\/esei.uvigo.es\/documentos\/sgic_sgto_acreditacion_institucional_1819\/\" target=\"_blank\" rel=\"noopener\">Resoluci\u00f3n de 28 de xaneiro de 2019, do Consello de Universidades, en relaci\u00f3n coa acreditaci\u00f3n institucional da Escola Superior de Enxe\u00f1ar\u00eda Inform\u00e1tica (32016819) da Universidade de Vigo<\/a>, el Consejo de Universidades declara la acreditaci\u00f3n institucional de la ESEI. La acreditaci\u00f3n institucional, que deber\u00e1 renovarse antes del transcurso de cinco a\u00f1os contados a partir de la fecha de la presente resoluci\u00f3n, tendr\u00e1, para el Centro, los efectos previstos en el art\u00edculo 27, del Real Decreto 1393\/2007, del 29 de octubre.<\/p>\n<p>La acreditaci\u00f3n institucional de la ESEI, mientras mantenga sus efectos, permitir\u00e1 renovar la acreditaci\u00f3n de las titulaciones oficiales que imparta el centro sin necesidad de someterse al procedimiento general.<\/p>\n<\/div>\n<div id=\"accordion0\" class=\"accordion \" role=\"tablist\" aria-multiselectable=\"true\" >\n<div class=\"card\" >\n<div class=\"card-header\"><a class=\"collapse  collapsed\" data-toggle=\"collapse\" data-parent=\"#accordion0\" href=\"#collapse0\" aria-controls=\"collapse0\">Seguimiento y acreditaci\u00f3n del Grado en Ingenier\u00eda Inform\u00e1tica<\/a><\/div>\n<div id=\"collapse0\" class=\"collapse\" role=\"tabpanel\" data-parent=\"#accordion0\"><div class=\"card-body\">\n<h3>Verificaci\u00f3n del Grado en Ingenier\u00eda Inform\u00e1tica<\/h3>\n<ul>\n<li><a href=\"https:\/\/esei.uvigo.es\/documentos\/sgic_sgto_acreditacion_grado_09\/\" target=\"_blank\" rel=\"noopener noreferrer\" class=\"card-link\">Informe de verificaci\u00f3n del t\u00edtulo de Grado en Ingenier\u00eda Inform\u00e1tica (2009)<\/a><\/li>\n<\/ul>\n<h3>Renovaci\u00f3n Acreditaci\u00f3n del Grado en Ingenier\u00eda Inform\u00e1tica<\/h3>\n<h4>Curso 2016\/17<\/h4>\n<ul>\n<li><a href=\"https:\/\/esei.uvigo.es\/documentos\/sgic_sgto_autoinforme_grado_1516\/\" target=\"_blank\" rel=\"noopener noreferrer\" class=\"card-link\">Informe de autoevaluaci\u00f3n de renovaci\u00f3n de la acreditaci\u00f3n<\/a><\/li>\n<li><a href=\"https:\/\/esei.uvigo.es\/documentos\/sgic_sgto_acreditacion_grado_1617\/\" target=\"_blank\" rel=\"noopener noreferrer\" class=\"card-link\">Informe de renovaci\u00f3n de la acreditaci\u00f3n ACSUG<\/a><\/li>\n<li><a href=\"https:\/\/esei.uvigo.es\/documentos\/sgic_sgto_resolucion_renovacion_acreditacion_grado_1617\/\" target=\"_blank\" rel=\"noopener noreferrer\" class=\"card-link\">Resoluci\u00f3n de la Secretar\u00eda General de Universidades acerca de la renovaci\u00f3n de la acreditaci\u00f3n<\/a><\/li>\n<\/ul>\n<h3>Seguimiento del Grado en Ingenier\u00eda Inform\u00e1tica<\/h3>\n<p class=\"card-text\">El seguimiento de las titulaciones forma parte de los Informes de resultados anuales del Centro (<a href=\"https:\/\/esei.uvigo.es\/calidade\/indicadores-e-resultados\/\" target=\"_blank\" rel=\"noopener noreferrer\" class=\"card-link\">enlace<\/a>)<\/p>\n<\/div><\/div>\n<\/div>\n<div class=\"card\" >\n<div class=\"card-header\"><a class=\"collapse  collapsed\" data-toggle=\"collapse\" data-parent=\"#accordion0\" href=\"#collapse1\" aria-controls=\"collapse1\">Seguimiento y acreditaci\u00f3n del M\u00e1ster Universitario en Ingenier\u00eda Inform\u00e1tica<\/a><\/div>\n<div id=\"collapse1\" class=\"collapse\" role=\"tabpanel\" data-parent=\"#accordion0\"><div class=\"card-body\">\n<h3>Verificaci\u00f3n del M\u00e1ster Universitario en Ingenier\u00eda Inform\u00e1tica<\/h3>\n<div class=\"indent\">\n<ul>\n<li class=\"bodytext\"><a href=\"https:\/\/esei.uvigo.es\/documentos\/sgic_sgto_acreditacion_mei_09\/\" target=\"_blank\" rel=\"noopener noreferrer\" class=\"card-link\">Verificaci\u00f3n del t\u00edtulo de M\u00e1ster Universitario en Ingenier\u00eda Inform\u00e1tica (2011)<\/a><\/li>\n<\/ul>\n<h3>Renovaci\u00f3n de la acreditaci\u00f3n del M\u00e1ster Universitario en Ingenier\u00eda Inform\u00e1tica<\/h3>\n<h4>Curso 2014\/15<\/h4>\n<ul>\n<li><a href=\"https:\/\/esei.uvigo.es\/documentos\/sgic_sgto_indicadores_mei_1415\/\" target=\"_blank\" rel=\"noopener noreferrer\" class=\"card-link\">Relaci\u00f3n de evidencias e indicadores<\/a><\/li>\n<li><a href=\"https:\/\/esei.uvigo.es\/documentos\/sgic_sgto_autoinforme_mei_1415\/\" target=\"_blank\" rel=\"noopener noreferrer\" class=\"card-link\">Informe de autoevaluaci\u00f3n para renovaci\u00f3n de acreditaci\u00f3n<\/a><\/li>\n<li><a href=\"https:\/\/esei.uvigo.es\/documentos\/sgic_sgto_renovacion_acreditacion_mei_1415\/\" target=\"_blank\" rel=\"noopener noreferrer\" class=\"card-link\">Informe de renovaci\u00f3n de acreditaci\u00f3n ACSUG<\/a><\/li>\n<\/ul>\n<h3>Seguimiento del M\u00e1ster Universitario en Ingenier\u00eda Inform\u00e1tica<\/h3>\n<p class=\"card-text\">El seguimiento de las titulaciones forma parte de los Informes de resultados anuales del Centro (<a href=\"https:\/\/esei.uvigo.es\/calidade\/indicadores-e-resultados\/\" target=\"_blank\" rel=\"noopener noreferrer\" class=\"card-link\">enlace<\/a>).<\/p>\n<\/div>\n<\/div><\/div>\n<\/div>\n<\/div>\n","protected":false},"excerpt":{"rendered":"<p>\u00bfA qu\u00e9 se denomina \u201cACREDITACI\u00d3N\u201d en t\u00e9rminos educativos? La ACREDITACI\u00d3N es el proceso que apunta a garantizar la excelencia de una instituci\u00f3n o de un &hellip; <a class=\"excerpt_more\" href=\"https:\/\/esei.uvigo.es\/es\/calidade\/seguimento-de-titulos\/\">Contin\u00faa<\/a><\/p>\n","protected":false},"author":10,"featured_media":0,"parent":22876,"menu_order":4,"comment_status":"closed","ping_status":"closed","template":"","meta":{"_acf_changed":false,"footnotes":""},"class_list":["post-22881","page","type-page","status-publish","hentry"],"acf":[],"yoast_head":"<!-- This site is optimized with the Yoast SEO plugin v27.6 - https:\/\/yoast.com\/product\/yoast-seo-wordpress\/ -->\n<title>Seguimiento y acreditaci\u00f3n de t\u00edtulos | Escola Superior de Enxe\u00f1ar\u00eda Inform\u00e1tica<\/title>\n<meta name=\"robots\" content=\"index, follow, max-snippet:-1, max-image-preview:large, max-video-preview:-1\" \/>\n<link rel=\"canonical\" href=\"https:\/\/esei.uvigo.es\/es\/calidade\/seguimento-de-titulos\/\" \/>\n<meta property=\"og:locale\" content=\"es_ES\" \/>\n<meta property=\"og:type\" content=\"article\" \/>\n<meta property=\"og:title\" content=\"Seguimiento y acreditaci\u00f3n de t\u00edtulos | Escola Superior de Enxe\u00f1ar\u00eda Inform\u00e1tica\" \/>\n<meta property=\"og:description\" content=\"\u00bfA qu\u00e9 se denomina \u201cACREDITACI\u00d3N\u201d en t\u00e9rminos educativos? La ACREDITACI\u00d3N es el proceso que apunta a garantizar la excelencia de una instituci\u00f3n o de un &hellip; Contin\u00faa\" \/>\n<meta property=\"og:url\" content=\"https:\/\/esei.uvigo.es\/es\/calidade\/seguimento-de-titulos\/\" \/>\n<meta property=\"og:site_name\" content=\"Escola Superior de Enxe\u00f1ar\u00eda Inform\u00e1tica\" \/>\n<meta property=\"article:modified_time\" content=\"2025-01-06T11:48:58+00:00\" \/>\n<meta name=\"twitter:card\" content=\"summary_large_image\" \/>\n<meta name=\"twitter:label1\" content=\"Tiempo de lectura\" \/>\n\t<meta name=\"twitter:data1\" content=\"4 minutos\" \/>\n<script type=\"application\/ld+json\" class=\"yoast-schema-graph\">{\"@context\":\"https:\\\/\\\/schema.org\",\"@graph\":[{\"@type\":\"WebPage\",\"@id\":\"https:\\\/\\\/esei.uvigo.es\\\/es\\\/calidade\\\/seguimento-de-titulos\\\/\",\"url\":\"https:\\\/\\\/esei.uvigo.es\\\/es\\\/calidade\\\/seguimento-de-titulos\\\/\",\"name\":\"Seguimiento y acreditaci\u00f3n de t\u00edtulos | Escola Superior de Enxe\u00f1ar\u00eda Inform\u00e1tica\",\"isPartOf\":{\"@id\":\"https:\\\/\\\/esei.uvigo.es\\\/es\\\/#website\"},\"datePublished\":\"2019-02-06T11:47:11+00:00\",\"dateModified\":\"2025-01-06T11:48:58+00:00\",\"breadcrumb\":{\"@id\":\"https:\\\/\\\/esei.uvigo.es\\\/es\\\/calidade\\\/seguimento-de-titulos\\\/#breadcrumb\"},\"inLanguage\":\"es\",\"potentialAction\":[{\"@type\":\"ReadAction\",\"target\":[\"https:\\\/\\\/esei.uvigo.es\\\/es\\\/calidade\\\/seguimento-de-titulos\\\/\"]}]},{\"@type\":\"BreadcrumbList\",\"@id\":\"https:\\\/\\\/esei.uvigo.es\\\/es\\\/calidade\\\/seguimento-de-titulos\\\/#breadcrumb\",\"itemListElement\":[{\"@type\":\"ListItem\",\"position\":1,\"name\":\"Portada\",\"item\":\"https:\\\/\\\/esei.uvigo.es\\\/es\\\/\"},{\"@type\":\"ListItem\",\"position\":2,\"name\":\"Calidad\",\"item\":\"https:\\\/\\\/esei.uvigo.es\\\/es\\\/calidade\\\/\"},{\"@type\":\"ListItem\",\"position\":3,\"name\":\"Seguimiento y acreditaci\u00f3n de t\u00edtulos\"}]},{\"@type\":\"WebSite\",\"@id\":\"https:\\\/\\\/esei.uvigo.es\\\/es\\\/#website\",\"url\":\"https:\\\/\\\/esei.uvigo.es\\\/es\\\/\",\"name\":\"Escola Superior de Enxe\u00f1ar\u00eda Inform\u00e1tica\",\"description\":\"\",\"publisher\":{\"@id\":\"https:\\\/\\\/esei.uvigo.es\\\/es\\\/#organization\"},\"potentialAction\":[{\"@type\":\"SearchAction\",\"target\":{\"@type\":\"EntryPoint\",\"urlTemplate\":\"https:\\\/\\\/esei.uvigo.es\\\/es\\\/?s={search_term_string}\"},\"query-input\":{\"@type\":\"PropertyValueSpecification\",\"valueRequired\":true,\"valueName\":\"search_term_string\"}}],\"inLanguage\":\"es\"},{\"@type\":\"Organization\",\"@id\":\"https:\\\/\\\/esei.uvigo.es\\\/es\\\/#organization\",\"name\":\"Escola Superior de Enxe\u00f1ar\u00eda Inform\u00e1tica\",\"url\":\"https:\\\/\\\/esei.uvigo.es\\\/es\\\/\",\"logo\":{\"@type\":\"ImageObject\",\"inLanguage\":\"es\",\"@id\":\"https:\\\/\\\/esei.uvigo.es\\\/es\\\/#\\\/schema\\\/logo\\\/image\\\/\",\"url\":\"https:\\\/\\\/esei.uvigo.es\\\/wp-content\\\/uploads\\\/2019\\\/09\\\/esei.png\",\"contentUrl\":\"https:\\\/\\\/esei.uvigo.es\\\/wp-content\\\/uploads\\\/2019\\\/09\\\/esei.png\",\"width\":579,\"height\":98,\"caption\":\"Escola Superior de Enxe\u00f1ar\u00eda Inform\u00e1tica\"},\"image\":{\"@id\":\"https:\\\/\\\/esei.uvigo.es\\\/es\\\/#\\\/schema\\\/logo\\\/image\\\/\"}}]}<\/script>\n<!-- \/ Yoast SEO plugin. -->","yoast_head_json":{"title":"Seguimiento y acreditaci\u00f3n de t\u00edtulos | Escola Superior de Enxe\u00f1ar\u00eda Inform\u00e1tica","robots":{"index":"index","follow":"follow","max-snippet":"max-snippet:-1","max-image-preview":"max-image-preview:large","max-video-preview":"max-video-preview:-1"},"canonical":"https:\/\/esei.uvigo.es\/es\/calidade\/seguimento-de-titulos\/","og_locale":"es_ES","og_type":"article","og_title":"Seguimiento y acreditaci\u00f3n de t\u00edtulos | Escola Superior de Enxe\u00f1ar\u00eda Inform\u00e1tica","og_description":"\u00bfA qu\u00e9 se denomina \u201cACREDITACI\u00d3N\u201d en t\u00e9rminos educativos? La ACREDITACI\u00d3N es el proceso que apunta a garantizar la excelencia de una instituci\u00f3n o de un &hellip; Contin\u00faa","og_url":"https:\/\/esei.uvigo.es\/es\/calidade\/seguimento-de-titulos\/","og_site_name":"Escola Superior de Enxe\u00f1ar\u00eda Inform\u00e1tica","article_modified_time":"2025-01-06T11:48:58+00:00","twitter_card":"summary_large_image","twitter_misc":{"Tiempo de lectura":"4 minutos"},"schema":{"@context":"https:\/\/schema.org","@graph":[{"@type":"WebPage","@id":"https:\/\/esei.uvigo.es\/es\/calidade\/seguimento-de-titulos\/","url":"https:\/\/esei.uvigo.es\/es\/calidade\/seguimento-de-titulos\/","name":"Seguimiento y acreditaci\u00f3n de t\u00edtulos | Escola Superior de Enxe\u00f1ar\u00eda Inform\u00e1tica","isPartOf":{"@id":"https:\/\/esei.uvigo.es\/es\/#website"},"datePublished":"2019-02-06T11:47:11+00:00","dateModified":"2025-01-06T11:48:58+00:00","breadcrumb":{"@id":"https:\/\/esei.uvigo.es\/es\/calidade\/seguimento-de-titulos\/#breadcrumb"},"inLanguage":"es","potentialAction":[{"@type":"ReadAction","target":["https:\/\/esei.uvigo.es\/es\/calidade\/seguimento-de-titulos\/"]}]},{"@type":"BreadcrumbList","@id":"https:\/\/esei.uvigo.es\/es\/calidade\/seguimento-de-titulos\/#breadcrumb","itemListElement":[{"@type":"ListItem","position":1,"name":"Portada","item":"https:\/\/esei.uvigo.es\/es\/"},{"@type":"ListItem","position":2,"name":"Calidad","item":"https:\/\/esei.uvigo.es\/es\/calidade\/"},{"@type":"ListItem","position":3,"name":"Seguimiento y acreditaci\u00f3n de t\u00edtulos"}]},{"@type":"WebSite","@id":"https:\/\/esei.uvigo.es\/es\/#website","url":"https:\/\/esei.uvigo.es\/es\/","name":"Escola Superior de Enxe\u00f1ar\u00eda Inform\u00e1tica","description":"","publisher":{"@id":"https:\/\/esei.uvigo.es\/es\/#organization"},"potentialAction":[{"@type":"SearchAction","target":{"@type":"EntryPoint","urlTemplate":"https:\/\/esei.uvigo.es\/es\/?s={search_term_string}"},"query-input":{"@type":"PropertyValueSpecification","valueRequired":true,"valueName":"search_term_string"}}],"inLanguage":"es"},{"@type":"Organization","@id":"https:\/\/esei.uvigo.es\/es\/#organization","name":"Escola Superior de Enxe\u00f1ar\u00eda Inform\u00e1tica","url":"https:\/\/esei.uvigo.es\/es\/","logo":{"@type":"ImageObject","inLanguage":"es","@id":"https:\/\/esei.uvigo.es\/es\/#\/schema\/logo\/image\/","url":"https:\/\/esei.uvigo.es\/wp-content\/uploads\/2019\/09\/esei.png","contentUrl":"https:\/\/esei.uvigo.es\/wp-content\/uploads\/2019\/09\/esei.png","width":579,"height":98,"caption":"Escola Superior de Enxe\u00f1ar\u00eda Inform\u00e1tica"},"image":{"@id":"https:\/\/esei.uvigo.es\/es\/#\/schema\/logo\/image\/"}}]}},"_links":{"self":[{"href":"https:\/\/esei.uvigo.es\/es\/wp-json\/wp\/v2\/pages\/22881","targetHints":{"allow":["GET"]}}],"collection":[{"href":"https:\/\/esei.uvigo.es\/es\/wp-json\/wp\/v2\/pages"}],"about":[{"href":"https:\/\/esei.uvigo.es\/es\/wp-json\/wp\/v2\/types\/page"}],"author":[{"embeddable":true,"href":"https:\/\/esei.uvigo.es\/es\/wp-json\/wp\/v2\/users\/10"}],"replies":[{"embeddable":true,"href":"https:\/\/esei.uvigo.es\/es\/wp-json\/wp\/v2\/comments?post=22881"}],"version-history":[{"count":11,"href":"https:\/\/esei.uvigo.es\/es\/wp-json\/wp\/v2\/pages\/22881\/revisions"}],"predecessor-version":[{"id":27647,"href":"https:\/\/esei.uvigo.es\/es\/wp-json\/wp\/v2\/pages\/22881\/revisions\/27647"}],"up":[{"embeddable":true,"href":"https:\/\/esei.uvigo.es\/es\/wp-json\/wp\/v2\/pages\/22876"}],"wp:attachment":[{"href":"https:\/\/esei.uvigo.es\/es\/wp-json\/wp\/v2\/media?parent=22881"}],"curies":[{"name":"wp","href":"https:\/\/api.w.org\/{rel}","templated":true}]}}