{"id":22879,"date":"2019-02-06T12:47:00","date_gmt":"2019-02-06T11:47:00","guid":{"rendered":"https:\/\/esei.uvigo.es\/calidade\/plans-de-mellora\/"},"modified":"2025-12-11T10:38:41","modified_gmt":"2025-12-11T09:38:41","slug":"plans-de-mellora","status":"publish","type":"page","link":"https:\/\/esei.uvigo.es\/es\/calidade\/plans-de-mellora\/","title":{"rendered":"Planes de Mejora"},"content":{"rendered":"<h3>Plan de Mejoras 2025\/26<\/h3>\n<ul>\n<li><a href=\"https:\/\/esei.uvigo.es\/documentos\/sgic_pm_centro_2526\/\" target=\"_blank\" rel=\"noopener\">Plan de Mejoras del Centro y de las titulaciones<\/a><\/li>\n<li>Informe final<\/li>\n<\/ul>\n<h3>Plan de Mejoras 2024\/25<\/h3>\n<ul>\n<li><a href=\"https:\/\/esei.uvigo.es\/documentos\/sgic_pm_centro_2425\/\" target=\"_blank\" rel=\"noopener\">Plan de Mejoras del Centro y de las titulaciones<\/a><\/li>\n<li>Informe final<\/li>\n<\/ul>\n<h3>Plan de Mejoras 2022\/23 y 2023\/24<\/h3>\n<ul>\n<li><a href=\"https:\/\/esei.uvigo.es\/documentos\/sgic_pm_centro_2223\/\" target=\"_blank\" rel=\"noopener\">Plan de Mejoras del Centro y de las titulaciones<\/a><\/li>\n<li><a href=\"https:\/\/esei.uvigo.es\/documentos\/sgic_pm_centro_if_2223\/\" target=\"_blank\" rel=\"noopener\">Informe final<\/a><\/li>\n<\/ul>\n<h3>Plan de Mejoras 2020\/21<\/h3>\n<ul>\n<li><a href=\"https:\/\/esei.uvigo.es\/documentos\/sgic_pm_centro_2021\/\" target=\"_blank\" rel=\"noopener\">Plan de Mejoras del Centro y de las titulaciones<\/a><\/li>\n<li><a href=\"https:\/\/esei.uvigo.es\/documentos\/sgic_pm_centro_if_2021\/\" target=\"_blank\" rel=\"noopener\">Informe final<\/a><\/li>\n<\/ul>\n<h3>Plan de Mejoras 2019\/20<\/h3>\n<ul>\n<li><a href=\"https:\/\/esei.uvigo.es\/documentos\/sgic_pm_centro_1920\/\" target=\"_blank\" rel=\"noopener noreferrer\">Plan de Mejoras del Centro y de las titulaciones<\/a><\/li>\n<li><a href=\"https:\/\/esei.uvigo.es\/documentos\/sgic_pm_centro_if_1920\/\" target=\"_blank\" rel=\"noopener\">Informe final<\/a><\/li>\n<li><a href=\"https:\/\/esei.uvigo.es\/documentos\/sgic_pm_sgic_1516_informe_final\/\" target=\"_blank\" rel=\"noopener noreferrer\">Informe final del Plan de Mejoras del SGIC 2015\/16 (22\/01\/2021)<\/a><\/li>\n<li><a href=\"https:\/\/esei.uvigo.es\/documentos\/sgic_pm_acredita_mei_if_1920\/\">Informe final del Plan de Mejoras asociado a la renovaci\u00f3n de la acreditaci\u00f3n del MEI 2014\/15<\/a><\/li>\n<\/ul>\n<h3>Plan de Mejoras 2018\/19<\/h3>\n<ul>\n<li><a href=\"https:\/\/esei.uvigo.es\/documentos\/sgic_pm_centro_1819\/\" target=\"_blank\" rel=\"noopener noreferrer\">Plan de Mejoras del Centro y de las titulaciones<\/a><\/li>\n<li><a href=\"https:\/\/esei.uvigo.es\/documentos\/sgic_pm_centro_if_1819\/\" target=\"_blank\" rel=\"noopener noreferrer\">Informe final<\/a><\/li>\n<\/ul>\n<h3>Plan de Mejoras 2017\/18<\/h3>\n<ul>\n<li><a href=\"https:\/\/esei.uvigo.es\/documentos\/sgic_pm_centro_1718\/\" target=\"_blank\" rel=\"noopener noreferrer\">Plan de Mejoras del Centro y de las titulaciones<\/a><\/li>\n<li><a href=\"https:\/\/esei.uvigo.es\/documentos\/sgic_pm_centro_if_1718\/\" target=\"_blank\" rel=\"noopener noreferrer\">Informe final<\/a><\/li>\n<\/ul>\n<h3>Plan de Mejoras 2016\/17<\/h3>\n<ul>\n<li><a href=\"https:\/\/esei.uvigo.es\/documentos\/sgic_pm_centro_1617\/\" target=\"_blank\" rel=\"noopener noreferrer\">Plan de Mejoras del Centro y de las titulaciones<\/a><\/li>\n<li><a href=\"https:\/\/esei.uvigo.es\/documentos\/sgic_pm_centro_if_1617\/\" target=\"_blank\" rel=\"noopener noreferrer\">Informe final<\/a><\/li>\n<\/ul>\n","protected":false},"excerpt":{"rendered":"<p>Plan de Mejoras 2025\/26 Plan de Mejoras del Centro y de las titulaciones Informe final Plan de Mejoras 2024\/25 Plan de Mejoras del Centro y &hellip; <a class=\"excerpt_more\" href=\"https:\/\/esei.uvigo.es\/es\/calidade\/plans-de-mellora\/\">Contin\u00faa<\/a><\/p>\n","protected":false},"author":10,"featured_media":0,"parent":22876,"menu_order":4,"comment_status":"closed","ping_status":"closed","template":"","meta":{"_acf_changed":false,"footnotes":""},"class_list":["post-22879","page","type-page","status-publish","hentry"],"acf":[],"yoast_head":"<!-- This site is optimized with the Yoast SEO plugin v27.6 - https:\/\/yoast.com\/product\/yoast-seo-wordpress\/ -->\n<title>Planes de Mejora | Escola Superior de Enxe\u00f1ar\u00eda Inform\u00e1tica<\/title>\n<meta name=\"robots\" content=\"index, follow, max-snippet:-1, max-image-preview:large, max-video-preview:-1\" \/>\n<link rel=\"canonical\" href=\"https:\/\/esei.uvigo.es\/es\/calidade\/plans-de-mellora\/\" \/>\n<meta property=\"og:locale\" content=\"es_ES\" \/>\n<meta property=\"og:type\" content=\"article\" \/>\n<meta property=\"og:title\" content=\"Planes de Mejora | Escola Superior de Enxe\u00f1ar\u00eda Inform\u00e1tica\" \/>\n<meta property=\"og:description\" content=\"Plan de Mejoras 2025\/26 Plan de Mejoras del Centro y de las titulaciones Informe final Plan de Mejoras 2024\/25 Plan de Mejoras del Centro y &hellip; Contin\u00faa\" \/>\n<meta property=\"og:url\" content=\"https:\/\/esei.uvigo.es\/es\/calidade\/plans-de-mellora\/\" \/>\n<meta property=\"og:site_name\" content=\"Escola Superior de Enxe\u00f1ar\u00eda Inform\u00e1tica\" \/>\n<meta property=\"article:modified_time\" content=\"2025-12-11T09:38:41+00:00\" \/>\n<meta name=\"twitter:card\" content=\"summary_large_image\" \/>\n<meta name=\"twitter:label1\" content=\"Tiempo de lectura\" \/>\n\t<meta name=\"twitter:data1\" content=\"1 minuto\" \/>\n<script type=\"application\/ld+json\" class=\"yoast-schema-graph\">{\"@context\":\"https:\\\/\\\/schema.org\",\"@graph\":[{\"@type\":\"WebPage\",\"@id\":\"https:\\\/\\\/esei.uvigo.es\\\/es\\\/calidade\\\/plans-de-mellora\\\/\",\"url\":\"https:\\\/\\\/esei.uvigo.es\\\/es\\\/calidade\\\/plans-de-mellora\\\/\",\"name\":\"Planes de Mejora | Escola Superior de Enxe\u00f1ar\u00eda Inform\u00e1tica\",\"isPartOf\":{\"@id\":\"https:\\\/\\\/esei.uvigo.es\\\/es\\\/#website\"},\"datePublished\":\"2019-02-06T11:47:00+00:00\",\"dateModified\":\"2025-12-11T09:38:41+00:00\",\"breadcrumb\":{\"@id\":\"https:\\\/\\\/esei.uvigo.es\\\/es\\\/calidade\\\/plans-de-mellora\\\/#breadcrumb\"},\"inLanguage\":\"es\",\"potentialAction\":[{\"@type\":\"ReadAction\",\"target\":[\"https:\\\/\\\/esei.uvigo.es\\\/es\\\/calidade\\\/plans-de-mellora\\\/\"]}]},{\"@type\":\"BreadcrumbList\",\"@id\":\"https:\\\/\\\/esei.uvigo.es\\\/es\\\/calidade\\\/plans-de-mellora\\\/#breadcrumb\",\"itemListElement\":[{\"@type\":\"ListItem\",\"position\":1,\"name\":\"Portada\",\"item\":\"https:\\\/\\\/esei.uvigo.es\\\/es\\\/\"},{\"@type\":\"ListItem\",\"position\":2,\"name\":\"Calidad\",\"item\":\"https:\\\/\\\/esei.uvigo.es\\\/es\\\/calidade\\\/\"},{\"@type\":\"ListItem\",\"position\":3,\"name\":\"Planes de Mejora\"}]},{\"@type\":\"WebSite\",\"@id\":\"https:\\\/\\\/esei.uvigo.es\\\/es\\\/#website\",\"url\":\"https:\\\/\\\/esei.uvigo.es\\\/es\\\/\",\"name\":\"Escola Superior de Enxe\u00f1ar\u00eda Inform\u00e1tica\",\"description\":\"\",\"publisher\":{\"@id\":\"https:\\\/\\\/esei.uvigo.es\\\/es\\\/#organization\"},\"potentialAction\":[{\"@type\":\"SearchAction\",\"target\":{\"@type\":\"EntryPoint\",\"urlTemplate\":\"https:\\\/\\\/esei.uvigo.es\\\/es\\\/?s={search_term_string}\"},\"query-input\":{\"@type\":\"PropertyValueSpecification\",\"valueRequired\":true,\"valueName\":\"search_term_string\"}}],\"inLanguage\":\"es\"},{\"@type\":\"Organization\",\"@id\":\"https:\\\/\\\/esei.uvigo.es\\\/es\\\/#organization\",\"name\":\"Escola Superior de Enxe\u00f1ar\u00eda Inform\u00e1tica\",\"url\":\"https:\\\/\\\/esei.uvigo.es\\\/es\\\/\",\"logo\":{\"@type\":\"ImageObject\",\"inLanguage\":\"es\",\"@id\":\"https:\\\/\\\/esei.uvigo.es\\\/es\\\/#\\\/schema\\\/logo\\\/image\\\/\",\"url\":\"https:\\\/\\\/esei.uvigo.es\\\/wp-content\\\/uploads\\\/2019\\\/09\\\/esei.png\",\"contentUrl\":\"https:\\\/\\\/esei.uvigo.es\\\/wp-content\\\/uploads\\\/2019\\\/09\\\/esei.png\",\"width\":579,\"height\":98,\"caption\":\"Escola Superior de Enxe\u00f1ar\u00eda Inform\u00e1tica\"},\"image\":{\"@id\":\"https:\\\/\\\/esei.uvigo.es\\\/es\\\/#\\\/schema\\\/logo\\\/image\\\/\"}}]}<\/script>\n<!-- \/ Yoast SEO plugin. -->","yoast_head_json":{"title":"Planes de Mejora | Escola Superior de Enxe\u00f1ar\u00eda Inform\u00e1tica","robots":{"index":"index","follow":"follow","max-snippet":"max-snippet:-1","max-image-preview":"max-image-preview:large","max-video-preview":"max-video-preview:-1"},"canonical":"https:\/\/esei.uvigo.es\/es\/calidade\/plans-de-mellora\/","og_locale":"es_ES","og_type":"article","og_title":"Planes de Mejora | Escola Superior de Enxe\u00f1ar\u00eda Inform\u00e1tica","og_description":"Plan de Mejoras 2025\/26 Plan de Mejoras del Centro y de las titulaciones Informe final Plan de Mejoras 2024\/25 Plan de Mejoras del Centro y &hellip; Contin\u00faa","og_url":"https:\/\/esei.uvigo.es\/es\/calidade\/plans-de-mellora\/","og_site_name":"Escola Superior de Enxe\u00f1ar\u00eda Inform\u00e1tica","article_modified_time":"2025-12-11T09:38:41+00:00","twitter_card":"summary_large_image","twitter_misc":{"Tiempo de lectura":"1 minuto"},"schema":{"@context":"https:\/\/schema.org","@graph":[{"@type":"WebPage","@id":"https:\/\/esei.uvigo.es\/es\/calidade\/plans-de-mellora\/","url":"https:\/\/esei.uvigo.es\/es\/calidade\/plans-de-mellora\/","name":"Planes de Mejora | Escola Superior de Enxe\u00f1ar\u00eda Inform\u00e1tica","isPartOf":{"@id":"https:\/\/esei.uvigo.es\/es\/#website"},"datePublished":"2019-02-06T11:47:00+00:00","dateModified":"2025-12-11T09:38:41+00:00","breadcrumb":{"@id":"https:\/\/esei.uvigo.es\/es\/calidade\/plans-de-mellora\/#breadcrumb"},"inLanguage":"es","potentialAction":[{"@type":"ReadAction","target":["https:\/\/esei.uvigo.es\/es\/calidade\/plans-de-mellora\/"]}]},{"@type":"BreadcrumbList","@id":"https:\/\/esei.uvigo.es\/es\/calidade\/plans-de-mellora\/#breadcrumb","itemListElement":[{"@type":"ListItem","position":1,"name":"Portada","item":"https:\/\/esei.uvigo.es\/es\/"},{"@type":"ListItem","position":2,"name":"Calidad","item":"https:\/\/esei.uvigo.es\/es\/calidade\/"},{"@type":"ListItem","position":3,"name":"Planes de Mejora"}]},{"@type":"WebSite","@id":"https:\/\/esei.uvigo.es\/es\/#website","url":"https:\/\/esei.uvigo.es\/es\/","name":"Escola Superior de Enxe\u00f1ar\u00eda Inform\u00e1tica","description":"","publisher":{"@id":"https:\/\/esei.uvigo.es\/es\/#organization"},"potentialAction":[{"@type":"SearchAction","target":{"@type":"EntryPoint","urlTemplate":"https:\/\/esei.uvigo.es\/es\/?s={search_term_string}"},"query-input":{"@type":"PropertyValueSpecification","valueRequired":true,"valueName":"search_term_string"}}],"inLanguage":"es"},{"@type":"Organization","@id":"https:\/\/esei.uvigo.es\/es\/#organization","name":"Escola Superior de Enxe\u00f1ar\u00eda Inform\u00e1tica","url":"https:\/\/esei.uvigo.es\/es\/","logo":{"@type":"ImageObject","inLanguage":"es","@id":"https:\/\/esei.uvigo.es\/es\/#\/schema\/logo\/image\/","url":"https:\/\/esei.uvigo.es\/wp-content\/uploads\/2019\/09\/esei.png","contentUrl":"https:\/\/esei.uvigo.es\/wp-content\/uploads\/2019\/09\/esei.png","width":579,"height":98,"caption":"Escola Superior de Enxe\u00f1ar\u00eda Inform\u00e1tica"},"image":{"@id":"https:\/\/esei.uvigo.es\/es\/#\/schema\/logo\/image\/"}}]}},"_links":{"self":[{"href":"https:\/\/esei.uvigo.es\/es\/wp-json\/wp\/v2\/pages\/22879","targetHints":{"allow":["GET"]}}],"collection":[{"href":"https:\/\/esei.uvigo.es\/es\/wp-json\/wp\/v2\/pages"}],"about":[{"href":"https:\/\/esei.uvigo.es\/es\/wp-json\/wp\/v2\/types\/page"}],"author":[{"embeddable":true,"href":"https:\/\/esei.uvigo.es\/es\/wp-json\/wp\/v2\/users\/10"}],"replies":[{"embeddable":true,"href":"https:\/\/esei.uvigo.es\/es\/wp-json\/wp\/v2\/comments?post=22879"}],"version-history":[{"count":11,"href":"https:\/\/esei.uvigo.es\/es\/wp-json\/wp\/v2\/pages\/22879\/revisions"}],"predecessor-version":[{"id":29658,"href":"https:\/\/esei.uvigo.es\/es\/wp-json\/wp\/v2\/pages\/22879\/revisions\/29658"}],"up":[{"embeddable":true,"href":"https:\/\/esei.uvigo.es\/es\/wp-json\/wp\/v2\/pages\/22876"}],"wp:attachment":[{"href":"https:\/\/esei.uvigo.es\/es\/wp-json\/wp\/v2\/media?parent=22879"}],"curies":[{"name":"wp","href":"https:\/\/api.w.org\/{rel}","templated":true}]}}