{"id":22878,"date":"2018-09-20T14:11:21","date_gmt":"2018-09-20T12:11:21","guid":{"rendered":"https:\/\/esei.uvigo.es\/calidade\/manual-do-sgic\/"},"modified":"2025-09-21T22:52:04","modified_gmt":"2025-09-21T20:52:04","slug":"manual-do-sgic","status":"publish","type":"page","link":"https:\/\/esei.uvigo.es\/es\/calidade\/manual-do-sgic\/","title":{"rendered":"Manual del SGIC"},"content":{"rendered":"<p><a href=\"https:\/\/www.uvigo.gal\/sites\/uvigo.gal\/files\/docs\/universidade\/calidade\/programas\/docencia\/SGC-Manual-Calidade-Institucional.pdf\" target=\"_blank\" rel=\"noopener\">Manual de calidad institucional (2022)<\/a><\/p>\n<ol>\n<li><a href=\"https:\/\/www.uvigo.gal\/sites\/uvigo.gal\/files\/docs\/universidade\/calidade\/programas\/docencia\/SGC-Manual-Calidade-Institucional-Anexo-1.pdf\" target=\"_blank\" rel=\"noopener\">Directrices y procedimientos (2022)<\/a><\/li>\n<li><a href=\"https:\/\/www.uvigo.gal\/sites\/uvigo.gal\/files\/docs\/universidade\/calidade\/programas\/docencia\/SGC\/anexo_2_mapa_de_procesos.pdf\" target=\"_blank\" rel=\"noopener\">Mapa de procesos de calidad en los Centros (2024)<\/a><\/li>\n<li><a href=\"https:\/\/www.uvigo.gal\/sites\/uvigo.gal\/files\/docs\/universidade\/calidade\/programas\/docencia\/SGC-Manual-Calidade-Institucional-Anexo-3.pdf\" target=\"_blank\" rel=\"noopener\">Manual de aplicaci\u00f3n del SGC (2022)<\/a><\/li>\n<\/ol>\n<p><a href=\"https:\/\/esei.uvigo.es\/documentos\/manual-de-calidade-sgic\/\" target=\"_blank\" rel=\"noopener\">Manual de calidad de la ESEI (2025)<\/a>:<\/p>\n<ol>\n<li><a href=\"https:\/\/esei.uvigo.es\/documentos\/sgic-manual-presentacion\/\" target=\"_blank\" rel=\"noopener noreferrer\">Presentaci\u00f3n: la Calidad en la ESEI<\/a><\/li>\n<li><a href=\"https:\/\/esei.uvigo.es\/documentos\/sgic-manual-estructura-organizativa\/\" target=\"_blank\" rel=\"noopener noreferrer\">Estructura institucional organizativa en materia de calidad en la ESEI<\/a><\/li>\n<li><a href=\"https:\/\/esei.uvigo.es\/documentos\/sgic-manual-sistema-de-garantia-interna-de-calidade\/\" target=\"_blank\" rel=\"noopener noreferrer\">Sistema de Garant\u00eda de Calidad de la ESEI<\/a><\/li>\n<\/ol>\n<ol>\n<li style=\"list-style-type: none;\"><\/li>\n<\/ol>\n<p>&nbsp;<\/p>\n","protected":false},"excerpt":{"rendered":"<p>Manual de calidad institucional (2022) Directrices y procedimientos (2022) Mapa de procesos de calidad en los Centros (2024) Manual de aplicaci\u00f3n del SGC (2022) Manual &hellip; <a class=\"excerpt_more\" href=\"https:\/\/esei.uvigo.es\/es\/calidade\/manual-do-sgic\/\">Contin\u00faa<\/a><\/p>\n","protected":false},"author":10,"featured_media":0,"parent":22876,"menu_order":3,"comment_status":"closed","ping_status":"closed","template":"","meta":{"_acf_changed":false,"footnotes":""},"class_list":["post-22878","page","type-page","status-publish","hentry"],"acf":[],"yoast_head":"<!-- This site is optimized with the Yoast SEO plugin v27.6 - https:\/\/yoast.com\/product\/yoast-seo-wordpress\/ -->\n<title>Manual del SGIC | Escola Superior de Enxe\u00f1ar\u00eda Inform\u00e1tica<\/title>\n<meta name=\"robots\" content=\"index, follow, max-snippet:-1, max-image-preview:large, max-video-preview:-1\" \/>\n<link rel=\"canonical\" href=\"https:\/\/esei.uvigo.es\/es\/calidade\/manual-do-sgic\/\" \/>\n<meta property=\"og:locale\" content=\"es_ES\" \/>\n<meta property=\"og:type\" content=\"article\" \/>\n<meta property=\"og:title\" content=\"Manual del SGIC | Escola Superior de Enxe\u00f1ar\u00eda Inform\u00e1tica\" \/>\n<meta property=\"og:description\" content=\"Manual de calidad institucional (2022) Directrices y procedimientos (2022) Mapa de procesos de calidad en los Centros (2024) Manual de aplicaci\u00f3n del SGC (2022) Manual &hellip; Contin\u00faa\" \/>\n<meta property=\"og:url\" content=\"https:\/\/esei.uvigo.es\/es\/calidade\/manual-do-sgic\/\" \/>\n<meta property=\"og:site_name\" content=\"Escola Superior de Enxe\u00f1ar\u00eda Inform\u00e1tica\" \/>\n<meta property=\"article:modified_time\" content=\"2025-09-21T20:52:04+00:00\" \/>\n<meta name=\"twitter:card\" content=\"summary_large_image\" \/>\n<meta name=\"twitter:label1\" content=\"Tiempo de lectura\" \/>\n\t<meta name=\"twitter:data1\" content=\"1 minuto\" \/>\n<script type=\"application\/ld+json\" class=\"yoast-schema-graph\">{\"@context\":\"https:\\\/\\\/schema.org\",\"@graph\":[{\"@type\":\"WebPage\",\"@id\":\"https:\\\/\\\/esei.uvigo.es\\\/es\\\/calidade\\\/manual-do-sgic\\\/\",\"url\":\"https:\\\/\\\/esei.uvigo.es\\\/es\\\/calidade\\\/manual-do-sgic\\\/\",\"name\":\"Manual del SGIC | Escola Superior de Enxe\u00f1ar\u00eda Inform\u00e1tica\",\"isPartOf\":{\"@id\":\"https:\\\/\\\/esei.uvigo.es\\\/es\\\/#website\"},\"datePublished\":\"2018-09-20T12:11:21+00:00\",\"dateModified\":\"2025-09-21T20:52:04+00:00\",\"breadcrumb\":{\"@id\":\"https:\\\/\\\/esei.uvigo.es\\\/es\\\/calidade\\\/manual-do-sgic\\\/#breadcrumb\"},\"inLanguage\":\"es\",\"potentialAction\":[{\"@type\":\"ReadAction\",\"target\":[\"https:\\\/\\\/esei.uvigo.es\\\/es\\\/calidade\\\/manual-do-sgic\\\/\"]}]},{\"@type\":\"BreadcrumbList\",\"@id\":\"https:\\\/\\\/esei.uvigo.es\\\/es\\\/calidade\\\/manual-do-sgic\\\/#breadcrumb\",\"itemListElement\":[{\"@type\":\"ListItem\",\"position\":1,\"name\":\"Portada\",\"item\":\"https:\\\/\\\/esei.uvigo.es\\\/es\\\/\"},{\"@type\":\"ListItem\",\"position\":2,\"name\":\"Calidad\",\"item\":\"https:\\\/\\\/esei.uvigo.es\\\/es\\\/calidade\\\/\"},{\"@type\":\"ListItem\",\"position\":3,\"name\":\"Manual del SGIC\"}]},{\"@type\":\"WebSite\",\"@id\":\"https:\\\/\\\/esei.uvigo.es\\\/es\\\/#website\",\"url\":\"https:\\\/\\\/esei.uvigo.es\\\/es\\\/\",\"name\":\"Escola Superior de Enxe\u00f1ar\u00eda Inform\u00e1tica\",\"description\":\"\",\"publisher\":{\"@id\":\"https:\\\/\\\/esei.uvigo.es\\\/es\\\/#organization\"},\"potentialAction\":[{\"@type\":\"SearchAction\",\"target\":{\"@type\":\"EntryPoint\",\"urlTemplate\":\"https:\\\/\\\/esei.uvigo.es\\\/es\\\/?s={search_term_string}\"},\"query-input\":{\"@type\":\"PropertyValueSpecification\",\"valueRequired\":true,\"valueName\":\"search_term_string\"}}],\"inLanguage\":\"es\"},{\"@type\":\"Organization\",\"@id\":\"https:\\\/\\\/esei.uvigo.es\\\/es\\\/#organization\",\"name\":\"Escola Superior de Enxe\u00f1ar\u00eda Inform\u00e1tica\",\"url\":\"https:\\\/\\\/esei.uvigo.es\\\/es\\\/\",\"logo\":{\"@type\":\"ImageObject\",\"inLanguage\":\"es\",\"@id\":\"https:\\\/\\\/esei.uvigo.es\\\/es\\\/#\\\/schema\\\/logo\\\/image\\\/\",\"url\":\"https:\\\/\\\/esei.uvigo.es\\\/wp-content\\\/uploads\\\/2019\\\/09\\\/esei.png\",\"contentUrl\":\"https:\\\/\\\/esei.uvigo.es\\\/wp-content\\\/uploads\\\/2019\\\/09\\\/esei.png\",\"width\":579,\"height\":98,\"caption\":\"Escola Superior de Enxe\u00f1ar\u00eda Inform\u00e1tica\"},\"image\":{\"@id\":\"https:\\\/\\\/esei.uvigo.es\\\/es\\\/#\\\/schema\\\/logo\\\/image\\\/\"}}]}<\/script>\n<!-- \/ Yoast SEO plugin. -->","yoast_head_json":{"title":"Manual del SGIC | Escola Superior de Enxe\u00f1ar\u00eda Inform\u00e1tica","robots":{"index":"index","follow":"follow","max-snippet":"max-snippet:-1","max-image-preview":"max-image-preview:large","max-video-preview":"max-video-preview:-1"},"canonical":"https:\/\/esei.uvigo.es\/es\/calidade\/manual-do-sgic\/","og_locale":"es_ES","og_type":"article","og_title":"Manual del SGIC | Escola Superior de Enxe\u00f1ar\u00eda Inform\u00e1tica","og_description":"Manual de calidad institucional (2022) Directrices y procedimientos (2022) Mapa de procesos de calidad en los Centros (2024) Manual de aplicaci\u00f3n del SGC (2022) Manual &hellip; Contin\u00faa","og_url":"https:\/\/esei.uvigo.es\/es\/calidade\/manual-do-sgic\/","og_site_name":"Escola Superior de Enxe\u00f1ar\u00eda Inform\u00e1tica","article_modified_time":"2025-09-21T20:52:04+00:00","twitter_card":"summary_large_image","twitter_misc":{"Tiempo de lectura":"1 minuto"},"schema":{"@context":"https:\/\/schema.org","@graph":[{"@type":"WebPage","@id":"https:\/\/esei.uvigo.es\/es\/calidade\/manual-do-sgic\/","url":"https:\/\/esei.uvigo.es\/es\/calidade\/manual-do-sgic\/","name":"Manual del SGIC | Escola Superior de Enxe\u00f1ar\u00eda Inform\u00e1tica","isPartOf":{"@id":"https:\/\/esei.uvigo.es\/es\/#website"},"datePublished":"2018-09-20T12:11:21+00:00","dateModified":"2025-09-21T20:52:04+00:00","breadcrumb":{"@id":"https:\/\/esei.uvigo.es\/es\/calidade\/manual-do-sgic\/#breadcrumb"},"inLanguage":"es","potentialAction":[{"@type":"ReadAction","target":["https:\/\/esei.uvigo.es\/es\/calidade\/manual-do-sgic\/"]}]},{"@type":"BreadcrumbList","@id":"https:\/\/esei.uvigo.es\/es\/calidade\/manual-do-sgic\/#breadcrumb","itemListElement":[{"@type":"ListItem","position":1,"name":"Portada","item":"https:\/\/esei.uvigo.es\/es\/"},{"@type":"ListItem","position":2,"name":"Calidad","item":"https:\/\/esei.uvigo.es\/es\/calidade\/"},{"@type":"ListItem","position":3,"name":"Manual del SGIC"}]},{"@type":"WebSite","@id":"https:\/\/esei.uvigo.es\/es\/#website","url":"https:\/\/esei.uvigo.es\/es\/","name":"Escola Superior de Enxe\u00f1ar\u00eda Inform\u00e1tica","description":"","publisher":{"@id":"https:\/\/esei.uvigo.es\/es\/#organization"},"potentialAction":[{"@type":"SearchAction","target":{"@type":"EntryPoint","urlTemplate":"https:\/\/esei.uvigo.es\/es\/?s={search_term_string}"},"query-input":{"@type":"PropertyValueSpecification","valueRequired":true,"valueName":"search_term_string"}}],"inLanguage":"es"},{"@type":"Organization","@id":"https:\/\/esei.uvigo.es\/es\/#organization","name":"Escola Superior de Enxe\u00f1ar\u00eda Inform\u00e1tica","url":"https:\/\/esei.uvigo.es\/es\/","logo":{"@type":"ImageObject","inLanguage":"es","@id":"https:\/\/esei.uvigo.es\/es\/#\/schema\/logo\/image\/","url":"https:\/\/esei.uvigo.es\/wp-content\/uploads\/2019\/09\/esei.png","contentUrl":"https:\/\/esei.uvigo.es\/wp-content\/uploads\/2019\/09\/esei.png","width":579,"height":98,"caption":"Escola Superior de Enxe\u00f1ar\u00eda Inform\u00e1tica"},"image":{"@id":"https:\/\/esei.uvigo.es\/es\/#\/schema\/logo\/image\/"}}]}},"_links":{"self":[{"href":"https:\/\/esei.uvigo.es\/es\/wp-json\/wp\/v2\/pages\/22878","targetHints":{"allow":["GET"]}}],"collection":[{"href":"https:\/\/esei.uvigo.es\/es\/wp-json\/wp\/v2\/pages"}],"about":[{"href":"https:\/\/esei.uvigo.es\/es\/wp-json\/wp\/v2\/types\/page"}],"author":[{"embeddable":true,"href":"https:\/\/esei.uvigo.es\/es\/wp-json\/wp\/v2\/users\/10"}],"replies":[{"embeddable":true,"href":"https:\/\/esei.uvigo.es\/es\/wp-json\/wp\/v2\/comments?post=22878"}],"version-history":[{"count":11,"href":"https:\/\/esei.uvigo.es\/es\/wp-json\/wp\/v2\/pages\/22878\/revisions"}],"predecessor-version":[{"id":29314,"href":"https:\/\/esei.uvigo.es\/es\/wp-json\/wp\/v2\/pages\/22878\/revisions\/29314"}],"up":[{"embeddable":true,"href":"https:\/\/esei.uvigo.es\/es\/wp-json\/wp\/v2\/pages\/22876"}],"wp:attachment":[{"href":"https:\/\/esei.uvigo.es\/es\/wp-json\/wp\/v2\/media?parent=22878"}],"curies":[{"name":"wp","href":"https:\/\/api.w.org\/{rel}","templated":true}]}}