{"id":22877,"date":"2019-09-06T17:35:33","date_gmt":"2019-09-06T15:35:33","guid":{"rendered":"https:\/\/esei.uvigo.es\/calidade\/introducion\/"},"modified":"2023-11-29T11:10:02","modified_gmt":"2023-11-29T10:10:02","slug":"introducion","status":"publish","type":"page","link":"https:\/\/esei.uvigo.es\/es\/calidade\/introducion\/","title":{"rendered":"Introducci\u00f3n"},"content":{"rendered":"<p>La garant\u00eda de calidad puede describirse como la atenci\u00f3n sistem\u00e1tica, estructurada y continua a la calidad en tener de su mantenimiento y mejora. En el marco de las pol\u00edticas y procesos formativos que se desarrollan en las universidades, la garant\u00eda de la calidad debe permitir a estas instituciones promover la mejora continua de la calidad de sus programas y t\u00edtulos, y que se comprometan a poner en marcha los medios que aseguren y muestren esa calidad.<\/p>\n<p>El objetivo b\u00e1sico del Sistema de Garant\u00eda Interno de Calidad (SGIC) de la ESEI es garantizar la calidad de todas las titulaciones adscritas a la misma, revisando y mejorando siempre que se considere necesario sus programas formativos, basados en las necesidades y expectativas de los grupos de inter\u00e9s, a los que se tendr\u00e1 puntualmente informados, y manteniendo permanentemente actualizado el propio SGIC.<\/p>\n<p>El SGIC de la ESEI se dise\u00f1\u00f3 con la colaboraci\u00f3n del \u00c1rea de Apoyo a la Docencia y Calidad de la Universidad de Vigo, y fue adaptado por la Comisi\u00f3n de Garant\u00eda de Calidad a la Escuela, atendiendo sus diferentes particularidades, garantizando el cumplimiento de los requisitos contenidos en la propuesta de acreditaci\u00f3n elaborada por la ANECA.<\/p>\n<p>El documento b\u00e1sico del SGIC implantado en la ESEI es el <a href=\"https:\/\/esei.uvigo.es\/calidade\/manual-do-sgic\/\">Manual del Sistema de Garant\u00eda Interna de Calidad<\/a>, dado que en \u00e9l se definen las caracter\u00edsticas generales del Sistema, los requisitos que atiende, y su alcance y las referencias a la documentaci\u00f3n gen\u00e9rica de la que se parte o a los procedimientos que lo desarrollan.<\/p>\n<p>En abril de 2010, la Agencia para la Evaluaci\u00f3n de la Calidad del Sistema Universitario de Galicia (ACSUG) evalu\u00f3 positivamente nuestro SGIC (ver <a href=\"https:\/\/esei.uvigo.es\/documentos\/informe-final-de-evaluacion-2010\/\" target=\"_blank\" rel=\"noopener noreferrer\">Informe<\/a>). Conforme a las directrices del Programa FIDES-AUDIT, expidi\u00f3 el correspondiente certificado.<\/p>\n<p>En el curso 2013\/14 el Centro solicit\u00f3 la certificaci\u00f3n de la implantaci\u00f3n del SGIC, tal como establece el Programa Audit. En mayo de 2014 recibimos la visita de un equipo auditor de la ACSUG, quien constat\u00f3 la correcta e id\u00f3nea implantaci\u00f3n de la mayor parte de los procedimientos, que el SGIC cumple con las directrices del Programa FIDES-AUDIT y que su funcionamiento est\u00e1 orientado a la mejora continua de la formaci\u00f3n que ofrece a sus estudiantes (ver\u00a0<a href=\"https:\/\/esei.uvigo.es\/documentos\/informe-de-certificacion-sgc-2014\/\" target=\"_blank\" rel=\"noopener noreferrer\">Informe\u00a0inicial<\/a>\u00a0e\u00a0<a href=\"https:\/\/esei.uvigo.es\/documentos\/informe-final-de-certificacion-sgc-2014\/\" target=\"_blank\" rel=\"noopener noreferrer\">Informe final de certificaci\u00f3n<\/a>).<\/p>\n<p>En el curso 2020\/21 se llev\u00f3 a cabo la renovaci\u00f3n del certificado, donde se constat\u00f3 de nuevo la correcta implantaci\u00f3n del SGIC en el Centro, recibiendo una valoraci\u00f3n favorable por parte del equipo auditor (ver <a href=\"https:\/\/esei.uvigo.es\/documentos\/informe-final-de-certificacion-sgc-2021\/\" target=\"_blank\" rel=\"noopener noreferrer\">Informe final de certificaci\u00f3n<\/a>).<\/p>\n<p>El m\u00e1ximo responsable del SGIC en la ESEI es su director.<\/p>\n<p>M\u00e1s informaci\u00f3n: <a class=\"external-link-new-window\" href=\"https:\/\/www.uvigo.gal\/universidade\/calidade\/programas-calidade\/docencia\" target=\"_blank\" rel=\"noopener noreferrer\">Programas de Calidad<\/a><\/p>\n<p><img loading=\"lazy\" decoding=\"async\" class=\"size-medium wp-image-14544 aligncenter\" src=\"https:\/\/esei.uvigo.es\/wp-content\/uploads\/2019\/02\/ProgramaFidesAudit-208x300.png\" alt=\"\" width=\"208\" height=\"300\" srcset=\"https:\/\/esei.uvigo.es\/wp-content\/uploads\/2019\/02\/ProgramaFidesAudit-208x300.png 208w, https:\/\/esei.uvigo.es\/wp-content\/uploads\/2019\/02\/ProgramaFidesAudit.png 346w\" sizes=\"auto, (max-width: 208px) 100vw, 208px\" \/><\/p>\n","protected":false},"excerpt":{"rendered":"<p>La garant\u00eda de calidad puede describirse como la atenci\u00f3n sistem\u00e1tica, estructurada y continua a la calidad en tener de su mantenimiento y mejora. En el &hellip; <a class=\"excerpt_more\" href=\"https:\/\/esei.uvigo.es\/es\/calidade\/introducion\/\">Contin\u00faa<\/a><\/p>\n","protected":false},"author":10,"featured_media":0,"parent":22876,"menu_order":2,"comment_status":"closed","ping_status":"closed","template":"","meta":{"_acf_changed":false,"footnotes":""},"class_list":["post-22877","page","type-page","status-publish","hentry"],"acf":[],"yoast_head":"<!-- This site is optimized with the Yoast SEO plugin v27.6 - https:\/\/yoast.com\/product\/yoast-seo-wordpress\/ -->\n<title>Introducci\u00f3n | Escola Superior de Enxe\u00f1ar\u00eda Inform\u00e1tica<\/title>\n<meta name=\"robots\" content=\"index, follow, max-snippet:-1, max-image-preview:large, max-video-preview:-1\" \/>\n<link rel=\"canonical\" href=\"https:\/\/esei.uvigo.es\/es\/calidade\/introducion\/\" \/>\n<meta property=\"og:locale\" content=\"es_ES\" \/>\n<meta property=\"og:type\" content=\"article\" \/>\n<meta property=\"og:title\" content=\"Introducci\u00f3n | Escola Superior de Enxe\u00f1ar\u00eda Inform\u00e1tica\" \/>\n<meta property=\"og:description\" content=\"La garant\u00eda de calidad puede describirse como la atenci\u00f3n sistem\u00e1tica, estructurada y continua a la calidad en tener de su mantenimiento y mejora. En el &hellip; Contin\u00faa\" \/>\n<meta property=\"og:url\" content=\"https:\/\/esei.uvigo.es\/es\/calidade\/introducion\/\" \/>\n<meta property=\"og:site_name\" content=\"Escola Superior de Enxe\u00f1ar\u00eda Inform\u00e1tica\" \/>\n<meta property=\"article:modified_time\" content=\"2023-11-29T10:10:02+00:00\" \/>\n<meta property=\"og:image\" content=\"https:\/\/esei.uvigo.es\/wp-content\/uploads\/2019\/02\/ProgramaFidesAudit-208x300.png\" \/>\n<meta name=\"twitter:card\" content=\"summary_large_image\" \/>\n<meta name=\"twitter:label1\" content=\"Tiempo de lectura\" \/>\n\t<meta name=\"twitter:data1\" content=\"3 minutos\" \/>\n<script type=\"application\/ld+json\" class=\"yoast-schema-graph\">{\"@context\":\"https:\\\/\\\/schema.org\",\"@graph\":[{\"@type\":\"WebPage\",\"@id\":\"https:\\\/\\\/esei.uvigo.es\\\/es\\\/calidade\\\/introducion\\\/\",\"url\":\"https:\\\/\\\/esei.uvigo.es\\\/es\\\/calidade\\\/introducion\\\/\",\"name\":\"Introducci\u00f3n | Escola Superior de Enxe\u00f1ar\u00eda Inform\u00e1tica\",\"isPartOf\":{\"@id\":\"https:\\\/\\\/esei.uvigo.es\\\/es\\\/#website\"},\"primaryImageOfPage\":{\"@id\":\"https:\\\/\\\/esei.uvigo.es\\\/es\\\/calidade\\\/introducion\\\/#primaryimage\"},\"image\":{\"@id\":\"https:\\\/\\\/esei.uvigo.es\\\/es\\\/calidade\\\/introducion\\\/#primaryimage\"},\"thumbnailUrl\":\"https:\\\/\\\/esei.uvigo.es\\\/wp-content\\\/uploads\\\/2019\\\/02\\\/ProgramaFidesAudit-208x300.png\",\"datePublished\":\"2019-09-06T15:35:33+00:00\",\"dateModified\":\"2023-11-29T10:10:02+00:00\",\"breadcrumb\":{\"@id\":\"https:\\\/\\\/esei.uvigo.es\\\/es\\\/calidade\\\/introducion\\\/#breadcrumb\"},\"inLanguage\":\"es\",\"potentialAction\":[{\"@type\":\"ReadAction\",\"target\":[\"https:\\\/\\\/esei.uvigo.es\\\/es\\\/calidade\\\/introducion\\\/\"]}]},{\"@type\":\"ImageObject\",\"inLanguage\":\"es\",\"@id\":\"https:\\\/\\\/esei.uvigo.es\\\/es\\\/calidade\\\/introducion\\\/#primaryimage\",\"url\":\"https:\\\/\\\/esei.uvigo.es\\\/wp-content\\\/uploads\\\/2019\\\/02\\\/ProgramaFidesAudit-208x300.png\",\"contentUrl\":\"https:\\\/\\\/esei.uvigo.es\\\/wp-content\\\/uploads\\\/2019\\\/02\\\/ProgramaFidesAudit-208x300.png\"},{\"@type\":\"BreadcrumbList\",\"@id\":\"https:\\\/\\\/esei.uvigo.es\\\/es\\\/calidade\\\/introducion\\\/#breadcrumb\",\"itemListElement\":[{\"@type\":\"ListItem\",\"position\":1,\"name\":\"Portada\",\"item\":\"https:\\\/\\\/esei.uvigo.es\\\/es\\\/\"},{\"@type\":\"ListItem\",\"position\":2,\"name\":\"Calidad\",\"item\":\"https:\\\/\\\/esei.uvigo.es\\\/es\\\/calidade\\\/\"},{\"@type\":\"ListItem\",\"position\":3,\"name\":\"Introducci\u00f3n\"}]},{\"@type\":\"WebSite\",\"@id\":\"https:\\\/\\\/esei.uvigo.es\\\/es\\\/#website\",\"url\":\"https:\\\/\\\/esei.uvigo.es\\\/es\\\/\",\"name\":\"Escola Superior de Enxe\u00f1ar\u00eda Inform\u00e1tica\",\"description\":\"\",\"publisher\":{\"@id\":\"https:\\\/\\\/esei.uvigo.es\\\/es\\\/#organization\"},\"potentialAction\":[{\"@type\":\"SearchAction\",\"target\":{\"@type\":\"EntryPoint\",\"urlTemplate\":\"https:\\\/\\\/esei.uvigo.es\\\/es\\\/?s={search_term_string}\"},\"query-input\":{\"@type\":\"PropertyValueSpecification\",\"valueRequired\":true,\"valueName\":\"search_term_string\"}}],\"inLanguage\":\"es\"},{\"@type\":\"Organization\",\"@id\":\"https:\\\/\\\/esei.uvigo.es\\\/es\\\/#organization\",\"name\":\"Escola Superior de Enxe\u00f1ar\u00eda Inform\u00e1tica\",\"url\":\"https:\\\/\\\/esei.uvigo.es\\\/es\\\/\",\"logo\":{\"@type\":\"ImageObject\",\"inLanguage\":\"es\",\"@id\":\"https:\\\/\\\/esei.uvigo.es\\\/es\\\/#\\\/schema\\\/logo\\\/image\\\/\",\"url\":\"https:\\\/\\\/esei.uvigo.es\\\/wp-content\\\/uploads\\\/2019\\\/09\\\/esei.png\",\"contentUrl\":\"https:\\\/\\\/esei.uvigo.es\\\/wp-content\\\/uploads\\\/2019\\\/09\\\/esei.png\",\"width\":579,\"height\":98,\"caption\":\"Escola Superior de Enxe\u00f1ar\u00eda Inform\u00e1tica\"},\"image\":{\"@id\":\"https:\\\/\\\/esei.uvigo.es\\\/es\\\/#\\\/schema\\\/logo\\\/image\\\/\"}}]}<\/script>\n<!-- \/ Yoast SEO plugin. -->","yoast_head_json":{"title":"Introducci\u00f3n | Escola Superior de Enxe\u00f1ar\u00eda Inform\u00e1tica","robots":{"index":"index","follow":"follow","max-snippet":"max-snippet:-1","max-image-preview":"max-image-preview:large","max-video-preview":"max-video-preview:-1"},"canonical":"https:\/\/esei.uvigo.es\/es\/calidade\/introducion\/","og_locale":"es_ES","og_type":"article","og_title":"Introducci\u00f3n | Escola Superior de Enxe\u00f1ar\u00eda Inform\u00e1tica","og_description":"La garant\u00eda de calidad puede describirse como la atenci\u00f3n sistem\u00e1tica, estructurada y continua a la calidad en tener de su mantenimiento y mejora. En el &hellip; Contin\u00faa","og_url":"https:\/\/esei.uvigo.es\/es\/calidade\/introducion\/","og_site_name":"Escola Superior de Enxe\u00f1ar\u00eda Inform\u00e1tica","article_modified_time":"2023-11-29T10:10:02+00:00","og_image":[{"url":"https:\/\/esei.uvigo.es\/wp-content\/uploads\/2019\/02\/ProgramaFidesAudit-208x300.png","type":"","width":"","height":""}],"twitter_card":"summary_large_image","twitter_misc":{"Tiempo de lectura":"3 minutos"},"schema":{"@context":"https:\/\/schema.org","@graph":[{"@type":"WebPage","@id":"https:\/\/esei.uvigo.es\/es\/calidade\/introducion\/","url":"https:\/\/esei.uvigo.es\/es\/calidade\/introducion\/","name":"Introducci\u00f3n | Escola Superior de Enxe\u00f1ar\u00eda Inform\u00e1tica","isPartOf":{"@id":"https:\/\/esei.uvigo.es\/es\/#website"},"primaryImageOfPage":{"@id":"https:\/\/esei.uvigo.es\/es\/calidade\/introducion\/#primaryimage"},"image":{"@id":"https:\/\/esei.uvigo.es\/es\/calidade\/introducion\/#primaryimage"},"thumbnailUrl":"https:\/\/esei.uvigo.es\/wp-content\/uploads\/2019\/02\/ProgramaFidesAudit-208x300.png","datePublished":"2019-09-06T15:35:33+00:00","dateModified":"2023-11-29T10:10:02+00:00","breadcrumb":{"@id":"https:\/\/esei.uvigo.es\/es\/calidade\/introducion\/#breadcrumb"},"inLanguage":"es","potentialAction":[{"@type":"ReadAction","target":["https:\/\/esei.uvigo.es\/es\/calidade\/introducion\/"]}]},{"@type":"ImageObject","inLanguage":"es","@id":"https:\/\/esei.uvigo.es\/es\/calidade\/introducion\/#primaryimage","url":"https:\/\/esei.uvigo.es\/wp-content\/uploads\/2019\/02\/ProgramaFidesAudit-208x300.png","contentUrl":"https:\/\/esei.uvigo.es\/wp-content\/uploads\/2019\/02\/ProgramaFidesAudit-208x300.png"},{"@type":"BreadcrumbList","@id":"https:\/\/esei.uvigo.es\/es\/calidade\/introducion\/#breadcrumb","itemListElement":[{"@type":"ListItem","position":1,"name":"Portada","item":"https:\/\/esei.uvigo.es\/es\/"},{"@type":"ListItem","position":2,"name":"Calidad","item":"https:\/\/esei.uvigo.es\/es\/calidade\/"},{"@type":"ListItem","position":3,"name":"Introducci\u00f3n"}]},{"@type":"WebSite","@id":"https:\/\/esei.uvigo.es\/es\/#website","url":"https:\/\/esei.uvigo.es\/es\/","name":"Escola Superior de Enxe\u00f1ar\u00eda Inform\u00e1tica","description":"","publisher":{"@id":"https:\/\/esei.uvigo.es\/es\/#organization"},"potentialAction":[{"@type":"SearchAction","target":{"@type":"EntryPoint","urlTemplate":"https:\/\/esei.uvigo.es\/es\/?s={search_term_string}"},"query-input":{"@type":"PropertyValueSpecification","valueRequired":true,"valueName":"search_term_string"}}],"inLanguage":"es"},{"@type":"Organization","@id":"https:\/\/esei.uvigo.es\/es\/#organization","name":"Escola Superior de Enxe\u00f1ar\u00eda Inform\u00e1tica","url":"https:\/\/esei.uvigo.es\/es\/","logo":{"@type":"ImageObject","inLanguage":"es","@id":"https:\/\/esei.uvigo.es\/es\/#\/schema\/logo\/image\/","url":"https:\/\/esei.uvigo.es\/wp-content\/uploads\/2019\/09\/esei.png","contentUrl":"https:\/\/esei.uvigo.es\/wp-content\/uploads\/2019\/09\/esei.png","width":579,"height":98,"caption":"Escola Superior de Enxe\u00f1ar\u00eda Inform\u00e1tica"},"image":{"@id":"https:\/\/esei.uvigo.es\/es\/#\/schema\/logo\/image\/"}}]}},"_links":{"self":[{"href":"https:\/\/esei.uvigo.es\/es\/wp-json\/wp\/v2\/pages\/22877","targetHints":{"allow":["GET"]}}],"collection":[{"href":"https:\/\/esei.uvigo.es\/es\/wp-json\/wp\/v2\/pages"}],"about":[{"href":"https:\/\/esei.uvigo.es\/es\/wp-json\/wp\/v2\/types\/page"}],"author":[{"embeddable":true,"href":"https:\/\/esei.uvigo.es\/es\/wp-json\/wp\/v2\/users\/10"}],"replies":[{"embeddable":true,"href":"https:\/\/esei.uvigo.es\/es\/wp-json\/wp\/v2\/comments?post=22877"}],"version-history":[{"count":4,"href":"https:\/\/esei.uvigo.es\/es\/wp-json\/wp\/v2\/pages\/22877\/revisions"}],"predecessor-version":[{"id":26284,"href":"https:\/\/esei.uvigo.es\/es\/wp-json\/wp\/v2\/pages\/22877\/revisions\/26284"}],"up":[{"embeddable":true,"href":"https:\/\/esei.uvigo.es\/es\/wp-json\/wp\/v2\/pages\/22876"}],"wp:attachment":[{"href":"https:\/\/esei.uvigo.es\/es\/wp-json\/wp\/v2\/media?parent=22877"}],"curies":[{"name":"wp","href":"https:\/\/api.w.org\/{rel}","templated":true}]}}