{"id":22875,"date":"2019-02-06T13:27:36","date_gmt":"2019-02-06T12:27:36","guid":{"rendered":"https:\/\/esei.uvigo.es\/id-e-empresas\/ofertas-de-emprego\/"},"modified":"2022-02-24T09:58:29","modified_gmt":"2022-02-24T08:58:29","slug":"ofertas-de-emprego","status":"publish","type":"page","link":"https:\/\/esei.uvigo.es\/es\/id-e-empresas\/ofertas-de-emprego\/","title":{"rendered":"Ofertas de empleo"},"content":{"rendered":"\n<div class=\"list-feed\">\n\t\t\t\t\t\t\t\t\t<article class=\"list-feed-item post-23734 uvigo-offer type-uvigo-offer status-publish hentry\">\n\t\t\t\t<div class=\"list-feed-item-preline\">\n\t\t\t\t\t<time class=\"updated\" datetime=\"1655856000\">22 de June de 2022<\/time>\n\t\t\t\t\t| <span class=\"text-uppercase\"><\/span>\n\t\t\t\t<\/div>\n\t\t\t\t<!-- <a class=\"list-feed-item-link\" href=\"https:\/\/esei.uvigo.es\/es\/ofertas-de-emprego\/consultor-a-junior-erp-microsoft-dynamics-365-business-central\/\">Consultor\/a Junior ERP Microsoft Dynamics 365 Business Central<\/a> -->\n\t\t\t\t<h1 class=\"entry-title  mb-4\">Consultor\/a Junior ERP Microsoft Dynamics 365 Business Central<\/h1>\n\t\t\t\t<div class=\"entry-content page-content\">\n\t\t\t\t\t<p class=\"description-title\"><strong>Empresa:<\/strong> ASM SOFT S.L.<\/p>\n\t\t\t\t\t<p class=\"description-title\"><strong>Lugar de traballo:<\/strong> Vigo<\/p>\n\t\t\t\t\t\t\t\t\t\t\t\t\t\t\t<!-- <p class=\"description-title\"><strong>Inicio publicaci\u00f3n:<\/strong> 22 de June de 2022<\/p> -->\n\t\t\t\t\t<p class=\"description-title\"><strong>Data fin:<\/strong> 22 de July de 2022<\/p>\n\t\t\t\t\t\t\t\t\t\t<p class=\"description-url\">Consulta o detalle na <a href=\"https:\/\/uvigo.jobteaser.com\/gl\/job-offers\/9135829-asm-soft-s-l-consultor-a-junior-erp-microsoft-dynamics-365-business-central?utm_campaign=Alerte+Offres+Recommender+06%2F22%2F2022&#038;utm_medium=email&#038;utm_source=Alerte+Offres+Recommender\" target=\"_blank\">\u00e1rea de emprego da UVigo<\/a><\/p>\n\t\t\t\t<\/div>\n\t\t\t<\/article>\n\t\t\t\t\t\t\t\t<article class=\"list-feed-item post-23735 uvigo-offer type-uvigo-offer status-publish hentry\">\n\t\t\t\t<div class=\"list-feed-item-preline\">\n\t\t\t\t\t<time class=\"updated\" datetime=\"1655856000\">22 de June de 2022<\/time>\n\t\t\t\t\t| <span class=\"text-uppercase\"><\/span>\n\t\t\t\t<\/div>\n\t\t\t\t<!-- <a class=\"list-feed-item-link\" href=\"https:\/\/esei.uvigo.es\/es\/ofertas-de-emprego\/programador-a-2\/\">Programador\/a<\/a> -->\n\t\t\t\t<h1 class=\"entry-title  mb-4\">Programador\/a<\/h1>\n\t\t\t\t<div class=\"entry-content page-content\">\n\t\t\t\t\t<p class=\"description-title\"><strong>Empresa:<\/strong> GRUPO PROFAND<\/p>\n\t\t\t\t\t<p class=\"description-title\"><strong>Lugar de traballo:<\/strong> Vigo<\/p>\n\t\t\t\t\t\t\t\t\t\t\t\t\t\t\t<!-- <p class=\"description-title\"><strong>Inicio publicaci\u00f3n:<\/strong> 22 de June de 2022<\/p> -->\n\t\t\t\t\t<p class=\"description-title\"><strong>Data fin:<\/strong> 22 de July de 2022<\/p>\n\t\t\t\t\t\t\t\t\t\t<p class=\"description-url\">Consulta o detalle na <a href=\"https:\/\/uvigo.jobteaser.com\/gl\/job-offers\/9138094-grupo-profand-programador-a?utm_campaign=Alerte+Offres+Recommender+06%2F22%2F2022&#038;utm_medium=email&#038;utm_source=Alerte+Offres+Recommender\" target=\"_blank\">\u00e1rea de emprego da UVigo<\/a><\/p>\n\t\t\t\t<\/div>\n\t\t\t<\/article>\n\t\t\t\t\t\t\t\t<article class=\"list-feed-item post-23276 uvigo-offer type-uvigo-offer status-publish hentry\">\n\t\t\t\t<div class=\"list-feed-item-preline\">\n\t\t\t\t\t<time class=\"updated\" datetime=\"1654041600\">1 de June de 2022<\/time>\n\t\t\t\t\t| <span class=\"text-uppercase\"><\/span>\n\t\t\t\t<\/div>\n\t\t\t\t<!-- <a class=\"list-feed-item-link\" href=\"https:\/\/esei.uvigo.es\/es\/ofertas-de-emprego\/arquitecto-de-soluciones\/\">E-Commerce Senior Delivery Manager<\/a> -->\n\t\t\t\t<h1 class=\"entry-title  mb-4\">E-Commerce Senior Delivery Manager<\/h1>\n\t\t\t\t<div class=\"entry-content page-content\">\n\t\t\t\t\t<p class=\"description-title\"><strong>Empresa:<\/strong> Sociedad Textil Lonia<\/p>\n\t\t\t\t\t<p class=\"description-title\"><strong>Lugar de traballo:<\/strong> Orense<\/p>\n\t\t\t\t\t\t\t\t\t\t\t\t\t\t\t<!-- <p class=\"description-title\"><strong>Inicio publicaci\u00f3n:<\/strong> 1 de June de 2022<\/p> -->\n\t\t\t\t\t<p class=\"description-title\"><strong>Data fin:<\/strong> 30 de June de 2022<\/p>\n\t\t\t\t\t\t\t\t\t\t<p class=\"description-url\">Consulta o detalle na <a href=\"https:\/\/www.linkedin.com\/jobs\/view\/3061216585\/\" target=\"_blank\">\u00e1rea de emprego da UVigo<\/a><\/p>\n\t\t\t\t<\/div>\n\t\t\t<\/article>\n\t\t\t\t\t\t\t\t<article class=\"list-feed-item post-23278 uvigo-offer type-uvigo-offer status-publish hentry\">\n\t\t\t\t<div class=\"list-feed-item-preline\">\n\t\t\t\t\t<time class=\"updated\" datetime=\"1654041600\">1 de June de 2022<\/time>\n\t\t\t\t\t| <span class=\"text-uppercase\"><\/span>\n\t\t\t\t<\/div>\n\t\t\t\t<!-- <a class=\"list-feed-item-link\" href=\"https:\/\/esei.uvigo.es\/es\/ofertas-de-emprego\/arquitecto-de-soluciones-2\/\">Arquitecto de soluciones<\/a> -->\n\t\t\t\t<h1 class=\"entry-title  mb-4\">Arquitecto de soluciones<\/h1>\n\t\t\t\t<div class=\"entry-content page-content\">\n\t\t\t\t\t<p class=\"description-title\"><strong>Empresa:<\/strong> Sociedad Textil Lonia<\/p>\n\t\t\t\t\t<p class=\"description-title\"><strong>Lugar de traballo:<\/strong> Orense<\/p>\n\t\t\t\t\t\t\t\t\t\t\t\t\t\t\t<!-- <p class=\"description-title\"><strong>Inicio publicaci\u00f3n:<\/strong> 1 de June de 2022<\/p> -->\n\t\t\t\t\t<p class=\"description-title\"><strong>Data fin:<\/strong> 1 de June de 2022<\/p>\n\t\t\t\t\t\t\t\t\t\t<p class=\"description-url\">Consulta o detalle na <a href=\"https:\/\/www.linkedin.com\/jobs\/view\/3083696290\/\" target=\"_blank\">\u00e1rea de emprego da UVigo<\/a><\/p>\n\t\t\t\t<\/div>\n\t\t\t<\/article>\n\t\t\t\t\t\t\t\t<article class=\"list-feed-item post-23229 uvigo-offer type-uvigo-offer status-publish hentry\">\n\t\t\t\t<div class=\"list-feed-item-preline\">\n\t\t\t\t\t<time class=\"updated\" datetime=\"1652572800\">15 de May de 2022<\/time>\n\t\t\t\t\t| <span class=\"text-uppercase\"><\/span>\n\t\t\t\t<\/div>\n\t\t\t\t<!-- <a class=\"list-feed-item-link\" href=\"https:\/\/esei.uvigo.es\/es\/ofertas-de-emprego\/e-commerce-senior-delivery-manager\/\">E-Commerce Senior Delivery Manager<\/a> -->\n\t\t\t\t<h1 class=\"entry-title  mb-4\">E-Commerce Senior Delivery Manager<\/h1>\n\t\t\t\t<div class=\"entry-content page-content\">\n\t\t\t\t\t<p class=\"description-title\"><strong>Empresa:<\/strong> Sociedad Textil Lonia<\/p>\n\t\t\t\t\t<p class=\"description-title\"><strong>Lugar de traballo:<\/strong> Orense y alrededores Presencial<\/p>\n\t\t\t\t\t\t\t\t\t\t\t\t\t\t\t<!-- <p class=\"description-title\"><strong>Inicio publicaci\u00f3n:<\/strong> 15 de May de 2022<\/p> -->\n\t\t\t\t\t<p class=\"description-title\"><strong>Data fin:<\/strong> 15 de June de 2022<\/p>\n\t\t\t\t\t\t\t\t\t\t<p class=\"description-url\">Consulta o detalle na <a href=\"https:\/\/www.linkedin.com\/jobs\/view\/3061216585\/\" target=\"_blank\">\u00e1rea de emprego da UVigo<\/a><\/p>\n\t\t\t\t<\/div>\n\t\t\t<\/article>\n\t\t\t\t\t\t\t\t<article class=\"list-feed-item post-23230 uvigo-offer type-uvigo-offer status-publish hentry\">\n\t\t\t\t<div class=\"list-feed-item-preline\">\n\t\t\t\t\t<time class=\"updated\" datetime=\"1652140800\">10 de May de 2022<\/time>\n\t\t\t\t\t| <span class=\"text-uppercase\"><\/span>\n\t\t\t\t<\/div>\n\t\t\t\t<!-- <a class=\"list-feed-item-link\" href=\"https:\/\/esei.uvigo.es\/es\/ofertas-de-emprego\/business-intelligence-analyst\/\">Business Intelligence Analyst<\/a> -->\n\t\t\t\t<h1 class=\"entry-title  mb-4\">Business Intelligence Analyst<\/h1>\n\t\t\t\t<div class=\"entry-content page-content\">\n\t\t\t\t\t<p class=\"description-title\"><strong>Empresa:<\/strong> Sociedad Textil Lonia<\/p>\n\t\t\t\t\t<p class=\"description-title\"><strong>Lugar de traballo:<\/strong> Orense, Galicia<\/p>\n\t\t\t\t\t\t\t\t\t\t\t\t\t\t\t<!-- <p class=\"description-title\"><strong>Inicio publicaci\u00f3n:<\/strong> 10 de May de 2022<\/p> -->\n\t\t\t\t\t<p class=\"description-title\"><strong>Data fin:<\/strong> 15 de June de 2022<\/p>\n\t\t\t\t\t\t\t\t\t\t<p class=\"description-url\">Consulta o detalle na <a href=\"https:\/\/www.linkedin.com\/jobs\/view\/3066311893\/\" target=\"_blank\">\u00e1rea de emprego da UVigo<\/a><\/p>\n\t\t\t\t<\/div>\n\t\t\t<\/article>\n\t\t\t\t\t\t\t\t<article class=\"list-feed-item post-19814 uvigo-offer type-uvigo-offer status-publish hentry uvigo-tax-offer-bolsas-de-formacion-practica\">\n\t\t\t\t<div class=\"list-feed-item-preline\">\n\t\t\t\t\t<time class=\"updated\" datetime=\"1585872000\">3 de April de 2020<\/time>\n\t\t\t\t\t| <span class=\"text-uppercase\">BF-AEE-20-0016<\/span>\n\t\t\t\t<\/div>\n\t\t\t\t<!-- <a class=\"list-feed-item-link\" href=\"https:\/\/esei.uvigo.es\/es\/ofertas-de-emprego\/19814\/\">Bolseiro\/a &#8211; Desenvolvedor\/a Junior Fullstack &#8211; Ampliado o prazo<\/a> -->\n\t\t\t\t<h1 class=\"entry-title  mb-4\">Bolseiro\/a &#8211; Desenvolvedor\/a Junior Fullstack &#8211; Ampliado o prazo<\/h1>\n\t\t\t\t<div class=\"entry-content page-content\">\n\t\t\t\t\t<p class=\"description-title\"><strong>Empresa:<\/strong> IMATIA INNOVATION, S.L.<\/p>\n\t\t\t\t\t<p class=\"description-title\"><strong>Lugar de traballo:<\/strong> Ourense<\/p>\n\t\t\t\t\t\t\t\t\t\t\t\t\t\t\t<!-- <p class=\"description-title\"><strong>Inicio publicaci\u00f3n:<\/strong> 3 de April de 2020<\/p> -->\n\t\t\t\t\t<p class=\"description-title\"><strong>Data fin:<\/strong> 30 de June de 2020<\/p>\n\t\t\t\t\t\t\t\t\t\t<p class=\"description-url\">Consulta o detalle na <a href=\"https:\/\/secretaria.uvigo.gal\/uv\/web\/emprego\/public\/oferta\/show\/1959\" target=\"_blank\">\u00e1rea de emprego da UVigo<\/a><\/p>\n\t\t\t\t<\/div>\n\t\t\t<\/article>\n\t\t\t\t\t\t\t\t<article class=\"list-feed-item post-19664 uvigo-offer type-uvigo-offer status-publish hentry uvigo-tax-offer-ofertas-de-emprego\">\n\t\t\t\t<div class=\"list-feed-item-preline\">\n\t\t\t\t\t<time class=\"updated\" datetime=\"1580860800\">5 de February de 2020<\/time>\n\t\t\t\t\t| <span class=\"text-uppercase\"><\/span>\n\t\t\t\t<\/div>\n\t\t\t\t<!-- <a class=\"list-feed-item-link\" href=\"https:\/\/esei.uvigo.es\/es\/ofertas-de-emprego\/19664\/\">Programador con conocimientos de PHP<\/a> -->\n\t\t\t\t<h1 class=\"entry-title  mb-4\">Programador con conocimientos de PHP<\/h1>\n\t\t\t\t<div class=\"entry-content page-content\">\n\t\t\t\t\t<p class=\"description-title\"><strong>Empresa:<\/strong> Origami Soluciones<\/p>\n\t\t\t\t\t<p class=\"description-title\"><strong>Lugar de traballo:<\/strong> Ourense<\/p>\n\t\t\t\t\t\t\t\t\t\t\t\t\t\t\t<!-- <p class=\"description-title\"><strong>Inicio publicaci\u00f3n:<\/strong> 5 de February de 2020<\/p> -->\n\t\t\t\t\t<p class=\"description-title\"><strong>Data fin:<\/strong> 31 de March de 2020<\/p>\n\t\t\t\t\t<p>Se necesitan programadores con conocimientos de PHP para el desarrollo de <span style=\"font-weight: 400;\">plataformas cloud<\/span>.<br \/>\nLa jornada laboral se puede adaptar a las preferencias de cada empleado.<\/p>\n<table style=\"height: 214px;\" width=\"418\">\n<tbody>\n<tr>\n<td><b>Contacto<\/b><\/td>\n<td colspan=\"3\"><span style=\"font-weight: 400;\">Susana G\u00f3mez Carnero (CEO) <\/span><\/p>\n<p><a href=\"mailto:susana.gomez@origamisoluciones.com\"><span style=\"font-weight: 400;\">susana.gomez@origamisoluciones.com\u00a0<\/span><\/a><\/p>\n<p><span style=\"font-weight: 400;\">988608190<\/span><\/td>\n<\/tr>\n<\/tbody>\n<\/table>\n<p>&nbsp;<\/p>\n\t\t\t\t\t<p class=\"description-url\">Consulta o detalle na <a href=\"\" target=\"_blank\">\u00e1rea de emprego da UVigo<\/a><\/p>\n\t\t\t\t<\/div>\n\t\t\t<\/article>\n\t\t\t\t\t\t\t\t<article class=\"list-feed-item post-18997 uvigo-offer type-uvigo-offer status-publish hentry uvigo-tax-offer-ofertas-de-emprego\">\n\t\t\t\t<div class=\"list-feed-item-preline\">\n\t\t\t\t\t<time class=\"updated\" datetime=\"1573603200\">13 de November de 2019<\/time>\n\t\t\t\t\t| <span class=\"text-uppercase\">OE-AEE-19-0170<\/span>\n\t\t\t\t<\/div>\n\t\t\t\t<!-- <a class=\"list-feed-item-link\" href=\"https:\/\/esei.uvigo.es\/es\/ofertas-de-emprego\/administrador-a-de-sistemas-ampliado-o-prazo\/\">Administrador\/a de Sistemas &#8211; Ampliado o prazo<\/a> -->\n\t\t\t\t<h1 class=\"entry-title  mb-4\">Administrador\/a de Sistemas &#8211; Ampliado o prazo<\/h1>\n\t\t\t\t<div class=\"entry-content page-content\">\n\t\t\t\t\t<p class=\"description-title\"><strong>Empresa:<\/strong> SERVICIO DE CONSULTORIA DE PROCESOS OZONA<\/p>\n\t\t\t\t\t<p class=\"description-title\"><strong>Lugar de traballo:<\/strong> Santiago de Compostela<\/p>\n\t\t\t\t\t\t\t\t\t\t\t\t\t\t\t<!-- <p class=\"description-title\"><strong>Inicio publicaci\u00f3n:<\/strong> 13 de November de 2019<\/p> -->\n\t\t\t\t\t<p class=\"description-title\"><strong>Data fin:<\/strong> 30 de November de 2019<\/p>\n\t\t\t\t\t\t\t\t\t\t<p class=\"description-url\">Consulta o detalle na <a href=\"https:\/\/secretaria.uvigo.gal\/uv\/web\/emprego\/public\/oferta\/show\/1800\" target=\"_blank\">\u00e1rea de emprego da UVigo<\/a><\/p>\n\t\t\t\t<\/div>\n\t\t\t<\/article>\n\t\t\t\t\t\t\t\t<article class=\"list-feed-item post-23270 uvigo-offer type-uvigo-offer status-publish hentry\">\n\t\t\t\t<div class=\"list-feed-item-preline\">\n\t\t\t\t\t<time class=\"updated\" datetime=\"\">1 de January de 1970<\/time>\n\t\t\t\t\t| <span class=\"text-uppercase\"><\/span>\n\t\t\t\t<\/div>\n\t\t\t\t<!-- <a class=\"list-feed-item-link\" href=\"https:\/\/esei.uvigo.es\/es\/ofertas-de-emprego\/programador-a-net\/\">Programador\/a .NET<\/a> -->\n\t\t\t\t<h1 class=\"entry-title  mb-4\">Programador\/a .NET<\/h1>\n\t\t\t\t<div class=\"entry-content page-content\">\n\t\t\t\t\t<p class=\"description-title\"><strong>Empresa:<\/strong> STP PYMES BRAVO SL<\/p>\n\t\t\t\t\t<p class=\"description-title\"><strong>Lugar de traballo:<\/strong> <\/p>\n\t\t\t\t\t\t\t\t\t\t\t\t\t\t\t<!-- <p class=\"description-title\"><strong>Inicio publicaci\u00f3n:<\/strong> 1 de January de 1970<\/p> -->\n\t\t\t\t\t<p class=\"description-title\"><strong>Data fin:<\/strong> 27 de June de 2022<\/p>\n\t\t\t\t\t\t\t\t\t\t<p class=\"description-url\">Consulta o detalle na <a href=\"https:\/\/uvigo.jobteaser.com\/gl\/job-offers\/9012783-stp-pymes-bravo-sl-programador-a-net\" target=\"_blank\">\u00e1rea de emprego da UVigo<\/a><\/p>\n\t\t\t\t<\/div>\n\t\t\t<\/article>\n\t\t\t<\/div>\n\n<p>&nbsp;<\/p>\n<p>&nbsp;<\/p>\n","protected":false},"excerpt":{"rendered":"<p>&nbsp; &nbsp;<\/p>\n","protected":false},"author":1,"featured_media":0,"parent":22869,"menu_order":26,"comment_status":"closed","ping_status":"closed","template":"","meta":{"_acf_changed":false,"footnotes":""},"class_list":["post-22875","page","type-page","status-publish","hentry"],"acf":[],"yoast_head":"<!-- This site is optimized with the Yoast SEO plugin v27.6 - https:\/\/yoast.com\/product\/yoast-seo-wordpress\/ -->\n<title>Ofertas de empleo | Escola Superior de Enxe\u00f1ar\u00eda Inform\u00e1tica<\/title>\n<meta name=\"robots\" content=\"index, follow, max-snippet:-1, max-image-preview:large, max-video-preview:-1\" \/>\n<link rel=\"canonical\" href=\"https:\/\/esei.uvigo.es\/es\/id-e-empresas\/ofertas-de-emprego\/\" \/>\n<meta property=\"og:locale\" content=\"es_ES\" \/>\n<meta property=\"og:type\" content=\"article\" \/>\n<meta property=\"og:title\" content=\"Ofertas de empleo | Escola Superior de Enxe\u00f1ar\u00eda Inform\u00e1tica\" \/>\n<meta property=\"og:description\" content=\"&nbsp; &nbsp;\" \/>\n<meta property=\"og:url\" content=\"https:\/\/esei.uvigo.es\/es\/id-e-empresas\/ofertas-de-emprego\/\" \/>\n<meta property=\"og:site_name\" content=\"Escola Superior de Enxe\u00f1ar\u00eda Inform\u00e1tica\" \/>\n<meta property=\"article:modified_time\" content=\"2022-02-24T08:58:29+00:00\" \/>\n<meta name=\"twitter:card\" content=\"summary_large_image\" \/>\n<script type=\"application\/ld+json\" class=\"yoast-schema-graph\">{\"@context\":\"https:\\\/\\\/schema.org\",\"@graph\":[{\"@type\":\"WebPage\",\"@id\":\"https:\\\/\\\/esei.uvigo.es\\\/es\\\/id-e-empresas\\\/ofertas-de-emprego\\\/\",\"url\":\"https:\\\/\\\/esei.uvigo.es\\\/es\\\/id-e-empresas\\\/ofertas-de-emprego\\\/\",\"name\":\"Ofertas de empleo | Escola Superior de Enxe\u00f1ar\u00eda Inform\u00e1tica\",\"isPartOf\":{\"@id\":\"https:\\\/\\\/esei.uvigo.es\\\/es\\\/#website\"},\"datePublished\":\"2019-02-06T12:27:36+00:00\",\"dateModified\":\"2022-02-24T08:58:29+00:00\",\"breadcrumb\":{\"@id\":\"https:\\\/\\\/esei.uvigo.es\\\/es\\\/id-e-empresas\\\/ofertas-de-emprego\\\/#breadcrumb\"},\"inLanguage\":\"es\",\"potentialAction\":[{\"@type\":\"ReadAction\",\"target\":[\"https:\\\/\\\/esei.uvigo.es\\\/es\\\/id-e-empresas\\\/ofertas-de-emprego\\\/\"]}]},{\"@type\":\"BreadcrumbList\",\"@id\":\"https:\\\/\\\/esei.uvigo.es\\\/es\\\/id-e-empresas\\\/ofertas-de-emprego\\\/#breadcrumb\",\"itemListElement\":[{\"@type\":\"ListItem\",\"position\":1,\"name\":\"Portada\",\"item\":\"https:\\\/\\\/esei.uvigo.es\\\/es\\\/\"},{\"@type\":\"ListItem\",\"position\":2,\"name\":\"I+D y empresas\",\"item\":\"https:\\\/\\\/esei.uvigo.es\\\/es\\\/id-e-empresas\\\/\"},{\"@type\":\"ListItem\",\"position\":3,\"name\":\"Ofertas de empleo\"}]},{\"@type\":\"WebSite\",\"@id\":\"https:\\\/\\\/esei.uvigo.es\\\/es\\\/#website\",\"url\":\"https:\\\/\\\/esei.uvigo.es\\\/es\\\/\",\"name\":\"Escola Superior de Enxe\u00f1ar\u00eda Inform\u00e1tica\",\"description\":\"\",\"publisher\":{\"@id\":\"https:\\\/\\\/esei.uvigo.es\\\/es\\\/#organization\"},\"potentialAction\":[{\"@type\":\"SearchAction\",\"target\":{\"@type\":\"EntryPoint\",\"urlTemplate\":\"https:\\\/\\\/esei.uvigo.es\\\/es\\\/?s={search_term_string}\"},\"query-input\":{\"@type\":\"PropertyValueSpecification\",\"valueRequired\":true,\"valueName\":\"search_term_string\"}}],\"inLanguage\":\"es\"},{\"@type\":\"Organization\",\"@id\":\"https:\\\/\\\/esei.uvigo.es\\\/es\\\/#organization\",\"name\":\"Escola Superior de Enxe\u00f1ar\u00eda Inform\u00e1tica\",\"url\":\"https:\\\/\\\/esei.uvigo.es\\\/es\\\/\",\"logo\":{\"@type\":\"ImageObject\",\"inLanguage\":\"es\",\"@id\":\"https:\\\/\\\/esei.uvigo.es\\\/es\\\/#\\\/schema\\\/logo\\\/image\\\/\",\"url\":\"https:\\\/\\\/esei.uvigo.es\\\/wp-content\\\/uploads\\\/2019\\\/09\\\/esei.png\",\"contentUrl\":\"https:\\\/\\\/esei.uvigo.es\\\/wp-content\\\/uploads\\\/2019\\\/09\\\/esei.png\",\"width\":579,\"height\":98,\"caption\":\"Escola Superior de Enxe\u00f1ar\u00eda Inform\u00e1tica\"},\"image\":{\"@id\":\"https:\\\/\\\/esei.uvigo.es\\\/es\\\/#\\\/schema\\\/logo\\\/image\\\/\"}}]}<\/script>\n<!-- \/ Yoast SEO plugin. -->","yoast_head_json":{"title":"Ofertas de empleo | Escola Superior de Enxe\u00f1ar\u00eda Inform\u00e1tica","robots":{"index":"index","follow":"follow","max-snippet":"max-snippet:-1","max-image-preview":"max-image-preview:large","max-video-preview":"max-video-preview:-1"},"canonical":"https:\/\/esei.uvigo.es\/es\/id-e-empresas\/ofertas-de-emprego\/","og_locale":"es_ES","og_type":"article","og_title":"Ofertas de empleo | Escola Superior de Enxe\u00f1ar\u00eda Inform\u00e1tica","og_description":"&nbsp; &nbsp;","og_url":"https:\/\/esei.uvigo.es\/es\/id-e-empresas\/ofertas-de-emprego\/","og_site_name":"Escola Superior de Enxe\u00f1ar\u00eda Inform\u00e1tica","article_modified_time":"2022-02-24T08:58:29+00:00","twitter_card":"summary_large_image","schema":{"@context":"https:\/\/schema.org","@graph":[{"@type":"WebPage","@id":"https:\/\/esei.uvigo.es\/es\/id-e-empresas\/ofertas-de-emprego\/","url":"https:\/\/esei.uvigo.es\/es\/id-e-empresas\/ofertas-de-emprego\/","name":"Ofertas de empleo | Escola Superior de Enxe\u00f1ar\u00eda Inform\u00e1tica","isPartOf":{"@id":"https:\/\/esei.uvigo.es\/es\/#website"},"datePublished":"2019-02-06T12:27:36+00:00","dateModified":"2022-02-24T08:58:29+00:00","breadcrumb":{"@id":"https:\/\/esei.uvigo.es\/es\/id-e-empresas\/ofertas-de-emprego\/#breadcrumb"},"inLanguage":"es","potentialAction":[{"@type":"ReadAction","target":["https:\/\/esei.uvigo.es\/es\/id-e-empresas\/ofertas-de-emprego\/"]}]},{"@type":"BreadcrumbList","@id":"https:\/\/esei.uvigo.es\/es\/id-e-empresas\/ofertas-de-emprego\/#breadcrumb","itemListElement":[{"@type":"ListItem","position":1,"name":"Portada","item":"https:\/\/esei.uvigo.es\/es\/"},{"@type":"ListItem","position":2,"name":"I+D y empresas","item":"https:\/\/esei.uvigo.es\/es\/id-e-empresas\/"},{"@type":"ListItem","position":3,"name":"Ofertas de empleo"}]},{"@type":"WebSite","@id":"https:\/\/esei.uvigo.es\/es\/#website","url":"https:\/\/esei.uvigo.es\/es\/","name":"Escola Superior de Enxe\u00f1ar\u00eda Inform\u00e1tica","description":"","publisher":{"@id":"https:\/\/esei.uvigo.es\/es\/#organization"},"potentialAction":[{"@type":"SearchAction","target":{"@type":"EntryPoint","urlTemplate":"https:\/\/esei.uvigo.es\/es\/?s={search_term_string}"},"query-input":{"@type":"PropertyValueSpecification","valueRequired":true,"valueName":"search_term_string"}}],"inLanguage":"es"},{"@type":"Organization","@id":"https:\/\/esei.uvigo.es\/es\/#organization","name":"Escola Superior de Enxe\u00f1ar\u00eda Inform\u00e1tica","url":"https:\/\/esei.uvigo.es\/es\/","logo":{"@type":"ImageObject","inLanguage":"es","@id":"https:\/\/esei.uvigo.es\/es\/#\/schema\/logo\/image\/","url":"https:\/\/esei.uvigo.es\/wp-content\/uploads\/2019\/09\/esei.png","contentUrl":"https:\/\/esei.uvigo.es\/wp-content\/uploads\/2019\/09\/esei.png","width":579,"height":98,"caption":"Escola Superior de Enxe\u00f1ar\u00eda Inform\u00e1tica"},"image":{"@id":"https:\/\/esei.uvigo.es\/es\/#\/schema\/logo\/image\/"}}]}},"_links":{"self":[{"href":"https:\/\/esei.uvigo.es\/es\/wp-json\/wp\/v2\/pages\/22875","targetHints":{"allow":["GET"]}}],"collection":[{"href":"https:\/\/esei.uvigo.es\/es\/wp-json\/wp\/v2\/pages"}],"about":[{"href":"https:\/\/esei.uvigo.es\/es\/wp-json\/wp\/v2\/types\/page"}],"author":[{"embeddable":true,"href":"https:\/\/esei.uvigo.es\/es\/wp-json\/wp\/v2\/users\/1"}],"replies":[{"embeddable":true,"href":"https:\/\/esei.uvigo.es\/es\/wp-json\/wp\/v2\/comments?post=22875"}],"version-history":[{"count":1,"href":"https:\/\/esei.uvigo.es\/es\/wp-json\/wp\/v2\/pages\/22875\/revisions"}],"predecessor-version":[{"id":23062,"href":"https:\/\/esei.uvigo.es\/es\/wp-json\/wp\/v2\/pages\/22875\/revisions\/23062"}],"up":[{"embeddable":true,"href":"https:\/\/esei.uvigo.es\/es\/wp-json\/wp\/v2\/pages\/22869"}],"wp:attachment":[{"href":"https:\/\/esei.uvigo.es\/es\/wp-json\/wp\/v2\/media?parent=22875"}],"curies":[{"name":"wp","href":"https:\/\/api.w.org\/{rel}","templated":true}]}}