{"id":22873,"date":"2019-02-06T13:27:05","date_gmt":"2019-02-06T12:27:05","guid":{"rendered":"https:\/\/esei.uvigo.es\/id-e-empresas\/grupos-de-investigacion\/"},"modified":"2025-02-14T21:35:46","modified_gmt":"2025-02-14T20:35:46","slug":"grupos-de-investigacion","status":"publish","type":"page","link":"https:\/\/esei.uvigo.es\/es\/id-e-empresas\/grupos-de-investigacion\/","title":{"rendered":"Grupos de Investigaci\u00f3n"},"content":{"rendered":"<p>En la ESEI hay varios grupos de investigaci\u00f3n de gran calidad, que realizan su actividad investigadora en los diferentes \u00e1mbitos relacionados con la Ingenier\u00eda Inform\u00e1tica: gr\u00e1ficos, inteligencia artificial, ingenier\u00eda del software, lenguajes natural, visualizaci\u00f3n, agentes inteligentes, procesado de se\u00f1ales m\u00e9dicas, &#8230;<\/p>\n<h2><a href=\"http:\/\/www.grupocole.org\/\" target=\"_blank\" rel=\"noopener noreferrer\">Grupo de Compiladores y lenguajes<\/a><\/h2>\n<ul>\n<li><strong>Responsable<\/strong>: Prof. Dr.\u00a0<a href=\"https:\/\/esei.uvigo.es\/centro\/profesorado\/vilares-ferro-manuel\/\" rel=\"noopener\">Manuel Vilares Ferro<\/a><\/li>\n<li><strong>Correo electr\u00f3nico<\/strong>:\u00a0<a>vilares@uvigo.es<\/a><\/li>\n<li><strong>Tel<\/strong>: +34 988 387 280<\/li>\n<li><strong>L\u00edneas de investigaci\u00f3n y actividades<\/strong>:\n<ul>\n<li>Extracci\u00f3n\/recuperaci\u00f3n de informaci\u00f3n.<\/li>\n<li>Extracci\u00f3n y representaci\u00f3n autom\u00e1tica de conocimiento.<\/li>\n<li>Procesamiento del lenguaje natural.<\/li>\n<li>Organizaci\u00f3n y estructuraci\u00f3n de la informaci\u00f3n, gesti\u00f3n de bibliotecas digitales.<\/li>\n<li>Creaci\u00f3n y gesti\u00f3n de recursos ling\u00fc\u00edsticos.<\/li>\n<li>Desarrollo de interfaces basadas en lenguajes natural.<\/li>\n<\/ul>\n<\/li>\n<\/ul>\n<h2><a href=\"http:\/\/lia.ei.uvigo.es\/\" target=\"_blank\" rel=\"noopener noreferrer\">Grupo LIA2<\/a><\/h2>\n<ul>\n<li><strong>Responsable<\/strong>: Prof. Dr.\u00a0<a href=\"https:\/\/esei.uvigo.es\/centro\/profesorado\/formella-arno\/\" rel=\"noopener\">Arno Formella<\/a><\/li>\n<li><strong>Correo electr\u00f3nico<\/strong>:\u00a0<a>formella@uvigo.es<\/a><\/li>\n<li><strong>Tel<\/strong>: +34 988 387 030<\/li>\n<li><strong>L\u00edneas de investigaci\u00f3n y actividades<\/strong>:\n<ul>\n<li>Procesamiento de im\u00e1genes.<\/li>\n<li>Aplicaciones de simulaci\u00f3n.<\/li>\n<li>Optimizaci\u00f3n y aproximaci\u00f3n en \u00e1mbitos de telecomunicaciones, f\u00edsica, log\u00edstica, inform\u00e1tica gr\u00e1fica.<\/li>\n<li>Sistemas inteligentes y de nueva generaci\u00f3n.<\/li>\n<li>E-learning.<\/li>\n<li>Asesor\u00eda e seguimiento en implantaci\u00f3n de sistemas software.<\/li>\n<li>Sistemas inteligentes de seguimiento de personas\/objetos en interiores.<\/li>\n<li>Identificaci\u00f3n de acciones sobre v\u00eddeo.<\/li>\n<li>An\u00e1lisis online de la variabilidad de la frecuencia card\u00edaca.<\/li>\n<\/ul>\n<\/li>\n<\/ul>\n<h2><a href=\"https:\/\/portalcientifico.uvigo.gal\/grupos\/17778\/detalle\" target=\"_blank\" rel=\"noopener\">Grupo de Inform\u00e1tica Gr\u00e1fica<\/a><\/h2>\n<ul>\n<li><strong>Responsable<\/strong>: Prof. Dr.\u00a0<a href=\"https:\/\/esei.uvigo.es\/centro\/profesorado\/rodeiro-iglesias-javier\/\" rel=\"noopener\">Javier Rodeiro Iglesias<\/a>\u00a0e Prof. Dr.\u00a0<a href=\"https:\/\/esei.uvigo.es\/centro\/profesorado\/campos-bastos-celso\/\" rel=\"noopener\">Celso Campos Bastos<\/a><\/li>\n<li><strong>Correo electr\u00f3nico<\/strong>:\u00a0<a>jrodeiro@uvigo.es<\/a>\u00a0e\u00a0<a>ccampos@uvigo.es<\/a><\/li>\n<li><strong>Tel<\/strong>: +34 988 387 020<\/li>\n<li><strong>L\u00edneas de investigaci\u00f3n y actividades<\/strong>:\n<ul>\n<li>Creaci\u00f3n de entornos 3D, realidad virtual e aumentados.<\/li>\n<li>Generaci\u00f3n de contenidos autoestereosc\u00f3picos.<\/li>\n<li>Generaci\u00f3n de modelos de navegaci\u00f3n sobre Google Earth.<\/li>\n<li>Dise\u00f1o y prueba de equipamiento de visualizaci\u00f3n.<\/li>\n<li>Dise\u00f1o y prueba de equipamiento cient\u00edfico.<\/li>\n<li>Consultor\u00eda y auditor\u00eda de seguridad inform\u00e1tica.<\/li>\n<li>Prototipado e evaluaci\u00f3n de interfaces visuales e industriales.<\/li>\n<li>Integraci\u00f3n de sistemas y depuraci\u00f3n de informaci\u00f3n corporativa.<\/li>\n<\/ul>\n<\/li>\n<\/ul>\n<h2><a href=\"http:\/\/sing.ei.uvigo.es\/\" target=\"_blank\" rel=\"noopener noreferrer\">Grupo SING<\/a> (Sistemas Inform\u00e1ticos de Nueva Generaci\u00f3n)<\/h2>\n<ul>\n<li><strong>Responsable<\/strong>: Prof. Dr.\u00a0<a href=\"https:\/\/esei.uvigo.es\/centro\/profesorado\/fernandez-riverola-florentino\/\" rel=\"noopener\">Florentino Fern\u00e1ndez Riverola<\/a><\/li>\n<li><strong>Correo electr\u00f3nico<\/strong>:\u00a0<a>riverola@uvigo.es<\/a><\/li>\n<li><strong>Tel<\/strong>: +34 988 387 015 \/ +34 647 347 317<\/li>\n<li><strong>L\u00edneas de investigaci\u00f3n y actividades<\/strong>:\n<ul>\n<li>Desarrollo de herramientas inform\u00e1ticas en el campo de la bioinform\u00e1tica.<\/li>\n<li>Dise\u00f1o e implantaci\u00f3n de herramientas inteligentes empleando sistemas de razonamiento basado en casos.<\/li>\n<li>Utilizaci\u00f3n de herramientas de miner\u00eda de datos, redes bayesianas e neuronas, l\u00f3gica difusa y conjuntos aproximados para el desarrollo de sistemas expertos.<\/li>\n<li>Auditor\u00eda e implantaci\u00f3n de sistemas inform\u00e1ticos seguros en redes de comunicaciones (XoIP, VoIP, spam, ataques inform\u00e1ticos, etc.).<\/li>\n<li>Dise\u00f1o e impartici\u00f3n de cursos de formaci\u00f3n especializada.<\/li>\n<\/ul>\n<\/li>\n<\/ul>\n","protected":false},"excerpt":{"rendered":"<p>En la ESEI hay varios grupos de investigaci\u00f3n de gran calidad, que realizan su actividad investigadora en los diferentes \u00e1mbitos relacionados con la Ingenier\u00eda Inform\u00e1tica: &hellip; <a class=\"excerpt_more\" href=\"https:\/\/esei.uvigo.es\/es\/id-e-empresas\/grupos-de-investigacion\/\">Contin\u00faa<\/a><\/p>\n","protected":false},"author":1,"featured_media":0,"parent":22869,"menu_order":11,"comment_status":"closed","ping_status":"closed","template":"","meta":{"_acf_changed":false,"footnotes":""},"class_list":["post-22873","page","type-page","status-publish","hentry"],"acf":[],"yoast_head":"<!-- This site is optimized with the Yoast SEO plugin v27.6 - https:\/\/yoast.com\/product\/yoast-seo-wordpress\/ -->\n<title>Grupos de Investigaci\u00f3n | Escola Superior de Enxe\u00f1ar\u00eda Inform\u00e1tica<\/title>\n<meta name=\"robots\" content=\"index, follow, max-snippet:-1, max-image-preview:large, max-video-preview:-1\" \/>\n<link rel=\"canonical\" href=\"https:\/\/esei.uvigo.es\/es\/id-e-empresas\/grupos-de-investigacion\/\" \/>\n<meta property=\"og:locale\" content=\"es_ES\" \/>\n<meta property=\"og:type\" content=\"article\" \/>\n<meta property=\"og:title\" content=\"Grupos de Investigaci\u00f3n | Escola Superior de Enxe\u00f1ar\u00eda Inform\u00e1tica\" \/>\n<meta property=\"og:description\" content=\"En la ESEI hay varios grupos de investigaci\u00f3n de gran calidad, que realizan su actividad investigadora en los diferentes \u00e1mbitos relacionados con la Ingenier\u00eda Inform\u00e1tica: &hellip; Contin\u00faa\" \/>\n<meta property=\"og:url\" content=\"https:\/\/esei.uvigo.es\/es\/id-e-empresas\/grupos-de-investigacion\/\" \/>\n<meta property=\"og:site_name\" content=\"Escola Superior de Enxe\u00f1ar\u00eda Inform\u00e1tica\" \/>\n<meta property=\"article:modified_time\" content=\"2025-02-14T20:35:46+00:00\" \/>\n<meta name=\"twitter:card\" content=\"summary_large_image\" \/>\n<meta name=\"twitter:label1\" content=\"Tiempo de lectura\" \/>\n\t<meta name=\"twitter:data1\" content=\"2 minutos\" \/>\n<script type=\"application\/ld+json\" class=\"yoast-schema-graph\">{\"@context\":\"https:\\\/\\\/schema.org\",\"@graph\":[{\"@type\":\"WebPage\",\"@id\":\"https:\\\/\\\/esei.uvigo.es\\\/es\\\/id-e-empresas\\\/grupos-de-investigacion\\\/\",\"url\":\"https:\\\/\\\/esei.uvigo.es\\\/es\\\/id-e-empresas\\\/grupos-de-investigacion\\\/\",\"name\":\"Grupos de Investigaci\u00f3n | Escola Superior de Enxe\u00f1ar\u00eda Inform\u00e1tica\",\"isPartOf\":{\"@id\":\"https:\\\/\\\/esei.uvigo.es\\\/es\\\/#website\"},\"datePublished\":\"2019-02-06T12:27:05+00:00\",\"dateModified\":\"2025-02-14T20:35:46+00:00\",\"breadcrumb\":{\"@id\":\"https:\\\/\\\/esei.uvigo.es\\\/es\\\/id-e-empresas\\\/grupos-de-investigacion\\\/#breadcrumb\"},\"inLanguage\":\"es\",\"potentialAction\":[{\"@type\":\"ReadAction\",\"target\":[\"https:\\\/\\\/esei.uvigo.es\\\/es\\\/id-e-empresas\\\/grupos-de-investigacion\\\/\"]}]},{\"@type\":\"BreadcrumbList\",\"@id\":\"https:\\\/\\\/esei.uvigo.es\\\/es\\\/id-e-empresas\\\/grupos-de-investigacion\\\/#breadcrumb\",\"itemListElement\":[{\"@type\":\"ListItem\",\"position\":1,\"name\":\"Portada\",\"item\":\"https:\\\/\\\/esei.uvigo.es\\\/es\\\/\"},{\"@type\":\"ListItem\",\"position\":2,\"name\":\"I+D y empresas\",\"item\":\"https:\\\/\\\/esei.uvigo.es\\\/es\\\/id-e-empresas\\\/\"},{\"@type\":\"ListItem\",\"position\":3,\"name\":\"Grupos de Investigaci\u00f3n\"}]},{\"@type\":\"WebSite\",\"@id\":\"https:\\\/\\\/esei.uvigo.es\\\/es\\\/#website\",\"url\":\"https:\\\/\\\/esei.uvigo.es\\\/es\\\/\",\"name\":\"Escola Superior de Enxe\u00f1ar\u00eda Inform\u00e1tica\",\"description\":\"\",\"publisher\":{\"@id\":\"https:\\\/\\\/esei.uvigo.es\\\/es\\\/#organization\"},\"potentialAction\":[{\"@type\":\"SearchAction\",\"target\":{\"@type\":\"EntryPoint\",\"urlTemplate\":\"https:\\\/\\\/esei.uvigo.es\\\/es\\\/?s={search_term_string}\"},\"query-input\":{\"@type\":\"PropertyValueSpecification\",\"valueRequired\":true,\"valueName\":\"search_term_string\"}}],\"inLanguage\":\"es\"},{\"@type\":\"Organization\",\"@id\":\"https:\\\/\\\/esei.uvigo.es\\\/es\\\/#organization\",\"name\":\"Escola Superior de Enxe\u00f1ar\u00eda Inform\u00e1tica\",\"url\":\"https:\\\/\\\/esei.uvigo.es\\\/es\\\/\",\"logo\":{\"@type\":\"ImageObject\",\"inLanguage\":\"es\",\"@id\":\"https:\\\/\\\/esei.uvigo.es\\\/es\\\/#\\\/schema\\\/logo\\\/image\\\/\",\"url\":\"https:\\\/\\\/esei.uvigo.es\\\/wp-content\\\/uploads\\\/2019\\\/09\\\/esei.png\",\"contentUrl\":\"https:\\\/\\\/esei.uvigo.es\\\/wp-content\\\/uploads\\\/2019\\\/09\\\/esei.png\",\"width\":579,\"height\":98,\"caption\":\"Escola Superior de Enxe\u00f1ar\u00eda Inform\u00e1tica\"},\"image\":{\"@id\":\"https:\\\/\\\/esei.uvigo.es\\\/es\\\/#\\\/schema\\\/logo\\\/image\\\/\"}}]}<\/script>\n<!-- \/ Yoast SEO plugin. -->","yoast_head_json":{"title":"Grupos de Investigaci\u00f3n | Escola Superior de Enxe\u00f1ar\u00eda Inform\u00e1tica","robots":{"index":"index","follow":"follow","max-snippet":"max-snippet:-1","max-image-preview":"max-image-preview:large","max-video-preview":"max-video-preview:-1"},"canonical":"https:\/\/esei.uvigo.es\/es\/id-e-empresas\/grupos-de-investigacion\/","og_locale":"es_ES","og_type":"article","og_title":"Grupos de Investigaci\u00f3n | Escola Superior de Enxe\u00f1ar\u00eda Inform\u00e1tica","og_description":"En la ESEI hay varios grupos de investigaci\u00f3n de gran calidad, que realizan su actividad investigadora en los diferentes \u00e1mbitos relacionados con la Ingenier\u00eda Inform\u00e1tica: &hellip; Contin\u00faa","og_url":"https:\/\/esei.uvigo.es\/es\/id-e-empresas\/grupos-de-investigacion\/","og_site_name":"Escola Superior de Enxe\u00f1ar\u00eda Inform\u00e1tica","article_modified_time":"2025-02-14T20:35:46+00:00","twitter_card":"summary_large_image","twitter_misc":{"Tiempo de lectura":"2 minutos"},"schema":{"@context":"https:\/\/schema.org","@graph":[{"@type":"WebPage","@id":"https:\/\/esei.uvigo.es\/es\/id-e-empresas\/grupos-de-investigacion\/","url":"https:\/\/esei.uvigo.es\/es\/id-e-empresas\/grupos-de-investigacion\/","name":"Grupos de Investigaci\u00f3n | Escola Superior de Enxe\u00f1ar\u00eda Inform\u00e1tica","isPartOf":{"@id":"https:\/\/esei.uvigo.es\/es\/#website"},"datePublished":"2019-02-06T12:27:05+00:00","dateModified":"2025-02-14T20:35:46+00:00","breadcrumb":{"@id":"https:\/\/esei.uvigo.es\/es\/id-e-empresas\/grupos-de-investigacion\/#breadcrumb"},"inLanguage":"es","potentialAction":[{"@type":"ReadAction","target":["https:\/\/esei.uvigo.es\/es\/id-e-empresas\/grupos-de-investigacion\/"]}]},{"@type":"BreadcrumbList","@id":"https:\/\/esei.uvigo.es\/es\/id-e-empresas\/grupos-de-investigacion\/#breadcrumb","itemListElement":[{"@type":"ListItem","position":1,"name":"Portada","item":"https:\/\/esei.uvigo.es\/es\/"},{"@type":"ListItem","position":2,"name":"I+D y empresas","item":"https:\/\/esei.uvigo.es\/es\/id-e-empresas\/"},{"@type":"ListItem","position":3,"name":"Grupos de Investigaci\u00f3n"}]},{"@type":"WebSite","@id":"https:\/\/esei.uvigo.es\/es\/#website","url":"https:\/\/esei.uvigo.es\/es\/","name":"Escola Superior de Enxe\u00f1ar\u00eda Inform\u00e1tica","description":"","publisher":{"@id":"https:\/\/esei.uvigo.es\/es\/#organization"},"potentialAction":[{"@type":"SearchAction","target":{"@type":"EntryPoint","urlTemplate":"https:\/\/esei.uvigo.es\/es\/?s={search_term_string}"},"query-input":{"@type":"PropertyValueSpecification","valueRequired":true,"valueName":"search_term_string"}}],"inLanguage":"es"},{"@type":"Organization","@id":"https:\/\/esei.uvigo.es\/es\/#organization","name":"Escola Superior de Enxe\u00f1ar\u00eda Inform\u00e1tica","url":"https:\/\/esei.uvigo.es\/es\/","logo":{"@type":"ImageObject","inLanguage":"es","@id":"https:\/\/esei.uvigo.es\/es\/#\/schema\/logo\/image\/","url":"https:\/\/esei.uvigo.es\/wp-content\/uploads\/2019\/09\/esei.png","contentUrl":"https:\/\/esei.uvigo.es\/wp-content\/uploads\/2019\/09\/esei.png","width":579,"height":98,"caption":"Escola Superior de Enxe\u00f1ar\u00eda Inform\u00e1tica"},"image":{"@id":"https:\/\/esei.uvigo.es\/es\/#\/schema\/logo\/image\/"}}]}},"_links":{"self":[{"href":"https:\/\/esei.uvigo.es\/es\/wp-json\/wp\/v2\/pages\/22873","targetHints":{"allow":["GET"]}}],"collection":[{"href":"https:\/\/esei.uvigo.es\/es\/wp-json\/wp\/v2\/pages"}],"about":[{"href":"https:\/\/esei.uvigo.es\/es\/wp-json\/wp\/v2\/types\/page"}],"author":[{"embeddable":true,"href":"https:\/\/esei.uvigo.es\/es\/wp-json\/wp\/v2\/users\/1"}],"replies":[{"embeddable":true,"href":"https:\/\/esei.uvigo.es\/es\/wp-json\/wp\/v2\/comments?post=22873"}],"version-history":[{"count":4,"href":"https:\/\/esei.uvigo.es\/es\/wp-json\/wp\/v2\/pages\/22873\/revisions"}],"predecessor-version":[{"id":27889,"href":"https:\/\/esei.uvigo.es\/es\/wp-json\/wp\/v2\/pages\/22873\/revisions\/27889"}],"up":[{"embeddable":true,"href":"https:\/\/esei.uvigo.es\/es\/wp-json\/wp\/v2\/pages\/22869"}],"wp:attachment":[{"href":"https:\/\/esei.uvigo.es\/es\/wp-json\/wp\/v2\/media?parent=22873"}],"curies":[{"name":"wp","href":"https:\/\/api.w.org\/{rel}","templated":true}]}}