{"id":22872,"date":"2019-02-06T13:26:39","date_gmt":"2019-02-06T12:26:39","guid":{"rendered":"https:\/\/esei.uvigo.es\/id-e-empresas\/empresas-e-institucions-colaboradoras\/"},"modified":"2022-06-15T10:51:06","modified_gmt":"2022-06-15T08:51:06","slug":"empresas-e-institucions-colaboradoras","status":"publish","type":"page","link":"https:\/\/esei.uvigo.es\/es\/id-e-empresas\/empresas-e-institucions-colaboradoras\/","title":{"rendered":"Empresas e instituciones colaboradoras"},"content":{"rendered":"<p>La ESEI colabora con empresas, asociaciones e instituciones a diferentes niveles: investigaci\u00f3n, pr\u00e1cticas, colaboraci\u00f3n institucional, &#8230;<\/p>\n<ul class=\"logos\">\n<li><a href=\"https:\/\/ourense.gal\" target=\"_blank\" rel=\"noopener noreferrer\"><img loading=\"lazy\" decoding=\"async\" class=\"alignnone size-full wp-image-16406\" src=\"https:\/\/esei.uvigo.es\/wp-content\/uploads\/2019\/09\/ourense.jpg\" alt=\"\" width=\"220\" height=\"62\" \/><\/a><\/li>\n<li><a href=\"http:\/\/www.depourense.es\/\" target=\"_blank\" rel=\"noopener noreferrer\"><img loading=\"lazy\" decoding=\"async\" class=\"alignnone wp-image-16404\" src=\"https:\/\/esei.uvigo.es\/wp-content\/uploads\/2019\/09\/depourense.jpg\" alt=\"\" width=\"150\" height=\"108\" \/><\/a><\/li>\n<li><a href=\"http:\/\/www.agestic.org\/\" target=\"_blank\" rel=\"noopener noreferrer\"><img loading=\"lazy\" decoding=\"async\" class=\"alignnone wp-image-16398\" src=\"https:\/\/esei.uvigo.es\/wp-content\/uploads\/2019\/09\/agestic.jpg\" alt=\"\" width=\"180\" height=\"80\" \/><\/a><\/li>\n<li><a href=\"https:\/\/www.arbentia.com\/\" target=\"_blank\" rel=\"noopener noreferrer\"><img loading=\"lazy\" decoding=\"async\" class=\"alignnone size-medium wp-image-16366\" src=\"https:\/\/esei.uvigo.es\/wp-content\/uploads\/2019\/09\/arbentia-300x83.jpg\" alt=\"\" width=\"300\" height=\"83\" srcset=\"https:\/\/esei.uvigo.es\/wp-content\/uploads\/2019\/09\/arbentia-300x83.jpg 300w, https:\/\/esei.uvigo.es\/wp-content\/uploads\/2019\/09\/arbentia.jpg 320w\" sizes=\"auto, (max-width: 300px) 100vw, 300px\" \/><\/a><\/li>\n<li><a href=\"http:\/\/avantisoluciones.es\/\" target=\"_blank\" rel=\"noopener noreferrer\"><img loading=\"lazy\" decoding=\"async\" class=\"alignnone size-medium wp-image-16372\" src=\"https:\/\/esei.uvigo.es\/wp-content\/uploads\/2019\/09\/avanti-300x64.jpg\" alt=\"\" width=\"300\" height=\"64\" srcset=\"https:\/\/esei.uvigo.es\/wp-content\/uploads\/2019\/09\/avanti-300x64.jpg 300w, https:\/\/esei.uvigo.es\/wp-content\/uploads\/2019\/09\/avanti.jpg 480w\" sizes=\"auto, (max-width: 300px) 100vw, 300px\" \/><\/a><\/li>\n<li><a href=\"http:\/\/bahiasoftware.es\/\" target=\"_blank\" rel=\"noopener noreferrer\"><img loading=\"lazy\" decoding=\"async\" class=\"alignnone wp-image-16370\" src=\"https:\/\/esei.uvigo.es\/wp-content\/uploads\/2019\/09\/bahia-software-300x169.jpg\" alt=\"\" width=\"150\" height=\"85\" srcset=\"https:\/\/esei.uvigo.es\/wp-content\/uploads\/2019\/09\/bahia-software-300x169.jpg 300w, https:\/\/esei.uvigo.es\/wp-content\/uploads\/2019\/09\/bahia-software-445x250.jpg 445w, https:\/\/esei.uvigo.es\/wp-content\/uploads\/2019\/09\/bahia-software.jpg 480w\" sizes=\"auto, (max-width: 150px) 100vw, 150px\" \/><\/a><\/li>\n<li><a href=\"https:\/\/balidea.com\/\" target=\"_blank\" rel=\"noopener noreferrer\"><img loading=\"lazy\" decoding=\"async\" class=\"alignnone size-full wp-image-16384\" src=\"https:\/\/esei.uvigo.es\/wp-content\/uploads\/2019\/09\/balidea.jpg\" alt=\"\" width=\"235\" height=\"57\" \/><\/a><\/li>\n<li><a href=\"http:\/\/www.ceo.es\" target=\"_blank\" rel=\"noopener noreferrer\"><img loading=\"lazy\" decoding=\"async\" class=\"alignnone size-medium wp-image-16358\" src=\"https:\/\/esei.uvigo.es\/wp-content\/uploads\/2019\/09\/ceo-300x75.jpg\" alt=\"\" width=\"300\" height=\"75\" srcset=\"https:\/\/esei.uvigo.es\/wp-content\/uploads\/2019\/09\/ceo-300x75.jpg 300w, https:\/\/esei.uvigo.es\/wp-content\/uploads\/2019\/09\/ceo.jpg 460w\" sizes=\"auto, (max-width: 300px) 100vw, 300px\" \/><\/a><\/li>\n<li><a href=\"https:\/\/www.coren.es\/\" target=\"_blank\" rel=\"noopener noreferrer\"><img loading=\"lazy\" decoding=\"async\" class=\"alignnone wp-image-16392\" src=\"https:\/\/esei.uvigo.es\/wp-content\/uploads\/2019\/09\/coren.jpg\" alt=\"\" width=\"160\" height=\"85\" \/><\/a><\/li>\n<li><a href=\"https:\/\/ctag.com\" target=\"_blank\" rel=\"noopener noreferrer\"><img loading=\"lazy\" decoding=\"async\" class=\"alignnone wp-image-16376\" src=\"https:\/\/esei.uvigo.es\/wp-content\/uploads\/2019\/09\/CTAG-300x239.jpg\" alt=\"\" width=\"160\" height=\"127\" srcset=\"https:\/\/esei.uvigo.es\/wp-content\/uploads\/2019\/09\/CTAG-300x239.jpg 300w, https:\/\/esei.uvigo.es\/wp-content\/uploads\/2019\/09\/CTAG.jpg 420w\" sizes=\"auto, (max-width: 160px) 100vw, 160px\" \/><\/a><\/li>\n<li><a href=\"https:\/\/www.edisa.com\/\" target=\"_blank\" rel=\"noopener noreferrer\"><img loading=\"lazy\" decoding=\"async\" class=\"alignnone wp-image-16388\" src=\"https:\/\/esei.uvigo.es\/wp-content\/uploads\/2019\/09\/edisa-300x77.jpg\" alt=\"\" width=\"180\" height=\"46\" srcset=\"https:\/\/esei.uvigo.es\/wp-content\/uploads\/2019\/09\/edisa-300x77.jpg 300w, https:\/\/esei.uvigo.es\/wp-content\/uploads\/2019\/09\/edisa.jpg 400w\" sizes=\"auto, (max-width: 180px) 100vw, 180px\" \/><\/a><\/li>\n<li><a href=\"https:\/\/www.everis.com\" target=\"_blank\" rel=\"noopener noreferrer\"><img loading=\"lazy\" decoding=\"async\" class=\"alignnone wp-image-16368\" src=\"https:\/\/esei.uvigo.es\/wp-content\/uploads\/2019\/09\/everis.jpg\" alt=\"\" width=\"160\" height=\"126\" \/><\/a><\/li>\n<li><a href=\"https:\/\/www.iniciador.com\/es\/galicia\" target=\"_blank\" rel=\"noopener noreferrer\"><img loading=\"lazy\" decoding=\"async\" class=\"alignnone size-medium wp-image-16356\" src=\"https:\/\/esei.uvigo.es\/wp-content\/uploads\/2019\/09\/galicia-iniciador-300x106.jpg\" alt=\"\" width=\"300\" height=\"106\" srcset=\"https:\/\/esei.uvigo.es\/wp-content\/uploads\/2019\/09\/galicia-iniciador-300x106.jpg 300w, https:\/\/esei.uvigo.es\/wp-content\/uploads\/2019\/09\/galicia-iniciador.jpg 355w\" sizes=\"auto, (max-width: 300px) 100vw, 300px\" \/><\/a><\/li>\n<li><img loading=\"lazy\" decoding=\"async\" class=\"alignnone wp-image-16364\" src=\"https:\/\/esei.uvigo.es\/wp-content\/uploads\/2019\/09\/gb-tec-300x122.jpg\" alt=\"\" width=\"160\" height=\"65\" srcset=\"https:\/\/esei.uvigo.es\/wp-content\/uploads\/2019\/09\/gb-tec-300x122.jpg 300w, https:\/\/esei.uvigo.es\/wp-content\/uploads\/2019\/09\/gb-tec.jpg 320w\" sizes=\"auto, (max-width: 160px) 100vw, 160px\" \/><\/li>\n<li><a href=\"http:\/\/www.grupocuevas.com\/\" target=\"_blank\" rel=\"noopener noreferrer\"><img loading=\"lazy\" decoding=\"async\" class=\"alignnone size-medium wp-image-16400\" src=\"https:\/\/esei.uvigo.es\/wp-content\/uploads\/2019\/09\/grupocuevas-300x123.jpg\" alt=\"\" width=\"300\" height=\"123\" srcset=\"https:\/\/esei.uvigo.es\/wp-content\/uploads\/2019\/09\/grupocuevas-300x123.jpg 300w, https:\/\/esei.uvigo.es\/wp-content\/uploads\/2019\/09\/grupocuevas.jpg 390w\" sizes=\"auto, (max-width: 300px) 100vw, 300px\" \/><\/a><\/li>\n<li><a href=\"http:\/\/ideit.es\" target=\"_blank\" rel=\"noopener noreferrer\"><img loading=\"lazy\" decoding=\"async\" class=\"alignnone wp-image-16362\" src=\"https:\/\/esei.uvigo.es\/wp-content\/uploads\/2019\/09\/ideit-300x115.jpg\" alt=\"\" width=\"159\" height=\"61\" srcset=\"https:\/\/esei.uvigo.es\/wp-content\/uploads\/2019\/09\/ideit-300x115.jpg 300w, https:\/\/esei.uvigo.es\/wp-content\/uploads\/2019\/09\/ideit.jpg 480w\" sizes=\"auto, (max-width: 159px) 100vw, 159px\" \/><\/a><\/li>\n<li><a href=\"https:\/\/www.imatia.com\/\" target=\"_blank\" rel=\"noopener noreferrer\"><img loading=\"lazy\" decoding=\"async\" class=\"alignnone wp-image-16374\" src=\"https:\/\/esei.uvigo.es\/wp-content\/uploads\/2019\/09\/imatia-300x103.jpg\" alt=\"\" width=\"160\" height=\"55\" srcset=\"https:\/\/esei.uvigo.es\/wp-content\/uploads\/2019\/09\/imatia-300x103.jpg 300w, https:\/\/esei.uvigo.es\/wp-content\/uploads\/2019\/09\/imatia.jpg 480w\" sizes=\"auto, (max-width: 160px) 100vw, 160px\" \/><\/a><\/li>\n<li><a href=\"https:\/\/www.imatia.com\/\" target=\"_blank\" rel=\"noopener noreferrer\"><img loading=\"lazy\" decoding=\"async\" class=\"alignnone wp-image-16378\" src=\"https:\/\/esei.uvigo.es\/wp-content\/uploads\/2019\/09\/indra-300x118.jpg\" alt=\"\" width=\"160\" height=\"63\" srcset=\"https:\/\/esei.uvigo.es\/wp-content\/uploads\/2019\/09\/indra-300x118.jpg 300w, https:\/\/esei.uvigo.es\/wp-content\/uploads\/2019\/09\/indra.jpg 380w\" sizes=\"auto, (max-width: 160px) 100vw, 160px\" \/><\/a><\/li>\n<li><a href=\"https:\/\/www.mrfsolutions.com\/es\/\" target=\"_blank\" rel=\"noopener noreferrer\"><img loading=\"lazy\" decoding=\"async\" class=\"alignnone size-full wp-image-16402\" src=\"https:\/\/esei.uvigo.es\/wp-content\/uploads\/2019\/09\/MRF.jpg\" alt=\"\" width=\"130\" height=\"85\" \/><\/a><\/li>\n<li><a href=\"https:\/\/optaresolutions.com\/\" target=\"_blank\" rel=\"noopener noreferrer\"><img loading=\"lazy\" decoding=\"async\" class=\"alignnone size-medium wp-image-16386\" src=\"https:\/\/esei.uvigo.es\/wp-content\/uploads\/2019\/09\/optare-solutions-300x79.jpg\" alt=\"\" width=\"300\" height=\"79\" srcset=\"https:\/\/esei.uvigo.es\/wp-content\/uploads\/2019\/09\/optare-solutions-300x79.jpg 300w, https:\/\/esei.uvigo.es\/wp-content\/uploads\/2019\/09\/optare-solutions.jpg 389w\" sizes=\"auto, (max-width: 300px) 100vw, 300px\" \/><\/a><\/li>\n<li><a href=\"https:\/\/www.tecnologiasplexus.com\/\" target=\"_blank\" rel=\"noopener noreferrer\"><img loading=\"lazy\" decoding=\"async\" class=\"alignnone wp-image-16394\" src=\"https:\/\/esei.uvigo.es\/wp-content\/uploads\/2019\/09\/plexus.jpg\" alt=\"\" width=\"180\" height=\"54\" srcset=\"https:\/\/esei.uvigo.es\/wp-content\/uploads\/2019\/09\/plexus.jpg 411w, https:\/\/esei.uvigo.es\/wp-content\/uploads\/2019\/09\/plexus-300x90.jpg 300w, https:\/\/esei.uvigo.es\/wp-content\/uploads\/2019\/09\/plexus-400x123.jpg 400w\" sizes=\"auto, (max-width: 180px) 100vw, 180px\" \/><\/a><\/li>\n<li><a href=\"https:\/\/www.redegal.com\/\" target=\"_blank\" rel=\"noopener noreferrer\"><img loading=\"lazy\" decoding=\"async\" class=\"alignnone wp-image-16360\" src=\"https:\/\/esei.uvigo.es\/wp-content\/uploads\/2019\/09\/redegal-300x91.jpg\" alt=\"\" width=\"180\" height=\"55\" srcset=\"https:\/\/esei.uvigo.es\/wp-content\/uploads\/2019\/09\/redegal-300x91.jpg 300w, https:\/\/esei.uvigo.es\/wp-content\/uploads\/2019\/09\/redegal.jpg 480w\" sizes=\"auto, (max-width: 180px) 100vw, 180px\" \/><\/a><\/li>\n<li><a href=\"https:\/\/www.sivsa.com\/\" target=\"_blank\" rel=\"noopener noreferrer\"><img loading=\"lazy\" decoding=\"async\" class=\"alignnone wp-image-16382\" src=\"https:\/\/esei.uvigo.es\/wp-content\/uploads\/2019\/09\/sivsa-300x94.jpg\" alt=\"\" width=\"180\" height=\"57\" srcset=\"https:\/\/esei.uvigo.es\/wp-content\/uploads\/2019\/09\/sivsa-300x94.jpg 300w, https:\/\/esei.uvigo.es\/wp-content\/uploads\/2019\/09\/sivsa.jpg 420w\" sizes=\"auto, (max-width: 180px) 100vw, 180px\" \/><\/a><\/li>\n<li><a href=\"http:\/\/teltek.es\/\" target=\"_blank\" rel=\"noopener noreferrer\"><img loading=\"lazy\" decoding=\"async\" class=\"alignnone wp-image-16390\" src=\"https:\/\/esei.uvigo.es\/wp-content\/uploads\/2019\/09\/teltek-300x75.jpg\" alt=\"\" width=\"180\" height=\"45\" srcset=\"https:\/\/esei.uvigo.es\/wp-content\/uploads\/2019\/09\/teltek-300x75.jpg 300w, https:\/\/esei.uvigo.es\/wp-content\/uploads\/2019\/09\/teltek.jpg 320w\" sizes=\"auto, (max-width: 180px) 100vw, 180px\" \/><\/a><\/li>\n<li><a href=\"https:\/\/www.unvibus.com\/\" target=\"_blank\" rel=\"noopener noreferrer\"><img loading=\"lazy\" decoding=\"async\" class=\"alignnone wp-image-16396\" src=\"https:\/\/esei.uvigo.es\/wp-content\/uploads\/2019\/09\/unvi-300x78.jpg\" alt=\"\" width=\"160\" height=\"42\" srcset=\"https:\/\/esei.uvigo.es\/wp-content\/uploads\/2019\/09\/unvi-300x78.jpg 300w, https:\/\/esei.uvigo.es\/wp-content\/uploads\/2019\/09\/unvi.jpg 400w\" sizes=\"auto, (max-width: 160px) 100vw, 160px\" \/><\/a><\/li>\n<li><a href=\"https:\/\/www.viewnext.com\/\" target=\"_blank\" rel=\"noopener noreferrer\"><img loading=\"lazy\" decoding=\"async\" class=\"alignnone wp-image-16380\" src=\"https:\/\/esei.uvigo.es\/wp-content\/uploads\/2019\/09\/viewnext-300x70.jpg\" alt=\"\" width=\"180\" height=\"42\" srcset=\"https:\/\/esei.uvigo.es\/wp-content\/uploads\/2019\/09\/viewnext-300x70.jpg 300w, https:\/\/esei.uvigo.es\/wp-content\/uploads\/2019\/09\/viewnext.jpg 430w\" sizes=\"auto, (max-width: 180px) 100vw, 180px\" \/><\/a><\/li>\n<li><a href=\"https:\/\/www.aldaba.es\/\" target=\"_blank\" rel=\"noopener noreferrer\"><img loading=\"lazy\" decoding=\"async\" class=\"alignnone\" src=\"https:\/\/esei.uvigo.es\/wp-content\/uploads\/2020\/03\/aldaba.png\" alt=\"\" width=\"190\" height=\"34\" \/><\/a><\/li>\n<\/ul>\n","protected":false},"excerpt":{"rendered":"<p>La ESEI colabora con empresas, asociaciones e instituciones a diferentes niveles: investigaci\u00f3n, pr\u00e1cticas, colaboraci\u00f3n institucional, &#8230;<\/p>\n","protected":false},"author":1,"featured_media":0,"parent":22869,"menu_order":6,"comment_status":"closed","ping_status":"closed","template":"","meta":{"_acf_changed":false,"footnotes":""},"class_list":["post-22872","page","type-page","status-publish","hentry"],"acf":[],"yoast_head":"<!-- This site is optimized with the Yoast SEO plugin v27.6 - https:\/\/yoast.com\/product\/yoast-seo-wordpress\/ -->\n<title>Empresas e instituciones colaboradoras | Escola Superior de Enxe\u00f1ar\u00eda Inform\u00e1tica<\/title>\n<meta name=\"robots\" content=\"index, follow, max-snippet:-1, max-image-preview:large, max-video-preview:-1\" \/>\n<link rel=\"canonical\" href=\"https:\/\/esei.uvigo.es\/es\/id-e-empresas\/empresas-e-institucions-colaboradoras\/\" \/>\n<meta property=\"og:locale\" content=\"es_ES\" \/>\n<meta property=\"og:type\" content=\"article\" \/>\n<meta property=\"og:title\" content=\"Empresas e instituciones colaboradoras | Escola Superior de Enxe\u00f1ar\u00eda Inform\u00e1tica\" \/>\n<meta property=\"og:description\" content=\"La ESEI colabora con empresas, asociaciones e instituciones a diferentes niveles: investigaci\u00f3n, pr\u00e1cticas, colaboraci\u00f3n institucional, &#8230;\" \/>\n<meta property=\"og:url\" content=\"https:\/\/esei.uvigo.es\/es\/id-e-empresas\/empresas-e-institucions-colaboradoras\/\" \/>\n<meta property=\"og:site_name\" content=\"Escola Superior de Enxe\u00f1ar\u00eda Inform\u00e1tica\" \/>\n<meta property=\"article:modified_time\" content=\"2022-06-15T08:51:06+00:00\" \/>\n<meta property=\"og:image\" content=\"https:\/\/esei.uvigo.es\/wp-content\/uploads\/2019\/09\/ourense.jpg\" \/>\n<meta name=\"twitter:card\" content=\"summary_large_image\" \/>\n<script type=\"application\/ld+json\" class=\"yoast-schema-graph\">{\"@context\":\"https:\\\/\\\/schema.org\",\"@graph\":[{\"@type\":\"WebPage\",\"@id\":\"https:\\\/\\\/esei.uvigo.es\\\/es\\\/id-e-empresas\\\/empresas-e-institucions-colaboradoras\\\/\",\"url\":\"https:\\\/\\\/esei.uvigo.es\\\/es\\\/id-e-empresas\\\/empresas-e-institucions-colaboradoras\\\/\",\"name\":\"Empresas e instituciones colaboradoras | Escola Superior de Enxe\u00f1ar\u00eda Inform\u00e1tica\",\"isPartOf\":{\"@id\":\"https:\\\/\\\/esei.uvigo.es\\\/es\\\/#website\"},\"primaryImageOfPage\":{\"@id\":\"https:\\\/\\\/esei.uvigo.es\\\/es\\\/id-e-empresas\\\/empresas-e-institucions-colaboradoras\\\/#primaryimage\"},\"image\":{\"@id\":\"https:\\\/\\\/esei.uvigo.es\\\/es\\\/id-e-empresas\\\/empresas-e-institucions-colaboradoras\\\/#primaryimage\"},\"thumbnailUrl\":\"https:\\\/\\\/esei.uvigo.es\\\/wp-content\\\/uploads\\\/2019\\\/09\\\/ourense.jpg\",\"datePublished\":\"2019-02-06T12:26:39+00:00\",\"dateModified\":\"2022-06-15T08:51:06+00:00\",\"breadcrumb\":{\"@id\":\"https:\\\/\\\/esei.uvigo.es\\\/es\\\/id-e-empresas\\\/empresas-e-institucions-colaboradoras\\\/#breadcrumb\"},\"inLanguage\":\"es\",\"potentialAction\":[{\"@type\":\"ReadAction\",\"target\":[\"https:\\\/\\\/esei.uvigo.es\\\/es\\\/id-e-empresas\\\/empresas-e-institucions-colaboradoras\\\/\"]}]},{\"@type\":\"ImageObject\",\"inLanguage\":\"es\",\"@id\":\"https:\\\/\\\/esei.uvigo.es\\\/es\\\/id-e-empresas\\\/empresas-e-institucions-colaboradoras\\\/#primaryimage\",\"url\":\"https:\\\/\\\/esei.uvigo.es\\\/wp-content\\\/uploads\\\/2019\\\/09\\\/ourense.jpg\",\"contentUrl\":\"https:\\\/\\\/esei.uvigo.es\\\/wp-content\\\/uploads\\\/2019\\\/09\\\/ourense.jpg\"},{\"@type\":\"BreadcrumbList\",\"@id\":\"https:\\\/\\\/esei.uvigo.es\\\/es\\\/id-e-empresas\\\/empresas-e-institucions-colaboradoras\\\/#breadcrumb\",\"itemListElement\":[{\"@type\":\"ListItem\",\"position\":1,\"name\":\"Portada\",\"item\":\"https:\\\/\\\/esei.uvigo.es\\\/es\\\/\"},{\"@type\":\"ListItem\",\"position\":2,\"name\":\"I+D y empresas\",\"item\":\"https:\\\/\\\/esei.uvigo.es\\\/es\\\/id-e-empresas\\\/\"},{\"@type\":\"ListItem\",\"position\":3,\"name\":\"Empresas e instituciones colaboradoras\"}]},{\"@type\":\"WebSite\",\"@id\":\"https:\\\/\\\/esei.uvigo.es\\\/es\\\/#website\",\"url\":\"https:\\\/\\\/esei.uvigo.es\\\/es\\\/\",\"name\":\"Escola Superior de Enxe\u00f1ar\u00eda Inform\u00e1tica\",\"description\":\"\",\"publisher\":{\"@id\":\"https:\\\/\\\/esei.uvigo.es\\\/es\\\/#organization\"},\"potentialAction\":[{\"@type\":\"SearchAction\",\"target\":{\"@type\":\"EntryPoint\",\"urlTemplate\":\"https:\\\/\\\/esei.uvigo.es\\\/es\\\/?s={search_term_string}\"},\"query-input\":{\"@type\":\"PropertyValueSpecification\",\"valueRequired\":true,\"valueName\":\"search_term_string\"}}],\"inLanguage\":\"es\"},{\"@type\":\"Organization\",\"@id\":\"https:\\\/\\\/esei.uvigo.es\\\/es\\\/#organization\",\"name\":\"Escola Superior de Enxe\u00f1ar\u00eda Inform\u00e1tica\",\"url\":\"https:\\\/\\\/esei.uvigo.es\\\/es\\\/\",\"logo\":{\"@type\":\"ImageObject\",\"inLanguage\":\"es\",\"@id\":\"https:\\\/\\\/esei.uvigo.es\\\/es\\\/#\\\/schema\\\/logo\\\/image\\\/\",\"url\":\"https:\\\/\\\/esei.uvigo.es\\\/wp-content\\\/uploads\\\/2019\\\/09\\\/esei.png\",\"contentUrl\":\"https:\\\/\\\/esei.uvigo.es\\\/wp-content\\\/uploads\\\/2019\\\/09\\\/esei.png\",\"width\":579,\"height\":98,\"caption\":\"Escola Superior de Enxe\u00f1ar\u00eda Inform\u00e1tica\"},\"image\":{\"@id\":\"https:\\\/\\\/esei.uvigo.es\\\/es\\\/#\\\/schema\\\/logo\\\/image\\\/\"}}]}<\/script>\n<!-- \/ Yoast SEO plugin. -->","yoast_head_json":{"title":"Empresas e instituciones colaboradoras | Escola Superior de Enxe\u00f1ar\u00eda Inform\u00e1tica","robots":{"index":"index","follow":"follow","max-snippet":"max-snippet:-1","max-image-preview":"max-image-preview:large","max-video-preview":"max-video-preview:-1"},"canonical":"https:\/\/esei.uvigo.es\/es\/id-e-empresas\/empresas-e-institucions-colaboradoras\/","og_locale":"es_ES","og_type":"article","og_title":"Empresas e instituciones colaboradoras | Escola Superior de Enxe\u00f1ar\u00eda Inform\u00e1tica","og_description":"La ESEI colabora con empresas, asociaciones e instituciones a diferentes niveles: investigaci\u00f3n, pr\u00e1cticas, colaboraci\u00f3n institucional, &#8230;","og_url":"https:\/\/esei.uvigo.es\/es\/id-e-empresas\/empresas-e-institucions-colaboradoras\/","og_site_name":"Escola Superior de Enxe\u00f1ar\u00eda Inform\u00e1tica","article_modified_time":"2022-06-15T08:51:06+00:00","og_image":[{"url":"https:\/\/esei.uvigo.es\/wp-content\/uploads\/2019\/09\/ourense.jpg","type":"","width":"","height":""}],"twitter_card":"summary_large_image","schema":{"@context":"https:\/\/schema.org","@graph":[{"@type":"WebPage","@id":"https:\/\/esei.uvigo.es\/es\/id-e-empresas\/empresas-e-institucions-colaboradoras\/","url":"https:\/\/esei.uvigo.es\/es\/id-e-empresas\/empresas-e-institucions-colaboradoras\/","name":"Empresas e instituciones colaboradoras | Escola Superior de Enxe\u00f1ar\u00eda Inform\u00e1tica","isPartOf":{"@id":"https:\/\/esei.uvigo.es\/es\/#website"},"primaryImageOfPage":{"@id":"https:\/\/esei.uvigo.es\/es\/id-e-empresas\/empresas-e-institucions-colaboradoras\/#primaryimage"},"image":{"@id":"https:\/\/esei.uvigo.es\/es\/id-e-empresas\/empresas-e-institucions-colaboradoras\/#primaryimage"},"thumbnailUrl":"https:\/\/esei.uvigo.es\/wp-content\/uploads\/2019\/09\/ourense.jpg","datePublished":"2019-02-06T12:26:39+00:00","dateModified":"2022-06-15T08:51:06+00:00","breadcrumb":{"@id":"https:\/\/esei.uvigo.es\/es\/id-e-empresas\/empresas-e-institucions-colaboradoras\/#breadcrumb"},"inLanguage":"es","potentialAction":[{"@type":"ReadAction","target":["https:\/\/esei.uvigo.es\/es\/id-e-empresas\/empresas-e-institucions-colaboradoras\/"]}]},{"@type":"ImageObject","inLanguage":"es","@id":"https:\/\/esei.uvigo.es\/es\/id-e-empresas\/empresas-e-institucions-colaboradoras\/#primaryimage","url":"https:\/\/esei.uvigo.es\/wp-content\/uploads\/2019\/09\/ourense.jpg","contentUrl":"https:\/\/esei.uvigo.es\/wp-content\/uploads\/2019\/09\/ourense.jpg"},{"@type":"BreadcrumbList","@id":"https:\/\/esei.uvigo.es\/es\/id-e-empresas\/empresas-e-institucions-colaboradoras\/#breadcrumb","itemListElement":[{"@type":"ListItem","position":1,"name":"Portada","item":"https:\/\/esei.uvigo.es\/es\/"},{"@type":"ListItem","position":2,"name":"I+D y empresas","item":"https:\/\/esei.uvigo.es\/es\/id-e-empresas\/"},{"@type":"ListItem","position":3,"name":"Empresas e instituciones colaboradoras"}]},{"@type":"WebSite","@id":"https:\/\/esei.uvigo.es\/es\/#website","url":"https:\/\/esei.uvigo.es\/es\/","name":"Escola Superior de Enxe\u00f1ar\u00eda Inform\u00e1tica","description":"","publisher":{"@id":"https:\/\/esei.uvigo.es\/es\/#organization"},"potentialAction":[{"@type":"SearchAction","target":{"@type":"EntryPoint","urlTemplate":"https:\/\/esei.uvigo.es\/es\/?s={search_term_string}"},"query-input":{"@type":"PropertyValueSpecification","valueRequired":true,"valueName":"search_term_string"}}],"inLanguage":"es"},{"@type":"Organization","@id":"https:\/\/esei.uvigo.es\/es\/#organization","name":"Escola Superior de Enxe\u00f1ar\u00eda Inform\u00e1tica","url":"https:\/\/esei.uvigo.es\/es\/","logo":{"@type":"ImageObject","inLanguage":"es","@id":"https:\/\/esei.uvigo.es\/es\/#\/schema\/logo\/image\/","url":"https:\/\/esei.uvigo.es\/wp-content\/uploads\/2019\/09\/esei.png","contentUrl":"https:\/\/esei.uvigo.es\/wp-content\/uploads\/2019\/09\/esei.png","width":579,"height":98,"caption":"Escola Superior de Enxe\u00f1ar\u00eda Inform\u00e1tica"},"image":{"@id":"https:\/\/esei.uvigo.es\/es\/#\/schema\/logo\/image\/"}}]}},"_links":{"self":[{"href":"https:\/\/esei.uvigo.es\/es\/wp-json\/wp\/v2\/pages\/22872","targetHints":{"allow":["GET"]}}],"collection":[{"href":"https:\/\/esei.uvigo.es\/es\/wp-json\/wp\/v2\/pages"}],"about":[{"href":"https:\/\/esei.uvigo.es\/es\/wp-json\/wp\/v2\/types\/page"}],"author":[{"embeddable":true,"href":"https:\/\/esei.uvigo.es\/es\/wp-json\/wp\/v2\/users\/1"}],"replies":[{"embeddable":true,"href":"https:\/\/esei.uvigo.es\/es\/wp-json\/wp\/v2\/comments?post=22872"}],"version-history":[{"count":3,"href":"https:\/\/esei.uvigo.es\/es\/wp-json\/wp\/v2\/pages\/22872\/revisions"}],"predecessor-version":[{"id":23516,"href":"https:\/\/esei.uvigo.es\/es\/wp-json\/wp\/v2\/pages\/22872\/revisions\/23516"}],"up":[{"embeddable":true,"href":"https:\/\/esei.uvigo.es\/es\/wp-json\/wp\/v2\/pages\/22869"}],"wp:attachment":[{"href":"https:\/\/esei.uvigo.es\/es\/wp-json\/wp\/v2\/media?parent=22872"}],"curies":[{"name":"wp","href":"https:\/\/api.w.org\/{rel}","templated":true}]}}