{"id":22871,"date":"2020-03-20T13:20:27","date_gmt":"2020-03-20T12:20:27","guid":{"rendered":"https:\/\/esei.uvigo.es\/id-e-empresas\/catedras\/"},"modified":"2022-06-17T10:00:23","modified_gmt":"2022-06-17T08:00:23","slug":"catedras","status":"publish","type":"page","link":"https:\/\/esei.uvigo.es\/es\/id-e-empresas\/catedras\/","title":{"rendered":"C\u00e1tedras"},"content":{"rendered":"<h2>C\u00e1tedra ALDABA WIB: Women, ICT &amp; Business<\/h2>\n<p>La <a href=\"https:\/\/www.fundacion.udc.es\/aldaba-wib\/index.asp\" target=\"_blank\" rel=\"noopener\"><strong>C\u00e1tedra ALDABA WIB: Women, ICT &amp; Business<\/strong><\/a> fue constituida en septiembre de 2019 por ALDABA, Universidade da Coru\u00f1a y Universidade de Vigo, con el objetivo de potenciar y enriquecer el progreso de las TIC: por un lado, promocionando una creciente participaci\u00f3n de las mujeres en su desarrollo; y, por otro, estableciendo canales bidireccionales de colaboraci\u00f3n entre la universidad y la empresa.<\/p>\n<p>Los centros adscritos a esta C\u00e1tedra son la Facultad de Inform\u00e1tica (FIC), en el campus de A Coru\u00f1a de la UDC, y la Escuela Superior de Ingenier\u00eda Inform\u00e1tica (ESEI), en el campus de Ourense de la UVigo.<\/p>\n<p>Una de las l\u00edneas estrat\u00e9gicas que contempla la C\u00e1tedra es contribuir a la formaci\u00f3n de alto nivel de los futuros graduados de la FIC-UDC y la ESEI-UVigo, a trav\u00e9s de actividades que acerquen al cuerpo estudiantil las necesidades y posibilidades de uso de las TIC en empresas. Tambi\u00e9n, facilitar su integraci\u00f3n en el mundo laboral, fomentando la adquisici\u00f3n de las competencias, conocimientos y habilidades que demanda el tejido empresarial gallego.<\/p>\n<p>Por otra parte, la C\u00e1tedra promueve el desarrollo de actividades que contribuyan a dar visibilidad a las aportaciones de las mujeres en el mundo de las TIC, de cara a generar referentes para despertar el inter\u00e9s de ni\u00f1as y chicas en carreras tecnol\u00f3gicas. Y tambi\u00e9n fomentar\u00e1 la difusi\u00f3n de las innumerables y rese\u00f1ables contribuciones de las TIC en la mejora de los servicios sociales, culturales, de la salud y, en general, de la visi\u00f3n m\u00e1s humana del progreso, lejos de estereotipos puramente tecnol\u00f3gicos.<\/p>\n<p>Al tratarse de una C\u00e1tedra interuniversitaria, con ella se busca, adem\u00e1s, promover sinergias entre ambas Escuelas de Inform\u00e1tica, proponer actividades conjuntas y estrechar lazos.<\/p>\n<p><strong>Sobre ALDABA<\/strong><br \/>\nALDABA es una empresa gallega especializada en optimizar procesos de negocio a trav\u00e9s de las tecnolog\u00edas de la informaci\u00f3n. Sus servicios abarcan los campos de Ingenier\u00eda del Software, Ingenier\u00eda de Sistemas, y Consultor\u00eda TIC. En la actualidad, cuenta con cerca de 120 profesionales distribuidos en sus oficinas de A Coru\u00f1a y Ourense. Sus talentos se unen a los de sus partners, proveedores, y clientes, con una \u00fanica misi\u00f3n: desarrollo de valor real para cada desaf\u00edo de negocio y cada persona que interact\u00faa con el, a trav\u00e9s de los servicios y soluciones TIC m\u00e1s adecuadas a sus necesidades.<\/p>\n<p><strong>Contacto<\/strong><br \/>\nDirecci\u00f3n: Juan Francisco G\u00e1lvez G\u00e1lvez, catedr\u00e1tico del \u00e1rea de Lenguajes y Sistemas Inform\u00e1ticos de la ESEI y Ana Bel\u00e9n Porto Pazos, profesora titular del \u00e1rea de Ciencias de la Computaci\u00f3n e Inteligencia Artificial da FIC.<\/p>\n<p><strong>V\u00eddeos<\/strong><\/p>\n<p><iframe loading=\"lazy\" src=\"https:\/\/player.vimeo.com\/video\/534485368?h=aa4cd5f492&amp;title=0&amp;byline=0&amp;portrait=0\" width=\"640\" height=\"360\" frameborder=\"0\" allowfullscreen=\"allowfullscreen\"><\/iframe><\/p>\n<p><iframe loading=\"lazy\" title=\"YouTube video player\" src=\"https:\/\/www.youtube.com\/embed\/Cn-Iu2LVVAs\" width=\"640\" height=\"360\" frameborder=\"0\" allowfullscreen=\"allowfullscreen\"><\/iframe><\/p>\n","protected":false},"excerpt":{"rendered":"<p>C\u00e1tedra ALDABA WIB: Women, ICT &amp; Business La C\u00e1tedra ALDABA WIB: Women, ICT &amp; Business fue constituida en septiembre de 2019 por ALDABA, Universidade da &hellip; <a class=\"excerpt_more\" href=\"https:\/\/esei.uvigo.es\/es\/id-e-empresas\/catedras\/\">Contin\u00faa<\/a><\/p>\n","protected":false},"author":7,"featured_media":0,"parent":22869,"menu_order":0,"comment_status":"closed","ping_status":"closed","template":"","meta":{"_acf_changed":false,"footnotes":""},"class_list":["post-22871","page","type-page","status-publish","hentry"],"acf":[],"yoast_head":"<!-- This site is optimized with the Yoast SEO plugin v27.6 - https:\/\/yoast.com\/product\/yoast-seo-wordpress\/ -->\n<title>C\u00e1tedras | Escola Superior de Enxe\u00f1ar\u00eda Inform\u00e1tica<\/title>\n<meta name=\"robots\" content=\"index, follow, max-snippet:-1, max-image-preview:large, max-video-preview:-1\" \/>\n<link rel=\"canonical\" href=\"https:\/\/esei.uvigo.es\/es\/id-e-empresas\/catedras\/\" \/>\n<meta property=\"og:locale\" content=\"es_ES\" \/>\n<meta property=\"og:type\" content=\"article\" \/>\n<meta property=\"og:title\" content=\"C\u00e1tedras | Escola Superior de Enxe\u00f1ar\u00eda Inform\u00e1tica\" \/>\n<meta property=\"og:description\" content=\"C\u00e1tedra ALDABA WIB: Women, ICT &amp; Business La C\u00e1tedra ALDABA WIB: Women, ICT &amp; Business fue constituida en septiembre de 2019 por ALDABA, Universidade da &hellip; Contin\u00faa\" \/>\n<meta property=\"og:url\" content=\"https:\/\/esei.uvigo.es\/es\/id-e-empresas\/catedras\/\" \/>\n<meta property=\"og:site_name\" content=\"Escola Superior de Enxe\u00f1ar\u00eda Inform\u00e1tica\" \/>\n<meta property=\"article:modified_time\" content=\"2022-06-17T08:00:23+00:00\" \/>\n<meta name=\"twitter:card\" content=\"summary_large_image\" \/>\n<meta name=\"twitter:label1\" content=\"Tiempo de lectura\" \/>\n\t<meta name=\"twitter:data1\" content=\"3 minutos\" \/>\n<script type=\"application\/ld+json\" class=\"yoast-schema-graph\">{\"@context\":\"https:\\\/\\\/schema.org\",\"@graph\":[{\"@type\":\"WebPage\",\"@id\":\"https:\\\/\\\/esei.uvigo.es\\\/es\\\/id-e-empresas\\\/catedras\\\/\",\"url\":\"https:\\\/\\\/esei.uvigo.es\\\/es\\\/id-e-empresas\\\/catedras\\\/\",\"name\":\"C\u00e1tedras | Escola Superior de Enxe\u00f1ar\u00eda Inform\u00e1tica\",\"isPartOf\":{\"@id\":\"https:\\\/\\\/esei.uvigo.es\\\/es\\\/#website\"},\"datePublished\":\"2020-03-20T12:20:27+00:00\",\"dateModified\":\"2022-06-17T08:00:23+00:00\",\"breadcrumb\":{\"@id\":\"https:\\\/\\\/esei.uvigo.es\\\/es\\\/id-e-empresas\\\/catedras\\\/#breadcrumb\"},\"inLanguage\":\"es\",\"potentialAction\":[{\"@type\":\"ReadAction\",\"target\":[\"https:\\\/\\\/esei.uvigo.es\\\/es\\\/id-e-empresas\\\/catedras\\\/\"]}]},{\"@type\":\"BreadcrumbList\",\"@id\":\"https:\\\/\\\/esei.uvigo.es\\\/es\\\/id-e-empresas\\\/catedras\\\/#breadcrumb\",\"itemListElement\":[{\"@type\":\"ListItem\",\"position\":1,\"name\":\"Portada\",\"item\":\"https:\\\/\\\/esei.uvigo.es\\\/es\\\/\"},{\"@type\":\"ListItem\",\"position\":2,\"name\":\"I+D y empresas\",\"item\":\"https:\\\/\\\/esei.uvigo.es\\\/es\\\/id-e-empresas\\\/\"},{\"@type\":\"ListItem\",\"position\":3,\"name\":\"C\u00e1tedras\"}]},{\"@type\":\"WebSite\",\"@id\":\"https:\\\/\\\/esei.uvigo.es\\\/es\\\/#website\",\"url\":\"https:\\\/\\\/esei.uvigo.es\\\/es\\\/\",\"name\":\"Escola Superior de Enxe\u00f1ar\u00eda Inform\u00e1tica\",\"description\":\"\",\"publisher\":{\"@id\":\"https:\\\/\\\/esei.uvigo.es\\\/es\\\/#organization\"},\"potentialAction\":[{\"@type\":\"SearchAction\",\"target\":{\"@type\":\"EntryPoint\",\"urlTemplate\":\"https:\\\/\\\/esei.uvigo.es\\\/es\\\/?s={search_term_string}\"},\"query-input\":{\"@type\":\"PropertyValueSpecification\",\"valueRequired\":true,\"valueName\":\"search_term_string\"}}],\"inLanguage\":\"es\"},{\"@type\":\"Organization\",\"@id\":\"https:\\\/\\\/esei.uvigo.es\\\/es\\\/#organization\",\"name\":\"Escola Superior de Enxe\u00f1ar\u00eda Inform\u00e1tica\",\"url\":\"https:\\\/\\\/esei.uvigo.es\\\/es\\\/\",\"logo\":{\"@type\":\"ImageObject\",\"inLanguage\":\"es\",\"@id\":\"https:\\\/\\\/esei.uvigo.es\\\/es\\\/#\\\/schema\\\/logo\\\/image\\\/\",\"url\":\"https:\\\/\\\/esei.uvigo.es\\\/wp-content\\\/uploads\\\/2019\\\/09\\\/esei.png\",\"contentUrl\":\"https:\\\/\\\/esei.uvigo.es\\\/wp-content\\\/uploads\\\/2019\\\/09\\\/esei.png\",\"width\":579,\"height\":98,\"caption\":\"Escola Superior de Enxe\u00f1ar\u00eda Inform\u00e1tica\"},\"image\":{\"@id\":\"https:\\\/\\\/esei.uvigo.es\\\/es\\\/#\\\/schema\\\/logo\\\/image\\\/\"}}]}<\/script>\n<!-- \/ Yoast SEO plugin. -->","yoast_head_json":{"title":"C\u00e1tedras | Escola Superior de Enxe\u00f1ar\u00eda Inform\u00e1tica","robots":{"index":"index","follow":"follow","max-snippet":"max-snippet:-1","max-image-preview":"max-image-preview:large","max-video-preview":"max-video-preview:-1"},"canonical":"https:\/\/esei.uvigo.es\/es\/id-e-empresas\/catedras\/","og_locale":"es_ES","og_type":"article","og_title":"C\u00e1tedras | Escola Superior de Enxe\u00f1ar\u00eda Inform\u00e1tica","og_description":"C\u00e1tedra ALDABA WIB: Women, ICT &amp; Business La C\u00e1tedra ALDABA WIB: Women, ICT &amp; Business fue constituida en septiembre de 2019 por ALDABA, Universidade da &hellip; Contin\u00faa","og_url":"https:\/\/esei.uvigo.es\/es\/id-e-empresas\/catedras\/","og_site_name":"Escola Superior de Enxe\u00f1ar\u00eda Inform\u00e1tica","article_modified_time":"2022-06-17T08:00:23+00:00","twitter_card":"summary_large_image","twitter_misc":{"Tiempo de lectura":"3 minutos"},"schema":{"@context":"https:\/\/schema.org","@graph":[{"@type":"WebPage","@id":"https:\/\/esei.uvigo.es\/es\/id-e-empresas\/catedras\/","url":"https:\/\/esei.uvigo.es\/es\/id-e-empresas\/catedras\/","name":"C\u00e1tedras | Escola Superior de Enxe\u00f1ar\u00eda Inform\u00e1tica","isPartOf":{"@id":"https:\/\/esei.uvigo.es\/es\/#website"},"datePublished":"2020-03-20T12:20:27+00:00","dateModified":"2022-06-17T08:00:23+00:00","breadcrumb":{"@id":"https:\/\/esei.uvigo.es\/es\/id-e-empresas\/catedras\/#breadcrumb"},"inLanguage":"es","potentialAction":[{"@type":"ReadAction","target":["https:\/\/esei.uvigo.es\/es\/id-e-empresas\/catedras\/"]}]},{"@type":"BreadcrumbList","@id":"https:\/\/esei.uvigo.es\/es\/id-e-empresas\/catedras\/#breadcrumb","itemListElement":[{"@type":"ListItem","position":1,"name":"Portada","item":"https:\/\/esei.uvigo.es\/es\/"},{"@type":"ListItem","position":2,"name":"I+D y empresas","item":"https:\/\/esei.uvigo.es\/es\/id-e-empresas\/"},{"@type":"ListItem","position":3,"name":"C\u00e1tedras"}]},{"@type":"WebSite","@id":"https:\/\/esei.uvigo.es\/es\/#website","url":"https:\/\/esei.uvigo.es\/es\/","name":"Escola Superior de Enxe\u00f1ar\u00eda Inform\u00e1tica","description":"","publisher":{"@id":"https:\/\/esei.uvigo.es\/es\/#organization"},"potentialAction":[{"@type":"SearchAction","target":{"@type":"EntryPoint","urlTemplate":"https:\/\/esei.uvigo.es\/es\/?s={search_term_string}"},"query-input":{"@type":"PropertyValueSpecification","valueRequired":true,"valueName":"search_term_string"}}],"inLanguage":"es"},{"@type":"Organization","@id":"https:\/\/esei.uvigo.es\/es\/#organization","name":"Escola Superior de Enxe\u00f1ar\u00eda Inform\u00e1tica","url":"https:\/\/esei.uvigo.es\/es\/","logo":{"@type":"ImageObject","inLanguage":"es","@id":"https:\/\/esei.uvigo.es\/es\/#\/schema\/logo\/image\/","url":"https:\/\/esei.uvigo.es\/wp-content\/uploads\/2019\/09\/esei.png","contentUrl":"https:\/\/esei.uvigo.es\/wp-content\/uploads\/2019\/09\/esei.png","width":579,"height":98,"caption":"Escola Superior de Enxe\u00f1ar\u00eda Inform\u00e1tica"},"image":{"@id":"https:\/\/esei.uvigo.es\/es\/#\/schema\/logo\/image\/"}}]}},"_links":{"self":[{"href":"https:\/\/esei.uvigo.es\/es\/wp-json\/wp\/v2\/pages\/22871","targetHints":{"allow":["GET"]}}],"collection":[{"href":"https:\/\/esei.uvigo.es\/es\/wp-json\/wp\/v2\/pages"}],"about":[{"href":"https:\/\/esei.uvigo.es\/es\/wp-json\/wp\/v2\/types\/page"}],"author":[{"embeddable":true,"href":"https:\/\/esei.uvigo.es\/es\/wp-json\/wp\/v2\/users\/7"}],"replies":[{"embeddable":true,"href":"https:\/\/esei.uvigo.es\/es\/wp-json\/wp\/v2\/comments?post=22871"}],"version-history":[{"count":5,"href":"https:\/\/esei.uvigo.es\/es\/wp-json\/wp\/v2\/pages\/22871\/revisions"}],"predecessor-version":[{"id":23550,"href":"https:\/\/esei.uvigo.es\/es\/wp-json\/wp\/v2\/pages\/22871\/revisions\/23550"}],"up":[{"embeddable":true,"href":"https:\/\/esei.uvigo.es\/es\/wp-json\/wp\/v2\/pages\/22869"}],"wp:attachment":[{"href":"https:\/\/esei.uvigo.es\/es\/wp-json\/wp\/v2\/media?parent=22871"}],"curies":[{"name":"wp","href":"https:\/\/api.w.org\/{rel}","templated":true}]}}