{"id":22870,"date":"2019-02-06T13:26:00","date_gmt":"2019-02-06T12:26:00","guid":{"rendered":"https:\/\/esei.uvigo.es\/id-e-empresas\/como-colaborar\/"},"modified":"2022-06-15T10:48:25","modified_gmt":"2022-06-15T08:48:25","slug":"como-colaborar","status":"publish","type":"page","link":"https:\/\/esei.uvigo.es\/es\/id-e-empresas\/como-colaborar\/","title":{"rendered":"\u00bfC\u00f3mo colaborar?"},"content":{"rendered":"<p>Su empresa o instituci\u00f3n puede colaborar con la ESEI o con sus grupos de investigaci\u00f3n en diferentes \u00e1mbitos de inter\u00e9s:<\/p>\n<h2>Investigaci\u00f3n, desarrollo e innovaci\u00f3n<\/h2>\n<p>Si est\u00e1 interesado\/a en acciones de investigaci\u00f3n, informes, proyectos de I+D, etc., lo aconsejable es que revise las l\u00edneas de investigaci\u00f3n de los grupos investigadores de esta Escuela, y contacte con el responsable del que mejor se adapte a sus necesidades. Desde <a href=\"https:\/\/esei.uvigo.es\/id-e-empresas\/grupos-de-investigacion\/\" rel=\"noopener noreferrer\">aqu\u00ed<\/a> puede consultar la informaci\u00f3n sobre estos grupos.<\/p>\n<h2>Pr\u00e1cticas preprofesionales<\/h2>\n<p>Si su inter\u00e9s reside en ofertar pr\u00e1cticas preprofesionales para estudiantes de nuestras titulaciones, lo adecuado es que se ponga en contacto con la <a href=\"http:\/\/www.fundacionuvigo.es\/\" target=\"_blank\" rel=\"noopener noreferrer\">Fundaci\u00f3n Universidade de Vigo<\/a> (FUVI), que es la responsable de tramitar los convenios de colaboraci\u00f3n con la Universidad. Tambi\u00e9n puede contactar con la coordinadora de pr\u00e1cticas de la ESEI, la profesora M. Lourdes Borrajo Diz (<a href=\"mailto:emprego@esei.uvigo.es\">emprego@esei.uvigo.es<\/a>).<\/p>\n<h2>Ofertas de empleo<\/h2>\n<p>Si desea publicitar una oferta de empleo debe ponerse en contacto con el <a href=\"https:\/\/www.uvigo.gal\/universidade\/administracion-persoal\/organizacion-administrativa\/unidade-emprego-emprendemento\" target=\"_blank\" rel=\"noopener noreferrer\">\u00c1rea de Empleo y Emprendimiento<\/a> de la Universidade de Vigo, que es la encargada de gestionar as ofertas.<\/p>\n<p>Correo electr\u00f3nico: <a href=\"mailto:emprego@uvigo.es\">emprego@uvigo.es<\/a><br \/>\nTel\u00e9fono:+34 986 818 710<\/p>\n<h2>Colaboraci\u00f3n institucional<\/h2>\n<p>En este caso puede dirigirse directamente a la <a href=\"https:\/\/esei.uvigo.es\/es\/a-esei\/equipo-directivo\/\" rel=\"noopener noreferrer\">Direcci\u00f3n de la ESEI<\/a>:<\/p>\n<ul>\n<li>Tel\u00e9fono: 988 387 002<\/li>\n<li>Email:\u00a0<a>sdireccion.esei@uvigo.es<\/a><\/li>\n<\/ul>\n","protected":false},"excerpt":{"rendered":"<p>Su empresa o instituci\u00f3n puede colaborar con la ESEI o con sus grupos de investigaci\u00f3n en diferentes \u00e1mbitos de inter\u00e9s: Investigaci\u00f3n, desarrollo e innovaci\u00f3n Si &hellip; <a class=\"excerpt_more\" href=\"https:\/\/esei.uvigo.es\/es\/id-e-empresas\/como-colaborar\/\">Contin\u00faa<\/a><\/p>\n","protected":false},"author":1,"featured_media":0,"parent":22869,"menu_order":0,"comment_status":"closed","ping_status":"closed","template":"","meta":{"_acf_changed":false,"footnotes":""},"class_list":["post-22870","page","type-page","status-publish","hentry"],"acf":[],"yoast_head":"<!-- This site is optimized with the Yoast SEO plugin v27.6 - https:\/\/yoast.com\/product\/yoast-seo-wordpress\/ -->\n<title>\u00bfC\u00f3mo colaborar? | Escola Superior de Enxe\u00f1ar\u00eda Inform\u00e1tica<\/title>\n<meta name=\"robots\" content=\"index, follow, max-snippet:-1, max-image-preview:large, max-video-preview:-1\" \/>\n<link rel=\"canonical\" href=\"https:\/\/esei.uvigo.es\/es\/id-e-empresas\/como-colaborar\/\" \/>\n<meta property=\"og:locale\" content=\"es_ES\" \/>\n<meta property=\"og:type\" content=\"article\" \/>\n<meta property=\"og:title\" content=\"\u00bfC\u00f3mo colaborar? | Escola Superior de Enxe\u00f1ar\u00eda Inform\u00e1tica\" \/>\n<meta property=\"og:description\" content=\"Su empresa o instituci\u00f3n puede colaborar con la ESEI o con sus grupos de investigaci\u00f3n en diferentes \u00e1mbitos de inter\u00e9s: Investigaci\u00f3n, desarrollo e innovaci\u00f3n Si &hellip; Contin\u00faa\" \/>\n<meta property=\"og:url\" content=\"https:\/\/esei.uvigo.es\/es\/id-e-empresas\/como-colaborar\/\" \/>\n<meta property=\"og:site_name\" content=\"Escola Superior de Enxe\u00f1ar\u00eda Inform\u00e1tica\" \/>\n<meta property=\"article:modified_time\" content=\"2022-06-15T08:48:25+00:00\" \/>\n<meta name=\"twitter:card\" content=\"summary_large_image\" \/>\n<meta name=\"twitter:label1\" content=\"Tiempo de lectura\" \/>\n\t<meta name=\"twitter:data1\" content=\"1 minuto\" \/>\n<script type=\"application\/ld+json\" class=\"yoast-schema-graph\">{\"@context\":\"https:\\\/\\\/schema.org\",\"@graph\":[{\"@type\":\"WebPage\",\"@id\":\"https:\\\/\\\/esei.uvigo.es\\\/es\\\/id-e-empresas\\\/como-colaborar\\\/\",\"url\":\"https:\\\/\\\/esei.uvigo.es\\\/es\\\/id-e-empresas\\\/como-colaborar\\\/\",\"name\":\"\u00bfC\u00f3mo colaborar? | Escola Superior de Enxe\u00f1ar\u00eda Inform\u00e1tica\",\"isPartOf\":{\"@id\":\"https:\\\/\\\/esei.uvigo.es\\\/es\\\/#website\"},\"datePublished\":\"2019-02-06T12:26:00+00:00\",\"dateModified\":\"2022-06-15T08:48:25+00:00\",\"breadcrumb\":{\"@id\":\"https:\\\/\\\/esei.uvigo.es\\\/es\\\/id-e-empresas\\\/como-colaborar\\\/#breadcrumb\"},\"inLanguage\":\"es\",\"potentialAction\":[{\"@type\":\"ReadAction\",\"target\":[\"https:\\\/\\\/esei.uvigo.es\\\/es\\\/id-e-empresas\\\/como-colaborar\\\/\"]}]},{\"@type\":\"BreadcrumbList\",\"@id\":\"https:\\\/\\\/esei.uvigo.es\\\/es\\\/id-e-empresas\\\/como-colaborar\\\/#breadcrumb\",\"itemListElement\":[{\"@type\":\"ListItem\",\"position\":1,\"name\":\"Portada\",\"item\":\"https:\\\/\\\/esei.uvigo.es\\\/es\\\/\"},{\"@type\":\"ListItem\",\"position\":2,\"name\":\"I+D y empresas\",\"item\":\"https:\\\/\\\/esei.uvigo.es\\\/es\\\/id-e-empresas\\\/\"},{\"@type\":\"ListItem\",\"position\":3,\"name\":\"\u00bfC\u00f3mo colaborar?\"}]},{\"@type\":\"WebSite\",\"@id\":\"https:\\\/\\\/esei.uvigo.es\\\/es\\\/#website\",\"url\":\"https:\\\/\\\/esei.uvigo.es\\\/es\\\/\",\"name\":\"Escola Superior de Enxe\u00f1ar\u00eda Inform\u00e1tica\",\"description\":\"\",\"publisher\":{\"@id\":\"https:\\\/\\\/esei.uvigo.es\\\/es\\\/#organization\"},\"potentialAction\":[{\"@type\":\"SearchAction\",\"target\":{\"@type\":\"EntryPoint\",\"urlTemplate\":\"https:\\\/\\\/esei.uvigo.es\\\/es\\\/?s={search_term_string}\"},\"query-input\":{\"@type\":\"PropertyValueSpecification\",\"valueRequired\":true,\"valueName\":\"search_term_string\"}}],\"inLanguage\":\"es\"},{\"@type\":\"Organization\",\"@id\":\"https:\\\/\\\/esei.uvigo.es\\\/es\\\/#organization\",\"name\":\"Escola Superior de Enxe\u00f1ar\u00eda Inform\u00e1tica\",\"url\":\"https:\\\/\\\/esei.uvigo.es\\\/es\\\/\",\"logo\":{\"@type\":\"ImageObject\",\"inLanguage\":\"es\",\"@id\":\"https:\\\/\\\/esei.uvigo.es\\\/es\\\/#\\\/schema\\\/logo\\\/image\\\/\",\"url\":\"https:\\\/\\\/esei.uvigo.es\\\/wp-content\\\/uploads\\\/2019\\\/09\\\/esei.png\",\"contentUrl\":\"https:\\\/\\\/esei.uvigo.es\\\/wp-content\\\/uploads\\\/2019\\\/09\\\/esei.png\",\"width\":579,\"height\":98,\"caption\":\"Escola Superior de Enxe\u00f1ar\u00eda Inform\u00e1tica\"},\"image\":{\"@id\":\"https:\\\/\\\/esei.uvigo.es\\\/es\\\/#\\\/schema\\\/logo\\\/image\\\/\"}}]}<\/script>\n<!-- \/ Yoast SEO plugin. -->","yoast_head_json":{"title":"\u00bfC\u00f3mo colaborar? | Escola Superior de Enxe\u00f1ar\u00eda Inform\u00e1tica","robots":{"index":"index","follow":"follow","max-snippet":"max-snippet:-1","max-image-preview":"max-image-preview:large","max-video-preview":"max-video-preview:-1"},"canonical":"https:\/\/esei.uvigo.es\/es\/id-e-empresas\/como-colaborar\/","og_locale":"es_ES","og_type":"article","og_title":"\u00bfC\u00f3mo colaborar? | Escola Superior de Enxe\u00f1ar\u00eda Inform\u00e1tica","og_description":"Su empresa o instituci\u00f3n puede colaborar con la ESEI o con sus grupos de investigaci\u00f3n en diferentes \u00e1mbitos de inter\u00e9s: Investigaci\u00f3n, desarrollo e innovaci\u00f3n Si &hellip; Contin\u00faa","og_url":"https:\/\/esei.uvigo.es\/es\/id-e-empresas\/como-colaborar\/","og_site_name":"Escola Superior de Enxe\u00f1ar\u00eda Inform\u00e1tica","article_modified_time":"2022-06-15T08:48:25+00:00","twitter_card":"summary_large_image","twitter_misc":{"Tiempo de lectura":"1 minuto"},"schema":{"@context":"https:\/\/schema.org","@graph":[{"@type":"WebPage","@id":"https:\/\/esei.uvigo.es\/es\/id-e-empresas\/como-colaborar\/","url":"https:\/\/esei.uvigo.es\/es\/id-e-empresas\/como-colaborar\/","name":"\u00bfC\u00f3mo colaborar? | Escola Superior de Enxe\u00f1ar\u00eda Inform\u00e1tica","isPartOf":{"@id":"https:\/\/esei.uvigo.es\/es\/#website"},"datePublished":"2019-02-06T12:26:00+00:00","dateModified":"2022-06-15T08:48:25+00:00","breadcrumb":{"@id":"https:\/\/esei.uvigo.es\/es\/id-e-empresas\/como-colaborar\/#breadcrumb"},"inLanguage":"es","potentialAction":[{"@type":"ReadAction","target":["https:\/\/esei.uvigo.es\/es\/id-e-empresas\/como-colaborar\/"]}]},{"@type":"BreadcrumbList","@id":"https:\/\/esei.uvigo.es\/es\/id-e-empresas\/como-colaborar\/#breadcrumb","itemListElement":[{"@type":"ListItem","position":1,"name":"Portada","item":"https:\/\/esei.uvigo.es\/es\/"},{"@type":"ListItem","position":2,"name":"I+D y empresas","item":"https:\/\/esei.uvigo.es\/es\/id-e-empresas\/"},{"@type":"ListItem","position":3,"name":"\u00bfC\u00f3mo colaborar?"}]},{"@type":"WebSite","@id":"https:\/\/esei.uvigo.es\/es\/#website","url":"https:\/\/esei.uvigo.es\/es\/","name":"Escola Superior de Enxe\u00f1ar\u00eda Inform\u00e1tica","description":"","publisher":{"@id":"https:\/\/esei.uvigo.es\/es\/#organization"},"potentialAction":[{"@type":"SearchAction","target":{"@type":"EntryPoint","urlTemplate":"https:\/\/esei.uvigo.es\/es\/?s={search_term_string}"},"query-input":{"@type":"PropertyValueSpecification","valueRequired":true,"valueName":"search_term_string"}}],"inLanguage":"es"},{"@type":"Organization","@id":"https:\/\/esei.uvigo.es\/es\/#organization","name":"Escola Superior de Enxe\u00f1ar\u00eda Inform\u00e1tica","url":"https:\/\/esei.uvigo.es\/es\/","logo":{"@type":"ImageObject","inLanguage":"es","@id":"https:\/\/esei.uvigo.es\/es\/#\/schema\/logo\/image\/","url":"https:\/\/esei.uvigo.es\/wp-content\/uploads\/2019\/09\/esei.png","contentUrl":"https:\/\/esei.uvigo.es\/wp-content\/uploads\/2019\/09\/esei.png","width":579,"height":98,"caption":"Escola Superior de Enxe\u00f1ar\u00eda Inform\u00e1tica"},"image":{"@id":"https:\/\/esei.uvigo.es\/es\/#\/schema\/logo\/image\/"}}]}},"_links":{"self":[{"href":"https:\/\/esei.uvigo.es\/es\/wp-json\/wp\/v2\/pages\/22870","targetHints":{"allow":["GET"]}}],"collection":[{"href":"https:\/\/esei.uvigo.es\/es\/wp-json\/wp\/v2\/pages"}],"about":[{"href":"https:\/\/esei.uvigo.es\/es\/wp-json\/wp\/v2\/types\/page"}],"author":[{"embeddable":true,"href":"https:\/\/esei.uvigo.es\/es\/wp-json\/wp\/v2\/users\/1"}],"replies":[{"embeddable":true,"href":"https:\/\/esei.uvigo.es\/es\/wp-json\/wp\/v2\/comments?post=22870"}],"version-history":[{"count":6,"href":"https:\/\/esei.uvigo.es\/es\/wp-json\/wp\/v2\/pages\/22870\/revisions"}],"predecessor-version":[{"id":23514,"href":"https:\/\/esei.uvigo.es\/es\/wp-json\/wp\/v2\/pages\/22870\/revisions\/23514"}],"up":[{"embeddable":true,"href":"https:\/\/esei.uvigo.es\/es\/wp-json\/wp\/v2\/pages\/22869"}],"wp:attachment":[{"href":"https:\/\/esei.uvigo.es\/es\/wp-json\/wp\/v2\/media?parent=22870"}],"curies":[{"name":"wp","href":"https:\/\/api.w.org\/{rel}","templated":true}]}}