{"id":22866,"date":"2018-09-04T14:09:39","date_gmt":"2018-09-04T12:09:39","guid":{"rendered":"https:\/\/esei.uvigo.es\/estudos\/programa-conxunto-ade-ei\/"},"modified":"2025-06-04T13:39:02","modified_gmt":"2025-06-04T11:39:02","slug":"programa-conxunto-ade-ei","status":"publish","type":"page","link":"https:\/\/esei.uvigo.es\/es\/estudos\/programa-conxunto-ade-ei\/","title":{"rendered":"Programa Conjunto ADE + EI"},"content":{"rendered":"<p>La configuraci\u00f3n de los nuevos grados universitarios que cuentan con una menor duraci\u00f3n y con una estructura acad\u00e9mica m\u00e1s flexible que las viejas licenciaturas, facilitan que se pueda simultanear estudios de dos carreras y conseguir ambos t\u00edtulos en apenas seis a\u00f1os, contando con un profundo conocimiento tanto de Administraci\u00f3n de Direcci\u00f3n de Empresas (ADE) como de Ingenier\u00eda Inform\u00e1tica (EI).<\/p>\n<p>Esta formaci\u00f3n combinada responde a una demanda muy concreta del tejido empresarial actual, que busca profesionales que sepan desarrollarse simult\u00e1neamente entre las decisiones empresariales y las decisiones relacionadas con las inversiones y su desarrollo en el \u00e1mbito de las TIC. Es por eso que la confluencia en una misma persona de conocimientos relacionados con la gesti\u00f3n de empresas y con las t\u00e9cnicas de las tecnolog\u00edas de la informaci\u00f3n resulta muy atractivo para las organizaciones.<\/p>\n<p>As\u00ed, a la vista de la gran demanda existente y teniendo como objetivo principal ofrecer alternativas de formaci\u00f3n que mejoren la oferta disponible, las Facultades de Ciencias Empresariales y Turismo y la Escuela Superior de Ingenier\u00eda Inform\u00e1tica hacen posible que un estudiante pueda cursar de forma simult\u00e1nea los estudios de Grado de Administraci\u00f3n de Empresas y Grado en Ingenier\u00eda Inform\u00e1tica en el campus de Ourense, pudiendo, con la ilusi\u00f3n, el esfuerzo y el buen hacer de los propios estudiantes as\u00ed como del personal docente, conseguir la formaci\u00f3n necesaria y los t\u00edtulos que lo acreditan en tan s\u00f3lo 12 cuatrimestres.<\/p>\n<p><strong>Coordinadora<\/strong>: <a href=\"https:\/\/esei.uvigo.es\/centro\/profesorado\/lorenzo-iglesias-eva-maria\/\" target=\"_blank\" rel=\"noopener noreferrer\">Eva Mar\u00eda Lorenzo Iglesias<\/a><\/p>\n<p><strong>N\u00ba plazas nuevo ingreso para el curso 2025\/26:<\/strong> 6<\/p>\n<p><strong>Lenguas de impartici\u00f3n<\/strong>: Castellano, gallego<\/p>\n<ul class=\"list-peak\">\n<li><a href=\"https:\/\/esei.uvigo.es\/documentos\/pceo-ade-ei-normativa\/\" target=\"_blank\" rel=\"noopener noreferrer\">Normativa del PCEO de la Universidade de Vigo<\/a><\/li>\n<\/ul>\n<p>PLAN ESTUDIOS 2016 (a extinguir)<\/p>\n<ul class=\"list-peak\">\n<li><a href=\"https:\/\/esei.uvigo.es\/documentos\/pceo-ade-ei-memoria\/\" target=\"_blank\" rel=\"noopener noreferrer\">Memoria del PCEO 2016 (a extinguir)<\/a><\/li>\n<li><a href=\"https:\/\/esei.uvigo.es\/documentos\/pceo-ade-ei-estructura-do-plano-de-estudios\/\" target=\"_blank\" rel=\"noopener noreferrer\">Estructura del plan de estudios 2016 (a extinguir)<\/a><\/li>\n<\/ul>\n<p>PLAN ESTUDIOS IMPLANTADO DESDE EL CURSO 2020-21<\/p>\n<ul class=\"list-peak\">\n<li><a href=\"https:\/\/esei.uvigo.es\/documentos\/pceo-ade-ei-memoria-2020-21\/\" target=\"_blank\" rel=\"noopener noreferrer\">Memoria del PCEO 2020-21<\/a><\/li>\n<li><a href=\"https:\/\/esei.uvigo.es\/documentos\/pceo-ade-ei-estructura-do-plano-de-estudios-2020-21\/\" target=\"_blank\" rel=\"noopener noreferrer\">Estructura del nuevo plan de estudios 2020-21<\/a><\/li>\n<\/ul>\n<h2>Inter\u00e9s formativo<\/h2>\n<p>El doble grado en Administraci\u00f3n y Direcci\u00f3n de Empresas e Ingenier\u00eda Inform\u00e1tica permite multiplicar las posibilidades laborales de los\/las estudiantes al ser capaces de enfrentarse de manera resolutiva a los retos que se les presentan a las empresas y las organizaciones en la sociedad de la informaci\u00f3n.<\/p>\n<p>Los\/las estudiantes, por una parte podr\u00e1n convertirse en expertos en las metodolog\u00edas y tecnolog\u00edas de desarrollo de software, contando con una visi\u00f3n global del sector y con las competencias necesarias para dise\u00f1ar, gestionar e integrar sistemas de informaci\u00f3n; aplicaciones y redes en empresas o productos de software de calidad. Asimismo, tendr\u00e1n las competencias profesionales necesarias para integrar y potenciar el uso de las TIC en la gesti\u00f3n empresarial. Pola otra banda, el alumnado aprender\u00e1 a planificar, organizar, dirigir y poner en marcha proyectos empresariales, gestionando los recursos (humanos, financieros, y tecnol\u00f3gicos) con eficiencia econ\u00f3mica.<\/p>\n<p>As\u00ed, esta doble visi\u00f3n les permitir\u00e1 realizar una excelente gesti\u00f3n de los recursos y ser uno de los perfiles m\u00e1s demandados por las empresas.<\/p>\n<h2>\u00bfPor qu\u00e9 cursar un doble grao?<\/h2>\n<p>La realizaci\u00f3n de este doble grado permite que, en tan s\u00f3lo seis a\u00f1os, el alumnado pueda obtener dos t\u00edtulos oficiales: Graduado\/a en Administraci\u00f3n y Direcci\u00f3n de Empresas y Graduado\/a en Ingenier\u00eda Inform\u00e1tica.<\/p>\n<p>Con esta doble titulaci\u00f3n los\/las estudiantes contar\u00e1n con una formaci\u00f3n vers\u00e1til que favorecer\u00e1 su inserci\u00f3n en el mercado laboral gracias a la adquisici\u00f3n de conocimientos que les permitir\u00e1n llevar a cabo labores tanto en el campo empresarial como en el de la inform\u00e1tica; o en puestos en los que la combinaci\u00f3n de ambos campos es especialmente necesaria y valorada.<\/p>\n<h2>Objetivo<\/h2>\n<p>El objetivo de este grado es formar profesionales capaces de optimizar los procesos empresariales a trav\u00e9s de las tecnolog\u00edas de la informaci\u00f3n; conocedores de las diferentes \u00e1reas empresariales, de su gesti\u00f3n y de la interrelaci\u00f3n existente entre ellas; que dominen la gesti\u00f3n y explotaci\u00f3n de sistemas de informaci\u00f3n; y que sean capaces de comprender, aplicar y extraer el potencial de las Tics.<\/p>\n<h2>A qui\u00e9n se dirige<\/h2>\n<p>El doble grado ADE &#8211; Ingenier\u00eda Inform\u00e1tica se orienta a personas que tengan una especial sensibilidad por el desarrollo empresarial y la iniciativa personal para crear y liderar negocios que sean capaces de generar riqueza y empleo. Asimismo, los\/las futuros estudiantes deber\u00e1n de contar con capacidad anal\u00edtica y de razonamiento; ser personas organizadas y perseverantes en el estudio; que les guste investigar y resolver problemas; y que se sientan atra\u00eddos por las nuevas tecnolog\u00edas enfocadas hacia el desarrollo de proyectos empresariales.<\/p>\n<p>As\u00ed, este doble grado est\u00e1 pensado para personas con inquietudes tanto en el \u00e1mbito empresarial como en el de la inform\u00e1tica.<\/p>\n<h2>Salidas laborales<\/h2>\n<p>Las salidas profesionales que ofrece la simultaneidad ADE &#8211; EI son m\u00faltiples ya que ambas titulaciones forman un amplio abanico de posibilidades laborales. Los\/las estudiantes podr\u00e1n orientar su carrera profesional tanto hacia el \u00e1mbito empresarial como al de la ingenier\u00eda inform\u00e1tica, as\u00ed como a aquellos puestos en los que la combinaci\u00f3n de competencias de los dos campos es especialmente necesaria y valorada. Entre las principales y m\u00e1s habituales salidas profesionales de estas titulaciones destacan: la auditor\u00eda, la consultor\u00eda, las finanzas, el marketing, la banca o los servicios financieros, la creaci\u00f3n de empresas, el dise\u00f1o y desarrollo de software, el desarrollo de pol\u00edticas y tecnolog\u00edas de seguridad en las redes y en los sistemas de informaci\u00f3n, la gesti\u00f3n de redes de comunicaci\u00f3n, la direcci\u00f3n de proyectos, etc.<\/p>\n","protected":false},"excerpt":{"rendered":"<p>La configuraci\u00f3n de los nuevos grados universitarios que cuentan con una menor duraci\u00f3n y con una estructura acad\u00e9mica m\u00e1s flexible que las viejas licenciaturas, facilitan &hellip; <a class=\"excerpt_more\" href=\"https:\/\/esei.uvigo.es\/es\/estudos\/programa-conxunto-ade-ei\/\">Contin\u00faa<\/a><\/p>\n","protected":false},"author":10,"featured_media":0,"parent":22841,"menu_order":17,"comment_status":"closed","ping_status":"closed","template":"","meta":{"_acf_changed":false,"footnotes":""},"class_list":["post-22866","page","type-page","status-publish","hentry"],"acf":[],"yoast_head":"<!-- This site is optimized with the Yoast SEO plugin v27.6 - https:\/\/yoast.com\/product\/yoast-seo-wordpress\/ -->\n<title>Programa Conjunto ADE + EI | Escola Superior de Enxe\u00f1ar\u00eda Inform\u00e1tica<\/title>\n<meta name=\"robots\" content=\"index, follow, max-snippet:-1, max-image-preview:large, max-video-preview:-1\" \/>\n<link rel=\"canonical\" href=\"https:\/\/esei.uvigo.es\/es\/estudos\/programa-conxunto-ade-ei\/\" \/>\n<meta property=\"og:locale\" content=\"es_ES\" \/>\n<meta property=\"og:type\" content=\"article\" \/>\n<meta property=\"og:title\" content=\"Programa Conjunto ADE + EI | Escola Superior de Enxe\u00f1ar\u00eda Inform\u00e1tica\" \/>\n<meta property=\"og:description\" content=\"La configuraci\u00f3n de los nuevos grados universitarios que cuentan con una menor duraci\u00f3n y con una estructura acad\u00e9mica m\u00e1s flexible que las viejas licenciaturas, facilitan &hellip; Contin\u00faa\" \/>\n<meta property=\"og:url\" content=\"https:\/\/esei.uvigo.es\/es\/estudos\/programa-conxunto-ade-ei\/\" \/>\n<meta property=\"og:site_name\" content=\"Escola Superior de Enxe\u00f1ar\u00eda Inform\u00e1tica\" \/>\n<meta property=\"article:modified_time\" content=\"2025-06-04T11:39:02+00:00\" \/>\n<meta name=\"twitter:card\" content=\"summary_large_image\" \/>\n<meta name=\"twitter:label1\" content=\"Tiempo de lectura\" \/>\n\t<meta name=\"twitter:data1\" content=\"4 minutos\" \/>\n<script type=\"application\/ld+json\" class=\"yoast-schema-graph\">{\"@context\":\"https:\\\/\\\/schema.org\",\"@graph\":[{\"@type\":\"WebPage\",\"@id\":\"https:\\\/\\\/esei.uvigo.es\\\/es\\\/estudos\\\/programa-conxunto-ade-ei\\\/\",\"url\":\"https:\\\/\\\/esei.uvigo.es\\\/es\\\/estudos\\\/programa-conxunto-ade-ei\\\/\",\"name\":\"Programa Conjunto ADE + EI | Escola Superior de Enxe\u00f1ar\u00eda Inform\u00e1tica\",\"isPartOf\":{\"@id\":\"https:\\\/\\\/esei.uvigo.es\\\/es\\\/#website\"},\"datePublished\":\"2018-09-04T12:09:39+00:00\",\"dateModified\":\"2025-06-04T11:39:02+00:00\",\"breadcrumb\":{\"@id\":\"https:\\\/\\\/esei.uvigo.es\\\/es\\\/estudos\\\/programa-conxunto-ade-ei\\\/#breadcrumb\"},\"inLanguage\":\"es\",\"potentialAction\":[{\"@type\":\"ReadAction\",\"target\":[\"https:\\\/\\\/esei.uvigo.es\\\/es\\\/estudos\\\/programa-conxunto-ade-ei\\\/\"]}]},{\"@type\":\"BreadcrumbList\",\"@id\":\"https:\\\/\\\/esei.uvigo.es\\\/es\\\/estudos\\\/programa-conxunto-ade-ei\\\/#breadcrumb\",\"itemListElement\":[{\"@type\":\"ListItem\",\"position\":1,\"name\":\"Portada\",\"item\":\"https:\\\/\\\/esei.uvigo.es\\\/es\\\/\"},{\"@type\":\"ListItem\",\"position\":2,\"name\":\"Estudios\",\"item\":\"https:\\\/\\\/esei.uvigo.es\\\/es\\\/estudos\\\/\"},{\"@type\":\"ListItem\",\"position\":3,\"name\":\"Programa Conjunto ADE + EI\"}]},{\"@type\":\"WebSite\",\"@id\":\"https:\\\/\\\/esei.uvigo.es\\\/es\\\/#website\",\"url\":\"https:\\\/\\\/esei.uvigo.es\\\/es\\\/\",\"name\":\"Escola Superior de Enxe\u00f1ar\u00eda Inform\u00e1tica\",\"description\":\"\",\"publisher\":{\"@id\":\"https:\\\/\\\/esei.uvigo.es\\\/es\\\/#organization\"},\"potentialAction\":[{\"@type\":\"SearchAction\",\"target\":{\"@type\":\"EntryPoint\",\"urlTemplate\":\"https:\\\/\\\/esei.uvigo.es\\\/es\\\/?s={search_term_string}\"},\"query-input\":{\"@type\":\"PropertyValueSpecification\",\"valueRequired\":true,\"valueName\":\"search_term_string\"}}],\"inLanguage\":\"es\"},{\"@type\":\"Organization\",\"@id\":\"https:\\\/\\\/esei.uvigo.es\\\/es\\\/#organization\",\"name\":\"Escola Superior de Enxe\u00f1ar\u00eda Inform\u00e1tica\",\"url\":\"https:\\\/\\\/esei.uvigo.es\\\/es\\\/\",\"logo\":{\"@type\":\"ImageObject\",\"inLanguage\":\"es\",\"@id\":\"https:\\\/\\\/esei.uvigo.es\\\/es\\\/#\\\/schema\\\/logo\\\/image\\\/\",\"url\":\"https:\\\/\\\/esei.uvigo.es\\\/wp-content\\\/uploads\\\/2019\\\/09\\\/esei.png\",\"contentUrl\":\"https:\\\/\\\/esei.uvigo.es\\\/wp-content\\\/uploads\\\/2019\\\/09\\\/esei.png\",\"width\":579,\"height\":98,\"caption\":\"Escola Superior de Enxe\u00f1ar\u00eda Inform\u00e1tica\"},\"image\":{\"@id\":\"https:\\\/\\\/esei.uvigo.es\\\/es\\\/#\\\/schema\\\/logo\\\/image\\\/\"}}]}<\/script>\n<!-- \/ Yoast SEO plugin. -->","yoast_head_json":{"title":"Programa Conjunto ADE + EI | Escola Superior de Enxe\u00f1ar\u00eda Inform\u00e1tica","robots":{"index":"index","follow":"follow","max-snippet":"max-snippet:-1","max-image-preview":"max-image-preview:large","max-video-preview":"max-video-preview:-1"},"canonical":"https:\/\/esei.uvigo.es\/es\/estudos\/programa-conxunto-ade-ei\/","og_locale":"es_ES","og_type":"article","og_title":"Programa Conjunto ADE + EI | Escola Superior de Enxe\u00f1ar\u00eda Inform\u00e1tica","og_description":"La configuraci\u00f3n de los nuevos grados universitarios que cuentan con una menor duraci\u00f3n y con una estructura acad\u00e9mica m\u00e1s flexible que las viejas licenciaturas, facilitan &hellip; Contin\u00faa","og_url":"https:\/\/esei.uvigo.es\/es\/estudos\/programa-conxunto-ade-ei\/","og_site_name":"Escola Superior de Enxe\u00f1ar\u00eda Inform\u00e1tica","article_modified_time":"2025-06-04T11:39:02+00:00","twitter_card":"summary_large_image","twitter_misc":{"Tiempo de lectura":"4 minutos"},"schema":{"@context":"https:\/\/schema.org","@graph":[{"@type":"WebPage","@id":"https:\/\/esei.uvigo.es\/es\/estudos\/programa-conxunto-ade-ei\/","url":"https:\/\/esei.uvigo.es\/es\/estudos\/programa-conxunto-ade-ei\/","name":"Programa Conjunto ADE + EI | Escola Superior de Enxe\u00f1ar\u00eda Inform\u00e1tica","isPartOf":{"@id":"https:\/\/esei.uvigo.es\/es\/#website"},"datePublished":"2018-09-04T12:09:39+00:00","dateModified":"2025-06-04T11:39:02+00:00","breadcrumb":{"@id":"https:\/\/esei.uvigo.es\/es\/estudos\/programa-conxunto-ade-ei\/#breadcrumb"},"inLanguage":"es","potentialAction":[{"@type":"ReadAction","target":["https:\/\/esei.uvigo.es\/es\/estudos\/programa-conxunto-ade-ei\/"]}]},{"@type":"BreadcrumbList","@id":"https:\/\/esei.uvigo.es\/es\/estudos\/programa-conxunto-ade-ei\/#breadcrumb","itemListElement":[{"@type":"ListItem","position":1,"name":"Portada","item":"https:\/\/esei.uvigo.es\/es\/"},{"@type":"ListItem","position":2,"name":"Estudios","item":"https:\/\/esei.uvigo.es\/es\/estudos\/"},{"@type":"ListItem","position":3,"name":"Programa Conjunto ADE + EI"}]},{"@type":"WebSite","@id":"https:\/\/esei.uvigo.es\/es\/#website","url":"https:\/\/esei.uvigo.es\/es\/","name":"Escola Superior de Enxe\u00f1ar\u00eda Inform\u00e1tica","description":"","publisher":{"@id":"https:\/\/esei.uvigo.es\/es\/#organization"},"potentialAction":[{"@type":"SearchAction","target":{"@type":"EntryPoint","urlTemplate":"https:\/\/esei.uvigo.es\/es\/?s={search_term_string}"},"query-input":{"@type":"PropertyValueSpecification","valueRequired":true,"valueName":"search_term_string"}}],"inLanguage":"es"},{"@type":"Organization","@id":"https:\/\/esei.uvigo.es\/es\/#organization","name":"Escola Superior de Enxe\u00f1ar\u00eda Inform\u00e1tica","url":"https:\/\/esei.uvigo.es\/es\/","logo":{"@type":"ImageObject","inLanguage":"es","@id":"https:\/\/esei.uvigo.es\/es\/#\/schema\/logo\/image\/","url":"https:\/\/esei.uvigo.es\/wp-content\/uploads\/2019\/09\/esei.png","contentUrl":"https:\/\/esei.uvigo.es\/wp-content\/uploads\/2019\/09\/esei.png","width":579,"height":98,"caption":"Escola Superior de Enxe\u00f1ar\u00eda Inform\u00e1tica"},"image":{"@id":"https:\/\/esei.uvigo.es\/es\/#\/schema\/logo\/image\/"}}]}},"_links":{"self":[{"href":"https:\/\/esei.uvigo.es\/es\/wp-json\/wp\/v2\/pages\/22866","targetHints":{"allow":["GET"]}}],"collection":[{"href":"https:\/\/esei.uvigo.es\/es\/wp-json\/wp\/v2\/pages"}],"about":[{"href":"https:\/\/esei.uvigo.es\/es\/wp-json\/wp\/v2\/types\/page"}],"author":[{"embeddable":true,"href":"https:\/\/esei.uvigo.es\/es\/wp-json\/wp\/v2\/users\/10"}],"replies":[{"embeddable":true,"href":"https:\/\/esei.uvigo.es\/es\/wp-json\/wp\/v2\/comments?post=22866"}],"version-history":[{"count":9,"href":"https:\/\/esei.uvigo.es\/es\/wp-json\/wp\/v2\/pages\/22866\/revisions"}],"predecessor-version":[{"id":28637,"href":"https:\/\/esei.uvigo.es\/es\/wp-json\/wp\/v2\/pages\/22866\/revisions\/28637"}],"up":[{"embeddable":true,"href":"https:\/\/esei.uvigo.es\/es\/wp-json\/wp\/v2\/pages\/22841"}],"wp:attachment":[{"href":"https:\/\/esei.uvigo.es\/es\/wp-json\/wp\/v2\/media?parent=22866"}],"curies":[{"name":"wp","href":"https:\/\/api.w.org\/{rel}","templated":true}]}}