{"id":22865,"date":"2019-02-08T10:29:43","date_gmt":"2019-02-08T09:29:43","guid":{"rendered":"https:\/\/esei.uvigo.es\/estudos\/master-universitario-en-enxenaria-informatica\/transferencia-e-reconecemento-de-creditos\/"},"modified":"2026-03-12T18:28:30","modified_gmt":"2026-03-12T17:28:30","slug":"transferencia-e-reconecemento-de-creditos","status":"publish","type":"page","link":"https:\/\/esei.uvigo.es\/es\/estudos\/master-universitario-en-enxenaria-informatica\/transferencia-e-reconecemento-de-creditos\/","title":{"rendered":"Reconocimiento de cr\u00e9ditos y adaptaciones"},"content":{"rendered":"<p>El Consejo de Gobierno de la Universidad de Vigo aprob\u00f3 en su sesi\u00f3n del 25\/06\/2025 el Reglamento de reconocimiento y transferencia de cr\u00e9ditos acad\u00e9micos en las titulaciones oficiales de grado y de m\u00e1ster de la Universidade de Vigo\u00bb (<a href=\"https:\/\/secretaria.uvigo.gal\/uv\/web\/normativa\/public\/show\/681\" target=\"_blank\" rel=\"noopener\">ver m\u00e1s<\/a>).<\/p>\n<p>Este reglamento tiene por objeto establecer la normativa aplicable al reconocimiento y a la transferencia de cr\u00e9ditos en las ense\u00f1anzas oficiales de grado y de m\u00e1ster universitario en la Universidade de Vigo, de acuerdo con lo previsto en el Real decreto 822\/2021, de 28 de septiembre, por lo que se establece la organizaci\u00f3n de las ense\u00f1anzas universitarias y del procedimiento de aseguramiento de su calidad.<\/p>\n<p>El n\u00famero de cr\u00e9ditos que sean objeto de reconocimiento a partir de experiencia profesional o laboral y de ense\u00f1anzas universitarias no oficiales no podr\u00e1 ser superior, en su conjunto, al 15 por ciento del total de cr\u00e9ditos que constituyen el plan de estudios.<\/p>\n<p>No obstante lo anterior, los cr\u00e9ditos procedentes de t\u00edtulos propios podr\u00e1n, excepcionalmente, ser objeto de reconocimiento en un porcentaje superior al se\u00f1alado en el p\u00e1rrafo anterior o, en su caso, ser objeto de reconocimientos en su totalidad (excepto el TFM) siempre que el correspondiente t\u00edtulo propio haya sido extinguido y sustituido por un t\u00edtulo oficial.<\/p>\n<p>Las pr\u00e1cticas profesionales podr\u00e1n ser reconocidas por experiencia profesional del alumno siempre que se acredite un per\u00edodo m\u00ednimo de 225 horas. La Comisi\u00f3n Acad\u00e9mica ser\u00e1 la encargada de evaluar si la experiencia profesional es reconocible por la asignatura en funci\u00f3n de las actividades desarrolladas durante la misma.<\/p>\n<p>Del mismo modo, la asignatura Pr\u00e1cticas profesionales podr\u00e1 ser reconocida por pr\u00e1cticas extracurriculares que el estudiantado haya realizado, siempre y cuando el programa formativo de estas \u00faltimas se ajuste a las competencias de la materia y el n\u00famero de horas de \u00e9stas sea superior a 225. La Comisi\u00f3n Acad\u00e9mica evaluar\u00e1 la adecuaci\u00f3n a los criterios de las peticiones de adaptaci\u00f3n.<\/p>\n<p><strong>Reconocimiento de cr\u00e9ditos en la Menci\u00f3n Dual<\/strong><br \/>\nDe forma general, no podr\u00e1n ser reconocidos los cr\u00e9ditos que componen la Menci\u00f3n Dual, a cursar en la entidad colaboradora, por actividades laborales o por pr\u00e1cticas acad\u00e9micas externas realizadas previamente, salvo en el caso espec\u00edfico de reconocimiento de la asignatura de pr\u00e1cticas profesionales (9 ECTS).<\/p>\n","protected":false},"excerpt":{"rendered":"<p>El Consejo de Gobierno de la Universidad de Vigo aprob\u00f3 en su sesi\u00f3n del 25\/06\/2025 el Reglamento de reconocimiento y transferencia de cr\u00e9ditos acad\u00e9micos en &hellip; <a class=\"excerpt_more\" href=\"https:\/\/esei.uvigo.es\/es\/estudos\/master-universitario-en-enxenaria-informatica\/transferencia-e-reconecemento-de-creditos\/\">Contin\u00faa<\/a><\/p>\n","protected":false},"author":10,"featured_media":0,"parent":22852,"menu_order":41,"comment_status":"closed","ping_status":"closed","template":"","meta":{"_acf_changed":false,"footnotes":""},"class_list":["post-22865","page","type-page","status-publish","hentry"],"acf":[],"yoast_head":"<!-- This site is optimized with the Yoast SEO plugin v27.6 - https:\/\/yoast.com\/product\/yoast-seo-wordpress\/ -->\n<title>Reconocimiento de cr\u00e9ditos y adaptaciones | Escola Superior de Enxe\u00f1ar\u00eda Inform\u00e1tica<\/title>\n<meta name=\"robots\" content=\"index, follow, max-snippet:-1, max-image-preview:large, max-video-preview:-1\" \/>\n<link rel=\"canonical\" href=\"https:\/\/esei.uvigo.es\/es\/estudos\/master-universitario-en-enxenaria-informatica\/transferencia-e-reconecemento-de-creditos\/\" \/>\n<meta property=\"og:locale\" content=\"es_ES\" \/>\n<meta property=\"og:type\" content=\"article\" \/>\n<meta property=\"og:title\" content=\"Reconocimiento de cr\u00e9ditos y adaptaciones | Escola Superior de Enxe\u00f1ar\u00eda Inform\u00e1tica\" \/>\n<meta property=\"og:description\" content=\"El Consejo de Gobierno de la Universidad de Vigo aprob\u00f3 en su sesi\u00f3n del 25\/06\/2025 el Reglamento de reconocimiento y transferencia de cr\u00e9ditos acad\u00e9micos en &hellip; Contin\u00faa\" \/>\n<meta property=\"og:url\" content=\"https:\/\/esei.uvigo.es\/es\/estudos\/master-universitario-en-enxenaria-informatica\/transferencia-e-reconecemento-de-creditos\/\" \/>\n<meta property=\"og:site_name\" content=\"Escola Superior de Enxe\u00f1ar\u00eda Inform\u00e1tica\" \/>\n<meta property=\"article:modified_time\" content=\"2026-03-12T17:28:30+00:00\" \/>\n<meta name=\"twitter:card\" content=\"summary_large_image\" \/>\n<meta name=\"twitter:label1\" content=\"Tiempo de lectura\" \/>\n\t<meta name=\"twitter:data1\" content=\"2 minutos\" \/>\n<script type=\"application\/ld+json\" class=\"yoast-schema-graph\">{\"@context\":\"https:\\\/\\\/schema.org\",\"@graph\":[{\"@type\":\"WebPage\",\"@id\":\"https:\\\/\\\/esei.uvigo.es\\\/es\\\/estudos\\\/master-universitario-en-enxenaria-informatica\\\/transferencia-e-reconecemento-de-creditos\\\/\",\"url\":\"https:\\\/\\\/esei.uvigo.es\\\/es\\\/estudos\\\/master-universitario-en-enxenaria-informatica\\\/transferencia-e-reconecemento-de-creditos\\\/\",\"name\":\"Reconocimiento de cr\u00e9ditos y adaptaciones | Escola Superior de Enxe\u00f1ar\u00eda Inform\u00e1tica\",\"isPartOf\":{\"@id\":\"https:\\\/\\\/esei.uvigo.es\\\/es\\\/#website\"},\"datePublished\":\"2019-02-08T09:29:43+00:00\",\"dateModified\":\"2026-03-12T17:28:30+00:00\",\"breadcrumb\":{\"@id\":\"https:\\\/\\\/esei.uvigo.es\\\/es\\\/estudos\\\/master-universitario-en-enxenaria-informatica\\\/transferencia-e-reconecemento-de-creditos\\\/#breadcrumb\"},\"inLanguage\":\"es\",\"potentialAction\":[{\"@type\":\"ReadAction\",\"target\":[\"https:\\\/\\\/esei.uvigo.es\\\/es\\\/estudos\\\/master-universitario-en-enxenaria-informatica\\\/transferencia-e-reconecemento-de-creditos\\\/\"]}]},{\"@type\":\"BreadcrumbList\",\"@id\":\"https:\\\/\\\/esei.uvigo.es\\\/es\\\/estudos\\\/master-universitario-en-enxenaria-informatica\\\/transferencia-e-reconecemento-de-creditos\\\/#breadcrumb\",\"itemListElement\":[{\"@type\":\"ListItem\",\"position\":1,\"name\":\"Portada\",\"item\":\"https:\\\/\\\/esei.uvigo.es\\\/es\\\/\"},{\"@type\":\"ListItem\",\"position\":2,\"name\":\"Estudios\",\"item\":\"https:\\\/\\\/esei.uvigo.es\\\/es\\\/estudos\\\/\"},{\"@type\":\"ListItem\",\"position\":3,\"name\":\"M\u00e1ster Universitario en Ingenier\u00eda Inform\u00e1tica\",\"item\":\"https:\\\/\\\/esei.uvigo.es\\\/es\\\/estudos\\\/master-universitario-en-enxenaria-informatica\\\/\"},{\"@type\":\"ListItem\",\"position\":4,\"name\":\"Reconocimiento de cr\u00e9ditos y adaptaciones\"}]},{\"@type\":\"WebSite\",\"@id\":\"https:\\\/\\\/esei.uvigo.es\\\/es\\\/#website\",\"url\":\"https:\\\/\\\/esei.uvigo.es\\\/es\\\/\",\"name\":\"Escola Superior de Enxe\u00f1ar\u00eda Inform\u00e1tica\",\"description\":\"\",\"publisher\":{\"@id\":\"https:\\\/\\\/esei.uvigo.es\\\/es\\\/#organization\"},\"potentialAction\":[{\"@type\":\"SearchAction\",\"target\":{\"@type\":\"EntryPoint\",\"urlTemplate\":\"https:\\\/\\\/esei.uvigo.es\\\/es\\\/?s={search_term_string}\"},\"query-input\":{\"@type\":\"PropertyValueSpecification\",\"valueRequired\":true,\"valueName\":\"search_term_string\"}}],\"inLanguage\":\"es\"},{\"@type\":\"Organization\",\"@id\":\"https:\\\/\\\/esei.uvigo.es\\\/es\\\/#organization\",\"name\":\"Escola Superior de Enxe\u00f1ar\u00eda Inform\u00e1tica\",\"url\":\"https:\\\/\\\/esei.uvigo.es\\\/es\\\/\",\"logo\":{\"@type\":\"ImageObject\",\"inLanguage\":\"es\",\"@id\":\"https:\\\/\\\/esei.uvigo.es\\\/es\\\/#\\\/schema\\\/logo\\\/image\\\/\",\"url\":\"https:\\\/\\\/esei.uvigo.es\\\/wp-content\\\/uploads\\\/2019\\\/09\\\/esei.png\",\"contentUrl\":\"https:\\\/\\\/esei.uvigo.es\\\/wp-content\\\/uploads\\\/2019\\\/09\\\/esei.png\",\"width\":579,\"height\":98,\"caption\":\"Escola Superior de Enxe\u00f1ar\u00eda Inform\u00e1tica\"},\"image\":{\"@id\":\"https:\\\/\\\/esei.uvigo.es\\\/es\\\/#\\\/schema\\\/logo\\\/image\\\/\"}}]}<\/script>\n<!-- \/ Yoast SEO plugin. -->","yoast_head_json":{"title":"Reconocimiento de cr\u00e9ditos y adaptaciones | Escola Superior de Enxe\u00f1ar\u00eda Inform\u00e1tica","robots":{"index":"index","follow":"follow","max-snippet":"max-snippet:-1","max-image-preview":"max-image-preview:large","max-video-preview":"max-video-preview:-1"},"canonical":"https:\/\/esei.uvigo.es\/es\/estudos\/master-universitario-en-enxenaria-informatica\/transferencia-e-reconecemento-de-creditos\/","og_locale":"es_ES","og_type":"article","og_title":"Reconocimiento de cr\u00e9ditos y adaptaciones | Escola Superior de Enxe\u00f1ar\u00eda Inform\u00e1tica","og_description":"El Consejo de Gobierno de la Universidad de Vigo aprob\u00f3 en su sesi\u00f3n del 25\/06\/2025 el Reglamento de reconocimiento y transferencia de cr\u00e9ditos acad\u00e9micos en &hellip; Contin\u00faa","og_url":"https:\/\/esei.uvigo.es\/es\/estudos\/master-universitario-en-enxenaria-informatica\/transferencia-e-reconecemento-de-creditos\/","og_site_name":"Escola Superior de Enxe\u00f1ar\u00eda Inform\u00e1tica","article_modified_time":"2026-03-12T17:28:30+00:00","twitter_card":"summary_large_image","twitter_misc":{"Tiempo de lectura":"2 minutos"},"schema":{"@context":"https:\/\/schema.org","@graph":[{"@type":"WebPage","@id":"https:\/\/esei.uvigo.es\/es\/estudos\/master-universitario-en-enxenaria-informatica\/transferencia-e-reconecemento-de-creditos\/","url":"https:\/\/esei.uvigo.es\/es\/estudos\/master-universitario-en-enxenaria-informatica\/transferencia-e-reconecemento-de-creditos\/","name":"Reconocimiento de cr\u00e9ditos y adaptaciones | Escola Superior de Enxe\u00f1ar\u00eda Inform\u00e1tica","isPartOf":{"@id":"https:\/\/esei.uvigo.es\/es\/#website"},"datePublished":"2019-02-08T09:29:43+00:00","dateModified":"2026-03-12T17:28:30+00:00","breadcrumb":{"@id":"https:\/\/esei.uvigo.es\/es\/estudos\/master-universitario-en-enxenaria-informatica\/transferencia-e-reconecemento-de-creditos\/#breadcrumb"},"inLanguage":"es","potentialAction":[{"@type":"ReadAction","target":["https:\/\/esei.uvigo.es\/es\/estudos\/master-universitario-en-enxenaria-informatica\/transferencia-e-reconecemento-de-creditos\/"]}]},{"@type":"BreadcrumbList","@id":"https:\/\/esei.uvigo.es\/es\/estudos\/master-universitario-en-enxenaria-informatica\/transferencia-e-reconecemento-de-creditos\/#breadcrumb","itemListElement":[{"@type":"ListItem","position":1,"name":"Portada","item":"https:\/\/esei.uvigo.es\/es\/"},{"@type":"ListItem","position":2,"name":"Estudios","item":"https:\/\/esei.uvigo.es\/es\/estudos\/"},{"@type":"ListItem","position":3,"name":"M\u00e1ster Universitario en Ingenier\u00eda Inform\u00e1tica","item":"https:\/\/esei.uvigo.es\/es\/estudos\/master-universitario-en-enxenaria-informatica\/"},{"@type":"ListItem","position":4,"name":"Reconocimiento de cr\u00e9ditos y adaptaciones"}]},{"@type":"WebSite","@id":"https:\/\/esei.uvigo.es\/es\/#website","url":"https:\/\/esei.uvigo.es\/es\/","name":"Escola Superior de Enxe\u00f1ar\u00eda Inform\u00e1tica","description":"","publisher":{"@id":"https:\/\/esei.uvigo.es\/es\/#organization"},"potentialAction":[{"@type":"SearchAction","target":{"@type":"EntryPoint","urlTemplate":"https:\/\/esei.uvigo.es\/es\/?s={search_term_string}"},"query-input":{"@type":"PropertyValueSpecification","valueRequired":true,"valueName":"search_term_string"}}],"inLanguage":"es"},{"@type":"Organization","@id":"https:\/\/esei.uvigo.es\/es\/#organization","name":"Escola Superior de Enxe\u00f1ar\u00eda Inform\u00e1tica","url":"https:\/\/esei.uvigo.es\/es\/","logo":{"@type":"ImageObject","inLanguage":"es","@id":"https:\/\/esei.uvigo.es\/es\/#\/schema\/logo\/image\/","url":"https:\/\/esei.uvigo.es\/wp-content\/uploads\/2019\/09\/esei.png","contentUrl":"https:\/\/esei.uvigo.es\/wp-content\/uploads\/2019\/09\/esei.png","width":579,"height":98,"caption":"Escola Superior de Enxe\u00f1ar\u00eda Inform\u00e1tica"},"image":{"@id":"https:\/\/esei.uvigo.es\/es\/#\/schema\/logo\/image\/"}}]}},"_links":{"self":[{"href":"https:\/\/esei.uvigo.es\/es\/wp-json\/wp\/v2\/pages\/22865","targetHints":{"allow":["GET"]}}],"collection":[{"href":"https:\/\/esei.uvigo.es\/es\/wp-json\/wp\/v2\/pages"}],"about":[{"href":"https:\/\/esei.uvigo.es\/es\/wp-json\/wp\/v2\/types\/page"}],"author":[{"embeddable":true,"href":"https:\/\/esei.uvigo.es\/es\/wp-json\/wp\/v2\/users\/10"}],"replies":[{"embeddable":true,"href":"https:\/\/esei.uvigo.es\/es\/wp-json\/wp\/v2\/comments?post=22865"}],"version-history":[{"count":8,"href":"https:\/\/esei.uvigo.es\/es\/wp-json\/wp\/v2\/pages\/22865\/revisions"}],"predecessor-version":[{"id":30191,"href":"https:\/\/esei.uvigo.es\/es\/wp-json\/wp\/v2\/pages\/22865\/revisions\/30191"}],"up":[{"embeddable":true,"href":"https:\/\/esei.uvigo.es\/es\/wp-json\/wp\/v2\/pages\/22852"}],"wp:attachment":[{"href":"https:\/\/esei.uvigo.es\/es\/wp-json\/wp\/v2\/media?parent=22865"}],"curies":[{"name":"wp","href":"https:\/\/api.w.org\/{rel}","templated":true}]}}