{"id":22861,"date":"2019-02-08T10:27:38","date_gmt":"2019-02-08T09:27:38","guid":{"rendered":"https:\/\/esei.uvigo.es\/estudos\/master-universitario-en-enxenaria-informatica\/estrutura-do-plano-de-estudos\/"},"modified":"2025-06-02T00:34:54","modified_gmt":"2025-06-01T22:34:54","slug":"estrutura-do-plano-de-estudos","status":"publish","type":"page","link":"https:\/\/esei.uvigo.es\/es\/estudos\/master-universitario-en-enxenaria-informatica\/estrutura-do-plano-de-estudos\/","title":{"rendered":"Estructura del Plan de Estudios"},"content":{"rendered":"<p>El plan de estudios del M\u00e1ster en Ingenier\u00eda Inform\u00e1tica est\u00e1 formado por materias de diferentes tipos:<\/p>\n<div class=\"custom-block  graylight \">\n<ul class=\"\">\n<li>Obligatorias: 60 ECTS<\/li>\n<li>Optativas: 3 itinerarios de 12 ECTS<\/li>\n<li>Pr\u00e1cticas profesionales: 9 ECTS<\/li>\n<li>Trabajo Fin de M\u00e1ster (TFM): 9 ECTS<\/li>\n<\/ul>\n<p>Para obtener el t\u00edtulo de M\u00e1ster, el estudiante deber\u00e1 superar 90 ECTS (60 obligatorios, 12 optativos, 9 de pr\u00e1cticas profesionales y 9 del TFM) repartidos en tres cuatrimestres.<\/p>\n<p>Un cr\u00e9dito ECTS equivale a 25 horas de trabajo del estudiante (que se reparten en actividades presenciales y no presenciales).<\/p>\n<\/div>\n<h2>Organizaci\u00f3n de los estudios<\/h2>\n<p>El plan de estudios est\u00e1 organizado en m\u00f3dulos, que a su vez se dividen en asignaturas:<\/p>\n<h3>M\u00f3dulo: Direcci\u00f3n y Gesti\u00f3n (12 ECTS obligatorios)<\/h3>\n<p><em>Coordinador:<\/em> <a class=\"internal-link\" href=\"https:\/\/esei.uvigo.es\/es\/docencia\/profesorado\/profesor\/rodeiro-iglesias-javier\/\" target=\"_blank\" rel=\"noopener\">Rodeiro Iglesias, Javier<\/a><\/p>\n<p>Este m\u00f3dulo est\u00e1 formado por dos asignaturas obligatorias de 6 ECTS cada una:<\/p>\n<ul class=\"list-peak\">\n<li class=\"bodytext\"><a class=\"external-link-new-window\" href=\"https:\/\/esei.uvigo.es\/es\/asignaturas\/mei\/planificacion-e-direccion-de-proxectos\/\" rel=\"noopener noreferrer\">Planificaci\u00f3n y direcci\u00f3n de proyectos<\/a><\/li>\n<li class=\"bodytext\"><a class=\"external-link-new-window\" style=\"font-size: 1rem; background-color: #ffffff;\" href=\"https:\/\/esei.uvigo.es\/es\/asignaturas\/mei\/direccion-e-xestion-da-innovacion\/\" rel=\"noopener noreferrer\">Direcci\u00f3n y gesti\u00f3n de la innovaci\u00f3n<\/a><\/li>\n<\/ul>\n<h3>M\u00f3dulo: Tecnolog\u00edas inform\u00e1ticas (48 ECTS obligatorios)<\/h3>\n<p>Este m\u00f3dulo est\u00e1 formado por cuatro materias obligatorias con dos asignaturas de 6 ECTS cada una:<\/p>\n<h4>Materia: <i>Redes y Servicios de Internet<\/i><\/h4>\n<p><em>Coordinador<\/em>: <a class=\"external-link-new-window\" href=\"https:\/\/esei.uvigo.es\/docencia\/profesorado\/profesor\/gomez-meire-silvana\/\" target=\"_blank\" rel=\"noopener noreferrer\">G\u00f3mez Meire, Silvana<\/a><\/p>\n<ul class=\"list-peak\">\n<li class=\"bodytext\"><a href=\"https:\/\/esei.uvigo.es\/es\/asignaturas\/mei\/deseno-e-xestion-avanzada-de-redes\/\">Dise\u00f1o y Gesti\u00f3n Avanzada de Redes<\/a><\/li>\n<li class=\"bodytext\"><a class=\"external-link-new-window\" style=\"font-size: 1rem; background-color: #ffffff;\" href=\"https:\/\/esei.uvigo.es\/es\/asignaturas\/mei\/sistemas-e-servizos-de-internet\/\" rel=\"noopener noreferrer\">Sistemas y Servicios de Internet<\/a><\/li>\n<\/ul>\n<h4>Materia: <i>Ingenier\u00eda del Conocimiento y Sistemas de Informaci\u00f3n<\/i><\/h4>\n<p>Coordinadora: <a href=\"https:\/\/esei.uvigo.es\/docencia\/profesorado\/profesor\/garcia-lourenco-analia-maria\/\" target=\"_blank\" rel=\"noopener\">Garc\u00eda Louren\u00e7o, Analia Mar\u00eda<\/a><\/p>\n<ul class=\"list-peak\">\n<li class=\"bodytext\"><a href=\"https:\/\/esei.uvigo.es\/es\/asignaturas\/mei\/enxenaria-do-conecemento\/\">Ingenier\u00eda del Conocimiento<\/a><\/li>\n<li class=\"bodytext\"><a href=\"https:\/\/esei.uvigo.es\/es\/asignaturas\/mei\/sistemas-de-informacion\/\">Sistemas de Informaci\u00f3n<\/a><\/li>\n<\/ul>\n<h4>Materia: <i>Calidad y Seguridad de Sistemas Inform\u00e1ticos<\/i><\/h4>\n<p><em>Coordinador<\/em>: <a class=\"external-link-new-window\" href=\"https:\/\/esei.uvigo.es\/docencia\/profesorado\/profesor\/gomez-meire-silvana\/\" target=\"_blank\" rel=\"noopener noreferrer\">G\u00f3mez Meire, Silvana<\/a><\/p>\n<ul class=\"list-peak\">\n<li class=\"bodytext\"><a href=\"https:\/\/esei.uvigo.es\/es\/asignaturas\/mei\/auditoria-e-xestion-da-seguridade\/\">Auditor\u00eda y Gesti\u00f3n de la Seguridad<\/a><\/li>\n<li class=\"bodytext\"><a href=\"https:\/\/esei.uvigo.es\/es\/asignaturas\/mei\/auditoria-e-certificacion-de-calidade-de-sistemas-informaticos\/\">Auditor\u00eda y Certificaci\u00f3n de Calidad de Sistemas Inform\u00e1ticos<\/a><\/li>\n<\/ul>\n<h4>Materia: <i>Tecnolog\u00edas Inform\u00e1ticas Avanzadas<\/i><\/h4>\n<p>Coordinadora: <a href=\"https:\/\/esei.uvigo.es\/docencia\/profesorado\/profesor\/garcia-lourenco-analia-maria\/\" target=\"_blank\" rel=\"noopener\">Garc\u00eda Louren\u00e7o, Analia Mar\u00eda<\/a><\/p>\n<ul class=\"list-peak\">\n<li class=\"bodytext\"><a href=\"https:\/\/esei.uvigo.es\/es\/asignaturas\/mei\/computacion-distribuida-e-de-altas-prestacions\/\">Computaci\u00f3n Distribuida y de Altas Prestaciones<\/a><\/li>\n<li class=\"bodytext\"><a href=\"https:\/\/esei.uvigo.es\/es\/asignaturas\/mei\/sistemas-graficos-interactivos\/\">Sistemas Gr\u00e1ficos Interactivos<\/a><\/li>\n<\/ul>\n<h3>M\u00f3dulo: Pr\u00e1cticas profesionales (9 ECTS obligatorios)<\/h3>\n<p><em>Coordinador<\/em>: <a class=\"external-link-new-window\" href=\"https:\/\/esei.uvigo.es\/es\/docencia\/profesorado\/profesor\/rodriguez-martinez-francisco-javier\/\" target=\"_blank\" rel=\"noopener noreferrer\">Rodr\u00edguez Mart\u00ednez, Francisco Javier<\/a><\/p>\n<p>Esta materia est\u00e1 compuesta por una asignatura obligatoria de pr\u00e1cticas en empresa de 9 ECTS.<\/p>\n<ul class=\"list-peak\">\n<li class=\"bodytext\"><a class=\"external-link-new-window\" href=\"https:\/\/esei.uvigo.es\/es\/asignaturas\/mei\/practicas-profesionais\/\" rel=\"noopener noreferrer\">Pr\u00e1cticas profesionales<\/a><\/li>\n<\/ul>\n<h3>Materia: Trabajo Fin de M\u00e1ster (9 ECTS obligatorios)<\/h3>\n<p><em>Coordinador<\/em>: <a href=\"https:\/\/esei.uvigo.es\/docencia\/profesorado\/profesor\/laza-fidalgo-rosalia\/\" target=\"_blank\" rel=\"noopener\">Laza Fidalgo, Rosal\u00eda<\/a><\/p>\n<p>Esta materia est\u00e1 compuesta por una asignatura obligatoria de 9 ECTS, el Trabajo Fin de M\u00e1ster.<\/p>\n<ul class=\"list-peak\">\n<li class=\"bodytext\"><a class=\"external-link-new-window\" href=\"https:\/\/esei.uvigo.es\/es\/asignaturas\/mei\/traballo-fin-de-master\/\" rel=\"noopener noreferrer\">Trabajo Fin de M\u00e1ster<\/a><\/li>\n<\/ul>\n<h2>Organizaci\u00f3n de las especialidades<\/h2>\n<p>Se establecen tres especialidades que acercan al curr\u00edculo del estudiante no s\u00f3lo un elevado atractivo frente a los empleadores, sino que se desarrollan un conjunto de competencias t\u00e9cnicas y transversales que le permiten avanzar, a lo largo de su vida laboral, hacia puestos de responsabilidad y toma de decisiones.<br \/>\nPara saber m\u00e1s sobre las especialidades, pincha <a class=\"internal-link\" href=\"https:\/\/esei.uvigo.es\/es\/estudos\/master-universitario-en-enxenaria-informatica\/especialidades\/\">aqu\u00ed<\/a>.<\/p>\n","protected":false},"excerpt":{"rendered":"<p>El plan de estudios del M\u00e1ster en Ingenier\u00eda Inform\u00e1tica est\u00e1 formado por materias de diferentes tipos: Organizaci\u00f3n de los estudios El plan de estudios est\u00e1 &hellip; <a class=\"excerpt_more\" href=\"https:\/\/esei.uvigo.es\/es\/estudos\/master-universitario-en-enxenaria-informatica\/estrutura-do-plano-de-estudos\/\">Contin\u00faa<\/a><\/p>\n","protected":false},"author":10,"featured_media":0,"parent":22852,"menu_order":21,"comment_status":"closed","ping_status":"closed","template":"","meta":{"_acf_changed":false,"footnotes":""},"class_list":["post-22861","page","type-page","status-publish","hentry"],"acf":[],"yoast_head":"<!-- This site is optimized with the Yoast SEO plugin v27.6 - https:\/\/yoast.com\/product\/yoast-seo-wordpress\/ -->\n<title>Estructura del Plan de Estudios | Escola Superior de Enxe\u00f1ar\u00eda Inform\u00e1tica<\/title>\n<meta name=\"robots\" content=\"index, follow, max-snippet:-1, max-image-preview:large, max-video-preview:-1\" \/>\n<link rel=\"canonical\" href=\"https:\/\/esei.uvigo.es\/es\/estudos\/master-universitario-en-enxenaria-informatica\/estrutura-do-plano-de-estudos\/\" \/>\n<meta property=\"og:locale\" content=\"es_ES\" \/>\n<meta property=\"og:type\" content=\"article\" \/>\n<meta property=\"og:title\" content=\"Estructura del Plan de Estudios | Escola Superior de Enxe\u00f1ar\u00eda Inform\u00e1tica\" \/>\n<meta property=\"og:description\" content=\"El plan de estudios del M\u00e1ster en Ingenier\u00eda Inform\u00e1tica est\u00e1 formado por materias de diferentes tipos: Organizaci\u00f3n de los estudios El plan de estudios est\u00e1 &hellip; Contin\u00faa\" \/>\n<meta property=\"og:url\" content=\"https:\/\/esei.uvigo.es\/es\/estudos\/master-universitario-en-enxenaria-informatica\/estrutura-do-plano-de-estudos\/\" \/>\n<meta property=\"og:site_name\" content=\"Escola Superior de Enxe\u00f1ar\u00eda Inform\u00e1tica\" \/>\n<meta property=\"article:modified_time\" content=\"2025-06-01T22:34:54+00:00\" \/>\n<meta name=\"twitter:card\" content=\"summary_large_image\" \/>\n<meta name=\"twitter:label1\" content=\"Tiempo de lectura\" \/>\n\t<meta name=\"twitter:data1\" content=\"2 minutos\" \/>\n<script type=\"application\/ld+json\" class=\"yoast-schema-graph\">{\"@context\":\"https:\\\/\\\/schema.org\",\"@graph\":[{\"@type\":\"WebPage\",\"@id\":\"https:\\\/\\\/esei.uvigo.es\\\/es\\\/estudos\\\/master-universitario-en-enxenaria-informatica\\\/estrutura-do-plano-de-estudos\\\/\",\"url\":\"https:\\\/\\\/esei.uvigo.es\\\/es\\\/estudos\\\/master-universitario-en-enxenaria-informatica\\\/estrutura-do-plano-de-estudos\\\/\",\"name\":\"Estructura del Plan de Estudios | Escola Superior de Enxe\u00f1ar\u00eda Inform\u00e1tica\",\"isPartOf\":{\"@id\":\"https:\\\/\\\/esei.uvigo.es\\\/es\\\/#website\"},\"datePublished\":\"2019-02-08T09:27:38+00:00\",\"dateModified\":\"2025-06-01T22:34:54+00:00\",\"breadcrumb\":{\"@id\":\"https:\\\/\\\/esei.uvigo.es\\\/es\\\/estudos\\\/master-universitario-en-enxenaria-informatica\\\/estrutura-do-plano-de-estudos\\\/#breadcrumb\"},\"inLanguage\":\"es\",\"potentialAction\":[{\"@type\":\"ReadAction\",\"target\":[\"https:\\\/\\\/esei.uvigo.es\\\/es\\\/estudos\\\/master-universitario-en-enxenaria-informatica\\\/estrutura-do-plano-de-estudos\\\/\"]}]},{\"@type\":\"BreadcrumbList\",\"@id\":\"https:\\\/\\\/esei.uvigo.es\\\/es\\\/estudos\\\/master-universitario-en-enxenaria-informatica\\\/estrutura-do-plano-de-estudos\\\/#breadcrumb\",\"itemListElement\":[{\"@type\":\"ListItem\",\"position\":1,\"name\":\"Portada\",\"item\":\"https:\\\/\\\/esei.uvigo.es\\\/es\\\/\"},{\"@type\":\"ListItem\",\"position\":2,\"name\":\"Estudios\",\"item\":\"https:\\\/\\\/esei.uvigo.es\\\/es\\\/estudos\\\/\"},{\"@type\":\"ListItem\",\"position\":3,\"name\":\"M\u00e1ster Universitario en Ingenier\u00eda Inform\u00e1tica\",\"item\":\"https:\\\/\\\/esei.uvigo.es\\\/es\\\/estudos\\\/master-universitario-en-enxenaria-informatica\\\/\"},{\"@type\":\"ListItem\",\"position\":4,\"name\":\"Estructura del Plan de Estudios\"}]},{\"@type\":\"WebSite\",\"@id\":\"https:\\\/\\\/esei.uvigo.es\\\/es\\\/#website\",\"url\":\"https:\\\/\\\/esei.uvigo.es\\\/es\\\/\",\"name\":\"Escola Superior de Enxe\u00f1ar\u00eda Inform\u00e1tica\",\"description\":\"\",\"publisher\":{\"@id\":\"https:\\\/\\\/esei.uvigo.es\\\/es\\\/#organization\"},\"potentialAction\":[{\"@type\":\"SearchAction\",\"target\":{\"@type\":\"EntryPoint\",\"urlTemplate\":\"https:\\\/\\\/esei.uvigo.es\\\/es\\\/?s={search_term_string}\"},\"query-input\":{\"@type\":\"PropertyValueSpecification\",\"valueRequired\":true,\"valueName\":\"search_term_string\"}}],\"inLanguage\":\"es\"},{\"@type\":\"Organization\",\"@id\":\"https:\\\/\\\/esei.uvigo.es\\\/es\\\/#organization\",\"name\":\"Escola Superior de Enxe\u00f1ar\u00eda Inform\u00e1tica\",\"url\":\"https:\\\/\\\/esei.uvigo.es\\\/es\\\/\",\"logo\":{\"@type\":\"ImageObject\",\"inLanguage\":\"es\",\"@id\":\"https:\\\/\\\/esei.uvigo.es\\\/es\\\/#\\\/schema\\\/logo\\\/image\\\/\",\"url\":\"https:\\\/\\\/esei.uvigo.es\\\/wp-content\\\/uploads\\\/2019\\\/09\\\/esei.png\",\"contentUrl\":\"https:\\\/\\\/esei.uvigo.es\\\/wp-content\\\/uploads\\\/2019\\\/09\\\/esei.png\",\"width\":579,\"height\":98,\"caption\":\"Escola Superior de Enxe\u00f1ar\u00eda Inform\u00e1tica\"},\"image\":{\"@id\":\"https:\\\/\\\/esei.uvigo.es\\\/es\\\/#\\\/schema\\\/logo\\\/image\\\/\"}}]}<\/script>\n<!-- \/ Yoast SEO plugin. -->","yoast_head_json":{"title":"Estructura del Plan de Estudios | Escola Superior de Enxe\u00f1ar\u00eda Inform\u00e1tica","robots":{"index":"index","follow":"follow","max-snippet":"max-snippet:-1","max-image-preview":"max-image-preview:large","max-video-preview":"max-video-preview:-1"},"canonical":"https:\/\/esei.uvigo.es\/es\/estudos\/master-universitario-en-enxenaria-informatica\/estrutura-do-plano-de-estudos\/","og_locale":"es_ES","og_type":"article","og_title":"Estructura del Plan de Estudios | Escola Superior de Enxe\u00f1ar\u00eda Inform\u00e1tica","og_description":"El plan de estudios del M\u00e1ster en Ingenier\u00eda Inform\u00e1tica est\u00e1 formado por materias de diferentes tipos: Organizaci\u00f3n de los estudios El plan de estudios est\u00e1 &hellip; Contin\u00faa","og_url":"https:\/\/esei.uvigo.es\/es\/estudos\/master-universitario-en-enxenaria-informatica\/estrutura-do-plano-de-estudos\/","og_site_name":"Escola Superior de Enxe\u00f1ar\u00eda Inform\u00e1tica","article_modified_time":"2025-06-01T22:34:54+00:00","twitter_card":"summary_large_image","twitter_misc":{"Tiempo de lectura":"2 minutos"},"schema":{"@context":"https:\/\/schema.org","@graph":[{"@type":"WebPage","@id":"https:\/\/esei.uvigo.es\/es\/estudos\/master-universitario-en-enxenaria-informatica\/estrutura-do-plano-de-estudos\/","url":"https:\/\/esei.uvigo.es\/es\/estudos\/master-universitario-en-enxenaria-informatica\/estrutura-do-plano-de-estudos\/","name":"Estructura del Plan de Estudios | Escola Superior de Enxe\u00f1ar\u00eda Inform\u00e1tica","isPartOf":{"@id":"https:\/\/esei.uvigo.es\/es\/#website"},"datePublished":"2019-02-08T09:27:38+00:00","dateModified":"2025-06-01T22:34:54+00:00","breadcrumb":{"@id":"https:\/\/esei.uvigo.es\/es\/estudos\/master-universitario-en-enxenaria-informatica\/estrutura-do-plano-de-estudos\/#breadcrumb"},"inLanguage":"es","potentialAction":[{"@type":"ReadAction","target":["https:\/\/esei.uvigo.es\/es\/estudos\/master-universitario-en-enxenaria-informatica\/estrutura-do-plano-de-estudos\/"]}]},{"@type":"BreadcrumbList","@id":"https:\/\/esei.uvigo.es\/es\/estudos\/master-universitario-en-enxenaria-informatica\/estrutura-do-plano-de-estudos\/#breadcrumb","itemListElement":[{"@type":"ListItem","position":1,"name":"Portada","item":"https:\/\/esei.uvigo.es\/es\/"},{"@type":"ListItem","position":2,"name":"Estudios","item":"https:\/\/esei.uvigo.es\/es\/estudos\/"},{"@type":"ListItem","position":3,"name":"M\u00e1ster Universitario en Ingenier\u00eda Inform\u00e1tica","item":"https:\/\/esei.uvigo.es\/es\/estudos\/master-universitario-en-enxenaria-informatica\/"},{"@type":"ListItem","position":4,"name":"Estructura del Plan de Estudios"}]},{"@type":"WebSite","@id":"https:\/\/esei.uvigo.es\/es\/#website","url":"https:\/\/esei.uvigo.es\/es\/","name":"Escola Superior de Enxe\u00f1ar\u00eda Inform\u00e1tica","description":"","publisher":{"@id":"https:\/\/esei.uvigo.es\/es\/#organization"},"potentialAction":[{"@type":"SearchAction","target":{"@type":"EntryPoint","urlTemplate":"https:\/\/esei.uvigo.es\/es\/?s={search_term_string}"},"query-input":{"@type":"PropertyValueSpecification","valueRequired":true,"valueName":"search_term_string"}}],"inLanguage":"es"},{"@type":"Organization","@id":"https:\/\/esei.uvigo.es\/es\/#organization","name":"Escola Superior de Enxe\u00f1ar\u00eda Inform\u00e1tica","url":"https:\/\/esei.uvigo.es\/es\/","logo":{"@type":"ImageObject","inLanguage":"es","@id":"https:\/\/esei.uvigo.es\/es\/#\/schema\/logo\/image\/","url":"https:\/\/esei.uvigo.es\/wp-content\/uploads\/2019\/09\/esei.png","contentUrl":"https:\/\/esei.uvigo.es\/wp-content\/uploads\/2019\/09\/esei.png","width":579,"height":98,"caption":"Escola Superior de Enxe\u00f1ar\u00eda Inform\u00e1tica"},"image":{"@id":"https:\/\/esei.uvigo.es\/es\/#\/schema\/logo\/image\/"}}]}},"_links":{"self":[{"href":"https:\/\/esei.uvigo.es\/es\/wp-json\/wp\/v2\/pages\/22861","targetHints":{"allow":["GET"]}}],"collection":[{"href":"https:\/\/esei.uvigo.es\/es\/wp-json\/wp\/v2\/pages"}],"about":[{"href":"https:\/\/esei.uvigo.es\/es\/wp-json\/wp\/v2\/types\/page"}],"author":[{"embeddable":true,"href":"https:\/\/esei.uvigo.es\/es\/wp-json\/wp\/v2\/users\/10"}],"replies":[{"embeddable":true,"href":"https:\/\/esei.uvigo.es\/es\/wp-json\/wp\/v2\/comments?post=22861"}],"version-history":[{"count":10,"href":"https:\/\/esei.uvigo.es\/es\/wp-json\/wp\/v2\/pages\/22861\/revisions"}],"predecessor-version":[{"id":28582,"href":"https:\/\/esei.uvigo.es\/es\/wp-json\/wp\/v2\/pages\/22861\/revisions\/28582"}],"up":[{"embeddable":true,"href":"https:\/\/esei.uvigo.es\/es\/wp-json\/wp\/v2\/pages\/22852"}],"wp:attachment":[{"href":"https:\/\/esei.uvigo.es\/es\/wp-json\/wp\/v2\/media?parent=22861"}],"curies":[{"name":"wp","href":"https:\/\/api.w.org\/{rel}","templated":true}]}}