{"id":22860,"date":"2019-02-08T10:27:12","date_gmt":"2019-02-08T09:27:12","guid":{"rendered":"https:\/\/esei.uvigo.es\/estudos\/master-universitario-en-enxenaria-informatica\/asignaturas-por-curso\/"},"modified":"2022-10-11T11:04:30","modified_gmt":"2022-10-11T09:04:30","slug":"asignaturas-por-curso","status":"publish","type":"page","link":"https:\/\/esei.uvigo.es\/es\/estudos\/master-universitario-en-enxenaria-informatica\/asignaturas-por-curso\/","title":{"rendered":"Asignaturas por curso"},"content":{"rendered":"<h2>1\u00ba Curso<\/h2>\n<h3>Primer cuatrimestre<\/h3><ul class=\"uvigo_subjects\"><li><a href=\"https:\/\/esei.uvigo.es\/es\/asignaturas\/mei\/deseno-e-xestion-avanzada-de-redes\/\"> <span class=\"field_title\">Dise\u00f1o y Gesti\u00f3n Avanzada de Redes<\/span><span class=\"field_type\"> \\ Obrigatoria<\/span><span class=\"field_credits\"> \\ 6 Cr\u00e9ditos<\/span><\/a><\/li><li><a href=\"https:\/\/esei.uvigo.es\/es\/asignaturas\/mei\/enxenaria-do-conecemento\/\"> <span class=\"field_title\">Ingenier\u00eda del Conocimiento<\/span><span class=\"field_type\"> \\ Obrigatoria<\/span><span class=\"field_credits\"> \\ 6 Cr\u00e9ditos<\/span><\/a><\/li><li><a href=\"https:\/\/esei.uvigo.es\/es\/asignaturas\/mei\/planificacion-e-direccion-de-proxectos\/\"> <span class=\"field_title\">Planificaci\u00f3n y Direcci\u00f3n de Proyectos<\/span><span class=\"field_type\"> \\ Obrigatoria<\/span><span class=\"field_credits\"> \\ 6 Cr\u00e9ditos<\/span><\/a><\/li><li><a href=\"https:\/\/esei.uvigo.es\/es\/asignaturas\/mei\/sistemas-de-informacion\/\"> <span class=\"field_title\">Sistemas de Informaci\u00f3n<\/span><span class=\"field_type\"> \\ Obrigatoria<\/span><span class=\"field_credits\"> \\ 6 Cr\u00e9ditos<\/span><\/a><\/li><li><a href=\"https:\/\/esei.uvigo.es\/es\/asignaturas\/mei\/sistemas-graficos-interactivos\/\"> <span class=\"field_title\">Sistemas Gr\u00e1ficos Interactivos<\/span><span class=\"field_type\"> \\ Obrigatoria<\/span><span class=\"field_credits\"> \\ 6 Cr\u00e9ditos<\/span><\/a><\/li><\/ul><h3>Segundo cuatrimestre<\/h3><ul class=\"uvigo_subjects\"><li><a href=\"https:\/\/esei.uvigo.es\/es\/asignaturas\/mei\/auditoria-e-certificacion-de-calidade-de-sistemas-informaticos\/\"> <span class=\"field_title\">Auditor\u00eda y Certificaci\u00f3n de Calidad de Sistemas Inform\u00e1ticos<\/span><span class=\"field_type\"> \\ Obrigatoria<\/span><span class=\"field_credits\"> \\ 6 Cr\u00e9ditos<\/span><\/a><\/li><li><a href=\"https:\/\/esei.uvigo.es\/es\/asignaturas\/mei\/auditoria-e-xestion-da-seguridade\/\"> <span class=\"field_title\">Auditor\u00eda y Gesti\u00f3n de la Seguridad<\/span><span class=\"field_type\"> \\ Obrigatoria<\/span><span class=\"field_credits\"> \\ 6 Cr\u00e9ditos<\/span><\/a><\/li><li><a href=\"https:\/\/esei.uvigo.es\/es\/asignaturas\/mei\/computacion-distribuida-e-de-altas-prestacions\/\"> <span class=\"field_title\">Computaci\u00f3n Distribuida y de Altas Prestaciones<\/span><span class=\"field_type\"> \\ Obrigatoria<\/span><span class=\"field_credits\"> \\ 6 Cr\u00e9ditos<\/span><\/a><\/li><li><a href=\"https:\/\/esei.uvigo.es\/es\/asignaturas\/mei\/direccion-e-xestion-da-innovacion\/\"> <span class=\"field_title\">Direcci\u00f3n y Gesti\u00f3n de la Innovaci\u00f3n<\/span><span class=\"field_type\"> \\ Obrigatoria<\/span><span class=\"field_credits\"> \\ 6 Cr\u00e9ditos<\/span><\/a><\/li><li><a href=\"https:\/\/esei.uvigo.es\/es\/asignaturas\/mei\/sistemas-e-servizos-de-internet\/\"> <span class=\"field_title\">Sistemas y Servicios de Internet<\/span><span class=\"field_type\"> \\ Obrigatoria<\/span><span class=\"field_credits\"> \\ 6 Cr\u00e9ditos<\/span><\/a><\/li><\/ul>\n<h2>2\u00ba Curso<\/h2>\n<h3>Primer cuatrimestre<\/h3><ul class=\"uvigo_subjects\"><li><a href=\"https:\/\/esei.uvigo.es\/es\/asignaturas\/mei\/practicas-profesionais\/\"> <span class=\"field_title\">Pr\u00e1cticas Profesionales<\/span><span class=\"field_type\"> \\ Obrigatoria<\/span><span class=\"field_credits\"> \\ 9 Cr\u00e9ditos<\/span><\/a><\/li><li><a href=\"https:\/\/esei.uvigo.es\/es\/asignaturas\/mei\/traballo-fin-de-master\/\"> <span class=\"field_title\">Trabajo Fin de M\u00e1ster<\/span><span class=\"field_type\"> \\ Obrigatoria<\/span><span class=\"field_credits\"> \\ 9 Cr\u00e9ditos<\/span><\/a><\/li><\/ul><h4>Itinerario Desarrollo de Grandes Sistemas Software<\/h4><ul class=\"uvigo_subjects\"><li><a href=\"https:\/\/esei.uvigo.es\/es\/asignaturas\/mei\/xestion-da-configuracion-do-software\/\"> <span class=\"field_title\">Gesti\u00f3n de la Configuraci\u00f3n del Software<\/span><span class=\"field_type\"> \\ Optativa<\/span><span class=\"field_credits\"> \\ 6 Cr\u00e9ditos<\/span><\/a><\/li><li><a href=\"https:\/\/esei.uvigo.es\/es\/asignaturas\/mei\/enxenaria-de-sistemas-da-informacion\/\"> <span class=\"field_title\">Ingenier\u00eda de Sistemas de Informaci\u00f3n<\/span><span class=\"field_type\"> \\ Optativa<\/span><span class=\"field_credits\"> \\ 6 Cr\u00e9ditos<\/span><\/a><\/li><\/ul><h4>Itinerario Seguridad Inform\u00e1tica en Sistemas y Redes<\/h4><ul class=\"uvigo_subjects\"><li><a href=\"https:\/\/esei.uvigo.es\/es\/asignaturas\/mei\/seguridade-en-redes\/\"> <span class=\"field_title\">Seguridad en redes<\/span><span class=\"field_type\"> \\ Optativa<\/span><span class=\"field_credits\"> \\ 6 Cr\u00e9ditos<\/span><\/a><\/li><li><a href=\"https:\/\/esei.uvigo.es\/es\/asignaturas\/mei\/seguridade-e-administracion-de-sistemas-operativos\/\"> <span class=\"field_title\">Seguridad y administraci\u00f3n de sistemas operativos<\/span><span class=\"field_type\"> \\ Optativa<\/span><span class=\"field_credits\"> \\ 6 Cr\u00e9ditos<\/span><\/a><\/li><\/ul><h4>Itinerario Ingenier\u00eda Inform\u00e1tica: Profesi\u00f3n en la pr\u00e1ctica<\/h4><ul class=\"uvigo_subjects\"><li><a href=\"https:\/\/esei.uvigo.es\/es\/asignaturas\/mei\/ingenieria-informatica-profesion-en-la-practica\/\"> <span class=\"field_title\">PEP: Ingenier\u00eda Inform\u00e1tica: Profesi\u00f3n en la pr\u00e1ctica<\/span><span class=\"field_type\"> \\ Optativa<\/span><span class=\"field_credits\"> \\ 12 Cr\u00e9ditos<\/span><\/a><\/li><\/ul>\n","protected":false},"excerpt":{"rendered":"","protected":false},"author":10,"featured_media":0,"parent":22852,"menu_order":16,"comment_status":"closed","ping_status":"closed","template":"","meta":{"_acf_changed":false,"footnotes":""},"class_list":["post-22860","page","type-page","status-publish","hentry"],"acf":[],"yoast_head":"<!-- This site is optimized with the Yoast SEO plugin v27.6 - https:\/\/yoast.com\/product\/yoast-seo-wordpress\/ -->\n<title>Asignaturas por curso | Escola Superior de Enxe\u00f1ar\u00eda Inform\u00e1tica<\/title>\n<meta name=\"robots\" content=\"index, follow, max-snippet:-1, max-image-preview:large, max-video-preview:-1\" \/>\n<link rel=\"canonical\" href=\"https:\/\/esei.uvigo.es\/es\/estudos\/master-universitario-en-enxenaria-informatica\/asignaturas-por-curso\/\" \/>\n<meta property=\"og:locale\" content=\"es_ES\" \/>\n<meta property=\"og:type\" content=\"article\" \/>\n<meta property=\"og:title\" content=\"Asignaturas por curso | Escola Superior de Enxe\u00f1ar\u00eda Inform\u00e1tica\" \/>\n<meta property=\"og:url\" content=\"https:\/\/esei.uvigo.es\/es\/estudos\/master-universitario-en-enxenaria-informatica\/asignaturas-por-curso\/\" \/>\n<meta property=\"og:site_name\" content=\"Escola Superior de Enxe\u00f1ar\u00eda Inform\u00e1tica\" \/>\n<meta property=\"article:modified_time\" content=\"2022-10-11T09:04:30+00:00\" \/>\n<meta name=\"twitter:card\" content=\"summary_large_image\" \/>\n<meta name=\"twitter:label1\" content=\"Tiempo de lectura\" \/>\n\t<meta name=\"twitter:data1\" content=\"1 minuto\" \/>\n<script type=\"application\/ld+json\" class=\"yoast-schema-graph\">{\"@context\":\"https:\\\/\\\/schema.org\",\"@graph\":[{\"@type\":\"WebPage\",\"@id\":\"https:\\\/\\\/esei.uvigo.es\\\/es\\\/estudos\\\/master-universitario-en-enxenaria-informatica\\\/asignaturas-por-curso\\\/\",\"url\":\"https:\\\/\\\/esei.uvigo.es\\\/es\\\/estudos\\\/master-universitario-en-enxenaria-informatica\\\/asignaturas-por-curso\\\/\",\"name\":\"Asignaturas por curso | Escola Superior de Enxe\u00f1ar\u00eda Inform\u00e1tica\",\"isPartOf\":{\"@id\":\"https:\\\/\\\/esei.uvigo.es\\\/es\\\/#website\"},\"datePublished\":\"2019-02-08T09:27:12+00:00\",\"dateModified\":\"2022-10-11T09:04:30+00:00\",\"breadcrumb\":{\"@id\":\"https:\\\/\\\/esei.uvigo.es\\\/es\\\/estudos\\\/master-universitario-en-enxenaria-informatica\\\/asignaturas-por-curso\\\/#breadcrumb\"},\"inLanguage\":\"es\",\"potentialAction\":[{\"@type\":\"ReadAction\",\"target\":[\"https:\\\/\\\/esei.uvigo.es\\\/es\\\/estudos\\\/master-universitario-en-enxenaria-informatica\\\/asignaturas-por-curso\\\/\"]}]},{\"@type\":\"BreadcrumbList\",\"@id\":\"https:\\\/\\\/esei.uvigo.es\\\/es\\\/estudos\\\/master-universitario-en-enxenaria-informatica\\\/asignaturas-por-curso\\\/#breadcrumb\",\"itemListElement\":[{\"@type\":\"ListItem\",\"position\":1,\"name\":\"Portada\",\"item\":\"https:\\\/\\\/esei.uvigo.es\\\/es\\\/\"},{\"@type\":\"ListItem\",\"position\":2,\"name\":\"Estudios\",\"item\":\"https:\\\/\\\/esei.uvigo.es\\\/es\\\/estudos\\\/\"},{\"@type\":\"ListItem\",\"position\":3,\"name\":\"M\u00e1ster Universitario en Ingenier\u00eda Inform\u00e1tica\",\"item\":\"https:\\\/\\\/esei.uvigo.es\\\/es\\\/estudos\\\/master-universitario-en-enxenaria-informatica\\\/\"},{\"@type\":\"ListItem\",\"position\":4,\"name\":\"Asignaturas por curso\"}]},{\"@type\":\"WebSite\",\"@id\":\"https:\\\/\\\/esei.uvigo.es\\\/es\\\/#website\",\"url\":\"https:\\\/\\\/esei.uvigo.es\\\/es\\\/\",\"name\":\"Escola Superior de Enxe\u00f1ar\u00eda Inform\u00e1tica\",\"description\":\"\",\"publisher\":{\"@id\":\"https:\\\/\\\/esei.uvigo.es\\\/es\\\/#organization\"},\"potentialAction\":[{\"@type\":\"SearchAction\",\"target\":{\"@type\":\"EntryPoint\",\"urlTemplate\":\"https:\\\/\\\/esei.uvigo.es\\\/es\\\/?s={search_term_string}\"},\"query-input\":{\"@type\":\"PropertyValueSpecification\",\"valueRequired\":true,\"valueName\":\"search_term_string\"}}],\"inLanguage\":\"es\"},{\"@type\":\"Organization\",\"@id\":\"https:\\\/\\\/esei.uvigo.es\\\/es\\\/#organization\",\"name\":\"Escola Superior de Enxe\u00f1ar\u00eda Inform\u00e1tica\",\"url\":\"https:\\\/\\\/esei.uvigo.es\\\/es\\\/\",\"logo\":{\"@type\":\"ImageObject\",\"inLanguage\":\"es\",\"@id\":\"https:\\\/\\\/esei.uvigo.es\\\/es\\\/#\\\/schema\\\/logo\\\/image\\\/\",\"url\":\"https:\\\/\\\/esei.uvigo.es\\\/wp-content\\\/uploads\\\/2019\\\/09\\\/esei.png\",\"contentUrl\":\"https:\\\/\\\/esei.uvigo.es\\\/wp-content\\\/uploads\\\/2019\\\/09\\\/esei.png\",\"width\":579,\"height\":98,\"caption\":\"Escola Superior de Enxe\u00f1ar\u00eda Inform\u00e1tica\"},\"image\":{\"@id\":\"https:\\\/\\\/esei.uvigo.es\\\/es\\\/#\\\/schema\\\/logo\\\/image\\\/\"}}]}<\/script>\n<!-- \/ Yoast SEO plugin. -->","yoast_head_json":{"title":"Asignaturas por curso | Escola Superior de Enxe\u00f1ar\u00eda Inform\u00e1tica","robots":{"index":"index","follow":"follow","max-snippet":"max-snippet:-1","max-image-preview":"max-image-preview:large","max-video-preview":"max-video-preview:-1"},"canonical":"https:\/\/esei.uvigo.es\/es\/estudos\/master-universitario-en-enxenaria-informatica\/asignaturas-por-curso\/","og_locale":"es_ES","og_type":"article","og_title":"Asignaturas por curso | Escola Superior de Enxe\u00f1ar\u00eda Inform\u00e1tica","og_url":"https:\/\/esei.uvigo.es\/es\/estudos\/master-universitario-en-enxenaria-informatica\/asignaturas-por-curso\/","og_site_name":"Escola Superior de Enxe\u00f1ar\u00eda Inform\u00e1tica","article_modified_time":"2022-10-11T09:04:30+00:00","twitter_card":"summary_large_image","twitter_misc":{"Tiempo de lectura":"1 minuto"},"schema":{"@context":"https:\/\/schema.org","@graph":[{"@type":"WebPage","@id":"https:\/\/esei.uvigo.es\/es\/estudos\/master-universitario-en-enxenaria-informatica\/asignaturas-por-curso\/","url":"https:\/\/esei.uvigo.es\/es\/estudos\/master-universitario-en-enxenaria-informatica\/asignaturas-por-curso\/","name":"Asignaturas por curso | Escola Superior de Enxe\u00f1ar\u00eda Inform\u00e1tica","isPartOf":{"@id":"https:\/\/esei.uvigo.es\/es\/#website"},"datePublished":"2019-02-08T09:27:12+00:00","dateModified":"2022-10-11T09:04:30+00:00","breadcrumb":{"@id":"https:\/\/esei.uvigo.es\/es\/estudos\/master-universitario-en-enxenaria-informatica\/asignaturas-por-curso\/#breadcrumb"},"inLanguage":"es","potentialAction":[{"@type":"ReadAction","target":["https:\/\/esei.uvigo.es\/es\/estudos\/master-universitario-en-enxenaria-informatica\/asignaturas-por-curso\/"]}]},{"@type":"BreadcrumbList","@id":"https:\/\/esei.uvigo.es\/es\/estudos\/master-universitario-en-enxenaria-informatica\/asignaturas-por-curso\/#breadcrumb","itemListElement":[{"@type":"ListItem","position":1,"name":"Portada","item":"https:\/\/esei.uvigo.es\/es\/"},{"@type":"ListItem","position":2,"name":"Estudios","item":"https:\/\/esei.uvigo.es\/es\/estudos\/"},{"@type":"ListItem","position":3,"name":"M\u00e1ster Universitario en Ingenier\u00eda Inform\u00e1tica","item":"https:\/\/esei.uvigo.es\/es\/estudos\/master-universitario-en-enxenaria-informatica\/"},{"@type":"ListItem","position":4,"name":"Asignaturas por curso"}]},{"@type":"WebSite","@id":"https:\/\/esei.uvigo.es\/es\/#website","url":"https:\/\/esei.uvigo.es\/es\/","name":"Escola Superior de Enxe\u00f1ar\u00eda Inform\u00e1tica","description":"","publisher":{"@id":"https:\/\/esei.uvigo.es\/es\/#organization"},"potentialAction":[{"@type":"SearchAction","target":{"@type":"EntryPoint","urlTemplate":"https:\/\/esei.uvigo.es\/es\/?s={search_term_string}"},"query-input":{"@type":"PropertyValueSpecification","valueRequired":true,"valueName":"search_term_string"}}],"inLanguage":"es"},{"@type":"Organization","@id":"https:\/\/esei.uvigo.es\/es\/#organization","name":"Escola Superior de Enxe\u00f1ar\u00eda Inform\u00e1tica","url":"https:\/\/esei.uvigo.es\/es\/","logo":{"@type":"ImageObject","inLanguage":"es","@id":"https:\/\/esei.uvigo.es\/es\/#\/schema\/logo\/image\/","url":"https:\/\/esei.uvigo.es\/wp-content\/uploads\/2019\/09\/esei.png","contentUrl":"https:\/\/esei.uvigo.es\/wp-content\/uploads\/2019\/09\/esei.png","width":579,"height":98,"caption":"Escola Superior de Enxe\u00f1ar\u00eda Inform\u00e1tica"},"image":{"@id":"https:\/\/esei.uvigo.es\/es\/#\/schema\/logo\/image\/"}}]}},"_links":{"self":[{"href":"https:\/\/esei.uvigo.es\/es\/wp-json\/wp\/v2\/pages\/22860","targetHints":{"allow":["GET"]}}],"collection":[{"href":"https:\/\/esei.uvigo.es\/es\/wp-json\/wp\/v2\/pages"}],"about":[{"href":"https:\/\/esei.uvigo.es\/es\/wp-json\/wp\/v2\/types\/page"}],"author":[{"embeddable":true,"href":"https:\/\/esei.uvigo.es\/es\/wp-json\/wp\/v2\/users\/10"}],"replies":[{"embeddable":true,"href":"https:\/\/esei.uvigo.es\/es\/wp-json\/wp\/v2\/comments?post=22860"}],"version-history":[{"count":2,"href":"https:\/\/esei.uvigo.es\/es\/wp-json\/wp\/v2\/pages\/22860\/revisions"}],"predecessor-version":[{"id":24767,"href":"https:\/\/esei.uvigo.es\/es\/wp-json\/wp\/v2\/pages\/22860\/revisions\/24767"}],"up":[{"embeddable":true,"href":"https:\/\/esei.uvigo.es\/es\/wp-json\/wp\/v2\/pages\/22852"}],"wp:attachment":[{"href":"https:\/\/esei.uvigo.es\/es\/wp-json\/wp\/v2\/media?parent=22860"}],"curies":[{"name":"wp","href":"https:\/\/api.w.org\/{rel}","templated":true}]}}