{"id":22852,"date":"2018-09-04T14:09:19","date_gmt":"2018-09-04T12:09:19","guid":{"rendered":"https:\/\/esei.uvigo.es\/estudos\/master-universitario-en-enxenaria-informatica\/"},"modified":"2026-05-07T20:18:01","modified_gmt":"2026-05-07T18:18:01","slug":"master-universitario-en-enxenaria-informatica","status":"publish","type":"page","link":"https:\/\/esei.uvigo.es\/es\/estudos\/master-universitario-en-enxenaria-informatica\/","title":{"rendered":"M\u00e1ster Universitario en Ingenier\u00eda Inform\u00e1tica"},"content":{"rendered":"<p>El M\u00e1ster Universitario en Ingenier\u00eda Inform\u00e1tica por la Universidad de Vigo, titulaci\u00f3n que obtuvo el <a href=\"https:\/\/www.aneca.es\/sello-euroinf-de-informatica\" target=\"_blank\" rel=\"noopener\"><strong>Sello Internacional EUROINF<\/strong><\/a>\u00a0en mayo de 2023, tiene como objetivo primordial a preparaci\u00f3n de profesionales altamente cualificados, capaces de planificar, dise\u00f1ar, dirigir, coordinar y gestionar proyectos, productos, procesos e instalaciones en todos los \u00e1mbitos de la Ingenier\u00eda Inform\u00e1tica.<\/p>\n<p>El Sello EUROINF de Inform\u00e1tica es un certificado concedido por la agencia autorizada por <em>European Quality Assurance Network for Informatics Education<\/em> (EQANIE) que avala que un programa formativo de Ingenier\u00eda de nivel de Grado o M\u00e1ster cumple cob los est\u00e1ndares internacionales, establecidos por personas acad\u00e9micas y profesionales que colaboran con dicha agencia.<\/p>\n<p><img loading=\"lazy\" decoding=\"async\" class=\" wp-image-27899 aligncenter\" src=\"https:\/\/esei.uvigo.es\/wp-content\/uploads\/2025\/02\/Diploma_EuroINF_MEI-212x300.jpg\" alt=\"\" width=\"362\" height=\"512\" srcset=\"https:\/\/esei.uvigo.es\/wp-content\/uploads\/2025\/02\/Diploma_EuroINF_MEI-212x300.jpg 212w, https:\/\/esei.uvigo.es\/wp-content\/uploads\/2025\/02\/Diploma_EuroINF_MEI.jpg 725w\" sizes=\"auto, (max-width: 362px) 100vw, 362px\" \/><\/p>\n<p>Este M\u00e1ster tiene una carga docente de 90 ECTS, se imparte durante tres cuatrimestres (1 curso y medio), y tiene tres orientaciones o intensificaciones con un elevado nivel de empleabilidad en el entorno socioecon\u00f3mico gallego y espa\u00f1ol:<\/p>\n<ul>\n<li>Ingenier\u00eda Inform\u00e1tica: profesi\u00f3n en la pr\u00e1ctica (OPCI\u00d3N DUAL)<\/li>\n<li>Seguridad Inform\u00e1tica en Sistemas y Redes<\/li>\n<li>Desarrollo de Grandes Sistemas Software<\/li>\n<\/ul>\n<ul class=\"list-peak\">\n<li><a href=\"https:\/\/esei.uvigo.es\/documentos\/master_memoria_descripciontitulo\/\">Descripci\u00f3n del t\u00edtulo<\/a><\/li>\n<\/ul>\n<p><strong>Coordinador<\/strong>: <a href=\"https:\/\/esei.uvigo.es\/es\/docencia\/profesorado\/profesor\/garcia-lourenco-analia-maria\/\">An\u00e1lia Mar\u00eda Garc\u00eda Louren\u00e7o<\/a><\/p>\n<p><strong>Lenguas de impartici\u00f3n<\/strong>: Castellano, gallego<\/p>\n<ul>\n<li>Fecha de verificaci\u00f3n del t\u00edtulo: 16\/12\/2011<\/li>\n<li>Fecha de aprobaci\u00f3n por el Consejo de Ministros: 08\/03\/2013<\/li>\n<li>Fecha de autorizaci\u00f3n de la implantaci\u00f3n por la Xunta de Galicia: 08\/11\/2012<\/li>\n<li>Fecha de inscripci\u00f3n en el RUCT: 08\/03\/2013<\/li>\n<li>Fecha de publicaci\u00f3n en el BOE: 23\/04\/2013<\/li>\n<li>Curso de Implantaci\u00f3n: 2012-2013<\/li>\n<\/ul>\n<p><strong>Profesiones para las que capacita el t\u00edtulo<\/strong>: Ingeniero\/a Inform\u00e1tico\/a<\/p>\n<p><em>Nota:\u00a0<\/em><em>La profesi\u00f3n no cuenta con atribuciones profesionales, pero s\u00ed existe un marco legal de referencia sobre la profesi\u00f3n (Resoluci\u00f3n de 8 de junio de 2009, de la Secretar\u00eda General de Universidades, por la que se da publicidad al Acuerdo de \u00e9l Consejo de Universidades, por el que se establecen recomendaciones para la propuesta por las universidades de memorias de solicitud de t\u00edtulos oficiales en los \u00e1mbitos de la Ingenier\u00eda Inform\u00e1tica, Ingenier\u00eda T\u00e9cnica Inform\u00e1tica e Ingenier\u00eda Qu\u00edmica- BOE-A-2009-12977)<\/em>.<\/p>\n","protected":false},"excerpt":{"rendered":"<p>El M\u00e1ster Universitario en Ingenier\u00eda Inform\u00e1tica por la Universidad de Vigo, titulaci\u00f3n que obtuvo el Sello Internacional EUROINF\u00a0en mayo de 2023, tiene como objetivo primordial &hellip; <a class=\"excerpt_more\" href=\"https:\/\/esei.uvigo.es\/es\/estudos\/master-universitario-en-enxenaria-informatica\/\">Contin\u00faa<\/a><\/p>\n","protected":false},"author":10,"featured_media":0,"parent":22841,"menu_order":6,"comment_status":"closed","ping_status":"closed","template":"","meta":{"_acf_changed":false,"footnotes":""},"class_list":["post-22852","page","type-page","status-publish","hentry"],"acf":[],"yoast_head":"<!-- This site is optimized with the Yoast SEO plugin v27.6 - https:\/\/yoast.com\/product\/yoast-seo-wordpress\/ -->\n<title>M\u00e1ster Universitario en Ingenier\u00eda Inform\u00e1tica | Escola Superior de Enxe\u00f1ar\u00eda Inform\u00e1tica<\/title>\n<meta name=\"robots\" content=\"index, follow, max-snippet:-1, max-image-preview:large, max-video-preview:-1\" \/>\n<link rel=\"canonical\" href=\"https:\/\/esei.uvigo.es\/es\/estudos\/master-universitario-en-enxenaria-informatica\/\" \/>\n<meta property=\"og:locale\" content=\"es_ES\" \/>\n<meta property=\"og:type\" content=\"article\" \/>\n<meta property=\"og:title\" content=\"M\u00e1ster Universitario en Ingenier\u00eda Inform\u00e1tica | Escola Superior de Enxe\u00f1ar\u00eda Inform\u00e1tica\" \/>\n<meta property=\"og:description\" content=\"El M\u00e1ster Universitario en Ingenier\u00eda Inform\u00e1tica por la Universidad de Vigo, titulaci\u00f3n que obtuvo el Sello Internacional EUROINF\u00a0en mayo de 2023, tiene como objetivo primordial &hellip; Contin\u00faa\" \/>\n<meta property=\"og:url\" content=\"https:\/\/esei.uvigo.es\/es\/estudos\/master-universitario-en-enxenaria-informatica\/\" \/>\n<meta property=\"og:site_name\" content=\"Escola Superior de Enxe\u00f1ar\u00eda Inform\u00e1tica\" \/>\n<meta property=\"article:modified_time\" content=\"2026-05-07T18:18:01+00:00\" \/>\n<meta property=\"og:image\" content=\"https:\/\/esei.uvigo.es\/wp-content\/uploads\/2025\/02\/Diploma_EuroINF_MEI.jpg\" \/>\n\t<meta property=\"og:image:width\" content=\"725\" \/>\n\t<meta property=\"og:image:height\" content=\"1024\" \/>\n\t<meta property=\"og:image:type\" content=\"image\/jpeg\" \/>\n<meta name=\"twitter:card\" content=\"summary_large_image\" \/>\n<meta name=\"twitter:label1\" content=\"Tiempo de lectura\" \/>\n\t<meta name=\"twitter:data1\" content=\"2 minutos\" \/>\n<script type=\"application\/ld+json\" class=\"yoast-schema-graph\">{\"@context\":\"https:\\\/\\\/schema.org\",\"@graph\":[{\"@type\":\"WebPage\",\"@id\":\"https:\\\/\\\/esei.uvigo.es\\\/es\\\/estudos\\\/master-universitario-en-enxenaria-informatica\\\/\",\"url\":\"https:\\\/\\\/esei.uvigo.es\\\/es\\\/estudos\\\/master-universitario-en-enxenaria-informatica\\\/\",\"name\":\"M\u00e1ster Universitario en Ingenier\u00eda Inform\u00e1tica | Escola Superior de Enxe\u00f1ar\u00eda Inform\u00e1tica\",\"isPartOf\":{\"@id\":\"https:\\\/\\\/esei.uvigo.es\\\/es\\\/#website\"},\"primaryImageOfPage\":{\"@id\":\"https:\\\/\\\/esei.uvigo.es\\\/es\\\/estudos\\\/master-universitario-en-enxenaria-informatica\\\/#primaryimage\"},\"image\":{\"@id\":\"https:\\\/\\\/esei.uvigo.es\\\/es\\\/estudos\\\/master-universitario-en-enxenaria-informatica\\\/#primaryimage\"},\"thumbnailUrl\":\"https:\\\/\\\/esei.uvigo.es\\\/wp-content\\\/uploads\\\/2025\\\/02\\\/Diploma_EuroINF_MEI-212x300.jpg\",\"datePublished\":\"2018-09-04T12:09:19+00:00\",\"dateModified\":\"2026-05-07T18:18:01+00:00\",\"breadcrumb\":{\"@id\":\"https:\\\/\\\/esei.uvigo.es\\\/es\\\/estudos\\\/master-universitario-en-enxenaria-informatica\\\/#breadcrumb\"},\"inLanguage\":\"es\",\"potentialAction\":[{\"@type\":\"ReadAction\",\"target\":[\"https:\\\/\\\/esei.uvigo.es\\\/es\\\/estudos\\\/master-universitario-en-enxenaria-informatica\\\/\"]}]},{\"@type\":\"ImageObject\",\"inLanguage\":\"es\",\"@id\":\"https:\\\/\\\/esei.uvigo.es\\\/es\\\/estudos\\\/master-universitario-en-enxenaria-informatica\\\/#primaryimage\",\"url\":\"https:\\\/\\\/esei.uvigo.es\\\/wp-content\\\/uploads\\\/2025\\\/02\\\/Diploma_EuroINF_MEI-212x300.jpg\",\"contentUrl\":\"https:\\\/\\\/esei.uvigo.es\\\/wp-content\\\/uploads\\\/2025\\\/02\\\/Diploma_EuroINF_MEI-212x300.jpg\"},{\"@type\":\"BreadcrumbList\",\"@id\":\"https:\\\/\\\/esei.uvigo.es\\\/es\\\/estudos\\\/master-universitario-en-enxenaria-informatica\\\/#breadcrumb\",\"itemListElement\":[{\"@type\":\"ListItem\",\"position\":1,\"name\":\"Portada\",\"item\":\"https:\\\/\\\/esei.uvigo.es\\\/es\\\/\"},{\"@type\":\"ListItem\",\"position\":2,\"name\":\"Estudios\",\"item\":\"https:\\\/\\\/esei.uvigo.es\\\/es\\\/estudos\\\/\"},{\"@type\":\"ListItem\",\"position\":3,\"name\":\"M\u00e1ster Universitario en Ingenier\u00eda Inform\u00e1tica\"}]},{\"@type\":\"WebSite\",\"@id\":\"https:\\\/\\\/esei.uvigo.es\\\/es\\\/#website\",\"url\":\"https:\\\/\\\/esei.uvigo.es\\\/es\\\/\",\"name\":\"Escola Superior de Enxe\u00f1ar\u00eda Inform\u00e1tica\",\"description\":\"\",\"publisher\":{\"@id\":\"https:\\\/\\\/esei.uvigo.es\\\/es\\\/#organization\"},\"potentialAction\":[{\"@type\":\"SearchAction\",\"target\":{\"@type\":\"EntryPoint\",\"urlTemplate\":\"https:\\\/\\\/esei.uvigo.es\\\/es\\\/?s={search_term_string}\"},\"query-input\":{\"@type\":\"PropertyValueSpecification\",\"valueRequired\":true,\"valueName\":\"search_term_string\"}}],\"inLanguage\":\"es\"},{\"@type\":\"Organization\",\"@id\":\"https:\\\/\\\/esei.uvigo.es\\\/es\\\/#organization\",\"name\":\"Escola Superior de Enxe\u00f1ar\u00eda Inform\u00e1tica\",\"url\":\"https:\\\/\\\/esei.uvigo.es\\\/es\\\/\",\"logo\":{\"@type\":\"ImageObject\",\"inLanguage\":\"es\",\"@id\":\"https:\\\/\\\/esei.uvigo.es\\\/es\\\/#\\\/schema\\\/logo\\\/image\\\/\",\"url\":\"https:\\\/\\\/esei.uvigo.es\\\/wp-content\\\/uploads\\\/2019\\\/09\\\/esei.png\",\"contentUrl\":\"https:\\\/\\\/esei.uvigo.es\\\/wp-content\\\/uploads\\\/2019\\\/09\\\/esei.png\",\"width\":579,\"height\":98,\"caption\":\"Escola Superior de Enxe\u00f1ar\u00eda Inform\u00e1tica\"},\"image\":{\"@id\":\"https:\\\/\\\/esei.uvigo.es\\\/es\\\/#\\\/schema\\\/logo\\\/image\\\/\"}}]}<\/script>\n<!-- \/ Yoast SEO plugin. -->","yoast_head_json":{"title":"M\u00e1ster Universitario en Ingenier\u00eda Inform\u00e1tica | Escola Superior de Enxe\u00f1ar\u00eda Inform\u00e1tica","robots":{"index":"index","follow":"follow","max-snippet":"max-snippet:-1","max-image-preview":"max-image-preview:large","max-video-preview":"max-video-preview:-1"},"canonical":"https:\/\/esei.uvigo.es\/es\/estudos\/master-universitario-en-enxenaria-informatica\/","og_locale":"es_ES","og_type":"article","og_title":"M\u00e1ster Universitario en Ingenier\u00eda Inform\u00e1tica | Escola Superior de Enxe\u00f1ar\u00eda Inform\u00e1tica","og_description":"El M\u00e1ster Universitario en Ingenier\u00eda Inform\u00e1tica por la Universidad de Vigo, titulaci\u00f3n que obtuvo el Sello Internacional EUROINF\u00a0en mayo de 2023, tiene como objetivo primordial &hellip; Contin\u00faa","og_url":"https:\/\/esei.uvigo.es\/es\/estudos\/master-universitario-en-enxenaria-informatica\/","og_site_name":"Escola Superior de Enxe\u00f1ar\u00eda Inform\u00e1tica","article_modified_time":"2026-05-07T18:18:01+00:00","og_image":[{"width":725,"height":1024,"url":"https:\/\/esei.uvigo.es\/wp-content\/uploads\/2025\/02\/Diploma_EuroINF_MEI.jpg","type":"image\/jpeg"}],"twitter_card":"summary_large_image","twitter_misc":{"Tiempo de lectura":"2 minutos"},"schema":{"@context":"https:\/\/schema.org","@graph":[{"@type":"WebPage","@id":"https:\/\/esei.uvigo.es\/es\/estudos\/master-universitario-en-enxenaria-informatica\/","url":"https:\/\/esei.uvigo.es\/es\/estudos\/master-universitario-en-enxenaria-informatica\/","name":"M\u00e1ster Universitario en Ingenier\u00eda Inform\u00e1tica | Escola Superior de Enxe\u00f1ar\u00eda Inform\u00e1tica","isPartOf":{"@id":"https:\/\/esei.uvigo.es\/es\/#website"},"primaryImageOfPage":{"@id":"https:\/\/esei.uvigo.es\/es\/estudos\/master-universitario-en-enxenaria-informatica\/#primaryimage"},"image":{"@id":"https:\/\/esei.uvigo.es\/es\/estudos\/master-universitario-en-enxenaria-informatica\/#primaryimage"},"thumbnailUrl":"https:\/\/esei.uvigo.es\/wp-content\/uploads\/2025\/02\/Diploma_EuroINF_MEI-212x300.jpg","datePublished":"2018-09-04T12:09:19+00:00","dateModified":"2026-05-07T18:18:01+00:00","breadcrumb":{"@id":"https:\/\/esei.uvigo.es\/es\/estudos\/master-universitario-en-enxenaria-informatica\/#breadcrumb"},"inLanguage":"es","potentialAction":[{"@type":"ReadAction","target":["https:\/\/esei.uvigo.es\/es\/estudos\/master-universitario-en-enxenaria-informatica\/"]}]},{"@type":"ImageObject","inLanguage":"es","@id":"https:\/\/esei.uvigo.es\/es\/estudos\/master-universitario-en-enxenaria-informatica\/#primaryimage","url":"https:\/\/esei.uvigo.es\/wp-content\/uploads\/2025\/02\/Diploma_EuroINF_MEI-212x300.jpg","contentUrl":"https:\/\/esei.uvigo.es\/wp-content\/uploads\/2025\/02\/Diploma_EuroINF_MEI-212x300.jpg"},{"@type":"BreadcrumbList","@id":"https:\/\/esei.uvigo.es\/es\/estudos\/master-universitario-en-enxenaria-informatica\/#breadcrumb","itemListElement":[{"@type":"ListItem","position":1,"name":"Portada","item":"https:\/\/esei.uvigo.es\/es\/"},{"@type":"ListItem","position":2,"name":"Estudios","item":"https:\/\/esei.uvigo.es\/es\/estudos\/"},{"@type":"ListItem","position":3,"name":"M\u00e1ster Universitario en Ingenier\u00eda Inform\u00e1tica"}]},{"@type":"WebSite","@id":"https:\/\/esei.uvigo.es\/es\/#website","url":"https:\/\/esei.uvigo.es\/es\/","name":"Escola Superior de Enxe\u00f1ar\u00eda Inform\u00e1tica","description":"","publisher":{"@id":"https:\/\/esei.uvigo.es\/es\/#organization"},"potentialAction":[{"@type":"SearchAction","target":{"@type":"EntryPoint","urlTemplate":"https:\/\/esei.uvigo.es\/es\/?s={search_term_string}"},"query-input":{"@type":"PropertyValueSpecification","valueRequired":true,"valueName":"search_term_string"}}],"inLanguage":"es"},{"@type":"Organization","@id":"https:\/\/esei.uvigo.es\/es\/#organization","name":"Escola Superior de Enxe\u00f1ar\u00eda Inform\u00e1tica","url":"https:\/\/esei.uvigo.es\/es\/","logo":{"@type":"ImageObject","inLanguage":"es","@id":"https:\/\/esei.uvigo.es\/es\/#\/schema\/logo\/image\/","url":"https:\/\/esei.uvigo.es\/wp-content\/uploads\/2019\/09\/esei.png","contentUrl":"https:\/\/esei.uvigo.es\/wp-content\/uploads\/2019\/09\/esei.png","width":579,"height":98,"caption":"Escola Superior de Enxe\u00f1ar\u00eda Inform\u00e1tica"},"image":{"@id":"https:\/\/esei.uvigo.es\/es\/#\/schema\/logo\/image\/"}}]}},"_links":{"self":[{"href":"https:\/\/esei.uvigo.es\/es\/wp-json\/wp\/v2\/pages\/22852","targetHints":{"allow":["GET"]}}],"collection":[{"href":"https:\/\/esei.uvigo.es\/es\/wp-json\/wp\/v2\/pages"}],"about":[{"href":"https:\/\/esei.uvigo.es\/es\/wp-json\/wp\/v2\/types\/page"}],"author":[{"embeddable":true,"href":"https:\/\/esei.uvigo.es\/es\/wp-json\/wp\/v2\/users\/10"}],"replies":[{"embeddable":true,"href":"https:\/\/esei.uvigo.es\/es\/wp-json\/wp\/v2\/comments?post=22852"}],"version-history":[{"count":11,"href":"https:\/\/esei.uvigo.es\/es\/wp-json\/wp\/v2\/pages\/22852\/revisions"}],"predecessor-version":[{"id":30302,"href":"https:\/\/esei.uvigo.es\/es\/wp-json\/wp\/v2\/pages\/22852\/revisions\/30302"}],"up":[{"embeddable":true,"href":"https:\/\/esei.uvigo.es\/es\/wp-json\/wp\/v2\/pages\/22841"}],"wp:attachment":[{"href":"https:\/\/esei.uvigo.es\/es\/wp-json\/wp\/v2\/media?parent=22852"}],"curies":[{"name":"wp","href":"https:\/\/api.w.org\/{rel}","templated":true}]}}