{"id":22848,"date":"2019-02-06T13:26:18","date_gmt":"2019-02-06T12:26:18","guid":{"rendered":"https:\/\/esei.uvigo.es\/estudos\/grao-en-enxenaria-informatica\/especialidades\/"},"modified":"2025-06-01T23:47:32","modified_gmt":"2025-06-01T21:47:32","slug":"especialidades","status":"publish","type":"page","link":"https:\/\/esei.uvigo.es\/es\/estudos\/grao-en-enxenaria-informatica\/especialidades\/","title":{"rendered":"Especialidades"},"content":{"rendered":"<p>Como consecuencia de la visi\u00f3n de las necesidades del mercado laboral obtenida tras los estudios realizados durante la elaboraci\u00f3n del plan de estudios, se ofertan dos perfiles profesionales diferenciados y con elevado atractivo en el entorno socioecon\u00f3mico gallego y espa\u00f1ol.<\/p>\n<p>El alumnado debe cursar 30 ECTS (cinco materias) de optatividad, a elegir en una oferta de 12 materias en total de las dos especialidades.<\/p>\n<p>El alumnado podr\u00e1 escoger materias optativas de cualquiera de los dos itinerarios, aunque para que en su t\u00edtulo se acredite que curs\u00f3 un itinerario deber\u00e1 superar al menos 24 ECTS en materias pertenecientes al mismo. En esos 24 ECTS no se contabilizan las pr\u00e1cticas profesionales.<\/p>\n<h2>Ingenier\u00eda del Software<\/h2>\n<p class=\"bodytext\"><em>Coordinador<\/em>: <a href=\"https:\/\/esei.uvigo.es\/es\/docencia\/profesorado\/profesor\/otero-cerdeira-lorena\/\" target=\"_blank\" rel=\"noopener\">Otero Cerdeira, Lorena<\/a><\/p>\n<p class=\"bodytext\">El dise\u00f1o de este perfil, especialmente atractivo para consultoras y empresas dedicadas al desarrollo de aplicaciones software, est\u00e1 inspirado en el curriculum \u00ab<i>Software Engineering<\/i>\u00bb propuesto por la ACM (<i>Association for Computing Machinery<\/i>). Un profesional con este perfil tendr\u00e1 las capacidades necesarias para asumir responsabilidades y funciones como:<\/p>\n<ul>\n<li>Direcci\u00f3n y coordinaci\u00f3n de proyectos de desarrollo de software.<\/li>\n<li>An\u00e1lisis de requisitos de software.<\/li>\n<li>Modelado de software.<\/li>\n<li>Creaci\u00f3n y aplicaci\u00f3n de las pruebas que permitan verificar que los sistemas inform\u00e1ticos cumplen requisitos y especificaciones.<\/li>\n<li>Participaci\u00f3n en el dise\u00f1o de sistemas inform\u00e1ticos en la informatizaci\u00f3n de \u00e1reas de las organizaciones.<\/li>\n<li>Direcci\u00f3n de la implantaci\u00f3n de sistemas integrados (ERP, CRM, etc.) o de los sistemas abiertos de arquitectura empresarial definidos en las pol\u00edticas inform\u00e1ticas de la empresa (frameworks, etc.).<\/li>\n<\/ul>\n<p class=\"bodytext\">Las asignaturas que componen esta especialidad son:<\/p>\n<p>OFERTADAS<\/p>\n<ul class=\"list-peak\">\n<li class=\"bodytext\"><a class=\"internal-link\" style=\"font-size: 1rem; background-color: #ffffff;\" href=\"https:\/\/esei.uvigo.es\/es\/asignaturas\/grao\/aplicacions-con-linguaxes-de-script\/\" rel=\"noopener noreferrer\">Aplicaciones con lenguajes de script<\/a><\/li>\n<li class=\"bodytext\"><a class=\"internal-link\" style=\"font-size: 1rem; background-color: #ffffff;\" href=\"https:\/\/esei.uvigo.es\/es\/asignaturas\/grao\/desenvolvemento-axil-de-aplicacions\/\" rel=\"noopener noreferrer\">Desarrollo \u00e1gil de aplicaciones<\/a><\/li>\n<li><a class=\"internal-link\" style=\"font-size: 1rem; background-color: #ffffff;\" href=\"https:\/\/esei.uvigo.es\/es\/asignaturas\/grao\/desenvolvemento-e-integracion-de-aplicacions\/\" rel=\"noopener noreferrer\">Desarrollo e integraci\u00f3n de aplicaciones<\/a><\/li>\n<li class=\"bodytext\"><a class=\"internal-link\" style=\"font-size: 1rem; background-color: #ffffff;\" href=\"https:\/\/esei.uvigo.es\/es\/asignaturas\/grao\/deseno-de-arquitecturas-de-grandes-sistemas-software\/\" rel=\"noopener noreferrer\">Dise\u00f1o de arquitecturas de grandes sistemas de software<\/a><\/li>\n<li class=\"bodytext\"><a class=\"internal-link\" style=\"font-size: 1rem; background-color: #ffffff;\" href=\"https:\/\/esei.uvigo.es\/es\/asignaturas\/grao\/metodos-avanzados-de-enxenaria-de-software\/\" rel=\"noopener noreferrer\">M\u00e9todos avanzados de ingenier\u00eda de software<\/a><\/li>\n<li class=\"bodytext\"><a class=\"internal-link\" style=\"font-size: 1rem; background-color: #ffffff;\" href=\"https:\/\/esei.uvigo.es\/es\/asignaturas\/grao\/sistemas-de-negocio\/\" rel=\"noopener noreferrer\">Sistemas de negocio<\/a><\/li>\n<\/ul>\n<p>NO OFERTADAS<\/p>\n<ul class=\"list-peak\">\n<li class=\"bodytext\"><em>Arquitecturas web y orientadas a servicios<\/em><\/li>\n<li class=\"bodytext\"><em>Computaci\u00f3n y software en la nube<\/em><\/li>\n<li class=\"bodytext\"><em>Desarrollo y calidad del software<\/em><\/li>\n<li class=\"bodytext\"><em>Procesos de software<\/em><\/li>\n<\/ul>\n<h2>Tecnolog\u00edas de la informaci\u00f3n<\/h2>\n<p class=\"bodytext\"><em>Coordinador<\/em>: <a class=\"internal-link\" href=\"https:\/\/esei.uvigo.es\/es\/docencia\/profesorado\/profesor\/reboiro-jato-miguel\/\" target=\"_blank\" rel=\"noopener\">Reboiro Jato, Miguel<\/a><\/p>\n<p>El dise\u00f1o de este perfil, especialmente atractivo para los departamentos tecnol\u00f3gicos de empresas de cualquier sector industrial, est\u00e1 guiado por el curr\u00edculum \u00abInformation Technology\u00bb propuesto por la ACM. Un profesional con este perfil podr\u00e1 asumir responsabilidades como:<\/p>\n<ul>\n<li>Selecci\u00f3n e integraci\u00f3n de productos hardware y software adecuados para una organizaci\u00f3n.<\/li>\n<li>Definici\u00f3n de las pol\u00edticas de los sistemas hardware y de red, as\u00ed como las caracter\u00edsticas de los sistemas de comunicaciones.<\/li>\n<li>Definici\u00f3n de la pol\u00edtica inform\u00e1tica de la empresa a medio y largo plazo.<\/li>\n<li>Participaci\u00f3n en la implantaci\u00f3n de herramientas de Datawarehouse, SIAD, Fecha Mining, etc.<\/li>\n<li>Desarrollo coherente de las actividades de Internet de la empresa y gesti\u00f3n de la evoluci\u00f3n en funci\u00f3n de las necesidades estrat\u00e9gicas de la empresa.<\/li>\n<li>Dise\u00f1o de la seguridad del sistema inform\u00e1tico.<\/li>\n<li>Vigilancia de la tecnolog\u00eda y definici\u00f3n de las orientaciones t\u00e9cnicas.<\/li>\n<\/ul>\n<p class=\"bodytext\">Las asignaturas que componen esta especialidad son:<\/p>\n<p>OFERTADAS<\/p>\n<ul class=\"list-peak\">\n<li class=\"bodytext\"><a class=\"internal-link\" style=\"font-size: 1rem; background-color: #ffffff;\" href=\"https:\/\/esei.uvigo.es\/es\/asignaturas\/grao\/creacion-de-contidos-dixitais\/\" rel=\"noopener noreferrer\">Creaci\u00f3n de contenidos digitales<\/a><\/li>\n<li><a class=\"internal-link\" style=\"font-size: 1rem; background-color: #ffffff;\" href=\"https:\/\/esei.uvigo.es\/es\/asignaturas\/grao\/desenvolvemento-de-aplicacions-para-internet\/\" rel=\"noopener noreferrer\">Desarrollo de aplicaciones para Internet<\/a><\/li>\n<li class=\"bodytext\"><a class=\"internal-link\" style=\"font-size: 1rem; background-color: #ffffff;\" href=\"https:\/\/esei.uvigo.es\/es\/asignaturas\/grao\/dispositivos-mobiles\/\" rel=\"noopener noreferrer\">Dispositivos m\u00f3viles<\/a><\/li>\n<li><a class=\"internal-link\" style=\"font-size: 1rem; background-color: #ffffff;\" href=\"https:\/\/esei.uvigo.es\/es\/asignaturas\/grao\/tecnicas-avanzadas-de-manexo-de-informacion\/\" rel=\"noopener noreferrer\">T\u00e9cnicas avanzadas de manejo de informaci\u00f3n<\/a><\/li>\n<li><a class=\"internal-link\" href=\"https:\/\/esei.uvigo.es\/es\/asignaturas\/grao\/tecnoloxias-e-servizos-web\/\" rel=\"noopener noreferrer\">Tecnolog\u00edas y servicios web<\/a><\/li>\n<li><a class=\"internal-link\" style=\"font-size: 1rem; background-color: #ffffff;\" href=\"https:\/\/esei.uvigo.es\/es\/asignaturas\/grao\/teoria-de-codigos\/\" rel=\"noopener noreferrer\">Teor\u00eda de c\u00f3digos<\/a><\/li>\n<\/ul>\n<p>NO OFERTADAS<\/p>\n<ul class=\"list-peak\">\n<li><em>Direcci\u00f3n estrat\u00e9gica de las TIC<\/em><\/li>\n<li class=\"bodytext\"><em>Inform\u00e1tica industrial<\/em><\/li>\n<li class=\"bodytext\"><em>Modelado y simulaci\u00f3n de procesos<\/em><\/li>\n<li class=\"bodytext\"><em>Redes corporativas<\/em><\/li>\n<\/ul>\n","protected":false},"excerpt":{"rendered":"<p>Como consecuencia de la visi\u00f3n de las necesidades del mercado laboral obtenida tras los estudios realizados durante la elaboraci\u00f3n del plan de estudios, se ofertan &hellip; <a class=\"excerpt_more\" href=\"https:\/\/esei.uvigo.es\/es\/estudos\/grao-en-enxenaria-informatica\/especialidades\/\">Contin\u00faa<\/a><\/p>\n","protected":false},"author":10,"featured_media":0,"parent":22842,"menu_order":26,"comment_status":"closed","ping_status":"closed","template":"","meta":{"_acf_changed":false,"footnotes":""},"class_list":["post-22848","page","type-page","status-publish","hentry"],"acf":[],"yoast_head":"<!-- This site is optimized with the Yoast SEO plugin v27.6 - https:\/\/yoast.com\/product\/yoast-seo-wordpress\/ -->\n<title>Especialidades | Escola Superior de Enxe\u00f1ar\u00eda Inform\u00e1tica<\/title>\n<meta name=\"robots\" content=\"index, follow, max-snippet:-1, max-image-preview:large, max-video-preview:-1\" \/>\n<link rel=\"canonical\" href=\"https:\/\/esei.uvigo.es\/es\/estudos\/grao-en-enxenaria-informatica\/especialidades\/\" \/>\n<meta property=\"og:locale\" content=\"es_ES\" \/>\n<meta property=\"og:type\" content=\"article\" \/>\n<meta property=\"og:title\" content=\"Especialidades | Escola Superior de Enxe\u00f1ar\u00eda Inform\u00e1tica\" \/>\n<meta property=\"og:description\" content=\"Como consecuencia de la visi\u00f3n de las necesidades del mercado laboral obtenida tras los estudios realizados durante la elaboraci\u00f3n del plan de estudios, se ofertan &hellip; Contin\u00faa\" \/>\n<meta property=\"og:url\" content=\"https:\/\/esei.uvigo.es\/es\/estudos\/grao-en-enxenaria-informatica\/especialidades\/\" \/>\n<meta property=\"og:site_name\" content=\"Escola Superior de Enxe\u00f1ar\u00eda Inform\u00e1tica\" \/>\n<meta property=\"article:modified_time\" content=\"2025-06-01T21:47:32+00:00\" \/>\n<meta name=\"twitter:card\" content=\"summary_large_image\" \/>\n<meta name=\"twitter:label1\" content=\"Tiempo de lectura\" \/>\n\t<meta name=\"twitter:data1\" content=\"3 minutos\" \/>\n<script type=\"application\/ld+json\" class=\"yoast-schema-graph\">{\"@context\":\"https:\\\/\\\/schema.org\",\"@graph\":[{\"@type\":\"WebPage\",\"@id\":\"https:\\\/\\\/esei.uvigo.es\\\/es\\\/estudos\\\/grao-en-enxenaria-informatica\\\/especialidades\\\/\",\"url\":\"https:\\\/\\\/esei.uvigo.es\\\/es\\\/estudos\\\/grao-en-enxenaria-informatica\\\/especialidades\\\/\",\"name\":\"Especialidades | Escola Superior de Enxe\u00f1ar\u00eda Inform\u00e1tica\",\"isPartOf\":{\"@id\":\"https:\\\/\\\/esei.uvigo.es\\\/es\\\/#website\"},\"datePublished\":\"2019-02-06T12:26:18+00:00\",\"dateModified\":\"2025-06-01T21:47:32+00:00\",\"breadcrumb\":{\"@id\":\"https:\\\/\\\/esei.uvigo.es\\\/es\\\/estudos\\\/grao-en-enxenaria-informatica\\\/especialidades\\\/#breadcrumb\"},\"inLanguage\":\"es\",\"potentialAction\":[{\"@type\":\"ReadAction\",\"target\":[\"https:\\\/\\\/esei.uvigo.es\\\/es\\\/estudos\\\/grao-en-enxenaria-informatica\\\/especialidades\\\/\"]}]},{\"@type\":\"BreadcrumbList\",\"@id\":\"https:\\\/\\\/esei.uvigo.es\\\/es\\\/estudos\\\/grao-en-enxenaria-informatica\\\/especialidades\\\/#breadcrumb\",\"itemListElement\":[{\"@type\":\"ListItem\",\"position\":1,\"name\":\"Portada\",\"item\":\"https:\\\/\\\/esei.uvigo.es\\\/es\\\/\"},{\"@type\":\"ListItem\",\"position\":2,\"name\":\"Estudios\",\"item\":\"https:\\\/\\\/esei.uvigo.es\\\/es\\\/estudos\\\/\"},{\"@type\":\"ListItem\",\"position\":3,\"name\":\"Grado en Ingenier\u00eda Inform\u00e1tica\",\"item\":\"https:\\\/\\\/esei.uvigo.es\\\/es\\\/estudos\\\/grao-en-enxenaria-informatica\\\/\"},{\"@type\":\"ListItem\",\"position\":4,\"name\":\"Especialidades\"}]},{\"@type\":\"WebSite\",\"@id\":\"https:\\\/\\\/esei.uvigo.es\\\/es\\\/#website\",\"url\":\"https:\\\/\\\/esei.uvigo.es\\\/es\\\/\",\"name\":\"Escola Superior de Enxe\u00f1ar\u00eda Inform\u00e1tica\",\"description\":\"\",\"publisher\":{\"@id\":\"https:\\\/\\\/esei.uvigo.es\\\/es\\\/#organization\"},\"potentialAction\":[{\"@type\":\"SearchAction\",\"target\":{\"@type\":\"EntryPoint\",\"urlTemplate\":\"https:\\\/\\\/esei.uvigo.es\\\/es\\\/?s={search_term_string}\"},\"query-input\":{\"@type\":\"PropertyValueSpecification\",\"valueRequired\":true,\"valueName\":\"search_term_string\"}}],\"inLanguage\":\"es\"},{\"@type\":\"Organization\",\"@id\":\"https:\\\/\\\/esei.uvigo.es\\\/es\\\/#organization\",\"name\":\"Escola Superior de Enxe\u00f1ar\u00eda Inform\u00e1tica\",\"url\":\"https:\\\/\\\/esei.uvigo.es\\\/es\\\/\",\"logo\":{\"@type\":\"ImageObject\",\"inLanguage\":\"es\",\"@id\":\"https:\\\/\\\/esei.uvigo.es\\\/es\\\/#\\\/schema\\\/logo\\\/image\\\/\",\"url\":\"https:\\\/\\\/esei.uvigo.es\\\/wp-content\\\/uploads\\\/2019\\\/09\\\/esei.png\",\"contentUrl\":\"https:\\\/\\\/esei.uvigo.es\\\/wp-content\\\/uploads\\\/2019\\\/09\\\/esei.png\",\"width\":579,\"height\":98,\"caption\":\"Escola Superior de Enxe\u00f1ar\u00eda Inform\u00e1tica\"},\"image\":{\"@id\":\"https:\\\/\\\/esei.uvigo.es\\\/es\\\/#\\\/schema\\\/logo\\\/image\\\/\"}}]}<\/script>\n<!-- \/ Yoast SEO plugin. -->","yoast_head_json":{"title":"Especialidades | Escola Superior de Enxe\u00f1ar\u00eda Inform\u00e1tica","robots":{"index":"index","follow":"follow","max-snippet":"max-snippet:-1","max-image-preview":"max-image-preview:large","max-video-preview":"max-video-preview:-1"},"canonical":"https:\/\/esei.uvigo.es\/es\/estudos\/grao-en-enxenaria-informatica\/especialidades\/","og_locale":"es_ES","og_type":"article","og_title":"Especialidades | Escola Superior de Enxe\u00f1ar\u00eda Inform\u00e1tica","og_description":"Como consecuencia de la visi\u00f3n de las necesidades del mercado laboral obtenida tras los estudios realizados durante la elaboraci\u00f3n del plan de estudios, se ofertan &hellip; Contin\u00faa","og_url":"https:\/\/esei.uvigo.es\/es\/estudos\/grao-en-enxenaria-informatica\/especialidades\/","og_site_name":"Escola Superior de Enxe\u00f1ar\u00eda Inform\u00e1tica","article_modified_time":"2025-06-01T21:47:32+00:00","twitter_card":"summary_large_image","twitter_misc":{"Tiempo de lectura":"3 minutos"},"schema":{"@context":"https:\/\/schema.org","@graph":[{"@type":"WebPage","@id":"https:\/\/esei.uvigo.es\/es\/estudos\/grao-en-enxenaria-informatica\/especialidades\/","url":"https:\/\/esei.uvigo.es\/es\/estudos\/grao-en-enxenaria-informatica\/especialidades\/","name":"Especialidades | Escola Superior de Enxe\u00f1ar\u00eda Inform\u00e1tica","isPartOf":{"@id":"https:\/\/esei.uvigo.es\/es\/#website"},"datePublished":"2019-02-06T12:26:18+00:00","dateModified":"2025-06-01T21:47:32+00:00","breadcrumb":{"@id":"https:\/\/esei.uvigo.es\/es\/estudos\/grao-en-enxenaria-informatica\/especialidades\/#breadcrumb"},"inLanguage":"es","potentialAction":[{"@type":"ReadAction","target":["https:\/\/esei.uvigo.es\/es\/estudos\/grao-en-enxenaria-informatica\/especialidades\/"]}]},{"@type":"BreadcrumbList","@id":"https:\/\/esei.uvigo.es\/es\/estudos\/grao-en-enxenaria-informatica\/especialidades\/#breadcrumb","itemListElement":[{"@type":"ListItem","position":1,"name":"Portada","item":"https:\/\/esei.uvigo.es\/es\/"},{"@type":"ListItem","position":2,"name":"Estudios","item":"https:\/\/esei.uvigo.es\/es\/estudos\/"},{"@type":"ListItem","position":3,"name":"Grado en Ingenier\u00eda Inform\u00e1tica","item":"https:\/\/esei.uvigo.es\/es\/estudos\/grao-en-enxenaria-informatica\/"},{"@type":"ListItem","position":4,"name":"Especialidades"}]},{"@type":"WebSite","@id":"https:\/\/esei.uvigo.es\/es\/#website","url":"https:\/\/esei.uvigo.es\/es\/","name":"Escola Superior de Enxe\u00f1ar\u00eda Inform\u00e1tica","description":"","publisher":{"@id":"https:\/\/esei.uvigo.es\/es\/#organization"},"potentialAction":[{"@type":"SearchAction","target":{"@type":"EntryPoint","urlTemplate":"https:\/\/esei.uvigo.es\/es\/?s={search_term_string}"},"query-input":{"@type":"PropertyValueSpecification","valueRequired":true,"valueName":"search_term_string"}}],"inLanguage":"es"},{"@type":"Organization","@id":"https:\/\/esei.uvigo.es\/es\/#organization","name":"Escola Superior de Enxe\u00f1ar\u00eda Inform\u00e1tica","url":"https:\/\/esei.uvigo.es\/es\/","logo":{"@type":"ImageObject","inLanguage":"es","@id":"https:\/\/esei.uvigo.es\/es\/#\/schema\/logo\/image\/","url":"https:\/\/esei.uvigo.es\/wp-content\/uploads\/2019\/09\/esei.png","contentUrl":"https:\/\/esei.uvigo.es\/wp-content\/uploads\/2019\/09\/esei.png","width":579,"height":98,"caption":"Escola Superior de Enxe\u00f1ar\u00eda Inform\u00e1tica"},"image":{"@id":"https:\/\/esei.uvigo.es\/es\/#\/schema\/logo\/image\/"}}]}},"_links":{"self":[{"href":"https:\/\/esei.uvigo.es\/es\/wp-json\/wp\/v2\/pages\/22848","targetHints":{"allow":["GET"]}}],"collection":[{"href":"https:\/\/esei.uvigo.es\/es\/wp-json\/wp\/v2\/pages"}],"about":[{"href":"https:\/\/esei.uvigo.es\/es\/wp-json\/wp\/v2\/types\/page"}],"author":[{"embeddable":true,"href":"https:\/\/esei.uvigo.es\/es\/wp-json\/wp\/v2\/users\/10"}],"replies":[{"embeddable":true,"href":"https:\/\/esei.uvigo.es\/es\/wp-json\/wp\/v2\/comments?post=22848"}],"version-history":[{"count":10,"href":"https:\/\/esei.uvigo.es\/es\/wp-json\/wp\/v2\/pages\/22848\/revisions"}],"predecessor-version":[{"id":28573,"href":"https:\/\/esei.uvigo.es\/es\/wp-json\/wp\/v2\/pages\/22848\/revisions\/28573"}],"up":[{"embeddable":true,"href":"https:\/\/esei.uvigo.es\/es\/wp-json\/wp\/v2\/pages\/22842"}],"wp:attachment":[{"href":"https:\/\/esei.uvigo.es\/es\/wp-json\/wp\/v2\/media?parent=22848"}],"curies":[{"name":"wp","href":"https:\/\/api.w.org\/{rel}","templated":true}]}}