{"id":22847,"date":"2019-02-06T13:04:11","date_gmt":"2019-02-06T12:04:11","guid":{"rendered":"https:\/\/esei.uvigo.es\/estudos\/grao-en-enxenaria-informatica\/estrutura-do-plano-de-estudos\/"},"modified":"2025-06-01T23:45:05","modified_gmt":"2025-06-01T21:45:05","slug":"estrutura-do-plano-de-estudos","status":"publish","type":"page","link":"https:\/\/esei.uvigo.es\/es\/estudos\/grao-en-enxenaria-informatica\/estrutura-do-plano-de-estudos\/","title":{"rendered":"Estructura del Plan de Estudios"},"content":{"rendered":"<p>El plan de estudios del Grado en Ingenier\u00eda Inform\u00e1tica est\u00e1 formado por materias de diferentes tipos:<\/p>\n<div class=\"custom-block  graylight \">\n<ul class=\"\">\n<li>Formaci\u00f3n b\u00e1sica: 60 ECTS<\/li>\n<li>Obligatorias: 138 ECTS<\/li>\n<li>Optativas (perfil \u00abIngenier\u00eda de Software\u00bb): Se ofertan 36 ECTS<\/li>\n<li>Optativas (perfil \u00abTecnolog\u00edas de la Informaci\u00f3n\u00bb): Se ofertan 36 ECTS<\/li>\n<li>Trabajo Fin de Grado (TFG): 12 ECTS<\/li>\n<\/ul>\n<p>Para obtener el t\u00edtulo de Grado, el estudiante deber\u00e1 superar 240 ECTS (60 de Formaci\u00f3n B\u00e1sica, 138 obligatorios, 30 optativos y 12 del TFG).<\/p>\n<p>Un cr\u00e9dito ECTS equivale a 25 horas de trabajo del estudiante (que se reparten en actividades presenciales y no presenciales).<\/p>\n<\/div>\n<h2>Organizaci\u00f3n de las asignaturas<\/h2>\n<p>El plan de estudios est\u00e1 organizado en materias (ver <a href=\"https:\/\/esei.uvigo.es\/documentos\/grao-estrutura-do-plano-de-estudios\/\" target=\"_blank\" rel=\"noopener noreferrer\">esquema<\/a>), que a su vez se dividen en asignaturas:<\/p>\n<h3>Materia: Administraci\u00f3n y Gesti\u00f3n (18 ECTS)<\/h3>\n<p><em>Coordinador:<\/em> Cruz Gonz\u00e1lez, Mar\u00eda Montserrat<\/p>\n<p>Esta materia est\u00e1 compuesta por tres asignaturas, en las que se adquieren competencias relativas al cumplimiento de la legislaci\u00f3n que regula las actividades de la pr\u00e1ctica profesional, la planificaci\u00f3n, direcci\u00f3n y gesti\u00f3n de proyectos inform\u00e1ticos, aseguramiento de las directrices de calidad y el conocimiento de los procesos y la organizaci\u00f3n empresarial:<\/p>\n<ul class=\"list-peak\">\n<li><a class=\"external-link-new-window\" style=\"font-size: 1rem; background-color: #ffffff;\" href=\"https:\/\/esei.uvigo.es\/es\/asignaturas\/grao\/tecnicas-de-comunicacion-e-liderado-o06-g151105\/\" rel=\"noopener noreferrer\">Empresa::T\u00e9cnicas de comunicaci\u00f3n y liderazgo<\/a><\/li>\n<li><a class=\"external-link-new-window\" style=\"font-size: 1rem; background-color: #ffffff;\" href=\"https:\/\/esei.uvigo.es\/es\/asignaturas\/grao\/direccion-e-xestion-de-proxectos\/\" rel=\"noopener noreferrer\">Direcci\u00f3n y gesti\u00f3n de proyectos<\/a><\/li>\n<li><a class=\"external-link-new-window\" href=\"https:\/\/esei.uvigo.es\/es\/asignaturas\/grao\/fundamentos-eticos-y-juridicos\/\" rel=\"noopener noreferrer\">Fundamentos \u00e9ticos y jur\u00eddicos de las TIC<\/a><\/li>\n<\/ul>\n<h3>Materia: Matem\u00e1ticas y estad\u00edstica (24 ECTS)<\/h3>\n<p><em>Coordinador<\/em>: <a class=\"external-link-new-window\" href=\"https:\/\/esei.uvigo.es\/es\/docencia\/profesorado\/profesor\/cotos-yanez-tomas-raimundo\/\" target=\"_blank\" rel=\"noopener noreferrer\">Cotos Y\u00e1\u00f1ez, Tom\u00e1s<\/a><\/p>\n<p>Esta materia est\u00e1 formada por cuatro asignaturas, en las que se adquieren competencias de matem\u00e1tica discreta, l\u00f3gica, \u00e1lgebra lineal y estad\u00edstica que son fundamentales para otras materias de la titulaci\u00f3n, pues proporciona la base matem\u00e1tica necesaria para disciplinas como la estructura de datos, algoritmos, programaci\u00f3n, lenguajes inform\u00e1ticos, teor\u00eda de bases de datos, teor\u00eda de aut\u00f3matas, lenguajes formales, teor\u00eda de compiladores, redes, inform\u00e1tica gr\u00e1fica, seguridad, sistemas operativos&#8230;<\/p>\n<ul class=\"list-peak\">\n<li class=\"bodytext\"><a class=\"external-link-new-window\" href=\"https:\/\/esei.uvigo.es\/es\/asignaturas\/grao\/fundamentos-matematicos-para-a-informatica\/\" rel=\"noopener noreferrer\">Matem\u00e1ticas::Fundamentos matem\u00e1ticos para la inform\u00e1tica<\/a><\/li>\n<li class=\"bodytext\"><a class=\"external-link-new-window\" style=\"font-size: 1rem; background-color: #ffffff;\" href=\"https:\/\/esei.uvigo.es\/es\/asignaturas\/grao\/alxebra-lineal\/\" rel=\"noopener noreferrer\">Matem\u00e1ticas::\u00c1lgebra lineal<\/a><\/li>\n<li class=\"bodytext\"><a class=\"external-link-new-window\" style=\"font-size: 1rem; background-color: #ffffff;\" href=\"https:\/\/esei.uvigo.es\/es\/asignaturas\/grao\/analise-matematico-o06-g151102\/\" rel=\"noopener noreferrer\">Matem\u00e1ticas::An\u00e1lisis matem\u00e1tico<\/a><\/li>\n<li class=\"bodytext\"><a class=\"external-link-new-window\" style=\"font-size: 1rem; background-color: #ffffff;\" href=\"https:\/\/esei.uvigo.es\/es\/asignaturas\/grao\/matematicasestatistica-o06-g151201\/\" rel=\"noopener noreferrer\">Matem\u00e1ticas::Estad\u00edstica<\/a><\/li>\n<\/ul>\n<h3>Materia: Programaci\u00f3n (36 ECTS)<\/h3>\n<p><em>Coordinador<\/em>: <a class=\"external-link-new-window\" href=\"https:\/\/esei.uvigo.es\/es\/docencia\/profesorado\/profesor\/gonzalez-pena-daniel\/\" target=\"_blank\" rel=\"noopener noreferrer\">Gonz\u00e1lez Pe\u00f1a, Daniel<\/a><\/p>\n<p>Esta materia est\u00e1 compuesta por seis asignaturas, en las que se adquieren competencias relativas a las estructuras de datos, programaci\u00f3n, sistemas para analizar, modelar, manipular, dise\u00f1ar y desarrollar sistemas inform\u00e1ticos, as\u00ed como programar de forma fuerte, correcta y eficiente.<\/p>\n<ul class=\"list-peak\">\n<li class=\"bodytext\"><a class=\"external-link-new-window\" href=\"https:\/\/esei.uvigo.es\/es\/asignaturas\/grao\/programacion-i\/\" rel=\"noopener noreferrer\">Inform\u00e1tica::Programaci\u00f3n I<\/a><\/li>\n<li class=\"bodytext\"><a class=\"external-link-new-window\" style=\"font-size: 1rem; background-color: #ffffff;\" href=\"https:\/\/esei.uvigo.es\/es\/asignaturas\/grao\/programacion-ii\/\" rel=\"noopener noreferrer\">Programaci\u00f3n II<\/a><\/li>\n<li class=\"bodytext\"><a class=\"external-link-new-window\" style=\"font-size: 1rem; background-color: #ffffff;\" href=\"https:\/\/esei.uvigo.es\/es\/asignaturas\/grao\/algoritmos-e-estruturas-de-datos-i\/\" rel=\"noopener noreferrer\">Inform\u00e1tica::Algoritmos y estructuras de datos I<\/a><\/li>\n<li class=\"bodytext\"><a class=\"external-link-new-window\" style=\"font-size: 1rem; background-color: #ffffff;\" href=\"https:\/\/esei.uvigo.es\/es\/asignaturas\/grao\/algoritmos-e-estruturas-de-datos-ii\/\" rel=\"noopener noreferrer\">Algoritmos y estructuras de datos II<\/a><\/li>\n<li class=\"bodytext\"><a class=\"external-link-new-window\" style=\"font-size: 1rem; background-color: #ffffff;\" href=\"https:\/\/esei.uvigo.es\/es\/asignaturas\/grao\/loxica-para-a-computacion\/\" rel=\"noopener noreferrer\">L\u00f3gica para la computaci\u00f3n<\/a><\/li>\n<li class=\"bodytext\"><a class=\"external-link-new-window\" style=\"font-size: 1rem; background-color: #ffffff;\" href=\"https:\/\/esei.uvigo.es\/es\/asignaturas\/grao\/teoria-de-automatas-e-linguaxes-formais\/\" rel=\"noopener noreferrer\">Teor\u00eda de aut\u00f3matas y lenguajes formales<\/a><\/li>\n<\/ul>\n<h3>Materia: Sistemas operativos, sistemas distribuidos y redes (36 ECTS)<\/h3>\n<p><em>Coordinador<\/em>: <a class=\"external-link-new-window\" href=\"https:\/\/esei.uvigo.es\/es\/docencia\/profesorado\/profesor\/gomez-meire-silvana\/\" target=\"_blank\" rel=\"noopener noreferrer\">G\u00f3mez Meire, Silvana<\/a><\/p>\n<p>Esta materia est\u00e1 compuesta por seis asignaturas en las que se adquieren competencias espec\u00edficas relativas al conocimiento del funcionamiento y la administraci\u00f3n de los sistemas operativos, el dise\u00f1o y gesti\u00f3n de redes, el dise\u00f1o de pol\u00edticas de seguridad o el desarrollo de sistemas distribuidos y concurrente:<\/p>\n<ul class=\"list-peak\">\n<li class=\"bodytext\"><a class=\"external-link-new-window\" href=\"https:\/\/esei.uvigo.es\/es\/asignaturas\/grao\/sistemas-operativos-i\/\" rel=\"noopener noreferrer\">Sistemas operativos I<\/a><\/li>\n<li class=\"bodytext\"><a class=\"external-link-new-window\" style=\"font-size: 1rem; background-color: #ffffff;\" href=\"https:\/\/esei.uvigo.es\/es\/asignaturas\/grao\/sistemas-operativos-ii\/\" rel=\"noopener noreferrer\">Sistemas operativos II<\/a><\/li>\n<li class=\"bodytext\"><a class=\"external-link-new-window\" style=\"font-size: 1rem; background-color: #ffffff;\" href=\"https:\/\/esei.uvigo.es\/es\/asignaturas\/grao\/redes-de-computadoras-i\/\" rel=\"noopener noreferrer\">Redes de computadoras I<\/a><\/li>\n<li class=\"bodytext\"><a class=\"external-link-new-window\" style=\"font-size: 1rem; background-color: #ffffff;\" href=\"https:\/\/esei.uvigo.es\/es\/asignaturas\/grao\/redes-de-computadoras-ii\/\" rel=\"noopener noreferrer\">Redes de computadoras II<\/a><\/li>\n<li class=\"bodytext\"><a class=\"external-link-new-window\" style=\"font-size: 1rem; background-color: #ffffff;\" href=\"https:\/\/esei.uvigo.es\/es\/asignaturas\/grao\/concorrencia-e-distribucion\/\" rel=\"noopener noreferrer\">Concurrencia y distribuci\u00f3n<\/a><\/li>\n<li class=\"bodytext\"><a class=\"external-link-new-window\" style=\"font-size: 1rem; background-color: #ffffff;\" href=\"https:\/\/esei.uvigo.es\/es\/asignaturas\/grao\/seguridade-en-sistemas-informaticos\/\" rel=\"noopener noreferrer\">Seguridad en sistemas inform\u00e1ticos<\/a><\/li>\n<\/ul>\n<h3>Materia: Sistemas de software (36 ECTS)<\/h3>\n<p><em>Coordinador<\/em>: <a class=\"external-link-new-window\" href=\"https:\/\/esei.uvigo.es\/es\/docencia\/profesorado\/profesor\/mendez-penin-arturo-jose\/\" target=\"_blank\" rel=\"noopener noreferrer\">M\u00e9ndez Pen\u00edn, Arturo<\/a><\/p>\n<p>Est\u00e1 compuesta por seis asignaturas en las que se adquieren competencias relativas al an\u00e1lisis, dise\u00f1o y construcci\u00f3n de sistemas de software, aplicaci\u00f3n de metodolog\u00edas de desarrollo, dise\u00f1o y administraci\u00f3n de bases de datos, dise\u00f1o de interfaces de usuario y fundamentos y construcci\u00f3n de sistemas inteligentes:<\/p>\n<ul class=\"list-peak\">\n<li class=\"bodytext\"><a class=\"external-link-new-window\" href=\"https:\/\/esei.uvigo.es\/es\/asignaturas\/grao\/enxenaria-do-software-i\/\" rel=\"noopener noreferrer\">Ingenier\u00eda del software I<\/a><\/li>\n<li class=\"bodytext\"><a class=\"external-link-new-window\" style=\"font-size: 1rem; background-color: #ffffff;\" href=\"https:\/\/esei.uvigo.es\/es\/asignaturas\/grao\/enxenaria-do-software-ii\/\" rel=\"noopener noreferrer\">Ingenier\u00eda del software II<\/a><\/li>\n<li class=\"bodytext\"><a class=\"external-link-new-window\" style=\"font-size: 1rem; background-color: #ffffff;\" href=\"https:\/\/esei.uvigo.es\/es\/asignaturas\/grao\/bases-de-datos-i\/\" rel=\"noopener noreferrer\">Bases de datos I<\/a><\/li>\n<li class=\"bodytext\"><a class=\"external-link-new-window\" style=\"font-size: 1rem; background-color: #ffffff;\" href=\"https:\/\/esei.uvigo.es\/es\/asignaturas\/grao\/bases-de-datos-ii\/\" rel=\"noopener noreferrer\">Bases de datos II<\/a><\/li>\n<li class=\"bodytext\"><a class=\"external-link-new-window\" style=\"font-size: 1rem; background-color: #ffffff;\" href=\"https:\/\/esei.uvigo.es\/es\/asignaturas\/grao\/interfaces-de-usuario\/\" rel=\"noopener noreferrer\">Interfaces de usuario<\/a><\/li>\n<li class=\"bodytext\"><a class=\"external-link-new-window\" style=\"font-size: 1rem; background-color: #ffffff;\" href=\"https:\/\/esei.uvigo.es\/es\/asignaturas\/grao\/sistemas-intelixentes\/\" rel=\"noopener noreferrer\">Sistemas inteligentes<\/a><\/li>\n<\/ul>\n<h3>Materia: Ingenier\u00eda de computadoras (36 ECTS)<\/h3>\n<p><em>Coordinador<\/em>: <a class=\"external-link-new-window\" href=\"https:\/\/esei.uvigo.es\/es\/docencia\/profesorado\/profesor\/garcia-rivera-matias\/\" target=\"_blank\" rel=\"noopener noreferrer\">Garc\u00eda Rivera, Mat\u00edas<\/a><\/p>\n<p>Materia de seis asignaturas, en las que se adquieren competencias relativas al conocimiento de los fundamentos f\u00edsicos de los ordenadores, arquitecturas, funcionamiento, instalaci\u00f3n y administraci\u00f3n de sistemas hardware, dise\u00f1o de centros de datos, etc.:<\/p>\n<ul class=\"list-peak\">\n<li class=\"bodytext\"><a class=\"external-link-new-window\" href=\"https:\/\/esei.uvigo.es\/es\/asignaturas\/grao\/sistemas-dixitais\/\" rel=\"noopener noreferrer\">F\u00edsica::Sistemas digitales<\/a><\/li>\n<li class=\"bodytext\"><a class=\"external-link-new-window\" style=\"font-size: 1rem; background-color: #ffffff;\" href=\"https:\/\/esei.uvigo.es\/es\/asignaturas\/grao\/arquitectura-de-computadoras-i\/\" rel=\"noopener noreferrer\">Inform\u00e1tica::Arquitectura de computadoras I<\/a><\/li>\n<li class=\"bodytext\"><a class=\"external-link-new-window\" style=\"font-size: 1rem; background-color: #ffffff;\" href=\"https:\/\/esei.uvigo.es\/es\/asignaturas\/grao\/arquitectura-de-computadoras-ii\/\" rel=\"noopener noreferrer\">Arquitectura de computadoras II<\/a><\/li>\n<li class=\"bodytext\"><a class=\"external-link-new-window\" style=\"font-size: 1rem; background-color: #ffffff;\" href=\"https:\/\/esei.uvigo.es\/es\/asignaturas\/grao\/arquitecturas-paralelas\/\" rel=\"noopener noreferrer\">Arquitecturas paralelas<\/a><\/li>\n<li class=\"bodytext\"><a class=\"external-link-new-window\" style=\"font-size: 1rem; background-color: #ffffff;\" href=\"https:\/\/esei.uvigo.es\/es\/asignaturas\/grao\/hardware-de-aplicacion-especifica\/\" rel=\"noopener noreferrer\">Hardware de aplicaci\u00f3n espec\u00edfica<\/a><\/li>\n<li class=\"bodytext\"><a class=\"external-link-new-window\" style=\"font-size: 1rem; background-color: #ffffff;\" href=\"https:\/\/esei.uvigo.es\/es\/asignaturas\/grao\/centros-de-datos\/\" rel=\"noopener noreferrer\">Centros de datos<\/a><\/li>\n<\/ul>\n<h3>Materia: Pr\u00e1cticas en empresa (12 ECTS optativos)<\/h3>\n<p><em>Coordinadora<\/em>: <a class=\"external-link-new-window\" href=\"https:\/\/esei.uvigo.es\/es\/docencia\/profesorado\/profesor\/borrajo-diz-maria-lourdes\/\" target=\"_blank\" rel=\"noopener noreferrer\">Rodr\u00edguez Mart\u00ednez, Francisco Javier<\/a><\/p>\n<p>Esta materia est\u00e1 compuesta por dos asignaturas de pr\u00e1cticas en empresa, de 6 o 12 ECTS, en las que se puede ahondar en competencias relativas a los m\u00f3dulos de Ingenier\u00eda del Software y Tecnolog\u00edas de la Informaci\u00f3n, dotando al estudiante de experiencia en el desempe\u00f1o de la profesi\u00f3n de Ingeniero\/a T\u00e9cnico\/la en Inform\u00e1tica, y sus funciones y responsabilidades m\u00e1s habituales.<\/p>\n<ul class=\"list-peak\">\n<li class=\"bodytext\"><a class=\"external-link-new-window\" href=\"https:\/\/esei.uvigo.es\/es\/asignaturas\/grao\/practicas-en-empresas-i\/\" rel=\"noopener noreferrer\">Pr\u00e1cticas en empresas I<\/a><\/li>\n<li class=\"bodytext\"><a class=\"external-link-new-window\" style=\"font-size: 1rem; background-color: #ffffff;\" href=\"https:\/\/esei.uvigo.es\/es\/asignaturas\/grao\/practicas-en-empresas-ii\/\" rel=\"noopener noreferrer\">Pr\u00e1cticas en empresas II<\/a><\/li>\n<\/ul>\n<h3>Materia: Proyectos (18 ECTS)<\/h3>\n<p><em>Coordinadora<\/em>: <a class=\"external-link-new-window\" href=\"https:\/\/esei.uvigo.es\/es\/docencia\/profesorado\/profesor\/laza-fidalgo-rosalia\/\" target=\"_blank\" rel=\"noopener noreferrer\">Laza Fidalgo, Rosal\u00eda<\/a><\/p>\n<p>Esta materia est\u00e1 compuesta por una asignatura de 6 ECTS y el Trabajo Fin de Grado (12 ECTS), ambas obligatorias. En esta materia se puede profundizar en cualquiera de las competencias adquiridas por el alumnado durante el desarrollo de sus estudios, pues se busca que adquiera experiencia en el desempe\u00f1o de la profesi\u00f3n de Ingeniero\/a T\u00e9cnico\/a en Inform\u00e1tica y sus funciones m\u00e1s habituales.<\/p>\n<ul class=\"list-peak\">\n<li><a href=\"https:\/\/esei.uvigo.es\/es\/asignaturas\/grao\/aprendizaxe-baseada-en-proxectos\/\" rel=\"noopener\">Aprendizaje basado en proyectos<\/a><\/li>\n<li class=\"bodytext\"><a class=\"external-link-new-window\" href=\"https:\/\/esei.uvigo.es\/es\/docencia\/traballos-fin-de-carreira\/traballo-fin-de-grao\/\" rel=\"noopener noreferrer\">Trabajo Fin de Grado<\/a><\/li>\n<\/ul>\n<h2>Organizaci\u00f3n de las especialidades<\/h2>\n<p>Se establecen dos especialidades que acercan al curr\u00edculo\u00a0del alumno no s\u00f3lo un elevado atractivo frente a los empleadores, sino que desarrollan un conjunto de competencias t\u00e9cnicas y transversales que le permiten avanzar, al largo de su vida laboral, hacia puestos de responsabilidad y toma de decisiones.<br \/>\nPara saber m\u00e1s sobre las especialidades, pincha\u00a0<a class=\"internal-link\" href=\"https:\/\/esei.uvigo.es\/es\/estudos\/grao-en-enxenaria-informatica\/especialidades\/\">aqu\u00ed<\/a>.<\/p>\n","protected":false},"excerpt":{"rendered":"<p>El plan de estudios del Grado en Ingenier\u00eda Inform\u00e1tica est\u00e1 formado por materias de diferentes tipos: Organizaci\u00f3n de las asignaturas El plan de estudios est\u00e1 &hellip; <a class=\"excerpt_more\" href=\"https:\/\/esei.uvigo.es\/es\/estudos\/grao-en-enxenaria-informatica\/estrutura-do-plano-de-estudos\/\">Contin\u00faa<\/a><\/p>\n","protected":false},"author":10,"featured_media":0,"parent":22842,"menu_order":21,"comment_status":"closed","ping_status":"closed","template":"","meta":{"_acf_changed":false,"footnotes":""},"class_list":["post-22847","page","type-page","status-publish","hentry"],"acf":[],"yoast_head":"<!-- This site is optimized with the Yoast SEO plugin v27.6 - https:\/\/yoast.com\/product\/yoast-seo-wordpress\/ -->\n<title>Estructura del Plan de Estudios | Escola Superior de Enxe\u00f1ar\u00eda Inform\u00e1tica<\/title>\n<meta name=\"robots\" content=\"index, follow, max-snippet:-1, max-image-preview:large, max-video-preview:-1\" \/>\n<link rel=\"canonical\" href=\"https:\/\/esei.uvigo.es\/es\/estudos\/grao-en-enxenaria-informatica\/estrutura-do-plano-de-estudos\/\" \/>\n<meta property=\"og:locale\" content=\"es_ES\" \/>\n<meta property=\"og:type\" content=\"article\" \/>\n<meta property=\"og:title\" content=\"Estructura del Plan de Estudios | Escola Superior de Enxe\u00f1ar\u00eda Inform\u00e1tica\" \/>\n<meta property=\"og:description\" content=\"El plan de estudios del Grado en Ingenier\u00eda Inform\u00e1tica est\u00e1 formado por materias de diferentes tipos: Organizaci\u00f3n de las asignaturas El plan de estudios est\u00e1 &hellip; Contin\u00faa\" \/>\n<meta property=\"og:url\" content=\"https:\/\/esei.uvigo.es\/es\/estudos\/grao-en-enxenaria-informatica\/estrutura-do-plano-de-estudos\/\" \/>\n<meta property=\"og:site_name\" content=\"Escola Superior de Enxe\u00f1ar\u00eda Inform\u00e1tica\" \/>\n<meta property=\"article:modified_time\" content=\"2025-06-01T21:45:05+00:00\" \/>\n<meta name=\"twitter:card\" content=\"summary_large_image\" \/>\n<meta name=\"twitter:label1\" content=\"Tiempo de lectura\" \/>\n\t<meta name=\"twitter:data1\" content=\"4 minutos\" \/>\n<script type=\"application\/ld+json\" class=\"yoast-schema-graph\">{\"@context\":\"https:\\\/\\\/schema.org\",\"@graph\":[{\"@type\":\"WebPage\",\"@id\":\"https:\\\/\\\/esei.uvigo.es\\\/es\\\/estudos\\\/grao-en-enxenaria-informatica\\\/estrutura-do-plano-de-estudos\\\/\",\"url\":\"https:\\\/\\\/esei.uvigo.es\\\/es\\\/estudos\\\/grao-en-enxenaria-informatica\\\/estrutura-do-plano-de-estudos\\\/\",\"name\":\"Estructura del Plan de Estudios | Escola Superior de Enxe\u00f1ar\u00eda Inform\u00e1tica\",\"isPartOf\":{\"@id\":\"https:\\\/\\\/esei.uvigo.es\\\/es\\\/#website\"},\"datePublished\":\"2019-02-06T12:04:11+00:00\",\"dateModified\":\"2025-06-01T21:45:05+00:00\",\"breadcrumb\":{\"@id\":\"https:\\\/\\\/esei.uvigo.es\\\/es\\\/estudos\\\/grao-en-enxenaria-informatica\\\/estrutura-do-plano-de-estudos\\\/#breadcrumb\"},\"inLanguage\":\"es\",\"potentialAction\":[{\"@type\":\"ReadAction\",\"target\":[\"https:\\\/\\\/esei.uvigo.es\\\/es\\\/estudos\\\/grao-en-enxenaria-informatica\\\/estrutura-do-plano-de-estudos\\\/\"]}]},{\"@type\":\"BreadcrumbList\",\"@id\":\"https:\\\/\\\/esei.uvigo.es\\\/es\\\/estudos\\\/grao-en-enxenaria-informatica\\\/estrutura-do-plano-de-estudos\\\/#breadcrumb\",\"itemListElement\":[{\"@type\":\"ListItem\",\"position\":1,\"name\":\"Portada\",\"item\":\"https:\\\/\\\/esei.uvigo.es\\\/es\\\/\"},{\"@type\":\"ListItem\",\"position\":2,\"name\":\"Estudios\",\"item\":\"https:\\\/\\\/esei.uvigo.es\\\/es\\\/estudos\\\/\"},{\"@type\":\"ListItem\",\"position\":3,\"name\":\"Grado en Ingenier\u00eda Inform\u00e1tica\",\"item\":\"https:\\\/\\\/esei.uvigo.es\\\/es\\\/estudos\\\/grao-en-enxenaria-informatica\\\/\"},{\"@type\":\"ListItem\",\"position\":4,\"name\":\"Estructura del Plan de Estudios\"}]},{\"@type\":\"WebSite\",\"@id\":\"https:\\\/\\\/esei.uvigo.es\\\/es\\\/#website\",\"url\":\"https:\\\/\\\/esei.uvigo.es\\\/es\\\/\",\"name\":\"Escola Superior de Enxe\u00f1ar\u00eda Inform\u00e1tica\",\"description\":\"\",\"publisher\":{\"@id\":\"https:\\\/\\\/esei.uvigo.es\\\/es\\\/#organization\"},\"potentialAction\":[{\"@type\":\"SearchAction\",\"target\":{\"@type\":\"EntryPoint\",\"urlTemplate\":\"https:\\\/\\\/esei.uvigo.es\\\/es\\\/?s={search_term_string}\"},\"query-input\":{\"@type\":\"PropertyValueSpecification\",\"valueRequired\":true,\"valueName\":\"search_term_string\"}}],\"inLanguage\":\"es\"},{\"@type\":\"Organization\",\"@id\":\"https:\\\/\\\/esei.uvigo.es\\\/es\\\/#organization\",\"name\":\"Escola Superior de Enxe\u00f1ar\u00eda Inform\u00e1tica\",\"url\":\"https:\\\/\\\/esei.uvigo.es\\\/es\\\/\",\"logo\":{\"@type\":\"ImageObject\",\"inLanguage\":\"es\",\"@id\":\"https:\\\/\\\/esei.uvigo.es\\\/es\\\/#\\\/schema\\\/logo\\\/image\\\/\",\"url\":\"https:\\\/\\\/esei.uvigo.es\\\/wp-content\\\/uploads\\\/2019\\\/09\\\/esei.png\",\"contentUrl\":\"https:\\\/\\\/esei.uvigo.es\\\/wp-content\\\/uploads\\\/2019\\\/09\\\/esei.png\",\"width\":579,\"height\":98,\"caption\":\"Escola Superior de Enxe\u00f1ar\u00eda Inform\u00e1tica\"},\"image\":{\"@id\":\"https:\\\/\\\/esei.uvigo.es\\\/es\\\/#\\\/schema\\\/logo\\\/image\\\/\"}}]}<\/script>\n<!-- \/ Yoast SEO plugin. -->","yoast_head_json":{"title":"Estructura del Plan de Estudios | Escola Superior de Enxe\u00f1ar\u00eda Inform\u00e1tica","robots":{"index":"index","follow":"follow","max-snippet":"max-snippet:-1","max-image-preview":"max-image-preview:large","max-video-preview":"max-video-preview:-1"},"canonical":"https:\/\/esei.uvigo.es\/es\/estudos\/grao-en-enxenaria-informatica\/estrutura-do-plano-de-estudos\/","og_locale":"es_ES","og_type":"article","og_title":"Estructura del Plan de Estudios | Escola Superior de Enxe\u00f1ar\u00eda Inform\u00e1tica","og_description":"El plan de estudios del Grado en Ingenier\u00eda Inform\u00e1tica est\u00e1 formado por materias de diferentes tipos: Organizaci\u00f3n de las asignaturas El plan de estudios est\u00e1 &hellip; Contin\u00faa","og_url":"https:\/\/esei.uvigo.es\/es\/estudos\/grao-en-enxenaria-informatica\/estrutura-do-plano-de-estudos\/","og_site_name":"Escola Superior de Enxe\u00f1ar\u00eda Inform\u00e1tica","article_modified_time":"2025-06-01T21:45:05+00:00","twitter_card":"summary_large_image","twitter_misc":{"Tiempo de lectura":"4 minutos"},"schema":{"@context":"https:\/\/schema.org","@graph":[{"@type":"WebPage","@id":"https:\/\/esei.uvigo.es\/es\/estudos\/grao-en-enxenaria-informatica\/estrutura-do-plano-de-estudos\/","url":"https:\/\/esei.uvigo.es\/es\/estudos\/grao-en-enxenaria-informatica\/estrutura-do-plano-de-estudos\/","name":"Estructura del Plan de Estudios | Escola Superior de Enxe\u00f1ar\u00eda Inform\u00e1tica","isPartOf":{"@id":"https:\/\/esei.uvigo.es\/es\/#website"},"datePublished":"2019-02-06T12:04:11+00:00","dateModified":"2025-06-01T21:45:05+00:00","breadcrumb":{"@id":"https:\/\/esei.uvigo.es\/es\/estudos\/grao-en-enxenaria-informatica\/estrutura-do-plano-de-estudos\/#breadcrumb"},"inLanguage":"es","potentialAction":[{"@type":"ReadAction","target":["https:\/\/esei.uvigo.es\/es\/estudos\/grao-en-enxenaria-informatica\/estrutura-do-plano-de-estudos\/"]}]},{"@type":"BreadcrumbList","@id":"https:\/\/esei.uvigo.es\/es\/estudos\/grao-en-enxenaria-informatica\/estrutura-do-plano-de-estudos\/#breadcrumb","itemListElement":[{"@type":"ListItem","position":1,"name":"Portada","item":"https:\/\/esei.uvigo.es\/es\/"},{"@type":"ListItem","position":2,"name":"Estudios","item":"https:\/\/esei.uvigo.es\/es\/estudos\/"},{"@type":"ListItem","position":3,"name":"Grado en Ingenier\u00eda Inform\u00e1tica","item":"https:\/\/esei.uvigo.es\/es\/estudos\/grao-en-enxenaria-informatica\/"},{"@type":"ListItem","position":4,"name":"Estructura del Plan de Estudios"}]},{"@type":"WebSite","@id":"https:\/\/esei.uvigo.es\/es\/#website","url":"https:\/\/esei.uvigo.es\/es\/","name":"Escola Superior de Enxe\u00f1ar\u00eda Inform\u00e1tica","description":"","publisher":{"@id":"https:\/\/esei.uvigo.es\/es\/#organization"},"potentialAction":[{"@type":"SearchAction","target":{"@type":"EntryPoint","urlTemplate":"https:\/\/esei.uvigo.es\/es\/?s={search_term_string}"},"query-input":{"@type":"PropertyValueSpecification","valueRequired":true,"valueName":"search_term_string"}}],"inLanguage":"es"},{"@type":"Organization","@id":"https:\/\/esei.uvigo.es\/es\/#organization","name":"Escola Superior de Enxe\u00f1ar\u00eda Inform\u00e1tica","url":"https:\/\/esei.uvigo.es\/es\/","logo":{"@type":"ImageObject","inLanguage":"es","@id":"https:\/\/esei.uvigo.es\/es\/#\/schema\/logo\/image\/","url":"https:\/\/esei.uvigo.es\/wp-content\/uploads\/2019\/09\/esei.png","contentUrl":"https:\/\/esei.uvigo.es\/wp-content\/uploads\/2019\/09\/esei.png","width":579,"height":98,"caption":"Escola Superior de Enxe\u00f1ar\u00eda Inform\u00e1tica"},"image":{"@id":"https:\/\/esei.uvigo.es\/es\/#\/schema\/logo\/image\/"}}]}},"_links":{"self":[{"href":"https:\/\/esei.uvigo.es\/es\/wp-json\/wp\/v2\/pages\/22847","targetHints":{"allow":["GET"]}}],"collection":[{"href":"https:\/\/esei.uvigo.es\/es\/wp-json\/wp\/v2\/pages"}],"about":[{"href":"https:\/\/esei.uvigo.es\/es\/wp-json\/wp\/v2\/types\/page"}],"author":[{"embeddable":true,"href":"https:\/\/esei.uvigo.es\/es\/wp-json\/wp\/v2\/users\/10"}],"replies":[{"embeddable":true,"href":"https:\/\/esei.uvigo.es\/es\/wp-json\/wp\/v2\/comments?post=22847"}],"version-history":[{"count":19,"href":"https:\/\/esei.uvigo.es\/es\/wp-json\/wp\/v2\/pages\/22847\/revisions"}],"predecessor-version":[{"id":28572,"href":"https:\/\/esei.uvigo.es\/es\/wp-json\/wp\/v2\/pages\/22847\/revisions\/28572"}],"up":[{"embeddable":true,"href":"https:\/\/esei.uvigo.es\/es\/wp-json\/wp\/v2\/pages\/22842"}],"wp:attachment":[{"href":"https:\/\/esei.uvigo.es\/es\/wp-json\/wp\/v2\/media?parent=22847"}],"curies":[{"name":"wp","href":"https:\/\/api.w.org\/{rel}","templated":true}]}}