{"id":22846,"date":"2019-02-19T10:09:56","date_gmt":"2019-02-19T09:09:56","guid":{"rendered":"https:\/\/esei.uvigo.es\/estudos\/grao-en-enxenaria-informatica\/curso-ponte-para-a-adaptacion-ao-grao\/"},"modified":"2025-07-02T19:07:39","modified_gmt":"2025-07-02T17:07:39","slug":"curso-ponte-para-a-adaptacion-ao-grao","status":"publish","type":"page","link":"https:\/\/esei.uvigo.es\/es\/estudos\/grao-en-enxenaria-informatica\/curso-ponte-para-a-adaptacion-ao-grao\/","title":{"rendered":"Curso Puente para la Adaptaci\u00f3n al Grado"},"content":{"rendered":"<h2>Curso 2025-2026<\/h2>\n<div id=\"accordion0\" class=\"accordion \" role=\"tablist\" aria-multiselectable=\"true\" >\n<div class=\"card\" >\n<div class=\"card-header\"><a class=\"collapse  collapsed\" data-toggle=\"collapse\" data-parent=\"#accordion0\" href=\"#collapse0\" aria-controls=\"collapse0\"> \u00bfQu\u00e9 es el curso puente? <\/a><\/div>\n<div id=\"collapse0\" class=\"collapse\" role=\"tabpanel\" data-parent=\"#accordion0\"><div class=\"card-body\">\n<p class=\"card-text\">Es un curso que da acceso, en un a\u00f1o, al t\u00edtulo de Grado en Ingenier\u00eda Inform\u00e1tica. Para eso hay que cursar 60 cr\u00e9ditos ECTS, repartidos en ocho materias, y un trabajo fin de grao de 12 ECTS.<\/p>\n<\/div><\/div>\n<\/div>\n<div class=\"card\" >\n<div class=\"card-header\"><a class=\"collapse  collapsed\" data-toggle=\"collapse\" data-parent=\"#accordion0\" href=\"#collapse1\" aria-controls=\"collapse1\"> \u00bfQui\u00e9n se puede matricular? <\/a><\/div>\n<div id=\"collapse1\" class=\"collapse\" role=\"tabpanel\" data-parent=\"#accordion0\"><div class=\"card-body\">\n<p class=\"card-text\">Los solicitantes deber\u00e1n ser titulados\/as en Ingenier\u00eda T\u00e9cnica en Inform\u00e1tica de Gesti\u00f3n por la Universidad de Vigo.<\/p>\n<\/div><\/div>\n<\/div>\n<div class=\"card\" >\n<div class=\"card-header\"><a class=\"collapse  collapsed\" data-toggle=\"collapse\" data-parent=\"#accordion0\" href=\"#collapse2\" aria-controls=\"collapse2\"> \u00bfQu\u00e9 materias hay que cursar? <\/a><\/div>\n<div id=\"collapse2\" class=\"collapse\" role=\"tabpanel\" data-parent=\"#accordion0\"><div class=\"card-body\">\n<div>\n<table border=\"0\" cellspacing=\"0\" cellpadding=\"0\">\n<tbody>\n<tr>\n<td width=\"149\"><strong>MATERIA<\/strong><\/td>\n<td width=\"64\"><strong>ECTS<\/strong><\/td>\n<td width=\"71\"><strong>Cuatrimestre<\/strong><\/td>\n<\/tr>\n<tr>\n<td width=\"149\"><a href=\"https:\/\/esei.uvigo.es\/es\/asignaturas\/grao\/redes-de-computadoras-ii\/\" class=\"card-link\">REDES DE COMPUTADORAS II<\/a><\/td>\n<td width=\"64\">6<\/td>\n<td width=\"71\">1<\/td>\n<\/tr>\n<tr>\n<td width=\"149\"><a href=\"https:\/\/esei.uvigo.es\/es\/asignaturas\/grao\/sistemas-operativos-ii\/\" class=\"card-link\">SISTEMAS OPERATIVOS II<\/a><\/td>\n<td width=\"64\">6<\/td>\n<td width=\"71\">2<\/td>\n<\/tr>\n<tr>\n<td width=\"149\"><a href=\"https:\/\/esei.uvigo.es\/es\/asignaturas\/grao\/arquitecturas-paralelas\/\" class=\"card-link\">ARQUITECTURAS PARALELAS<\/a><\/td>\n<td width=\"64\">6<\/td>\n<td width=\"71\">2<\/td>\n<\/tr>\n<tr>\n<td width=\"149\"><a href=\"https:\/\/esei.uvigo.es\/es\/asignaturas\/grao\/teoria-de-automatas-e-linguaxes-formais\/\" class=\"card-link\">TEOR\u00cdA DE AUT\u00d3MATAS Y LENGUAJES FORMALES<\/a><\/td>\n<td width=\"64\">6<\/td>\n<td width=\"71\">2<\/td>\n<\/tr>\n<tr>\n<td width=\"149\"><a href=\"https:\/\/esei.uvigo.es\/es\/asignaturas\/grao\/sistemas-intelixentes\/\" class=\"card-link\">SISTEMAS INTELIGENTES<\/a><\/td>\n<td width=\"64\">6<\/td>\n<td width=\"71\">2<\/td>\n<\/tr>\n<tr>\n<td width=\"149\"><a href=\"https:\/\/esei.uvigo.es\/es\/asignaturas\/grao\/concorrencia-e-distribucion\/\" class=\"card-link\">CONCURRENCIA Y DISTRIBUCI\u00d3N<\/a><\/td>\n<td width=\"64\">6<\/td>\n<td width=\"71\">2<\/td>\n<\/tr>\n<tr>\n<td width=\"149\"><a href=\"https:\/\/esei.uvigo.es\/es\/asignaturas\/grao\/bases-de-datos-ii\/\" class=\"card-link\">BASES DE DATOS II<\/a><\/td>\n<td width=\"64\">6<\/td>\n<td width=\"71\">1<\/td>\n<\/tr>\n<tr>\n<td width=\"149\"><a href=\"https:\/\/esei.uvigo.es\/es\/asignaturas\/grao\/centros-de-datos\/\" class=\"card-link\">CENTROS DE DATOS<\/a><\/td>\n<td width=\"64\">6<\/td>\n<td width=\"71\">1<\/td>\n<\/tr>\n<tr>\n<td width=\"149\"><a href=\"https:\/\/esei.uvigo.es\/es\/asignaturas\/grao\/traballo-de-fin-de-grao\/\" class=\"card-link\">TRABAJO FIN DE GRADO<\/a><\/td>\n<td width=\"64\">12<\/td>\n<td width=\"71\">2<\/td>\n<\/tr>\n<\/tbody>\n<\/table>\n<\/div>\n<\/div><\/div>\n<\/div>\n<div class=\"card\" >\n<div class=\"card-header\"><a class=\"collapse  collapsed\" data-toggle=\"collapse\" data-parent=\"#accordion0\" href=\"#collapse3\" aria-controls=\"collapse3\"> \u00bfEn qu\u00e9 horario se imparten las clases del curso puente? <\/a><\/div>\n<div id=\"collapse3\" class=\"collapse\" role=\"tabpanel\" data-parent=\"#accordion0\"><div class=\"card-body\">\n<p class=\"card-text\">Las materias del curso puente son materias de segundo y tercero de Grado en Ingenier\u00eda Inform\u00e1tica. El alumnado del curso puente asistir\u00e1 a las mismas clases y en el mismo horario que el resto de alumnado de estos cursos.<\/p>\n<\/div><\/div>\n<\/div>\n<div class=\"card\" >\n<div class=\"card-header\"><a class=\"collapse  collapsed\" data-toggle=\"collapse\" data-parent=\"#accordion0\" href=\"#collapse4\" aria-controls=\"collapse4\"> Estoy interesado en el curso puente pero por la ma\u00f1ana trabajo \u00bfEs obligatorio asistir a clase? <\/a><\/div>\n<div id=\"collapse4\" class=\"collapse\" role=\"tabpanel\" data-parent=\"#accordion0\"><div class=\"card-body\">\n<p class=\"card-text\">No. De acuerdo a la normativa de la ESEI, todas las materias de Grado tienen que incorporar un sistema de evaluaci\u00f3n para no asistentes.<\/p>\n<\/div><\/div>\n<\/div>\n<div class=\"card\" >\n<div class=\"card-header\"><a class=\"collapse  collapsed\" data-toggle=\"collapse\" data-parent=\"#accordion0\" href=\"#collapse5\" aria-controls=\"collapse5\"> \u00bfCu\u00e1ntas plazas se ofertan? <\/a><\/div>\n<div id=\"collapse5\" class=\"collapse\" role=\"tabpanel\" data-parent=\"#accordion0\"><div class=\"card-body\">\n<p class=\"card-text\">Para el curso 2025\/2026 se ofertan 20 plazas.<\/p>\n<\/div><\/div>\n<\/div>\n<div class=\"card\" >\n<div class=\"card-header\"><a class=\"collapse  collapsed\" data-toggle=\"collapse\" data-parent=\"#accordion0\" href=\"#collapse6\" aria-controls=\"collapse6\"> \u00bfCu\u00e1l es el criterio de selecci\u00f3n? <\/a><\/div>\n<div id=\"collapse6\" class=\"collapse\" role=\"tabpanel\" data-parent=\"#accordion0\"><div class=\"card-body\">\n<p class=\"card-text\">El criterio de selecci\u00f3n entre los solicitantes ser\u00e1 la nota media simple del expediente acad\u00e9mico, calculada de acuerdo con los par\u00e1metros reflejados en el protocolo de colaboraci\u00f3n suscrito el 21 de febrero de 2005 entre la Consejer\u00eda de Educaci\u00f3n y las universidades galegas.<\/p>\n<\/div><\/div>\n<\/div>\n<div class=\"card\" >\n<div class=\"card-header\"><a class=\"collapse  collapsed\" data-toggle=\"collapse\" data-parent=\"#accordion0\" href=\"#collapse7\" aria-controls=\"collapse7\"> Estoy, o estuve, matriculado\/a en el segundo ciclo de Ingenier\u00eda en Inform\u00e1tica \u00bfSe reconocen cr\u00e9ditos por eso? <\/a><\/div>\n<div id=\"collapse7\" class=\"collapse\" role=\"tabpanel\" data-parent=\"#accordion0\"><div class=\"card-body\">\n<p class=\"card-text\">S\u00ed, si tienes alguna de estas materias del segundo ciclo superadas, se podr\u00e1n reconocer por las materias correspondientes del curso puente, seg\u00fan puedes ver en la siguiente tabla:<\/p>\n<div>\n<table border=\"0\" cellspacing=\"0\" cellpadding=\"0\">\n<tbody>\n<tr>\n<td width=\"140\"><strong>Materias del curso puente<\/strong><\/td>\n<td width=\"204\"><strong>Adaptaci\u00f3n con materias de 2\u00ba ciclo de Ingenier\u00eda en Inform\u00e1tica<\/strong><\/td>\n<\/tr>\n<tr>\n<td width=\"140\">REDES DE COMPUTADORAS II<\/td>\n<td width=\"204\">REDES<\/td>\n<\/tr>\n<tr>\n<td width=\"140\">SISTEMAS OPERATIVOS II<\/td>\n<td width=\"204\">ADMINISTRACI\u00d3N Y CONFIGURACI\u00d3N DE SISTEMAS OPERATIVOS<\/td>\n<\/tr>\n<tr>\n<td width=\"140\">CONCURRENCIA Y DISTRIBUCI\u00d3N<\/td>\n<td width=\"204\">CONCURRENCIA Y DISTRIBUCI\u00d3N<\/td>\n<\/tr>\n<tr>\n<td width=\"140\">ARQUITECTURAS PARALELAS<\/td>\n<td width=\"204\">ARQUITECTURA E INGENIER\u00cdA DE COMPUTADORES<\/td>\n<\/tr>\n<tr>\n<td width=\"140\">CENTROS DE DATOS<\/td>\n<td width=\"204\">SISTEMAS INFORM\u00c1TICOS<\/td>\n<\/tr>\n<tr>\n<td width=\"140\">TEOR\u00cdA DE AUT\u00d3MATAS Y LINGUAXES FORMALES<\/td>\n<td width=\"204\">PROCESADORES DE LENGUAJES<\/td>\n<\/tr>\n<tr>\n<td width=\"140\">SISTEMAS INTELIGENTES<\/td>\n<td width=\"204\">INTELIGENCIA ARTIFICIAL<\/td>\n<\/tr>\n<tr>\n<td width=\"140\">BASES DE DATOS II<\/td>\n<td width=\"204\">ADMINISTRACI\u00d3N Y DISE\u00d1O DE BASES DE DATOS<\/td>\n<\/tr>\n<\/tbody>\n<\/table>\n<\/div>\n<\/div><\/div>\n<\/div>\n<div class=\"card\" >\n<div class=\"card-header\"><a class=\"collapse  collapsed\" data-toggle=\"collapse\" data-parent=\"#accordion0\" href=\"#collapse8\" aria-controls=\"collapse8\"> \u00bfPor qu\u00e9 no se me reconoce el Trabajo Fin de Grado por el Proyecto Fin de Carrera que hice en la Ingenier\u00eda T\u00e9cnica? <\/a><\/div>\n<div id=\"collapse8\" class=\"collapse\" role=\"tabpanel\" data-parent=\"#accordion0\"><div class=\"card-body\">\n<p class=\"card-text\">Seg\u00fan lo establecido en el art\u00edculo 6 del RD 1393\/2007, modificado por el R.D. 861\/2010, NO podr\u00e1n ser objeto de reconocimiento los cr\u00e9ditos correspondientes al Trabajo Fin de Grado.<\/p>\n<\/div><\/div>\n<\/div>\n<div class=\"card\" >\n<div class=\"card-header\"><a class=\"collapse  collapsed\" data-toggle=\"collapse\" data-parent=\"#accordion0\" href=\"#collapse9\" aria-controls=\"collapse9\"> Tengo experiencia profesional. \u00bfSe me reconocen cr\u00e9ditos por ella? <\/a><\/div>\n<div id=\"collapse9\" class=\"collapse\" role=\"tabpanel\" data-parent=\"#accordion0\"><div class=\"card-body\">\n<p class=\"card-text\">S\u00ed, se podr\u00e1n reconocer hasta 36 ECTS por experiencia profesional posterior a la obtenci\u00f3n del t\u00edtulo de Ingeniero T\u00e9cnico. La Comisi\u00f3n de Reconocimiento de Cr\u00e9ditos y Adaptaciones de la ESEI ser\u00e1 la responsable de fijar los criterios de reconocimiento de la experiencia profesional, lo cual se har\u00e1 en base al conjunto de competencias de las materias del curso puente que tenga adquirido el\/la solicitante en el ejercicio de su profesi\u00f3n, y atendiendo a la siguiente tabla:<\/p>\n<div>\n<div>\n<table border=\"0\" cellspacing=\"0\" cellpadding=\"0\">\n<tbody>\n<tr>\n<td width=\"117\"><strong>EXPERIENCIA PROFESIONAL<\/strong><\/td>\n<td width=\"92\"><strong>ECTS RECONOCIDOS<\/strong><\/td>\n<\/tr>\n<tr>\n<td width=\"117\">300 \u2013 599 horas<\/td>\n<td width=\"92\">6<\/td>\n<\/tr>\n<tr>\n<td width=\"117\">600 \u2013 899 horas<\/td>\n<td width=\"92\">12<\/td>\n<\/tr>\n<tr>\n<td width=\"117\">900 \u2013 1199 horas<\/td>\n<td width=\"92\">18<\/td>\n<\/tr>\n<tr>\n<td width=\"117\">1200 \u2013 1499 horas<\/td>\n<td width=\"92\">24<\/td>\n<\/tr>\n<tr>\n<td width=\"117\">150 \u2013 1799 horas<\/td>\n<td width=\"92\">30<\/td>\n<\/tr>\n<tr>\n<td width=\"117\">1800 horas ou m\u00e1is<\/td>\n<td width=\"92\">36<\/td>\n<\/tr>\n<\/tbody>\n<\/table>\n<\/div>\n<\/div>\n<\/div><\/div>\n<\/div>\n<div class=\"card\" >\n<div class=\"card-header\"><a class=\"collapse  collapsed\" data-toggle=\"collapse\" data-parent=\"#accordion0\" href=\"#collapse10\" aria-controls=\"collapse10\"> Calendario de admisi\u00f3n y matr\u00edcula <\/a><\/div>\n<div id=\"collapse10\" class=\"collapse\" role=\"tabpanel\" data-parent=\"#accordion0\"><div class=\"card-body\">\n<p class=\"card-text\"><strong>Lugar de presentaci\u00f3n:<\/strong>\u00a0 En la sede electr\u00f3nica de la Uvigo <a href=\"https:\/\/sede.uvigo.gal\/\" target=\"_blank\" rel=\"noopener noreferrer\" data-saferedirecturl=\"https:\/\/www.google.com\/url?q=https:\/\/sede.uvigo.gal\/&amp;source=gmail&amp;ust=1622876957487000&amp;usg=AFQjCNGpZL1wvqlOhPOxyPMb15Q7pvn-yA\" class=\"card-link\">https:\/\/sede.uvigo.gal\/<\/a><\/p>\n<p class=\"card-text\"><strong>Primer plazo: <\/strong>Del 1 de junio al 15 de julio de 2025<\/p>\n<p class=\"card-text\"><strong>Segundo plazo: <\/strong>En caso de haber menos personas admitidas que plazas ofertadas el Centro podr\u00e1 admitir solicitudes fuera de plazo siempre que la admisi\u00f3n pueda ser resuelta y la matr\u00edcula formalizada antes de que finalice el per\u00edodo ordinario de matr\u00edcula.<\/p>\n<p class=\"card-text\"><strong>Plazo de matr\u00edcula: <\/strong>Del 21 de agosto al 12 de septiembre de 2025, a trav\u00e9s del siguiente <a href=\"https:\/\/www.uvigo.gal\/estudar\/xestions-estudantes\/matriculate\/matricula-graos\" target=\"_blank\" rel=\"noopener\" class=\"card-link\">enlace<\/a><\/p>\n<\/div><\/div>\n<\/div>\n<div class=\"card\" >\n<div class=\"card-header\"><a class=\"collapse  collapsed\" data-toggle=\"collapse\" data-parent=\"#accordion0\" href=\"#collapse11\" aria-controls=\"collapse11\"> Reconocimiento de cr\u00e9ditos por experiencia profesional <\/a><\/div>\n<div id=\"collapse11\" class=\"collapse\" role=\"tabpanel\" data-parent=\"#accordion0\"><div class=\"card-body\">\n<p class=\"card-text\">\u00danicamente se tendr\u00e1 en cuenta la experiencia profesional POSTERIOR a la obtenci\u00f3n del t\u00edtulo de Ingeniero T\u00e9cnico en Inform\u00e1tica de Gesti\u00f3n.<\/p>\n<p class=\"card-text\"><strong>Documentaci\u00f3n que se debe presentar<\/strong><\/p>\n<p class=\"card-text\"><strong><em>1) Recopilatorio de documentaci\u00f3n entregada<\/em><\/strong>\u00a0(<a href=\"https:\/\/esei.uvigo.es\/documentos\/ponte_entregadocumentos_doc\/\" class=\"card-link\">doc<\/a>) (<a href=\"https:\/\/esei.uvigo.es\/documentos\/ponte_entregadocumentos_odt\/\" class=\"card-link\">odt<\/a>).<\/p>\n<p class=\"card-text\"><strong><em>2) CV en el formato oficial<\/em><\/strong>\u00a0(<a href=\"https:\/\/esei.uvigo.es\/documentos\/ponte_cv_doc\/\" class=\"card-link\">doc<\/a>) (<a href=\"https:\/\/esei.uvigo.es\/documentos\/ponte_cv_odt\/\" class=\"card-link\">odt<\/a>).<\/p>\n<p class=\"card-text\"><em><strong>3) Formulario de autoevaluaci\u00f3n de competencia<\/strong><strong>s<\/strong><\/em>\u00a0(<a href=\"https:\/\/esei.uvigo.es\/documentos\/ponte_competencias_doc\/\" class=\"card-link\">doc<\/a>) (<a href=\"https:\/\/esei.uvigo.es\/documentos\/ponte_competencias_odt\/\" class=\"card-link\">odt<\/a>).<\/p>\n<p class=\"card-text\"><em><strong>4) Documentaci\u00f3n acreditativa obligatoria de la experiencia laboral:<\/strong><\/em><\/p>\n<ul>\n<li>Informe de vida laboral.<\/li>\n<li>Copia de los contratos de trabajo.<\/li>\n<li>Certificados que justifiquen el tipo de trabajo desarrollado y horas de dedicaci\u00f3n, proyectos en los que se haya participado y horas de dedicaci\u00f3n, responsabilidades, etc.<\/li>\n<\/ul>\n<\/div><\/div>\n<\/div>\n<div class=\"card\" >\n<div class=\"card-header\"><a class=\"collapse  collapsed\" data-toggle=\"collapse\" data-parent=\"#accordion0\" href=\"#collapse12\" aria-controls=\"collapse12\"> Trabajo Fin de Grado <\/a><\/div>\n<div id=\"collapse12\" class=\"collapse\" role=\"tabpanel\" data-parent=\"#accordion0\"><div class=\"card-body\">\n<p class=\"card-text\">Los\/las estudiantes de Grado tendr\u00e1n que realizar un Trabajo Fin de Grao (TFG) de 12 ECTS, equivalente a 300 horas de trabajo. Tal y como establece la memoria da titulaci\u00f3n, el TFG es un trabajo individual y ser\u00e1 presentado a final de curso delante de un tribunal. Al igual que ocurre con los PFC, el alumnado podr\u00e1 llegar a un acuerdo con un docente del Centro para la direcci\u00f3n de su TFG, o escoger alguna de las propuestas que el profesorado publica en la web.<\/p>\n<p class=\"card-text\">Aunque el TFG es una materia del segundo cuadrimestre, nada impide que se comience el trabajo durante el primer cuatrimestre.<\/p>\n<\/div><\/div>\n<\/div>\n<\/div>\n<p>Para m\u00e1s informaci\u00f3n, por favor dir\u00edjase a la Secretar\u00eda de la ESEI, en horario de 9:00 a 14:00, en el 988387003\/4, o en act@uvigo.es<\/p>\n","protected":false},"excerpt":{"rendered":"<p>Curso 2025-2026 Para m\u00e1s informaci\u00f3n, por favor dir\u00edjase a la Secretar\u00eda de la ESEI, en horario de 9:00 a 14:00, en el 988387003\/4, o en &hellip; <a class=\"excerpt_more\" href=\"https:\/\/esei.uvigo.es\/es\/estudos\/grao-en-enxenaria-informatica\/curso-ponte-para-a-adaptacion-ao-grao\/\">Contin\u00faa<\/a><\/p>\n","protected":false},"author":10,"featured_media":0,"parent":22842,"menu_order":17,"comment_status":"closed","ping_status":"closed","template":"","meta":{"_acf_changed":false,"footnotes":""},"class_list":["post-22846","page","type-page","status-publish","hentry"],"acf":[],"yoast_head":"<!-- This site is optimized with the Yoast SEO plugin v27.6 - https:\/\/yoast.com\/product\/yoast-seo-wordpress\/ -->\n<title>Curso Puente para la Adaptaci\u00f3n al Grado | Escola Superior de Enxe\u00f1ar\u00eda Inform\u00e1tica<\/title>\n<meta name=\"robots\" content=\"index, follow, max-snippet:-1, max-image-preview:large, max-video-preview:-1\" \/>\n<link rel=\"canonical\" href=\"https:\/\/esei.uvigo.es\/es\/estudos\/grao-en-enxenaria-informatica\/curso-ponte-para-a-adaptacion-ao-grao\/\" \/>\n<meta property=\"og:locale\" content=\"es_ES\" \/>\n<meta property=\"og:type\" content=\"article\" \/>\n<meta property=\"og:title\" content=\"Curso Puente para la Adaptaci\u00f3n al Grado | Escola Superior de Enxe\u00f1ar\u00eda Inform\u00e1tica\" \/>\n<meta property=\"og:description\" content=\"Curso 2025-2026 Para m\u00e1s informaci\u00f3n, por favor dir\u00edjase a la Secretar\u00eda de la ESEI, en horario de 9:00 a 14:00, en el 988387003\/4, o en &hellip; Contin\u00faa\" \/>\n<meta property=\"og:url\" content=\"https:\/\/esei.uvigo.es\/es\/estudos\/grao-en-enxenaria-informatica\/curso-ponte-para-a-adaptacion-ao-grao\/\" \/>\n<meta property=\"og:site_name\" content=\"Escola Superior de Enxe\u00f1ar\u00eda Inform\u00e1tica\" \/>\n<meta property=\"article:modified_time\" content=\"2025-07-02T17:07:39+00:00\" \/>\n<meta name=\"twitter:card\" content=\"summary_large_image\" \/>\n<meta name=\"twitter:label1\" content=\"Tiempo de lectura\" \/>\n\t<meta name=\"twitter:data1\" content=\"5 minutos\" \/>\n<script type=\"application\/ld+json\" class=\"yoast-schema-graph\">{\"@context\":\"https:\\\/\\\/schema.org\",\"@graph\":[{\"@type\":\"WebPage\",\"@id\":\"https:\\\/\\\/esei.uvigo.es\\\/es\\\/estudos\\\/grao-en-enxenaria-informatica\\\/curso-ponte-para-a-adaptacion-ao-grao\\\/\",\"url\":\"https:\\\/\\\/esei.uvigo.es\\\/es\\\/estudos\\\/grao-en-enxenaria-informatica\\\/curso-ponte-para-a-adaptacion-ao-grao\\\/\",\"name\":\"Curso Puente para la Adaptaci\u00f3n al Grado | Escola Superior de Enxe\u00f1ar\u00eda Inform\u00e1tica\",\"isPartOf\":{\"@id\":\"https:\\\/\\\/esei.uvigo.es\\\/es\\\/#website\"},\"datePublished\":\"2019-02-19T09:09:56+00:00\",\"dateModified\":\"2025-07-02T17:07:39+00:00\",\"breadcrumb\":{\"@id\":\"https:\\\/\\\/esei.uvigo.es\\\/es\\\/estudos\\\/grao-en-enxenaria-informatica\\\/curso-ponte-para-a-adaptacion-ao-grao\\\/#breadcrumb\"},\"inLanguage\":\"es\",\"potentialAction\":[{\"@type\":\"ReadAction\",\"target\":[\"https:\\\/\\\/esei.uvigo.es\\\/es\\\/estudos\\\/grao-en-enxenaria-informatica\\\/curso-ponte-para-a-adaptacion-ao-grao\\\/\"]}]},{\"@type\":\"BreadcrumbList\",\"@id\":\"https:\\\/\\\/esei.uvigo.es\\\/es\\\/estudos\\\/grao-en-enxenaria-informatica\\\/curso-ponte-para-a-adaptacion-ao-grao\\\/#breadcrumb\",\"itemListElement\":[{\"@type\":\"ListItem\",\"position\":1,\"name\":\"Portada\",\"item\":\"https:\\\/\\\/esei.uvigo.es\\\/es\\\/\"},{\"@type\":\"ListItem\",\"position\":2,\"name\":\"Estudios\",\"item\":\"https:\\\/\\\/esei.uvigo.es\\\/es\\\/estudos\\\/\"},{\"@type\":\"ListItem\",\"position\":3,\"name\":\"Grado en Ingenier\u00eda Inform\u00e1tica\",\"item\":\"https:\\\/\\\/esei.uvigo.es\\\/es\\\/estudos\\\/grao-en-enxenaria-informatica\\\/\"},{\"@type\":\"ListItem\",\"position\":4,\"name\":\"Curso Puente para la Adaptaci\u00f3n al Grado\"}]},{\"@type\":\"WebSite\",\"@id\":\"https:\\\/\\\/esei.uvigo.es\\\/es\\\/#website\",\"url\":\"https:\\\/\\\/esei.uvigo.es\\\/es\\\/\",\"name\":\"Escola Superior de Enxe\u00f1ar\u00eda Inform\u00e1tica\",\"description\":\"\",\"publisher\":{\"@id\":\"https:\\\/\\\/esei.uvigo.es\\\/es\\\/#organization\"},\"potentialAction\":[{\"@type\":\"SearchAction\",\"target\":{\"@type\":\"EntryPoint\",\"urlTemplate\":\"https:\\\/\\\/esei.uvigo.es\\\/es\\\/?s={search_term_string}\"},\"query-input\":{\"@type\":\"PropertyValueSpecification\",\"valueRequired\":true,\"valueName\":\"search_term_string\"}}],\"inLanguage\":\"es\"},{\"@type\":\"Organization\",\"@id\":\"https:\\\/\\\/esei.uvigo.es\\\/es\\\/#organization\",\"name\":\"Escola Superior de Enxe\u00f1ar\u00eda Inform\u00e1tica\",\"url\":\"https:\\\/\\\/esei.uvigo.es\\\/es\\\/\",\"logo\":{\"@type\":\"ImageObject\",\"inLanguage\":\"es\",\"@id\":\"https:\\\/\\\/esei.uvigo.es\\\/es\\\/#\\\/schema\\\/logo\\\/image\\\/\",\"url\":\"https:\\\/\\\/esei.uvigo.es\\\/wp-content\\\/uploads\\\/2019\\\/09\\\/esei.png\",\"contentUrl\":\"https:\\\/\\\/esei.uvigo.es\\\/wp-content\\\/uploads\\\/2019\\\/09\\\/esei.png\",\"width\":579,\"height\":98,\"caption\":\"Escola Superior de Enxe\u00f1ar\u00eda Inform\u00e1tica\"},\"image\":{\"@id\":\"https:\\\/\\\/esei.uvigo.es\\\/es\\\/#\\\/schema\\\/logo\\\/image\\\/\"}}]}<\/script>\n<!-- \/ Yoast SEO plugin. -->","yoast_head_json":{"title":"Curso Puente para la Adaptaci\u00f3n al Grado | Escola Superior de Enxe\u00f1ar\u00eda Inform\u00e1tica","robots":{"index":"index","follow":"follow","max-snippet":"max-snippet:-1","max-image-preview":"max-image-preview:large","max-video-preview":"max-video-preview:-1"},"canonical":"https:\/\/esei.uvigo.es\/es\/estudos\/grao-en-enxenaria-informatica\/curso-ponte-para-a-adaptacion-ao-grao\/","og_locale":"es_ES","og_type":"article","og_title":"Curso Puente para la Adaptaci\u00f3n al Grado | Escola Superior de Enxe\u00f1ar\u00eda Inform\u00e1tica","og_description":"Curso 2025-2026 Para m\u00e1s informaci\u00f3n, por favor dir\u00edjase a la Secretar\u00eda de la ESEI, en horario de 9:00 a 14:00, en el 988387003\/4, o en &hellip; Contin\u00faa","og_url":"https:\/\/esei.uvigo.es\/es\/estudos\/grao-en-enxenaria-informatica\/curso-ponte-para-a-adaptacion-ao-grao\/","og_site_name":"Escola Superior de Enxe\u00f1ar\u00eda Inform\u00e1tica","article_modified_time":"2025-07-02T17:07:39+00:00","twitter_card":"summary_large_image","twitter_misc":{"Tiempo de lectura":"5 minutos"},"schema":{"@context":"https:\/\/schema.org","@graph":[{"@type":"WebPage","@id":"https:\/\/esei.uvigo.es\/es\/estudos\/grao-en-enxenaria-informatica\/curso-ponte-para-a-adaptacion-ao-grao\/","url":"https:\/\/esei.uvigo.es\/es\/estudos\/grao-en-enxenaria-informatica\/curso-ponte-para-a-adaptacion-ao-grao\/","name":"Curso Puente para la Adaptaci\u00f3n al Grado | Escola Superior de Enxe\u00f1ar\u00eda Inform\u00e1tica","isPartOf":{"@id":"https:\/\/esei.uvigo.es\/es\/#website"},"datePublished":"2019-02-19T09:09:56+00:00","dateModified":"2025-07-02T17:07:39+00:00","breadcrumb":{"@id":"https:\/\/esei.uvigo.es\/es\/estudos\/grao-en-enxenaria-informatica\/curso-ponte-para-a-adaptacion-ao-grao\/#breadcrumb"},"inLanguage":"es","potentialAction":[{"@type":"ReadAction","target":["https:\/\/esei.uvigo.es\/es\/estudos\/grao-en-enxenaria-informatica\/curso-ponte-para-a-adaptacion-ao-grao\/"]}]},{"@type":"BreadcrumbList","@id":"https:\/\/esei.uvigo.es\/es\/estudos\/grao-en-enxenaria-informatica\/curso-ponte-para-a-adaptacion-ao-grao\/#breadcrumb","itemListElement":[{"@type":"ListItem","position":1,"name":"Portada","item":"https:\/\/esei.uvigo.es\/es\/"},{"@type":"ListItem","position":2,"name":"Estudios","item":"https:\/\/esei.uvigo.es\/es\/estudos\/"},{"@type":"ListItem","position":3,"name":"Grado en Ingenier\u00eda Inform\u00e1tica","item":"https:\/\/esei.uvigo.es\/es\/estudos\/grao-en-enxenaria-informatica\/"},{"@type":"ListItem","position":4,"name":"Curso Puente para la Adaptaci\u00f3n al Grado"}]},{"@type":"WebSite","@id":"https:\/\/esei.uvigo.es\/es\/#website","url":"https:\/\/esei.uvigo.es\/es\/","name":"Escola Superior de Enxe\u00f1ar\u00eda Inform\u00e1tica","description":"","publisher":{"@id":"https:\/\/esei.uvigo.es\/es\/#organization"},"potentialAction":[{"@type":"SearchAction","target":{"@type":"EntryPoint","urlTemplate":"https:\/\/esei.uvigo.es\/es\/?s={search_term_string}"},"query-input":{"@type":"PropertyValueSpecification","valueRequired":true,"valueName":"search_term_string"}}],"inLanguage":"es"},{"@type":"Organization","@id":"https:\/\/esei.uvigo.es\/es\/#organization","name":"Escola Superior de Enxe\u00f1ar\u00eda Inform\u00e1tica","url":"https:\/\/esei.uvigo.es\/es\/","logo":{"@type":"ImageObject","inLanguage":"es","@id":"https:\/\/esei.uvigo.es\/es\/#\/schema\/logo\/image\/","url":"https:\/\/esei.uvigo.es\/wp-content\/uploads\/2019\/09\/esei.png","contentUrl":"https:\/\/esei.uvigo.es\/wp-content\/uploads\/2019\/09\/esei.png","width":579,"height":98,"caption":"Escola Superior de Enxe\u00f1ar\u00eda Inform\u00e1tica"},"image":{"@id":"https:\/\/esei.uvigo.es\/es\/#\/schema\/logo\/image\/"}}]}},"_links":{"self":[{"href":"https:\/\/esei.uvigo.es\/es\/wp-json\/wp\/v2\/pages\/22846","targetHints":{"allow":["GET"]}}],"collection":[{"href":"https:\/\/esei.uvigo.es\/es\/wp-json\/wp\/v2\/pages"}],"about":[{"href":"https:\/\/esei.uvigo.es\/es\/wp-json\/wp\/v2\/types\/page"}],"author":[{"embeddable":true,"href":"https:\/\/esei.uvigo.es\/es\/wp-json\/wp\/v2\/users\/10"}],"replies":[{"embeddable":true,"href":"https:\/\/esei.uvigo.es\/es\/wp-json\/wp\/v2\/comments?post=22846"}],"version-history":[{"count":15,"href":"https:\/\/esei.uvigo.es\/es\/wp-json\/wp\/v2\/pages\/22846\/revisions"}],"predecessor-version":[{"id":28813,"href":"https:\/\/esei.uvigo.es\/es\/wp-json\/wp\/v2\/pages\/22846\/revisions\/28813"}],"up":[{"embeddable":true,"href":"https:\/\/esei.uvigo.es\/es\/wp-json\/wp\/v2\/pages\/22842"}],"wp:attachment":[{"href":"https:\/\/esei.uvigo.es\/es\/wp-json\/wp\/v2\/media?parent=22846"}],"curies":[{"name":"wp","href":"https:\/\/api.w.org\/{rel}","templated":true}]}}