{"id":22845,"date":"2018-09-04T14:46:33","date_gmt":"2018-09-04T12:46:33","guid":{"rendered":"https:\/\/esei.uvigo.es\/estudos\/grao-en-enxenaria-informatica\/asignaturas-por-curso\/"},"modified":"2022-10-10T11:40:47","modified_gmt":"2022-10-10T09:40:47","slug":"asignaturas-por-curso","status":"publish","type":"page","link":"https:\/\/esei.uvigo.es\/es\/estudos\/grao-en-enxenaria-informatica\/asignaturas-por-curso\/","title":{"rendered":"Materias por curso"},"content":{"rendered":"<h2>1\u00ba Curso<\/h2>\n<h4><strong>Coordinadora: <\/strong><a href=\"https:\/\/esei.uvigo.es\/centro\/profesorado\/lado-tourino-maria-jose\/\" rel=\"noopener noreferrer\">Mar\u00eda Jos\u00e9 Lado Touri\u00f1o<\/a><\/h4>\n<h3>Primer cuatrimestre<\/h3><ul class=\"uvigo_subjects\"><li><a href=\"https:\/\/esei.uvigo.es\/es\/asignaturas\/grao\/sistemas-dixitais-o06-g151104\/\"> <span class=\"field_title\">F\u00edsica::Sistemas digitales<\/span><span class=\"field_type\"> \\ Formaci\u00f3n B\u00e1sica<\/span><span class=\"field_credits\"> \\ 6 Cr\u00e9ditos<\/span><span class=\"field_advice\"> \\ ( )<\/span><\/a><\/li><li><a href=\"https:\/\/esei.uvigo.es\/es\/asignaturas\/grao\/programacion-i-o06-g151103\/\"> <span class=\"field_title\">Inform\u00e1tica::Programaci\u00f3n I<\/span><span class=\"field_type\"> \\ Formaci\u00f3n B\u00e1sica<\/span><span class=\"field_credits\"> \\ 12 Cr\u00e9ditos<\/span><\/a><\/li><li><a href=\"https:\/\/esei.uvigo.es\/es\/asignaturas\/grao\/fundamentos-matematicos-para-a-informatica-o06-g151101\/\"> <span class=\"field_title\">Matem\u00e1ticas:: Fundamentos matem\u00e1ticos para la inform\u00e1tica<\/span><span class=\"field_type\"> \\ Formaci\u00f3n B\u00e1sica<\/span><span class=\"field_credits\"> \\ 6 Cr\u00e9ditos<\/span><\/a><\/li><li><a href=\"https:\/\/esei.uvigo.es\/es\/asignaturas\/grao\/analise-matematico-o06-g151102\/\"> <span class=\"field_title\">Matem\u00e1ticas::An\u00e1lisis matem\u00e1tico<\/span><span class=\"field_type\"> \\ Formaci\u00f3n B\u00e1sica<\/span><span class=\"field_credits\"> \\ 6 Cr\u00e9ditos<\/span><\/a><\/li><\/ul><h3>Segundo cuatrimestre<\/h3><ul class=\"uvigo_subjects\"><li><a href=\"https:\/\/esei.uvigo.es\/es\/asignaturas\/grao\/tecnicas-de-comunicacion-e-liderado-o06-g151105\/\"> <span class=\"field_title\">Empresa::T\u00e9cnicas de comunicaci\u00f3n e liderado<\/span><span class=\"field_type\"> \\ Formaci\u00f3n B\u00e1sica<\/span><span class=\"field_credits\"> \\ 6 Cr\u00e9ditos<\/span><\/a><\/li><li><a href=\"https:\/\/esei.uvigo.es\/es\/asignaturas\/grao\/algoritmos-e-estruturas-de-datos-i-o06-g151107\/\"> <span class=\"field_title\">Inform\u00e1tica::Algoritmos y estructuras de datos I<\/span><span class=\"field_type\"> \\ Formaci\u00f3n B\u00e1sica<\/span><span class=\"field_credits\"> \\ 6 Cr\u00e9ditos<\/span><\/a><\/li><li><a href=\"https:\/\/esei.uvigo.es\/es\/asignaturas\/grao\/arquitectura-de-computadoras-i-o06-g151108\/\"> <span class=\"field_title\">Inform\u00e1tica::Arquitectura de computadoras I<\/span><span class=\"field_type\"> \\ Formaci\u00f3n B\u00e1sica<\/span><span class=\"field_credits\"> \\ 6 Cr\u00e9ditos<\/span><\/a><\/li><li><a href=\"https:\/\/esei.uvigo.es\/es\/asignaturas\/grao\/alxebra-lineal-o06-g151106\/\"> <span class=\"field_title\">Matem\u00e1ticas::Algebra Lineal<\/span><span class=\"field_type\"> \\ Formaci\u00f3n B\u00e1sica<\/span><span class=\"field_credits\"> \\ 6 Cr\u00e9ditos<\/span><\/a><\/li><li><a href=\"https:\/\/esei.uvigo.es\/es\/asignaturas\/grao\/programacion-ii-o06-g151109\/\"> <span class=\"field_title\">Programaci\u00f3n II<\/span><span class=\"field_type\"> \\ Obrigatoria<\/span><span class=\"field_credits\"> \\ 6 Cr\u00e9ditos<\/span><\/a><\/li><\/ul>\n<h2>2\u00ba Curso<\/h2>\n<h4><strong>Coordinadora: <\/strong><a href=\"https:\/\/esei.uvigo.es\/centro\/profesorado\/gonzalez-rufino-maria-encarnacion\/\" rel=\"noopener noreferrer\">Mar\u00eda Encarnaci\u00f3n Gonz\u00e1lez Rufino<\/a><\/h4>\n<h3>Primer cuatrimestre<\/h3><ul class=\"uvigo_subjects\"><li><a href=\"https:\/\/esei.uvigo.es\/es\/asignaturas\/grao\/algoritmos-e-estruturas-de-datos-ii\/\"> <span class=\"field_title\">Algoritmos y estructuras de datos II<\/span><span class=\"field_type\"> \\ Obrigatoria<\/span><span class=\"field_credits\"> \\ 6 Cr\u00e9ditos<\/span><\/a><\/li><li><a href=\"https:\/\/esei.uvigo.es\/es\/asignaturas\/grao\/arquitectura-de-computadoras-ii\/\"> <span class=\"field_title\">Arquitectura de computadoras II<\/span><span class=\"field_type\"> \\ Obrigatoria<\/span><span class=\"field_credits\"> \\ 6 Cr\u00e9ditos<\/span><\/a><\/li><li><a href=\"https:\/\/esei.uvigo.es\/es\/asignaturas\/grao\/enxenaria-do-software-i-o06-g151304\/\"> <span class=\"field_title\">Ingenier\u00eda del software I<\/span><span class=\"field_type\"> \\ Obrigatoria<\/span><span class=\"field_credits\"> \\ 6 Cr\u00e9ditos<\/span><\/a><\/li><li><a href=\"https:\/\/esei.uvigo.es\/es\/asignaturas\/grao\/matematicasestatistica-o06-g151201\/\"> <span class=\"field_title\">Matem\u00e1ticas::Estad\u00edstica<\/span><span class=\"field_type\"> \\ Formaci\u00f3n B\u00e1sica<\/span><span class=\"field_credits\"> \\ 6 Cr\u00e9ditos<\/span><\/a><\/li><li><a href=\"https:\/\/esei.uvigo.es\/es\/asignaturas\/grao\/sistemas-operativos-i-o06-g151203\/\"> <span class=\"field_title\">Sistemas operativos I<\/span><span class=\"field_type\"> \\ Obrigatoria<\/span><span class=\"field_credits\"> \\ 6 Cr\u00e9ditos<\/span><\/a><\/li><\/ul><h3>Segundo cuatrimestre<\/h3><ul class=\"uvigo_subjects\"><li><a href=\"https:\/\/esei.uvigo.es\/es\/asignaturas\/grao\/arquitecturas-paralelas-en-extincion\/\"> <span class=\"field_title\">Arquitecturas paralelas<\/span><span class=\"field_type\"> \\ Obrigatoria<\/span><span class=\"field_credits\"> \\ 6 Cr\u00e9ditos<\/span><\/a><\/li><li><a href=\"https:\/\/esei.uvigo.es\/es\/asignaturas\/grao\/bases-de-datos-i\/\"> <span class=\"field_title\">Bases de datos I<\/span><span class=\"field_type\"> \\ Obrigatoria<\/span><span class=\"field_credits\"> \\ 6 Cr\u00e9ditos<\/span><\/a><\/li><li><a href=\"https:\/\/esei.uvigo.es\/es\/asignaturas\/grao\/enxenaria-do-software-ii-o06-g151208\/\"> <span class=\"field_title\">Ingenier\u00eda del software II<\/span><span class=\"field_type\"> \\ Obrigatoria<\/span><span class=\"field_credits\"> \\ 6 Cr\u00e9ditos<\/span><\/a><\/li><li><a href=\"https:\/\/esei.uvigo.es\/es\/asignaturas\/grao\/redes-de-computadoras-i\/\"> <span class=\"field_title\">Redes de computadoras I<\/span><span class=\"field_type\"> \\ Obrigatoria<\/span><span class=\"field_credits\"> \\ 6 Cr\u00e9ditos<\/span><\/a><\/li><li><a href=\"https:\/\/esei.uvigo.es\/es\/asignaturas\/grao\/sistemas-operativos-ii\/\"> <span class=\"field_title\">Sistemas operativos II<\/span><span class=\"field_type\"> \\ Obrigatoria<\/span><span class=\"field_credits\"> \\ 6 Cr\u00e9ditos<\/span><\/a><\/li><\/ul>\n<h2>3\u00ba Curso<\/h2>\n<h4><strong>Coordinador: <\/strong><a href=\"https:\/\/esei.uvigo.es\/centro\/profesorado\/diaz-cacho-medina-miguel-ramon\/\" rel=\"noopener noreferrer\">Miguel Ram\u00f3n D\u00edaz-Cacho Medina<\/a><\/h4>\n<h3>Primer cuatrimestre<\/h3><ul class=\"uvigo_subjects\"><li><a href=\"https:\/\/esei.uvigo.es\/es\/asignaturas\/grao\/bases-de-datos-ii\/\"> <span class=\"field_title\">Bases de datos II<\/span><span class=\"field_type\"> \\ Obrigatoria<\/span><span class=\"field_credits\"> \\ 6 Cr\u00e9ditos<\/span><\/a><\/li><li><a href=\"https:\/\/esei.uvigo.es\/es\/asignaturas\/grao\/centros-de-datos\/\"> <span class=\"field_title\">Centros de datos<\/span><span class=\"field_type\"> \\ Obrigatoria<\/span><span class=\"field_credits\"> \\ 6 Cr\u00e9ditos<\/span><\/a><\/li><li><a href=\"https:\/\/esei.uvigo.es\/es\/asignaturas\/grao\/interfaces-de-usuario\/\"> <span class=\"field_title\">Interfaces de usuario<\/span><span class=\"field_type\"> \\ Obrigatoria<\/span><span class=\"field_credits\"> \\ 6 Cr\u00e9ditos<\/span><\/a><\/li><li><a href=\"https:\/\/esei.uvigo.es\/es\/asignaturas\/grao\/loxica-para-a-computacion\/\"> <span class=\"field_title\">L\u00f3gica para la computaci\u00f3n<\/span><span class=\"field_type\"> \\ Obrigatoria<\/span><span class=\"field_credits\"> \\ 6 Cr\u00e9ditos<\/span><\/a><\/li><li><a href=\"https:\/\/esei.uvigo.es\/es\/asignaturas\/grao\/redes-de-computadoras-ii\/\"> <span class=\"field_title\">Redes de computadoras II<\/span><span class=\"field_type\"> \\ Obrigatoria<\/span><span class=\"field_credits\"> \\ 6 Cr\u00e9ditos<\/span><\/a><\/li><\/ul><h3>Segundo cuatrimestre<\/h3><ul class=\"uvigo_subjects\"><li><a href=\"https:\/\/esei.uvigo.es\/es\/asignaturas\/grao\/concorrencia-e-distribucion\/\"> <span class=\"field_title\">Concurrencia y distribuci\u00f3n<\/span><span class=\"field_type\"> \\ Obrigatoria<\/span><span class=\"field_credits\"> \\ 6 Cr\u00e9ditos<\/span><\/a><\/li><li><a href=\"https:\/\/esei.uvigo.es\/es\/asignaturas\/grao\/direccion-e-xestion-de-proxectos\/\"> <span class=\"field_title\">Direcci\u00f3n y gesti\u00f3n de proyectos<\/span><span class=\"field_type\"> \\ Obrigatoria<\/span><span class=\"field_credits\"> \\ 6 Cr\u00e9ditos<\/span><\/a><\/li><li><a href=\"https:\/\/esei.uvigo.es\/es\/asignaturas\/grao\/hardware-de-aplicacion-especifica\/\"> <span class=\"field_title\">Hardware de aplicaci\u00f3n espec\u00edfica<\/span><span class=\"field_type\"> \\ Obrigatoria<\/span><span class=\"field_credits\"> \\ 6 Cr\u00e9ditos<\/span><\/a><\/li><li><a href=\"https:\/\/esei.uvigo.es\/es\/asignaturas\/grao\/sistemas-intelixentes\/\"> <span class=\"field_title\">Sistemas inteligentes<\/span><span class=\"field_type\"> \\ Obrigatoria<\/span><span class=\"field_credits\"> \\ 6 Cr\u00e9ditos<\/span><\/a><\/li><li><a href=\"https:\/\/esei.uvigo.es\/es\/asignaturas\/grao\/teoria-de-automatas-e-linguaxes-formais\/\"> <span class=\"field_title\">Teor\u00eda de aut\u00f3matas y lenguajes formales<\/span><span class=\"field_type\"> \\ Obrigatoria<\/span><span class=\"field_credits\"> \\ 6 Cr\u00e9ditos<\/span><\/a><\/li><\/ul>\n<h2>4\u00ba Curso<\/h2>\n<h4><strong>Coordinadora: <\/strong><a href=\"https:\/\/esei.uvigo.es\/centro\/profesorado\/pavon-rial-maria-reyes\/\" rel=\"noopener noreferrer\">Mar\u00eda Reyes Pav\u00f3n Rial<\/a><\/h4>\n<h3>Primer cuatrimestre<\/h3><ul class=\"uvigo_subjects\"><li><a href=\"https:\/\/esei.uvigo.es\/es\/asignaturas\/grao\/aprendizaxe-baseada-en-proxectos\/\"> <span class=\"field_title\">Aprendizaje basado en proyectos<\/span><span class=\"field_type\"> \\ Obrigatoria<\/span><span class=\"field_credits\"> \\ 6 Cr\u00e9ditos<\/span><\/a><\/li><li><a href=\"https:\/\/esei.uvigo.es\/es\/asignaturas\/grao\/practicas-en-empresas-i\/\"> <span class=\"field_title\">Pr\u00e1cticas externas: Pr\u00e1cticas en empresas I<\/span><span class=\"field_type\"> \\ Optativa<\/span><span class=\"field_credits\"> \\ 6 Cr\u00e9ditos<\/span><\/a><\/li><li><a href=\"https:\/\/esei.uvigo.es\/es\/asignaturas\/grao\/seguridade-en-sistemas-informaticos\/\"> <span class=\"field_title\">Seguridad en sistemas inform\u00e1ticos<\/span><span class=\"field_type\"> \\ Obrigatoria<\/span><span class=\"field_credits\"> \\ 6 Cr\u00e9ditos<\/span><\/a><\/li><\/ul><h4>Itinerario Tecnolog\u00edas de la Informaci\u00f3n<\/h4><ul class=\"uvigo_subjects\"><li><a href=\"https:\/\/esei.uvigo.es\/es\/asignaturas\/grao\/creacion-de-contidos-dixitais\/\"> <span class=\"field_title\">Creaci\u00f3n de contenidos digitales<\/span><span class=\"field_type\"> \\ Optativa<\/span><span class=\"field_credits\"> \\ 6 Cr\u00e9ditos<\/span><\/a><\/li><li><a href=\"https:\/\/esei.uvigo.es\/es\/asignaturas\/grao\/desenvolvemento-de-aplicacions-para-internet\/\"> <span class=\"field_title\">Desarrollo de aplicaciones para internet<\/span><span class=\"field_type\"> \\ Optativa<\/span><span class=\"field_credits\"> \\ 6 Cr\u00e9ditos<\/span><\/a><\/li><li><a href=\"https:\/\/esei.uvigo.es\/es\/asignaturas\/grao\/dispositivos-mobiles\/\"> <span class=\"field_title\">Dispositivos m\u00f3viles<\/span><span class=\"field_type\"> \\ Optativa<\/span><span class=\"field_credits\"> \\ 6 Cr\u00e9ditos<\/span><\/a><\/li><li><a href=\"https:\/\/esei.uvigo.es\/es\/asignaturas\/grao\/tecnoloxias-e-servizos-web\/\"> <span class=\"field_title\">Tecnolog\u00edas y servicios web<\/span><span class=\"field_type\"> \\ Optativa<\/span><span class=\"field_credits\"> \\ 6 Cr\u00e9ditos<\/span><\/a><\/li><\/ul><h4>Itinerario Ingenier\u00eda del Software<\/h4><ul class=\"uvigo_subjects\"><li><a href=\"https:\/\/esei.uvigo.es\/es\/asignaturas\/grao\/desenvolvemento-e-integracion-de-aplicacions\/\"> <span class=\"field_title\">Desarrollo e integraci\u00f3n de aplicaciones<\/span><span class=\"field_type\"> \\ Optativa<\/span><span class=\"field_credits\"> \\ 6 Cr\u00e9ditos<\/span><span class=\"field_advice\"> \\ (se podr\u00e1 impartir parte de la asignatura en ingl\u00e9s)<\/span><\/a><\/li><li><a href=\"https:\/\/esei.uvigo.es\/es\/asignaturas\/grao\/deseno-de-arquitecturas-de-grandes-sistemas-software\/\"> <span class=\"field_title\">Dise\u00f1o de arquitecturas de grandes sistemas software<\/span><span class=\"field_type\"> \\ Optativa<\/span><span class=\"field_credits\"> \\ 6 Cr\u00e9ditos<\/span><\/a><\/li><li><a href=\"https:\/\/esei.uvigo.es\/es\/asignaturas\/grao\/metodos-avanzados-de-enxenaria-de-software\/\"> <span class=\"field_title\">M\u00e9todos avanzados de ingenier\u00eda de software<\/span><span class=\"field_type\"> \\ Optativa<\/span><span class=\"field_credits\"> \\ 6 Cr\u00e9ditos<\/span><span class=\"field_advice\"> \\ (se podr\u00e1 impartir parte de la asignatura en ingl\u00e9s)<\/span><\/a><\/li><li><a href=\"https:\/\/esei.uvigo.es\/es\/asignaturas\/grao\/sistemas-de-negocio\/\"> <span class=\"field_title\">Sistemas de negocio<\/span><span class=\"field_type\"> \\ Optativa<\/span><span class=\"field_credits\"> \\ 6 Cr\u00e9ditos<\/span><\/a><\/li><\/ul><h3>Segundo cuatrimestre<\/h3><ul class=\"uvigo_subjects\"><li><a href=\"https:\/\/esei.uvigo.es\/es\/asignaturas\/grao\/fundamentos-eticos-y-juridicos\/\"> <span class=\"field_title\">Fundamentos \u00c9ticos y Jur\u00eddicos<\/span><span class=\"field_type\"> \\ Obrigatoria<\/span><span class=\"field_credits\"> \\ 6 Cr\u00e9ditos<\/span><\/a><\/li><li><a href=\"https:\/\/esei.uvigo.es\/es\/asignaturas\/grao\/practicas-en-empresas-ii\/\"> <span class=\"field_title\">Pr\u00e1cticas externas: Pr\u00e1cticas en empresas II<\/span><span class=\"field_type\"> \\ Optativa<\/span><span class=\"field_credits\"> \\ 12 Cr\u00e9ditos<\/span><\/a><\/li><li><a href=\"https:\/\/esei.uvigo.es\/es\/asignaturas\/grao\/traballo-de-fin-de-grao\/\"> <span class=\"field_title\">Trabajo de Fin de Grado<\/span><span class=\"field_type\"> \\ Obrigatoria<\/span><span class=\"field_credits\"> \\ 12 Cr\u00e9ditos<\/span><\/a><\/li><\/ul><h4>Itinerario Tecnolog\u00edas de la Informaci\u00f3n<\/h4><ul class=\"uvigo_subjects\"><li><a href=\"https:\/\/esei.uvigo.es\/es\/asignaturas\/grao\/tecnicas-avanzadas-de-manejo-de-informacion\/\"> <span class=\"field_title\">T\u00e9cnicas avanzadas de manejo de informaci\u00f3n<\/span><span class=\"field_type\"> \\ Optativa<\/span><span class=\"field_credits\"> \\ 6 Cr\u00e9ditos<\/span><\/a><\/li><li><a href=\"https:\/\/esei.uvigo.es\/es\/asignaturas\/grao\/teoria-de-codigos\/\"> <span class=\"field_title\">Teor\u00eda de c\u00f3digos<\/span><span class=\"field_type\"> \\ Optativa<\/span><span class=\"field_credits\"> \\ 6 Cr\u00e9ditos<\/span><\/a><\/li><\/ul><h4>Itinerario Ingenier\u00eda del Software<\/h4><ul class=\"uvigo_subjects\"><li><a href=\"https:\/\/esei.uvigo.es\/es\/asignaturas\/grao\/aplicacions-con-linguaxes-de-script\/\"> <span class=\"field_title\">Aplicaciones con lenguajes de script<\/span><span class=\"field_type\"> \\ Optativa<\/span><span class=\"field_credits\"> \\ 6 Cr\u00e9ditos<\/span><span class=\"field_advice\"> \\ (se podr\u00e1 impartir parte de la asignatura en ingl\u00e9s)<\/span><\/a><\/li><li><a href=\"https:\/\/esei.uvigo.es\/es\/asignaturas\/grao\/desenvolvemento-axil-de-aplicacions\/\"> <span class=\"field_title\">Desarrollo \u00e1gil de aplicaciones<\/span><span class=\"field_type\"> \\ Optativa<\/span><span class=\"field_credits\"> \\ 6 Cr\u00e9ditos<\/span><\/a><\/li><\/ul>\n","protected":false},"excerpt":{"rendered":"","protected":false},"author":10,"featured_media":0,"parent":22842,"menu_order":11,"comment_status":"closed","ping_status":"closed","template":"","meta":{"_acf_changed":false,"footnotes":""},"class_list":["post-22845","page","type-page","status-publish","hentry"],"acf":[],"yoast_head":"<!-- This site is optimized with the Yoast SEO plugin v27.6 - https:\/\/yoast.com\/product\/yoast-seo-wordpress\/ -->\n<title>Materias por curso | Escola Superior de Enxe\u00f1ar\u00eda Inform\u00e1tica<\/title>\n<meta name=\"robots\" content=\"index, follow, max-snippet:-1, max-image-preview:large, max-video-preview:-1\" \/>\n<link rel=\"canonical\" href=\"https:\/\/esei.uvigo.es\/es\/estudos\/grao-en-enxenaria-informatica\/asignaturas-por-curso\/\" \/>\n<meta property=\"og:locale\" content=\"es_ES\" \/>\n<meta property=\"og:type\" content=\"article\" \/>\n<meta property=\"og:title\" content=\"Materias por curso | Escola Superior de Enxe\u00f1ar\u00eda Inform\u00e1tica\" \/>\n<meta property=\"og:url\" content=\"https:\/\/esei.uvigo.es\/es\/estudos\/grao-en-enxenaria-informatica\/asignaturas-por-curso\/\" \/>\n<meta property=\"og:site_name\" content=\"Escola Superior de Enxe\u00f1ar\u00eda Inform\u00e1tica\" \/>\n<meta property=\"article:modified_time\" content=\"2022-10-10T09:40:47+00:00\" \/>\n<meta name=\"twitter:card\" content=\"summary_large_image\" \/>\n<meta name=\"twitter:label1\" content=\"Tiempo de lectura\" \/>\n\t<meta name=\"twitter:data1\" content=\"1 minuto\" \/>\n<script type=\"application\/ld+json\" class=\"yoast-schema-graph\">{\"@context\":\"https:\\\/\\\/schema.org\",\"@graph\":[{\"@type\":\"WebPage\",\"@id\":\"https:\\\/\\\/esei.uvigo.es\\\/es\\\/estudos\\\/grao-en-enxenaria-informatica\\\/asignaturas-por-curso\\\/\",\"url\":\"https:\\\/\\\/esei.uvigo.es\\\/es\\\/estudos\\\/grao-en-enxenaria-informatica\\\/asignaturas-por-curso\\\/\",\"name\":\"Materias por curso | Escola Superior de Enxe\u00f1ar\u00eda Inform\u00e1tica\",\"isPartOf\":{\"@id\":\"https:\\\/\\\/esei.uvigo.es\\\/es\\\/#website\"},\"datePublished\":\"2018-09-04T12:46:33+00:00\",\"dateModified\":\"2022-10-10T09:40:47+00:00\",\"breadcrumb\":{\"@id\":\"https:\\\/\\\/esei.uvigo.es\\\/es\\\/estudos\\\/grao-en-enxenaria-informatica\\\/asignaturas-por-curso\\\/#breadcrumb\"},\"inLanguage\":\"es\",\"potentialAction\":[{\"@type\":\"ReadAction\",\"target\":[\"https:\\\/\\\/esei.uvigo.es\\\/es\\\/estudos\\\/grao-en-enxenaria-informatica\\\/asignaturas-por-curso\\\/\"]}]},{\"@type\":\"BreadcrumbList\",\"@id\":\"https:\\\/\\\/esei.uvigo.es\\\/es\\\/estudos\\\/grao-en-enxenaria-informatica\\\/asignaturas-por-curso\\\/#breadcrumb\",\"itemListElement\":[{\"@type\":\"ListItem\",\"position\":1,\"name\":\"Portada\",\"item\":\"https:\\\/\\\/esei.uvigo.es\\\/es\\\/\"},{\"@type\":\"ListItem\",\"position\":2,\"name\":\"Estudios\",\"item\":\"https:\\\/\\\/esei.uvigo.es\\\/es\\\/estudos\\\/\"},{\"@type\":\"ListItem\",\"position\":3,\"name\":\"Grado en Ingenier\u00eda Inform\u00e1tica\",\"item\":\"https:\\\/\\\/esei.uvigo.es\\\/es\\\/estudos\\\/grao-en-enxenaria-informatica\\\/\"},{\"@type\":\"ListItem\",\"position\":4,\"name\":\"Materias por curso\"}]},{\"@type\":\"WebSite\",\"@id\":\"https:\\\/\\\/esei.uvigo.es\\\/es\\\/#website\",\"url\":\"https:\\\/\\\/esei.uvigo.es\\\/es\\\/\",\"name\":\"Escola Superior de Enxe\u00f1ar\u00eda Inform\u00e1tica\",\"description\":\"\",\"publisher\":{\"@id\":\"https:\\\/\\\/esei.uvigo.es\\\/es\\\/#organization\"},\"potentialAction\":[{\"@type\":\"SearchAction\",\"target\":{\"@type\":\"EntryPoint\",\"urlTemplate\":\"https:\\\/\\\/esei.uvigo.es\\\/es\\\/?s={search_term_string}\"},\"query-input\":{\"@type\":\"PropertyValueSpecification\",\"valueRequired\":true,\"valueName\":\"search_term_string\"}}],\"inLanguage\":\"es\"},{\"@type\":\"Organization\",\"@id\":\"https:\\\/\\\/esei.uvigo.es\\\/es\\\/#organization\",\"name\":\"Escola Superior de Enxe\u00f1ar\u00eda Inform\u00e1tica\",\"url\":\"https:\\\/\\\/esei.uvigo.es\\\/es\\\/\",\"logo\":{\"@type\":\"ImageObject\",\"inLanguage\":\"es\",\"@id\":\"https:\\\/\\\/esei.uvigo.es\\\/es\\\/#\\\/schema\\\/logo\\\/image\\\/\",\"url\":\"https:\\\/\\\/esei.uvigo.es\\\/wp-content\\\/uploads\\\/2019\\\/09\\\/esei.png\",\"contentUrl\":\"https:\\\/\\\/esei.uvigo.es\\\/wp-content\\\/uploads\\\/2019\\\/09\\\/esei.png\",\"width\":579,\"height\":98,\"caption\":\"Escola Superior de Enxe\u00f1ar\u00eda Inform\u00e1tica\"},\"image\":{\"@id\":\"https:\\\/\\\/esei.uvigo.es\\\/es\\\/#\\\/schema\\\/logo\\\/image\\\/\"}}]}<\/script>\n<!-- \/ Yoast SEO plugin. -->","yoast_head_json":{"title":"Materias por curso | Escola Superior de Enxe\u00f1ar\u00eda Inform\u00e1tica","robots":{"index":"index","follow":"follow","max-snippet":"max-snippet:-1","max-image-preview":"max-image-preview:large","max-video-preview":"max-video-preview:-1"},"canonical":"https:\/\/esei.uvigo.es\/es\/estudos\/grao-en-enxenaria-informatica\/asignaturas-por-curso\/","og_locale":"es_ES","og_type":"article","og_title":"Materias por curso | Escola Superior de Enxe\u00f1ar\u00eda Inform\u00e1tica","og_url":"https:\/\/esei.uvigo.es\/es\/estudos\/grao-en-enxenaria-informatica\/asignaturas-por-curso\/","og_site_name":"Escola Superior de Enxe\u00f1ar\u00eda Inform\u00e1tica","article_modified_time":"2022-10-10T09:40:47+00:00","twitter_card":"summary_large_image","twitter_misc":{"Tiempo de lectura":"1 minuto"},"schema":{"@context":"https:\/\/schema.org","@graph":[{"@type":"WebPage","@id":"https:\/\/esei.uvigo.es\/es\/estudos\/grao-en-enxenaria-informatica\/asignaturas-por-curso\/","url":"https:\/\/esei.uvigo.es\/es\/estudos\/grao-en-enxenaria-informatica\/asignaturas-por-curso\/","name":"Materias por curso | Escola Superior de Enxe\u00f1ar\u00eda Inform\u00e1tica","isPartOf":{"@id":"https:\/\/esei.uvigo.es\/es\/#website"},"datePublished":"2018-09-04T12:46:33+00:00","dateModified":"2022-10-10T09:40:47+00:00","breadcrumb":{"@id":"https:\/\/esei.uvigo.es\/es\/estudos\/grao-en-enxenaria-informatica\/asignaturas-por-curso\/#breadcrumb"},"inLanguage":"es","potentialAction":[{"@type":"ReadAction","target":["https:\/\/esei.uvigo.es\/es\/estudos\/grao-en-enxenaria-informatica\/asignaturas-por-curso\/"]}]},{"@type":"BreadcrumbList","@id":"https:\/\/esei.uvigo.es\/es\/estudos\/grao-en-enxenaria-informatica\/asignaturas-por-curso\/#breadcrumb","itemListElement":[{"@type":"ListItem","position":1,"name":"Portada","item":"https:\/\/esei.uvigo.es\/es\/"},{"@type":"ListItem","position":2,"name":"Estudios","item":"https:\/\/esei.uvigo.es\/es\/estudos\/"},{"@type":"ListItem","position":3,"name":"Grado en Ingenier\u00eda Inform\u00e1tica","item":"https:\/\/esei.uvigo.es\/es\/estudos\/grao-en-enxenaria-informatica\/"},{"@type":"ListItem","position":4,"name":"Materias por curso"}]},{"@type":"WebSite","@id":"https:\/\/esei.uvigo.es\/es\/#website","url":"https:\/\/esei.uvigo.es\/es\/","name":"Escola Superior de Enxe\u00f1ar\u00eda Inform\u00e1tica","description":"","publisher":{"@id":"https:\/\/esei.uvigo.es\/es\/#organization"},"potentialAction":[{"@type":"SearchAction","target":{"@type":"EntryPoint","urlTemplate":"https:\/\/esei.uvigo.es\/es\/?s={search_term_string}"},"query-input":{"@type":"PropertyValueSpecification","valueRequired":true,"valueName":"search_term_string"}}],"inLanguage":"es"},{"@type":"Organization","@id":"https:\/\/esei.uvigo.es\/es\/#organization","name":"Escola Superior de Enxe\u00f1ar\u00eda Inform\u00e1tica","url":"https:\/\/esei.uvigo.es\/es\/","logo":{"@type":"ImageObject","inLanguage":"es","@id":"https:\/\/esei.uvigo.es\/es\/#\/schema\/logo\/image\/","url":"https:\/\/esei.uvigo.es\/wp-content\/uploads\/2019\/09\/esei.png","contentUrl":"https:\/\/esei.uvigo.es\/wp-content\/uploads\/2019\/09\/esei.png","width":579,"height":98,"caption":"Escola Superior de Enxe\u00f1ar\u00eda Inform\u00e1tica"},"image":{"@id":"https:\/\/esei.uvigo.es\/es\/#\/schema\/logo\/image\/"}}]}},"_links":{"self":[{"href":"https:\/\/esei.uvigo.es\/es\/wp-json\/wp\/v2\/pages\/22845","targetHints":{"allow":["GET"]}}],"collection":[{"href":"https:\/\/esei.uvigo.es\/es\/wp-json\/wp\/v2\/pages"}],"about":[{"href":"https:\/\/esei.uvigo.es\/es\/wp-json\/wp\/v2\/types\/page"}],"author":[{"embeddable":true,"href":"https:\/\/esei.uvigo.es\/es\/wp-json\/wp\/v2\/users\/10"}],"replies":[{"embeddable":true,"href":"https:\/\/esei.uvigo.es\/es\/wp-json\/wp\/v2\/comments?post=22845"}],"version-history":[{"count":1,"href":"https:\/\/esei.uvigo.es\/es\/wp-json\/wp\/v2\/pages\/22845\/revisions"}],"predecessor-version":[{"id":24637,"href":"https:\/\/esei.uvigo.es\/es\/wp-json\/wp\/v2\/pages\/22845\/revisions\/24637"}],"up":[{"embeddable":true,"href":"https:\/\/esei.uvigo.es\/es\/wp-json\/wp\/v2\/pages\/22842"}],"wp:attachment":[{"href":"https:\/\/esei.uvigo.es\/es\/wp-json\/wp\/v2\/media?parent=22845"}],"curies":[{"name":"wp","href":"https:\/\/api.w.org\/{rel}","templated":true}]}}