{"id":22841,"date":"2018-09-03T13:13:13","date_gmt":"2018-09-03T11:13:13","guid":{"rendered":"https:\/\/esei.uvigo.es\/estudos\/"},"modified":"2024-06-19T21:30:19","modified_gmt":"2024-06-19T19:30:19","slug":"estudos","status":"publish","type":"page","link":"https:\/\/esei.uvigo.es\/es\/estudos\/","title":{"rendered":"Estudios"},"content":{"rendered":"<p class=\"bodytext\">En la ESEI puedes cursar las siguientes titulaciones oficiales, vinculadas al \u00e1mbito de la Ingenier\u00eda Inform\u00e1tica:<\/p>\n<p class=\"bodytext\"><b>Grado en Ingenier\u00eda Inform\u00e1tica<\/b>:\u00a0titulaci\u00f3n de Grado vinculada al ejercicio de la profesi\u00f3n de Ingeniero\/a T\u00e9cnico\/a en Inform\u00e1tica, de 240 ECTS y cuatro a\u00f1os adaptada al Espacio Europeo de Educaci\u00f3n Superior. Tiene como objetivo dotar al estudiante de una formaci\u00f3n generalista en las principales \u00e1reas propias de la Inform\u00e1tica, y que consta de dos especialidades: Ingenier\u00eda de Software y Tecnolog\u00edas de la Informaci\u00f3n.<\/p>\n<p class=\"bodytext\"><a class=\"internal-link\" href=\"https:\/\/esei.uvigo.es\/estudos\/grao-en-enxenaria-informatica\/\">M\u00e1s informaci\u00f3n sobre el Grado en Ingenier\u00eda Inform\u00e1tica<\/a>.<\/p>\n<p class=\"bodytext\"><b>Grado en Inteligencia Artificial<\/b>:\u00a0titulaci\u00f3n de Grado que tiene como objetivo fundamental la formaci\u00f3n integral de profesionales en todos los aspectos clave de la Inteligencia Artificial: una s\u00f3lida formaci\u00f3n cient\u00edfica y tecnol\u00f3gica en las bases y los modelos de la inteligencia artificial, habilidades propias de la ingenier\u00eda y conocimientos de las tecnolog\u00edas de la informaci\u00f3n y, como trazo distintivo, formaci\u00f3n transversal en aspectos sociales, econ\u00f3micos, \u00e9ticos y jur\u00eddicos a considerar en dise\u00f1o de aplicaciones y servicios basados en inteligencia artificial, todo eso basado en una formaci\u00f3n basada en proyectos con una orientaci\u00f3n centrada en las personas.<\/p>\n<p class=\"bodytext\"><a class=\"internal-link\" href=\"https:\/\/esei.uvigo.es\/estudos\/grao-en-intelixencia-artifical\/\">M\u00e1s informaci\u00f3n sobre el Grado en Inteligencia Artificial<\/a>.<\/p>\n<p class=\"bodytext\"><b>Simultaneidad Grado en Ingenier\u00eda Inform\u00e1tica y Grado en <\/b><b>Administraci\u00f3n y Direcci\u00f3n de Empresas<\/b>:\u00a0Un\/una estudiante puede cursar de forma simult\u00e1nea el Grado en Ingenier\u00eda Inform\u00e1tica y el Grado en Administraci\u00f3n y Direcci\u00f3n de Empresas siguiendo el programa conjunto elaborado por la Facultad de Ciencias Empresariales y Turismo (FCETOU) y la Escuela Superior de Ingenier\u00eda Inform\u00e1tica (ESEI). La formaci\u00f3n recibida facultar\u00e1 al titulado\/a para trabajar tanto en el campo empresarial como en el de la inform\u00e1tica, pero lo que es m\u00e1s relevante, en aquellos puestos de trabajo en el que la combinaci\u00f3n de las competencias de ambos campos sea especialmente necesaria y valorada.<\/p>\n<p class=\"bodytext\"><a href=\"https:\/\/esei.uvigo.es\/estudos\/programa-conxunto-ade-ei\/\">M\u00e1s informaci\u00f3n sobre la Simultaneidad<\/a>.<\/p>\n<p><b>PARS Grado y M\u00e1ster en Ingenier\u00eda Inform\u00e1tica<\/b><b>: <\/b>Es un programa nuevo que permite<span style=\"font-size: 1rem;\"> comenzar a cursar la titulaci\u00f3n de m\u00e1ster sin tener completamente finalizado el grado. Concretamente, los\/as matriculados\/as podr\u00e1n acceder e matricularse en el M\u00e1ster Universitario en Ingenier\u00eda Inform\u00e1tica aunque tengan pendiente por superar el TFG y un m\u00e1ximo de tres materias optativas del Grado en Ingenier\u00eda Inform\u00e1tica.<\/span><\/p>\n<p class=\"bodytext\"><a href=\"https:\/\/esei.uvigo.es\/estudos\/pars\/\">M\u00e1s informaci\u00f3n sobre el PARS<\/a>.<\/p>\n<p class=\"bodytext\"><b>M\u00e1ster Universitario en Ingenier\u00eda Inform\u00e1tica<\/b>:\u00a0titulaci\u00f3n vinculada al ejercicio de la profesi\u00f3n de Ingeniero en Inform\u00e1tica, de 90 ECTS y un curso y medio adaptada al Espacio Europeo de Educaci\u00f3n Superior. Tiene como objetivo dotar al titulado\/a de una profunda formaci\u00f3n en temas de direcci\u00f3n y gesti\u00f3n del \u00e1rea de tecnolog\u00edas de la informaci\u00f3n, as\u00ed como s\u00f3lidos conocimientos en tecnolog\u00edas espec\u00edficas asociadas la diferentes perfiles profesionales de este \u00e1mbito. La persona titulada adquiere competencias t\u00e9cnicas, de comunicaci\u00f3n y liderazgo que le capacitan para poner en marcha su propio negocio o para integrarse en puestos directivos del \u00e1rea TIC en empresas y organizaciones.<\/p>\n<p class=\"bodytext\"><a class=\"internal-link\" href=\"https:\/\/esei.uvigo.es\/estudos\/master-universitario-en-enxenaria-informatica\/\">M\u00e1s informaci\u00f3n sobre el M\u00e1ster Universitario en Ingenier\u00eda Inform\u00e1tica<\/a>.<\/p>\n<p class=\"bodytext\"><b>M\u00e1ster Universitario en Inteligencia Artificial<\/b>:\u00a0titulaci\u00f3n de 90 ECTS interuniversitaria en el SUG que busca proporcionar una formaci\u00f3n centrada en el mundo del desarrollo de sistemas inteligentes. Presenta un car\u00e1cter marcadamente pr\u00e1ctico y aplicado, orientado a la implementaci\u00f3n efectiva de sistemas inteligentes para m\u00faltiples aplicaciones y en un amplio rango de sectores. Cuenta con potencial para resultar de inter\u00e9s a m\u00faltiples disciplinas y distintos perfiles de destinatarios.<\/p>\n<p class=\"bodytext\"><a class=\"internal-link\" href=\"https:\/\/esei.uvigo.es\/estudos\/master-universitario-en-intelixencia-artificial\/\">M\u00e1s informaci\u00f3n sobre el M\u00e1ster Universitario en Inteligencia Artificial<\/a>.<\/p>\n","protected":false},"excerpt":{"rendered":"<p>En la ESEI puedes cursar las siguientes titulaciones oficiales, vinculadas al \u00e1mbito de la Ingenier\u00eda Inform\u00e1tica: Grado en Ingenier\u00eda Inform\u00e1tica:\u00a0titulaci\u00f3n de Grado vinculada al ejercicio &hellip; <a class=\"excerpt_more\" href=\"https:\/\/esei.uvigo.es\/es\/estudos\/\">Contin\u00faa<\/a><\/p>\n","protected":false},"author":10,"featured_media":16511,"parent":0,"menu_order":111,"comment_status":"closed","ping_status":"closed","template":"","meta":{"_acf_changed":false,"footnotes":""},"class_list":["post-22841","page","type-page","status-publish","has-post-thumbnail","hentry"],"acf":[],"yoast_head":"<!-- This site is optimized with the Yoast SEO plugin v27.6 - https:\/\/yoast.com\/product\/yoast-seo-wordpress\/ -->\n<title>Estudios | Escola Superior de Enxe\u00f1ar\u00eda Inform\u00e1tica<\/title>\n<meta name=\"robots\" content=\"index, follow, max-snippet:-1, max-image-preview:large, max-video-preview:-1\" \/>\n<link rel=\"canonical\" href=\"https:\/\/esei.uvigo.es\/es\/estudos\/\" \/>\n<meta property=\"og:locale\" content=\"es_ES\" \/>\n<meta property=\"og:type\" content=\"article\" \/>\n<meta property=\"og:title\" content=\"Estudios | Escola Superior de Enxe\u00f1ar\u00eda Inform\u00e1tica\" \/>\n<meta property=\"og:description\" content=\"En la ESEI puedes cursar las siguientes titulaciones oficiales, vinculadas al \u00e1mbito de la Ingenier\u00eda Inform\u00e1tica: Grado en Ingenier\u00eda Inform\u00e1tica:\u00a0titulaci\u00f3n de Grado vinculada al ejercicio &hellip; Contin\u00faa\" \/>\n<meta property=\"og:url\" content=\"https:\/\/esei.uvigo.es\/es\/estudos\/\" \/>\n<meta property=\"og:site_name\" content=\"Escola Superior de Enxe\u00f1ar\u00eda Inform\u00e1tica\" \/>\n<meta property=\"article:modified_time\" content=\"2024-06-19T19:30:19+00:00\" \/>\n<meta property=\"og:image\" content=\"https:\/\/esei.uvigo.es\/wp-content\/uploads\/2019\/09\/cabecera-esei-4.jpg\" \/>\n\t<meta property=\"og:image:width\" content=\"1440\" \/>\n\t<meta property=\"og:image:height\" content=\"295\" \/>\n\t<meta property=\"og:image:type\" content=\"image\/jpeg\" \/>\n<meta name=\"twitter:card\" content=\"summary_large_image\" \/>\n<meta name=\"twitter:label1\" content=\"Tiempo de lectura\" \/>\n\t<meta name=\"twitter:data1\" content=\"3 minutos\" \/>\n<script type=\"application\/ld+json\" class=\"yoast-schema-graph\">{\"@context\":\"https:\\\/\\\/schema.org\",\"@graph\":[{\"@type\":\"WebPage\",\"@id\":\"https:\\\/\\\/esei.uvigo.es\\\/es\\\/estudos\\\/\",\"url\":\"https:\\\/\\\/esei.uvigo.es\\\/es\\\/estudos\\\/\",\"name\":\"Estudios | Escola Superior de Enxe\u00f1ar\u00eda Inform\u00e1tica\",\"isPartOf\":{\"@id\":\"https:\\\/\\\/esei.uvigo.es\\\/es\\\/#website\"},\"primaryImageOfPage\":{\"@id\":\"https:\\\/\\\/esei.uvigo.es\\\/es\\\/estudos\\\/#primaryimage\"},\"image\":{\"@id\":\"https:\\\/\\\/esei.uvigo.es\\\/es\\\/estudos\\\/#primaryimage\"},\"thumbnailUrl\":\"https:\\\/\\\/esei.uvigo.es\\\/wp-content\\\/uploads\\\/2019\\\/09\\\/cabecera-esei-4.jpg\",\"datePublished\":\"2018-09-03T11:13:13+00:00\",\"dateModified\":\"2024-06-19T19:30:19+00:00\",\"breadcrumb\":{\"@id\":\"https:\\\/\\\/esei.uvigo.es\\\/es\\\/estudos\\\/#breadcrumb\"},\"inLanguage\":\"es\",\"potentialAction\":[{\"@type\":\"ReadAction\",\"target\":[\"https:\\\/\\\/esei.uvigo.es\\\/es\\\/estudos\\\/\"]}]},{\"@type\":\"ImageObject\",\"inLanguage\":\"es\",\"@id\":\"https:\\\/\\\/esei.uvigo.es\\\/es\\\/estudos\\\/#primaryimage\",\"url\":\"https:\\\/\\\/esei.uvigo.es\\\/wp-content\\\/uploads\\\/2019\\\/09\\\/cabecera-esei-4.jpg\",\"contentUrl\":\"https:\\\/\\\/esei.uvigo.es\\\/wp-content\\\/uploads\\\/2019\\\/09\\\/cabecera-esei-4.jpg\",\"width\":1440,\"height\":295},{\"@type\":\"BreadcrumbList\",\"@id\":\"https:\\\/\\\/esei.uvigo.es\\\/es\\\/estudos\\\/#breadcrumb\",\"itemListElement\":[{\"@type\":\"ListItem\",\"position\":1,\"name\":\"Portada\",\"item\":\"https:\\\/\\\/esei.uvigo.es\\\/es\\\/\"},{\"@type\":\"ListItem\",\"position\":2,\"name\":\"Estudios\"}]},{\"@type\":\"WebSite\",\"@id\":\"https:\\\/\\\/esei.uvigo.es\\\/es\\\/#website\",\"url\":\"https:\\\/\\\/esei.uvigo.es\\\/es\\\/\",\"name\":\"Escola Superior de Enxe\u00f1ar\u00eda Inform\u00e1tica\",\"description\":\"\",\"publisher\":{\"@id\":\"https:\\\/\\\/esei.uvigo.es\\\/es\\\/#organization\"},\"potentialAction\":[{\"@type\":\"SearchAction\",\"target\":{\"@type\":\"EntryPoint\",\"urlTemplate\":\"https:\\\/\\\/esei.uvigo.es\\\/es\\\/?s={search_term_string}\"},\"query-input\":{\"@type\":\"PropertyValueSpecification\",\"valueRequired\":true,\"valueName\":\"search_term_string\"}}],\"inLanguage\":\"es\"},{\"@type\":\"Organization\",\"@id\":\"https:\\\/\\\/esei.uvigo.es\\\/es\\\/#organization\",\"name\":\"Escola Superior de Enxe\u00f1ar\u00eda Inform\u00e1tica\",\"url\":\"https:\\\/\\\/esei.uvigo.es\\\/es\\\/\",\"logo\":{\"@type\":\"ImageObject\",\"inLanguage\":\"es\",\"@id\":\"https:\\\/\\\/esei.uvigo.es\\\/es\\\/#\\\/schema\\\/logo\\\/image\\\/\",\"url\":\"https:\\\/\\\/esei.uvigo.es\\\/wp-content\\\/uploads\\\/2019\\\/09\\\/esei.png\",\"contentUrl\":\"https:\\\/\\\/esei.uvigo.es\\\/wp-content\\\/uploads\\\/2019\\\/09\\\/esei.png\",\"width\":579,\"height\":98,\"caption\":\"Escola Superior de Enxe\u00f1ar\u00eda Inform\u00e1tica\"},\"image\":{\"@id\":\"https:\\\/\\\/esei.uvigo.es\\\/es\\\/#\\\/schema\\\/logo\\\/image\\\/\"}}]}<\/script>\n<!-- \/ Yoast SEO plugin. -->","yoast_head_json":{"title":"Estudios | Escola Superior de Enxe\u00f1ar\u00eda Inform\u00e1tica","robots":{"index":"index","follow":"follow","max-snippet":"max-snippet:-1","max-image-preview":"max-image-preview:large","max-video-preview":"max-video-preview:-1"},"canonical":"https:\/\/esei.uvigo.es\/es\/estudos\/","og_locale":"es_ES","og_type":"article","og_title":"Estudios | Escola Superior de Enxe\u00f1ar\u00eda Inform\u00e1tica","og_description":"En la ESEI puedes cursar las siguientes titulaciones oficiales, vinculadas al \u00e1mbito de la Ingenier\u00eda Inform\u00e1tica: Grado en Ingenier\u00eda Inform\u00e1tica:\u00a0titulaci\u00f3n de Grado vinculada al ejercicio &hellip; Contin\u00faa","og_url":"https:\/\/esei.uvigo.es\/es\/estudos\/","og_site_name":"Escola Superior de Enxe\u00f1ar\u00eda Inform\u00e1tica","article_modified_time":"2024-06-19T19:30:19+00:00","og_image":[{"width":1440,"height":295,"url":"https:\/\/esei.uvigo.es\/wp-content\/uploads\/2019\/09\/cabecera-esei-4.jpg","type":"image\/jpeg"}],"twitter_card":"summary_large_image","twitter_misc":{"Tiempo de lectura":"3 minutos"},"schema":{"@context":"https:\/\/schema.org","@graph":[{"@type":"WebPage","@id":"https:\/\/esei.uvigo.es\/es\/estudos\/","url":"https:\/\/esei.uvigo.es\/es\/estudos\/","name":"Estudios | Escola Superior de Enxe\u00f1ar\u00eda Inform\u00e1tica","isPartOf":{"@id":"https:\/\/esei.uvigo.es\/es\/#website"},"primaryImageOfPage":{"@id":"https:\/\/esei.uvigo.es\/es\/estudos\/#primaryimage"},"image":{"@id":"https:\/\/esei.uvigo.es\/es\/estudos\/#primaryimage"},"thumbnailUrl":"https:\/\/esei.uvigo.es\/wp-content\/uploads\/2019\/09\/cabecera-esei-4.jpg","datePublished":"2018-09-03T11:13:13+00:00","dateModified":"2024-06-19T19:30:19+00:00","breadcrumb":{"@id":"https:\/\/esei.uvigo.es\/es\/estudos\/#breadcrumb"},"inLanguage":"es","potentialAction":[{"@type":"ReadAction","target":["https:\/\/esei.uvigo.es\/es\/estudos\/"]}]},{"@type":"ImageObject","inLanguage":"es","@id":"https:\/\/esei.uvigo.es\/es\/estudos\/#primaryimage","url":"https:\/\/esei.uvigo.es\/wp-content\/uploads\/2019\/09\/cabecera-esei-4.jpg","contentUrl":"https:\/\/esei.uvigo.es\/wp-content\/uploads\/2019\/09\/cabecera-esei-4.jpg","width":1440,"height":295},{"@type":"BreadcrumbList","@id":"https:\/\/esei.uvigo.es\/es\/estudos\/#breadcrumb","itemListElement":[{"@type":"ListItem","position":1,"name":"Portada","item":"https:\/\/esei.uvigo.es\/es\/"},{"@type":"ListItem","position":2,"name":"Estudios"}]},{"@type":"WebSite","@id":"https:\/\/esei.uvigo.es\/es\/#website","url":"https:\/\/esei.uvigo.es\/es\/","name":"Escola Superior de Enxe\u00f1ar\u00eda Inform\u00e1tica","description":"","publisher":{"@id":"https:\/\/esei.uvigo.es\/es\/#organization"},"potentialAction":[{"@type":"SearchAction","target":{"@type":"EntryPoint","urlTemplate":"https:\/\/esei.uvigo.es\/es\/?s={search_term_string}"},"query-input":{"@type":"PropertyValueSpecification","valueRequired":true,"valueName":"search_term_string"}}],"inLanguage":"es"},{"@type":"Organization","@id":"https:\/\/esei.uvigo.es\/es\/#organization","name":"Escola Superior de Enxe\u00f1ar\u00eda Inform\u00e1tica","url":"https:\/\/esei.uvigo.es\/es\/","logo":{"@type":"ImageObject","inLanguage":"es","@id":"https:\/\/esei.uvigo.es\/es\/#\/schema\/logo\/image\/","url":"https:\/\/esei.uvigo.es\/wp-content\/uploads\/2019\/09\/esei.png","contentUrl":"https:\/\/esei.uvigo.es\/wp-content\/uploads\/2019\/09\/esei.png","width":579,"height":98,"caption":"Escola Superior de Enxe\u00f1ar\u00eda Inform\u00e1tica"},"image":{"@id":"https:\/\/esei.uvigo.es\/es\/#\/schema\/logo\/image\/"}}]}},"_links":{"self":[{"href":"https:\/\/esei.uvigo.es\/es\/wp-json\/wp\/v2\/pages\/22841","targetHints":{"allow":["GET"]}}],"collection":[{"href":"https:\/\/esei.uvigo.es\/es\/wp-json\/wp\/v2\/pages"}],"about":[{"href":"https:\/\/esei.uvigo.es\/es\/wp-json\/wp\/v2\/types\/page"}],"author":[{"embeddable":true,"href":"https:\/\/esei.uvigo.es\/es\/wp-json\/wp\/v2\/users\/10"}],"replies":[{"embeddable":true,"href":"https:\/\/esei.uvigo.es\/es\/wp-json\/wp\/v2\/comments?post=22841"}],"version-history":[{"count":7,"href":"https:\/\/esei.uvigo.es\/es\/wp-json\/wp\/v2\/pages\/22841\/revisions"}],"predecessor-version":[{"id":26950,"href":"https:\/\/esei.uvigo.es\/es\/wp-json\/wp\/v2\/pages\/22841\/revisions\/26950"}],"wp:featuredmedia":[{"embeddable":true,"href":"https:\/\/esei.uvigo.es\/es\/wp-json\/wp\/v2\/media\/16511"}],"wp:attachment":[{"href":"https:\/\/esei.uvigo.es\/es\/wp-json\/wp\/v2\/media?parent=22841"}],"curies":[{"name":"wp","href":"https:\/\/api.w.org\/{rel}","templated":true}]}}