{"id":22839,"date":"2019-02-06T12:39:33","date_gmt":"2019-02-06T11:39:33","guid":{"rendered":"https:\/\/esei.uvigo.es\/docencia\/practicas-en-empresa\/"},"modified":"2026-02-23T11:59:10","modified_gmt":"2026-02-23T10:59:10","slug":"practicas-en-empresa","status":"publish","type":"page","link":"https:\/\/esei.uvigo.es\/es\/docencia\/practicas-en-empresa\/","title":{"rendered":"Pr\u00e1cticas en empresa"},"content":{"rendered":"<p>Las titulaciones de la ESEI incluyen pr\u00e1cticas en empresas como complemento de los estudios. Seg\u00fan la titulaci\u00f3n que est\u00e9s cursando, la realizaci\u00f3n de pr\u00e1cticas tendr\u00e1 caracter\u00edsticas y consecuencias diferentes:<\/p>\n<ul class=\"list-peak\">\n<li><a href=\"https:\/\/esei.uvigo.es\/es\/estudos\/grao-en-enxenaria-informatica\/\" target=\"_blank\" rel=\"noopener\">Grado en Ingenier\u00eda Inform\u00e1tica<\/a>: se pueden realizar pr\u00e1cticas de 6 ECTS (150 horas) o 12 ECTS (300 horas), que se contabilizan como cr\u00e9ditos optativos a detraer de los cr\u00e9ditos optativos que debes cursar. Son pr\u00e1cticas <strong>curriculares<\/strong>, aunque tambi\u00e9n se pueden hacer <strong>extracurriculares<\/strong> y figurar\u00e1n en el expediente acad\u00e9mico del estudiantado.<\/li>\n<\/ul>\n<ul class=\"list-peak\">\n<li><a href=\"https:\/\/esei.uvigo.es\/es\/estudos\/grao-en-intelixencia-artifical\/\" target=\"_blank\" rel=\"noopener\">Grado en Inteligencia Artificial<\/a>, <a href=\"https:\/\/esei.uvigo.es\/es\/estudos\/master-universitario-en-enxenaria-informatica\/\" target=\"_blank\" rel=\"noopener\">M\u00e1ster en Ingenier\u00eda Inform\u00e1tica<\/a> y <a href=\"https:\/\/esei.uvigo.es\/es\/estudos\/master-universitario-en-intelixencia-artificial\/\" target=\"_blank\" rel=\"noopener\">M\u00e1ster en Inteligencia Artificial<\/a>: En estas titulaciones las pr\u00e1cticas son obligatorias y se llevan a cabo en su \u00faltimo cuatrimestre.<\/li>\n<\/ul>\n<p>Independientemente del tipo de pr\u00e1cticas que se oferten, es necesario disponer de un convenio de colaboraci\u00f3n en vigor, de cuya tramitaci\u00f3n se encarga la <a href=\"http:\/\/www.fundacionuvigo.es\/\" target=\"_blank\" rel=\"noopener noreferrer\">Fundaci\u00f3n Universidad de Vigo<\/a> (FUVI).<\/p>\n<h2>Pr\u00e1cticas\u00a0curriculares<\/h2>\n<p>Gestionadas por la ESEI, son pr\u00e1cticas que est\u00e1n incluidas en el plan de estudios del alumnado (bien optativas como en el Grado en Ingenier\u00eda Inform\u00e1tica, o bien obligatorias, en las titulaciones restantes). Se realizar\u00e1n obligatoriamente durante el curso acad\u00e9mico, pues tienen el car\u00e1cter administrativo de cualquier otra materia.<\/p>\n<ul class=\"list-peak\">\n<li><a href=\"https:\/\/esei.uvigo.es\/es\/a-esei\/normativas\/normativas-de-practicas-externas-curriculares\/\">Normativas de pr\u00e1cticas externas curriculares de la ESEI<\/a><\/li>\n<li><a href=\"https:\/\/www.uvigo.gal\/es\/estudiar\/empleabilidad\/practicas-academicas-externas\/normativa-documentacion\" target=\"_blank\" rel=\"noopener noreferrer\">Normativa y documentaci\u00f3n de pr\u00e1cticas de la UVigo<\/a><\/li>\n<li><a href=\"https:\/\/esei.uvigo.es\/es\/a-esei\/formularios\/practicas-en-empresa\/\">Formularios pr\u00e1cticas en empresas de la ESEI<\/a><\/li>\n<\/ul>\n<p>Las empresas interesadas en ofertar pr\u00e1cticas curriculares enviar\u00e1n sus propuestas en los plazos establecidos por la ESEI. Por supuesto, si conoces alguna empresa en la que te interese realizar pr\u00e1cticas solo tienes que ponerte en contacto con la persona coordinadora de pr\u00e1cticas en el Centro.<\/p>\n<p><strong>OFERTA PR\u00c1CTICAS CURSO 2025-2026<\/strong><\/p>\n<p>Dentro del plan de mejoras de la ESEI se ha reestructurado las convocatorias de pr\u00e1cticas en empresas para adecuarlas temporalmente al cuatrimestre correspondiente. Con fecha de 19 de diciembre de 2025 se aprob\u00f3 la nueva normativa de la ESEI.<\/p>\n<p><a href=\"https:\/\/esei.uvigo.es\/wp-content\/uploads\/2025\/10\/Convocatoria-1C-2526-OfertasGREI.pdf\">Oferta de pr\u00e1cticas curriculares 2025-2026 Grado en Ingenier\u00eda Inform\u00e1tica<\/a><\/p>\n<p><a href=\"https:\/\/esei.uvigo.es\/wp-content\/uploads\/2025\/10\/Convocatoria-1C-2526-OfertasMEI.pdf\">Oferta de pr\u00e1cticas curriculares 2025-2026 M\u00e1ster en Ingenier\u00eda Inform\u00e1tica<\/a><\/p>\n<p><a href=\"https:\/\/esei.uvigo.es\/wp-content\/uploads\/2025\/10\/Convocatoria-1C-2526-OfertasMIA.pdf\">Oferta de pr\u00e1cticas curriculares 2025-2026 M\u00e1ster en Inteligencia Artificial<\/a><\/p>\n<p><em>2\u00aa convocatoria:<\/em><\/p>\n<p><a href=\"https:\/\/esei.uvigo.es\/wp-content\/uploads\/2026\/01\/Convocatoria-Practicas-2Cuadrimestre_signed.pdf\">Convocatoria Practicas Curriculares 2 Cuatrimestre 2025 &#8211; 2026<\/a><\/p>\n<ul>\n<li><a href=\"https:\/\/form.jotform.com\/260122327883354\">Solicitud inicial de participaci\u00f3n en la convocatoria de pr\u00e1cticas curriculares 2\u00ba Cuatrimestre (igual para todas las titulaciones) &#8211; Fechas de solicitud (19 Enero a 28 de Enero de 2026)<\/a>\n<ul>\n<li>Listado final de solicitudes (Se envia por email el listado de pr\u00e1cticas ofertadas al alumnado solicitante) <a href=\"https:\/\/esei.uvigo.es\/wp-content\/uploads\/2026\/02\/Listado-de-solicitudes-final-2C-practicas-V2.pdf\">Listado de solicitudes final 2 Convocatoria<\/a><\/li>\n<li>Asignaci\u00f3n Definitiva\u00a0 &#8211; (23\/02\/2026)\n<ul>\n<li>MEI \u00a0\u00a0<a href=\"https:\/\/esei.uvigo.es\/wp-content\/uploads\/2026\/02\/23022026-AsignacionDefinitivaMEI.pdf\">Asignacion Definitiva MEI<\/a><\/li>\n<li>GREI <a href=\"https:\/\/esei.uvigo.es\/wp-content\/uploads\/2026\/02\/23022026-AsignacionDefinitivaGREI.pdf\">AsignacionDefinitiva GREI<\/a><\/li>\n<li>GRIA <a href=\"https:\/\/esei.uvigo.es\/wp-content\/uploads\/2026\/02\/23022026-AsignacionDefinitivaGRIA.pdf\">Asignacion Definitiva GRIA<\/a><\/li>\n<li>MIA <a href=\"https:\/\/esei.uvigo.es\/wp-content\/uploads\/2026\/02\/23022026-AsignacionDefinitivaMIA.pdf\">Asignacion Definitiva MIA<\/a><\/li>\n<\/ul>\n<\/li>\n<\/ul>\n<\/li>\n<\/ul>\n<p><strong>Contacto:<\/strong><\/p>\n<p><a href=\"https:\/\/esei.uvigo.es\/es\/docencia\/profesorado\/profesor\/rodriguez-martinez-francisco-javier\/\" rel=\"noopener noreferrer\">Francisco Javier Rodr\u00edguez Mart\u00ednez<\/a><\/p>\n<p><strong>Email<\/strong>: <a href=\"mailto:emprego@esei.uvigo.es\" target=\"_blank\" rel=\"noopener noreferrer\">emprego@esei.uvigo.es<\/a><br \/>\n<strong>Tel:<\/strong> (34) 988 387 022<\/p>\n<h2>Pr\u00e1cticas\u00a0extracurriculares<\/h2>\n<p>Gestionadas por la <a href=\"http:\/\/fundacionuvigo.es\/\" target=\"_blank\" rel=\"noopener noreferrer\">FUVI<\/a>. Son m\u00e1s flexibles para la empresa y el\/la estudiante, ya que, entre otras cuestiones, se pueden convocar y realizar en cualquier momento, la empresa puede seleccionar el alumnado entre las personas solicitantes y pueden llevarse a cabo fuera del curso acad\u00e9mico. Seg\u00fan la normativa de la Universidad, estas pr\u00e1cticas deben ser remuneradas si superan las 240 horas y no pueden durar m\u00e1s de 6 meses.<\/p>\n<p class=\"bodytext\"><strong>Contacto<\/strong>:<\/p>\n<p class=\"bodytext\"><strong>Sandra Morales Lloves<\/strong><br \/>\nFundaci\u00f3n Universidade de Vigo<br \/>\nEdificio Administrativo, Campus As Lagoas s\/n<br \/>\n32004 Ourense<\/p>\n<p class=\"bodytext\"><strong>Email<\/strong>:\u00a0<a class=\"mail\" href=\"mailto:practicasou@fundacionuvigo.es\" target=\"_blank\" rel=\"noopener noreferrer\">practicasou@fundacionuvigo.es<\/a><br \/>\n<strong>Tel:<\/strong> (34) 988 368 898<\/p>\n","protected":false},"excerpt":{"rendered":"<p>Las titulaciones de la ESEI incluyen pr\u00e1cticas en empresas como complemento de los estudios. Seg\u00fan la titulaci\u00f3n que est\u00e9s cursando, la realizaci\u00f3n de pr\u00e1cticas tendr\u00e1 &hellip; <a class=\"excerpt_more\" href=\"https:\/\/esei.uvigo.es\/es\/docencia\/practicas-en-empresa\/\">Contin\u00faa<\/a><\/p>\n","protected":false},"author":1,"featured_media":0,"parent":22790,"menu_order":61,"comment_status":"closed","ping_status":"closed","template":"","meta":{"_acf_changed":false,"footnotes":""},"class_list":["post-22839","page","type-page","status-publish","hentry"],"acf":[],"yoast_head":"<!-- This site is optimized with the Yoast SEO plugin v27.6 - https:\/\/yoast.com\/product\/yoast-seo-wordpress\/ -->\n<title>Pr\u00e1cticas en empresa | Escola Superior de Enxe\u00f1ar\u00eda Inform\u00e1tica<\/title>\n<meta name=\"robots\" content=\"index, follow, max-snippet:-1, max-image-preview:large, max-video-preview:-1\" \/>\n<link rel=\"canonical\" href=\"https:\/\/esei.uvigo.es\/es\/docencia\/practicas-en-empresa\/\" \/>\n<meta property=\"og:locale\" content=\"es_ES\" \/>\n<meta property=\"og:type\" content=\"article\" \/>\n<meta property=\"og:title\" content=\"Pr\u00e1cticas en empresa | Escola Superior de Enxe\u00f1ar\u00eda Inform\u00e1tica\" \/>\n<meta property=\"og:description\" content=\"Las titulaciones de la ESEI incluyen pr\u00e1cticas en empresas como complemento de los estudios. Seg\u00fan la titulaci\u00f3n que est\u00e9s cursando, la realizaci\u00f3n de pr\u00e1cticas tendr\u00e1 &hellip; Contin\u00faa\" \/>\n<meta property=\"og:url\" content=\"https:\/\/esei.uvigo.es\/es\/docencia\/practicas-en-empresa\/\" \/>\n<meta property=\"og:site_name\" content=\"Escola Superior de Enxe\u00f1ar\u00eda Inform\u00e1tica\" \/>\n<meta property=\"article:modified_time\" content=\"2026-02-23T10:59:10+00:00\" \/>\n<meta name=\"twitter:card\" content=\"summary_large_image\" \/>\n<meta name=\"twitter:label1\" content=\"Tiempo de lectura\" \/>\n\t<meta name=\"twitter:data1\" content=\"3 minutos\" \/>\n<script type=\"application\/ld+json\" class=\"yoast-schema-graph\">{\"@context\":\"https:\\\/\\\/schema.org\",\"@graph\":[{\"@type\":\"WebPage\",\"@id\":\"https:\\\/\\\/esei.uvigo.es\\\/es\\\/docencia\\\/practicas-en-empresa\\\/\",\"url\":\"https:\\\/\\\/esei.uvigo.es\\\/es\\\/docencia\\\/practicas-en-empresa\\\/\",\"name\":\"Pr\u00e1cticas en empresa | Escola Superior de Enxe\u00f1ar\u00eda Inform\u00e1tica\",\"isPartOf\":{\"@id\":\"https:\\\/\\\/esei.uvigo.es\\\/es\\\/#website\"},\"datePublished\":\"2019-02-06T11:39:33+00:00\",\"dateModified\":\"2026-02-23T10:59:10+00:00\",\"breadcrumb\":{\"@id\":\"https:\\\/\\\/esei.uvigo.es\\\/es\\\/docencia\\\/practicas-en-empresa\\\/#breadcrumb\"},\"inLanguage\":\"es\",\"potentialAction\":[{\"@type\":\"ReadAction\",\"target\":[\"https:\\\/\\\/esei.uvigo.es\\\/es\\\/docencia\\\/practicas-en-empresa\\\/\"]}]},{\"@type\":\"BreadcrumbList\",\"@id\":\"https:\\\/\\\/esei.uvigo.es\\\/es\\\/docencia\\\/practicas-en-empresa\\\/#breadcrumb\",\"itemListElement\":[{\"@type\":\"ListItem\",\"position\":1,\"name\":\"Portada\",\"item\":\"https:\\\/\\\/esei.uvigo.es\\\/es\\\/\"},{\"@type\":\"ListItem\",\"position\":2,\"name\":\"Docencia\",\"item\":\"https:\\\/\\\/esei.uvigo.es\\\/es\\\/docencia\\\/\"},{\"@type\":\"ListItem\",\"position\":3,\"name\":\"Pr\u00e1cticas en empresa\"}]},{\"@type\":\"WebSite\",\"@id\":\"https:\\\/\\\/esei.uvigo.es\\\/es\\\/#website\",\"url\":\"https:\\\/\\\/esei.uvigo.es\\\/es\\\/\",\"name\":\"Escola Superior de Enxe\u00f1ar\u00eda Inform\u00e1tica\",\"description\":\"\",\"publisher\":{\"@id\":\"https:\\\/\\\/esei.uvigo.es\\\/es\\\/#organization\"},\"potentialAction\":[{\"@type\":\"SearchAction\",\"target\":{\"@type\":\"EntryPoint\",\"urlTemplate\":\"https:\\\/\\\/esei.uvigo.es\\\/es\\\/?s={search_term_string}\"},\"query-input\":{\"@type\":\"PropertyValueSpecification\",\"valueRequired\":true,\"valueName\":\"search_term_string\"}}],\"inLanguage\":\"es\"},{\"@type\":\"Organization\",\"@id\":\"https:\\\/\\\/esei.uvigo.es\\\/es\\\/#organization\",\"name\":\"Escola Superior de Enxe\u00f1ar\u00eda Inform\u00e1tica\",\"url\":\"https:\\\/\\\/esei.uvigo.es\\\/es\\\/\",\"logo\":{\"@type\":\"ImageObject\",\"inLanguage\":\"es\",\"@id\":\"https:\\\/\\\/esei.uvigo.es\\\/es\\\/#\\\/schema\\\/logo\\\/image\\\/\",\"url\":\"https:\\\/\\\/esei.uvigo.es\\\/wp-content\\\/uploads\\\/2019\\\/09\\\/esei.png\",\"contentUrl\":\"https:\\\/\\\/esei.uvigo.es\\\/wp-content\\\/uploads\\\/2019\\\/09\\\/esei.png\",\"width\":579,\"height\":98,\"caption\":\"Escola Superior de Enxe\u00f1ar\u00eda Inform\u00e1tica\"},\"image\":{\"@id\":\"https:\\\/\\\/esei.uvigo.es\\\/es\\\/#\\\/schema\\\/logo\\\/image\\\/\"}}]}<\/script>\n<!-- \/ Yoast SEO plugin. -->","yoast_head_json":{"title":"Pr\u00e1cticas en empresa | Escola Superior de Enxe\u00f1ar\u00eda Inform\u00e1tica","robots":{"index":"index","follow":"follow","max-snippet":"max-snippet:-1","max-image-preview":"max-image-preview:large","max-video-preview":"max-video-preview:-1"},"canonical":"https:\/\/esei.uvigo.es\/es\/docencia\/practicas-en-empresa\/","og_locale":"es_ES","og_type":"article","og_title":"Pr\u00e1cticas en empresa | Escola Superior de Enxe\u00f1ar\u00eda Inform\u00e1tica","og_description":"Las titulaciones de la ESEI incluyen pr\u00e1cticas en empresas como complemento de los estudios. Seg\u00fan la titulaci\u00f3n que est\u00e9s cursando, la realizaci\u00f3n de pr\u00e1cticas tendr\u00e1 &hellip; Contin\u00faa","og_url":"https:\/\/esei.uvigo.es\/es\/docencia\/practicas-en-empresa\/","og_site_name":"Escola Superior de Enxe\u00f1ar\u00eda Inform\u00e1tica","article_modified_time":"2026-02-23T10:59:10+00:00","twitter_card":"summary_large_image","twitter_misc":{"Tiempo de lectura":"3 minutos"},"schema":{"@context":"https:\/\/schema.org","@graph":[{"@type":"WebPage","@id":"https:\/\/esei.uvigo.es\/es\/docencia\/practicas-en-empresa\/","url":"https:\/\/esei.uvigo.es\/es\/docencia\/practicas-en-empresa\/","name":"Pr\u00e1cticas en empresa | Escola Superior de Enxe\u00f1ar\u00eda Inform\u00e1tica","isPartOf":{"@id":"https:\/\/esei.uvigo.es\/es\/#website"},"datePublished":"2019-02-06T11:39:33+00:00","dateModified":"2026-02-23T10:59:10+00:00","breadcrumb":{"@id":"https:\/\/esei.uvigo.es\/es\/docencia\/practicas-en-empresa\/#breadcrumb"},"inLanguage":"es","potentialAction":[{"@type":"ReadAction","target":["https:\/\/esei.uvigo.es\/es\/docencia\/practicas-en-empresa\/"]}]},{"@type":"BreadcrumbList","@id":"https:\/\/esei.uvigo.es\/es\/docencia\/practicas-en-empresa\/#breadcrumb","itemListElement":[{"@type":"ListItem","position":1,"name":"Portada","item":"https:\/\/esei.uvigo.es\/es\/"},{"@type":"ListItem","position":2,"name":"Docencia","item":"https:\/\/esei.uvigo.es\/es\/docencia\/"},{"@type":"ListItem","position":3,"name":"Pr\u00e1cticas en empresa"}]},{"@type":"WebSite","@id":"https:\/\/esei.uvigo.es\/es\/#website","url":"https:\/\/esei.uvigo.es\/es\/","name":"Escola Superior de Enxe\u00f1ar\u00eda Inform\u00e1tica","description":"","publisher":{"@id":"https:\/\/esei.uvigo.es\/es\/#organization"},"potentialAction":[{"@type":"SearchAction","target":{"@type":"EntryPoint","urlTemplate":"https:\/\/esei.uvigo.es\/es\/?s={search_term_string}"},"query-input":{"@type":"PropertyValueSpecification","valueRequired":true,"valueName":"search_term_string"}}],"inLanguage":"es"},{"@type":"Organization","@id":"https:\/\/esei.uvigo.es\/es\/#organization","name":"Escola Superior de Enxe\u00f1ar\u00eda Inform\u00e1tica","url":"https:\/\/esei.uvigo.es\/es\/","logo":{"@type":"ImageObject","inLanguage":"es","@id":"https:\/\/esei.uvigo.es\/es\/#\/schema\/logo\/image\/","url":"https:\/\/esei.uvigo.es\/wp-content\/uploads\/2019\/09\/esei.png","contentUrl":"https:\/\/esei.uvigo.es\/wp-content\/uploads\/2019\/09\/esei.png","width":579,"height":98,"caption":"Escola Superior de Enxe\u00f1ar\u00eda Inform\u00e1tica"},"image":{"@id":"https:\/\/esei.uvigo.es\/es\/#\/schema\/logo\/image\/"}}]}},"_links":{"self":[{"href":"https:\/\/esei.uvigo.es\/es\/wp-json\/wp\/v2\/pages\/22839","targetHints":{"allow":["GET"]}}],"collection":[{"href":"https:\/\/esei.uvigo.es\/es\/wp-json\/wp\/v2\/pages"}],"about":[{"href":"https:\/\/esei.uvigo.es\/es\/wp-json\/wp\/v2\/types\/page"}],"author":[{"embeddable":true,"href":"https:\/\/esei.uvigo.es\/es\/wp-json\/wp\/v2\/users\/1"}],"replies":[{"embeddable":true,"href":"https:\/\/esei.uvigo.es\/es\/wp-json\/wp\/v2\/comments?post=22839"}],"version-history":[{"count":50,"href":"https:\/\/esei.uvigo.es\/es\/wp-json\/wp\/v2\/pages\/22839\/revisions"}],"predecessor-version":[{"id":30093,"href":"https:\/\/esei.uvigo.es\/es\/wp-json\/wp\/v2\/pages\/22839\/revisions\/30093"}],"up":[{"embeddable":true,"href":"https:\/\/esei.uvigo.es\/es\/wp-json\/wp\/v2\/pages\/22790"}],"wp:attachment":[{"href":"https:\/\/esei.uvigo.es\/es\/wp-json\/wp\/v2\/media?parent=22839"}],"curies":[{"name":"wp","href":"https:\/\/api.w.org\/{rel}","templated":true}]}}