{"id":22836,"date":"2019-02-06T12:38:36","date_gmt":"2019-02-06T11:38:36","guid":{"rendered":"https:\/\/esei.uvigo.es\/docencia\/profesorado\/"},"modified":"2023-02-17T11:11:59","modified_gmt":"2023-02-17T10:11:59","slug":"profesorado","status":"publish","type":"page","link":"https:\/\/esei.uvigo.es\/es\/docencia\/profesorado\/","title":{"rendered":"Profesorado"},"content":{"rendered":"<p>Profesorado de todas las titulaciones de la Escuela Superior de Ingenier\u00eda Inform\u00e1tica<\/p>\n<ul id=\"profesorado\" class=\"nav nav-tabs\" role=\"tablist\">\n<li class=\"nav-item\"><a id=\"grao-tab\" class=\"nav-link active\" role=\"tab\" href=\"#grao\" data-toggle=\"tab\" aria-controls=\"grao\" aria-selected=\"true\">GraDo (GREI, GRIA)<\/a><\/li>\n<li class=\"nav-item\"><a id=\"master-tab\" class=\"nav-link\" role=\"tab\" href=\"#master\" data-toggle=\"tab\" aria-controls=\"master\" aria-selected=\"false\">M\u00e1ster (MEI, MIA)<\/a><\/li>\n<\/ul>\n<div class=\"tab-content\">\n<div id=\"grao\" class=\"tab-pane active\" role=\"tabpanel\" aria-labelledby=\"grao-tab\"><ul class=\"list-peak uvigo_teachers\"><li><a href=\"https:\/\/esei.uvigo.es\/es\/docencia\/profesorado\/profesor\/alvarez-rodriguez-manuel\/\"> \u00c1lvarez Rodr\u00edguez, Manuel<\/a><\/li><li><a href=\"https:\/\/esei.uvigo.es\/es\/docencia\/profesorado\/profesor\/pedro-arias-perez\/\"> Arias P\u00e9rez, Pedro<\/a><\/li><li><a href=\"https:\/\/esei.uvigo.es\/es\/docencia\/profesorado\/profesor\/arriba-perez-francisco-de\/\"> Arriba P\u00e9rez, Francisco de<\/a><\/li><li><a href=\"https:\/\/esei.uvigo.es\/es\/docencia\/profesorado\/profesor\/balvis-outeirino-eduardo\/\"> Balv\u00eds Outeiri\u00f1o, Eduardo<\/a><\/li><li><a href=\"https:\/\/esei.uvigo.es\/es\/docencia\/profesorado\/profesor\/barreiro-alonso-enrique\/\"> Barreiro Alonso, Enrique<\/a><\/li><li><a href=\"https:\/\/esei.uvigo.es\/es\/docencia\/profesorado\/profesor\/bea-besada-yago\/\"> Bea Besada, Yago<\/a><\/li><li><a href=\"https:\/\/esei.uvigo.es\/es\/docencia\/profesorado\/profesor\/blanco-cerradelo-lidia\/\"> Blanco Cerradelo, Lidia<\/a><\/li><li><a href=\"https:\/\/esei.uvigo.es\/es\/docencia\/profesorado\/profesor\/blanco-gonzalez-guillermo\/\"> Blanco Gonz\u00e1lez, Guillermo<\/a><\/li><li><a href=\"https:\/\/esei.uvigo.es\/es\/docencia\/profesorado\/profesor\/borrajo-diz-maria-lourdes\/\"> Borrajo Diz, Mar\u00eda Lourdes<\/a><\/li><li><a href=\"https:\/\/esei.uvigo.es\/es\/docencia\/profesorado\/profesor\/campos-bastos-celso\/\"> Campos Bastos, Celso<\/a><\/li><li><a href=\"https:\/\/esei.uvigo.es\/es\/docencia\/profesorado\/profesor\/candal-ventureira-david\/\"> Candal Ventureira, David<\/a><\/li><li><a href=\"https:\/\/esei.uvigo.es\/es\/docencia\/profesorado\/profesor\/carbajo-lorenzo-jose-alfonso\/\"> Carbajo Lorenzo, Jos\u00e9 Alfonso<\/a><\/li><li><a href=\"https:\/\/esei.uvigo.es\/es\/docencia\/profesorado\/profesor\/castro-miguens-carlos\/\"> Castro Migu\u00e9ns, Carlos<\/a><\/li><li><a href=\"https:\/\/esei.uvigo.es\/es\/docencia\/profesorado\/profesor\/celard-perez-pedro\/\"> Celard P\u00e9rez, Pedro<\/a><\/li><li><a href=\"https:\/\/esei.uvigo.es\/es\/docencia\/profesorado\/profesor\/cid-araujo-jose-angel\/\"> Cid Araujo, Jose Angel<\/a><\/li><li><a href=\"https:\/\/esei.uvigo.es\/es\/docencia\/profesorado\/profesor\/cotos-fernandez-arruty-laura\/\"> Cotos Fern\u00e1ndez-Arruty, Laura<\/a><\/li><li><a href=\"https:\/\/esei.uvigo.es\/es\/docencia\/profesorado\/profesor\/cotos-yanez-tomas-raimundo\/\"> Cotos Y\u00e1\u00f1ez, Tomas Raimundo<\/a><\/li><li><a href=\"https:\/\/esei.uvigo.es\/es\/docencia\/profesorado\/profesor\/cruz-gonzalez-maria-montserrat\/\"> Cruz Gonz\u00e1lez, Maria Montserrat<\/a><\/li><li><a href=\"https:\/\/esei.uvigo.es\/es\/docencia\/profesorado\/profesor\/cuesta-morales-pedro\/\"> Cuesta Morales, Pedro<\/a><\/li><li><a href=\"https:\/\/esei.uvigo.es\/es\/docencia\/profesorado\/profesor\/darriba-bilbao-victor-manuel\/\"> Darriba Bilbao, V\u00edctor Manuel<\/a><\/li><li><a href=\"https:\/\/esei.uvigo.es\/es\/docencia\/profesorado\/profesor\/diaz-cacho-medina-miguel-ramon\/\"> Diaz-Cacho Medina, Miguel Ram\u00f3n<\/a><\/li><li><a href=\"https:\/\/esei.uvigo.es\/es\/docencia\/profesorado\/profesor\/feijoo-miranda-jose-2\/\"> Feij\u00f3o Miranda, Jos\u00e9<\/a><\/li><li><a href=\"https:\/\/esei.uvigo.es\/es\/docencia\/profesorado\/profesor\/fernandez-gavilanes-milagros\/\"> Fern\u00e1ndez Gavilanes, Milagros<\/a><\/li><li><a href=\"https:\/\/esei.uvigo.es\/es\/docencia\/profesorado\/profesor\/fernandez-gonzalez-daniel\/\"> Fern\u00e1ndez Gonz\u00e1lez, Daniel<\/a><\/li><li><a href=\"https:\/\/esei.uvigo.es\/es\/docencia\/profesorado\/profesor\/fernandez-lanza-santiago\/\"> Fern\u00e1ndez Lanza, Santiago<\/a><\/li><li><a href=\"https:\/\/esei.uvigo.es\/es\/docencia\/profesorado\/profesor\/fernandez-riverola-florentino\/\"> Fern\u00e1ndez Riverola, Florentino<\/a><\/li><li><a href=\"https:\/\/esei.uvigo.es\/es\/docencia\/profesorado\/profesor\/figueiral-alonso-erik\/\"> Figueiral Alonso, Erik<\/a><\/li><li><a href=\"https:\/\/esei.uvigo.es\/es\/docencia\/profesorado\/profesor\/galvez-galvez-juan-francisco\/\"> G\u00e1lvez G\u00e1lvez, Juan Francisco<\/a><\/li><li><a href=\"https:\/\/esei.uvigo.es\/es\/docencia\/profesorado\/profesor\/garcia-hervella-noelia\/\"> Garc\u00eda Hervella, Noelia<\/a><\/li><li><a href=\"https:\/\/esei.uvigo.es\/es\/docencia\/profesorado\/profesor\/garcia-perez-schofield-jose-baltasar\/\"> Garc\u00eda P\u00e9rez-Schofield, Baltasar<\/a><\/li><li><a href=\"https:\/\/esei.uvigo.es\/es\/docencia\/profesorado\/profesor\/garcia-rivera-matias\/\"> Garc\u00eda Rivera, Mat\u00edas<\/a><\/li><li><a href=\"https:\/\/esei.uvigo.es\/es\/docencia\/profesorado\/profesor\/garriga-dominguez-ana\/\"> Garriga Dom\u00ednguez, Ana<\/a><\/li><li><a href=\"https:\/\/esei.uvigo.es\/es\/docencia\/profesorado\/profesor\/gomez-crespo-jorge\/\"> G\u00f3mez Crespo, Jorge<\/a><\/li><li><a href=\"https:\/\/esei.uvigo.es\/es\/docencia\/profesorado\/profesor\/gomez-meire-silvana\/\"> G\u00f3mez Meire, Silvana<\/a><\/li><li><a href=\"https:\/\/esei.uvigo.es\/es\/docencia\/profesorado\/profesor\/gonzalez-marino-angela\/\"> Gonz\u00e1lez Mari\u00f1o, \u00c1ngela<\/a><\/li><li><a href=\"https:\/\/esei.uvigo.es\/es\/docencia\/profesorado\/profesor\/gonzalez-moreno-juan-carlos\/\"> Gonz\u00e1lez Moreno, Juan Carlos<\/a><\/li><li><a href=\"https:\/\/esei.uvigo.es\/es\/docencia\/profesorado\/profesor\/gonzalez-pena-daniel\/\"> Gonz\u00e1lez Pe\u00f1a, Daniel<\/a><\/li><li><a href=\"https:\/\/esei.uvigo.es\/es\/docencia\/profesorado\/profesor\/gonzalez-rodriguez-brais\/\"> Gonz\u00e1lez Rodr\u00edguez, Brais<\/a><\/li><li><a href=\"https:\/\/esei.uvigo.es\/es\/docencia\/profesorado\/profesor\/gonzalez-rua-ignacio\/\"> Gonz\u00e1lez R\u00faa, Ignacio<\/a><\/li><li><a href=\"https:\/\/esei.uvigo.es\/es\/docencia\/profesorado\/profesor\/gonzalez-rufino-maria-encarnacion\/\"> Gonz\u00e1lez Rufino, Mar\u00eda Encarnaci\u00f3n<\/a><\/li><li><a href=\"https:\/\/esei.uvigo.es\/es\/docencia\/profesorado\/profesor\/iago-nunez-lugilde\/\"> Iago N\u00fa\u00f1ez Lugilde<\/a><\/li><li><a href=\"https:\/\/esei.uvigo.es\/es\/docencia\/profesorado\/profesor\/lado-tourino-maria-jose\/\"> Lado Touri\u00f1o, Mar\u00eda Jos\u00e9<\/a><\/li><li><a href=\"https:\/\/esei.uvigo.es\/es\/docencia\/profesorado\/profesor\/laza-fidalgo-rosalia\/\"> Laza Fidalgo, Rosalia<\/a><\/li><li><a href=\"https:\/\/esei.uvigo.es\/es\/docencia\/profesorado\/profesor\/lopez-fernandez-hugo\/\"> L\u00f3pez Fern\u00e1ndez, Hugo<\/a><\/li><li><a href=\"https:\/\/esei.uvigo.es\/es\/docencia\/profesorado\/profesor\/lopez-pedrares-javier\/\"> L\u00f3pez Pedrares, Javier<\/a><\/li><li><a href=\"https:\/\/esei.uvigo.es\/es\/docencia\/profesorado\/profesor\/lorenzo-iglesias-eva-maria\/\"> Lorenzo Iglesias, Eva Mar\u00eda<\/a><\/li><li><a href=\"https:\/\/esei.uvigo.es\/es\/docencia\/profesorado\/profesor\/luis-vazquez-ivan\/\"> Luis V\u00e1zquez, Ivan<\/a><\/li><li><a href=\"https:\/\/esei.uvigo.es\/es\/docencia\/profesorado\/profesor\/martinez-estevez-ivan\/\"> Mart\u00ednez Est\u00e9vez, Iv\u00e1n<\/a><\/li><li><a href=\"https:\/\/esei.uvigo.es\/es\/docencia\/profesorado\/profesor\/martinez-orge-jose-luis\/\"> Mart\u00ednez Orge, Jos\u00e9 Luis<\/a><\/li><li><a href=\"https:\/\/esei.uvigo.es\/es\/docencia\/profesorado\/profesor\/mendez-penin-arturo-jose\/\"> M\u00e9ndez Pen\u00edn, Arturo Jos\u00e9<\/a><\/li><li><a href=\"https:\/\/esei.uvigo.es\/es\/docencia\/profesorado\/profesor\/mendez-reboredo-jose-ramon\/\"> M\u00e9ndez Reboredo, Jos\u00e9 Ram\u00f3n<\/a><\/li><li><a href=\"https:\/\/esei.uvigo.es\/es\/docencia\/profesorado\/profesor\/mondelo-visuna-victor\/\"> Mondelo Visu\u00f1a, V\u00edctor<\/a><\/li><li><a href=\"https:\/\/esei.uvigo.es\/es\/docencia\/profesorado\/profesor\/mosquera-gonzalez-julio\/\"> Mosquera Gonz\u00e1lez, Julio<\/a><\/li><li><a href=\"https:\/\/esei.uvigo.es\/es\/docencia\/profesorado\/profesor\/mosquera-lois-david\/\"> Mosquera Lois, David<\/a><\/li><li><a href=\"https:\/\/esei.uvigo.es\/es\/docencia\/profesorado\/profesor\/mosquera-rodriguez-manuel-alfredo\/\"> Mosquera Rodr\u00edguez, Manuel Alfredo<\/a><\/li><li><a href=\"https:\/\/esei.uvigo.es\/es\/docencia\/profesorado\/profesor\/nieto-gonzalez-juan\/\"> Nieto Gonz\u00e1lez, Juan<\/a><\/li><li><a href=\"https:\/\/esei.uvigo.es\/es\/docencia\/profesorado\/profesor\/nogueira-rodriguez-alba\/\"> Nogueira Rodr\u00edguez, Alba<\/a><\/li><li><a href=\"https:\/\/esei.uvigo.es\/es\/docencia\/profesorado\/profesor\/novo-loures-maria\/\"> Novo Lour\u00e9s, Mar\u00eda<\/a><\/li><li><a href=\"https:\/\/esei.uvigo.es\/es\/docencia\/profesorado\/profesor\/olivieri-cecchi-david-nicholas\/\"> Olivieri Cecchi, David Nicholas<\/a><\/li><li><a href=\"https:\/\/esei.uvigo.es\/es\/docencia\/profesorado\/profesor\/otero-cerdeira-lorena\/\"> Otero Cerdeira, Lorena<\/a><\/li><li><a href=\"https:\/\/esei.uvigo.es\/es\/docencia\/profesorado\/profesor\/otero-iglesias-jose\/\"> Otero Iglesias, Jos\u00e9<\/a><\/li><li><a href=\"https:\/\/esei.uvigo.es\/es\/docencia\/profesorado\/profesor\/otero-pombo-juan\/\"> Otero Pombo, Juan<\/a><\/li><li><a href=\"https:\/\/esei.uvigo.es\/es\/docencia\/profesorado\/profesor\/outeirino-cid-cristina\/\"> Outeiri\u00f1o Cid, Cristina<\/a><\/li><li><a href=\"https:\/\/esei.uvigo.es\/es\/docencia\/profesorado\/profesor\/pajaro-dieguez-manuel\/\"> P\u00e1jaro Di\u00e9guez, Manuel<\/a><\/li><li><a href=\"https:\/\/esei.uvigo.es\/es\/docencia\/profesorado\/profesor\/pato-valcarcel-josue\/\"> Pato Valc\u00e1rcel, Josu\u00e9<\/a><\/li><li><a href=\"https:\/\/esei.uvigo.es\/es\/docencia\/profesorado\/profesor\/pavon-rial-maria-reyes\/\"> Pav\u00f3n Rial, Mar\u00eda Reyes<\/a><\/li><li><a href=\"https:\/\/esei.uvigo.es\/es\/docencia\/profesorado\/profesor\/perez-armesto-maria\/\"> P\u00e9rez Armesto, Mar\u00eda<\/a><\/li><li><a href=\"https:\/\/esei.uvigo.es\/es\/docencia\/profesorado\/profesor\/perez-bouzas-maria-pilar\/\"> P\u00e9rez Bouzas, Maria Pilar<\/a><\/li><li><a href=\"https:\/\/esei.uvigo.es\/es\/docencia\/profesorado\/profesor\/perez-gonzalez-ana\/\"> P\u00e9rez Gonz\u00e1lez, Ana<\/a><\/li><li><a href=\"https:\/\/esei.uvigo.es\/es\/docencia\/profesorado\/profesor\/perez-perez-martin\/\"> P\u00e9rez P\u00e9rez, Mart\u00edn<\/a><\/li><li><a href=\"https:\/\/esei.uvigo.es\/es\/docencia\/profesorado\/profesor\/reboiro-jato-miguel\/\"> Reboiro Jato, Miguel<\/a><\/li><li><a href=\"https:\/\/esei.uvigo.es\/es\/docencia\/profesorado\/profesor\/rial-fernandez-miguel\/\"> Rial Fern\u00e1ndez, Miguel<\/a><\/li><li><a href=\"https:\/\/esei.uvigo.es\/es\/docencia\/profesorado\/profesor\/ribadas-pena-francisco-jose\/\"> Ribadas Pena, Francisco Jos\u00e9<\/a><\/li><li><a href=\"https:\/\/esei.uvigo.es\/es\/docencia\/profesorado\/profesor\/rodeiro-iglesias-javier\/\"> Rodeiro Iglesias, Javier<\/a><\/li><li><a href=\"https:\/\/esei.uvigo.es\/es\/docencia\/profesorado\/profesor\/rodriguez-conde-ivan\/\"> Rodr\u00edguez Conde, Iv\u00e1n<\/a><\/li><li><a href=\"https:\/\/esei.uvigo.es\/es\/docencia\/profesorado\/profesor\/rodriguez-de-la-fuente-marta\/\"> Rodr\u00edguez de la Fuente, Marta<\/a><\/li><li><a href=\"https:\/\/esei.uvigo.es\/es\/docencia\/profesorado\/profesor\/rodriguez-linares-leandro\/\"> Rodr\u00edguez Li\u00f1ares, Leandro<\/a><\/li><li><a href=\"https:\/\/esei.uvigo.es\/es\/docencia\/profesorado\/profesor\/rodriguez-martinez-david\/\"> Rodr\u00edguez Mart\u00ednez, David<\/a><\/li><li><a href=\"https:\/\/esei.uvigo.es\/es\/docencia\/profesorado\/profesor\/rodriguez-martinez-francisco-javier\/\"> Rodr\u00edguez Mart\u00ednez, Francisco Javier<\/a><\/li><li><a href=\"https:\/\/esei.uvigo.es\/es\/docencia\/profesorado\/profesor\/rodriguez-martinez-gerardo-jose\/\"> Rodr\u00edguez Mart\u00ednez, Gerardo Jos\u00e9<\/a><\/li><li><a href=\"https:\/\/esei.uvigo.es\/es\/docencia\/profesorado\/profesor\/rodriguez-miranda-ivan\/\"> Rodr\u00edguez Miranda, Iv\u00e1n<\/a><\/li><li><a href=\"https:\/\/esei.uvigo.es\/es\/docencia\/profesorado\/profesor\/rodriguez-toubes-muniz-diego\/\"> Rodr\u00edguez-Toubes Mu\u00f1iz, Diego<\/a><\/li><li><a href=\"https:\/\/esei.uvigo.es\/es\/docencia\/profesorado\/profesor\/romero-gonzalez-ruben\/\"> Romero Gonz\u00e1lez, Rub\u00e9n<\/a><\/li><li><a href=\"https:\/\/esei.uvigo.es\/es\/docencia\/profesorado\/profesor\/ruano-ordas-david-alfonso\/\"> Ruano Ord\u00e1s, David Alfonso<\/a><\/li><li><a href=\"https:\/\/esei.uvigo.es\/es\/docencia\/profesorado\/profesor\/sanchez-sellero-francisco-javier\/\"> S\u00e1nchez Sellero, Francisco Javier<\/a><\/li><li><a href=\"https:\/\/esei.uvigo.es\/es\/docencia\/profesorado\/profesor\/seara-vieira-adrian\/\"> Seara Vieira, Adri\u00e1n<\/a><\/li><li><a href=\"https:\/\/esei.uvigo.es\/es\/docencia\/profesorado\/profesor\/29796\/\"> Serrano Ant\u00f3n, Bel\u00e9n<\/a><\/li><li><a href=\"https:\/\/esei.uvigo.es\/es\/docencia\/profesorado\/profesor\/sorribes-fenandez-jose-manuel\/\"> Sorribes Fen\u00e1ndez, Jos\u00e9 Manuel<\/a><\/li><li><a href=\"https:\/\/esei.uvigo.es\/es\/docencia\/profesorado\/profesor\/sotelo-garcia-maximo\/\"> Sotelo Garc\u00eda, M\u00e1ximo<\/a><\/li><li><a href=\"https:\/\/esei.uvigo.es\/es\/docencia\/profesorado\/profesor\/sotelo-martinez-jose-manuel\/\"> Sotelo Mart\u00ednez, Jos\u00e9 Manuel<\/a><\/li><li><a href=\"https:\/\/esei.uvigo.es\/es\/docencia\/profesorado\/profesor\/suarez-garcia-andres\/\"> Su\u00e1rez Garc\u00eda, Andr\u00e9s<\/a><\/li><li><a href=\"https:\/\/esei.uvigo.es\/es\/docencia\/profesorado\/profesor\/trillo-rodriguez-jose-luis\/\"> Trillo Rodr\u00edguez, Jos\u00e9 Lu\u00eds<\/a><\/li><li><a href=\"https:\/\/esei.uvigo.es\/es\/docencia\/profesorado\/profesor\/tugores-blanco-laia-francina\/\"> Tugores Blanco, Laia Francina<\/a><\/li><li><a href=\"https:\/\/esei.uvigo.es\/es\/docencia\/profesorado\/profesor\/varela-seoane-laura\/\"> Varela Seoane, Laura<\/a><\/li><li><a href=\"https:\/\/esei.uvigo.es\/es\/docencia\/profesorado\/profesor\/veloso-trigo-ruben\/\"> Veloso Trigo, Rub\u00e9n<\/a><\/li><li><a href=\"https:\/\/esei.uvigo.es\/es\/docencia\/profesorado\/profesor\/vila-sobrino-xose-anton\/\"> Vila Sobrino, Xos\u00e9 Ant\u00f3n<\/a><\/li><li><a href=\"https:\/\/esei.uvigo.es\/es\/docencia\/profesorado\/profesor\/vilares-ferro-manuel\/\"> Vilares Ferro, Manuel<\/a><\/li><\/ul><\/div>\n<div id=\"master\" class=\"tab-pane\" role=\"tabpanel\" aria-labelledby=\"master-tab\"><ul class=\"list-peak uvigo_teachers\"><li><a href=\"https:\/\/esei.uvigo.es\/es\/docencia\/profesorado\/profesor\/campos-bastos-celso\/\"> Campos Bastos, Celso<\/a><\/li><li><a href=\"https:\/\/esei.uvigo.es\/es\/docencia\/profesorado\/profesor\/darriba-bilbao-victor-manuel\/\"> Darriba Bilbao, V\u00edctor Manuel<\/a><\/li><li><a href=\"https:\/\/esei.uvigo.es\/es\/docencia\/profesorado\/profesor\/diaz-cacho-medina-miguel-ramon\/\"> Diaz-Cacho Medina, Miguel Ram\u00f3n<\/a><\/li><li><a href=\"https:\/\/esei.uvigo.es\/es\/docencia\/profesorado\/profesor\/fernandez-gonzalez-daniel\/\"> Fern\u00e1ndez Gonz\u00e1lez, Daniel<\/a><\/li><li><a href=\"https:\/\/esei.uvigo.es\/es\/docencia\/profesorado\/profesor\/fernandez-lanza-santiago\/\"> Fern\u00e1ndez Lanza, Santiago<\/a><\/li><li><a href=\"https:\/\/esei.uvigo.es\/es\/docencia\/profesorado\/profesor\/formella-arno\/\"> Formella , Arno<\/a><\/li><li><a href=\"https:\/\/esei.uvigo.es\/es\/docencia\/profesorado\/profesor\/garcia-lourenco-analia-maria\/\"> Garcia Louren\u00e7o, An\u00e1lia Maria<\/a><\/li><li><a href=\"https:\/\/esei.uvigo.es\/es\/docencia\/profesorado\/profesor\/gomez-meire-silvana\/\"> G\u00f3mez Meire, Silvana<\/a><\/li><li><a href=\"https:\/\/esei.uvigo.es\/es\/docencia\/profesorado\/profesor\/gomez-rodriguez-alma-maria\/\"> G\u00f3mez Rodr\u00edguez, Alma Mar\u00eda<\/a><\/li><li><a href=\"https:\/\/esei.uvigo.es\/es\/docencia\/profesorado\/profesor\/gonzalez-moreno-juan-carlos\/\"> Gonz\u00e1lez Moreno, Juan Carlos<\/a><\/li><li><a href=\"https:\/\/esei.uvigo.es\/es\/docencia\/profesorado\/profesor\/gueimonde-canto-ana-isabel\/\"> Gueimonde Canto, Ana Isabel<\/a><\/li><li><a href=\"https:\/\/esei.uvigo.es\/es\/docencia\/profesorado\/profesor\/martinez-orge-jose-luis\/\"> Mart\u00ednez Orge, Jos\u00e9 Luis<\/a><\/li><li><a href=\"https:\/\/esei.uvigo.es\/es\/docencia\/profesorado\/profesor\/mendez-reboredo-jose-ramon\/\"> M\u00e9ndez Reboredo, Jos\u00e9 Ram\u00f3n<\/a><\/li><li><a href=\"https:\/\/esei.uvigo.es\/es\/docencia\/profesorado\/profesor\/olivieri-cecchi-david-nicholas\/\"> Olivieri Cecchi, David Nicholas<\/a><\/li><li><a href=\"https:\/\/esei.uvigo.es\/es\/docencia\/profesorado\/profesor\/otero-cerdeira-lorena\/\"> Otero Cerdeira, Lorena<\/a><\/li><li><a href=\"https:\/\/esei.uvigo.es\/es\/docencia\/profesorado\/profesor\/perez-cota-manuel\/\"> P\u00e9rez Cota, Manuel<\/a><\/li><li><a href=\"https:\/\/esei.uvigo.es\/es\/docencia\/profesorado\/profesor\/reboiro-jato-miguel\/\"> Reboiro Jato, Miguel<\/a><\/li><li><a href=\"https:\/\/esei.uvigo.es\/es\/docencia\/profesorado\/profesor\/ribadas-pena-francisco-jose\/\"> Ribadas Pena, Francisco Jos\u00e9<\/a><\/li><li><a href=\"https:\/\/esei.uvigo.es\/es\/docencia\/profesorado\/profesor\/rodeiro-iglesias-javier\/\"> Rodeiro Iglesias, Javier<\/a><\/li><li><a href=\"https:\/\/esei.uvigo.es\/es\/docencia\/profesorado\/profesor\/rodriguez-conde-ivan\/\"> Rodr\u00edguez Conde, Iv\u00e1n<\/a><\/li><li><a href=\"https:\/\/esei.uvigo.es\/es\/docencia\/profesorado\/profesor\/rodriguez-linares-leandro\/\"> Rodr\u00edguez Li\u00f1ares, Leandro<\/a><\/li><li><a href=\"https:\/\/esei.uvigo.es\/es\/docencia\/profesorado\/profesor\/rodriguez-martinez-francisco-javier\/\"> Rodr\u00edguez Mart\u00ednez, Francisco Javier<\/a><\/li><li><a href=\"https:\/\/esei.uvigo.es\/es\/docencia\/profesorado\/profesor\/seara-vieira-adrian\/\"> Seara Vieira, Adri\u00e1n<\/a><\/li><li><a href=\"https:\/\/esei.uvigo.es\/es\/docencia\/profesorado\/profesor\/suarez-garcia-andres\/\"> Su\u00e1rez Garc\u00eda, Andr\u00e9s<\/a><\/li><\/ul><\/div>\n<\/div>\n","protected":false},"excerpt":{"rendered":"<p>Profesorado de todas las titulaciones de la Escuela Superior de Ingenier\u00eda Inform\u00e1tica GraDo (GREI, GRIA) M\u00e1ster (MEI, MIA)<\/p>\n","protected":false},"author":1,"featured_media":0,"parent":22790,"menu_order":46,"comment_status":"closed","ping_status":"closed","template":"","meta":{"_acf_changed":false,"footnotes":""},"class_list":["post-22836","page","type-page","status-publish","hentry"],"acf":[],"yoast_head":"<!-- This site is optimized with the Yoast SEO plugin v27.6 - https:\/\/yoast.com\/product\/yoast-seo-wordpress\/ -->\n<title>Profesorado | Escola Superior de Enxe\u00f1ar\u00eda Inform\u00e1tica<\/title>\n<meta name=\"robots\" content=\"index, follow, max-snippet:-1, max-image-preview:large, max-video-preview:-1\" \/>\n<link rel=\"canonical\" href=\"https:\/\/esei.uvigo.es\/es\/docencia\/profesorado\/\" \/>\n<meta property=\"og:locale\" content=\"es_ES\" \/>\n<meta property=\"og:type\" content=\"article\" \/>\n<meta property=\"og:title\" content=\"Profesorado | Escola Superior de Enxe\u00f1ar\u00eda Inform\u00e1tica\" \/>\n<meta property=\"og:description\" content=\"Profesorado de todas las titulaciones de la Escuela Superior de Ingenier\u00eda Inform\u00e1tica GraDo (GREI, GRIA) M\u00e1ster (MEI, MIA)\" \/>\n<meta property=\"og:url\" content=\"https:\/\/esei.uvigo.es\/es\/docencia\/profesorado\/\" \/>\n<meta property=\"og:site_name\" content=\"Escola Superior de Enxe\u00f1ar\u00eda Inform\u00e1tica\" \/>\n<meta property=\"article:modified_time\" content=\"2023-02-17T10:11:59+00:00\" \/>\n<meta name=\"twitter:card\" content=\"summary_large_image\" \/>\n<meta name=\"twitter:label1\" content=\"Tiempo de lectura\" \/>\n\t<meta name=\"twitter:data1\" content=\"1 minuto\" \/>\n<script type=\"application\/ld+json\" class=\"yoast-schema-graph\">{\"@context\":\"https:\\\/\\\/schema.org\",\"@graph\":[{\"@type\":\"WebPage\",\"@id\":\"https:\\\/\\\/esei.uvigo.es\\\/es\\\/docencia\\\/profesorado\\\/\",\"url\":\"https:\\\/\\\/esei.uvigo.es\\\/es\\\/docencia\\\/profesorado\\\/\",\"name\":\"Profesorado | Escola Superior de Enxe\u00f1ar\u00eda Inform\u00e1tica\",\"isPartOf\":{\"@id\":\"https:\\\/\\\/esei.uvigo.es\\\/es\\\/#website\"},\"datePublished\":\"2019-02-06T11:38:36+00:00\",\"dateModified\":\"2023-02-17T10:11:59+00:00\",\"breadcrumb\":{\"@id\":\"https:\\\/\\\/esei.uvigo.es\\\/es\\\/docencia\\\/profesorado\\\/#breadcrumb\"},\"inLanguage\":\"es\",\"potentialAction\":[{\"@type\":\"ReadAction\",\"target\":[\"https:\\\/\\\/esei.uvigo.es\\\/es\\\/docencia\\\/profesorado\\\/\"]}]},{\"@type\":\"BreadcrumbList\",\"@id\":\"https:\\\/\\\/esei.uvigo.es\\\/es\\\/docencia\\\/profesorado\\\/#breadcrumb\",\"itemListElement\":[{\"@type\":\"ListItem\",\"position\":1,\"name\":\"Portada\",\"item\":\"https:\\\/\\\/esei.uvigo.es\\\/es\\\/\"},{\"@type\":\"ListItem\",\"position\":2,\"name\":\"Docencia\",\"item\":\"https:\\\/\\\/esei.uvigo.es\\\/es\\\/docencia\\\/\"},{\"@type\":\"ListItem\",\"position\":3,\"name\":\"Profesorado\"}]},{\"@type\":\"WebSite\",\"@id\":\"https:\\\/\\\/esei.uvigo.es\\\/es\\\/#website\",\"url\":\"https:\\\/\\\/esei.uvigo.es\\\/es\\\/\",\"name\":\"Escola Superior de Enxe\u00f1ar\u00eda Inform\u00e1tica\",\"description\":\"\",\"publisher\":{\"@id\":\"https:\\\/\\\/esei.uvigo.es\\\/es\\\/#organization\"},\"potentialAction\":[{\"@type\":\"SearchAction\",\"target\":{\"@type\":\"EntryPoint\",\"urlTemplate\":\"https:\\\/\\\/esei.uvigo.es\\\/es\\\/?s={search_term_string}\"},\"query-input\":{\"@type\":\"PropertyValueSpecification\",\"valueRequired\":true,\"valueName\":\"search_term_string\"}}],\"inLanguage\":\"es\"},{\"@type\":\"Organization\",\"@id\":\"https:\\\/\\\/esei.uvigo.es\\\/es\\\/#organization\",\"name\":\"Escola Superior de Enxe\u00f1ar\u00eda Inform\u00e1tica\",\"url\":\"https:\\\/\\\/esei.uvigo.es\\\/es\\\/\",\"logo\":{\"@type\":\"ImageObject\",\"inLanguage\":\"es\",\"@id\":\"https:\\\/\\\/esei.uvigo.es\\\/es\\\/#\\\/schema\\\/logo\\\/image\\\/\",\"url\":\"https:\\\/\\\/esei.uvigo.es\\\/wp-content\\\/uploads\\\/2019\\\/09\\\/esei.png\",\"contentUrl\":\"https:\\\/\\\/esei.uvigo.es\\\/wp-content\\\/uploads\\\/2019\\\/09\\\/esei.png\",\"width\":579,\"height\":98,\"caption\":\"Escola Superior de Enxe\u00f1ar\u00eda Inform\u00e1tica\"},\"image\":{\"@id\":\"https:\\\/\\\/esei.uvigo.es\\\/es\\\/#\\\/schema\\\/logo\\\/image\\\/\"}}]}<\/script>\n<!-- \/ Yoast SEO plugin. -->","yoast_head_json":{"title":"Profesorado | Escola Superior de Enxe\u00f1ar\u00eda Inform\u00e1tica","robots":{"index":"index","follow":"follow","max-snippet":"max-snippet:-1","max-image-preview":"max-image-preview:large","max-video-preview":"max-video-preview:-1"},"canonical":"https:\/\/esei.uvigo.es\/es\/docencia\/profesorado\/","og_locale":"es_ES","og_type":"article","og_title":"Profesorado | Escola Superior de Enxe\u00f1ar\u00eda Inform\u00e1tica","og_description":"Profesorado de todas las titulaciones de la Escuela Superior de Ingenier\u00eda Inform\u00e1tica GraDo (GREI, GRIA) M\u00e1ster (MEI, MIA)","og_url":"https:\/\/esei.uvigo.es\/es\/docencia\/profesorado\/","og_site_name":"Escola Superior de Enxe\u00f1ar\u00eda Inform\u00e1tica","article_modified_time":"2023-02-17T10:11:59+00:00","twitter_card":"summary_large_image","twitter_misc":{"Tiempo de lectura":"1 minuto"},"schema":{"@context":"https:\/\/schema.org","@graph":[{"@type":"WebPage","@id":"https:\/\/esei.uvigo.es\/es\/docencia\/profesorado\/","url":"https:\/\/esei.uvigo.es\/es\/docencia\/profesorado\/","name":"Profesorado | Escola Superior de Enxe\u00f1ar\u00eda Inform\u00e1tica","isPartOf":{"@id":"https:\/\/esei.uvigo.es\/es\/#website"},"datePublished":"2019-02-06T11:38:36+00:00","dateModified":"2023-02-17T10:11:59+00:00","breadcrumb":{"@id":"https:\/\/esei.uvigo.es\/es\/docencia\/profesorado\/#breadcrumb"},"inLanguage":"es","potentialAction":[{"@type":"ReadAction","target":["https:\/\/esei.uvigo.es\/es\/docencia\/profesorado\/"]}]},{"@type":"BreadcrumbList","@id":"https:\/\/esei.uvigo.es\/es\/docencia\/profesorado\/#breadcrumb","itemListElement":[{"@type":"ListItem","position":1,"name":"Portada","item":"https:\/\/esei.uvigo.es\/es\/"},{"@type":"ListItem","position":2,"name":"Docencia","item":"https:\/\/esei.uvigo.es\/es\/docencia\/"},{"@type":"ListItem","position":3,"name":"Profesorado"}]},{"@type":"WebSite","@id":"https:\/\/esei.uvigo.es\/es\/#website","url":"https:\/\/esei.uvigo.es\/es\/","name":"Escola Superior de Enxe\u00f1ar\u00eda Inform\u00e1tica","description":"","publisher":{"@id":"https:\/\/esei.uvigo.es\/es\/#organization"},"potentialAction":[{"@type":"SearchAction","target":{"@type":"EntryPoint","urlTemplate":"https:\/\/esei.uvigo.es\/es\/?s={search_term_string}"},"query-input":{"@type":"PropertyValueSpecification","valueRequired":true,"valueName":"search_term_string"}}],"inLanguage":"es"},{"@type":"Organization","@id":"https:\/\/esei.uvigo.es\/es\/#organization","name":"Escola Superior de Enxe\u00f1ar\u00eda Inform\u00e1tica","url":"https:\/\/esei.uvigo.es\/es\/","logo":{"@type":"ImageObject","inLanguage":"es","@id":"https:\/\/esei.uvigo.es\/es\/#\/schema\/logo\/image\/","url":"https:\/\/esei.uvigo.es\/wp-content\/uploads\/2019\/09\/esei.png","contentUrl":"https:\/\/esei.uvigo.es\/wp-content\/uploads\/2019\/09\/esei.png","width":579,"height":98,"caption":"Escola Superior de Enxe\u00f1ar\u00eda Inform\u00e1tica"},"image":{"@id":"https:\/\/esei.uvigo.es\/es\/#\/schema\/logo\/image\/"}}]}},"_links":{"self":[{"href":"https:\/\/esei.uvigo.es\/es\/wp-json\/wp\/v2\/pages\/22836","targetHints":{"allow":["GET"]}}],"collection":[{"href":"https:\/\/esei.uvigo.es\/es\/wp-json\/wp\/v2\/pages"}],"about":[{"href":"https:\/\/esei.uvigo.es\/es\/wp-json\/wp\/v2\/types\/page"}],"author":[{"embeddable":true,"href":"https:\/\/esei.uvigo.es\/es\/wp-json\/wp\/v2\/users\/1"}],"replies":[{"embeddable":true,"href":"https:\/\/esei.uvigo.es\/es\/wp-json\/wp\/v2\/comments?post=22836"}],"version-history":[{"count":6,"href":"https:\/\/esei.uvigo.es\/es\/wp-json\/wp\/v2\/pages\/22836\/revisions"}],"predecessor-version":[{"id":25434,"href":"https:\/\/esei.uvigo.es\/es\/wp-json\/wp\/v2\/pages\/22836\/revisions\/25434"}],"up":[{"embeddable":true,"href":"https:\/\/esei.uvigo.es\/es\/wp-json\/wp\/v2\/pages\/22790"}],"wp:attachment":[{"href":"https:\/\/esei.uvigo.es\/es\/wp-json\/wp\/v2\/media?parent=22836"}],"curies":[{"name":"wp","href":"https:\/\/api.w.org\/{rel}","templated":true}]}}