{"id":22826,"date":"2019-06-20T12:36:31","date_gmt":"2019-06-20T10:36:31","guid":{"rendered":"https:\/\/esei.uvigo.es\/docencia\/traballos-fin-de-carreira\/traballo-fin-de-grao\/tfg-2019-2020\/"},"modified":"2019-06-20T12:36:31","modified_gmt":"2019-06-20T10:36:31","slug":"tfg-2019-2020","status":"publish","type":"page","link":"https:\/\/esei.uvigo.es\/es\/docencia\/traballos-fin-de-carreira\/traballo-fin-de-grao\/tfg-2019-2020\/","title":{"rendered":"TFG 2019-2020"},"content":{"rendered":"<ul>\n<li><a href=\"https:\/\/esei.uvigo.es\/documentos\/ei-18-19-001\/\">Aplicaci\u00f3n organizadora de c\u00f3mics<\/a><\/li>\n<li><a href=\"https:\/\/esei.uvigo.es\/documentos\/ei-18-19-009\/\">Aplicaci\u00f3n web de xesti\u00f3n de persoal hosteleiro<\/a><\/li>\n<li><a href=\"https:\/\/esei.uvigo.es\/documentos\/ei-18-19-046\/\">Plataforma baseada en sandbox para a an\u00e1lise de dispositivos USB potencialmente maliciosos<\/a><\/li>\n<li><a href=\"https:\/\/esei.uvigo.es\/documentos\/ei-18-19-062\/\">Aplicaci\u00f3n para a xesti\u00f3n de competici\u00f3ns de baloncesto.<\/a><\/li>\n<li><a href=\"https:\/\/esei.uvigo.es\/documentos\/ei-18-19-069\/\">Sistema de xesti\u00f3n dunha xoier\u00eda online<\/a><\/li>\n<li><a href=\"https:\/\/esei.uvigo.es\/documentos\/ei-18-19-082\/\">Sistema Convertedor de Documentos<\/a><\/li>\n<li><a href=\"https:\/\/esei.uvigo.es\/documentos\/ei-19-20-003\/\">Easy Neural Network<\/a><\/li>\n<li><a href=\"https:\/\/esei.uvigo.es\/documentos\/ei-18-19-023\/\">Broadcasting inal\u00e1mbrico entre dispositivos din\u00e1micos y sistemas m\u00f3viles<\/a><\/li>\n<li><a href=\"https:\/\/esei.uvigo.es\/documentos\/ei-18-19-031\/\">Aplicaci\u00f3n educativa de Redes Neuronais Artificias<\/a><\/li>\n<li><a href=\"https:\/\/esei.uvigo.es\/documentos\/ei-18-19-056\/\">Prototipo para computar o n\u00famero de flores de vid por inflorescencia<\/a><\/li>\n<li><a href=\"https:\/\/esei.uvigo.es\/documentos\/ei-18-19-080\/\">Sistema de recomendaci\u00f3n baseado en contido para a colecci\u00f3n Medline<\/a><\/li>\n<li><a href=\"https:\/\/esei.uvigo.es\/documentos\/ei-19-20-005\/\">Orientaci\u00f3n nunha c\u00e1mara montada sobre un Pan &amp; Tilt<\/a><\/li>\n<li><a href=\"https:\/\/esei.uvigo.es\/documentos\/ei-19-20-010\/\">Aplicaci\u00f3n Web para xesti\u00f3n de calificacions de unha materia<\/a><\/li>\n<li><a href=\"https:\/\/esei.uvigo.es\/documentos\/ei-19-20-028\/\" target=\"_blank\" rel=\"noopener noreferrer\">Dese\u00f1o dunha aplicaci\u00f3n web de xesti\u00f3n de RRHH<\/a><\/li>\n<li><a href=\"https:\/\/esei.uvigo.es\/documentos\/ei-19-20-058\/\" target=\"_blank\" rel=\"noopener noreferrer\">Dispositivo IOT para o control de temperatura e humidade<\/a><\/li>\n<li><a href=\"https:\/\/esei.uvigo.es\/documentos\/ei-19-20-008\/\" target=\"_blank\" rel=\"noopener noreferrer\">Desenvolvemento dun prototipo de chatbot para concienciaci\u00f3n sobre a vacinaci\u00f3n<\/a><\/li>\n<li><a href=\"https:\/\/esei.uvigo.es\/documentos\/ei-19-20-056\/\" target=\"_blank\" rel=\"noopener noreferrer\">Aplicaci\u00f3n web para a xesti\u00f3n personalizada de horarios e actividades docentes<\/a><\/li>\n<li><a href=\"https:\/\/esei.uvigo.es\/documentos\/ei-19-20-042\/\" target=\"_blank\" rel=\"noopener noreferrer\">Ferramenta de direcci\u00f3n para a xesti\u00f3n de horario e persoal nunha PYME<\/a><\/li>\n<li><a href=\"https:\/\/esei.uvigo.es\/documentos\/ei-19-20-057\/\" target=\"_blank\" rel=\"noopener noreferrer\">Aplicaci\u00f3n web para a xesti\u00f3n dunha residencia universitaria<\/a><\/li>\n<li><a href=\"https:\/\/esei.uvigo.es\/documentos\/ei-19-20-009\/\" target=\"_blank\" rel=\"noopener noreferrer\">Algoritmo para reduci\u00f3n da dimensi\u00f3n de caracter\u00edsticas dun conxunto de datos<\/a><\/li>\n<li><a href=\"https:\/\/esei.uvigo.es\/documentos\/ei-19-20-054\/\" target=\"_blank\" rel=\"noopener noreferrer\">Interfaz gr\u00e1fica para a xesti\u00f3n e despregue de contenedores<\/a><\/li>\n<li><a href=\"https:\/\/esei.uvigo.es\/documentos\/ei-19-20-064\/\" target=\"_blank\" rel=\"noopener noreferrer\">Proxy para o acceso ao cat\u00e1logo de aplicaci\u00f3ns corporativas<\/a><\/li>\n<li><a href=\"https:\/\/esei.uvigo.es\/documentos\/ei-19-20-055\/\" target=\"_blank\" rel=\"noopener noreferrer\">Sistema de seguimento de enfermedades cr\u00f3nicas<\/a><\/li>\n<li><a href=\"https:\/\/esei.uvigo.es\/documentos\/ei-18-19-081\/\" target=\"_blank\" rel=\"noopener noreferrer\">Interface gr\u00e1fica para a definici\u00f3n e xeti\u00f3n de clusters LinuxHA<\/a><\/li>\n<li><a href=\"https:\/\/esei.uvigo.es\/documentos\/ei-19-20-034\/\" target=\"_blank\" rel=\"noopener noreferrer\">Aplicaci\u00f3n android para rexistro de frecuencias card\u00edacas en reposo<\/a><\/li>\n<li><a href=\"https:\/\/esei.uvigo.es\/documentos\/ei-19-20-022\/\" target=\"_blank\" rel=\"noopener noreferrer\">Aplicaci\u00f3n android para a xesti\u00f3n de produtos dom\u00e9sticos<\/a><\/li>\n<li><a href=\"https:\/\/esei.uvigo.es\/documentos\/ei-19-20-011\/\" target=\"_blank\" rel=\"noopener noreferrer\">BoWSSF: Bolsa de Palabras para filtrado spam sem\u00e1ntico<\/a><\/li>\n<li><a href=\"https:\/\/esei.uvigo.es\/documentos\/ei-19-20-038\/\" target=\"_blank\" rel=\"noopener noreferrer\">MyPetApp, unha aplicaci\u00f3n android para a adopci\u00f3n de animais<\/a><\/li>\n<li><a href=\"https:\/\/esei.uvigo.es\/documentos\/ei-18-19-077\/\" target=\"_blank\" rel=\"noopener noreferrer\">Aplicaci\u00f3n web para o seguimento de probas de atletismo<\/a><\/li>\n<li><a href=\"https:\/\/esei.uvigo.es\/documentos\/ei-18-19-017\/\" target=\"_blank\" rel=\"noopener noreferrer\">Aplicaci\u00f3n m\u00f3bil para a xesti\u00f3n e visualizaci\u00f3n de proxectos de anotaci\u00f3n de documentos mediante o uso de servizos web<\/a><\/li>\n<li><a href=\"https:\/\/esei.uvigo.es\/documentos\/ei-18-19-050\/\" target=\"_blank\" rel=\"noopener noreferrer\">AGRESEI: Asignaci\u00f3n autom\u00e1tica de grupos reducidos na ESEI<\/a><\/li>\n<li><a href=\"https:\/\/esei.uvigo.es\/documentos\/ei-19-20-024\/\" target=\"_blank\" rel=\"noopener noreferrer\">Filtrado de mensaxes de correo baseado en eBPF<\/a><\/li>\n<li><a href=\"https:\/\/esei.uvigo.es\/documentos\/ei-19-20-016\/\" target=\"_blank\" rel=\"noopener noreferrer\">Aplicaci\u00f3n web para a xesti\u00f3n de procedementos de calidade<\/a><\/li>\n<li><a href=\"https:\/\/esei.uvigo.es\/documentos\/ei-19-20-046\/\" target=\"_blank\" rel=\"noopener noreferrer\">Aplicaci\u00f3n para a xesti\u00f3n de existencias e costes dunha PEME<\/a><\/li>\n<li><a href=\"https:\/\/esei.uvigo.es\/documentos\/ei-19-20-070\/\" target=\"_blank\" rel=\"noopener noreferrer\">Sistema de monitorizaci\u00f3n da ESEI (ESEIMS)<\/a><\/li>\n<li><a href=\"https:\/\/esei.uvigo.es\/documentos\/ei-19-20-030\/\" target=\"_blank\" rel=\"noopener noreferrer\">Soluci\u00f3n tecnol\u00f3xica para PREVIN-MAT<\/a><\/li>\n<li><a href=\"https:\/\/esei.uvigo.es\/documentos\/ei-19-20-000\/\" target=\"_blank\" rel=\"noopener noreferrer\">An\u00e1lisis de datos para a predici\u00f3n de acerto nos mercados de futuros<\/a><\/li>\n<li><a href=\"https:\/\/esei.uvigo.es\/documentos\/ei-19-20-028-2\/\" target=\"_blank\" rel=\"noopener noreferrer\">Dese\u00f1o dunha aplicaci\u00f3n web de xesti\u00f3n de RRHH<\/a><\/li>\n<li><a href=\"https:\/\/esei.uvigo.es\/documentos\/ei-19-20-xxx\/\" target=\"_blank\" rel=\"noopener noreferrer\">Ferramenta para o an\u00e1lise de estat\u00edsticas no baloncesto<\/a><\/li>\n<li><a href=\"https:\/\/esei.uvigo.es\/documentos\/ei-19_20_086\/\" target=\"_blank\" rel=\"noopener noreferrer\">NoticeMe: Sistema de detecci\u00f3n e xesti\u00f3n de cortes de luz<\/a><\/li>\n<li><a href=\"https:\/\/esei.uvigo.es\/documentos\/ei-19-20-071\/\" target=\"_blank\" rel=\"noopener noreferrer\">Aplicaci\u00f3n m\u00f3bil para o control de actividades dun deportista<\/a><\/li>\n<li><a href=\"https:\/\/esei.uvigo.es\/documentos\/ei-19-20-092\/\" target=\"_blank\" rel=\"noopener noreferrer\">Documentaci\u00f3n para o dese\u00f1o a baixo nivel (LLD) dunha implementaci\u00f3n de rede corporativa de datos en entorno de operador de telecomunicaci\u00f3ns<\/a><\/li>\n<li><a href=\"https:\/\/esei.uvigo.es\/documentos\/ei-19-20-097\/\" target=\"_blank\" rel=\"noopener noreferrer\">Stay Home Dom\u00f3tica<\/a><\/li>\n<li><a href=\"https:\/\/esei.uvigo.es\/documentos\/ei-19-20-077\/\" target=\"_blank\" rel=\"noopener noreferrer\">Pipe para pre-procesqamento de texto: an\u00e1lise de sentimentos<\/a><\/li>\n<li><a href=\"https:\/\/esei.uvigo.es\/documentos\/ei-19-20-074\/\" target=\"_blank\" rel=\"noopener noreferrer\">Videoxogo de plataformas para android<\/a><\/li>\n<li><a href=\"https:\/\/esei.uvigo.es\/documentos\/ei-19-20-095\/\" target=\"_blank\" rel=\"noopener noreferrer\">Temperamentos musicais e teclados microtonais<\/a><\/li>\n<li><a href=\"https:\/\/esei.uvigo.es\/documentos\/ei-19-20-096\/\" target=\"_blank\" rel=\"noopener noreferrer\">Simulador did\u00e1ctico de memoria virtual: Segmentaci\u00f3n\/Paxinaci\u00f3n<\/a><\/li>\n<li><a href=\"https:\/\/esei.uvigo.es\/documentos\/ei-19-20-094\/\" target=\"_blank\" rel=\"noopener noreferrer\">Simulador did\u00e1ctico de planificaci\u00f3n de procesos. \u00bfA qu\u00e9 algoritmo de planificaci\u00f3n corresponde este diagrama de ocupaci\u00f3n da CPU?<\/a><\/li>\n<li><a href=\"https:\/\/esei.uvigo.es\/documentos\/ei-19-20-076\/\" target=\"_blank\" rel=\"noopener noreferrer\">Aplicaci\u00f3n web para asociaci\u00f3n de animales<\/a><\/li>\n<li><a href=\"https:\/\/esei.uvigo.es\/documentos\/ei-18-19-029\/\" target=\"_blank\" rel=\"noopener noreferrer\">Red social para a xesti\u00f3n de actividades deportivas<\/a><\/li>\n<li><a href=\"https:\/\/esei.uvigo.es\/documentos\/ei-19-20-035\/\" target=\"_blank\" rel=\"noopener noreferrer\">Procesamento de emojis para mellorar o filtrado de spam<\/a><\/li>\n<li><a href=\"https:\/\/esei.uvigo.es\/documentos\/ei-18-19-027\/\" target=\"_blank\" rel=\"noopener noreferrer\">Control remoto de pan\u00e9is informativos con Raspberry Pi<\/a><\/li>\n<li><a href=\"https:\/\/esei.uvigo.es\/documentos\/ei-19-20-017\/\" target=\"_blank\" rel=\"noopener noreferrer\">Control de monitorizaci\u00f3n dun inventario cun controlador Raspberry Pi<\/a><\/li>\n<li><a href=\"https:\/\/esei.uvigo.es\/documentos\/ei-18-19-086\/\" target=\"_blank\" rel=\"noopener noreferrer\">IoT estado da arte e perspectivas futuras<\/a><\/li>\n<li><a href=\"https:\/\/esei.uvigo.es\/documentos\/ei-19-20-018\/\" target=\"_blank\" rel=\"noopener noreferrer\">Sistema de infomacion de autorizaci\u00f3ns de acceso<\/a><\/li>\n<li><a href=\"https:\/\/esei.uvigo.es\/documentos\/ei-19-20-021\/\" target=\"_blank\" rel=\"noopener noreferrer\">LEZ Map (Mapa de zonas de baixas emisi\u00f3ns)<\/a><\/li>\n<li><a href=\"https:\/\/esei.uvigo.es\/documentos\/ei-19-20-063\/\" target=\"_blank\" rel=\"noopener noreferrer\">Aplicaci\u00f3n m\u00f3bil de variablilade da frecuencia card\u00edaca<\/a><\/li>\n<li><a href=\"https:\/\/esei.uvigo.es\/documentos\/ei-18-19-060\/\" target=\"_blank\" rel=\"noopener noreferrer\">Sistemas de informaci\u00f3n para a Xesti\u00f3n de Presupostos<\/a><\/li>\n<li><a href=\"https:\/\/esei.uvigo.es\/documentos\/ei-19-20-014\/\" target=\"_blank\" rel=\"noopener noreferrer\">Localizaci\u00f3n de caixeiros<\/a><\/li>\n<li><a href=\"https:\/\/esei.uvigo.es\/documentos\/ei-19-20-048\/\" target=\"_blank\" rel=\"noopener noreferrer\">Sistema e petici\u00f3ns de infraestructura do campus de Ourense<\/a><\/li>\n<li><a href=\"https:\/\/esei.uvigo.es\/documentos\/ei-19-20-089\/\" target=\"_blank\" rel=\"noopener noreferrer\">Ampliaci\u00f3n das capacidades de ARCore para o reco\u00f1ecemento do entorno mediante redes neuronais convolucionais<\/a><\/li>\n<li><a href=\"https:\/\/esei.uvigo.es\/documentos\/ei-19-20-084\/\" target=\"_blank\" rel=\"noopener noreferrer\">Todo List<\/a><\/li>\n<li><a href=\"https:\/\/esei.uvigo.es\/documentos\/ei-19-20-065\/\" target=\"_blank\" rel=\"noopener noreferrer\">Sistema e informaci\u00f3n de equipamiento de exteriores<\/a><\/li>\n<li><a href=\"https:\/\/esei.uvigo.es\/documentos\/ei-18-19-058\/\" target=\"_blank\" rel=\"noopener noreferrer\">Sistema de filtrado y vusualizaci\u00f3n de datos IIoT en la nube<\/a><\/li>\n<li><a href=\"https:\/\/esei.uvigo.es\/documentos\/ei-18-19-058-2\/\" target=\"_blank\" rel=\"noopener noreferrer\">An\u00e1lise Big Data da plataforma Github<\/a><\/li>\n<li><a href=\"https:\/\/esei.uvigo.es\/documentos\/ei-19-20-001\/\" target=\"_blank\" rel=\"noopener noreferrer\">Aplicaci\u00f3n Web para a Xesti\u00f3n de Torneos<\/a><\/li>\n<li><a href=\"https:\/\/esei.uvigo.es\/documentos\/ei-19-20-012\/\" target=\"_blank\" rel=\"noopener noreferrer\">Virtualizaci\u00f3n do servizo de directorio e servizos rede dun centro educativo<\/a><\/li>\n<li><a href=\"https:\/\/esei.uvigo.es\/documentos\/ei-19-20-023\/\" target=\"_blank\" rel=\"noopener noreferrer\">T\u00e9cnicas de miner\u00eda de textos aplicadas al an\u00e1lisis de sentimientos<\/a><\/li>\n<li><a href=\"https:\/\/esei.uvigo.es\/documentos\/ei-19-20-025\/\" target=\"_blank\" rel=\"noopener noreferrer\">Aplicaci\u00f3n multiplataforma para o seguimento e control de rutinas de adestramento e alimentaci\u00f3n<\/a><\/li>\n<li><a href=\"https:\/\/esei.uvigo.es\/documentos\/ei-19-20-40\/\" target=\"_blank\" rel=\"noopener noreferrer\">Un juego de caza de fugitivos en un Sistema multiagente que usa aprendizaje de refuerzo<\/a><\/li>\n<li><a href=\"https:\/\/esei.uvigo.es\/documentos\/ei-19-20-048-2\/\" target=\"_blank\" rel=\"noopener noreferrer\">Sistema de peticiones de infraestructuras del campus de Ourense<\/a><\/li>\n<li><a href=\"https:\/\/esei.uvigo.es\/documentos\/ei-19-20-061\/\" target=\"_blank\" rel=\"noopener noreferrer\">M\u00f3dulo Odoo para la confecci\u00f3n del \u00abcuaderno de explotaci\u00f3n\u00bb de vi\u00f1edos en Galicia<\/a><\/li>\n<li><a href=\"https:\/\/esei.uvigo.es\/documentos\/ei-19-20-083\/\" target=\"_blank\" rel=\"noopener noreferrer\">DAT: Detecci\u00f3n y anotaci\u00f3n computacional de \u00abtemas\u00bb sist\u00e9mico-funcionales en corpus de lengua inglesa<\/a><\/li>\n<li><a href=\"https:\/\/esei.uvigo.es\/documentos\/ei-19-20-100\/\" target=\"_blank\" rel=\"noopener noreferrer\">Plugin de R-Commander de Test NonParam\u00e9tricos<\/a><\/li>\n<li><a href=\"https:\/\/esei.uvigo.es\/documentos\/ei-19-20-102\/\" target=\"_blank\" rel=\"noopener noreferrer\">Dioram-Desarrollo de un Videojuego 3D con Unreal Engine 4<\/a><\/li>\n<li><a href=\"https:\/\/esei.uvigo.es\/documentos\/ei-19-20-026\/\">Readoo: Aplicaci\u00f3n para compartir libros<\/a><\/li>\n<li><a href=\"https:\/\/esei.uvigo.es\/documentos\/ei-19-20-036\/\">Evaluaci\u00f3n de t\u00e9cnicas de clasificaci\u00f3n de tr\u00e1fico de red utilizando atributos de la capa de aplicaci\u00f3n<\/a><\/li>\n<li><a href=\"https:\/\/esei.uvigo.es\/documentos\/ei-10-20-051\/\">Sistema de sensorizaci\u00f3n basado en arduino<\/a><\/li>\n<li><a href=\"https:\/\/esei.uvigo.es\/documentos\/ei-19-20-99\/\">Aplicaci\u00f3n para la asignaci\u00f3n de los alumnos de primera matr\u00edcula a los grupos reducidos<\/a><\/li>\n<\/ul>\n","protected":false},"excerpt":{"rendered":"<p>Aplicaci\u00f3n organizadora de c\u00f3mics Aplicaci\u00f3n web de xesti\u00f3n de persoal hosteleiro Plataforma baseada en sandbox para a an\u00e1lise de dispositivos USB potencialmente maliciosos Aplicaci\u00f3n para &hellip; <a class=\"excerpt_more\" href=\"https:\/\/esei.uvigo.es\/es\/docencia\/traballos-fin-de-carreira\/traballo-fin-de-grao\/tfg-2019-2020\/\">Contin\u00faa<\/a><\/p>\n","protected":false},"author":6,"featured_media":0,"parent":22825,"menu_order":0,"comment_status":"closed","ping_status":"closed","template":"","meta":{"_acf_changed":false,"footnotes":""},"class_list":["post-22826","page","type-page","status-publish","hentry"],"acf":[],"yoast_head":"<!-- This site is optimized with the Yoast SEO plugin v27.6 - https:\/\/yoast.com\/product\/yoast-seo-wordpress\/ -->\n<title>TFG 2019-2020 | Escola Superior de Enxe\u00f1ar\u00eda Inform\u00e1tica<\/title>\n<meta name=\"robots\" content=\"index, follow, max-snippet:-1, max-image-preview:large, max-video-preview:-1\" \/>\n<link rel=\"canonical\" href=\"https:\/\/esei.uvigo.es\/es\/docencia\/traballos-fin-de-carreira\/traballo-fin-de-grao\/tfg-2019-2020\/\" \/>\n<meta property=\"og:locale\" content=\"es_ES\" \/>\n<meta property=\"og:type\" content=\"article\" \/>\n<meta property=\"og:title\" content=\"TFG 2019-2020 | Escola Superior de Enxe\u00f1ar\u00eda Inform\u00e1tica\" \/>\n<meta property=\"og:description\" content=\"Aplicaci\u00f3n organizadora de c\u00f3mics Aplicaci\u00f3n web de xesti\u00f3n de persoal hosteleiro Plataforma baseada en sandbox para a an\u00e1lise de dispositivos USB potencialmente maliciosos Aplicaci\u00f3n para &hellip; Contin\u00faa\" \/>\n<meta property=\"og:url\" content=\"https:\/\/esei.uvigo.es\/es\/docencia\/traballos-fin-de-carreira\/traballo-fin-de-grao\/tfg-2019-2020\/\" \/>\n<meta property=\"og:site_name\" content=\"Escola Superior de Enxe\u00f1ar\u00eda Inform\u00e1tica\" \/>\n<meta name=\"twitter:card\" content=\"summary_large_image\" \/>\n<meta name=\"twitter:label1\" content=\"Tiempo de lectura\" \/>\n\t<meta name=\"twitter:data1\" content=\"4 minutos\" \/>\n<script type=\"application\/ld+json\" class=\"yoast-schema-graph\">{\"@context\":\"https:\\\/\\\/schema.org\",\"@graph\":[{\"@type\":\"WebPage\",\"@id\":\"https:\\\/\\\/esei.uvigo.es\\\/es\\\/docencia\\\/traballos-fin-de-carreira\\\/traballo-fin-de-grao\\\/tfg-2019-2020\\\/\",\"url\":\"https:\\\/\\\/esei.uvigo.es\\\/es\\\/docencia\\\/traballos-fin-de-carreira\\\/traballo-fin-de-grao\\\/tfg-2019-2020\\\/\",\"name\":\"TFG 2019-2020 | Escola Superior de Enxe\u00f1ar\u00eda Inform\u00e1tica\",\"isPartOf\":{\"@id\":\"https:\\\/\\\/esei.uvigo.es\\\/es\\\/#website\"},\"datePublished\":\"2019-06-20T10:36:31+00:00\",\"breadcrumb\":{\"@id\":\"https:\\\/\\\/esei.uvigo.es\\\/es\\\/docencia\\\/traballos-fin-de-carreira\\\/traballo-fin-de-grao\\\/tfg-2019-2020\\\/#breadcrumb\"},\"inLanguage\":\"es\",\"potentialAction\":[{\"@type\":\"ReadAction\",\"target\":[\"https:\\\/\\\/esei.uvigo.es\\\/es\\\/docencia\\\/traballos-fin-de-carreira\\\/traballo-fin-de-grao\\\/tfg-2019-2020\\\/\"]}]},{\"@type\":\"BreadcrumbList\",\"@id\":\"https:\\\/\\\/esei.uvigo.es\\\/es\\\/docencia\\\/traballos-fin-de-carreira\\\/traballo-fin-de-grao\\\/tfg-2019-2020\\\/#breadcrumb\",\"itemListElement\":[{\"@type\":\"ListItem\",\"position\":1,\"name\":\"Portada\",\"item\":\"https:\\\/\\\/esei.uvigo.es\\\/es\\\/\"},{\"@type\":\"ListItem\",\"position\":2,\"name\":\"Docencia\",\"item\":\"https:\\\/\\\/esei.uvigo.es\\\/es\\\/docencia\\\/\"},{\"@type\":\"ListItem\",\"position\":3,\"name\":\"Trabajos Fin de Carrera\",\"item\":\"https:\\\/\\\/esei.uvigo.es\\\/es\\\/docencia\\\/traballos-fin-de-carreira\\\/\"},{\"@type\":\"ListItem\",\"position\":4,\"name\":\"Trabajo Fin de Grado\",\"item\":\"https:\\\/\\\/esei.uvigo.es\\\/es\\\/docencia\\\/traballos-fin-de-carreira\\\/traballo-fin-de-grao\\\/\"},{\"@type\":\"ListItem\",\"position\":5,\"name\":\"TFG 2019-2020\"}]},{\"@type\":\"WebSite\",\"@id\":\"https:\\\/\\\/esei.uvigo.es\\\/es\\\/#website\",\"url\":\"https:\\\/\\\/esei.uvigo.es\\\/es\\\/\",\"name\":\"Escola Superior de Enxe\u00f1ar\u00eda Inform\u00e1tica\",\"description\":\"\",\"publisher\":{\"@id\":\"https:\\\/\\\/esei.uvigo.es\\\/es\\\/#organization\"},\"potentialAction\":[{\"@type\":\"SearchAction\",\"target\":{\"@type\":\"EntryPoint\",\"urlTemplate\":\"https:\\\/\\\/esei.uvigo.es\\\/es\\\/?s={search_term_string}\"},\"query-input\":{\"@type\":\"PropertyValueSpecification\",\"valueRequired\":true,\"valueName\":\"search_term_string\"}}],\"inLanguage\":\"es\"},{\"@type\":\"Organization\",\"@id\":\"https:\\\/\\\/esei.uvigo.es\\\/es\\\/#organization\",\"name\":\"Escola Superior de Enxe\u00f1ar\u00eda Inform\u00e1tica\",\"url\":\"https:\\\/\\\/esei.uvigo.es\\\/es\\\/\",\"logo\":{\"@type\":\"ImageObject\",\"inLanguage\":\"es\",\"@id\":\"https:\\\/\\\/esei.uvigo.es\\\/es\\\/#\\\/schema\\\/logo\\\/image\\\/\",\"url\":\"https:\\\/\\\/esei.uvigo.es\\\/wp-content\\\/uploads\\\/2019\\\/09\\\/esei.png\",\"contentUrl\":\"https:\\\/\\\/esei.uvigo.es\\\/wp-content\\\/uploads\\\/2019\\\/09\\\/esei.png\",\"width\":579,\"height\":98,\"caption\":\"Escola Superior de Enxe\u00f1ar\u00eda Inform\u00e1tica\"},\"image\":{\"@id\":\"https:\\\/\\\/esei.uvigo.es\\\/es\\\/#\\\/schema\\\/logo\\\/image\\\/\"}}]}<\/script>\n<!-- \/ Yoast SEO plugin. -->","yoast_head_json":{"title":"TFG 2019-2020 | Escola Superior de Enxe\u00f1ar\u00eda Inform\u00e1tica","robots":{"index":"index","follow":"follow","max-snippet":"max-snippet:-1","max-image-preview":"max-image-preview:large","max-video-preview":"max-video-preview:-1"},"canonical":"https:\/\/esei.uvigo.es\/es\/docencia\/traballos-fin-de-carreira\/traballo-fin-de-grao\/tfg-2019-2020\/","og_locale":"es_ES","og_type":"article","og_title":"TFG 2019-2020 | Escola Superior de Enxe\u00f1ar\u00eda Inform\u00e1tica","og_description":"Aplicaci\u00f3n organizadora de c\u00f3mics Aplicaci\u00f3n web de xesti\u00f3n de persoal hosteleiro Plataforma baseada en sandbox para a an\u00e1lise de dispositivos USB potencialmente maliciosos Aplicaci\u00f3n para &hellip; Contin\u00faa","og_url":"https:\/\/esei.uvigo.es\/es\/docencia\/traballos-fin-de-carreira\/traballo-fin-de-grao\/tfg-2019-2020\/","og_site_name":"Escola Superior de Enxe\u00f1ar\u00eda Inform\u00e1tica","twitter_card":"summary_large_image","twitter_misc":{"Tiempo de lectura":"4 minutos"},"schema":{"@context":"https:\/\/schema.org","@graph":[{"@type":"WebPage","@id":"https:\/\/esei.uvigo.es\/es\/docencia\/traballos-fin-de-carreira\/traballo-fin-de-grao\/tfg-2019-2020\/","url":"https:\/\/esei.uvigo.es\/es\/docencia\/traballos-fin-de-carreira\/traballo-fin-de-grao\/tfg-2019-2020\/","name":"TFG 2019-2020 | Escola Superior de Enxe\u00f1ar\u00eda Inform\u00e1tica","isPartOf":{"@id":"https:\/\/esei.uvigo.es\/es\/#website"},"datePublished":"2019-06-20T10:36:31+00:00","breadcrumb":{"@id":"https:\/\/esei.uvigo.es\/es\/docencia\/traballos-fin-de-carreira\/traballo-fin-de-grao\/tfg-2019-2020\/#breadcrumb"},"inLanguage":"es","potentialAction":[{"@type":"ReadAction","target":["https:\/\/esei.uvigo.es\/es\/docencia\/traballos-fin-de-carreira\/traballo-fin-de-grao\/tfg-2019-2020\/"]}]},{"@type":"BreadcrumbList","@id":"https:\/\/esei.uvigo.es\/es\/docencia\/traballos-fin-de-carreira\/traballo-fin-de-grao\/tfg-2019-2020\/#breadcrumb","itemListElement":[{"@type":"ListItem","position":1,"name":"Portada","item":"https:\/\/esei.uvigo.es\/es\/"},{"@type":"ListItem","position":2,"name":"Docencia","item":"https:\/\/esei.uvigo.es\/es\/docencia\/"},{"@type":"ListItem","position":3,"name":"Trabajos Fin de Carrera","item":"https:\/\/esei.uvigo.es\/es\/docencia\/traballos-fin-de-carreira\/"},{"@type":"ListItem","position":4,"name":"Trabajo Fin de Grado","item":"https:\/\/esei.uvigo.es\/es\/docencia\/traballos-fin-de-carreira\/traballo-fin-de-grao\/"},{"@type":"ListItem","position":5,"name":"TFG 2019-2020"}]},{"@type":"WebSite","@id":"https:\/\/esei.uvigo.es\/es\/#website","url":"https:\/\/esei.uvigo.es\/es\/","name":"Escola Superior de Enxe\u00f1ar\u00eda Inform\u00e1tica","description":"","publisher":{"@id":"https:\/\/esei.uvigo.es\/es\/#organization"},"potentialAction":[{"@type":"SearchAction","target":{"@type":"EntryPoint","urlTemplate":"https:\/\/esei.uvigo.es\/es\/?s={search_term_string}"},"query-input":{"@type":"PropertyValueSpecification","valueRequired":true,"valueName":"search_term_string"}}],"inLanguage":"es"},{"@type":"Organization","@id":"https:\/\/esei.uvigo.es\/es\/#organization","name":"Escola Superior de Enxe\u00f1ar\u00eda Inform\u00e1tica","url":"https:\/\/esei.uvigo.es\/es\/","logo":{"@type":"ImageObject","inLanguage":"es","@id":"https:\/\/esei.uvigo.es\/es\/#\/schema\/logo\/image\/","url":"https:\/\/esei.uvigo.es\/wp-content\/uploads\/2019\/09\/esei.png","contentUrl":"https:\/\/esei.uvigo.es\/wp-content\/uploads\/2019\/09\/esei.png","width":579,"height":98,"caption":"Escola Superior de Enxe\u00f1ar\u00eda Inform\u00e1tica"},"image":{"@id":"https:\/\/esei.uvigo.es\/es\/#\/schema\/logo\/image\/"}}]}},"_links":{"self":[{"href":"https:\/\/esei.uvigo.es\/es\/wp-json\/wp\/v2\/pages\/22826","targetHints":{"allow":["GET"]}}],"collection":[{"href":"https:\/\/esei.uvigo.es\/es\/wp-json\/wp\/v2\/pages"}],"about":[{"href":"https:\/\/esei.uvigo.es\/es\/wp-json\/wp\/v2\/types\/page"}],"author":[{"embeddable":true,"href":"https:\/\/esei.uvigo.es\/es\/wp-json\/wp\/v2\/users\/6"}],"replies":[{"embeddable":true,"href":"https:\/\/esei.uvigo.es\/es\/wp-json\/wp\/v2\/comments?post=22826"}],"version-history":[{"count":0,"href":"https:\/\/esei.uvigo.es\/es\/wp-json\/wp\/v2\/pages\/22826\/revisions"}],"up":[{"embeddable":true,"href":"https:\/\/esei.uvigo.es\/es\/wp-json\/wp\/v2\/pages\/22825"}],"wp:attachment":[{"href":"https:\/\/esei.uvigo.es\/es\/wp-json\/wp\/v2\/media?parent=22826"}],"curies":[{"name":"wp","href":"https:\/\/api.w.org\/{rel}","templated":true}]}}