{"id":22825,"date":"2019-02-07T17:44:51","date_gmt":"2019-02-07T16:44:51","guid":{"rendered":"https:\/\/esei.uvigo.es\/docencia\/traballos-fin-de-carreira\/traballo-fin-de-grao\/"},"modified":"2026-02-06T13:05:58","modified_gmt":"2026-02-06T12:05:58","slug":"traballo-fin-de-grao","status":"publish","type":"page","link":"https:\/\/esei.uvigo.es\/es\/docencia\/traballos-fin-de-carreira\/traballo-fin-de-grao\/","title":{"rendered":"Trabajo Fin de Grado"},"content":{"rendered":"<p>En cumplimiento con lo establecido en el Reglamento para la Realizaci\u00f3n del Trabajo Fin de Grado de la Universidad de Vigo, y con el t\u00edtulo oficial del Grado en Ingenier\u00eda Inform\u00e1tica, los estudiantes, para poder obtener el t\u00edtulo, deber\u00e1n aprobar un Trabajo Fin de Grado (TFG) en el que se acredite la formaci\u00f3n adquirida.<\/p>\n<p>Los TFG de la ESEI se regulan por el citado Reglamento y por el Reglamento espec\u00edfico de TFG del Centro.<\/p>\n<h2>Normativa Uvigo<\/h2>\n<ul class=\"list-peak\">\n<li><a href=\"https:\/\/secretaria.uvigo.gal\/uv\/web\/normativa\/public\/show\/325\" target=\"_blank\" rel=\"noopener noreferrer\">Normativa de Trabajos Fin de Grado de la Universidad de Vigo<\/a><\/li>\n<\/ul>\n<h2>Normativa propia ESEI<\/h2>\n<ul class=\"list-peak\">\n<li><a href=\"https:\/\/esei.uvigo.es\/documentos\/regulamento-tfg\/\" target=\"_blank\" rel=\"noopener noreferrer\"><strong>Nuevo<\/strong> Reglamento de Trabajos de Fin de Grado de la ESEI (aprobado el 24\/10\/2024)<\/a><\/li>\n<li><a href=\"https:\/\/www.uvigo.gal\/es\/estudiar\/empleabilidad\/estancias-realizar-tfg-tfm\" target=\"_blank\" rel=\"noopener\">C\u00f3mo realizar un TFG en una empresa o entidad<\/a><\/li>\n<\/ul>\n<p>Para solicitar el<strong>\u00a0convenio de TFG<\/strong> con una empresa, ponerse en contacto con <a href=\"https:\/\/esei.uvigo.es\/es\/docencia\/profesorado\/profesor\/rodriguez-martinez-francisco-javier\/\" rel=\"noopener noreferrer\">Francisco Javier Rodr\u00edguez Mart\u00ednez.<\/a><\/p>\n<p><strong>Email<\/strong>: <a href=\"mailto:emprego@esei.uvigo.es\" target=\"_blank\" rel=\"noopener noreferrer\">emprego@esei.uvigo.es<\/a><br \/>\n<strong>Tel:<\/strong> (34) 988 387 022<\/p>\n<h2>Calendarios<\/h2>\n<ul class=\"list-peak\">\n<li><a href=\"https:\/\/esei.uvigo.es\/documentos\/calendario-de-defensa-de-tfg\/\" target=\"_blank\" rel=\"noopener\">Calendario de TFG 2025-2026<\/a><\/li>\n<\/ul>\n<h2>Formularios<\/h2>\n<ul class=\"list-peak\">\n<li><a href=\"https:\/\/esei.uvigo.es\/documentos\/protocolo-para-a-realizacion-do-tfg\/\" target=\"_blank\" rel=\"noopener noreferrer\">Protocolo para la realizaci\u00f3n del TFG<\/a><\/li>\n<li><a href=\"https:\/\/esei.uvigo.es\/es\/a-esei\/formularios\/traballos-fin-de-grao\/\">Formularios del TFG<\/a><\/li>\n<\/ul>\n<h2>Premios<\/h2>\n<p><a href=\"http:\/\/campusdaauga.uvigo.es\/divulgacion\/premios-do-campus-da-auga\/\" target=\"_blank\" rel=\"noopener noreferrer\">Modalidad de Premio al TFG m\u00e1s destacado de los Premios de Investigaci\u00f3n, transferencia, innovaci\u00f3n educativa y divulgaci\u00f3n cient\u00edfica del Campus del Agua<\/a><\/p>\n<h2>Propuestas y asignaciones<\/h2>\n<ul class=\"list-peak\">\n<li>La asignaci\u00f3n de TFG para el curso 2025\/2026 se puede consultar en <strong>la plataforma Moovi<\/strong>.<\/li>\n<\/ul>\n<h2>Trabajos Fin de Grado defendidos<\/h2>\n<ul class=\"list-peak\">\n<li><a href=\"https:\/\/esei.uvigo.es\/documentos\/traballos-fin-grao-defendidos\/\" target=\"_blank\" rel=\"noopener noreferrer\">Consulta de los Trabajos Fin de Grado defendidos<\/a><\/li>\n<\/ul>\n","protected":false},"excerpt":{"rendered":"<p>En cumplimiento con lo establecido en el Reglamento para la Realizaci\u00f3n del Trabajo Fin de Grado de la Universidad de Vigo, y con el t\u00edtulo &hellip; <a class=\"excerpt_more\" href=\"https:\/\/esei.uvigo.es\/es\/docencia\/traballos-fin-de-carreira\/traballo-fin-de-grao\/\">Contin\u00faa<\/a><\/p>\n","protected":false},"author":1,"featured_media":0,"parent":22824,"menu_order":2,"comment_status":"closed","ping_status":"closed","template":"","meta":{"_acf_changed":false,"footnotes":""},"class_list":["post-22825","page","type-page","status-publish","hentry"],"acf":[],"yoast_head":"<!-- This site is optimized with the Yoast SEO plugin v27.6 - https:\/\/yoast.com\/product\/yoast-seo-wordpress\/ -->\n<title>Trabajo Fin de Grado | Escola Superior de Enxe\u00f1ar\u00eda Inform\u00e1tica<\/title>\n<meta name=\"robots\" content=\"index, follow, max-snippet:-1, max-image-preview:large, max-video-preview:-1\" \/>\n<link rel=\"canonical\" href=\"https:\/\/esei.uvigo.es\/es\/docencia\/traballos-fin-de-carreira\/traballo-fin-de-grao\/\" \/>\n<meta property=\"og:locale\" content=\"es_ES\" \/>\n<meta property=\"og:type\" content=\"article\" \/>\n<meta property=\"og:title\" content=\"Trabajo Fin de Grado | Escola Superior de Enxe\u00f1ar\u00eda Inform\u00e1tica\" \/>\n<meta property=\"og:description\" content=\"En cumplimiento con lo establecido en el Reglamento para la Realizaci\u00f3n del Trabajo Fin de Grado de la Universidad de Vigo, y con el t\u00edtulo &hellip; Contin\u00faa\" \/>\n<meta property=\"og:url\" content=\"https:\/\/esei.uvigo.es\/es\/docencia\/traballos-fin-de-carreira\/traballo-fin-de-grao\/\" \/>\n<meta property=\"og:site_name\" content=\"Escola Superior de Enxe\u00f1ar\u00eda Inform\u00e1tica\" \/>\n<meta property=\"article:modified_time\" content=\"2026-02-06T12:05:58+00:00\" \/>\n<meta name=\"twitter:card\" content=\"summary_large_image\" \/>\n<meta name=\"twitter:label1\" content=\"Tiempo de lectura\" \/>\n\t<meta name=\"twitter:data1\" content=\"1 minuto\" \/>\n<script type=\"application\/ld+json\" class=\"yoast-schema-graph\">{\"@context\":\"https:\\\/\\\/schema.org\",\"@graph\":[{\"@type\":\"WebPage\",\"@id\":\"https:\\\/\\\/esei.uvigo.es\\\/es\\\/docencia\\\/traballos-fin-de-carreira\\\/traballo-fin-de-grao\\\/\",\"url\":\"https:\\\/\\\/esei.uvigo.es\\\/es\\\/docencia\\\/traballos-fin-de-carreira\\\/traballo-fin-de-grao\\\/\",\"name\":\"Trabajo Fin de Grado | Escola Superior de Enxe\u00f1ar\u00eda Inform\u00e1tica\",\"isPartOf\":{\"@id\":\"https:\\\/\\\/esei.uvigo.es\\\/es\\\/#website\"},\"datePublished\":\"2019-02-07T16:44:51+00:00\",\"dateModified\":\"2026-02-06T12:05:58+00:00\",\"breadcrumb\":{\"@id\":\"https:\\\/\\\/esei.uvigo.es\\\/es\\\/docencia\\\/traballos-fin-de-carreira\\\/traballo-fin-de-grao\\\/#breadcrumb\"},\"inLanguage\":\"es\",\"potentialAction\":[{\"@type\":\"ReadAction\",\"target\":[\"https:\\\/\\\/esei.uvigo.es\\\/es\\\/docencia\\\/traballos-fin-de-carreira\\\/traballo-fin-de-grao\\\/\"]}]},{\"@type\":\"BreadcrumbList\",\"@id\":\"https:\\\/\\\/esei.uvigo.es\\\/es\\\/docencia\\\/traballos-fin-de-carreira\\\/traballo-fin-de-grao\\\/#breadcrumb\",\"itemListElement\":[{\"@type\":\"ListItem\",\"position\":1,\"name\":\"Portada\",\"item\":\"https:\\\/\\\/esei.uvigo.es\\\/es\\\/\"},{\"@type\":\"ListItem\",\"position\":2,\"name\":\"Docencia\",\"item\":\"https:\\\/\\\/esei.uvigo.es\\\/es\\\/docencia\\\/\"},{\"@type\":\"ListItem\",\"position\":3,\"name\":\"Trabajos Fin de Carrera\",\"item\":\"https:\\\/\\\/esei.uvigo.es\\\/es\\\/docencia\\\/traballos-fin-de-carreira\\\/\"},{\"@type\":\"ListItem\",\"position\":4,\"name\":\"Trabajo Fin de Grado\"}]},{\"@type\":\"WebSite\",\"@id\":\"https:\\\/\\\/esei.uvigo.es\\\/es\\\/#website\",\"url\":\"https:\\\/\\\/esei.uvigo.es\\\/es\\\/\",\"name\":\"Escola Superior de Enxe\u00f1ar\u00eda Inform\u00e1tica\",\"description\":\"\",\"publisher\":{\"@id\":\"https:\\\/\\\/esei.uvigo.es\\\/es\\\/#organization\"},\"potentialAction\":[{\"@type\":\"SearchAction\",\"target\":{\"@type\":\"EntryPoint\",\"urlTemplate\":\"https:\\\/\\\/esei.uvigo.es\\\/es\\\/?s={search_term_string}\"},\"query-input\":{\"@type\":\"PropertyValueSpecification\",\"valueRequired\":true,\"valueName\":\"search_term_string\"}}],\"inLanguage\":\"es\"},{\"@type\":\"Organization\",\"@id\":\"https:\\\/\\\/esei.uvigo.es\\\/es\\\/#organization\",\"name\":\"Escola Superior de Enxe\u00f1ar\u00eda Inform\u00e1tica\",\"url\":\"https:\\\/\\\/esei.uvigo.es\\\/es\\\/\",\"logo\":{\"@type\":\"ImageObject\",\"inLanguage\":\"es\",\"@id\":\"https:\\\/\\\/esei.uvigo.es\\\/es\\\/#\\\/schema\\\/logo\\\/image\\\/\",\"url\":\"https:\\\/\\\/esei.uvigo.es\\\/wp-content\\\/uploads\\\/2019\\\/09\\\/esei.png\",\"contentUrl\":\"https:\\\/\\\/esei.uvigo.es\\\/wp-content\\\/uploads\\\/2019\\\/09\\\/esei.png\",\"width\":579,\"height\":98,\"caption\":\"Escola Superior de Enxe\u00f1ar\u00eda Inform\u00e1tica\"},\"image\":{\"@id\":\"https:\\\/\\\/esei.uvigo.es\\\/es\\\/#\\\/schema\\\/logo\\\/image\\\/\"}}]}<\/script>\n<!-- \/ Yoast SEO plugin. -->","yoast_head_json":{"title":"Trabajo Fin de Grado | Escola Superior de Enxe\u00f1ar\u00eda Inform\u00e1tica","robots":{"index":"index","follow":"follow","max-snippet":"max-snippet:-1","max-image-preview":"max-image-preview:large","max-video-preview":"max-video-preview:-1"},"canonical":"https:\/\/esei.uvigo.es\/es\/docencia\/traballos-fin-de-carreira\/traballo-fin-de-grao\/","og_locale":"es_ES","og_type":"article","og_title":"Trabajo Fin de Grado | Escola Superior de Enxe\u00f1ar\u00eda Inform\u00e1tica","og_description":"En cumplimiento con lo establecido en el Reglamento para la Realizaci\u00f3n del Trabajo Fin de Grado de la Universidad de Vigo, y con el t\u00edtulo &hellip; Contin\u00faa","og_url":"https:\/\/esei.uvigo.es\/es\/docencia\/traballos-fin-de-carreira\/traballo-fin-de-grao\/","og_site_name":"Escola Superior de Enxe\u00f1ar\u00eda Inform\u00e1tica","article_modified_time":"2026-02-06T12:05:58+00:00","twitter_card":"summary_large_image","twitter_misc":{"Tiempo de lectura":"1 minuto"},"schema":{"@context":"https:\/\/schema.org","@graph":[{"@type":"WebPage","@id":"https:\/\/esei.uvigo.es\/es\/docencia\/traballos-fin-de-carreira\/traballo-fin-de-grao\/","url":"https:\/\/esei.uvigo.es\/es\/docencia\/traballos-fin-de-carreira\/traballo-fin-de-grao\/","name":"Trabajo Fin de Grado | Escola Superior de Enxe\u00f1ar\u00eda Inform\u00e1tica","isPartOf":{"@id":"https:\/\/esei.uvigo.es\/es\/#website"},"datePublished":"2019-02-07T16:44:51+00:00","dateModified":"2026-02-06T12:05:58+00:00","breadcrumb":{"@id":"https:\/\/esei.uvigo.es\/es\/docencia\/traballos-fin-de-carreira\/traballo-fin-de-grao\/#breadcrumb"},"inLanguage":"es","potentialAction":[{"@type":"ReadAction","target":["https:\/\/esei.uvigo.es\/es\/docencia\/traballos-fin-de-carreira\/traballo-fin-de-grao\/"]}]},{"@type":"BreadcrumbList","@id":"https:\/\/esei.uvigo.es\/es\/docencia\/traballos-fin-de-carreira\/traballo-fin-de-grao\/#breadcrumb","itemListElement":[{"@type":"ListItem","position":1,"name":"Portada","item":"https:\/\/esei.uvigo.es\/es\/"},{"@type":"ListItem","position":2,"name":"Docencia","item":"https:\/\/esei.uvigo.es\/es\/docencia\/"},{"@type":"ListItem","position":3,"name":"Trabajos Fin de Carrera","item":"https:\/\/esei.uvigo.es\/es\/docencia\/traballos-fin-de-carreira\/"},{"@type":"ListItem","position":4,"name":"Trabajo Fin de Grado"}]},{"@type":"WebSite","@id":"https:\/\/esei.uvigo.es\/es\/#website","url":"https:\/\/esei.uvigo.es\/es\/","name":"Escola Superior de Enxe\u00f1ar\u00eda Inform\u00e1tica","description":"","publisher":{"@id":"https:\/\/esei.uvigo.es\/es\/#organization"},"potentialAction":[{"@type":"SearchAction","target":{"@type":"EntryPoint","urlTemplate":"https:\/\/esei.uvigo.es\/es\/?s={search_term_string}"},"query-input":{"@type":"PropertyValueSpecification","valueRequired":true,"valueName":"search_term_string"}}],"inLanguage":"es"},{"@type":"Organization","@id":"https:\/\/esei.uvigo.es\/es\/#organization","name":"Escola Superior de Enxe\u00f1ar\u00eda Inform\u00e1tica","url":"https:\/\/esei.uvigo.es\/es\/","logo":{"@type":"ImageObject","inLanguage":"es","@id":"https:\/\/esei.uvigo.es\/es\/#\/schema\/logo\/image\/","url":"https:\/\/esei.uvigo.es\/wp-content\/uploads\/2019\/09\/esei.png","contentUrl":"https:\/\/esei.uvigo.es\/wp-content\/uploads\/2019\/09\/esei.png","width":579,"height":98,"caption":"Escola Superior de Enxe\u00f1ar\u00eda Inform\u00e1tica"},"image":{"@id":"https:\/\/esei.uvigo.es\/es\/#\/schema\/logo\/image\/"}}]}},"_links":{"self":[{"href":"https:\/\/esei.uvigo.es\/es\/wp-json\/wp\/v2\/pages\/22825","targetHints":{"allow":["GET"]}}],"collection":[{"href":"https:\/\/esei.uvigo.es\/es\/wp-json\/wp\/v2\/pages"}],"about":[{"href":"https:\/\/esei.uvigo.es\/es\/wp-json\/wp\/v2\/types\/page"}],"author":[{"embeddable":true,"href":"https:\/\/esei.uvigo.es\/es\/wp-json\/wp\/v2\/users\/1"}],"replies":[{"embeddable":true,"href":"https:\/\/esei.uvigo.es\/es\/wp-json\/wp\/v2\/comments?post=22825"}],"version-history":[{"count":28,"href":"https:\/\/esei.uvigo.es\/es\/wp-json\/wp\/v2\/pages\/22825\/revisions"}],"predecessor-version":[{"id":29993,"href":"https:\/\/esei.uvigo.es\/es\/wp-json\/wp\/v2\/pages\/22825\/revisions\/29993"}],"up":[{"embeddable":true,"href":"https:\/\/esei.uvigo.es\/es\/wp-json\/wp\/v2\/pages\/22824"}],"wp:attachment":[{"href":"https:\/\/esei.uvigo.es\/es\/wp-json\/wp\/v2\/media?parent=22825"}],"curies":[{"name":"wp","href":"https:\/\/api.w.org\/{rel}","templated":true}]}}