{"id":22823,"date":"2019-02-08T18:46:35","date_gmt":"2019-02-08T17:46:35","guid":{"rendered":"https:\/\/esei.uvigo.es\/docencia\/programas-de-mobilidade\/ori\/"},"modified":"2019-02-08T18:46:35","modified_gmt":"2019-02-08T17:46:35","slug":"ori","status":"publish","type":"page","link":"https:\/\/esei.uvigo.es\/es\/mobility\/programas-de-mobilidade\/ori\/","title":{"rendered":"ORI"},"content":{"rendered":"<p>A\u00a0<a href=\"https:\/\/www.uvigo.gal\/estudar\/mobilidade\" target=\"_blank\" rel=\"noopener noreferrer\">Oficina de Relaci\u00f3ns Internacionais (ORI)<\/a>\u00a0centraliza, coordina e xestiona as actividades de cooperaci\u00f3n internacional no seo da Universidade de Vigo, e leva a cabo, entre outras, as seguintes actividades:<\/p>\n<ul>\n<li>Informa e asesora a comunidade universitaria sobre os diferentes programas internacionais no \u00e1mbito da educaci\u00f3n superior.<\/li>\n<li>Fomenta e xestiona a mobilidade de alumnado e profesorado propios e estranxeiros, en especial no marco dos programas S\u00f3crates, ISEP, Bolsas MAE e programas de cooperaci\u00f3n da Universidade de Vigo.<\/li>\n<\/ul>\n<p>Con respecto aos estudantes da Universidade de Vigo proporciona asesoramento aos candidatos\/as seleccionados con estes programas sobre a documentaci\u00f3n que deben presentar, e informaci\u00f3n sobre a cont\u00eda das bolsas e posibles axudas complementarias, as\u00ed como sobre as xesti\u00f3ns que te\u00f1en que realizar coas universidades de destino.<\/p>\n<p>Con respecto ao profesorado da Universidade de Vigo, a ORI facilita informaci\u00f3n sobre os programas de intercambio de docencia e programas de cooperaci\u00f3n internacional.<\/p>\n<p>En canto aos estudantes estranxeiros, xestiona a aceptaci\u00f3n dos que participan nun programa de intercambio, elabora a Gu\u00eda do estudante estranxeiro e env\u00eda os paquetes informativos sobre a Universidade de Vigo, con informaci\u00f3n sobre os diferentes campus e cidades, recepci\u00f3n, visados, viaxe, busca de aloxamento, matr\u00edcula e posibilidades de estudos, en colaboraci\u00f3n cos responsables de relaci\u00f3ns internacionais.<\/p>\n<p>Tam\u00e9n se encarga de elaborar e negociar acordos de cooperaci\u00f3n internacional, as\u00ed como de asegurar a presenza da Universidade de Vigo en foros e encontros de educaci\u00f3n internacionais.<\/p>\n","protected":false},"excerpt":{"rendered":"<p>Oficina de Relaci\u00f3ns Internacionais<\/p>\n","protected":false},"author":1,"featured_media":0,"parent":22818,"menu_order":26,"comment_status":"closed","ping_status":"closed","template":"","meta":{"_acf_changed":false,"footnotes":""},"class_list":["post-22823","page","type-page","status-publish","hentry"],"acf":[],"yoast_head":"<!-- This site is optimized with the Yoast SEO plugin v27.6 - https:\/\/yoast.com\/product\/yoast-seo-wordpress\/ -->\n<title>ORI | Escola Superior de Enxe\u00f1ar\u00eda Inform\u00e1tica<\/title>\n<meta name=\"robots\" content=\"index, follow, max-snippet:-1, max-image-preview:large, max-video-preview:-1\" \/>\n<link rel=\"canonical\" href=\"https:\/\/esei.uvigo.es\/es\/mobility\/programas-de-mobilidade\/ori\/\" \/>\n<meta property=\"og:locale\" content=\"es_ES\" \/>\n<meta property=\"og:type\" content=\"article\" \/>\n<meta property=\"og:title\" content=\"ORI | Escola Superior de Enxe\u00f1ar\u00eda Inform\u00e1tica\" \/>\n<meta property=\"og:description\" content=\"Oficina de Relaci\u00f3ns Internacionais\" \/>\n<meta property=\"og:url\" content=\"https:\/\/esei.uvigo.es\/es\/mobility\/programas-de-mobilidade\/ori\/\" \/>\n<meta property=\"og:site_name\" content=\"Escola Superior de Enxe\u00f1ar\u00eda Inform\u00e1tica\" \/>\n<meta name=\"twitter:card\" content=\"summary_large_image\" \/>\n<meta name=\"twitter:label1\" content=\"Tiempo de lectura\" \/>\n\t<meta name=\"twitter:data1\" content=\"1 minuto\" \/>\n<script type=\"application\/ld+json\" class=\"yoast-schema-graph\">{\"@context\":\"https:\\\/\\\/schema.org\",\"@graph\":[{\"@type\":\"WebPage\",\"@id\":\"https:\\\/\\\/esei.uvigo.es\\\/es\\\/mobility\\\/programas-de-mobilidade\\\/ori\\\/\",\"url\":\"https:\\\/\\\/esei.uvigo.es\\\/es\\\/mobility\\\/programas-de-mobilidade\\\/ori\\\/\",\"name\":\"ORI | Escola Superior de Enxe\u00f1ar\u00eda Inform\u00e1tica\",\"isPartOf\":{\"@id\":\"https:\\\/\\\/esei.uvigo.es\\\/es\\\/#website\"},\"datePublished\":\"2019-02-08T17:46:35+00:00\",\"breadcrumb\":{\"@id\":\"https:\\\/\\\/esei.uvigo.es\\\/es\\\/mobility\\\/programas-de-mobilidade\\\/ori\\\/#breadcrumb\"},\"inLanguage\":\"es\",\"potentialAction\":[{\"@type\":\"ReadAction\",\"target\":[\"https:\\\/\\\/esei.uvigo.es\\\/es\\\/mobility\\\/programas-de-mobilidade\\\/ori\\\/\"]}]},{\"@type\":\"BreadcrumbList\",\"@id\":\"https:\\\/\\\/esei.uvigo.es\\\/es\\\/mobility\\\/programas-de-mobilidade\\\/ori\\\/#breadcrumb\",\"itemListElement\":[{\"@type\":\"ListItem\",\"position\":1,\"name\":\"Portada\",\"item\":\"https:\\\/\\\/esei.uvigo.es\\\/es\\\/\"},{\"@type\":\"ListItem\",\"position\":2,\"name\":\"Mobility\",\"item\":\"https:\\\/\\\/esei.uvigo.es\\\/es\\\/mobility\\\/\"},{\"@type\":\"ListItem\",\"position\":3,\"name\":\"Movility Programs\",\"item\":\"https:\\\/\\\/esei.uvigo.es\\\/es\\\/mobility\\\/programas-de-mobilidade\\\/\"},{\"@type\":\"ListItem\",\"position\":4,\"name\":\"ORI\"}]},{\"@type\":\"WebSite\",\"@id\":\"https:\\\/\\\/esei.uvigo.es\\\/es\\\/#website\",\"url\":\"https:\\\/\\\/esei.uvigo.es\\\/es\\\/\",\"name\":\"Escola Superior de Enxe\u00f1ar\u00eda Inform\u00e1tica\",\"description\":\"\",\"publisher\":{\"@id\":\"https:\\\/\\\/esei.uvigo.es\\\/es\\\/#organization\"},\"potentialAction\":[{\"@type\":\"SearchAction\",\"target\":{\"@type\":\"EntryPoint\",\"urlTemplate\":\"https:\\\/\\\/esei.uvigo.es\\\/es\\\/?s={search_term_string}\"},\"query-input\":{\"@type\":\"PropertyValueSpecification\",\"valueRequired\":true,\"valueName\":\"search_term_string\"}}],\"inLanguage\":\"es\"},{\"@type\":\"Organization\",\"@id\":\"https:\\\/\\\/esei.uvigo.es\\\/es\\\/#organization\",\"name\":\"Escola Superior de Enxe\u00f1ar\u00eda Inform\u00e1tica\",\"url\":\"https:\\\/\\\/esei.uvigo.es\\\/es\\\/\",\"logo\":{\"@type\":\"ImageObject\",\"inLanguage\":\"es\",\"@id\":\"https:\\\/\\\/esei.uvigo.es\\\/es\\\/#\\\/schema\\\/logo\\\/image\\\/\",\"url\":\"https:\\\/\\\/esei.uvigo.es\\\/wp-content\\\/uploads\\\/2019\\\/09\\\/esei.png\",\"contentUrl\":\"https:\\\/\\\/esei.uvigo.es\\\/wp-content\\\/uploads\\\/2019\\\/09\\\/esei.png\",\"width\":579,\"height\":98,\"caption\":\"Escola Superior de Enxe\u00f1ar\u00eda Inform\u00e1tica\"},\"image\":{\"@id\":\"https:\\\/\\\/esei.uvigo.es\\\/es\\\/#\\\/schema\\\/logo\\\/image\\\/\"}}]}<\/script>\n<!-- \/ Yoast SEO plugin. -->","yoast_head_json":{"title":"ORI | Escola Superior de Enxe\u00f1ar\u00eda Inform\u00e1tica","robots":{"index":"index","follow":"follow","max-snippet":"max-snippet:-1","max-image-preview":"max-image-preview:large","max-video-preview":"max-video-preview:-1"},"canonical":"https:\/\/esei.uvigo.es\/es\/mobility\/programas-de-mobilidade\/ori\/","og_locale":"es_ES","og_type":"article","og_title":"ORI | Escola Superior de Enxe\u00f1ar\u00eda Inform\u00e1tica","og_description":"Oficina de Relaci\u00f3ns Internacionais","og_url":"https:\/\/esei.uvigo.es\/es\/mobility\/programas-de-mobilidade\/ori\/","og_site_name":"Escola Superior de Enxe\u00f1ar\u00eda Inform\u00e1tica","twitter_card":"summary_large_image","twitter_misc":{"Tiempo de lectura":"1 minuto"},"schema":{"@context":"https:\/\/schema.org","@graph":[{"@type":"WebPage","@id":"https:\/\/esei.uvigo.es\/es\/mobility\/programas-de-mobilidade\/ori\/","url":"https:\/\/esei.uvigo.es\/es\/mobility\/programas-de-mobilidade\/ori\/","name":"ORI | Escola Superior de Enxe\u00f1ar\u00eda Inform\u00e1tica","isPartOf":{"@id":"https:\/\/esei.uvigo.es\/es\/#website"},"datePublished":"2019-02-08T17:46:35+00:00","breadcrumb":{"@id":"https:\/\/esei.uvigo.es\/es\/mobility\/programas-de-mobilidade\/ori\/#breadcrumb"},"inLanguage":"es","potentialAction":[{"@type":"ReadAction","target":["https:\/\/esei.uvigo.es\/es\/mobility\/programas-de-mobilidade\/ori\/"]}]},{"@type":"BreadcrumbList","@id":"https:\/\/esei.uvigo.es\/es\/mobility\/programas-de-mobilidade\/ori\/#breadcrumb","itemListElement":[{"@type":"ListItem","position":1,"name":"Portada","item":"https:\/\/esei.uvigo.es\/es\/"},{"@type":"ListItem","position":2,"name":"Mobility","item":"https:\/\/esei.uvigo.es\/es\/mobility\/"},{"@type":"ListItem","position":3,"name":"Movility Programs","item":"https:\/\/esei.uvigo.es\/es\/mobility\/programas-de-mobilidade\/"},{"@type":"ListItem","position":4,"name":"ORI"}]},{"@type":"WebSite","@id":"https:\/\/esei.uvigo.es\/es\/#website","url":"https:\/\/esei.uvigo.es\/es\/","name":"Escola Superior de Enxe\u00f1ar\u00eda Inform\u00e1tica","description":"","publisher":{"@id":"https:\/\/esei.uvigo.es\/es\/#organization"},"potentialAction":[{"@type":"SearchAction","target":{"@type":"EntryPoint","urlTemplate":"https:\/\/esei.uvigo.es\/es\/?s={search_term_string}"},"query-input":{"@type":"PropertyValueSpecification","valueRequired":true,"valueName":"search_term_string"}}],"inLanguage":"es"},{"@type":"Organization","@id":"https:\/\/esei.uvigo.es\/es\/#organization","name":"Escola Superior de Enxe\u00f1ar\u00eda Inform\u00e1tica","url":"https:\/\/esei.uvigo.es\/es\/","logo":{"@type":"ImageObject","inLanguage":"es","@id":"https:\/\/esei.uvigo.es\/es\/#\/schema\/logo\/image\/","url":"https:\/\/esei.uvigo.es\/wp-content\/uploads\/2019\/09\/esei.png","contentUrl":"https:\/\/esei.uvigo.es\/wp-content\/uploads\/2019\/09\/esei.png","width":579,"height":98,"caption":"Escola Superior de Enxe\u00f1ar\u00eda Inform\u00e1tica"},"image":{"@id":"https:\/\/esei.uvigo.es\/es\/#\/schema\/logo\/image\/"}}]}},"_links":{"self":[{"href":"https:\/\/esei.uvigo.es\/es\/wp-json\/wp\/v2\/pages\/22823","targetHints":{"allow":["GET"]}}],"collection":[{"href":"https:\/\/esei.uvigo.es\/es\/wp-json\/wp\/v2\/pages"}],"about":[{"href":"https:\/\/esei.uvigo.es\/es\/wp-json\/wp\/v2\/types\/page"}],"author":[{"embeddable":true,"href":"https:\/\/esei.uvigo.es\/es\/wp-json\/wp\/v2\/users\/1"}],"replies":[{"embeddable":true,"href":"https:\/\/esei.uvigo.es\/es\/wp-json\/wp\/v2\/comments?post=22823"}],"version-history":[{"count":0,"href":"https:\/\/esei.uvigo.es\/es\/wp-json\/wp\/v2\/pages\/22823\/revisions"}],"up":[{"embeddable":true,"href":"https:\/\/esei.uvigo.es\/es\/wp-json\/wp\/v2\/pages\/22818"}],"wp:attachment":[{"href":"https:\/\/esei.uvigo.es\/es\/wp-json\/wp\/v2\/media?parent=22823"}],"curies":[{"name":"wp","href":"https:\/\/api.w.org\/{rel}","templated":true}]}}