{"id":22822,"date":"2019-02-08T18:42:02","date_gmt":"2019-02-08T17:42:02","guid":{"rendered":"https:\/\/esei.uvigo.es\/docencia\/programas-de-mobilidade\/practicas-no-estranxeiro\/"},"modified":"2022-02-24T09:54:06","modified_gmt":"2022-02-24T08:54:06","slug":"practicas-no-estranxeiro","status":"publish","type":"page","link":"https:\/\/esei.uvigo.es\/es\/mobility\/programas-de-mobilidade\/practicas-no-estranxeiro\/","title":{"rendered":"Pr\u00e1cticas en el extranjero"},"content":{"rendered":"<p>O Programa de Bolsas Internacionais que pon en marcha a Deputaci\u00f3n de Ourense en colaboraci\u00f3n coa Universidade de Vigo &#8211; Campus de Ourense traslada ao noso \u00e1mbito local as competencias da Uni\u00f3n Europea no fomento da mobilidade a trav\u00e9s do Programa Leonardo da Vinci que promove un Espazo Europeo en materia de Educaci\u00f3n e Formaci\u00f3n Profesional.<\/p>\n<p>Os obxectivos do Programa son os seguintes:<\/p>\n<ul>\n<li>Mellorar as aptitudes e competencias individuais a todos os niveis.<\/li>\n<li>Mellorar a calidade e o acceso \u00e1 informaci\u00f3n continua, as\u00ed como facilitar a adquisici\u00f3n, ao longo da vida, de aptitudes e competencias.<\/li>\n<li>Mellora da empregabilidade para a inserci\u00f3n laboral.<\/li>\n<\/ul>\n<p>O Programa ofrece estad\u00edas e pr\u00e1cticas profesionais en empresas ou organismos de pa\u00edses pertencentes \u00e1 Uni\u00f3n Europea.<\/p>\n<p>Este proxecto persigue mellorar a cualificaci\u00f3n dos titulados universitarios e facilitar a s\u00faa posterior inserci\u00f3n no mercado laboral, garantindo adem\u00e1is o aprendizaxe avanzado dunha lingua estranxeira como idioma de traballo.<\/p>\n<p>A bolsa incl\u00fae:<\/p>\n<ul>\n<li>Billete de avi\u00f3n de ida e volta.<\/li>\n<li>Pr\u00e1cticas laborais especializadas nunha empresa seleccionada en atenci\u00f3n ao perfil profesional do\/da beneficiario\/a (a designaci\u00f3n da empresa e pa\u00eds se poder\u00e1 realizar unha vez o beneficiario resulte seleccionado e mante\u00f1a coa empresa unha entrevista persoal-profesional).<\/li>\n<li>Titorizaci\u00f3n de pr\u00e1cticas laborais no pa\u00eds de destino.<\/li>\n<li>Dotaci\u00f3n mensual en funci\u00f3n do pa\u00eds de destino ou abono dos costes de aloxamento e axuda de manutenci\u00f3n.<\/li>\n<li>Curso de inmersi\u00f3n ling\u00fc\u00edstica no pa\u00eds de destino.<\/li>\n<li>Seguro de enfermedade\u00a0e accidentes.<\/li>\n<li>Bono de transporte.<\/li>\n<\/ul>\n<p>M\u00e1is informaci\u00f3n na\u00a0<a href=\"http:\/\/www.depourense.es\/\" target=\"_blank\" rel=\"noopener noreferrer\">web da Deputaci\u00f3n de Ourense<\/a>.<\/p>\n<p><a href=\"https:\/\/www.uvigo.gal\/estudar\/mobilidade\/estudantes-saintes\" target=\"_blank\" rel=\"noopener noreferrer\">Informaci\u00f3n na ORI<\/a><\/p>\n<div class=\"csc-textpic-imagewrap csc-textpic-single-image\"><img loading=\"lazy\" decoding=\"async\" src=\"http:\/\/www.esei.uvigo.es\/uploads\/pics\/top-becas_01.jpg\" alt=\"\" width=\"400\" height=\"70\" border=\"0\" \/><\/div>\n","protected":false},"excerpt":{"rendered":"<p>O Programa de Bolsas Internacionais que pon en marcha a Deputaci\u00f3n de Ourense en colaboraci\u00f3n coa Universidade de Vigo &#8211; Campus de Ourense traslada ao &hellip; <a class=\"excerpt_more\" href=\"https:\/\/esei.uvigo.es\/es\/mobility\/programas-de-mobilidade\/practicas-no-estranxeiro\/\">Contin\u00faa<\/a><\/p>\n","protected":false},"author":1,"featured_media":0,"parent":22818,"menu_order":21,"comment_status":"closed","ping_status":"closed","template":"","meta":{"_acf_changed":false,"footnotes":""},"class_list":["post-22822","page","type-page","status-publish","hentry"],"acf":[],"yoast_head":"<!-- This site is optimized with the Yoast SEO plugin v27.6 - https:\/\/yoast.com\/product\/yoast-seo-wordpress\/ -->\n<title>Pr\u00e1cticas en el extranjero | Escola Superior de Enxe\u00f1ar\u00eda Inform\u00e1tica<\/title>\n<meta name=\"robots\" content=\"index, follow, max-snippet:-1, max-image-preview:large, max-video-preview:-1\" \/>\n<link rel=\"canonical\" href=\"https:\/\/esei.uvigo.es\/es\/mobility\/programas-de-mobilidade\/practicas-no-estranxeiro\/\" \/>\n<meta property=\"og:locale\" content=\"es_ES\" \/>\n<meta property=\"og:type\" content=\"article\" \/>\n<meta property=\"og:title\" content=\"Pr\u00e1cticas en el extranjero | Escola Superior de Enxe\u00f1ar\u00eda Inform\u00e1tica\" \/>\n<meta property=\"og:description\" content=\"O Programa de Bolsas Internacionais que pon en marcha a Deputaci\u00f3n de Ourense en colaboraci\u00f3n coa Universidade de Vigo &#8211; Campus de Ourense traslada ao &hellip; Contin\u00faa\" \/>\n<meta property=\"og:url\" content=\"https:\/\/esei.uvigo.es\/es\/mobility\/programas-de-mobilidade\/practicas-no-estranxeiro\/\" \/>\n<meta property=\"og:site_name\" content=\"Escola Superior de Enxe\u00f1ar\u00eda Inform\u00e1tica\" \/>\n<meta property=\"article:modified_time\" content=\"2022-02-24T08:54:06+00:00\" \/>\n<meta property=\"og:image\" content=\"http:\/\/www.esei.uvigo.es\/uploads\/pics\/top-becas_01.jpg\" \/>\n<meta name=\"twitter:card\" content=\"summary_large_image\" \/>\n<meta name=\"twitter:label1\" content=\"Tiempo de lectura\" \/>\n\t<meta name=\"twitter:data1\" content=\"1 minuto\" \/>\n<script type=\"application\/ld+json\" class=\"yoast-schema-graph\">{\"@context\":\"https:\\\/\\\/schema.org\",\"@graph\":[{\"@type\":\"WebPage\",\"@id\":\"https:\\\/\\\/esei.uvigo.es\\\/es\\\/mobility\\\/programas-de-mobilidade\\\/practicas-no-estranxeiro\\\/\",\"url\":\"https:\\\/\\\/esei.uvigo.es\\\/es\\\/mobility\\\/programas-de-mobilidade\\\/practicas-no-estranxeiro\\\/\",\"name\":\"Pr\u00e1cticas en el extranjero | Escola Superior de Enxe\u00f1ar\u00eda Inform\u00e1tica\",\"isPartOf\":{\"@id\":\"https:\\\/\\\/esei.uvigo.es\\\/es\\\/#website\"},\"primaryImageOfPage\":{\"@id\":\"https:\\\/\\\/esei.uvigo.es\\\/es\\\/mobility\\\/programas-de-mobilidade\\\/practicas-no-estranxeiro\\\/#primaryimage\"},\"image\":{\"@id\":\"https:\\\/\\\/esei.uvigo.es\\\/es\\\/mobility\\\/programas-de-mobilidade\\\/practicas-no-estranxeiro\\\/#primaryimage\"},\"thumbnailUrl\":\"http:\\\/\\\/www.esei.uvigo.es\\\/uploads\\\/pics\\\/top-becas_01.jpg\",\"datePublished\":\"2019-02-08T17:42:02+00:00\",\"dateModified\":\"2022-02-24T08:54:06+00:00\",\"breadcrumb\":{\"@id\":\"https:\\\/\\\/esei.uvigo.es\\\/es\\\/mobility\\\/programas-de-mobilidade\\\/practicas-no-estranxeiro\\\/#breadcrumb\"},\"inLanguage\":\"es\",\"potentialAction\":[{\"@type\":\"ReadAction\",\"target\":[\"https:\\\/\\\/esei.uvigo.es\\\/es\\\/mobility\\\/programas-de-mobilidade\\\/practicas-no-estranxeiro\\\/\"]}]},{\"@type\":\"ImageObject\",\"inLanguage\":\"es\",\"@id\":\"https:\\\/\\\/esei.uvigo.es\\\/es\\\/mobility\\\/programas-de-mobilidade\\\/practicas-no-estranxeiro\\\/#primaryimage\",\"url\":\"http:\\\/\\\/www.esei.uvigo.es\\\/uploads\\\/pics\\\/top-becas_01.jpg\",\"contentUrl\":\"http:\\\/\\\/www.esei.uvigo.es\\\/uploads\\\/pics\\\/top-becas_01.jpg\"},{\"@type\":\"BreadcrumbList\",\"@id\":\"https:\\\/\\\/esei.uvigo.es\\\/es\\\/mobility\\\/programas-de-mobilidade\\\/practicas-no-estranxeiro\\\/#breadcrumb\",\"itemListElement\":[{\"@type\":\"ListItem\",\"position\":1,\"name\":\"Portada\",\"item\":\"https:\\\/\\\/esei.uvigo.es\\\/es\\\/\"},{\"@type\":\"ListItem\",\"position\":2,\"name\":\"Mobility\",\"item\":\"https:\\\/\\\/esei.uvigo.es\\\/es\\\/mobility\\\/\"},{\"@type\":\"ListItem\",\"position\":3,\"name\":\"Movility Programs\",\"item\":\"https:\\\/\\\/esei.uvigo.es\\\/es\\\/mobility\\\/programas-de-mobilidade\\\/\"},{\"@type\":\"ListItem\",\"position\":4,\"name\":\"Pr\u00e1cticas en el extranjero\"}]},{\"@type\":\"WebSite\",\"@id\":\"https:\\\/\\\/esei.uvigo.es\\\/es\\\/#website\",\"url\":\"https:\\\/\\\/esei.uvigo.es\\\/es\\\/\",\"name\":\"Escola Superior de Enxe\u00f1ar\u00eda Inform\u00e1tica\",\"description\":\"\",\"publisher\":{\"@id\":\"https:\\\/\\\/esei.uvigo.es\\\/es\\\/#organization\"},\"potentialAction\":[{\"@type\":\"SearchAction\",\"target\":{\"@type\":\"EntryPoint\",\"urlTemplate\":\"https:\\\/\\\/esei.uvigo.es\\\/es\\\/?s={search_term_string}\"},\"query-input\":{\"@type\":\"PropertyValueSpecification\",\"valueRequired\":true,\"valueName\":\"search_term_string\"}}],\"inLanguage\":\"es\"},{\"@type\":\"Organization\",\"@id\":\"https:\\\/\\\/esei.uvigo.es\\\/es\\\/#organization\",\"name\":\"Escola Superior de Enxe\u00f1ar\u00eda Inform\u00e1tica\",\"url\":\"https:\\\/\\\/esei.uvigo.es\\\/es\\\/\",\"logo\":{\"@type\":\"ImageObject\",\"inLanguage\":\"es\",\"@id\":\"https:\\\/\\\/esei.uvigo.es\\\/es\\\/#\\\/schema\\\/logo\\\/image\\\/\",\"url\":\"https:\\\/\\\/esei.uvigo.es\\\/wp-content\\\/uploads\\\/2019\\\/09\\\/esei.png\",\"contentUrl\":\"https:\\\/\\\/esei.uvigo.es\\\/wp-content\\\/uploads\\\/2019\\\/09\\\/esei.png\",\"width\":579,\"height\":98,\"caption\":\"Escola Superior de Enxe\u00f1ar\u00eda Inform\u00e1tica\"},\"image\":{\"@id\":\"https:\\\/\\\/esei.uvigo.es\\\/es\\\/#\\\/schema\\\/logo\\\/image\\\/\"}}]}<\/script>\n<!-- \/ Yoast SEO plugin. -->","yoast_head_json":{"title":"Pr\u00e1cticas en el extranjero | Escola Superior de Enxe\u00f1ar\u00eda Inform\u00e1tica","robots":{"index":"index","follow":"follow","max-snippet":"max-snippet:-1","max-image-preview":"max-image-preview:large","max-video-preview":"max-video-preview:-1"},"canonical":"https:\/\/esei.uvigo.es\/es\/mobility\/programas-de-mobilidade\/practicas-no-estranxeiro\/","og_locale":"es_ES","og_type":"article","og_title":"Pr\u00e1cticas en el extranjero | Escola Superior de Enxe\u00f1ar\u00eda Inform\u00e1tica","og_description":"O Programa de Bolsas Internacionais que pon en marcha a Deputaci\u00f3n de Ourense en colaboraci\u00f3n coa Universidade de Vigo &#8211; Campus de Ourense traslada ao &hellip; Contin\u00faa","og_url":"https:\/\/esei.uvigo.es\/es\/mobility\/programas-de-mobilidade\/practicas-no-estranxeiro\/","og_site_name":"Escola Superior de Enxe\u00f1ar\u00eda Inform\u00e1tica","article_modified_time":"2022-02-24T08:54:06+00:00","og_image":[{"url":"http:\/\/www.esei.uvigo.es\/uploads\/pics\/top-becas_01.jpg","type":"","width":"","height":""}],"twitter_card":"summary_large_image","twitter_misc":{"Tiempo de lectura":"1 minuto"},"schema":{"@context":"https:\/\/schema.org","@graph":[{"@type":"WebPage","@id":"https:\/\/esei.uvigo.es\/es\/mobility\/programas-de-mobilidade\/practicas-no-estranxeiro\/","url":"https:\/\/esei.uvigo.es\/es\/mobility\/programas-de-mobilidade\/practicas-no-estranxeiro\/","name":"Pr\u00e1cticas en el extranjero | Escola Superior de Enxe\u00f1ar\u00eda Inform\u00e1tica","isPartOf":{"@id":"https:\/\/esei.uvigo.es\/es\/#website"},"primaryImageOfPage":{"@id":"https:\/\/esei.uvigo.es\/es\/mobility\/programas-de-mobilidade\/practicas-no-estranxeiro\/#primaryimage"},"image":{"@id":"https:\/\/esei.uvigo.es\/es\/mobility\/programas-de-mobilidade\/practicas-no-estranxeiro\/#primaryimage"},"thumbnailUrl":"http:\/\/www.esei.uvigo.es\/uploads\/pics\/top-becas_01.jpg","datePublished":"2019-02-08T17:42:02+00:00","dateModified":"2022-02-24T08:54:06+00:00","breadcrumb":{"@id":"https:\/\/esei.uvigo.es\/es\/mobility\/programas-de-mobilidade\/practicas-no-estranxeiro\/#breadcrumb"},"inLanguage":"es","potentialAction":[{"@type":"ReadAction","target":["https:\/\/esei.uvigo.es\/es\/mobility\/programas-de-mobilidade\/practicas-no-estranxeiro\/"]}]},{"@type":"ImageObject","inLanguage":"es","@id":"https:\/\/esei.uvigo.es\/es\/mobility\/programas-de-mobilidade\/practicas-no-estranxeiro\/#primaryimage","url":"http:\/\/www.esei.uvigo.es\/uploads\/pics\/top-becas_01.jpg","contentUrl":"http:\/\/www.esei.uvigo.es\/uploads\/pics\/top-becas_01.jpg"},{"@type":"BreadcrumbList","@id":"https:\/\/esei.uvigo.es\/es\/mobility\/programas-de-mobilidade\/practicas-no-estranxeiro\/#breadcrumb","itemListElement":[{"@type":"ListItem","position":1,"name":"Portada","item":"https:\/\/esei.uvigo.es\/es\/"},{"@type":"ListItem","position":2,"name":"Mobility","item":"https:\/\/esei.uvigo.es\/es\/mobility\/"},{"@type":"ListItem","position":3,"name":"Movility Programs","item":"https:\/\/esei.uvigo.es\/es\/mobility\/programas-de-mobilidade\/"},{"@type":"ListItem","position":4,"name":"Pr\u00e1cticas en el extranjero"}]},{"@type":"WebSite","@id":"https:\/\/esei.uvigo.es\/es\/#website","url":"https:\/\/esei.uvigo.es\/es\/","name":"Escola Superior de Enxe\u00f1ar\u00eda Inform\u00e1tica","description":"","publisher":{"@id":"https:\/\/esei.uvigo.es\/es\/#organization"},"potentialAction":[{"@type":"SearchAction","target":{"@type":"EntryPoint","urlTemplate":"https:\/\/esei.uvigo.es\/es\/?s={search_term_string}"},"query-input":{"@type":"PropertyValueSpecification","valueRequired":true,"valueName":"search_term_string"}}],"inLanguage":"es"},{"@type":"Organization","@id":"https:\/\/esei.uvigo.es\/es\/#organization","name":"Escola Superior de Enxe\u00f1ar\u00eda Inform\u00e1tica","url":"https:\/\/esei.uvigo.es\/es\/","logo":{"@type":"ImageObject","inLanguage":"es","@id":"https:\/\/esei.uvigo.es\/es\/#\/schema\/logo\/image\/","url":"https:\/\/esei.uvigo.es\/wp-content\/uploads\/2019\/09\/esei.png","contentUrl":"https:\/\/esei.uvigo.es\/wp-content\/uploads\/2019\/09\/esei.png","width":579,"height":98,"caption":"Escola Superior de Enxe\u00f1ar\u00eda Inform\u00e1tica"},"image":{"@id":"https:\/\/esei.uvigo.es\/es\/#\/schema\/logo\/image\/"}}]}},"_links":{"self":[{"href":"https:\/\/esei.uvigo.es\/es\/wp-json\/wp\/v2\/pages\/22822","targetHints":{"allow":["GET"]}}],"collection":[{"href":"https:\/\/esei.uvigo.es\/es\/wp-json\/wp\/v2\/pages"}],"about":[{"href":"https:\/\/esei.uvigo.es\/es\/wp-json\/wp\/v2\/types\/page"}],"author":[{"embeddable":true,"href":"https:\/\/esei.uvigo.es\/es\/wp-json\/wp\/v2\/users\/1"}],"replies":[{"embeddable":true,"href":"https:\/\/esei.uvigo.es\/es\/wp-json\/wp\/v2\/comments?post=22822"}],"version-history":[{"count":1,"href":"https:\/\/esei.uvigo.es\/es\/wp-json\/wp\/v2\/pages\/22822\/revisions"}],"predecessor-version":[{"id":23037,"href":"https:\/\/esei.uvigo.es\/es\/wp-json\/wp\/v2\/pages\/22822\/revisions\/23037"}],"up":[{"embeddable":true,"href":"https:\/\/esei.uvigo.es\/es\/wp-json\/wp\/v2\/pages\/22818"}],"wp:attachment":[{"href":"https:\/\/esei.uvigo.es\/es\/wp-json\/wp\/v2\/media?parent=22822"}],"curies":[{"name":"wp","href":"https:\/\/api.w.org\/{rel}","templated":true}]}}