{"id":22821,"date":"2019-02-08T18:38:53","date_gmt":"2019-02-08T17:38:53","guid":{"rendered":"https:\/\/esei.uvigo.es\/docencia\/programas-de-mobilidade\/isep\/"},"modified":"2019-02-08T18:38:53","modified_gmt":"2019-02-08T17:38:53","slug":"isep","status":"publish","type":"page","link":"https:\/\/esei.uvigo.es\/es\/mobility\/programas-de-mobilidade\/isep\/","title":{"rendered":"ISEP"},"content":{"rendered":"<p>ISEP \u00e9 unha rede de m\u00e1is de 200 universidades de todo o mundo, que ten por obxectivo facilitar a mobilidade f\u00edsica de estudantes dos \u00faltimos anos e de posgrao. Grazas a este programa, en que participan s\u00f3 sete universidades espa\u00f1olas, o custo do desenvolvemento dun cuadrimestre ou dun ano acad\u00e9mico completo nos EEUU queda reducido a preto dunha d\u00e9cima parte.<\/p>\n<p>A trav\u00e9s do ISEP, o alumnado da Universidade de Vigo pode realizar nunha universidade americana un curso completo (agosto-maio) ou un semestre (agosto-decembro ou xaneiro-maio), e elixir entre m\u00e1is de 140 universidades estadounidenses e unha ampla gama de programas de estudos. A Universidade de Vigo asignou unha cota de 15 prazas anuais ou 30 dun semestre.<\/p>\n<p>O estudantado indicar\u00e1 na s\u00faa solicitude ata un m\u00e1ximo de 10 universidades estadounidenses en que desexe cursar estudos, as\u00ed como os cursos ou programas de estudos en que solicite matricularse.<\/p>\n<p>Os candidatos\/as admitidos ter\u00e1n aloxamento e mantemento gratu\u00edtos, segundo o sistema de reciprocidade institucional, durante a s\u00faa estancia na universidade estadounidense e non abonar\u00e1n taxas de matr\u00edcula na universidade receptora. Na solicitude, os candidatos\/as indicar\u00e1n se optan pola modalidade de pago ou de familia. A Universidade de Vigo recibir\u00e1 igualmente un grupo de estudantes norteamericanos que cursar\u00e1n parte dos seus estudos nos seus centros.<\/p>\n<p>A Universidade de Vigo e ISEP enc\u00e1rganse tam\u00e9n da maior parte dos tr\u00e1mites burocr\u00e1ticos (inclu\u00edndo o visado J-1) facilitando a entrada do alumnado da Universidade de Vigo nas instituci\u00f3ns estadounidenses.<\/p>\n<p class=\"bodytext\"><a class=\"external-link-new-window\" href=\"https:\/\/www.uvigo.gal\/estudar\/mobilidade\/estudantes-saintes\" target=\"_blank\" rel=\"noopener noreferrer\">M\u00e1is informaci\u00f3n<\/a><\/p>\n","protected":false},"excerpt":{"rendered":"<p>International Student Exchange Programme<\/p>\n","protected":false},"author":1,"featured_media":0,"parent":22818,"menu_order":11,"comment_status":"closed","ping_status":"closed","template":"","meta":{"_acf_changed":false,"footnotes":""},"class_list":["post-22821","page","type-page","status-publish","hentry"],"acf":[],"yoast_head":"<!-- This site is optimized with the Yoast SEO plugin v27.6 - https:\/\/yoast.com\/product\/yoast-seo-wordpress\/ -->\n<title>ISEP | Escola Superior de Enxe\u00f1ar\u00eda Inform\u00e1tica<\/title>\n<meta name=\"robots\" content=\"index, follow, max-snippet:-1, max-image-preview:large, max-video-preview:-1\" \/>\n<link rel=\"canonical\" href=\"https:\/\/esei.uvigo.es\/es\/mobility\/programas-de-mobilidade\/isep\/\" \/>\n<meta property=\"og:locale\" content=\"es_ES\" \/>\n<meta property=\"og:type\" content=\"article\" \/>\n<meta property=\"og:title\" content=\"ISEP | Escola Superior de Enxe\u00f1ar\u00eda Inform\u00e1tica\" \/>\n<meta property=\"og:description\" content=\"International Student Exchange Programme\" \/>\n<meta property=\"og:url\" content=\"https:\/\/esei.uvigo.es\/es\/mobility\/programas-de-mobilidade\/isep\/\" \/>\n<meta property=\"og:site_name\" content=\"Escola Superior de Enxe\u00f1ar\u00eda Inform\u00e1tica\" \/>\n<meta name=\"twitter:card\" content=\"summary_large_image\" \/>\n<meta name=\"twitter:label1\" content=\"Tiempo de lectura\" \/>\n\t<meta name=\"twitter:data1\" content=\"1 minuto\" \/>\n<script type=\"application\/ld+json\" class=\"yoast-schema-graph\">{\"@context\":\"https:\\\/\\\/schema.org\",\"@graph\":[{\"@type\":\"WebPage\",\"@id\":\"https:\\\/\\\/esei.uvigo.es\\\/es\\\/mobility\\\/programas-de-mobilidade\\\/isep\\\/\",\"url\":\"https:\\\/\\\/esei.uvigo.es\\\/es\\\/mobility\\\/programas-de-mobilidade\\\/isep\\\/\",\"name\":\"ISEP | Escola Superior de Enxe\u00f1ar\u00eda Inform\u00e1tica\",\"isPartOf\":{\"@id\":\"https:\\\/\\\/esei.uvigo.es\\\/es\\\/#website\"},\"datePublished\":\"2019-02-08T17:38:53+00:00\",\"breadcrumb\":{\"@id\":\"https:\\\/\\\/esei.uvigo.es\\\/es\\\/mobility\\\/programas-de-mobilidade\\\/isep\\\/#breadcrumb\"},\"inLanguage\":\"es\",\"potentialAction\":[{\"@type\":\"ReadAction\",\"target\":[\"https:\\\/\\\/esei.uvigo.es\\\/es\\\/mobility\\\/programas-de-mobilidade\\\/isep\\\/\"]}]},{\"@type\":\"BreadcrumbList\",\"@id\":\"https:\\\/\\\/esei.uvigo.es\\\/es\\\/mobility\\\/programas-de-mobilidade\\\/isep\\\/#breadcrumb\",\"itemListElement\":[{\"@type\":\"ListItem\",\"position\":1,\"name\":\"Portada\",\"item\":\"https:\\\/\\\/esei.uvigo.es\\\/es\\\/\"},{\"@type\":\"ListItem\",\"position\":2,\"name\":\"Mobility\",\"item\":\"https:\\\/\\\/esei.uvigo.es\\\/es\\\/mobility\\\/\"},{\"@type\":\"ListItem\",\"position\":3,\"name\":\"Movility Programs\",\"item\":\"https:\\\/\\\/esei.uvigo.es\\\/es\\\/mobility\\\/programas-de-mobilidade\\\/\"},{\"@type\":\"ListItem\",\"position\":4,\"name\":\"ISEP\"}]},{\"@type\":\"WebSite\",\"@id\":\"https:\\\/\\\/esei.uvigo.es\\\/es\\\/#website\",\"url\":\"https:\\\/\\\/esei.uvigo.es\\\/es\\\/\",\"name\":\"Escola Superior de Enxe\u00f1ar\u00eda Inform\u00e1tica\",\"description\":\"\",\"publisher\":{\"@id\":\"https:\\\/\\\/esei.uvigo.es\\\/es\\\/#organization\"},\"potentialAction\":[{\"@type\":\"SearchAction\",\"target\":{\"@type\":\"EntryPoint\",\"urlTemplate\":\"https:\\\/\\\/esei.uvigo.es\\\/es\\\/?s={search_term_string}\"},\"query-input\":{\"@type\":\"PropertyValueSpecification\",\"valueRequired\":true,\"valueName\":\"search_term_string\"}}],\"inLanguage\":\"es\"},{\"@type\":\"Organization\",\"@id\":\"https:\\\/\\\/esei.uvigo.es\\\/es\\\/#organization\",\"name\":\"Escola Superior de Enxe\u00f1ar\u00eda Inform\u00e1tica\",\"url\":\"https:\\\/\\\/esei.uvigo.es\\\/es\\\/\",\"logo\":{\"@type\":\"ImageObject\",\"inLanguage\":\"es\",\"@id\":\"https:\\\/\\\/esei.uvigo.es\\\/es\\\/#\\\/schema\\\/logo\\\/image\\\/\",\"url\":\"https:\\\/\\\/esei.uvigo.es\\\/wp-content\\\/uploads\\\/2019\\\/09\\\/esei.png\",\"contentUrl\":\"https:\\\/\\\/esei.uvigo.es\\\/wp-content\\\/uploads\\\/2019\\\/09\\\/esei.png\",\"width\":579,\"height\":98,\"caption\":\"Escola Superior de Enxe\u00f1ar\u00eda Inform\u00e1tica\"},\"image\":{\"@id\":\"https:\\\/\\\/esei.uvigo.es\\\/es\\\/#\\\/schema\\\/logo\\\/image\\\/\"}}]}<\/script>\n<!-- \/ Yoast SEO plugin. -->","yoast_head_json":{"title":"ISEP | Escola Superior de Enxe\u00f1ar\u00eda Inform\u00e1tica","robots":{"index":"index","follow":"follow","max-snippet":"max-snippet:-1","max-image-preview":"max-image-preview:large","max-video-preview":"max-video-preview:-1"},"canonical":"https:\/\/esei.uvigo.es\/es\/mobility\/programas-de-mobilidade\/isep\/","og_locale":"es_ES","og_type":"article","og_title":"ISEP | Escola Superior de Enxe\u00f1ar\u00eda Inform\u00e1tica","og_description":"International Student Exchange Programme","og_url":"https:\/\/esei.uvigo.es\/es\/mobility\/programas-de-mobilidade\/isep\/","og_site_name":"Escola Superior de Enxe\u00f1ar\u00eda Inform\u00e1tica","twitter_card":"summary_large_image","twitter_misc":{"Tiempo de lectura":"1 minuto"},"schema":{"@context":"https:\/\/schema.org","@graph":[{"@type":"WebPage","@id":"https:\/\/esei.uvigo.es\/es\/mobility\/programas-de-mobilidade\/isep\/","url":"https:\/\/esei.uvigo.es\/es\/mobility\/programas-de-mobilidade\/isep\/","name":"ISEP | Escola Superior de Enxe\u00f1ar\u00eda Inform\u00e1tica","isPartOf":{"@id":"https:\/\/esei.uvigo.es\/es\/#website"},"datePublished":"2019-02-08T17:38:53+00:00","breadcrumb":{"@id":"https:\/\/esei.uvigo.es\/es\/mobility\/programas-de-mobilidade\/isep\/#breadcrumb"},"inLanguage":"es","potentialAction":[{"@type":"ReadAction","target":["https:\/\/esei.uvigo.es\/es\/mobility\/programas-de-mobilidade\/isep\/"]}]},{"@type":"BreadcrumbList","@id":"https:\/\/esei.uvigo.es\/es\/mobility\/programas-de-mobilidade\/isep\/#breadcrumb","itemListElement":[{"@type":"ListItem","position":1,"name":"Portada","item":"https:\/\/esei.uvigo.es\/es\/"},{"@type":"ListItem","position":2,"name":"Mobility","item":"https:\/\/esei.uvigo.es\/es\/mobility\/"},{"@type":"ListItem","position":3,"name":"Movility Programs","item":"https:\/\/esei.uvigo.es\/es\/mobility\/programas-de-mobilidade\/"},{"@type":"ListItem","position":4,"name":"ISEP"}]},{"@type":"WebSite","@id":"https:\/\/esei.uvigo.es\/es\/#website","url":"https:\/\/esei.uvigo.es\/es\/","name":"Escola Superior de Enxe\u00f1ar\u00eda Inform\u00e1tica","description":"","publisher":{"@id":"https:\/\/esei.uvigo.es\/es\/#organization"},"potentialAction":[{"@type":"SearchAction","target":{"@type":"EntryPoint","urlTemplate":"https:\/\/esei.uvigo.es\/es\/?s={search_term_string}"},"query-input":{"@type":"PropertyValueSpecification","valueRequired":true,"valueName":"search_term_string"}}],"inLanguage":"es"},{"@type":"Organization","@id":"https:\/\/esei.uvigo.es\/es\/#organization","name":"Escola Superior de Enxe\u00f1ar\u00eda Inform\u00e1tica","url":"https:\/\/esei.uvigo.es\/es\/","logo":{"@type":"ImageObject","inLanguage":"es","@id":"https:\/\/esei.uvigo.es\/es\/#\/schema\/logo\/image\/","url":"https:\/\/esei.uvigo.es\/wp-content\/uploads\/2019\/09\/esei.png","contentUrl":"https:\/\/esei.uvigo.es\/wp-content\/uploads\/2019\/09\/esei.png","width":579,"height":98,"caption":"Escola Superior de Enxe\u00f1ar\u00eda Inform\u00e1tica"},"image":{"@id":"https:\/\/esei.uvigo.es\/es\/#\/schema\/logo\/image\/"}}]}},"_links":{"self":[{"href":"https:\/\/esei.uvigo.es\/es\/wp-json\/wp\/v2\/pages\/22821","targetHints":{"allow":["GET"]}}],"collection":[{"href":"https:\/\/esei.uvigo.es\/es\/wp-json\/wp\/v2\/pages"}],"about":[{"href":"https:\/\/esei.uvigo.es\/es\/wp-json\/wp\/v2\/types\/page"}],"author":[{"embeddable":true,"href":"https:\/\/esei.uvigo.es\/es\/wp-json\/wp\/v2\/users\/1"}],"replies":[{"embeddable":true,"href":"https:\/\/esei.uvigo.es\/es\/wp-json\/wp\/v2\/comments?post=22821"}],"version-history":[{"count":0,"href":"https:\/\/esei.uvigo.es\/es\/wp-json\/wp\/v2\/pages\/22821\/revisions"}],"up":[{"embeddable":true,"href":"https:\/\/esei.uvigo.es\/es\/wp-json\/wp\/v2\/pages\/22818"}],"wp:attachment":[{"href":"https:\/\/esei.uvigo.es\/es\/wp-json\/wp\/v2\/media?parent=22821"}],"curies":[{"name":"wp","href":"https:\/\/api.w.org\/{rel}","templated":true}]}}