{"id":22819,"date":"2019-02-08T18:35:02","date_gmt":"2019-02-08T17:35:02","guid":{"rendered":"https:\/\/esei.uvigo.es\/docencia\/programas-de-mobilidade\/sicue\/"},"modified":"2019-02-08T18:35:02","modified_gmt":"2019-02-08T17:35:02","slug":"sicue","status":"publish","type":"page","link":"https:\/\/esei.uvigo.es\/es\/mobility\/programas-de-mobilidade\/sicue\/","title":{"rendered":"SICUE"},"content":{"rendered":"<p><b>SICUE<\/b>\u00a0\u00e9 un programa de mobilidade espa\u00f1ol de estudantes universitarios que posibilita realizar un per\u00edodo de estudos noutra universidade espa\u00f1ola, con iguais garant\u00edas de reco\u00f1ecemento acad\u00e9mico e aproveitamento dos estudos realizados na s\u00faa universidade de orixe.<\/p>\n<p>O intercambio bas\u00e9ase na confianza, a transparencia informativa, a reciprocidade e a flexibilidade entre as universidades que participan no Programa. Conv\u00f3cao o Ministerio de Educaci\u00f3n, a trav\u00e9s da Conferencia de Reitores das Universidades Espa\u00f1olas (CRUE).<\/p>\n<p><a class=\"external-link-new-window\" href=\"https:\/\/www.uvigo.gal\/estudar\/mobilidade\" target=\"_blank\" rel=\"noopener noreferrer\">M\u00e1is informaci\u00f3n na web da ORI<\/a><\/p>\n","protected":false},"excerpt":{"rendered":"<p>Sistema de Intercambio entre Centros Universitarios Espa\u00f1ois<\/p>\n","protected":false},"author":1,"featured_media":0,"parent":22818,"menu_order":2,"comment_status":"closed","ping_status":"closed","template":"","meta":{"_acf_changed":false,"footnotes":""},"class_list":["post-22819","page","type-page","status-publish","hentry"],"acf":[],"yoast_head":"<!-- This site is optimized with the Yoast SEO plugin v27.6 - https:\/\/yoast.com\/product\/yoast-seo-wordpress\/ -->\n<title>SICUE | Escola Superior de Enxe\u00f1ar\u00eda Inform\u00e1tica<\/title>\n<meta name=\"robots\" content=\"index, follow, max-snippet:-1, max-image-preview:large, max-video-preview:-1\" \/>\n<link rel=\"canonical\" href=\"https:\/\/esei.uvigo.es\/es\/mobility\/programas-de-mobilidade\/sicue\/\" \/>\n<meta property=\"og:locale\" content=\"es_ES\" \/>\n<meta property=\"og:type\" content=\"article\" \/>\n<meta property=\"og:title\" content=\"SICUE | Escola Superior de Enxe\u00f1ar\u00eda Inform\u00e1tica\" \/>\n<meta property=\"og:description\" content=\"Sistema de Intercambio entre Centros Universitarios Espa\u00f1ois\" \/>\n<meta property=\"og:url\" content=\"https:\/\/esei.uvigo.es\/es\/mobility\/programas-de-mobilidade\/sicue\/\" \/>\n<meta property=\"og:site_name\" content=\"Escola Superior de Enxe\u00f1ar\u00eda Inform\u00e1tica\" \/>\n<meta name=\"twitter:card\" content=\"summary_large_image\" \/>\n<script type=\"application\/ld+json\" class=\"yoast-schema-graph\">{\"@context\":\"https:\\\/\\\/schema.org\",\"@graph\":[{\"@type\":\"WebPage\",\"@id\":\"https:\\\/\\\/esei.uvigo.es\\\/es\\\/mobility\\\/programas-de-mobilidade\\\/sicue\\\/\",\"url\":\"https:\\\/\\\/esei.uvigo.es\\\/es\\\/mobility\\\/programas-de-mobilidade\\\/sicue\\\/\",\"name\":\"SICUE | Escola Superior de Enxe\u00f1ar\u00eda Inform\u00e1tica\",\"isPartOf\":{\"@id\":\"https:\\\/\\\/esei.uvigo.es\\\/es\\\/#website\"},\"datePublished\":\"2019-02-08T17:35:02+00:00\",\"breadcrumb\":{\"@id\":\"https:\\\/\\\/esei.uvigo.es\\\/es\\\/mobility\\\/programas-de-mobilidade\\\/sicue\\\/#breadcrumb\"},\"inLanguage\":\"es\",\"potentialAction\":[{\"@type\":\"ReadAction\",\"target\":[\"https:\\\/\\\/esei.uvigo.es\\\/es\\\/mobility\\\/programas-de-mobilidade\\\/sicue\\\/\"]}]},{\"@type\":\"BreadcrumbList\",\"@id\":\"https:\\\/\\\/esei.uvigo.es\\\/es\\\/mobility\\\/programas-de-mobilidade\\\/sicue\\\/#breadcrumb\",\"itemListElement\":[{\"@type\":\"ListItem\",\"position\":1,\"name\":\"Portada\",\"item\":\"https:\\\/\\\/esei.uvigo.es\\\/es\\\/\"},{\"@type\":\"ListItem\",\"position\":2,\"name\":\"Mobility\",\"item\":\"https:\\\/\\\/esei.uvigo.es\\\/es\\\/mobility\\\/\"},{\"@type\":\"ListItem\",\"position\":3,\"name\":\"Movility Programs\",\"item\":\"https:\\\/\\\/esei.uvigo.es\\\/es\\\/mobility\\\/programas-de-mobilidade\\\/\"},{\"@type\":\"ListItem\",\"position\":4,\"name\":\"SICUE\"}]},{\"@type\":\"WebSite\",\"@id\":\"https:\\\/\\\/esei.uvigo.es\\\/es\\\/#website\",\"url\":\"https:\\\/\\\/esei.uvigo.es\\\/es\\\/\",\"name\":\"Escola Superior de Enxe\u00f1ar\u00eda Inform\u00e1tica\",\"description\":\"\",\"publisher\":{\"@id\":\"https:\\\/\\\/esei.uvigo.es\\\/es\\\/#organization\"},\"potentialAction\":[{\"@type\":\"SearchAction\",\"target\":{\"@type\":\"EntryPoint\",\"urlTemplate\":\"https:\\\/\\\/esei.uvigo.es\\\/es\\\/?s={search_term_string}\"},\"query-input\":{\"@type\":\"PropertyValueSpecification\",\"valueRequired\":true,\"valueName\":\"search_term_string\"}}],\"inLanguage\":\"es\"},{\"@type\":\"Organization\",\"@id\":\"https:\\\/\\\/esei.uvigo.es\\\/es\\\/#organization\",\"name\":\"Escola Superior de Enxe\u00f1ar\u00eda Inform\u00e1tica\",\"url\":\"https:\\\/\\\/esei.uvigo.es\\\/es\\\/\",\"logo\":{\"@type\":\"ImageObject\",\"inLanguage\":\"es\",\"@id\":\"https:\\\/\\\/esei.uvigo.es\\\/es\\\/#\\\/schema\\\/logo\\\/image\\\/\",\"url\":\"https:\\\/\\\/esei.uvigo.es\\\/wp-content\\\/uploads\\\/2019\\\/09\\\/esei.png\",\"contentUrl\":\"https:\\\/\\\/esei.uvigo.es\\\/wp-content\\\/uploads\\\/2019\\\/09\\\/esei.png\",\"width\":579,\"height\":98,\"caption\":\"Escola Superior de Enxe\u00f1ar\u00eda Inform\u00e1tica\"},\"image\":{\"@id\":\"https:\\\/\\\/esei.uvigo.es\\\/es\\\/#\\\/schema\\\/logo\\\/image\\\/\"}}]}<\/script>\n<!-- \/ Yoast SEO plugin. -->","yoast_head_json":{"title":"SICUE | Escola Superior de Enxe\u00f1ar\u00eda Inform\u00e1tica","robots":{"index":"index","follow":"follow","max-snippet":"max-snippet:-1","max-image-preview":"max-image-preview:large","max-video-preview":"max-video-preview:-1"},"canonical":"https:\/\/esei.uvigo.es\/es\/mobility\/programas-de-mobilidade\/sicue\/","og_locale":"es_ES","og_type":"article","og_title":"SICUE | Escola Superior de Enxe\u00f1ar\u00eda Inform\u00e1tica","og_description":"Sistema de Intercambio entre Centros Universitarios Espa\u00f1ois","og_url":"https:\/\/esei.uvigo.es\/es\/mobility\/programas-de-mobilidade\/sicue\/","og_site_name":"Escola Superior de Enxe\u00f1ar\u00eda Inform\u00e1tica","twitter_card":"summary_large_image","schema":{"@context":"https:\/\/schema.org","@graph":[{"@type":"WebPage","@id":"https:\/\/esei.uvigo.es\/es\/mobility\/programas-de-mobilidade\/sicue\/","url":"https:\/\/esei.uvigo.es\/es\/mobility\/programas-de-mobilidade\/sicue\/","name":"SICUE | Escola Superior de Enxe\u00f1ar\u00eda Inform\u00e1tica","isPartOf":{"@id":"https:\/\/esei.uvigo.es\/es\/#website"},"datePublished":"2019-02-08T17:35:02+00:00","breadcrumb":{"@id":"https:\/\/esei.uvigo.es\/es\/mobility\/programas-de-mobilidade\/sicue\/#breadcrumb"},"inLanguage":"es","potentialAction":[{"@type":"ReadAction","target":["https:\/\/esei.uvigo.es\/es\/mobility\/programas-de-mobilidade\/sicue\/"]}]},{"@type":"BreadcrumbList","@id":"https:\/\/esei.uvigo.es\/es\/mobility\/programas-de-mobilidade\/sicue\/#breadcrumb","itemListElement":[{"@type":"ListItem","position":1,"name":"Portada","item":"https:\/\/esei.uvigo.es\/es\/"},{"@type":"ListItem","position":2,"name":"Mobility","item":"https:\/\/esei.uvigo.es\/es\/mobility\/"},{"@type":"ListItem","position":3,"name":"Movility Programs","item":"https:\/\/esei.uvigo.es\/es\/mobility\/programas-de-mobilidade\/"},{"@type":"ListItem","position":4,"name":"SICUE"}]},{"@type":"WebSite","@id":"https:\/\/esei.uvigo.es\/es\/#website","url":"https:\/\/esei.uvigo.es\/es\/","name":"Escola Superior de Enxe\u00f1ar\u00eda Inform\u00e1tica","description":"","publisher":{"@id":"https:\/\/esei.uvigo.es\/es\/#organization"},"potentialAction":[{"@type":"SearchAction","target":{"@type":"EntryPoint","urlTemplate":"https:\/\/esei.uvigo.es\/es\/?s={search_term_string}"},"query-input":{"@type":"PropertyValueSpecification","valueRequired":true,"valueName":"search_term_string"}}],"inLanguage":"es"},{"@type":"Organization","@id":"https:\/\/esei.uvigo.es\/es\/#organization","name":"Escola Superior de Enxe\u00f1ar\u00eda Inform\u00e1tica","url":"https:\/\/esei.uvigo.es\/es\/","logo":{"@type":"ImageObject","inLanguage":"es","@id":"https:\/\/esei.uvigo.es\/es\/#\/schema\/logo\/image\/","url":"https:\/\/esei.uvigo.es\/wp-content\/uploads\/2019\/09\/esei.png","contentUrl":"https:\/\/esei.uvigo.es\/wp-content\/uploads\/2019\/09\/esei.png","width":579,"height":98,"caption":"Escola Superior de Enxe\u00f1ar\u00eda Inform\u00e1tica"},"image":{"@id":"https:\/\/esei.uvigo.es\/es\/#\/schema\/logo\/image\/"}}]}},"_links":{"self":[{"href":"https:\/\/esei.uvigo.es\/es\/wp-json\/wp\/v2\/pages\/22819","targetHints":{"allow":["GET"]}}],"collection":[{"href":"https:\/\/esei.uvigo.es\/es\/wp-json\/wp\/v2\/pages"}],"about":[{"href":"https:\/\/esei.uvigo.es\/es\/wp-json\/wp\/v2\/types\/page"}],"author":[{"embeddable":true,"href":"https:\/\/esei.uvigo.es\/es\/wp-json\/wp\/v2\/users\/1"}],"replies":[{"embeddable":true,"href":"https:\/\/esei.uvigo.es\/es\/wp-json\/wp\/v2\/comments?post=22819"}],"version-history":[{"count":0,"href":"https:\/\/esei.uvigo.es\/es\/wp-json\/wp\/v2\/pages\/22819\/revisions"}],"up":[{"embeddable":true,"href":"https:\/\/esei.uvigo.es\/es\/wp-json\/wp\/v2\/pages\/22818"}],"wp:attachment":[{"href":"https:\/\/esei.uvigo.es\/es\/wp-json\/wp\/v2\/media?parent=22819"}],"curies":[{"name":"wp","href":"https:\/\/api.w.org\/{rel}","templated":true}]}}