{"id":22818,"date":"2019-02-06T12:38:13","date_gmt":"2019-02-06T11:38:13","guid":{"rendered":"https:\/\/esei.uvigo.es\/docencia\/programas-de-mobilidade\/"},"modified":"2025-11-25T20:43:02","modified_gmt":"2025-11-25T19:43:02","slug":"programas-de-mobilidade","status":"publish","type":"page","link":"https:\/\/esei.uvigo.es\/es\/mobility\/programas-de-mobilidade\/","title":{"rendered":"Movility Programs"},"content":{"rendered":"<p>Como estudiante de la Universidad de Vigo puedes cursar parte de tus estudios en otras universidades nacionales o extranjeras a trav\u00e9s de diferentes programas (como SICUE, Erasmus, ISEP, &#8230;); as\u00ed como beneficiarte de las <a href=\"https:\/\/www.uvigo.gal\/estudar\/mobilidade\/estudantes-saintes\" target=\"_blank\" rel=\"noopener noreferrer\">bolsas propias<\/a> de esta Universidad.<\/p>\n<p>Tambi\u00e9n tienes a tu disposici\u00f3n un t\u00e1ndem de conversaci\u00f3n con la finalidad de fomentar el aprendizaje de idiomas y las relaciones interpersonales entre los participantes.<\/p>\n<p>Los estudiantes de la ESEI pueden ir, en el marco de estos programas, adem\u00e1s da a otras universidades espa\u00f1olas, a escuelas y facultades de pa\u00edses como Francia, Italia, Alemania, Turqu\u00eda, Islandia, Portugal, Finlandia, Polonia, &#8230;<\/p>\n<p>Consulta en este apartado el programa de intercambio o de <a href=\"https:\/\/www.uvigo.gal\/estudar\/mobilidade\/estudantes-saintes\" target=\"_blank\" rel=\"noopener noreferrer\">pr\u00e1cticas profesionales en el extranjero<\/a> que mas te interese, y no lo dudes:<\/p>\n<p style=\"text-align: center;\"><strong><em>un programa de movilidad es la mejor experiencia personal y formativa que puede tener un estudiante universitario.<\/em><\/strong><\/p>\n<p>Puedes consultar m\u00e1s detalles sobre la regulaci\u00f3n de las estancias, elaborada por la ESEI, a trav\u00e9s del siguiente enlace a la <a href=\"https:\/\/esei.uvigo.es\/documentos\/normativa-mobilidade\/\" target=\"_blank\" rel=\"noopener\">Normativa de Movilidad<\/a>.<\/p>\n<p>La <a href=\"https:\/\/www.uvigo.gal\/estudar\/mobilidade\" target=\"_blank\" rel=\"noopener noreferrer\">Oficina de Relaciones Internacionales (ORI)<\/a> de la Universidad es la encargada de coordinar, centralizar y gestionar las actividades internacionales que se desarrollan en la instituci\u00f3n, relacionadas con programas de intercambio de formaci\u00f3n de estudiantes.<\/p>\n<p>Consulta en <a href=\"https:\/\/esei.uvigo.es\/documentos\/roadmap-erasmus-ori-castelan\/\" target=\"_blank\" rel=\"noopener\">esta infograf\u00eda<\/a> creada por la ORI toda la informaci\u00f3n y el proceso a seguir tanto antes como durante tu estancia ERASMUS+.<\/p>\n<p>La responsable de programas de movilidad en la ESEI es la Profesora <a href=\"https:\/\/esei.uvigo.es\/centro\/profesorado\/gomez-rodriguez-alma-maria\/\" rel=\"noopener noreferrer\"><strong>Alma G\u00f3mez Rodr\u00edguez<\/strong><\/a>, con la que puedes contactar en su despacho, en el (34) 988 387 008, o a trav\u00e9s del email <strong><em><a href=\"mailto:esei.move@uvigo.es\" target=\"_blank\" rel=\"noopener\">esei.move@uvigo.es<\/a><\/em><\/strong>.<\/p>\n","protected":false},"excerpt":{"rendered":"<p>Como estudiante de la Universidad de Vigo puedes cursar parte de tus estudios en otras universidades nacionales o extranjeras a trav\u00e9s de diferentes programas (como &hellip; <a class=\"excerpt_more\" href=\"https:\/\/esei.uvigo.es\/es\/mobility\/programas-de-mobilidade\/\">Contin\u00faa<\/a><\/p>\n","protected":false},"author":1,"featured_media":0,"parent":29582,"menu_order":36,"comment_status":"closed","ping_status":"closed","template":"","meta":{"_acf_changed":false,"footnotes":""},"class_list":["post-22818","page","type-page","status-publish","hentry"],"acf":[],"yoast_head":"<!-- This site is optimized with the Yoast SEO plugin v27.6 - https:\/\/yoast.com\/product\/yoast-seo-wordpress\/ -->\n<title>Movility Programs | Escola Superior de Enxe\u00f1ar\u00eda Inform\u00e1tica<\/title>\n<meta name=\"robots\" content=\"index, follow, max-snippet:-1, max-image-preview:large, max-video-preview:-1\" \/>\n<link rel=\"canonical\" href=\"https:\/\/esei.uvigo.es\/es\/mobility\/programas-de-mobilidade\/\" \/>\n<meta property=\"og:locale\" content=\"es_ES\" \/>\n<meta property=\"og:type\" content=\"article\" \/>\n<meta property=\"og:title\" content=\"Movility Programs | Escola Superior de Enxe\u00f1ar\u00eda Inform\u00e1tica\" \/>\n<meta property=\"og:description\" content=\"Como estudiante de la Universidad de Vigo puedes cursar parte de tus estudios en otras universidades nacionales o extranjeras a trav\u00e9s de diferentes programas (como &hellip; Contin\u00faa\" \/>\n<meta property=\"og:url\" content=\"https:\/\/esei.uvigo.es\/es\/mobility\/programas-de-mobilidade\/\" \/>\n<meta property=\"og:site_name\" content=\"Escola Superior de Enxe\u00f1ar\u00eda Inform\u00e1tica\" \/>\n<meta property=\"article:modified_time\" content=\"2025-11-25T19:43:02+00:00\" \/>\n<meta name=\"twitter:card\" content=\"summary_large_image\" \/>\n<meta name=\"twitter:label1\" content=\"Tiempo de lectura\" \/>\n\t<meta name=\"twitter:data1\" content=\"2 minutos\" \/>\n<script type=\"application\/ld+json\" class=\"yoast-schema-graph\">{\"@context\":\"https:\\\/\\\/schema.org\",\"@graph\":[{\"@type\":\"WebPage\",\"@id\":\"https:\\\/\\\/esei.uvigo.es\\\/es\\\/mobility\\\/programas-de-mobilidade\\\/\",\"url\":\"https:\\\/\\\/esei.uvigo.es\\\/es\\\/mobility\\\/programas-de-mobilidade\\\/\",\"name\":\"Movility Programs | Escola Superior de Enxe\u00f1ar\u00eda Inform\u00e1tica\",\"isPartOf\":{\"@id\":\"https:\\\/\\\/esei.uvigo.es\\\/es\\\/#website\"},\"datePublished\":\"2019-02-06T11:38:13+00:00\",\"dateModified\":\"2025-11-25T19:43:02+00:00\",\"breadcrumb\":{\"@id\":\"https:\\\/\\\/esei.uvigo.es\\\/es\\\/mobility\\\/programas-de-mobilidade\\\/#breadcrumb\"},\"inLanguage\":\"es\",\"potentialAction\":[{\"@type\":\"ReadAction\",\"target\":[\"https:\\\/\\\/esei.uvigo.es\\\/es\\\/mobility\\\/programas-de-mobilidade\\\/\"]}]},{\"@type\":\"BreadcrumbList\",\"@id\":\"https:\\\/\\\/esei.uvigo.es\\\/es\\\/mobility\\\/programas-de-mobilidade\\\/#breadcrumb\",\"itemListElement\":[{\"@type\":\"ListItem\",\"position\":1,\"name\":\"Portada\",\"item\":\"https:\\\/\\\/esei.uvigo.es\\\/es\\\/\"},{\"@type\":\"ListItem\",\"position\":2,\"name\":\"Mobility\",\"item\":\"https:\\\/\\\/esei.uvigo.es\\\/es\\\/mobility\\\/\"},{\"@type\":\"ListItem\",\"position\":3,\"name\":\"Movility Programs\"}]},{\"@type\":\"WebSite\",\"@id\":\"https:\\\/\\\/esei.uvigo.es\\\/es\\\/#website\",\"url\":\"https:\\\/\\\/esei.uvigo.es\\\/es\\\/\",\"name\":\"Escola Superior de Enxe\u00f1ar\u00eda Inform\u00e1tica\",\"description\":\"\",\"publisher\":{\"@id\":\"https:\\\/\\\/esei.uvigo.es\\\/es\\\/#organization\"},\"potentialAction\":[{\"@type\":\"SearchAction\",\"target\":{\"@type\":\"EntryPoint\",\"urlTemplate\":\"https:\\\/\\\/esei.uvigo.es\\\/es\\\/?s={search_term_string}\"},\"query-input\":{\"@type\":\"PropertyValueSpecification\",\"valueRequired\":true,\"valueName\":\"search_term_string\"}}],\"inLanguage\":\"es\"},{\"@type\":\"Organization\",\"@id\":\"https:\\\/\\\/esei.uvigo.es\\\/es\\\/#organization\",\"name\":\"Escola Superior de Enxe\u00f1ar\u00eda Inform\u00e1tica\",\"url\":\"https:\\\/\\\/esei.uvigo.es\\\/es\\\/\",\"logo\":{\"@type\":\"ImageObject\",\"inLanguage\":\"es\",\"@id\":\"https:\\\/\\\/esei.uvigo.es\\\/es\\\/#\\\/schema\\\/logo\\\/image\\\/\",\"url\":\"https:\\\/\\\/esei.uvigo.es\\\/wp-content\\\/uploads\\\/2019\\\/09\\\/esei.png\",\"contentUrl\":\"https:\\\/\\\/esei.uvigo.es\\\/wp-content\\\/uploads\\\/2019\\\/09\\\/esei.png\",\"width\":579,\"height\":98,\"caption\":\"Escola Superior de Enxe\u00f1ar\u00eda Inform\u00e1tica\"},\"image\":{\"@id\":\"https:\\\/\\\/esei.uvigo.es\\\/es\\\/#\\\/schema\\\/logo\\\/image\\\/\"}}]}<\/script>\n<!-- \/ Yoast SEO plugin. -->","yoast_head_json":{"title":"Movility Programs | Escola Superior de Enxe\u00f1ar\u00eda Inform\u00e1tica","robots":{"index":"index","follow":"follow","max-snippet":"max-snippet:-1","max-image-preview":"max-image-preview:large","max-video-preview":"max-video-preview:-1"},"canonical":"https:\/\/esei.uvigo.es\/es\/mobility\/programas-de-mobilidade\/","og_locale":"es_ES","og_type":"article","og_title":"Movility Programs | Escola Superior de Enxe\u00f1ar\u00eda Inform\u00e1tica","og_description":"Como estudiante de la Universidad de Vigo puedes cursar parte de tus estudios en otras universidades nacionales o extranjeras a trav\u00e9s de diferentes programas (como &hellip; Contin\u00faa","og_url":"https:\/\/esei.uvigo.es\/es\/mobility\/programas-de-mobilidade\/","og_site_name":"Escola Superior de Enxe\u00f1ar\u00eda Inform\u00e1tica","article_modified_time":"2025-11-25T19:43:02+00:00","twitter_card":"summary_large_image","twitter_misc":{"Tiempo de lectura":"2 minutos"},"schema":{"@context":"https:\/\/schema.org","@graph":[{"@type":"WebPage","@id":"https:\/\/esei.uvigo.es\/es\/mobility\/programas-de-mobilidade\/","url":"https:\/\/esei.uvigo.es\/es\/mobility\/programas-de-mobilidade\/","name":"Movility Programs | Escola Superior de Enxe\u00f1ar\u00eda Inform\u00e1tica","isPartOf":{"@id":"https:\/\/esei.uvigo.es\/es\/#website"},"datePublished":"2019-02-06T11:38:13+00:00","dateModified":"2025-11-25T19:43:02+00:00","breadcrumb":{"@id":"https:\/\/esei.uvigo.es\/es\/mobility\/programas-de-mobilidade\/#breadcrumb"},"inLanguage":"es","potentialAction":[{"@type":"ReadAction","target":["https:\/\/esei.uvigo.es\/es\/mobility\/programas-de-mobilidade\/"]}]},{"@type":"BreadcrumbList","@id":"https:\/\/esei.uvigo.es\/es\/mobility\/programas-de-mobilidade\/#breadcrumb","itemListElement":[{"@type":"ListItem","position":1,"name":"Portada","item":"https:\/\/esei.uvigo.es\/es\/"},{"@type":"ListItem","position":2,"name":"Mobility","item":"https:\/\/esei.uvigo.es\/es\/mobility\/"},{"@type":"ListItem","position":3,"name":"Movility Programs"}]},{"@type":"WebSite","@id":"https:\/\/esei.uvigo.es\/es\/#website","url":"https:\/\/esei.uvigo.es\/es\/","name":"Escola Superior de Enxe\u00f1ar\u00eda Inform\u00e1tica","description":"","publisher":{"@id":"https:\/\/esei.uvigo.es\/es\/#organization"},"potentialAction":[{"@type":"SearchAction","target":{"@type":"EntryPoint","urlTemplate":"https:\/\/esei.uvigo.es\/es\/?s={search_term_string}"},"query-input":{"@type":"PropertyValueSpecification","valueRequired":true,"valueName":"search_term_string"}}],"inLanguage":"es"},{"@type":"Organization","@id":"https:\/\/esei.uvigo.es\/es\/#organization","name":"Escola Superior de Enxe\u00f1ar\u00eda Inform\u00e1tica","url":"https:\/\/esei.uvigo.es\/es\/","logo":{"@type":"ImageObject","inLanguage":"es","@id":"https:\/\/esei.uvigo.es\/es\/#\/schema\/logo\/image\/","url":"https:\/\/esei.uvigo.es\/wp-content\/uploads\/2019\/09\/esei.png","contentUrl":"https:\/\/esei.uvigo.es\/wp-content\/uploads\/2019\/09\/esei.png","width":579,"height":98,"caption":"Escola Superior de Enxe\u00f1ar\u00eda Inform\u00e1tica"},"image":{"@id":"https:\/\/esei.uvigo.es\/es\/#\/schema\/logo\/image\/"}}]}},"_links":{"self":[{"href":"https:\/\/esei.uvigo.es\/es\/wp-json\/wp\/v2\/pages\/22818","targetHints":{"allow":["GET"]}}],"collection":[{"href":"https:\/\/esei.uvigo.es\/es\/wp-json\/wp\/v2\/pages"}],"about":[{"href":"https:\/\/esei.uvigo.es\/es\/wp-json\/wp\/v2\/types\/page"}],"author":[{"embeddable":true,"href":"https:\/\/esei.uvigo.es\/es\/wp-json\/wp\/v2\/users\/1"}],"replies":[{"embeddable":true,"href":"https:\/\/esei.uvigo.es\/es\/wp-json\/wp\/v2\/comments?post=22818"}],"version-history":[{"count":10,"href":"https:\/\/esei.uvigo.es\/es\/wp-json\/wp\/v2\/pages\/22818\/revisions"}],"predecessor-version":[{"id":29585,"href":"https:\/\/esei.uvigo.es\/es\/wp-json\/wp\/v2\/pages\/22818\/revisions\/29585"}],"up":[{"embeddable":true,"href":"https:\/\/esei.uvigo.es\/es\/wp-json\/wp\/v2\/pages\/29582"}],"wp:attachment":[{"href":"https:\/\/esei.uvigo.es\/es\/wp-json\/wp\/v2\/media?parent=22818"}],"curies":[{"name":"wp","href":"https:\/\/api.w.org\/{rel}","templated":true}]}}