{"id":22816,"date":"2019-09-30T11:03:19","date_gmt":"2019-09-30T09:03:19","guid":{"rendered":"https:\/\/esei.uvigo.es\/docencia\/pat-plan-de-accion-titorial\/pat-grao\/"},"modified":"2025-08-27T12:50:41","modified_gmt":"2025-08-27T10:50:41","slug":"pat-grao","status":"publish","type":"page","link":"https:\/\/esei.uvigo.es\/es\/docencia\/pat-plan-de-accion-titorial\/pat-grao\/","title":{"rendered":"PAT titulaciones de la ESEI"},"content":{"rendered":"<div class=\"csc-header csc-header-n1\">\n<h3>Curso 2025\/26<\/h3>\n<ul>\n<li><a href=\"https:\/\/esei.uvigo.es\/documentos\/protocolo-pat-aneae-esei-2025-2026\/\">Plan de Acci\u00f3n Titorial y atenci\u00f3n a las necesidades espec\u00edficas de apoyo educativo de la ESEI (PAT-ANEAE)<\/a><\/li>\n<li><a href=\"https:\/\/esei.uvigo.es\/documentos\/cronograma-pat\/\">Cronograma<\/a><\/li>\n<\/ul>\n<ul id=\"PAT\" class=\"nav nav-tabs\" role=\"tablist\"><\/ul>\n<ul id=\"PAT\" class=\"nav nav-tabs\" role=\"tablist\">\n<li class=\"nav-item\"><a id=\"GREI-tab\" class=\"nav-link active\" role=\"tab\" href=\"#GREI\" data-toggle=\"tab\" aria-controls=\"GREI\" aria-selected=\"true\">GREI e PCEOs<\/a><\/li>\n<li class=\"nav-item\"><a id=\"GRIA-tab\" class=\"nav-link\" role=\"tab\" href=\"#GRIA\" data-toggle=\"tab\" aria-controls=\"GRIA\" aria-selected=\"false\">GRIA<\/a><\/li>\n<li class=\"nav-item\"><a id=\"MEI-tab\" class=\"nav-link\" role=\"tab\" href=\"#MEI\" data-toggle=\"tab\" aria-controls=\"MEI\" aria-selected=\"false\">MEI<\/a><\/li>\n<\/ul>\n<div class=\"tab-content\">\n<div id=\"GREI\" class=\"tab-pane active\" role=\"tabpanel\" aria-labelledby=\"GREI-tab\">\n<h2>Grado en Ingenier\u00eda Inform\u00e1tica y PCEOs<\/h2>\n<p><span style=\"color: inherit; font-family: inherit; font-size: 1.375rem; letter-spacing: 1px;\">Curso 2025\/26<\/span><\/p>\n<ul>\n<li><a href=\"https:\/\/esei.uvigo.es\/documentos\/pat-grei-pceos-asignacion-alumnado-a-tutores-y-mentores-2025-2026\/\">Asignaci\u00f3n alumnado del Grado de Ingenier\u00eda Inform\u00e1tica y PCEOs a Tutores y Mentores<\/a><\/li>\n<\/ul>\n<p><span style=\"color: inherit; font-family: inherit; font-size: 1.375rem; letter-spacing: 1px;\">Curso 2024\/25<\/span><\/p>\n<ul>\n<li><a href=\"https:\/\/esei.uvigo.es\/documentos\/protocolo-pat-aneae-esei-2024-2025\/\">Plan de Acci\u00f3n Titorial y atenci\u00f3n a las necesidades espec\u00edficas de apoyo educativo de la ESEI (PAT-ANEAE)<\/a><\/li>\n<li><a href=\"https:\/\/esei.uvigo.es\/documentos\/pat-aneae-informe-final-2024-2025\/\">Informe final<\/a><\/li>\n<\/ul>\n<p><span style=\"color: inherit; font-family: inherit; font-size: 1.375rem; letter-spacing: 1px;\">Curso 2023\/24<\/span><\/p>\n<ul>\n<li><a href=\"https:\/\/esei.uvigo.es\/documentos\/protocolo_pat_aneae_esei_23_24\/\">Plan de Acci\u00f3n Tutorial y atenci\u00f3n a las necesidades espec\u00edficas de apoyo educativo de la ESEI (PAT-ANEAE)<\/a><\/li>\n<li><a href=\"https:\/\/esei.uvigo.es\/documentos\/pat-aneae-informe-final-2023-2024\/\">Informe final<\/a><\/li>\n<\/ul>\n<p><span style=\"color: inherit; font-family: inherit; font-size: 1.375rem; letter-spacing: 1px;\">Curso 2022\/23<\/span><\/p>\n<ul>\n<li><a href=\"https:\/\/esei.uvigo.es\/documentos\/protocolo_pat_aneae_esei_22_23\/\">Plan de Acci\u00f3n Tutorial y atenci\u00f3n a las necesidades espec\u00edficas de apoyo educativo de la ESEI (PAT-ANEAE)<\/a><\/li>\n<li><a href=\"https:\/\/esei.uvigo.es\/documentos\/pat_aneae_informe_final_2123\/\">Informe final<\/a><\/li>\n<\/ul>\n<h3>Curso 2021\/22<\/h3>\n<ul>\n<li><a href=\"https:\/\/esei.uvigo.es\/documentos\/protocolo_pat_grado_2021_2022\/\" target=\"_blank\" rel=\"noopener\">Plan de Acci\u00f3n Tutorial y atenci\u00f3n a las necesidades espec\u00edficas de apoyo educativo de la ESEI (PAT-ANEAE)<\/a><\/li>\n<li><a href=\"https:\/\/esei.uvigo.es\/documentos\/pat_aneae_informe_final_2122\/\" target=\"_blank\" rel=\"noopener\">Informe final<\/a><\/li>\n<\/ul>\n<h3>Curso 2020\/21<\/h3>\n<ul>\n<li><a href=\"https:\/\/esei.uvigo.es\/documentos\/pat-grao\/\" target=\"_blank\" rel=\"noopener noreferrer\">Plan de Acci\u00f3n Tutorial<\/a><\/li>\n<li><a href=\"https:\/\/esei.uvigo.es\/documentos\/pat_grado_informe_final_2021\/\" target=\"_blank\" rel=\"noopener\">Informe final<\/a><\/li>\n<\/ul>\n<h3>Curso 2019\/20<\/h3>\n<ul>\n<li><a href=\"https:\/\/esei.uvigo.es\/documentos\/pat-grado-informe-final-2019-2020\/\" target=\"_blank\" rel=\"noopener noreferrer\">Informe final<\/a><\/li>\n<\/ul>\n<h3>Curso 2018\/19<\/h3>\n<ul>\n<li class=\"bodytext\"><a href=\"https:\/\/esei.uvigo.es\/documentos\/pat_grado_informe_final_1819\/\" target=\"_blank\" rel=\"noopener noreferrer\">Informe final<\/a><\/li>\n<\/ul>\n<h3>Curso 2017\/18<\/h3>\n<ul>\n<li><a href=\"https:\/\/esei.uvigo.es\/documentos\/pat_grado_informe_final_1718\/\" target=\"_blank\" rel=\"noopener noreferrer\">Informe final<\/a><\/li>\n<\/ul>\n<\/div>\n<div id=\"GRIA\" class=\"tab-pane\" role=\"tabpanel\" aria-labelledby=\"GRIA-tab\">\n<h2>Grado en Inteligencia Artificial<\/h2>\n<p><span style=\"color: inherit; font-family: inherit; font-size: 1.375rem; letter-spacing: 1px;\">Curso 2025\/26<\/span><\/p>\n<ul>\n<li><a href=\"https:\/\/esei.uvigo.es\/documentos\/pat-gria-asignacion-alumnado-a-tutores-y-mentores-2025-2026\/\">Asignaci\u00f3n alumnado del Grado de Inteligencia Artificial a Tutores<\/a><\/li>\n<\/ul>\n<p><span style=\"color: inherit; font-family: inherit; font-size: 1.375rem; letter-spacing: 1px;\">Curso 2024\/25<\/span><\/p>\n<ul>\n<li><a href=\"https:\/\/esei.uvigo.es\/documentos\/protocolo-pat-aneae-esei-2024-2025\/\">Plan de Acci\u00f3n Titorial y atenci\u00f3n a las necesidades espec\u00edficas de apoyo educativo de la ESEI (PAT-ANEAE)<\/a><\/li>\n<li><a href=\"https:\/\/esei.uvigo.es\/documentos\/pat-aneae-informe-final-2024-2025\/\">Informe final<\/a><\/li>\n<\/ul>\n<p><span style=\"color: inherit; font-family: inherit; font-size: 1.375rem; letter-spacing: 1px;\">Curso 2023\/24<\/span><\/p>\n<ul>\n<li><a href=\"https:\/\/esei.uvigo.es\/documentos\/protocolo_pat_aneae_esei_23_24\/\">Plan de Acci\u00f3n Tutorial y atenci\u00f3n a las necesidades espec\u00edficas de apoyo educativo de la ESEI (PAT-ANEAE)<\/a><\/li>\n<li><a href=\"https:\/\/esei.uvigo.es\/documentos\/pat-aneae-informe-final-2023-2024\/\">Informe final<\/a><\/li>\n<\/ul>\n<h3>Curso 2022\/23<\/h3>\n<ul>\n<li><a href=\"https:\/\/esei.uvigo.es\/documentos\/protocolo_pat_aneae_esei_22_23\/\">Plan de Acci\u00f3n Tutorial y atenci\u00f3n a las necesidades espec\u00edficas de apoyo educativo de la ESEI (PAT-ANEAE)<\/a><\/li>\n<li><a href=\"https:\/\/esei.uvigo.es\/documentos\/pat_aneae_informe_final_2123\/\">Informe final<\/a><\/li>\n<\/ul>\n<\/div>\n<div id=\"MEI\" class=\"tab-pane\" role=\"tabpanel\" aria-labelledby=\"MEI-tab\">\n<h2>M\u00e1ster en Ingenier\u00eda Inform\u00e1tica<\/h2>\n<p><span style=\"color: inherit; font-family: inherit; font-size: 1.375rem; letter-spacing: 1px;\">Curso 2024\/25<\/span><\/p>\n<ul>\n<li><a href=\"https:\/\/esei.uvigo.es\/documentos\/protocolo-pat-aneae-esei-2024-2025\/\">Plan de Acci\u00f3n Titorial y atenci\u00f3n a las necesidades espec\u00edficas de apoyo educativo de la ESEI (PAT-ANEAE)<\/a><\/li>\n<li><a href=\"https:\/\/esei.uvigo.es\/documentos\/pat-aneae-informe-final-2024-2025\/\">Informe final<\/a><\/li>\n<\/ul>\n<p><span style=\"color: inherit; font-family: inherit; font-size: 1.375rem; letter-spacing: 1px;\">Curso 2023\/24<\/span><\/p>\n<ul>\n<li><a href=\"https:\/\/esei.uvigo.es\/documentos\/protocolo_pat_aneae_esei_23_24\/\">Plan de Acci\u00f3n Tutorial y atenci\u00f3n a las necesidades espec\u00edficas de apoyo educativo de la ESEI (PAT-ANEAE)<\/a><\/li>\n<li><a href=\"https:\/\/esei.uvigo.es\/documentos\/pat-aneae-informe-final-2023-2024\/\">Informe final<\/a><\/li>\n<\/ul>\n<h3>Curso 2022\/23<\/h3>\n<ul>\n<li><a href=\"https:\/\/esei.uvigo.es\/documentos\/protocolo_pat_aneae_esei_22_23\/\">Plan de Acci\u00f3n Tutorial y atenci\u00f3n de las necesidades espec\u00edficas de apoyo educativo de la ESEI (PAT-ANEAE)<\/a><\/li>\n<li><a href=\"https:\/\/esei.uvigo.es\/documentos\/pat_aneae_informe_final_2123\/\">Informe final<\/a><\/li>\n<\/ul>\n<h3>Curso 2021\/22<\/h3>\n<ul>\n<li><a href=\"https:\/\/esei.uvigo.es\/documentos\/protocolo_pat_grado_2021_2022\/\" target=\"_blank\" rel=\"noopener\">Plan de Acci\u00f3n Tutorial y atenci\u00f3n a las necesidades espec\u00edficas de apoyo educativo de la ESEI (PAT-ANEAE)<\/a><\/li>\n<li><a href=\"https:\/\/esei.uvigo.es\/documentos\/pat_aneae_informe_final_2122\/\" target=\"_blank\" rel=\"noopener\">Informe final<\/a><\/li>\n<\/ul>\n<h3>Curso 2020\/21<\/h3>\n<ul>\n<li><a href=\"https:\/\/esei.uvigo.es\/documentos\/pat-grao\/\" target=\"_blank\" rel=\"noopener noreferrer\">Plan de Acci\u00f3n Titorial<\/a><\/li>\n<li><a href=\"https:\/\/esei.uvigo.es\/documentos\/pat_mei_informe_final_2021\/\">Informe final<\/a><\/li>\n<\/ul>\n<h3>Curso 2019\/20<\/h3>\n<ul>\n<li class=\"bodytext\"><a href=\"https:\/\/esei.uvigo.es\/documentos\/pat_mei_informe_final_1920\/\" target=\"_blank\" rel=\"noopener noreferrer\">Informe final<\/a><\/li>\n<\/ul>\n<h3>Curso 2018\/19<\/h3>\n<ul>\n<li class=\"bodytext\"><a href=\"https:\/\/esei.uvigo.es\/documentos\/pat_mei_informe_final_1819\/\" target=\"_blank\" rel=\"noopener noreferrer\">Informe final<\/a><\/li>\n<\/ul>\n<h3>Curso 2017\/18<\/h3>\n<ul>\n<li class=\"bodytext\"><a href=\"https:\/\/esei.uvigo.es\/documentos\/pat_mei_informe_final_1718\/\" target=\"_blank\" rel=\"noopener noreferrer\">Informe final<\/a><\/li>\n<\/ul>\n<\/div>\n<\/div>\n<\/div>\n<div><\/div>\n","protected":false},"excerpt":{"rendered":"<p>Curso 2025\/26 Plan de Acci\u00f3n Titorial y atenci\u00f3n a las necesidades espec\u00edficas de apoyo educativo de la ESEI (PAT-ANEAE) Cronograma GREI e PCEOs GRIA MEI &hellip; <a class=\"excerpt_more\" href=\"https:\/\/esei.uvigo.es\/es\/docencia\/pat-plan-de-accion-titorial\/pat-grao\/\">Contin\u00faa<\/a><\/p>\n","protected":false},"author":6,"featured_media":0,"parent":22815,"menu_order":0,"comment_status":"closed","ping_status":"closed","template":"","meta":{"_acf_changed":false,"footnotes":""},"class_list":["post-22816","page","type-page","status-publish","hentry"],"acf":[],"yoast_head":"<!-- This site is optimized with the Yoast SEO plugin v27.6 - https:\/\/yoast.com\/product\/yoast-seo-wordpress\/ -->\n<title>PAT titulaciones de la ESEI | Escola Superior de Enxe\u00f1ar\u00eda Inform\u00e1tica<\/title>\n<meta name=\"robots\" content=\"index, follow, max-snippet:-1, max-image-preview:large, max-video-preview:-1\" \/>\n<link rel=\"canonical\" href=\"https:\/\/esei.uvigo.es\/es\/docencia\/pat-plan-de-accion-titorial\/pat-grao\/\" \/>\n<meta property=\"og:locale\" content=\"es_ES\" \/>\n<meta property=\"og:type\" content=\"article\" \/>\n<meta property=\"og:title\" content=\"PAT titulaciones de la ESEI | Escola Superior de Enxe\u00f1ar\u00eda Inform\u00e1tica\" \/>\n<meta property=\"og:description\" content=\"Curso 2025\/26 Plan de Acci\u00f3n Titorial y atenci\u00f3n a las necesidades espec\u00edficas de apoyo educativo de la ESEI (PAT-ANEAE) Cronograma GREI e PCEOs GRIA MEI &hellip; Contin\u00faa\" \/>\n<meta property=\"og:url\" content=\"https:\/\/esei.uvigo.es\/es\/docencia\/pat-plan-de-accion-titorial\/pat-grao\/\" \/>\n<meta property=\"og:site_name\" content=\"Escola Superior de Enxe\u00f1ar\u00eda Inform\u00e1tica\" \/>\n<meta property=\"article:modified_time\" content=\"2025-08-27T10:50:41+00:00\" \/>\n<meta name=\"twitter:card\" content=\"summary_large_image\" \/>\n<meta name=\"twitter:label1\" content=\"Tiempo de lectura\" \/>\n\t<meta name=\"twitter:data1\" content=\"2 minutos\" \/>\n<script type=\"application\/ld+json\" class=\"yoast-schema-graph\">{\"@context\":\"https:\\\/\\\/schema.org\",\"@graph\":[{\"@type\":\"WebPage\",\"@id\":\"https:\\\/\\\/esei.uvigo.es\\\/es\\\/docencia\\\/pat-plan-de-accion-titorial\\\/pat-grao\\\/\",\"url\":\"https:\\\/\\\/esei.uvigo.es\\\/es\\\/docencia\\\/pat-plan-de-accion-titorial\\\/pat-grao\\\/\",\"name\":\"PAT titulaciones de la ESEI | Escola Superior de Enxe\u00f1ar\u00eda Inform\u00e1tica\",\"isPartOf\":{\"@id\":\"https:\\\/\\\/esei.uvigo.es\\\/es\\\/#website\"},\"datePublished\":\"2019-09-30T09:03:19+00:00\",\"dateModified\":\"2025-08-27T10:50:41+00:00\",\"breadcrumb\":{\"@id\":\"https:\\\/\\\/esei.uvigo.es\\\/es\\\/docencia\\\/pat-plan-de-accion-titorial\\\/pat-grao\\\/#breadcrumb\"},\"inLanguage\":\"es\",\"potentialAction\":[{\"@type\":\"ReadAction\",\"target\":[\"https:\\\/\\\/esei.uvigo.es\\\/es\\\/docencia\\\/pat-plan-de-accion-titorial\\\/pat-grao\\\/\"]}]},{\"@type\":\"BreadcrumbList\",\"@id\":\"https:\\\/\\\/esei.uvigo.es\\\/es\\\/docencia\\\/pat-plan-de-accion-titorial\\\/pat-grao\\\/#breadcrumb\",\"itemListElement\":[{\"@type\":\"ListItem\",\"position\":1,\"name\":\"Portada\",\"item\":\"https:\\\/\\\/esei.uvigo.es\\\/es\\\/\"},{\"@type\":\"ListItem\",\"position\":2,\"name\":\"Docencia\",\"item\":\"https:\\\/\\\/esei.uvigo.es\\\/es\\\/docencia\\\/\"},{\"@type\":\"ListItem\",\"position\":3,\"name\":\"PAT-ANEAE (Plan de Acci\u00f3n Tutorial)\",\"item\":\"https:\\\/\\\/esei.uvigo.es\\\/es\\\/docencia\\\/pat-plan-de-accion-titorial\\\/\"},{\"@type\":\"ListItem\",\"position\":4,\"name\":\"PAT titulaciones de la ESEI\"}]},{\"@type\":\"WebSite\",\"@id\":\"https:\\\/\\\/esei.uvigo.es\\\/es\\\/#website\",\"url\":\"https:\\\/\\\/esei.uvigo.es\\\/es\\\/\",\"name\":\"Escola Superior de Enxe\u00f1ar\u00eda Inform\u00e1tica\",\"description\":\"\",\"publisher\":{\"@id\":\"https:\\\/\\\/esei.uvigo.es\\\/es\\\/#organization\"},\"potentialAction\":[{\"@type\":\"SearchAction\",\"target\":{\"@type\":\"EntryPoint\",\"urlTemplate\":\"https:\\\/\\\/esei.uvigo.es\\\/es\\\/?s={search_term_string}\"},\"query-input\":{\"@type\":\"PropertyValueSpecification\",\"valueRequired\":true,\"valueName\":\"search_term_string\"}}],\"inLanguage\":\"es\"},{\"@type\":\"Organization\",\"@id\":\"https:\\\/\\\/esei.uvigo.es\\\/es\\\/#organization\",\"name\":\"Escola Superior de Enxe\u00f1ar\u00eda Inform\u00e1tica\",\"url\":\"https:\\\/\\\/esei.uvigo.es\\\/es\\\/\",\"logo\":{\"@type\":\"ImageObject\",\"inLanguage\":\"es\",\"@id\":\"https:\\\/\\\/esei.uvigo.es\\\/es\\\/#\\\/schema\\\/logo\\\/image\\\/\",\"url\":\"https:\\\/\\\/esei.uvigo.es\\\/wp-content\\\/uploads\\\/2019\\\/09\\\/esei.png\",\"contentUrl\":\"https:\\\/\\\/esei.uvigo.es\\\/wp-content\\\/uploads\\\/2019\\\/09\\\/esei.png\",\"width\":579,\"height\":98,\"caption\":\"Escola Superior de Enxe\u00f1ar\u00eda Inform\u00e1tica\"},\"image\":{\"@id\":\"https:\\\/\\\/esei.uvigo.es\\\/es\\\/#\\\/schema\\\/logo\\\/image\\\/\"}}]}<\/script>\n<!-- \/ Yoast SEO plugin. -->","yoast_head_json":{"title":"PAT titulaciones de la ESEI | Escola Superior de Enxe\u00f1ar\u00eda Inform\u00e1tica","robots":{"index":"index","follow":"follow","max-snippet":"max-snippet:-1","max-image-preview":"max-image-preview:large","max-video-preview":"max-video-preview:-1"},"canonical":"https:\/\/esei.uvigo.es\/es\/docencia\/pat-plan-de-accion-titorial\/pat-grao\/","og_locale":"es_ES","og_type":"article","og_title":"PAT titulaciones de la ESEI | Escola Superior de Enxe\u00f1ar\u00eda Inform\u00e1tica","og_description":"Curso 2025\/26 Plan de Acci\u00f3n Titorial y atenci\u00f3n a las necesidades espec\u00edficas de apoyo educativo de la ESEI (PAT-ANEAE) Cronograma GREI e PCEOs GRIA MEI &hellip; Contin\u00faa","og_url":"https:\/\/esei.uvigo.es\/es\/docencia\/pat-plan-de-accion-titorial\/pat-grao\/","og_site_name":"Escola Superior de Enxe\u00f1ar\u00eda Inform\u00e1tica","article_modified_time":"2025-08-27T10:50:41+00:00","twitter_card":"summary_large_image","twitter_misc":{"Tiempo de lectura":"2 minutos"},"schema":{"@context":"https:\/\/schema.org","@graph":[{"@type":"WebPage","@id":"https:\/\/esei.uvigo.es\/es\/docencia\/pat-plan-de-accion-titorial\/pat-grao\/","url":"https:\/\/esei.uvigo.es\/es\/docencia\/pat-plan-de-accion-titorial\/pat-grao\/","name":"PAT titulaciones de la ESEI | Escola Superior de Enxe\u00f1ar\u00eda Inform\u00e1tica","isPartOf":{"@id":"https:\/\/esei.uvigo.es\/es\/#website"},"datePublished":"2019-09-30T09:03:19+00:00","dateModified":"2025-08-27T10:50:41+00:00","breadcrumb":{"@id":"https:\/\/esei.uvigo.es\/es\/docencia\/pat-plan-de-accion-titorial\/pat-grao\/#breadcrumb"},"inLanguage":"es","potentialAction":[{"@type":"ReadAction","target":["https:\/\/esei.uvigo.es\/es\/docencia\/pat-plan-de-accion-titorial\/pat-grao\/"]}]},{"@type":"BreadcrumbList","@id":"https:\/\/esei.uvigo.es\/es\/docencia\/pat-plan-de-accion-titorial\/pat-grao\/#breadcrumb","itemListElement":[{"@type":"ListItem","position":1,"name":"Portada","item":"https:\/\/esei.uvigo.es\/es\/"},{"@type":"ListItem","position":2,"name":"Docencia","item":"https:\/\/esei.uvigo.es\/es\/docencia\/"},{"@type":"ListItem","position":3,"name":"PAT-ANEAE (Plan de Acci\u00f3n Tutorial)","item":"https:\/\/esei.uvigo.es\/es\/docencia\/pat-plan-de-accion-titorial\/"},{"@type":"ListItem","position":4,"name":"PAT titulaciones de la ESEI"}]},{"@type":"WebSite","@id":"https:\/\/esei.uvigo.es\/es\/#website","url":"https:\/\/esei.uvigo.es\/es\/","name":"Escola Superior de Enxe\u00f1ar\u00eda Inform\u00e1tica","description":"","publisher":{"@id":"https:\/\/esei.uvigo.es\/es\/#organization"},"potentialAction":[{"@type":"SearchAction","target":{"@type":"EntryPoint","urlTemplate":"https:\/\/esei.uvigo.es\/es\/?s={search_term_string}"},"query-input":{"@type":"PropertyValueSpecification","valueRequired":true,"valueName":"search_term_string"}}],"inLanguage":"es"},{"@type":"Organization","@id":"https:\/\/esei.uvigo.es\/es\/#organization","name":"Escola Superior de Enxe\u00f1ar\u00eda Inform\u00e1tica","url":"https:\/\/esei.uvigo.es\/es\/","logo":{"@type":"ImageObject","inLanguage":"es","@id":"https:\/\/esei.uvigo.es\/es\/#\/schema\/logo\/image\/","url":"https:\/\/esei.uvigo.es\/wp-content\/uploads\/2019\/09\/esei.png","contentUrl":"https:\/\/esei.uvigo.es\/wp-content\/uploads\/2019\/09\/esei.png","width":579,"height":98,"caption":"Escola Superior de Enxe\u00f1ar\u00eda Inform\u00e1tica"},"image":{"@id":"https:\/\/esei.uvigo.es\/es\/#\/schema\/logo\/image\/"}}]}},"_links":{"self":[{"href":"https:\/\/esei.uvigo.es\/es\/wp-json\/wp\/v2\/pages\/22816","targetHints":{"allow":["GET"]}}],"collection":[{"href":"https:\/\/esei.uvigo.es\/es\/wp-json\/wp\/v2\/pages"}],"about":[{"href":"https:\/\/esei.uvigo.es\/es\/wp-json\/wp\/v2\/types\/page"}],"author":[{"embeddable":true,"href":"https:\/\/esei.uvigo.es\/es\/wp-json\/wp\/v2\/users\/6"}],"replies":[{"embeddable":true,"href":"https:\/\/esei.uvigo.es\/es\/wp-json\/wp\/v2\/comments?post=22816"}],"version-history":[{"count":19,"href":"https:\/\/esei.uvigo.es\/es\/wp-json\/wp\/v2\/pages\/22816\/revisions"}],"predecessor-version":[{"id":29069,"href":"https:\/\/esei.uvigo.es\/es\/wp-json\/wp\/v2\/pages\/22816\/revisions\/29069"}],"up":[{"embeddable":true,"href":"https:\/\/esei.uvigo.es\/es\/wp-json\/wp\/v2\/pages\/22815"}],"wp:attachment":[{"href":"https:\/\/esei.uvigo.es\/es\/wp-json\/wp\/v2\/media?parent=22816"}],"curies":[{"name":"wp","href":"https:\/\/api.w.org\/{rel}","templated":true}]}}