{"id":22815,"date":"2019-02-06T12:38:05","date_gmt":"2019-02-06T11:38:05","guid":{"rendered":"https:\/\/esei.uvigo.es\/docencia\/pat-plan-de-accion-titorial\/"},"modified":"2025-09-21T23:21:07","modified_gmt":"2025-09-21T21:21:07","slug":"pat-plan-de-accion-titorial","status":"publish","type":"page","link":"https:\/\/esei.uvigo.es\/es\/docencia\/pat-plan-de-accion-titorial\/","title":{"rendered":"PAT-ANEAE (Plan de Acci\u00f3n Tutorial)"},"content":{"rendered":"<p>El Plan de Acci\u00f3n Tutorial y Atenci\u00f3n a las Necesidades Espec\u00edficas de Apoyo Educativo (PAT-ANEAE) de la ESEI se configura como el instrumento a trav\u00e9s del cual se dise\u00f1a el contenido y la ejecuci\u00f3n de las distintas acciones relativas a la tutor\u00eda universitaria (<a href=\"https:\/\/esei.uvigo.es\/es\/docencia\/pat-plan-de-accion-titorial\/pat-grao\/\">enlace<\/a>).<\/p>\n<p>Supone superar el modelo espec\u00edficamente acad\u00e9mico, \u00fanicamente preocupado por la transmisi\u00f3n de conocimientos, y apostar por un modelo educativo en el que confluyen adem\u00e1s funciones socio-educativas, basadas en relaciones rec\u00edprocas e interacciones tutor-alumno, alumno-alumno, etc.<\/p>\n<p>Se pretende ir consolidando una l\u00ednea de acci\u00f3n tutorial coherente con las necesidades de los alumnos y alumnas, normalizando las distintas acciones y alcanzando un adecuado equilibrio entre las expectativas de los estudiantes y los objetivos que se exponen en el marco del Espacio Europeo de Educaci\u00f3n Superior.<\/p>\n<p>En este sentido, es de importancia destacar uno de los principios por los que apuesta el Sistema de Garant\u00eda de Calidad de la ESEI y al que con este plan se trata de responder: la adquisici\u00f3n de competencias del alumnado, atenci\u00f3n a la diversidad, orientaci\u00f3n al aprendizaje, etc., recogidos de una forma amplia en distintos cap\u00edtulos del <a href=\"https:\/\/esei.uvigo.es\/es\/calidade\/manual-do-sgic\/\" rel=\"noopener noreferrer\">Manual de Calidad <\/a>y de los <a href=\"https:\/\/esei.uvigo.es\/es\/calidade\/procesos\/\" rel=\"noopener noreferrer\">Procesos dise\u00f1ados por el Centro<\/a>.<\/p>\n<h2>Preguntas frecuentes<\/h2>\n<div id=\"accordion0\" class=\"accordion \" role=\"tablist\" aria-multiselectable=\"true\" >\n<div class=\"card\" >\n<div class=\"card-header\"><a class=\"collapse h3\" data-toggle=\"collapse\" data-parent=\"#accordion0\" href=\"#collapse0\" aria-controls=\"collapse0\">\u00bfQu\u00e9 es?<\/a><\/div>\n<div id=\"collapse0\" class=\"collapse show\" role=\"tabpanel\" data-parent=\"#accordion0\"><div class=\"card-body\">\n<p class=\"card-text\">El PAT-ANEAE de la Escuela Superior de Ingenier\u00eda Inform\u00e1tica (ESEI) es un programa de atenci\u00f3n personalizada dirigido al alumnado de nuevo ingreso.<br>\n<\/p><\/div><\/div>\n<\/div>\n<div class=\"card\" >\n<div class=\"card-header\"><a class=\"collapse h3 collapsed\" data-toggle=\"collapse\" data-parent=\"#accordion0\" href=\"#collapse1\" aria-controls=\"collapse1\">\u00bfQu\u00e9 no es?<\/a><\/div>\n<div id=\"collapse1\" class=\"collapse\" role=\"tabpanel\" data-parent=\"#accordion0\"><div class=\"card-body\">\n<p class=\"card-text mb-3\">Dado que o PAT-ANEAE es un servicio pensado para orientar al alumnado y ayudarle en las dificultades que pueda encontrar en la vida universitaria, el PAT-ANEAE NO ES:<\/p>\n<ul>\n<li>Un servicio de reclamaci\u00f3n general de la Universidad.<\/li>\n<li>Un servicio administrativo.<\/li>\n<li>Un servicio t\u00e9cnico.<\/li>\n<li>Una tutor\u00eda docente.<\/li>\n<\/ul>\n<\/div><\/div>\n<\/div>\n<div class=\"card\" >\n<div class=\"card-header\"><a class=\"collapse h3 collapsed\" data-toggle=\"collapse\" data-parent=\"#accordion0\" href=\"#collapse2\" aria-controls=\"collapse2\">\u00bfCu\u00e1l es su objetivo?<\/a><\/div>\n<div id=\"collapse2\" class=\"collapse\" role=\"tabpanel\" data-parent=\"#accordion0\"><div class=\"card-body\">\n<p class=\"card-text\">Facilitar la integraci\u00f3n del alumnado en la vida universitaria en general y en la ESEI en particular.<\/p>\n<\/div><\/div>\n<\/div>\n<div class=\"card\" >\n<div class=\"card-header\"><a class=\"collapse h3 collapsed\" data-toggle=\"collapse\" data-parent=\"#accordion0\" href=\"#collapse3\" aria-controls=\"collapse3\">\u00bfQu\u00e9 dimensiones se trabajan?<\/a><\/div>\n<div id=\"collapse3\" class=\"collapse\" role=\"tabpanel\" data-parent=\"#accordion0\"><div class=\"card-body\">\n<p class=\"card-text\">Se engloban las siguientes dimensiones: 1) acad\u00e9mica, referida a aspectos de la vida universitaria (planes de estudio, materias); 2) internacional, relativa a la movilidad y al intercambio de alumnado extranjero; 3) social, destinada a cuestiones como informaci\u00f3n sobre ayudas y servicios de fundaci\u00f3n u organismos p\u00fablicos o privados; e 4) administrativa, que trata cuestiones referentes a requerimientos administrativos, matr\u00edculas, reconocimiento de cr\u00e9ditos, etc.<\/p>\n<\/div><\/div>\n<\/div>\n<div class=\"card\" >\n<div class=\"card-header\"><a class=\"collapse h3 collapsed\" data-toggle=\"collapse\" data-parent=\"#accordion0\" href=\"#collapse4\" aria-controls=\"collapse4\">\u00bfD\u00f3nde puedo encontrar informaci\u00f3n acerca del profesorado tutor asignado al alumnado?<\/a><\/div>\n<div id=\"collapse4\" class=\"collapse\" role=\"tabpanel\" data-parent=\"#accordion0\"><div class=\"card-body\">\n<p class=\"card-text\">En la web de la ESEI, en el apartado del PAT-ANEAE, se publica, cada curso acad\u00e9mico, el listado de profesorado tutor y el alumnado asignado al mismo.<\/p>\n<\/div><\/div>\n<\/div>\n<div class=\"card\" >\n<div class=\"card-header\"><a class=\"collapse h3 collapsed\" data-toggle=\"collapse\" data-parent=\"#accordion0\" href=\"#collapse5\" aria-controls=\"collapse5\">\u00bfC\u00f3mo puedo contactar con mi tutor o tutora asignado?<\/a><\/div>\n<div id=\"collapse5\" class=\"collapse\" role=\"tabpanel\" data-parent=\"#accordion0\"><div class=\"card-body\">\n<p class=\"card-text\">A lo largo de cada curso, cada tutor u tutora cita al alumnado asignado a reuniones peri\u00f3dicas, de acuerdo con el protocolo establecido y aprobado por la Junta de Centro, aunque si un alumno o alumna desea contactar con su tutor o tutora asignado, puede hacerlo a trav\u00e9s de los datos del profesorado que se pueden encontrar en la web da ESEI.<\/p>\n<\/div><\/div>\n<\/div>\n<div class=\"card\" >\n<div class=\"card-header\"><a class=\"collapse h3 collapsed\" data-toggle=\"collapse\" data-parent=\"#accordion0\" href=\"#collapse6\" aria-controls=\"collapse6\">\u00bfLas reuniones del PAT-ANEAE son obligatorias?<\/a><\/div>\n<div id=\"collapse6\" class=\"collapse\" role=\"tabpanel\" data-parent=\"#accordion0\"><div class=\"card-body\">\n<p class=\"card-text\">No, aunque es uno de las mejores maneras que tienes de poder solucionar tus problemas en la ESEI, ya que el profesorado tutor tiene una amplia experiencia en la ESEI, y te puede ayudar e orientar para resolver las dificultades que puedan surgir a lo largo de tu aprendizaje.<\/p>\n<\/div><\/div>\n<\/div>\n<div class=\"card\" >\n<div class=\"card-header\"><a class=\"collapse h3 collapsed\" data-toggle=\"collapse\" data-parent=\"#accordion0\" href=\"#collapse7\" aria-controls=\"collapse7\">\u00bfLa asistencia al PAT-ANEAE me va a quitar mucho tempo?<\/a><\/div>\n<div id=\"collapse7\" class=\"collapse\" role=\"tabpanel\" data-parent=\"#accordion0\"><div class=\"card-body\">\n<p class=\"card-text\">No, las reuniones se planifican con una duraci\u00f3n adecuada a los temas a tratar y, en cualquier caso, siempre ser\u00e1 tiempo bien aprovechado!<\/p>\n<\/div><\/div>\n<\/div>\n<\/div>\n<p>&nbsp;<\/p>\n","protected":false},"excerpt":{"rendered":"<p>El Plan de Acci\u00f3n Tutorial y Atenci\u00f3n a las Necesidades Espec\u00edficas de Apoyo Educativo (PAT-ANEAE) de la ESEI se configura como el instrumento a trav\u00e9s &hellip; <a class=\"excerpt_more\" href=\"https:\/\/esei.uvigo.es\/es\/docencia\/pat-plan-de-accion-titorial\/\">Contin\u00faa<\/a><\/p>\n","protected":false},"author":1,"featured_media":0,"parent":22790,"menu_order":31,"comment_status":"closed","ping_status":"closed","template":"","meta":{"_acf_changed":false,"footnotes":""},"class_list":["post-22815","page","type-page","status-publish","hentry"],"acf":[],"yoast_head":"<!-- This site is optimized with the Yoast SEO plugin v27.6 - https:\/\/yoast.com\/product\/yoast-seo-wordpress\/ -->\n<title>PAT-ANEAE (Plan de Acci\u00f3n Tutorial) | Escola Superior de Enxe\u00f1ar\u00eda Inform\u00e1tica<\/title>\n<meta name=\"robots\" content=\"index, follow, max-snippet:-1, max-image-preview:large, max-video-preview:-1\" \/>\n<link rel=\"canonical\" href=\"https:\/\/esei.uvigo.es\/es\/docencia\/pat-plan-de-accion-titorial\/\" \/>\n<meta property=\"og:locale\" content=\"es_ES\" \/>\n<meta property=\"og:type\" content=\"article\" \/>\n<meta property=\"og:title\" content=\"PAT-ANEAE (Plan de Acci\u00f3n Tutorial) | Escola Superior de Enxe\u00f1ar\u00eda Inform\u00e1tica\" \/>\n<meta property=\"og:description\" content=\"El Plan de Acci\u00f3n Tutorial y Atenci\u00f3n a las Necesidades Espec\u00edficas de Apoyo Educativo (PAT-ANEAE) de la ESEI se configura como el instrumento a trav\u00e9s &hellip; Contin\u00faa\" \/>\n<meta property=\"og:url\" content=\"https:\/\/esei.uvigo.es\/es\/docencia\/pat-plan-de-accion-titorial\/\" \/>\n<meta property=\"og:site_name\" content=\"Escola Superior de Enxe\u00f1ar\u00eda Inform\u00e1tica\" \/>\n<meta property=\"article:modified_time\" content=\"2025-09-21T21:21:07+00:00\" \/>\n<meta name=\"twitter:card\" content=\"summary_large_image\" \/>\n<meta name=\"twitter:label1\" content=\"Tiempo de lectura\" \/>\n\t<meta name=\"twitter:data1\" content=\"3 minutos\" \/>\n<script type=\"application\/ld+json\" class=\"yoast-schema-graph\">{\"@context\":\"https:\\\/\\\/schema.org\",\"@graph\":[{\"@type\":\"WebPage\",\"@id\":\"https:\\\/\\\/esei.uvigo.es\\\/es\\\/docencia\\\/pat-plan-de-accion-titorial\\\/\",\"url\":\"https:\\\/\\\/esei.uvigo.es\\\/es\\\/docencia\\\/pat-plan-de-accion-titorial\\\/\",\"name\":\"PAT-ANEAE (Plan de Acci\u00f3n Tutorial) | Escola Superior de Enxe\u00f1ar\u00eda Inform\u00e1tica\",\"isPartOf\":{\"@id\":\"https:\\\/\\\/esei.uvigo.es\\\/es\\\/#website\"},\"datePublished\":\"2019-02-06T11:38:05+00:00\",\"dateModified\":\"2025-09-21T21:21:07+00:00\",\"breadcrumb\":{\"@id\":\"https:\\\/\\\/esei.uvigo.es\\\/es\\\/docencia\\\/pat-plan-de-accion-titorial\\\/#breadcrumb\"},\"inLanguage\":\"es\",\"potentialAction\":[{\"@type\":\"ReadAction\",\"target\":[\"https:\\\/\\\/esei.uvigo.es\\\/es\\\/docencia\\\/pat-plan-de-accion-titorial\\\/\"]}]},{\"@type\":\"BreadcrumbList\",\"@id\":\"https:\\\/\\\/esei.uvigo.es\\\/es\\\/docencia\\\/pat-plan-de-accion-titorial\\\/#breadcrumb\",\"itemListElement\":[{\"@type\":\"ListItem\",\"position\":1,\"name\":\"Portada\",\"item\":\"https:\\\/\\\/esei.uvigo.es\\\/es\\\/\"},{\"@type\":\"ListItem\",\"position\":2,\"name\":\"Docencia\",\"item\":\"https:\\\/\\\/esei.uvigo.es\\\/es\\\/docencia\\\/\"},{\"@type\":\"ListItem\",\"position\":3,\"name\":\"PAT-ANEAE (Plan de Acci\u00f3n Tutorial)\"}]},{\"@type\":\"WebSite\",\"@id\":\"https:\\\/\\\/esei.uvigo.es\\\/es\\\/#website\",\"url\":\"https:\\\/\\\/esei.uvigo.es\\\/es\\\/\",\"name\":\"Escola Superior de Enxe\u00f1ar\u00eda Inform\u00e1tica\",\"description\":\"\",\"publisher\":{\"@id\":\"https:\\\/\\\/esei.uvigo.es\\\/es\\\/#organization\"},\"potentialAction\":[{\"@type\":\"SearchAction\",\"target\":{\"@type\":\"EntryPoint\",\"urlTemplate\":\"https:\\\/\\\/esei.uvigo.es\\\/es\\\/?s={search_term_string}\"},\"query-input\":{\"@type\":\"PropertyValueSpecification\",\"valueRequired\":true,\"valueName\":\"search_term_string\"}}],\"inLanguage\":\"es\"},{\"@type\":\"Organization\",\"@id\":\"https:\\\/\\\/esei.uvigo.es\\\/es\\\/#organization\",\"name\":\"Escola Superior de Enxe\u00f1ar\u00eda Inform\u00e1tica\",\"url\":\"https:\\\/\\\/esei.uvigo.es\\\/es\\\/\",\"logo\":{\"@type\":\"ImageObject\",\"inLanguage\":\"es\",\"@id\":\"https:\\\/\\\/esei.uvigo.es\\\/es\\\/#\\\/schema\\\/logo\\\/image\\\/\",\"url\":\"https:\\\/\\\/esei.uvigo.es\\\/wp-content\\\/uploads\\\/2019\\\/09\\\/esei.png\",\"contentUrl\":\"https:\\\/\\\/esei.uvigo.es\\\/wp-content\\\/uploads\\\/2019\\\/09\\\/esei.png\",\"width\":579,\"height\":98,\"caption\":\"Escola Superior de Enxe\u00f1ar\u00eda Inform\u00e1tica\"},\"image\":{\"@id\":\"https:\\\/\\\/esei.uvigo.es\\\/es\\\/#\\\/schema\\\/logo\\\/image\\\/\"}}]}<\/script>\n<!-- \/ Yoast SEO plugin. -->","yoast_head_json":{"title":"PAT-ANEAE (Plan de Acci\u00f3n Tutorial) | Escola Superior de Enxe\u00f1ar\u00eda Inform\u00e1tica","robots":{"index":"index","follow":"follow","max-snippet":"max-snippet:-1","max-image-preview":"max-image-preview:large","max-video-preview":"max-video-preview:-1"},"canonical":"https:\/\/esei.uvigo.es\/es\/docencia\/pat-plan-de-accion-titorial\/","og_locale":"es_ES","og_type":"article","og_title":"PAT-ANEAE (Plan de Acci\u00f3n Tutorial) | Escola Superior de Enxe\u00f1ar\u00eda Inform\u00e1tica","og_description":"El Plan de Acci\u00f3n Tutorial y Atenci\u00f3n a las Necesidades Espec\u00edficas de Apoyo Educativo (PAT-ANEAE) de la ESEI se configura como el instrumento a trav\u00e9s &hellip; Contin\u00faa","og_url":"https:\/\/esei.uvigo.es\/es\/docencia\/pat-plan-de-accion-titorial\/","og_site_name":"Escola Superior de Enxe\u00f1ar\u00eda Inform\u00e1tica","article_modified_time":"2025-09-21T21:21:07+00:00","twitter_card":"summary_large_image","twitter_misc":{"Tiempo de lectura":"3 minutos"},"schema":{"@context":"https:\/\/schema.org","@graph":[{"@type":"WebPage","@id":"https:\/\/esei.uvigo.es\/es\/docencia\/pat-plan-de-accion-titorial\/","url":"https:\/\/esei.uvigo.es\/es\/docencia\/pat-plan-de-accion-titorial\/","name":"PAT-ANEAE (Plan de Acci\u00f3n Tutorial) | Escola Superior de Enxe\u00f1ar\u00eda Inform\u00e1tica","isPartOf":{"@id":"https:\/\/esei.uvigo.es\/es\/#website"},"datePublished":"2019-02-06T11:38:05+00:00","dateModified":"2025-09-21T21:21:07+00:00","breadcrumb":{"@id":"https:\/\/esei.uvigo.es\/es\/docencia\/pat-plan-de-accion-titorial\/#breadcrumb"},"inLanguage":"es","potentialAction":[{"@type":"ReadAction","target":["https:\/\/esei.uvigo.es\/es\/docencia\/pat-plan-de-accion-titorial\/"]}]},{"@type":"BreadcrumbList","@id":"https:\/\/esei.uvigo.es\/es\/docencia\/pat-plan-de-accion-titorial\/#breadcrumb","itemListElement":[{"@type":"ListItem","position":1,"name":"Portada","item":"https:\/\/esei.uvigo.es\/es\/"},{"@type":"ListItem","position":2,"name":"Docencia","item":"https:\/\/esei.uvigo.es\/es\/docencia\/"},{"@type":"ListItem","position":3,"name":"PAT-ANEAE (Plan de Acci\u00f3n Tutorial)"}]},{"@type":"WebSite","@id":"https:\/\/esei.uvigo.es\/es\/#website","url":"https:\/\/esei.uvigo.es\/es\/","name":"Escola Superior de Enxe\u00f1ar\u00eda Inform\u00e1tica","description":"","publisher":{"@id":"https:\/\/esei.uvigo.es\/es\/#organization"},"potentialAction":[{"@type":"SearchAction","target":{"@type":"EntryPoint","urlTemplate":"https:\/\/esei.uvigo.es\/es\/?s={search_term_string}"},"query-input":{"@type":"PropertyValueSpecification","valueRequired":true,"valueName":"search_term_string"}}],"inLanguage":"es"},{"@type":"Organization","@id":"https:\/\/esei.uvigo.es\/es\/#organization","name":"Escola Superior de Enxe\u00f1ar\u00eda Inform\u00e1tica","url":"https:\/\/esei.uvigo.es\/es\/","logo":{"@type":"ImageObject","inLanguage":"es","@id":"https:\/\/esei.uvigo.es\/es\/#\/schema\/logo\/image\/","url":"https:\/\/esei.uvigo.es\/wp-content\/uploads\/2019\/09\/esei.png","contentUrl":"https:\/\/esei.uvigo.es\/wp-content\/uploads\/2019\/09\/esei.png","width":579,"height":98,"caption":"Escola Superior de Enxe\u00f1ar\u00eda Inform\u00e1tica"},"image":{"@id":"https:\/\/esei.uvigo.es\/es\/#\/schema\/logo\/image\/"}}]}},"_links":{"self":[{"href":"https:\/\/esei.uvigo.es\/es\/wp-json\/wp\/v2\/pages\/22815","targetHints":{"allow":["GET"]}}],"collection":[{"href":"https:\/\/esei.uvigo.es\/es\/wp-json\/wp\/v2\/pages"}],"about":[{"href":"https:\/\/esei.uvigo.es\/es\/wp-json\/wp\/v2\/types\/page"}],"author":[{"embeddable":true,"href":"https:\/\/esei.uvigo.es\/es\/wp-json\/wp\/v2\/users\/1"}],"replies":[{"embeddable":true,"href":"https:\/\/esei.uvigo.es\/es\/wp-json\/wp\/v2\/comments?post=22815"}],"version-history":[{"count":6,"href":"https:\/\/esei.uvigo.es\/es\/wp-json\/wp\/v2\/pages\/22815\/revisions"}],"predecessor-version":[{"id":29333,"href":"https:\/\/esei.uvigo.es\/es\/wp-json\/wp\/v2\/pages\/22815\/revisions\/29333"}],"up":[{"embeddable":true,"href":"https:\/\/esei.uvigo.es\/es\/wp-json\/wp\/v2\/pages\/22790"}],"wp:attachment":[{"href":"https:\/\/esei.uvigo.es\/es\/wp-json\/wp\/v2\/media?parent=22815"}],"curies":[{"name":"wp","href":"https:\/\/api.w.org\/{rel}","templated":true}]}}