{"id":22809,"date":"2019-10-03T17:37:56","date_gmt":"2019-10-03T15:37:56","guid":{"rendered":"https:\/\/esei.uvigo.es\/docencia\/horarios\/grao-en-enxenaria-informatica-cuarto-2o-cuadrimestre\/"},"modified":"2026-02-03T13:06:01","modified_gmt":"2026-02-03T12:06:01","slug":"grao-en-enxenaria-informatica-cuarto-2o-cuadrimestre","status":"publish","type":"page","link":"https:\/\/esei.uvigo.es\/es\/docencia\/horarios\/grao-en-enxenaria-informatica-cuarto-2o-cuadrimestre\/","title":{"rendered":"Grado en Ingenier\u00eda Inform\u00e1tica &#8211; Cuarto &#8211; 2\u00ba cuatrimestre"},"content":{"rendered":"<p class=\"float-right\"><a class=\"btn btn-secondary\" href=\"https:\/\/esei.uvigo.es\/es\/docencia\/horarios\/\" data-icon=\"4\">Volver a horarios<\/a><\/p>\n<h2 class=\"pt-0\"><\/h2>\n<h3>Cuarto curso<\/h3>\n<p><iframe loading=\"lazy\" src=\"https:\/\/www.google.com\/calendar\/embed?title=4%C2%BA%20GRAO&amp;mode=AGENDA&amp;height=600&amp;wkst=1&amp;bgcolor=%23FFFFFF&amp;src=esei.uvigo.es_nqrf3c4nriri5q2o7cqj9pq1n0%40group.calendar.google.com&amp;color=%233F51B5&amp;src=esei.uvigo.es_gr8kmq9m7nnb60gb9i29hk0lak%40group.calendar.google.com&amp;color=%23B1365F&amp;src=esei.uvigo.es_td50lb950982blscm9jbq4n4hk%40group.calendar.google.com&amp;color=%2323164E&amp;src=esei.uvigo.es_qtu3jen07orbas7aa8p1fm39fo%40group.calendar.google.com&amp;color=%236B3304&amp;src=esei.uvigo.es_ei78voc6qftebpt79foq106a1o%40group.calendar.google.com&amp;color=%23853104&amp;src=esei.uvigo.es_p2p54npq5a3k9d6m0i932078rg%40group.calendar.google.com&amp;color=%23853104&amp;src=esei.uvigo.es_eo4pc80sr9no9scu4b7mo0snq8%40group.calendar.google.com&amp;color=%23853104&amp;src=esei.uvigo.es_qkrrbo5e9d79a20q6kdsgoltgc%40group.calendar.google.com&amp;color=%238C500B&amp;src=esei.uvigo.es_26upc62shisojd2u23spam0bu4%40group.calendar.google.com&amp;color=%232F6309&amp;src=esei.uvigo.es_u4fpaq1fh72tahldv5p9c19mak%40group.calendar.google.com&amp;color=%23182C57&amp;src=esei.uvigo.es_21i71mnk39v0gc33o1vinr1qvk%40group.calendar.google.com&amp;color=%23AB8B00&amp;src=esei.uvigo.es_habt2mg7oc4a6iebu73hjhiilo%40group.calendar.google.com&amp;color=%2328754E&amp;src=esei.uvigo.es_tjfaaqq7702goh9l0linv9orjg%40group.calendar.google.com&amp;color=%23182C57&amp;src=esei.uvigo.es_8cmct3asv36bedv0qbul5qu764%40group.calendar.google.com&amp;color=%231B887A&amp;src=esei.uvigo.es_vrjblc1ulr106i8uh5d69duq4o%40group.calendar.google.com&amp;color=%23B1365F&amp;src=esei.uvigo.es_j9h5o75sk3ghb10e5n8sktpofg%40group.calendar.google.com&amp;color=%232952A3&amp;src=esei.uvigo.es_qhmn3206qprdd771ptlp54dtk8%40group.calendar.google.com&amp;color=%230F4B38&amp;ctz=Europe%2FMadrid\" width=\"100%\" height=\"600\" frameborder=\"0\" scrolling=\"no\"><\/iframe><\/p>\n","protected":false},"excerpt":{"rendered":"<p>Volver a horarios Cuarto curso<\/p>\n","protected":false},"author":6,"featured_media":0,"parent":22795,"menu_order":9,"comment_status":"closed","ping_status":"closed","template":"","meta":{"_acf_changed":false,"footnotes":""},"class_list":["post-22809","page","type-page","status-publish","hentry"],"acf":[],"yoast_head":"<!-- This site is optimized with the Yoast SEO plugin v27.6 - https:\/\/yoast.com\/product\/yoast-seo-wordpress\/ -->\n<title>Grado en Ingenier\u00eda Inform\u00e1tica - Cuarto - 2\u00ba cuatrimestre | Escola Superior de Enxe\u00f1ar\u00eda Inform\u00e1tica<\/title>\n<meta name=\"robots\" content=\"index, follow, max-snippet:-1, max-image-preview:large, max-video-preview:-1\" \/>\n<link rel=\"canonical\" href=\"https:\/\/esei.uvigo.es\/es\/docencia\/horarios\/grao-en-enxenaria-informatica-cuarto-2o-cuadrimestre\/\" \/>\n<meta property=\"og:locale\" content=\"es_ES\" \/>\n<meta property=\"og:type\" content=\"article\" \/>\n<meta property=\"og:title\" content=\"Grado en Ingenier\u00eda Inform\u00e1tica - Cuarto - 2\u00ba cuatrimestre | Escola Superior de Enxe\u00f1ar\u00eda Inform\u00e1tica\" \/>\n<meta property=\"og:description\" content=\"Volver a horarios Cuarto curso\" \/>\n<meta property=\"og:url\" content=\"https:\/\/esei.uvigo.es\/es\/docencia\/horarios\/grao-en-enxenaria-informatica-cuarto-2o-cuadrimestre\/\" \/>\n<meta property=\"og:site_name\" content=\"Escola Superior de Enxe\u00f1ar\u00eda Inform\u00e1tica\" \/>\n<meta property=\"article:modified_time\" content=\"2026-02-03T12:06:01+00:00\" \/>\n<meta name=\"twitter:card\" content=\"summary_large_image\" \/>\n<meta name=\"twitter:label1\" content=\"Tiempo de lectura\" \/>\n\t<meta name=\"twitter:data1\" content=\"1 minuto\" \/>\n<script type=\"application\/ld+json\" class=\"yoast-schema-graph\">{\"@context\":\"https:\\\/\\\/schema.org\",\"@graph\":[{\"@type\":\"WebPage\",\"@id\":\"https:\\\/\\\/esei.uvigo.es\\\/es\\\/docencia\\\/horarios\\\/grao-en-enxenaria-informatica-cuarto-2o-cuadrimestre\\\/\",\"url\":\"https:\\\/\\\/esei.uvigo.es\\\/es\\\/docencia\\\/horarios\\\/grao-en-enxenaria-informatica-cuarto-2o-cuadrimestre\\\/\",\"name\":\"Grado en Ingenier\u00eda Inform\u00e1tica - Cuarto - 2\u00ba cuatrimestre | Escola Superior de Enxe\u00f1ar\u00eda Inform\u00e1tica\",\"isPartOf\":{\"@id\":\"https:\\\/\\\/esei.uvigo.es\\\/es\\\/#website\"},\"datePublished\":\"2019-10-03T15:37:56+00:00\",\"dateModified\":\"2026-02-03T12:06:01+00:00\",\"breadcrumb\":{\"@id\":\"https:\\\/\\\/esei.uvigo.es\\\/es\\\/docencia\\\/horarios\\\/grao-en-enxenaria-informatica-cuarto-2o-cuadrimestre\\\/#breadcrumb\"},\"inLanguage\":\"es\",\"potentialAction\":[{\"@type\":\"ReadAction\",\"target\":[\"https:\\\/\\\/esei.uvigo.es\\\/es\\\/docencia\\\/horarios\\\/grao-en-enxenaria-informatica-cuarto-2o-cuadrimestre\\\/\"]}]},{\"@type\":\"BreadcrumbList\",\"@id\":\"https:\\\/\\\/esei.uvigo.es\\\/es\\\/docencia\\\/horarios\\\/grao-en-enxenaria-informatica-cuarto-2o-cuadrimestre\\\/#breadcrumb\",\"itemListElement\":[{\"@type\":\"ListItem\",\"position\":1,\"name\":\"Portada\",\"item\":\"https:\\\/\\\/esei.uvigo.es\\\/es\\\/\"},{\"@type\":\"ListItem\",\"position\":2,\"name\":\"Docencia\",\"item\":\"https:\\\/\\\/esei.uvigo.es\\\/es\\\/docencia\\\/\"},{\"@type\":\"ListItem\",\"position\":3,\"name\":\"Horarios\",\"item\":\"https:\\\/\\\/esei.uvigo.es\\\/es\\\/docencia\\\/horarios\\\/\"},{\"@type\":\"ListItem\",\"position\":4,\"name\":\"Grado en Ingenier\u00eda Inform\u00e1tica &#8211; Cuarto &#8211; 2\u00ba cuatrimestre\"}]},{\"@type\":\"WebSite\",\"@id\":\"https:\\\/\\\/esei.uvigo.es\\\/es\\\/#website\",\"url\":\"https:\\\/\\\/esei.uvigo.es\\\/es\\\/\",\"name\":\"Escola Superior de Enxe\u00f1ar\u00eda Inform\u00e1tica\",\"description\":\"\",\"publisher\":{\"@id\":\"https:\\\/\\\/esei.uvigo.es\\\/es\\\/#organization\"},\"potentialAction\":[{\"@type\":\"SearchAction\",\"target\":{\"@type\":\"EntryPoint\",\"urlTemplate\":\"https:\\\/\\\/esei.uvigo.es\\\/es\\\/?s={search_term_string}\"},\"query-input\":{\"@type\":\"PropertyValueSpecification\",\"valueRequired\":true,\"valueName\":\"search_term_string\"}}],\"inLanguage\":\"es\"},{\"@type\":\"Organization\",\"@id\":\"https:\\\/\\\/esei.uvigo.es\\\/es\\\/#organization\",\"name\":\"Escola Superior de Enxe\u00f1ar\u00eda Inform\u00e1tica\",\"url\":\"https:\\\/\\\/esei.uvigo.es\\\/es\\\/\",\"logo\":{\"@type\":\"ImageObject\",\"inLanguage\":\"es\",\"@id\":\"https:\\\/\\\/esei.uvigo.es\\\/es\\\/#\\\/schema\\\/logo\\\/image\\\/\",\"url\":\"https:\\\/\\\/esei.uvigo.es\\\/wp-content\\\/uploads\\\/2019\\\/09\\\/esei.png\",\"contentUrl\":\"https:\\\/\\\/esei.uvigo.es\\\/wp-content\\\/uploads\\\/2019\\\/09\\\/esei.png\",\"width\":579,\"height\":98,\"caption\":\"Escola Superior de Enxe\u00f1ar\u00eda Inform\u00e1tica\"},\"image\":{\"@id\":\"https:\\\/\\\/esei.uvigo.es\\\/es\\\/#\\\/schema\\\/logo\\\/image\\\/\"}}]}<\/script>\n<!-- \/ Yoast SEO plugin. -->","yoast_head_json":{"title":"Grado en Ingenier\u00eda Inform\u00e1tica - Cuarto - 2\u00ba cuatrimestre | Escola Superior de Enxe\u00f1ar\u00eda Inform\u00e1tica","robots":{"index":"index","follow":"follow","max-snippet":"max-snippet:-1","max-image-preview":"max-image-preview:large","max-video-preview":"max-video-preview:-1"},"canonical":"https:\/\/esei.uvigo.es\/es\/docencia\/horarios\/grao-en-enxenaria-informatica-cuarto-2o-cuadrimestre\/","og_locale":"es_ES","og_type":"article","og_title":"Grado en Ingenier\u00eda Inform\u00e1tica - Cuarto - 2\u00ba cuatrimestre | Escola Superior de Enxe\u00f1ar\u00eda Inform\u00e1tica","og_description":"Volver a horarios Cuarto curso","og_url":"https:\/\/esei.uvigo.es\/es\/docencia\/horarios\/grao-en-enxenaria-informatica-cuarto-2o-cuadrimestre\/","og_site_name":"Escola Superior de Enxe\u00f1ar\u00eda Inform\u00e1tica","article_modified_time":"2026-02-03T12:06:01+00:00","twitter_card":"summary_large_image","twitter_misc":{"Tiempo de lectura":"1 minuto"},"schema":{"@context":"https:\/\/schema.org","@graph":[{"@type":"WebPage","@id":"https:\/\/esei.uvigo.es\/es\/docencia\/horarios\/grao-en-enxenaria-informatica-cuarto-2o-cuadrimestre\/","url":"https:\/\/esei.uvigo.es\/es\/docencia\/horarios\/grao-en-enxenaria-informatica-cuarto-2o-cuadrimestre\/","name":"Grado en Ingenier\u00eda Inform\u00e1tica - Cuarto - 2\u00ba cuatrimestre | Escola Superior de Enxe\u00f1ar\u00eda Inform\u00e1tica","isPartOf":{"@id":"https:\/\/esei.uvigo.es\/es\/#website"},"datePublished":"2019-10-03T15:37:56+00:00","dateModified":"2026-02-03T12:06:01+00:00","breadcrumb":{"@id":"https:\/\/esei.uvigo.es\/es\/docencia\/horarios\/grao-en-enxenaria-informatica-cuarto-2o-cuadrimestre\/#breadcrumb"},"inLanguage":"es","potentialAction":[{"@type":"ReadAction","target":["https:\/\/esei.uvigo.es\/es\/docencia\/horarios\/grao-en-enxenaria-informatica-cuarto-2o-cuadrimestre\/"]}]},{"@type":"BreadcrumbList","@id":"https:\/\/esei.uvigo.es\/es\/docencia\/horarios\/grao-en-enxenaria-informatica-cuarto-2o-cuadrimestre\/#breadcrumb","itemListElement":[{"@type":"ListItem","position":1,"name":"Portada","item":"https:\/\/esei.uvigo.es\/es\/"},{"@type":"ListItem","position":2,"name":"Docencia","item":"https:\/\/esei.uvigo.es\/es\/docencia\/"},{"@type":"ListItem","position":3,"name":"Horarios","item":"https:\/\/esei.uvigo.es\/es\/docencia\/horarios\/"},{"@type":"ListItem","position":4,"name":"Grado en Ingenier\u00eda Inform\u00e1tica &#8211; Cuarto &#8211; 2\u00ba cuatrimestre"}]},{"@type":"WebSite","@id":"https:\/\/esei.uvigo.es\/es\/#website","url":"https:\/\/esei.uvigo.es\/es\/","name":"Escola Superior de Enxe\u00f1ar\u00eda Inform\u00e1tica","description":"","publisher":{"@id":"https:\/\/esei.uvigo.es\/es\/#organization"},"potentialAction":[{"@type":"SearchAction","target":{"@type":"EntryPoint","urlTemplate":"https:\/\/esei.uvigo.es\/es\/?s={search_term_string}"},"query-input":{"@type":"PropertyValueSpecification","valueRequired":true,"valueName":"search_term_string"}}],"inLanguage":"es"},{"@type":"Organization","@id":"https:\/\/esei.uvigo.es\/es\/#organization","name":"Escola Superior de Enxe\u00f1ar\u00eda Inform\u00e1tica","url":"https:\/\/esei.uvigo.es\/es\/","logo":{"@type":"ImageObject","inLanguage":"es","@id":"https:\/\/esei.uvigo.es\/es\/#\/schema\/logo\/image\/","url":"https:\/\/esei.uvigo.es\/wp-content\/uploads\/2019\/09\/esei.png","contentUrl":"https:\/\/esei.uvigo.es\/wp-content\/uploads\/2019\/09\/esei.png","width":579,"height":98,"caption":"Escola Superior de Enxe\u00f1ar\u00eda Inform\u00e1tica"},"image":{"@id":"https:\/\/esei.uvigo.es\/es\/#\/schema\/logo\/image\/"}}]}},"_links":{"self":[{"href":"https:\/\/esei.uvigo.es\/es\/wp-json\/wp\/v2\/pages\/22809","targetHints":{"allow":["GET"]}}],"collection":[{"href":"https:\/\/esei.uvigo.es\/es\/wp-json\/wp\/v2\/pages"}],"about":[{"href":"https:\/\/esei.uvigo.es\/es\/wp-json\/wp\/v2\/types\/page"}],"author":[{"embeddable":true,"href":"https:\/\/esei.uvigo.es\/es\/wp-json\/wp\/v2\/users\/6"}],"replies":[{"embeddable":true,"href":"https:\/\/esei.uvigo.es\/es\/wp-json\/wp\/v2\/comments?post=22809"}],"version-history":[{"count":5,"href":"https:\/\/esei.uvigo.es\/es\/wp-json\/wp\/v2\/pages\/22809\/revisions"}],"predecessor-version":[{"id":29964,"href":"https:\/\/esei.uvigo.es\/es\/wp-json\/wp\/v2\/pages\/22809\/revisions\/29964"}],"up":[{"embeddable":true,"href":"https:\/\/esei.uvigo.es\/es\/wp-json\/wp\/v2\/pages\/22795"}],"wp:attachment":[{"href":"https:\/\/esei.uvigo.es\/es\/wp-json\/wp\/v2\/media?parent=22809"}],"curies":[{"name":"wp","href":"https:\/\/api.w.org\/{rel}","templated":true}]}}