{"id":22798,"date":"2020-06-01T19:55:40","date_gmt":"2020-06-01T17:55:40","guid":{"rendered":"https:\/\/esei.uvigo.es\/docencia\/horarios\/programa-conxunto-grao-en-enxenaria-informatica-ade-quinto-1o-cuadrimestre\/"},"modified":"2026-02-03T13:04:42","modified_gmt":"2026-02-03T12:04:42","slug":"programa-conxunto-grao-en-enxenaria-informatica-ade-quinto-1o-cuadrimestre","status":"publish","type":"page","link":"https:\/\/esei.uvigo.es\/es\/docencia\/horarios\/programa-conxunto-grao-en-enxenaria-informatica-ade-quinto-1o-cuadrimestre\/","title":{"rendered":"Programa Conjunto Grado en Ingenier\u00eda Inform\u00e1tica + ADE &#8211; Quinto &#8211; 1\u00ba cuatrimestre"},"content":{"rendered":"<p class=\"float-right\"><a class=\"btn btn-secondary\" href=\"https:\/\/esei.uvigo.es\/es\/docencia\/horarios\/\" data-icon=\"4\">Volver a horarios<\/a><\/p>\n<h3>Quinto curso<\/h3>\n<p><iframe loading=\"lazy\" src=\"https:\/\/calendar.google.com\/calendar\/embed?mode=AGENDA&amp;title=5%C2%BA%20PCEO&amp;height=600&amp;wkst=2&amp;bgcolor=%23ffffff&amp;ctz=Europe%2FMadrid&amp;src=ZXNlaS51dmlnby5lc19qbDJkNnZmc2g3NjNsYjRhbGkwdWkyaGpnNEBncm91cC5jYWxlbmRhci5nb29nbGUuY29t&amp;src=ZXNlaS51dmlnby5lc191ZDdjazJ1aDBlZDRnOGw1ZTBkaW42cjdxY0Bncm91cC5jYWxlbmRhci5nb29nbGUuY29t&amp;src=ZXNlaS51dmlnby5lc183OWVoZGxlcWRuYzA4OXBpYjY1dXUxdWEyc0Bncm91cC5jYWxlbmRhci5nb29nbGUuY29t&amp;src=ZXNlaS51dmlnby5lc19vMzJpNDZwdTVuNHQyNnI3ZjNya2tjaHZzc0Bncm91cC5jYWxlbmRhci5nb29nbGUuY29t&amp;src=ZXNlaS51dmlnby5lc190YmNuc3ViOWowYWR1czIycHY1OXNjNmY3NEBncm91cC5jYWxlbmRhci5nb29nbGUuY29t&amp;color=%23D81B60&amp;color=%23009688&amp;color=%23F09300&amp;color=%23D81B60&amp;color=%23E4C441\" width=\"100%\" height=\"600\" frameborder=\"0\" scrolling=\"no\"><\/iframe><\/p>\n","protected":false},"excerpt":{"rendered":"<p>Volver a horarios Quinto curso<\/p>\n","protected":false},"author":1,"featured_media":0,"parent":22795,"menu_order":2,"comment_status":"closed","ping_status":"closed","template":"","meta":{"_acf_changed":false,"footnotes":""},"class_list":["post-22798","page","type-page","status-publish","hentry"],"acf":[],"yoast_head":"<!-- This site is optimized with the Yoast SEO plugin v27.6 - https:\/\/yoast.com\/product\/yoast-seo-wordpress\/ -->\n<title>Programa Conjunto Grado en Ingenier\u00eda Inform\u00e1tica + ADE - Quinto - 1\u00ba cuatrimestre | Escola Superior de Enxe\u00f1ar\u00eda Inform\u00e1tica<\/title>\n<meta name=\"robots\" content=\"index, follow, max-snippet:-1, max-image-preview:large, max-video-preview:-1\" \/>\n<link rel=\"canonical\" href=\"https:\/\/esei.uvigo.es\/es\/docencia\/horarios\/programa-conxunto-grao-en-enxenaria-informatica-ade-quinto-1o-cuadrimestre\/\" \/>\n<meta property=\"og:locale\" content=\"es_ES\" \/>\n<meta property=\"og:type\" content=\"article\" \/>\n<meta property=\"og:title\" content=\"Programa Conjunto Grado en Ingenier\u00eda Inform\u00e1tica + ADE - Quinto - 1\u00ba cuatrimestre | Escola Superior de Enxe\u00f1ar\u00eda Inform\u00e1tica\" \/>\n<meta property=\"og:description\" content=\"Volver a horarios Quinto curso\" \/>\n<meta property=\"og:url\" content=\"https:\/\/esei.uvigo.es\/es\/docencia\/horarios\/programa-conxunto-grao-en-enxenaria-informatica-ade-quinto-1o-cuadrimestre\/\" \/>\n<meta property=\"og:site_name\" content=\"Escola Superior de Enxe\u00f1ar\u00eda Inform\u00e1tica\" \/>\n<meta property=\"article:modified_time\" content=\"2026-02-03T12:04:42+00:00\" \/>\n<meta name=\"twitter:card\" content=\"summary_large_image\" \/>\n<meta name=\"twitter:label1\" content=\"Tiempo de lectura\" \/>\n\t<meta name=\"twitter:data1\" content=\"1 minuto\" \/>\n<script type=\"application\/ld+json\" class=\"yoast-schema-graph\">{\"@context\":\"https:\\\/\\\/schema.org\",\"@graph\":[{\"@type\":\"WebPage\",\"@id\":\"https:\\\/\\\/esei.uvigo.es\\\/es\\\/docencia\\\/horarios\\\/programa-conxunto-grao-en-enxenaria-informatica-ade-quinto-1o-cuadrimestre\\\/\",\"url\":\"https:\\\/\\\/esei.uvigo.es\\\/es\\\/docencia\\\/horarios\\\/programa-conxunto-grao-en-enxenaria-informatica-ade-quinto-1o-cuadrimestre\\\/\",\"name\":\"Programa Conjunto Grado en Ingenier\u00eda Inform\u00e1tica + ADE - Quinto - 1\u00ba cuatrimestre | Escola Superior de Enxe\u00f1ar\u00eda Inform\u00e1tica\",\"isPartOf\":{\"@id\":\"https:\\\/\\\/esei.uvigo.es\\\/es\\\/#website\"},\"datePublished\":\"2020-06-01T17:55:40+00:00\",\"dateModified\":\"2026-02-03T12:04:42+00:00\",\"breadcrumb\":{\"@id\":\"https:\\\/\\\/esei.uvigo.es\\\/es\\\/docencia\\\/horarios\\\/programa-conxunto-grao-en-enxenaria-informatica-ade-quinto-1o-cuadrimestre\\\/#breadcrumb\"},\"inLanguage\":\"es\",\"potentialAction\":[{\"@type\":\"ReadAction\",\"target\":[\"https:\\\/\\\/esei.uvigo.es\\\/es\\\/docencia\\\/horarios\\\/programa-conxunto-grao-en-enxenaria-informatica-ade-quinto-1o-cuadrimestre\\\/\"]}]},{\"@type\":\"BreadcrumbList\",\"@id\":\"https:\\\/\\\/esei.uvigo.es\\\/es\\\/docencia\\\/horarios\\\/programa-conxunto-grao-en-enxenaria-informatica-ade-quinto-1o-cuadrimestre\\\/#breadcrumb\",\"itemListElement\":[{\"@type\":\"ListItem\",\"position\":1,\"name\":\"Portada\",\"item\":\"https:\\\/\\\/esei.uvigo.es\\\/es\\\/\"},{\"@type\":\"ListItem\",\"position\":2,\"name\":\"Docencia\",\"item\":\"https:\\\/\\\/esei.uvigo.es\\\/es\\\/docencia\\\/\"},{\"@type\":\"ListItem\",\"position\":3,\"name\":\"Horarios\",\"item\":\"https:\\\/\\\/esei.uvigo.es\\\/es\\\/docencia\\\/horarios\\\/\"},{\"@type\":\"ListItem\",\"position\":4,\"name\":\"Programa Conjunto Grado en Ingenier\u00eda Inform\u00e1tica + ADE &#8211; Quinto &#8211; 1\u00ba cuatrimestre\"}]},{\"@type\":\"WebSite\",\"@id\":\"https:\\\/\\\/esei.uvigo.es\\\/es\\\/#website\",\"url\":\"https:\\\/\\\/esei.uvigo.es\\\/es\\\/\",\"name\":\"Escola Superior de Enxe\u00f1ar\u00eda Inform\u00e1tica\",\"description\":\"\",\"publisher\":{\"@id\":\"https:\\\/\\\/esei.uvigo.es\\\/es\\\/#organization\"},\"potentialAction\":[{\"@type\":\"SearchAction\",\"target\":{\"@type\":\"EntryPoint\",\"urlTemplate\":\"https:\\\/\\\/esei.uvigo.es\\\/es\\\/?s={search_term_string}\"},\"query-input\":{\"@type\":\"PropertyValueSpecification\",\"valueRequired\":true,\"valueName\":\"search_term_string\"}}],\"inLanguage\":\"es\"},{\"@type\":\"Organization\",\"@id\":\"https:\\\/\\\/esei.uvigo.es\\\/es\\\/#organization\",\"name\":\"Escola Superior de Enxe\u00f1ar\u00eda Inform\u00e1tica\",\"url\":\"https:\\\/\\\/esei.uvigo.es\\\/es\\\/\",\"logo\":{\"@type\":\"ImageObject\",\"inLanguage\":\"es\",\"@id\":\"https:\\\/\\\/esei.uvigo.es\\\/es\\\/#\\\/schema\\\/logo\\\/image\\\/\",\"url\":\"https:\\\/\\\/esei.uvigo.es\\\/wp-content\\\/uploads\\\/2019\\\/09\\\/esei.png\",\"contentUrl\":\"https:\\\/\\\/esei.uvigo.es\\\/wp-content\\\/uploads\\\/2019\\\/09\\\/esei.png\",\"width\":579,\"height\":98,\"caption\":\"Escola Superior de Enxe\u00f1ar\u00eda Inform\u00e1tica\"},\"image\":{\"@id\":\"https:\\\/\\\/esei.uvigo.es\\\/es\\\/#\\\/schema\\\/logo\\\/image\\\/\"}}]}<\/script>\n<!-- \/ Yoast SEO plugin. -->","yoast_head_json":{"title":"Programa Conjunto Grado en Ingenier\u00eda Inform\u00e1tica + ADE - Quinto - 1\u00ba cuatrimestre | Escola Superior de Enxe\u00f1ar\u00eda Inform\u00e1tica","robots":{"index":"index","follow":"follow","max-snippet":"max-snippet:-1","max-image-preview":"max-image-preview:large","max-video-preview":"max-video-preview:-1"},"canonical":"https:\/\/esei.uvigo.es\/es\/docencia\/horarios\/programa-conxunto-grao-en-enxenaria-informatica-ade-quinto-1o-cuadrimestre\/","og_locale":"es_ES","og_type":"article","og_title":"Programa Conjunto Grado en Ingenier\u00eda Inform\u00e1tica + ADE - Quinto - 1\u00ba cuatrimestre | Escola Superior de Enxe\u00f1ar\u00eda Inform\u00e1tica","og_description":"Volver a horarios Quinto curso","og_url":"https:\/\/esei.uvigo.es\/es\/docencia\/horarios\/programa-conxunto-grao-en-enxenaria-informatica-ade-quinto-1o-cuadrimestre\/","og_site_name":"Escola Superior de Enxe\u00f1ar\u00eda Inform\u00e1tica","article_modified_time":"2026-02-03T12:04:42+00:00","twitter_card":"summary_large_image","twitter_misc":{"Tiempo de lectura":"1 minuto"},"schema":{"@context":"https:\/\/schema.org","@graph":[{"@type":"WebPage","@id":"https:\/\/esei.uvigo.es\/es\/docencia\/horarios\/programa-conxunto-grao-en-enxenaria-informatica-ade-quinto-1o-cuadrimestre\/","url":"https:\/\/esei.uvigo.es\/es\/docencia\/horarios\/programa-conxunto-grao-en-enxenaria-informatica-ade-quinto-1o-cuadrimestre\/","name":"Programa Conjunto Grado en Ingenier\u00eda Inform\u00e1tica + ADE - Quinto - 1\u00ba cuatrimestre | Escola Superior de Enxe\u00f1ar\u00eda Inform\u00e1tica","isPartOf":{"@id":"https:\/\/esei.uvigo.es\/es\/#website"},"datePublished":"2020-06-01T17:55:40+00:00","dateModified":"2026-02-03T12:04:42+00:00","breadcrumb":{"@id":"https:\/\/esei.uvigo.es\/es\/docencia\/horarios\/programa-conxunto-grao-en-enxenaria-informatica-ade-quinto-1o-cuadrimestre\/#breadcrumb"},"inLanguage":"es","potentialAction":[{"@type":"ReadAction","target":["https:\/\/esei.uvigo.es\/es\/docencia\/horarios\/programa-conxunto-grao-en-enxenaria-informatica-ade-quinto-1o-cuadrimestre\/"]}]},{"@type":"BreadcrumbList","@id":"https:\/\/esei.uvigo.es\/es\/docencia\/horarios\/programa-conxunto-grao-en-enxenaria-informatica-ade-quinto-1o-cuadrimestre\/#breadcrumb","itemListElement":[{"@type":"ListItem","position":1,"name":"Portada","item":"https:\/\/esei.uvigo.es\/es\/"},{"@type":"ListItem","position":2,"name":"Docencia","item":"https:\/\/esei.uvigo.es\/es\/docencia\/"},{"@type":"ListItem","position":3,"name":"Horarios","item":"https:\/\/esei.uvigo.es\/es\/docencia\/horarios\/"},{"@type":"ListItem","position":4,"name":"Programa Conjunto Grado en Ingenier\u00eda Inform\u00e1tica + ADE &#8211; Quinto &#8211; 1\u00ba cuatrimestre"}]},{"@type":"WebSite","@id":"https:\/\/esei.uvigo.es\/es\/#website","url":"https:\/\/esei.uvigo.es\/es\/","name":"Escola Superior de Enxe\u00f1ar\u00eda Inform\u00e1tica","description":"","publisher":{"@id":"https:\/\/esei.uvigo.es\/es\/#organization"},"potentialAction":[{"@type":"SearchAction","target":{"@type":"EntryPoint","urlTemplate":"https:\/\/esei.uvigo.es\/es\/?s={search_term_string}"},"query-input":{"@type":"PropertyValueSpecification","valueRequired":true,"valueName":"search_term_string"}}],"inLanguage":"es"},{"@type":"Organization","@id":"https:\/\/esei.uvigo.es\/es\/#organization","name":"Escola Superior de Enxe\u00f1ar\u00eda Inform\u00e1tica","url":"https:\/\/esei.uvigo.es\/es\/","logo":{"@type":"ImageObject","inLanguage":"es","@id":"https:\/\/esei.uvigo.es\/es\/#\/schema\/logo\/image\/","url":"https:\/\/esei.uvigo.es\/wp-content\/uploads\/2019\/09\/esei.png","contentUrl":"https:\/\/esei.uvigo.es\/wp-content\/uploads\/2019\/09\/esei.png","width":579,"height":98,"caption":"Escola Superior de Enxe\u00f1ar\u00eda Inform\u00e1tica"},"image":{"@id":"https:\/\/esei.uvigo.es\/es\/#\/schema\/logo\/image\/"}}]}},"_links":{"self":[{"href":"https:\/\/esei.uvigo.es\/es\/wp-json\/wp\/v2\/pages\/22798","targetHints":{"allow":["GET"]}}],"collection":[{"href":"https:\/\/esei.uvigo.es\/es\/wp-json\/wp\/v2\/pages"}],"about":[{"href":"https:\/\/esei.uvigo.es\/es\/wp-json\/wp\/v2\/types\/page"}],"author":[{"embeddable":true,"href":"https:\/\/esei.uvigo.es\/es\/wp-json\/wp\/v2\/users\/1"}],"replies":[{"embeddable":true,"href":"https:\/\/esei.uvigo.es\/es\/wp-json\/wp\/v2\/comments?post=22798"}],"version-history":[{"count":2,"href":"https:\/\/esei.uvigo.es\/es\/wp-json\/wp\/v2\/pages\/22798\/revisions"}],"predecessor-version":[{"id":29940,"href":"https:\/\/esei.uvigo.es\/es\/wp-json\/wp\/v2\/pages\/22798\/revisions\/29940"}],"up":[{"embeddable":true,"href":"https:\/\/esei.uvigo.es\/es\/wp-json\/wp\/v2\/pages\/22795"}],"wp:attachment":[{"href":"https:\/\/esei.uvigo.es\/es\/wp-json\/wp\/v2\/media?parent=22798"}],"curies":[{"name":"wp","href":"https:\/\/api.w.org\/{rel}","templated":true}]}}