{"id":22793,"date":"2019-02-06T12:37:27","date_gmt":"2019-02-06T11:37:27","guid":{"rendered":"https:\/\/esei.uvigo.es\/docencia\/exames\/"},"modified":"2026-01-25T11:51:37","modified_gmt":"2026-01-25T10:51:37","slug":"exames","status":"publish","type":"page","link":"https:\/\/esei.uvigo.es\/es\/docencia\/exames\/","title":{"rendered":"Ex\u00e1menes"},"content":{"rendered":"<div class=\"position-relative\">\n<ul id=\"ex\u00e1menes\" class=\"nav nav-tabs justify-content-start position-static\" role=\"tablist\">\n<li class=\"nav-item\"><a id=\"GREI-tab\" class=\"nav-link active\" role=\"tab\" href=\"#GREI\" data-toggle=\"tab\" aria-controls=\"GREI\" aria-selected=\"true\">GREI<\/a><\/li>\n<li class=\"nav-item\"><a id=\"GRIA-tab\" class=\"nav-link\" role=\"tab\" href=\"#GRIA\" data-toggle=\"tab\" aria-controls=\"segundo\" aria-selected=\"false\">GRIA<\/a><\/li>\n<li class=\"nav-item\"><a id=\"PCEO-tab\" class=\"nav-link\" role=\"tab\" href=\"#PCEO\" data-toggle=\"tab\" aria-controls=\"PCEO\" aria-selected=\"false\">PCEO ADE+EI<\/a><\/li>\n<li class=\"nav-item\"><a id=\"GRIAEI-tab\" class=\"nav-link\" role=\"tab\" href=\"#GRIAEI\" data-toggle=\"tab\" aria-controls=\"GRIAEI\" aria-selected=\"false\">PCEO GRIAEI<\/a><\/li>\n<li class=\"nav-item\"><a id=\"MEI-tab\" class=\"nav-link\" role=\"tab\" href=\"#MEI\" data-toggle=\"tab\" aria-controls=\"MEI\" aria-selected=\"false\">MEI<\/a><\/li>\n<li class=\"nav-item\"><a id=\"MIA-tab\" class=\"nav-link\" role=\"tab\" href=\"#MIA\" data-toggle=\"tab\" aria-controls=\"MIA\" aria-selected=\"false\">MIA<\/a><\/li>\n<\/ul>\n<\/div>\n<div class=\"tab-content\">\n<div id=\"GREI\" class=\"tab-pane active\" role=\"tabpanel\" aria-labelledby=\"GREI-tab\">\n<h2><strong>Curso <\/strong><strong>2025-2026<\/strong><\/h2>\n<h2>Grado en Ingenier\u00eda Inform\u00e1tica<\/h2>\n<ul class=\"list-peak\">\n<li><a href=\"https:\/\/esei.uvigo.es\/documentos\/grao-exames-fin-de-carreira\/\" target=\"_blank\" rel=\"noopener noreferrer\">Fin de carrera<\/a><\/li>\n<li><a href=\"https:\/\/esei.uvigo.es\/documentos\/grao-exames-1-cuatrimestre\/\" target=\"_blank\" rel=\"noopener noreferrer\">Primer cuatrimestre<\/a><\/li>\n<li><a href=\"https:\/\/esei.uvigo.es\/documentos\/grao-exames-2-cuatrimestre\/\" target=\"_blank\" rel=\"noopener noreferrer\">Segundo cuatrimestre<\/a><\/li>\n<li><a href=\"https:\/\/esei.uvigo.es\/documentos\/grao-exames-xullo\/\" target=\"_blank\" rel=\"noopener noreferrer\">Julio<\/a><\/li>\n<\/ul>\n<\/div>\n<div id=\"GRIA\" class=\"tab-pane\" role=\"tabpanel\" aria-labelledby=\"GRIA-tab\">\n<h2><strong>Curso <\/strong><strong>2025-2026<\/strong><\/h2>\n<h2>Grado en Inteligencia Artificial<\/h2>\n<ul class=\"list-peak\">\n<li><a href=\"https:\/\/esei.uvigo.es\/documentos\/gria-exames-1c\/\">Primer cuatrimestre<\/a><\/li>\n<li><a href=\"https:\/\/esei.uvigo.es\/documentos\/gria-exames-2c\/\">Segundo cuatrimestre<\/a><\/li>\n<li><a href=\"https:\/\/esei.uvigo.es\/documentos\/gria-exames-xullo\/\">Julio<\/a><\/li>\n<\/ul>\n<\/div>\n<div id=\"PCEO\" class=\"tab-pane\" role=\"tabpanel\" aria-labelledby=\"PCEO-tab\">\n<h2><strong>Curso <\/strong><strong>2025-2026<\/strong><\/h2>\n<h2>Programa conjunto Grados ADE+EI<\/h2>\n<ul class=\"list-peak\">\n<li><a href=\"https:\/\/esei.uvigo.es\/documentos\/pceo-exames-fin-de-carreira\/\">Fin de carrera<\/a><\/li>\n<li><a href=\"https:\/\/esei.uvigo.es\/documentos\/pceo-exames-1-cuatrimestre\/\" target=\"_blank\" rel=\"noopener noreferrer\">Primer cuatrimestre<\/a><\/li>\n<li><a href=\"https:\/\/esei.uvigo.es\/documentos\/pceo-exames-2-cuatrimestre\/\" target=\"_blank\" rel=\"noopener noreferrer\">Segundo cuatrimestre<\/a><\/li>\n<li><a href=\"https:\/\/esei.uvigo.es\/documentos\/pceo-exames-xullo\/\" target=\"_blank\" rel=\"noopener noreferrer\">Julio<\/a><\/li>\n<\/ul>\n<\/div>\n<div id=\"GRIAEI\" class=\"tab-pane\" role=\"tabpanel\" aria-labelledby=\"GRIAEI-tab\">\n<h2><strong>Curso <\/strong><strong>2025-2026<\/strong><\/h2>\n<h2>Programa conjunto Grados IA+EI<\/h2>\n<ul class=\"list-peak\">\n<li><a href=\"https:\/\/esei.uvigo.es\/documentos\/pceo-griaei-exames-1-cuatrimestre\/\" target=\"_blank\" rel=\"noopener noreferrer\">Primer cuatrimestre<\/a><\/li>\n<li><a href=\"https:\/\/esei.uvigo.es\/documentos\/pceo-griaei-exames-2-cuatrimestre\/\" target=\"_blank\" rel=\"noopener noreferrer\">Segundo cuatrimestre<\/a><\/li>\n<li><a href=\"https:\/\/esei.uvigo.es\/documentos\/pceo-griaei-exames-xullo\/\" target=\"_blank\" rel=\"noopener noreferrer\">Julio<\/a><\/li>\n<\/ul>\n<\/div>\n<div id=\"MEI\" class=\"tab-pane\" role=\"tabpanel\" aria-labelledby=\"MEI-tab\">\n<h2><strong>Curso <\/strong><strong>2025-2026<\/strong><\/h2>\n<h2>M\u00e1ster Universitario en Ingenier\u00eda Inform\u00e1tica<\/h2>\n<ul class=\"list-peak\">\n<li><a href=\"https:\/\/esei.uvigo.es\/documentos\/master-exames-1-cuatrimestre\/\" target=\"_blank\" rel=\"noopener noreferrer\">Primer cuatrimestre<\/a><\/li>\n<li><a href=\"https:\/\/esei.uvigo.es\/documentos\/master-exames-2-cuatrimestre\/\" target=\"_blank\" rel=\"noopener noreferrer\">Segundo cuatrimestre<\/a><\/li>\n<li><a href=\"https:\/\/esei.uvigo.es\/documentos\/master-exames-xullo\/\" target=\"_blank\" rel=\"noopener noreferrer\">Julio<\/a><\/li>\n<\/ul>\n<\/div>\n<div id=\"MIA\" class=\"tab-pane\" role=\"tabpanel\" aria-labelledby=\"MIA-tab\">\n<h2><strong>Curso <\/strong><strong>2025-2026<\/strong><\/h2>\n<h2>M\u00e1ster Universitario en Inteligencia Artificial<\/h2>\n<ul class=\"list-peak\">\n<li><a href=\"https:\/\/esei.uvigo.es\/documentos\/xullo-primeiro-mia\/\" target=\"_blank\" rel=\"noopener\">Todas las convocatorias<\/a><\/li>\n<\/ul>\n<\/div>\n<\/div>\n","protected":false},"excerpt":{"rendered":"<p>GREI GRIA PCEO ADE+EI PCEO GRIAEI MEI MIA Curso 2025-2026 Grado en Ingenier\u00eda Inform\u00e1tica Fin de carrera Primer cuatrimestre Segundo cuatrimestre Julio Curso 2025-2026 Grado &hellip; <a class=\"excerpt_more\" href=\"https:\/\/esei.uvigo.es\/es\/docencia\/exames\/\">Contin\u00faa<\/a><\/p>\n","protected":false},"author":1,"featured_media":0,"parent":22790,"menu_order":11,"comment_status":"closed","ping_status":"closed","template":"","meta":{"_acf_changed":false,"footnotes":""},"class_list":["post-22793","page","type-page","status-publish","hentry"],"acf":[],"yoast_head":"<!-- This site is optimized with the Yoast SEO plugin v27.6 - https:\/\/yoast.com\/product\/yoast-seo-wordpress\/ -->\n<title>Ex\u00e1menes | Escola Superior de Enxe\u00f1ar\u00eda Inform\u00e1tica<\/title>\n<meta name=\"robots\" content=\"index, follow, max-snippet:-1, max-image-preview:large, max-video-preview:-1\" \/>\n<link rel=\"canonical\" href=\"https:\/\/esei.uvigo.es\/es\/docencia\/exames\/\" \/>\n<meta property=\"og:locale\" content=\"es_ES\" \/>\n<meta property=\"og:type\" content=\"article\" \/>\n<meta property=\"og:title\" content=\"Ex\u00e1menes | Escola Superior de Enxe\u00f1ar\u00eda Inform\u00e1tica\" \/>\n<meta property=\"og:description\" content=\"GREI GRIA PCEO ADE+EI PCEO GRIAEI MEI MIA Curso 2025-2026 Grado en Ingenier\u00eda Inform\u00e1tica Fin de carrera Primer cuatrimestre Segundo cuatrimestre Julio Curso 2025-2026 Grado &hellip; Contin\u00faa\" \/>\n<meta property=\"og:url\" content=\"https:\/\/esei.uvigo.es\/es\/docencia\/exames\/\" \/>\n<meta property=\"og:site_name\" content=\"Escola Superior de Enxe\u00f1ar\u00eda Inform\u00e1tica\" \/>\n<meta property=\"article:modified_time\" content=\"2026-01-25T10:51:37+00:00\" \/>\n<meta name=\"twitter:card\" content=\"summary_large_image\" \/>\n<meta name=\"twitter:label1\" content=\"Tiempo de lectura\" \/>\n\t<meta name=\"twitter:data1\" content=\"1 minuto\" \/>\n<script type=\"application\/ld+json\" class=\"yoast-schema-graph\">{\"@context\":\"https:\\\/\\\/schema.org\",\"@graph\":[{\"@type\":\"WebPage\",\"@id\":\"https:\\\/\\\/esei.uvigo.es\\\/es\\\/docencia\\\/exames\\\/\",\"url\":\"https:\\\/\\\/esei.uvigo.es\\\/es\\\/docencia\\\/exames\\\/\",\"name\":\"Ex\u00e1menes | Escola Superior de Enxe\u00f1ar\u00eda Inform\u00e1tica\",\"isPartOf\":{\"@id\":\"https:\\\/\\\/esei.uvigo.es\\\/es\\\/#website\"},\"datePublished\":\"2019-02-06T11:37:27+00:00\",\"dateModified\":\"2026-01-25T10:51:37+00:00\",\"breadcrumb\":{\"@id\":\"https:\\\/\\\/esei.uvigo.es\\\/es\\\/docencia\\\/exames\\\/#breadcrumb\"},\"inLanguage\":\"es\",\"potentialAction\":[{\"@type\":\"ReadAction\",\"target\":[\"https:\\\/\\\/esei.uvigo.es\\\/es\\\/docencia\\\/exames\\\/\"]}]},{\"@type\":\"BreadcrumbList\",\"@id\":\"https:\\\/\\\/esei.uvigo.es\\\/es\\\/docencia\\\/exames\\\/#breadcrumb\",\"itemListElement\":[{\"@type\":\"ListItem\",\"position\":1,\"name\":\"Portada\",\"item\":\"https:\\\/\\\/esei.uvigo.es\\\/es\\\/\"},{\"@type\":\"ListItem\",\"position\":2,\"name\":\"Docencia\",\"item\":\"https:\\\/\\\/esei.uvigo.es\\\/es\\\/docencia\\\/\"},{\"@type\":\"ListItem\",\"position\":3,\"name\":\"Ex\u00e1menes\"}]},{\"@type\":\"WebSite\",\"@id\":\"https:\\\/\\\/esei.uvigo.es\\\/es\\\/#website\",\"url\":\"https:\\\/\\\/esei.uvigo.es\\\/es\\\/\",\"name\":\"Escola Superior de Enxe\u00f1ar\u00eda Inform\u00e1tica\",\"description\":\"\",\"publisher\":{\"@id\":\"https:\\\/\\\/esei.uvigo.es\\\/es\\\/#organization\"},\"potentialAction\":[{\"@type\":\"SearchAction\",\"target\":{\"@type\":\"EntryPoint\",\"urlTemplate\":\"https:\\\/\\\/esei.uvigo.es\\\/es\\\/?s={search_term_string}\"},\"query-input\":{\"@type\":\"PropertyValueSpecification\",\"valueRequired\":true,\"valueName\":\"search_term_string\"}}],\"inLanguage\":\"es\"},{\"@type\":\"Organization\",\"@id\":\"https:\\\/\\\/esei.uvigo.es\\\/es\\\/#organization\",\"name\":\"Escola Superior de Enxe\u00f1ar\u00eda Inform\u00e1tica\",\"url\":\"https:\\\/\\\/esei.uvigo.es\\\/es\\\/\",\"logo\":{\"@type\":\"ImageObject\",\"inLanguage\":\"es\",\"@id\":\"https:\\\/\\\/esei.uvigo.es\\\/es\\\/#\\\/schema\\\/logo\\\/image\\\/\",\"url\":\"https:\\\/\\\/esei.uvigo.es\\\/wp-content\\\/uploads\\\/2019\\\/09\\\/esei.png\",\"contentUrl\":\"https:\\\/\\\/esei.uvigo.es\\\/wp-content\\\/uploads\\\/2019\\\/09\\\/esei.png\",\"width\":579,\"height\":98,\"caption\":\"Escola Superior de Enxe\u00f1ar\u00eda Inform\u00e1tica\"},\"image\":{\"@id\":\"https:\\\/\\\/esei.uvigo.es\\\/es\\\/#\\\/schema\\\/logo\\\/image\\\/\"}}]}<\/script>\n<!-- \/ Yoast SEO plugin. -->","yoast_head_json":{"title":"Ex\u00e1menes | Escola Superior de Enxe\u00f1ar\u00eda Inform\u00e1tica","robots":{"index":"index","follow":"follow","max-snippet":"max-snippet:-1","max-image-preview":"max-image-preview:large","max-video-preview":"max-video-preview:-1"},"canonical":"https:\/\/esei.uvigo.es\/es\/docencia\/exames\/","og_locale":"es_ES","og_type":"article","og_title":"Ex\u00e1menes | Escola Superior de Enxe\u00f1ar\u00eda Inform\u00e1tica","og_description":"GREI GRIA PCEO ADE+EI PCEO GRIAEI MEI MIA Curso 2025-2026 Grado en Ingenier\u00eda Inform\u00e1tica Fin de carrera Primer cuatrimestre Segundo cuatrimestre Julio Curso 2025-2026 Grado &hellip; Contin\u00faa","og_url":"https:\/\/esei.uvigo.es\/es\/docencia\/exames\/","og_site_name":"Escola Superior de Enxe\u00f1ar\u00eda Inform\u00e1tica","article_modified_time":"2026-01-25T10:51:37+00:00","twitter_card":"summary_large_image","twitter_misc":{"Tiempo de lectura":"1 minuto"},"schema":{"@context":"https:\/\/schema.org","@graph":[{"@type":"WebPage","@id":"https:\/\/esei.uvigo.es\/es\/docencia\/exames\/","url":"https:\/\/esei.uvigo.es\/es\/docencia\/exames\/","name":"Ex\u00e1menes | Escola Superior de Enxe\u00f1ar\u00eda Inform\u00e1tica","isPartOf":{"@id":"https:\/\/esei.uvigo.es\/es\/#website"},"datePublished":"2019-02-06T11:37:27+00:00","dateModified":"2026-01-25T10:51:37+00:00","breadcrumb":{"@id":"https:\/\/esei.uvigo.es\/es\/docencia\/exames\/#breadcrumb"},"inLanguage":"es","potentialAction":[{"@type":"ReadAction","target":["https:\/\/esei.uvigo.es\/es\/docencia\/exames\/"]}]},{"@type":"BreadcrumbList","@id":"https:\/\/esei.uvigo.es\/es\/docencia\/exames\/#breadcrumb","itemListElement":[{"@type":"ListItem","position":1,"name":"Portada","item":"https:\/\/esei.uvigo.es\/es\/"},{"@type":"ListItem","position":2,"name":"Docencia","item":"https:\/\/esei.uvigo.es\/es\/docencia\/"},{"@type":"ListItem","position":3,"name":"Ex\u00e1menes"}]},{"@type":"WebSite","@id":"https:\/\/esei.uvigo.es\/es\/#website","url":"https:\/\/esei.uvigo.es\/es\/","name":"Escola Superior de Enxe\u00f1ar\u00eda Inform\u00e1tica","description":"","publisher":{"@id":"https:\/\/esei.uvigo.es\/es\/#organization"},"potentialAction":[{"@type":"SearchAction","target":{"@type":"EntryPoint","urlTemplate":"https:\/\/esei.uvigo.es\/es\/?s={search_term_string}"},"query-input":{"@type":"PropertyValueSpecification","valueRequired":true,"valueName":"search_term_string"}}],"inLanguage":"es"},{"@type":"Organization","@id":"https:\/\/esei.uvigo.es\/es\/#organization","name":"Escola Superior de Enxe\u00f1ar\u00eda Inform\u00e1tica","url":"https:\/\/esei.uvigo.es\/es\/","logo":{"@type":"ImageObject","inLanguage":"es","@id":"https:\/\/esei.uvigo.es\/es\/#\/schema\/logo\/image\/","url":"https:\/\/esei.uvigo.es\/wp-content\/uploads\/2019\/09\/esei.png","contentUrl":"https:\/\/esei.uvigo.es\/wp-content\/uploads\/2019\/09\/esei.png","width":579,"height":98,"caption":"Escola Superior de Enxe\u00f1ar\u00eda Inform\u00e1tica"},"image":{"@id":"https:\/\/esei.uvigo.es\/es\/#\/schema\/logo\/image\/"}}]}},"_links":{"self":[{"href":"https:\/\/esei.uvigo.es\/es\/wp-json\/wp\/v2\/pages\/22793","targetHints":{"allow":["GET"]}}],"collection":[{"href":"https:\/\/esei.uvigo.es\/es\/wp-json\/wp\/v2\/pages"}],"about":[{"href":"https:\/\/esei.uvigo.es\/es\/wp-json\/wp\/v2\/types\/page"}],"author":[{"embeddable":true,"href":"https:\/\/esei.uvigo.es\/es\/wp-json\/wp\/v2\/users\/1"}],"replies":[{"embeddable":true,"href":"https:\/\/esei.uvigo.es\/es\/wp-json\/wp\/v2\/comments?post=22793"}],"version-history":[{"count":20,"href":"https:\/\/esei.uvigo.es\/es\/wp-json\/wp\/v2\/pages\/22793\/revisions"}],"predecessor-version":[{"id":29869,"href":"https:\/\/esei.uvigo.es\/es\/wp-json\/wp\/v2\/pages\/22793\/revisions\/29869"}],"up":[{"embeddable":true,"href":"https:\/\/esei.uvigo.es\/es\/wp-json\/wp\/v2\/pages\/22790"}],"wp:attachment":[{"href":"https:\/\/esei.uvigo.es\/es\/wp-json\/wp\/v2\/media?parent=22793"}],"curies":[{"name":"wp","href":"https:\/\/api.w.org\/{rel}","templated":true}]}}