{"id":22789,"date":"2019-02-06T12:28:49","date_gmt":"2019-02-06T11:28:49","guid":{"rendered":"https:\/\/esei.uvigo.es\/a-esei\/localizacion-e-contacto\/"},"modified":"2022-06-22T10:16:43","modified_gmt":"2022-06-22T08:16:43","slug":"localizacion-e-contacto","status":"publish","type":"page","link":"https:\/\/esei.uvigo.es\/es\/a-esei\/localizacion-e-contacto\/","title":{"rendered":"Localizaci\u00f3n y contacto"},"content":{"rendered":"<div class=\"row\">\n<div class=\"col-6\">\n<p><img loading=\"lazy\" decoding=\"async\" class=\"alignnone wp-image-16891 size-full\" src=\"https:\/\/esei.uvigo.es\/wp-content\/uploads\/2019\/09\/foto-edificio.jpg\" alt=\"\" width=\"900\" height=\"540\" srcset=\"https:\/\/esei.uvigo.es\/wp-content\/uploads\/2019\/09\/foto-edificio.jpg 900w, https:\/\/esei.uvigo.es\/wp-content\/uploads\/2019\/09\/foto-edificio-300x180.jpg 300w, https:\/\/esei.uvigo.es\/wp-content\/uploads\/2019\/09\/foto-edificio-768x461.jpg 768w\" sizes=\"auto, (max-width: 900px) 100vw, 900px\" \/><\/p>\n<\/div>\n<div class=\"col-6\">\n<h2>Direcci\u00f3n y comunicaciones<\/h2>\n<p><a href=\"https:\/\/goo.gl\/maps\/KvpWsZ9iFNSwbouw8\" target=\"_blank\" rel=\"noopener noreferrer\">Escuela de Ingenier\u00eda Inform\u00e1tica<\/a><br \/>\nCampus de Ourense &#8211; Edificio Polit\u00e9cnico<br \/>\n32004 &#8211; Ourense &#8211; Espa\u00f1a<\/p>\n<p>Tel: +34 988 387 000<\/p>\n<p><a href=\"mailto:info@esei.uvigo.es\">info@esei.uvigo.es<\/a><\/p>\n<\/div>\n<\/div>\n<h2>Mapa de localizaci\u00f3n<\/h2>\n<p><iframe loading=\"lazy\" style=\"border: 0;\" src=\"https:\/\/www.google.com\/maps\/embed?pb=!1m18!1m12!1m3!1d2948.8874324518233!2d-7.857667384465483!3d42.344923279187846!2m3!1f0!2f0!3f0!3m2!1i1024!2i768!4f13.1!3m3!1m2!1s0xd2ffebeb1855a8f%3A0xbb2380c0a6827554!2sESEI+-+Escola+Superior+de+Enxe%C3%B1er%C3%ADa+Inform%C3%A1tica!5e0!3m2!1ses!2ses!4v1549452646241\" width=\"100%\" height=\"450\" frameborder=\"0\" allowfullscreen=\"allowfullscreen\"><\/iframe><\/p>\n","protected":false},"excerpt":{"rendered":"<p>Direcci\u00f3n y comunicaciones Escuela de Ingenier\u00eda Inform\u00e1tica Campus de Ourense &#8211; Edificio Polit\u00e9cnico 32004 &#8211; Ourense &#8211; Espa\u00f1a Tel: +34 988 387 000 info@esei.uvigo.es Mapa &hellip; <a class=\"excerpt_more\" href=\"https:\/\/esei.uvigo.es\/es\/a-esei\/localizacion-e-contacto\/\">Contin\u00faa<\/a><\/p>\n","protected":false},"author":1,"featured_media":0,"parent":14,"menu_order":67,"comment_status":"closed","ping_status":"closed","template":"views\/template-fullwidth.blade.php","meta":{"_acf_changed":false,"footnotes":""},"class_list":["post-22789","page","type-page","status-publish","hentry"],"acf":[],"yoast_head":"<!-- This site is optimized with the Yoast SEO plugin v27.6 - https:\/\/yoast.com\/product\/yoast-seo-wordpress\/ -->\n<title>Localizaci\u00f3n y contacto | Escola Superior de Enxe\u00f1ar\u00eda Inform\u00e1tica<\/title>\n<meta name=\"robots\" content=\"index, follow, max-snippet:-1, max-image-preview:large, max-video-preview:-1\" \/>\n<link rel=\"canonical\" href=\"https:\/\/esei.uvigo.es\/es\/a-esei\/localizacion-e-contacto\/\" \/>\n<meta property=\"og:locale\" content=\"es_ES\" \/>\n<meta property=\"og:type\" content=\"article\" \/>\n<meta property=\"og:title\" content=\"Localizaci\u00f3n y contacto | Escola Superior de Enxe\u00f1ar\u00eda Inform\u00e1tica\" \/>\n<meta property=\"og:description\" content=\"Direcci\u00f3n y comunicaciones Escuela de Ingenier\u00eda Inform\u00e1tica Campus de Ourense &#8211; Edificio Polit\u00e9cnico 32004 &#8211; Ourense &#8211; Espa\u00f1a Tel: +34 988 387 000 info@esei.uvigo.es Mapa &hellip; Contin\u00faa\" \/>\n<meta property=\"og:url\" content=\"https:\/\/esei.uvigo.es\/es\/a-esei\/localizacion-e-contacto\/\" \/>\n<meta property=\"og:site_name\" content=\"Escola Superior de Enxe\u00f1ar\u00eda Inform\u00e1tica\" \/>\n<meta property=\"article:modified_time\" content=\"2022-06-22T08:16:43+00:00\" \/>\n<meta property=\"og:image\" content=\"https:\/\/esei.uvigo.es\/wp-content\/uploads\/2019\/09\/foto-edificio.jpg\" \/>\n<meta name=\"twitter:card\" content=\"summary_large_image\" \/>\n<meta name=\"twitter:label1\" content=\"Tiempo de lectura\" \/>\n\t<meta name=\"twitter:data1\" content=\"1 minuto\" \/>\n<script type=\"application\/ld+json\" class=\"yoast-schema-graph\">{\"@context\":\"https:\\\/\\\/schema.org\",\"@graph\":[{\"@type\":\"WebPage\",\"@id\":\"https:\\\/\\\/esei.uvigo.es\\\/es\\\/a-esei\\\/localizacion-e-contacto\\\/\",\"url\":\"https:\\\/\\\/esei.uvigo.es\\\/es\\\/a-esei\\\/localizacion-e-contacto\\\/\",\"name\":\"Localizaci\u00f3n y contacto | Escola Superior de Enxe\u00f1ar\u00eda Inform\u00e1tica\",\"isPartOf\":{\"@id\":\"https:\\\/\\\/esei.uvigo.es\\\/es\\\/#website\"},\"primaryImageOfPage\":{\"@id\":\"https:\\\/\\\/esei.uvigo.es\\\/es\\\/a-esei\\\/localizacion-e-contacto\\\/#primaryimage\"},\"image\":{\"@id\":\"https:\\\/\\\/esei.uvigo.es\\\/es\\\/a-esei\\\/localizacion-e-contacto\\\/#primaryimage\"},\"thumbnailUrl\":\"https:\\\/\\\/esei.uvigo.es\\\/wp-content\\\/uploads\\\/2019\\\/09\\\/foto-edificio.jpg\",\"datePublished\":\"2019-02-06T11:28:49+00:00\",\"dateModified\":\"2022-06-22T08:16:43+00:00\",\"breadcrumb\":{\"@id\":\"https:\\\/\\\/esei.uvigo.es\\\/es\\\/a-esei\\\/localizacion-e-contacto\\\/#breadcrumb\"},\"inLanguage\":\"es\",\"potentialAction\":[{\"@type\":\"ReadAction\",\"target\":[\"https:\\\/\\\/esei.uvigo.es\\\/es\\\/a-esei\\\/localizacion-e-contacto\\\/\"]}]},{\"@type\":\"ImageObject\",\"inLanguage\":\"es\",\"@id\":\"https:\\\/\\\/esei.uvigo.es\\\/es\\\/a-esei\\\/localizacion-e-contacto\\\/#primaryimage\",\"url\":\"https:\\\/\\\/esei.uvigo.es\\\/wp-content\\\/uploads\\\/2019\\\/09\\\/foto-edificio.jpg\",\"contentUrl\":\"https:\\\/\\\/esei.uvigo.es\\\/wp-content\\\/uploads\\\/2019\\\/09\\\/foto-edificio.jpg\"},{\"@type\":\"BreadcrumbList\",\"@id\":\"https:\\\/\\\/esei.uvigo.es\\\/es\\\/a-esei\\\/localizacion-e-contacto\\\/#breadcrumb\",\"itemListElement\":[{\"@type\":\"ListItem\",\"position\":1,\"name\":\"Portada\",\"item\":\"https:\\\/\\\/esei.uvigo.es\\\/es\\\/\"},{\"@type\":\"ListItem\",\"position\":2,\"name\":\"La ESEI\",\"item\":\"https:\\\/\\\/esei.uvigo.es\\\/es\\\/a-esei\\\/\"},{\"@type\":\"ListItem\",\"position\":3,\"name\":\"Localizaci\u00f3n y contacto\"}]},{\"@type\":\"WebSite\",\"@id\":\"https:\\\/\\\/esei.uvigo.es\\\/es\\\/#website\",\"url\":\"https:\\\/\\\/esei.uvigo.es\\\/es\\\/\",\"name\":\"Escola Superior de Enxe\u00f1ar\u00eda Inform\u00e1tica\",\"description\":\"\",\"publisher\":{\"@id\":\"https:\\\/\\\/esei.uvigo.es\\\/es\\\/#organization\"},\"potentialAction\":[{\"@type\":\"SearchAction\",\"target\":{\"@type\":\"EntryPoint\",\"urlTemplate\":\"https:\\\/\\\/esei.uvigo.es\\\/es\\\/?s={search_term_string}\"},\"query-input\":{\"@type\":\"PropertyValueSpecification\",\"valueRequired\":true,\"valueName\":\"search_term_string\"}}],\"inLanguage\":\"es\"},{\"@type\":\"Organization\",\"@id\":\"https:\\\/\\\/esei.uvigo.es\\\/es\\\/#organization\",\"name\":\"Escola Superior de Enxe\u00f1ar\u00eda Inform\u00e1tica\",\"url\":\"https:\\\/\\\/esei.uvigo.es\\\/es\\\/\",\"logo\":{\"@type\":\"ImageObject\",\"inLanguage\":\"es\",\"@id\":\"https:\\\/\\\/esei.uvigo.es\\\/es\\\/#\\\/schema\\\/logo\\\/image\\\/\",\"url\":\"https:\\\/\\\/esei.uvigo.es\\\/wp-content\\\/uploads\\\/2019\\\/09\\\/esei.png\",\"contentUrl\":\"https:\\\/\\\/esei.uvigo.es\\\/wp-content\\\/uploads\\\/2019\\\/09\\\/esei.png\",\"width\":579,\"height\":98,\"caption\":\"Escola Superior de Enxe\u00f1ar\u00eda Inform\u00e1tica\"},\"image\":{\"@id\":\"https:\\\/\\\/esei.uvigo.es\\\/es\\\/#\\\/schema\\\/logo\\\/image\\\/\"}}]}<\/script>\n<!-- \/ Yoast SEO plugin. -->","yoast_head_json":{"title":"Localizaci\u00f3n y contacto | Escola Superior de Enxe\u00f1ar\u00eda Inform\u00e1tica","robots":{"index":"index","follow":"follow","max-snippet":"max-snippet:-1","max-image-preview":"max-image-preview:large","max-video-preview":"max-video-preview:-1"},"canonical":"https:\/\/esei.uvigo.es\/es\/a-esei\/localizacion-e-contacto\/","og_locale":"es_ES","og_type":"article","og_title":"Localizaci\u00f3n y contacto | Escola Superior de Enxe\u00f1ar\u00eda Inform\u00e1tica","og_description":"Direcci\u00f3n y comunicaciones Escuela de Ingenier\u00eda Inform\u00e1tica Campus de Ourense &#8211; Edificio Polit\u00e9cnico 32004 &#8211; Ourense &#8211; Espa\u00f1a Tel: +34 988 387 000 info@esei.uvigo.es Mapa &hellip; Contin\u00faa","og_url":"https:\/\/esei.uvigo.es\/es\/a-esei\/localizacion-e-contacto\/","og_site_name":"Escola Superior de Enxe\u00f1ar\u00eda Inform\u00e1tica","article_modified_time":"2022-06-22T08:16:43+00:00","og_image":[{"url":"https:\/\/esei.uvigo.es\/wp-content\/uploads\/2019\/09\/foto-edificio.jpg","type":"","width":"","height":""}],"twitter_card":"summary_large_image","twitter_misc":{"Tiempo de lectura":"1 minuto"},"schema":{"@context":"https:\/\/schema.org","@graph":[{"@type":"WebPage","@id":"https:\/\/esei.uvigo.es\/es\/a-esei\/localizacion-e-contacto\/","url":"https:\/\/esei.uvigo.es\/es\/a-esei\/localizacion-e-contacto\/","name":"Localizaci\u00f3n y contacto | Escola Superior de Enxe\u00f1ar\u00eda Inform\u00e1tica","isPartOf":{"@id":"https:\/\/esei.uvigo.es\/es\/#website"},"primaryImageOfPage":{"@id":"https:\/\/esei.uvigo.es\/es\/a-esei\/localizacion-e-contacto\/#primaryimage"},"image":{"@id":"https:\/\/esei.uvigo.es\/es\/a-esei\/localizacion-e-contacto\/#primaryimage"},"thumbnailUrl":"https:\/\/esei.uvigo.es\/wp-content\/uploads\/2019\/09\/foto-edificio.jpg","datePublished":"2019-02-06T11:28:49+00:00","dateModified":"2022-06-22T08:16:43+00:00","breadcrumb":{"@id":"https:\/\/esei.uvigo.es\/es\/a-esei\/localizacion-e-contacto\/#breadcrumb"},"inLanguage":"es","potentialAction":[{"@type":"ReadAction","target":["https:\/\/esei.uvigo.es\/es\/a-esei\/localizacion-e-contacto\/"]}]},{"@type":"ImageObject","inLanguage":"es","@id":"https:\/\/esei.uvigo.es\/es\/a-esei\/localizacion-e-contacto\/#primaryimage","url":"https:\/\/esei.uvigo.es\/wp-content\/uploads\/2019\/09\/foto-edificio.jpg","contentUrl":"https:\/\/esei.uvigo.es\/wp-content\/uploads\/2019\/09\/foto-edificio.jpg"},{"@type":"BreadcrumbList","@id":"https:\/\/esei.uvigo.es\/es\/a-esei\/localizacion-e-contacto\/#breadcrumb","itemListElement":[{"@type":"ListItem","position":1,"name":"Portada","item":"https:\/\/esei.uvigo.es\/es\/"},{"@type":"ListItem","position":2,"name":"La ESEI","item":"https:\/\/esei.uvigo.es\/es\/a-esei\/"},{"@type":"ListItem","position":3,"name":"Localizaci\u00f3n y contacto"}]},{"@type":"WebSite","@id":"https:\/\/esei.uvigo.es\/es\/#website","url":"https:\/\/esei.uvigo.es\/es\/","name":"Escola Superior de Enxe\u00f1ar\u00eda Inform\u00e1tica","description":"","publisher":{"@id":"https:\/\/esei.uvigo.es\/es\/#organization"},"potentialAction":[{"@type":"SearchAction","target":{"@type":"EntryPoint","urlTemplate":"https:\/\/esei.uvigo.es\/es\/?s={search_term_string}"},"query-input":{"@type":"PropertyValueSpecification","valueRequired":true,"valueName":"search_term_string"}}],"inLanguage":"es"},{"@type":"Organization","@id":"https:\/\/esei.uvigo.es\/es\/#organization","name":"Escola Superior de Enxe\u00f1ar\u00eda Inform\u00e1tica","url":"https:\/\/esei.uvigo.es\/es\/","logo":{"@type":"ImageObject","inLanguage":"es","@id":"https:\/\/esei.uvigo.es\/es\/#\/schema\/logo\/image\/","url":"https:\/\/esei.uvigo.es\/wp-content\/uploads\/2019\/09\/esei.png","contentUrl":"https:\/\/esei.uvigo.es\/wp-content\/uploads\/2019\/09\/esei.png","width":579,"height":98,"caption":"Escola Superior de Enxe\u00f1ar\u00eda Inform\u00e1tica"},"image":{"@id":"https:\/\/esei.uvigo.es\/es\/#\/schema\/logo\/image\/"}}]}},"_links":{"self":[{"href":"https:\/\/esei.uvigo.es\/es\/wp-json\/wp\/v2\/pages\/22789","targetHints":{"allow":["GET"]}}],"collection":[{"href":"https:\/\/esei.uvigo.es\/es\/wp-json\/wp\/v2\/pages"}],"about":[{"href":"https:\/\/esei.uvigo.es\/es\/wp-json\/wp\/v2\/types\/page"}],"author":[{"embeddable":true,"href":"https:\/\/esei.uvigo.es\/es\/wp-json\/wp\/v2\/users\/1"}],"replies":[{"embeddable":true,"href":"https:\/\/esei.uvigo.es\/es\/wp-json\/wp\/v2\/comments?post=22789"}],"version-history":[{"count":2,"href":"https:\/\/esei.uvigo.es\/es\/wp-json\/wp\/v2\/pages\/22789\/revisions"}],"predecessor-version":[{"id":23682,"href":"https:\/\/esei.uvigo.es\/es\/wp-json\/wp\/v2\/pages\/22789\/revisions\/23682"}],"up":[{"embeddable":true,"href":"https:\/\/esei.uvigo.es\/es\/wp-json\/wp\/v2\/pages\/14"}],"wp:attachment":[{"href":"https:\/\/esei.uvigo.es\/es\/wp-json\/wp\/v2\/media?parent=22789"}],"curies":[{"name":"wp","href":"https:\/\/api.w.org\/{rel}","templated":true}]}}