{"id":22788,"date":"2019-02-06T12:27:43","date_gmt":"2019-02-06T11:27:43","guid":{"rendered":"https:\/\/esei.uvigo.es\/a-esei\/conferencia-de-directores-y-decanos-de-ingenieria-informatica-coddii\/"},"modified":"2022-06-21T11:23:51","modified_gmt":"2022-06-21T09:23:51","slug":"conferencia-de-directores-y-decanos-de-ingenieria-informatica-coddii","status":"publish","type":"page","link":"https:\/\/esei.uvigo.es\/es\/a-esei\/conferencia-de-directores-y-decanos-de-ingenieria-informatica-coddii\/","title":{"rendered":"CODDII"},"content":{"rendered":"<p>La Conferencia de Decanos y Directores de Inform\u00e1tica de Espa\u00f1a (CODDI) est\u00e1 constituida por los responsables de la totalidad de las escuelas y facultades que imparten estudios conducentes a las titulaciones de Ingenier\u00eda en Inform\u00e1tica, tanto p\u00fablicas como privadas. Se cre\u00f3 en 1997 como foro de colaboraci\u00f3n, debate e intercambio entre las distintas escuelas y facultades, alcanzando una m\u00e1xima presencia al incorporar a la pr\u00e1ctica totalidad de los actores implicados en la educaci\u00f3n universitaria de inform\u00e1tica. Desde su constituci\u00f3n, a CODDI se re\u00fane, como m\u00ednimo, anualmente y con mayor frecuencia cuando los temas lo requieren.<\/p>\n<p>El inter\u00e9s por el tema del nuevo Espacio Europeo de Educaci\u00f3n Superior se suscit\u00f3 en febrero de 2001, durante a conferencia realizada en Las Palmas de Gran Canaria. Se acord\u00f3 constituir una comisi\u00f3n de la CODDI para estudiar el impacto de la Declaraci\u00f3n de Bolonia en los estudios de Inform\u00e1tica en Espa\u00f1a. Esta comisi\u00f3n elabor\u00f3 un documento de trabajo que fue presentado y debatido en el pleno de la Conferencia desarrollada en Barcelona en mayo de 2002. Como consecuencia de esta discusi\u00f3n, la CODDI se manifest\u00f3 p\u00fablicamente a favor de una estructura adaptada al modelo de Bolonia y se comprometi\u00f3 a seguir trabajando en la configuraci\u00f3n de estos futuros estudios.<\/p>\n<p>M\u00e1s recientemente, en concreto durante los d\u00edas 9 e 10 de junio de 2003, en la Conferencia celebrada en Valencia, el tema principal fue <i>\u00abLos estudios de inform\u00e1tica y la convergencia europea\u00bb<\/i>. En este sentido se consider\u00f3 la posibilidad de participar en la convocatoria del Programa de Convergencia Europea de la ANECA <i>\u00abAyudas para el Dise\u00f1o de Planes de Estudio de T\u00edtulos de Grado\u00bb<\/i>, para desarrollar el Libro Blanco de las titulaciones de inform\u00e1tica que permita la adaptaci\u00f3n de las carreras de nuestro \u00e1mbito al nuevo marco del Espacio Europeo de Educaci\u00f3n Superior.<\/p>\n<p>A CODDI explicit\u00f3 su voluntad de seguir liderando el proceso de convergencia europea en los estudios de inform\u00e1tica en Espa\u00f1a y la incorporaci\u00f3n al mismo del mayor n\u00famero de agentes externos que puedan colaborar en la realizaci\u00f3n de estudio. En concreto, en la sesi\u00f3n de Valencia, se atendi\u00f3 al momento de vista de algunos de los colegios profesionales actualmente constituidos, y se consider\u00f3 extremadamente importante la participaci\u00f3n de estos y otros agentes sociales en el proceso, tal y como se detalla en la propuesta.<\/p>\n<p>En la <a class=\"external-link-new-window\" href=\"http:\/\/coddii.org\/\" target=\"_blank\" rel=\"noopener\">web de la CODDII<\/a> se publican regularmente noticias sobre el sector de la Ingenier\u00eda Inform\u00e1tica.<\/p>\n","protected":false},"excerpt":{"rendered":"<p>Conferencia de Directores y Decanos de Ingenier\u00eda Inform\u00e1tica<\/p>\n","protected":false},"author":1,"featured_media":0,"parent":14,"menu_order":62,"comment_status":"closed","ping_status":"closed","template":"","meta":{"_acf_changed":false,"footnotes":""},"class_list":["post-22788","page","type-page","status-publish","hentry"],"acf":[],"yoast_head":"<!-- This site is optimized with the Yoast SEO plugin v27.6 - https:\/\/yoast.com\/product\/yoast-seo-wordpress\/ -->\n<title>CODDII | Escola Superior de Enxe\u00f1ar\u00eda Inform\u00e1tica<\/title>\n<meta name=\"robots\" content=\"index, follow, max-snippet:-1, max-image-preview:large, max-video-preview:-1\" \/>\n<link rel=\"canonical\" href=\"https:\/\/esei.uvigo.es\/es\/a-esei\/conferencia-de-directores-y-decanos-de-ingenieria-informatica-coddii\/\" \/>\n<meta property=\"og:locale\" content=\"es_ES\" \/>\n<meta property=\"og:type\" content=\"article\" \/>\n<meta property=\"og:title\" content=\"CODDII | Escola Superior de Enxe\u00f1ar\u00eda Inform\u00e1tica\" \/>\n<meta property=\"og:description\" content=\"Conferencia de Directores y Decanos de Ingenier\u00eda Inform\u00e1tica\" \/>\n<meta property=\"og:url\" content=\"https:\/\/esei.uvigo.es\/es\/a-esei\/conferencia-de-directores-y-decanos-de-ingenieria-informatica-coddii\/\" \/>\n<meta property=\"og:site_name\" content=\"Escola Superior de Enxe\u00f1ar\u00eda Inform\u00e1tica\" \/>\n<meta property=\"article:modified_time\" content=\"2022-06-21T09:23:51+00:00\" \/>\n<meta name=\"twitter:card\" content=\"summary_large_image\" \/>\n<meta name=\"twitter:label1\" content=\"Tiempo de lectura\" \/>\n\t<meta name=\"twitter:data1\" content=\"2 minutos\" \/>\n<script type=\"application\/ld+json\" class=\"yoast-schema-graph\">{\"@context\":\"https:\\\/\\\/schema.org\",\"@graph\":[{\"@type\":\"WebPage\",\"@id\":\"https:\\\/\\\/esei.uvigo.es\\\/es\\\/a-esei\\\/conferencia-de-directores-y-decanos-de-ingenieria-informatica-coddii\\\/\",\"url\":\"https:\\\/\\\/esei.uvigo.es\\\/es\\\/a-esei\\\/conferencia-de-directores-y-decanos-de-ingenieria-informatica-coddii\\\/\",\"name\":\"CODDII | Escola Superior de Enxe\u00f1ar\u00eda Inform\u00e1tica\",\"isPartOf\":{\"@id\":\"https:\\\/\\\/esei.uvigo.es\\\/es\\\/#website\"},\"datePublished\":\"2019-02-06T11:27:43+00:00\",\"dateModified\":\"2022-06-21T09:23:51+00:00\",\"breadcrumb\":{\"@id\":\"https:\\\/\\\/esei.uvigo.es\\\/es\\\/a-esei\\\/conferencia-de-directores-y-decanos-de-ingenieria-informatica-coddii\\\/#breadcrumb\"},\"inLanguage\":\"es\",\"potentialAction\":[{\"@type\":\"ReadAction\",\"target\":[\"https:\\\/\\\/esei.uvigo.es\\\/es\\\/a-esei\\\/conferencia-de-directores-y-decanos-de-ingenieria-informatica-coddii\\\/\"]}]},{\"@type\":\"BreadcrumbList\",\"@id\":\"https:\\\/\\\/esei.uvigo.es\\\/es\\\/a-esei\\\/conferencia-de-directores-y-decanos-de-ingenieria-informatica-coddii\\\/#breadcrumb\",\"itemListElement\":[{\"@type\":\"ListItem\",\"position\":1,\"name\":\"Portada\",\"item\":\"https:\\\/\\\/esei.uvigo.es\\\/es\\\/\"},{\"@type\":\"ListItem\",\"position\":2,\"name\":\"La ESEI\",\"item\":\"https:\\\/\\\/esei.uvigo.es\\\/es\\\/a-esei\\\/\"},{\"@type\":\"ListItem\",\"position\":3,\"name\":\"CODDII\"}]},{\"@type\":\"WebSite\",\"@id\":\"https:\\\/\\\/esei.uvigo.es\\\/es\\\/#website\",\"url\":\"https:\\\/\\\/esei.uvigo.es\\\/es\\\/\",\"name\":\"Escola Superior de Enxe\u00f1ar\u00eda Inform\u00e1tica\",\"description\":\"\",\"publisher\":{\"@id\":\"https:\\\/\\\/esei.uvigo.es\\\/es\\\/#organization\"},\"potentialAction\":[{\"@type\":\"SearchAction\",\"target\":{\"@type\":\"EntryPoint\",\"urlTemplate\":\"https:\\\/\\\/esei.uvigo.es\\\/es\\\/?s={search_term_string}\"},\"query-input\":{\"@type\":\"PropertyValueSpecification\",\"valueRequired\":true,\"valueName\":\"search_term_string\"}}],\"inLanguage\":\"es\"},{\"@type\":\"Organization\",\"@id\":\"https:\\\/\\\/esei.uvigo.es\\\/es\\\/#organization\",\"name\":\"Escola Superior de Enxe\u00f1ar\u00eda Inform\u00e1tica\",\"url\":\"https:\\\/\\\/esei.uvigo.es\\\/es\\\/\",\"logo\":{\"@type\":\"ImageObject\",\"inLanguage\":\"es\",\"@id\":\"https:\\\/\\\/esei.uvigo.es\\\/es\\\/#\\\/schema\\\/logo\\\/image\\\/\",\"url\":\"https:\\\/\\\/esei.uvigo.es\\\/wp-content\\\/uploads\\\/2019\\\/09\\\/esei.png\",\"contentUrl\":\"https:\\\/\\\/esei.uvigo.es\\\/wp-content\\\/uploads\\\/2019\\\/09\\\/esei.png\",\"width\":579,\"height\":98,\"caption\":\"Escola Superior de Enxe\u00f1ar\u00eda Inform\u00e1tica\"},\"image\":{\"@id\":\"https:\\\/\\\/esei.uvigo.es\\\/es\\\/#\\\/schema\\\/logo\\\/image\\\/\"}}]}<\/script>\n<!-- \/ Yoast SEO plugin. -->","yoast_head_json":{"title":"CODDII | Escola Superior de Enxe\u00f1ar\u00eda Inform\u00e1tica","robots":{"index":"index","follow":"follow","max-snippet":"max-snippet:-1","max-image-preview":"max-image-preview:large","max-video-preview":"max-video-preview:-1"},"canonical":"https:\/\/esei.uvigo.es\/es\/a-esei\/conferencia-de-directores-y-decanos-de-ingenieria-informatica-coddii\/","og_locale":"es_ES","og_type":"article","og_title":"CODDII | Escola Superior de Enxe\u00f1ar\u00eda Inform\u00e1tica","og_description":"Conferencia de Directores y Decanos de Ingenier\u00eda Inform\u00e1tica","og_url":"https:\/\/esei.uvigo.es\/es\/a-esei\/conferencia-de-directores-y-decanos-de-ingenieria-informatica-coddii\/","og_site_name":"Escola Superior de Enxe\u00f1ar\u00eda Inform\u00e1tica","article_modified_time":"2022-06-21T09:23:51+00:00","twitter_card":"summary_large_image","twitter_misc":{"Tiempo de lectura":"2 minutos"},"schema":{"@context":"https:\/\/schema.org","@graph":[{"@type":"WebPage","@id":"https:\/\/esei.uvigo.es\/es\/a-esei\/conferencia-de-directores-y-decanos-de-ingenieria-informatica-coddii\/","url":"https:\/\/esei.uvigo.es\/es\/a-esei\/conferencia-de-directores-y-decanos-de-ingenieria-informatica-coddii\/","name":"CODDII | Escola Superior de Enxe\u00f1ar\u00eda Inform\u00e1tica","isPartOf":{"@id":"https:\/\/esei.uvigo.es\/es\/#website"},"datePublished":"2019-02-06T11:27:43+00:00","dateModified":"2022-06-21T09:23:51+00:00","breadcrumb":{"@id":"https:\/\/esei.uvigo.es\/es\/a-esei\/conferencia-de-directores-y-decanos-de-ingenieria-informatica-coddii\/#breadcrumb"},"inLanguage":"es","potentialAction":[{"@type":"ReadAction","target":["https:\/\/esei.uvigo.es\/es\/a-esei\/conferencia-de-directores-y-decanos-de-ingenieria-informatica-coddii\/"]}]},{"@type":"BreadcrumbList","@id":"https:\/\/esei.uvigo.es\/es\/a-esei\/conferencia-de-directores-y-decanos-de-ingenieria-informatica-coddii\/#breadcrumb","itemListElement":[{"@type":"ListItem","position":1,"name":"Portada","item":"https:\/\/esei.uvigo.es\/es\/"},{"@type":"ListItem","position":2,"name":"La ESEI","item":"https:\/\/esei.uvigo.es\/es\/a-esei\/"},{"@type":"ListItem","position":3,"name":"CODDII"}]},{"@type":"WebSite","@id":"https:\/\/esei.uvigo.es\/es\/#website","url":"https:\/\/esei.uvigo.es\/es\/","name":"Escola Superior de Enxe\u00f1ar\u00eda Inform\u00e1tica","description":"","publisher":{"@id":"https:\/\/esei.uvigo.es\/es\/#organization"},"potentialAction":[{"@type":"SearchAction","target":{"@type":"EntryPoint","urlTemplate":"https:\/\/esei.uvigo.es\/es\/?s={search_term_string}"},"query-input":{"@type":"PropertyValueSpecification","valueRequired":true,"valueName":"search_term_string"}}],"inLanguage":"es"},{"@type":"Organization","@id":"https:\/\/esei.uvigo.es\/es\/#organization","name":"Escola Superior de Enxe\u00f1ar\u00eda Inform\u00e1tica","url":"https:\/\/esei.uvigo.es\/es\/","logo":{"@type":"ImageObject","inLanguage":"es","@id":"https:\/\/esei.uvigo.es\/es\/#\/schema\/logo\/image\/","url":"https:\/\/esei.uvigo.es\/wp-content\/uploads\/2019\/09\/esei.png","contentUrl":"https:\/\/esei.uvigo.es\/wp-content\/uploads\/2019\/09\/esei.png","width":579,"height":98,"caption":"Escola Superior de Enxe\u00f1ar\u00eda Inform\u00e1tica"},"image":{"@id":"https:\/\/esei.uvigo.es\/es\/#\/schema\/logo\/image\/"}}]}},"_links":{"self":[{"href":"https:\/\/esei.uvigo.es\/es\/wp-json\/wp\/v2\/pages\/22788","targetHints":{"allow":["GET"]}}],"collection":[{"href":"https:\/\/esei.uvigo.es\/es\/wp-json\/wp\/v2\/pages"}],"about":[{"href":"https:\/\/esei.uvigo.es\/es\/wp-json\/wp\/v2\/types\/page"}],"author":[{"embeddable":true,"href":"https:\/\/esei.uvigo.es\/es\/wp-json\/wp\/v2\/users\/1"}],"replies":[{"embeddable":true,"href":"https:\/\/esei.uvigo.es\/es\/wp-json\/wp\/v2\/comments?post=22788"}],"version-history":[{"count":2,"href":"https:\/\/esei.uvigo.es\/es\/wp-json\/wp\/v2\/pages\/22788\/revisions"}],"predecessor-version":[{"id":23617,"href":"https:\/\/esei.uvigo.es\/es\/wp-json\/wp\/v2\/pages\/22788\/revisions\/23617"}],"up":[{"embeddable":true,"href":"https:\/\/esei.uvigo.es\/es\/wp-json\/wp\/v2\/pages\/14"}],"wp:attachment":[{"href":"https:\/\/esei.uvigo.es\/es\/wp-json\/wp\/v2\/media?parent=22788"}],"curies":[{"name":"wp","href":"https:\/\/api.w.org\/{rel}","templated":true}]}}