{"id":22787,"date":"2019-03-29T15:36:06","date_gmt":"2019-03-29T14:36:06","guid":{"rendered":"https:\/\/esei.uvigo.es\/a-esei\/colexios-profesionais\/cpetig\/"},"modified":"2022-06-21T14:22:35","modified_gmt":"2022-06-21T12:22:35","slug":"cpetig","status":"publish","type":"page","link":"https:\/\/esei.uvigo.es\/es\/a-esei\/colexios-profesionais\/cpetig\/","title":{"rendered":"CPETIG"},"content":{"rendered":"<p>Para los titulados y tituladas de Ingenier\u00eda T\u00e9cnica en Inform\u00e1tica de Gesti\u00f3n, Ingenier\u00eda T\u00e9cnica en Inform\u00e1tica de Sistemas, Diplomatura en Inform\u00e1tica y Grado en Ingenier\u00eda Inform\u00e1tica.<\/p>\n<p><strong>\u00bfQu\u00e9 es el CPETIG?<\/strong><\/p>\n<p><strong>El Colegio Profesional de Ingenier\u00eda T\u00e9cnica Inform\u00e1tica de Galicia (CPETIG)<\/strong> es una corporaci\u00f3n de derecho p\u00fablico que aglutina a los Ingenieros\/as de grao medio (titulados universitarios de ciclo corto) en Inform\u00e1tica, los representa oficialmente, y trabaja para organizar, proteger, mejorar y velar por un adecuado ejercicio de la profesi\u00f3n, con garant\u00eda de calidad y e voluntad de servicio a la Sociedad.<\/p>\n<p>O CPETIG es y trabajar\u00e1 para ser un referente para o sector TIC en Galicia, acerc\u00e1ndose a este las garant\u00edas que le ofrecen su independencia y la calidad de sus profesionales.<\/p>\n<p>Son fines del colegio los siguientes (art\u00edculo 5 de los estatutos)<\/p>\n<ul>\n<li>La ordenaci\u00f3n, en el \u00e1mbito da su competencia y de acuerdo con lo establecido por las leyes, del ejercicio de la profesi\u00f3n de la Ingenier\u00eda T\u00e9cnica en Inform\u00e1tica en todas su formas y especialidades, la representaci\u00f3n exclusiva de esta profesi\u00f3n y la defensa de los intereses profesionales de los titulados e tituladas.<\/li>\n<li>Velar por la satisfacci\u00f3n de los intereses generales relacionados con el ejercicio de la profesi\u00f3n de Ingenier\u00eda T\u00e9cnica en Inform\u00e1tica, mediante la promoci\u00f3n, salvaguarda y observaci\u00f3n de los principios deontol\u00f3gicos y \u00e9ticos de la profesi\u00f3n y de su dignidad y prestigio.<\/li>\n<li>Lograr la constante mejora del nivel de calidad de las prestaciones profesionales de los colegiados e colegiadas, mediante la promoci\u00f3n y fomento del progreso de las actividades propias de la profesi\u00f3n, de la investigaci\u00f3n, desarrollo e innovaci\u00f3n cient\u00edfica y t\u00e9cnica, as\u00ed como de la solidaridad profesional y del servicio de la profesi\u00f3n a la sociedad.<\/li>\n<li>Cooperar en la mejora de los estudios que conducen a la obtenci\u00f3n del t\u00edtulo de Ingenier\u00eda T\u00e9cnica en Inform\u00e1tica, favoreciendo las ense\u00f1anzas t\u00e9cnicas profesionales de investigaci\u00f3n relacionadas con la carrera, facilitando la formaci\u00f3n de t\u00e9cnicos e t\u00e9cnicas aptos para sus diversas funciones, promoviendo para este efecto el entendimiento entre los centros de ense\u00f1anza y las empresas, para obtener el m\u00e1ximo nivel intelectual, cultural y de aplicaci\u00f3n de la Ingenier\u00eda T\u00e9cnica en Inform\u00e1tica.<\/li>\n<li>Colaborar con las administraciones p\u00fablicas en\u00a0 la consecuci\u00f3n de los derechos individuales y colectivos de la profesi\u00f3n reconocidos por la Constituci\u00f3n y el Estatuto de Autonom\u00eda de Galicia a los colegios profesionales.<\/li>\n<\/ul>\n<p><strong>Colegiaci\u00f3n<\/strong><\/p>\n<p>La colegiaci\u00f3n no CPETIG demuestra tu compromiso con tu crecimiento y mejora profesional y con el desarrollo y reconocimiento de la comunidad de profesionales de las ingenier\u00edas de las tecnolog\u00edas de la informaci\u00f3n.<\/p>\n<p>Si eres titulado en un grado en ingenier\u00eda inform\u00e1tica, una ingenier\u00eda t\u00e9cnica en inform\u00e1tica, diplomatura en inform\u00e1tica o t\u00edtulo extranjero equivalente debidamente homologado, puedes solicitar ya tu colegiaci\u00f3n inmediata o inscribirte como interesado en el Colegio Profesional de Ingenier\u00eda T\u00e9cnica en Inform\u00e1tica de Galicia. Aquellos estudiantes que est\u00e9n a piques de conseguir el t\u00edtulo podr\u00e1n incorporarse tambi\u00e9n al Colegio como precolegiados.<\/p>\n<p>M\u00e1s informaci\u00f3n sobre como y por qu\u00e9 colegiarse <a href=\"http:\/\/www.cpetig.gal\/\" target=\"_blank\" rel=\"noopener noreferrer\">aqu\u00ed<\/a>.<\/p>\n<p><img loading=\"lazy\" decoding=\"async\" class=\"alignnone size-full wp-image-13703\" src=\"https:\/\/esei.uvigo.es\/wp-content\/uploads\/2018\/09\/Colexio_CPETIG.png\" alt=\"\" width=\"238\" height=\"100\" \/><\/p>\n","protected":false},"excerpt":{"rendered":"<p>Colexio Profesional de Enxe\u00f1ar\u00eda T\u00e9cnica en Inform\u00e1tica de Galicia<\/p>\n","protected":false},"author":1,"featured_media":0,"parent":22785,"menu_order":6,"comment_status":"closed","ping_status":"closed","template":"","meta":{"_acf_changed":false,"footnotes":""},"class_list":["post-22787","page","type-page","status-publish","hentry"],"acf":[],"yoast_head":"<!-- This site is optimized with the Yoast SEO plugin v27.6 - https:\/\/yoast.com\/product\/yoast-seo-wordpress\/ -->\n<title>CPETIG | Escola Superior de Enxe\u00f1ar\u00eda Inform\u00e1tica<\/title>\n<meta name=\"robots\" content=\"index, follow, max-snippet:-1, max-image-preview:large, max-video-preview:-1\" \/>\n<link rel=\"canonical\" href=\"https:\/\/esei.uvigo.es\/es\/a-esei\/colexios-profesionais\/cpetig\/\" \/>\n<meta property=\"og:locale\" content=\"es_ES\" \/>\n<meta property=\"og:type\" content=\"article\" \/>\n<meta property=\"og:title\" content=\"CPETIG | Escola Superior de Enxe\u00f1ar\u00eda Inform\u00e1tica\" \/>\n<meta property=\"og:description\" content=\"Colexio Profesional de Enxe\u00f1ar\u00eda T\u00e9cnica en Inform\u00e1tica de Galicia\" \/>\n<meta property=\"og:url\" content=\"https:\/\/esei.uvigo.es\/es\/a-esei\/colexios-profesionais\/cpetig\/\" \/>\n<meta property=\"og:site_name\" content=\"Escola Superior de Enxe\u00f1ar\u00eda Inform\u00e1tica\" \/>\n<meta property=\"article:modified_time\" content=\"2022-06-21T12:22:35+00:00\" \/>\n<meta property=\"og:image\" content=\"https:\/\/esei.uvigo.es\/wp-content\/uploads\/2018\/09\/Colexio_CPETIG.png\" \/>\n<meta name=\"twitter:card\" content=\"summary_large_image\" \/>\n<meta name=\"twitter:label1\" content=\"Tiempo de lectura\" \/>\n\t<meta name=\"twitter:data1\" content=\"3 minutos\" \/>\n<script type=\"application\/ld+json\" class=\"yoast-schema-graph\">{\"@context\":\"https:\\\/\\\/schema.org\",\"@graph\":[{\"@type\":\"WebPage\",\"@id\":\"https:\\\/\\\/esei.uvigo.es\\\/es\\\/a-esei\\\/colexios-profesionais\\\/cpetig\\\/\",\"url\":\"https:\\\/\\\/esei.uvigo.es\\\/es\\\/a-esei\\\/colexios-profesionais\\\/cpetig\\\/\",\"name\":\"CPETIG | Escola Superior de Enxe\u00f1ar\u00eda Inform\u00e1tica\",\"isPartOf\":{\"@id\":\"https:\\\/\\\/esei.uvigo.es\\\/es\\\/#website\"},\"primaryImageOfPage\":{\"@id\":\"https:\\\/\\\/esei.uvigo.es\\\/es\\\/a-esei\\\/colexios-profesionais\\\/cpetig\\\/#primaryimage\"},\"image\":{\"@id\":\"https:\\\/\\\/esei.uvigo.es\\\/es\\\/a-esei\\\/colexios-profesionais\\\/cpetig\\\/#primaryimage\"},\"thumbnailUrl\":\"https:\\\/\\\/esei.uvigo.es\\\/wp-content\\\/uploads\\\/2018\\\/09\\\/Colexio_CPETIG.png\",\"datePublished\":\"2019-03-29T14:36:06+00:00\",\"dateModified\":\"2022-06-21T12:22:35+00:00\",\"breadcrumb\":{\"@id\":\"https:\\\/\\\/esei.uvigo.es\\\/es\\\/a-esei\\\/colexios-profesionais\\\/cpetig\\\/#breadcrumb\"},\"inLanguage\":\"es\",\"potentialAction\":[{\"@type\":\"ReadAction\",\"target\":[\"https:\\\/\\\/esei.uvigo.es\\\/es\\\/a-esei\\\/colexios-profesionais\\\/cpetig\\\/\"]}]},{\"@type\":\"ImageObject\",\"inLanguage\":\"es\",\"@id\":\"https:\\\/\\\/esei.uvigo.es\\\/es\\\/a-esei\\\/colexios-profesionais\\\/cpetig\\\/#primaryimage\",\"url\":\"https:\\\/\\\/esei.uvigo.es\\\/wp-content\\\/uploads\\\/2018\\\/09\\\/Colexio_CPETIG.png\",\"contentUrl\":\"https:\\\/\\\/esei.uvigo.es\\\/wp-content\\\/uploads\\\/2018\\\/09\\\/Colexio_CPETIG.png\"},{\"@type\":\"BreadcrumbList\",\"@id\":\"https:\\\/\\\/esei.uvigo.es\\\/es\\\/a-esei\\\/colexios-profesionais\\\/cpetig\\\/#breadcrumb\",\"itemListElement\":[{\"@type\":\"ListItem\",\"position\":1,\"name\":\"Portada\",\"item\":\"https:\\\/\\\/esei.uvigo.es\\\/es\\\/\"},{\"@type\":\"ListItem\",\"position\":2,\"name\":\"La ESEI\",\"item\":\"https:\\\/\\\/esei.uvigo.es\\\/es\\\/a-esei\\\/\"},{\"@type\":\"ListItem\",\"position\":3,\"name\":\"Colegios profesionales\",\"item\":\"https:\\\/\\\/esei.uvigo.es\\\/es\\\/a-esei\\\/colexios-profesionais\\\/\"},{\"@type\":\"ListItem\",\"position\":4,\"name\":\"CPETIG\"}]},{\"@type\":\"WebSite\",\"@id\":\"https:\\\/\\\/esei.uvigo.es\\\/es\\\/#website\",\"url\":\"https:\\\/\\\/esei.uvigo.es\\\/es\\\/\",\"name\":\"Escola Superior de Enxe\u00f1ar\u00eda Inform\u00e1tica\",\"description\":\"\",\"publisher\":{\"@id\":\"https:\\\/\\\/esei.uvigo.es\\\/es\\\/#organization\"},\"potentialAction\":[{\"@type\":\"SearchAction\",\"target\":{\"@type\":\"EntryPoint\",\"urlTemplate\":\"https:\\\/\\\/esei.uvigo.es\\\/es\\\/?s={search_term_string}\"},\"query-input\":{\"@type\":\"PropertyValueSpecification\",\"valueRequired\":true,\"valueName\":\"search_term_string\"}}],\"inLanguage\":\"es\"},{\"@type\":\"Organization\",\"@id\":\"https:\\\/\\\/esei.uvigo.es\\\/es\\\/#organization\",\"name\":\"Escola Superior de Enxe\u00f1ar\u00eda Inform\u00e1tica\",\"url\":\"https:\\\/\\\/esei.uvigo.es\\\/es\\\/\",\"logo\":{\"@type\":\"ImageObject\",\"inLanguage\":\"es\",\"@id\":\"https:\\\/\\\/esei.uvigo.es\\\/es\\\/#\\\/schema\\\/logo\\\/image\\\/\",\"url\":\"https:\\\/\\\/esei.uvigo.es\\\/wp-content\\\/uploads\\\/2019\\\/09\\\/esei.png\",\"contentUrl\":\"https:\\\/\\\/esei.uvigo.es\\\/wp-content\\\/uploads\\\/2019\\\/09\\\/esei.png\",\"width\":579,\"height\":98,\"caption\":\"Escola Superior de Enxe\u00f1ar\u00eda Inform\u00e1tica\"},\"image\":{\"@id\":\"https:\\\/\\\/esei.uvigo.es\\\/es\\\/#\\\/schema\\\/logo\\\/image\\\/\"}}]}<\/script>\n<!-- \/ Yoast SEO plugin. -->","yoast_head_json":{"title":"CPETIG | Escola Superior de Enxe\u00f1ar\u00eda Inform\u00e1tica","robots":{"index":"index","follow":"follow","max-snippet":"max-snippet:-1","max-image-preview":"max-image-preview:large","max-video-preview":"max-video-preview:-1"},"canonical":"https:\/\/esei.uvigo.es\/es\/a-esei\/colexios-profesionais\/cpetig\/","og_locale":"es_ES","og_type":"article","og_title":"CPETIG | Escola Superior de Enxe\u00f1ar\u00eda Inform\u00e1tica","og_description":"Colexio Profesional de Enxe\u00f1ar\u00eda T\u00e9cnica en Inform\u00e1tica de Galicia","og_url":"https:\/\/esei.uvigo.es\/es\/a-esei\/colexios-profesionais\/cpetig\/","og_site_name":"Escola Superior de Enxe\u00f1ar\u00eda Inform\u00e1tica","article_modified_time":"2022-06-21T12:22:35+00:00","og_image":[{"url":"https:\/\/esei.uvigo.es\/wp-content\/uploads\/2018\/09\/Colexio_CPETIG.png","type":"","width":"","height":""}],"twitter_card":"summary_large_image","twitter_misc":{"Tiempo de lectura":"3 minutos"},"schema":{"@context":"https:\/\/schema.org","@graph":[{"@type":"WebPage","@id":"https:\/\/esei.uvigo.es\/es\/a-esei\/colexios-profesionais\/cpetig\/","url":"https:\/\/esei.uvigo.es\/es\/a-esei\/colexios-profesionais\/cpetig\/","name":"CPETIG | Escola Superior de Enxe\u00f1ar\u00eda Inform\u00e1tica","isPartOf":{"@id":"https:\/\/esei.uvigo.es\/es\/#website"},"primaryImageOfPage":{"@id":"https:\/\/esei.uvigo.es\/es\/a-esei\/colexios-profesionais\/cpetig\/#primaryimage"},"image":{"@id":"https:\/\/esei.uvigo.es\/es\/a-esei\/colexios-profesionais\/cpetig\/#primaryimage"},"thumbnailUrl":"https:\/\/esei.uvigo.es\/wp-content\/uploads\/2018\/09\/Colexio_CPETIG.png","datePublished":"2019-03-29T14:36:06+00:00","dateModified":"2022-06-21T12:22:35+00:00","breadcrumb":{"@id":"https:\/\/esei.uvigo.es\/es\/a-esei\/colexios-profesionais\/cpetig\/#breadcrumb"},"inLanguage":"es","potentialAction":[{"@type":"ReadAction","target":["https:\/\/esei.uvigo.es\/es\/a-esei\/colexios-profesionais\/cpetig\/"]}]},{"@type":"ImageObject","inLanguage":"es","@id":"https:\/\/esei.uvigo.es\/es\/a-esei\/colexios-profesionais\/cpetig\/#primaryimage","url":"https:\/\/esei.uvigo.es\/wp-content\/uploads\/2018\/09\/Colexio_CPETIG.png","contentUrl":"https:\/\/esei.uvigo.es\/wp-content\/uploads\/2018\/09\/Colexio_CPETIG.png"},{"@type":"BreadcrumbList","@id":"https:\/\/esei.uvigo.es\/es\/a-esei\/colexios-profesionais\/cpetig\/#breadcrumb","itemListElement":[{"@type":"ListItem","position":1,"name":"Portada","item":"https:\/\/esei.uvigo.es\/es\/"},{"@type":"ListItem","position":2,"name":"La ESEI","item":"https:\/\/esei.uvigo.es\/es\/a-esei\/"},{"@type":"ListItem","position":3,"name":"Colegios profesionales","item":"https:\/\/esei.uvigo.es\/es\/a-esei\/colexios-profesionais\/"},{"@type":"ListItem","position":4,"name":"CPETIG"}]},{"@type":"WebSite","@id":"https:\/\/esei.uvigo.es\/es\/#website","url":"https:\/\/esei.uvigo.es\/es\/","name":"Escola Superior de Enxe\u00f1ar\u00eda Inform\u00e1tica","description":"","publisher":{"@id":"https:\/\/esei.uvigo.es\/es\/#organization"},"potentialAction":[{"@type":"SearchAction","target":{"@type":"EntryPoint","urlTemplate":"https:\/\/esei.uvigo.es\/es\/?s={search_term_string}"},"query-input":{"@type":"PropertyValueSpecification","valueRequired":true,"valueName":"search_term_string"}}],"inLanguage":"es"},{"@type":"Organization","@id":"https:\/\/esei.uvigo.es\/es\/#organization","name":"Escola Superior de Enxe\u00f1ar\u00eda Inform\u00e1tica","url":"https:\/\/esei.uvigo.es\/es\/","logo":{"@type":"ImageObject","inLanguage":"es","@id":"https:\/\/esei.uvigo.es\/es\/#\/schema\/logo\/image\/","url":"https:\/\/esei.uvigo.es\/wp-content\/uploads\/2019\/09\/esei.png","contentUrl":"https:\/\/esei.uvigo.es\/wp-content\/uploads\/2019\/09\/esei.png","width":579,"height":98,"caption":"Escola Superior de Enxe\u00f1ar\u00eda Inform\u00e1tica"},"image":{"@id":"https:\/\/esei.uvigo.es\/es\/#\/schema\/logo\/image\/"}}]}},"_links":{"self":[{"href":"https:\/\/esei.uvigo.es\/es\/wp-json\/wp\/v2\/pages\/22787","targetHints":{"allow":["GET"]}}],"collection":[{"href":"https:\/\/esei.uvigo.es\/es\/wp-json\/wp\/v2\/pages"}],"about":[{"href":"https:\/\/esei.uvigo.es\/es\/wp-json\/wp\/v2\/types\/page"}],"author":[{"embeddable":true,"href":"https:\/\/esei.uvigo.es\/es\/wp-json\/wp\/v2\/users\/1"}],"replies":[{"embeddable":true,"href":"https:\/\/esei.uvigo.es\/es\/wp-json\/wp\/v2\/comments?post=22787"}],"version-history":[{"count":3,"href":"https:\/\/esei.uvigo.es\/es\/wp-json\/wp\/v2\/pages\/22787\/revisions"}],"predecessor-version":[{"id":23635,"href":"https:\/\/esei.uvigo.es\/es\/wp-json\/wp\/v2\/pages\/22787\/revisions\/23635"}],"up":[{"embeddable":true,"href":"https:\/\/esei.uvigo.es\/es\/wp-json\/wp\/v2\/pages\/22785"}],"wp:attachment":[{"href":"https:\/\/esei.uvigo.es\/es\/wp-json\/wp\/v2\/media?parent=22787"}],"curies":[{"name":"wp","href":"https:\/\/api.w.org\/{rel}","templated":true}]}}