{"id":22786,"date":"2019-03-29T15:35:42","date_gmt":"2019-03-29T14:35:42","guid":{"rendered":"https:\/\/esei.uvigo.es\/a-esei\/colexios-profesionais\/cpeig\/"},"modified":"2022-10-20T13:51:06","modified_gmt":"2022-10-20T11:51:06","slug":"cpeig","status":"publish","type":"page","link":"https:\/\/esei.uvigo.es\/es\/a-esei\/colexios-profesionais\/cpeig\/","title":{"rendered":"CPEIG"},"content":{"rendered":"<p>Para los titulados y tituladas de Ingenier\u00eda en Inform\u00e1tica, Licenciatura en Inform\u00e1tica o M\u00e1ster Universitario en Ingenier\u00eda Inform\u00e1tica.<\/p>\n<p><strong>\u00bfQu\u00e9 es el CPEIG?<\/strong><\/p>\n<p><strong>El Colegio Profesional de Ingenier\u00eda en Inform\u00e1tica de Galicia (CPEIG)<\/strong> es uno de los colegios profesionales m\u00e1s activos en la defensa de los intereses de sus colegiados y colegiadas, puesto que es el medio a trav\u00e9s del cual los profesionales del sector puden participar en el ordenamiento y en la regulaci\u00f3n del \u00e1mbito de la Ingenier\u00eda en inform\u00e1tica.<\/p>\n<p>Representa a nuestro colectivo con dignidad, responsabilidad y transparencia. Siempre, en cada una de nuestras actuaciones o demandas, tenemos la voluntad de lograr que el ejercicio de nuestra profesi\u00f3n tenga una repercusi\u00f3n directa y positiva en la sociedad en la que nos integramos.<\/p>\n<p>Nuestro colegio tiene una historia reciente. Se constituyo en el mes de diciembre de 2007 como corporaci\u00f3n de derecho p\u00fablico y de car\u00e1cter profesional, con personalidad jur\u00eddica propia que se rige por la normativa vigente en la materia y por sus estatutos. Con sede en Santiago de Compostela, en la actualidad cuenta con m\u00e1s de 300 personas colegiadas.<\/p>\n<p>Como colegiado\/colegiada, tienes la oportunidad de obtener distintos beneficios que puedes consultar <a href=\"http:\/\/www.cpeig.org\/portal\/node\/380\" target=\"_blank\" rel=\"noopener noreferrer\">aqu\u00ed<\/a>. Aparte de esas condiciones ventajosas y por encima de todo, el mayor beneficio es el sentimiento de grupo que nos une bajo la convicci\u00f3n de que todos sumamos fuerzas, en igualdad de condiciones, para conseguir nuestros ideales profesionales.<\/p>\n<p>M\u00e1s informaci\u00f3n en la <a href=\"http:\/\/www.cpeig.org\/portal\/\" target=\"_blank\" rel=\"noopener noreferrer\">web do CPEIG<\/a>.<\/p>\n<p><img loading=\"lazy\" decoding=\"async\" class=\"alignnone size-full wp-image-13705\" src=\"https:\/\/esei.uvigo.es\/wp-content\/uploads\/2018\/09\/Colexio_CPEIG.png\" alt=\"\" width=\"266\" height=\"70\" \/><\/p>\n","protected":false},"excerpt":{"rendered":"<p>Colexio Profesional de Enxe\u00f1ar\u00eda en Inform\u00e1tica de Galicia<\/p>\n","protected":false},"author":1,"featured_media":0,"parent":22785,"menu_order":2,"comment_status":"closed","ping_status":"closed","template":"","meta":{"_acf_changed":false,"footnotes":""},"class_list":["post-22786","page","type-page","status-publish","hentry"],"acf":[],"yoast_head":"<!-- This site is optimized with the Yoast SEO plugin v27.6 - https:\/\/yoast.com\/product\/yoast-seo-wordpress\/ -->\n<title>CPEIG | Escola Superior de Enxe\u00f1ar\u00eda Inform\u00e1tica<\/title>\n<meta name=\"robots\" content=\"index, follow, max-snippet:-1, max-image-preview:large, max-video-preview:-1\" \/>\n<link rel=\"canonical\" href=\"https:\/\/esei.uvigo.es\/es\/a-esei\/colexios-profesionais\/cpeig\/\" \/>\n<meta property=\"og:locale\" content=\"es_ES\" \/>\n<meta property=\"og:type\" content=\"article\" \/>\n<meta property=\"og:title\" content=\"CPEIG | Escola Superior de Enxe\u00f1ar\u00eda Inform\u00e1tica\" \/>\n<meta property=\"og:description\" content=\"Colexio Profesional de Enxe\u00f1ar\u00eda en Inform\u00e1tica de Galicia\" \/>\n<meta property=\"og:url\" content=\"https:\/\/esei.uvigo.es\/es\/a-esei\/colexios-profesionais\/cpeig\/\" \/>\n<meta property=\"og:site_name\" content=\"Escola Superior de Enxe\u00f1ar\u00eda Inform\u00e1tica\" \/>\n<meta property=\"article:modified_time\" content=\"2022-10-20T11:51:06+00:00\" \/>\n<meta property=\"og:image\" content=\"https:\/\/esei.uvigo.es\/wp-content\/uploads\/2018\/09\/Colexio_CPEIG.png\" \/>\n<meta name=\"twitter:card\" content=\"summary_large_image\" \/>\n<meta name=\"twitter:label1\" content=\"Tiempo de lectura\" \/>\n\t<meta name=\"twitter:data1\" content=\"2 minutos\" \/>\n<script type=\"application\/ld+json\" class=\"yoast-schema-graph\">{\"@context\":\"https:\\\/\\\/schema.org\",\"@graph\":[{\"@type\":\"WebPage\",\"@id\":\"https:\\\/\\\/esei.uvigo.es\\\/es\\\/a-esei\\\/colexios-profesionais\\\/cpeig\\\/\",\"url\":\"https:\\\/\\\/esei.uvigo.es\\\/es\\\/a-esei\\\/colexios-profesionais\\\/cpeig\\\/\",\"name\":\"CPEIG | Escola Superior de Enxe\u00f1ar\u00eda Inform\u00e1tica\",\"isPartOf\":{\"@id\":\"https:\\\/\\\/esei.uvigo.es\\\/es\\\/#website\"},\"primaryImageOfPage\":{\"@id\":\"https:\\\/\\\/esei.uvigo.es\\\/es\\\/a-esei\\\/colexios-profesionais\\\/cpeig\\\/#primaryimage\"},\"image\":{\"@id\":\"https:\\\/\\\/esei.uvigo.es\\\/es\\\/a-esei\\\/colexios-profesionais\\\/cpeig\\\/#primaryimage\"},\"thumbnailUrl\":\"https:\\\/\\\/esei.uvigo.es\\\/wp-content\\\/uploads\\\/2018\\\/09\\\/Colexio_CPEIG.png\",\"datePublished\":\"2019-03-29T14:35:42+00:00\",\"dateModified\":\"2022-10-20T11:51:06+00:00\",\"breadcrumb\":{\"@id\":\"https:\\\/\\\/esei.uvigo.es\\\/es\\\/a-esei\\\/colexios-profesionais\\\/cpeig\\\/#breadcrumb\"},\"inLanguage\":\"es\",\"potentialAction\":[{\"@type\":\"ReadAction\",\"target\":[\"https:\\\/\\\/esei.uvigo.es\\\/es\\\/a-esei\\\/colexios-profesionais\\\/cpeig\\\/\"]}]},{\"@type\":\"ImageObject\",\"inLanguage\":\"es\",\"@id\":\"https:\\\/\\\/esei.uvigo.es\\\/es\\\/a-esei\\\/colexios-profesionais\\\/cpeig\\\/#primaryimage\",\"url\":\"https:\\\/\\\/esei.uvigo.es\\\/wp-content\\\/uploads\\\/2018\\\/09\\\/Colexio_CPEIG.png\",\"contentUrl\":\"https:\\\/\\\/esei.uvigo.es\\\/wp-content\\\/uploads\\\/2018\\\/09\\\/Colexio_CPEIG.png\"},{\"@type\":\"BreadcrumbList\",\"@id\":\"https:\\\/\\\/esei.uvigo.es\\\/es\\\/a-esei\\\/colexios-profesionais\\\/cpeig\\\/#breadcrumb\",\"itemListElement\":[{\"@type\":\"ListItem\",\"position\":1,\"name\":\"Portada\",\"item\":\"https:\\\/\\\/esei.uvigo.es\\\/es\\\/\"},{\"@type\":\"ListItem\",\"position\":2,\"name\":\"La ESEI\",\"item\":\"https:\\\/\\\/esei.uvigo.es\\\/es\\\/a-esei\\\/\"},{\"@type\":\"ListItem\",\"position\":3,\"name\":\"Colegios profesionales\",\"item\":\"https:\\\/\\\/esei.uvigo.es\\\/es\\\/a-esei\\\/colexios-profesionais\\\/\"},{\"@type\":\"ListItem\",\"position\":4,\"name\":\"CPEIG\"}]},{\"@type\":\"WebSite\",\"@id\":\"https:\\\/\\\/esei.uvigo.es\\\/es\\\/#website\",\"url\":\"https:\\\/\\\/esei.uvigo.es\\\/es\\\/\",\"name\":\"Escola Superior de Enxe\u00f1ar\u00eda Inform\u00e1tica\",\"description\":\"\",\"publisher\":{\"@id\":\"https:\\\/\\\/esei.uvigo.es\\\/es\\\/#organization\"},\"potentialAction\":[{\"@type\":\"SearchAction\",\"target\":{\"@type\":\"EntryPoint\",\"urlTemplate\":\"https:\\\/\\\/esei.uvigo.es\\\/es\\\/?s={search_term_string}\"},\"query-input\":{\"@type\":\"PropertyValueSpecification\",\"valueRequired\":true,\"valueName\":\"search_term_string\"}}],\"inLanguage\":\"es\"},{\"@type\":\"Organization\",\"@id\":\"https:\\\/\\\/esei.uvigo.es\\\/es\\\/#organization\",\"name\":\"Escola Superior de Enxe\u00f1ar\u00eda Inform\u00e1tica\",\"url\":\"https:\\\/\\\/esei.uvigo.es\\\/es\\\/\",\"logo\":{\"@type\":\"ImageObject\",\"inLanguage\":\"es\",\"@id\":\"https:\\\/\\\/esei.uvigo.es\\\/es\\\/#\\\/schema\\\/logo\\\/image\\\/\",\"url\":\"https:\\\/\\\/esei.uvigo.es\\\/wp-content\\\/uploads\\\/2019\\\/09\\\/esei.png\",\"contentUrl\":\"https:\\\/\\\/esei.uvigo.es\\\/wp-content\\\/uploads\\\/2019\\\/09\\\/esei.png\",\"width\":579,\"height\":98,\"caption\":\"Escola Superior de Enxe\u00f1ar\u00eda Inform\u00e1tica\"},\"image\":{\"@id\":\"https:\\\/\\\/esei.uvigo.es\\\/es\\\/#\\\/schema\\\/logo\\\/image\\\/\"}}]}<\/script>\n<!-- \/ Yoast SEO plugin. -->","yoast_head_json":{"title":"CPEIG | Escola Superior de Enxe\u00f1ar\u00eda Inform\u00e1tica","robots":{"index":"index","follow":"follow","max-snippet":"max-snippet:-1","max-image-preview":"max-image-preview:large","max-video-preview":"max-video-preview:-1"},"canonical":"https:\/\/esei.uvigo.es\/es\/a-esei\/colexios-profesionais\/cpeig\/","og_locale":"es_ES","og_type":"article","og_title":"CPEIG | Escola Superior de Enxe\u00f1ar\u00eda Inform\u00e1tica","og_description":"Colexio Profesional de Enxe\u00f1ar\u00eda en Inform\u00e1tica de Galicia","og_url":"https:\/\/esei.uvigo.es\/es\/a-esei\/colexios-profesionais\/cpeig\/","og_site_name":"Escola Superior de Enxe\u00f1ar\u00eda Inform\u00e1tica","article_modified_time":"2022-10-20T11:51:06+00:00","og_image":[{"url":"https:\/\/esei.uvigo.es\/wp-content\/uploads\/2018\/09\/Colexio_CPEIG.png","type":"","width":"","height":""}],"twitter_card":"summary_large_image","twitter_misc":{"Tiempo de lectura":"2 minutos"},"schema":{"@context":"https:\/\/schema.org","@graph":[{"@type":"WebPage","@id":"https:\/\/esei.uvigo.es\/es\/a-esei\/colexios-profesionais\/cpeig\/","url":"https:\/\/esei.uvigo.es\/es\/a-esei\/colexios-profesionais\/cpeig\/","name":"CPEIG | Escola Superior de Enxe\u00f1ar\u00eda Inform\u00e1tica","isPartOf":{"@id":"https:\/\/esei.uvigo.es\/es\/#website"},"primaryImageOfPage":{"@id":"https:\/\/esei.uvigo.es\/es\/a-esei\/colexios-profesionais\/cpeig\/#primaryimage"},"image":{"@id":"https:\/\/esei.uvigo.es\/es\/a-esei\/colexios-profesionais\/cpeig\/#primaryimage"},"thumbnailUrl":"https:\/\/esei.uvigo.es\/wp-content\/uploads\/2018\/09\/Colexio_CPEIG.png","datePublished":"2019-03-29T14:35:42+00:00","dateModified":"2022-10-20T11:51:06+00:00","breadcrumb":{"@id":"https:\/\/esei.uvigo.es\/es\/a-esei\/colexios-profesionais\/cpeig\/#breadcrumb"},"inLanguage":"es","potentialAction":[{"@type":"ReadAction","target":["https:\/\/esei.uvigo.es\/es\/a-esei\/colexios-profesionais\/cpeig\/"]}]},{"@type":"ImageObject","inLanguage":"es","@id":"https:\/\/esei.uvigo.es\/es\/a-esei\/colexios-profesionais\/cpeig\/#primaryimage","url":"https:\/\/esei.uvigo.es\/wp-content\/uploads\/2018\/09\/Colexio_CPEIG.png","contentUrl":"https:\/\/esei.uvigo.es\/wp-content\/uploads\/2018\/09\/Colexio_CPEIG.png"},{"@type":"BreadcrumbList","@id":"https:\/\/esei.uvigo.es\/es\/a-esei\/colexios-profesionais\/cpeig\/#breadcrumb","itemListElement":[{"@type":"ListItem","position":1,"name":"Portada","item":"https:\/\/esei.uvigo.es\/es\/"},{"@type":"ListItem","position":2,"name":"La ESEI","item":"https:\/\/esei.uvigo.es\/es\/a-esei\/"},{"@type":"ListItem","position":3,"name":"Colegios profesionales","item":"https:\/\/esei.uvigo.es\/es\/a-esei\/colexios-profesionais\/"},{"@type":"ListItem","position":4,"name":"CPEIG"}]},{"@type":"WebSite","@id":"https:\/\/esei.uvigo.es\/es\/#website","url":"https:\/\/esei.uvigo.es\/es\/","name":"Escola Superior de Enxe\u00f1ar\u00eda Inform\u00e1tica","description":"","publisher":{"@id":"https:\/\/esei.uvigo.es\/es\/#organization"},"potentialAction":[{"@type":"SearchAction","target":{"@type":"EntryPoint","urlTemplate":"https:\/\/esei.uvigo.es\/es\/?s={search_term_string}"},"query-input":{"@type":"PropertyValueSpecification","valueRequired":true,"valueName":"search_term_string"}}],"inLanguage":"es"},{"@type":"Organization","@id":"https:\/\/esei.uvigo.es\/es\/#organization","name":"Escola Superior de Enxe\u00f1ar\u00eda Inform\u00e1tica","url":"https:\/\/esei.uvigo.es\/es\/","logo":{"@type":"ImageObject","inLanguage":"es","@id":"https:\/\/esei.uvigo.es\/es\/#\/schema\/logo\/image\/","url":"https:\/\/esei.uvigo.es\/wp-content\/uploads\/2019\/09\/esei.png","contentUrl":"https:\/\/esei.uvigo.es\/wp-content\/uploads\/2019\/09\/esei.png","width":579,"height":98,"caption":"Escola Superior de Enxe\u00f1ar\u00eda Inform\u00e1tica"},"image":{"@id":"https:\/\/esei.uvigo.es\/es\/#\/schema\/logo\/image\/"}}]}},"_links":{"self":[{"href":"https:\/\/esei.uvigo.es\/es\/wp-json\/wp\/v2\/pages\/22786","targetHints":{"allow":["GET"]}}],"collection":[{"href":"https:\/\/esei.uvigo.es\/es\/wp-json\/wp\/v2\/pages"}],"about":[{"href":"https:\/\/esei.uvigo.es\/es\/wp-json\/wp\/v2\/types\/page"}],"author":[{"embeddable":true,"href":"https:\/\/esei.uvigo.es\/es\/wp-json\/wp\/v2\/users\/1"}],"replies":[{"embeddable":true,"href":"https:\/\/esei.uvigo.es\/es\/wp-json\/wp\/v2\/comments?post=22786"}],"version-history":[{"count":2,"href":"https:\/\/esei.uvigo.es\/es\/wp-json\/wp\/v2\/pages\/22786\/revisions"}],"predecessor-version":[{"id":24918,"href":"https:\/\/esei.uvigo.es\/es\/wp-json\/wp\/v2\/pages\/22786\/revisions\/24918"}],"up":[{"embeddable":true,"href":"https:\/\/esei.uvigo.es\/es\/wp-json\/wp\/v2\/pages\/22785"}],"wp:attachment":[{"href":"https:\/\/esei.uvigo.es\/es\/wp-json\/wp\/v2\/media?parent=22786"}],"curies":[{"name":"wp","href":"https:\/\/api.w.org\/{rel}","templated":true}]}}