{"id":22783,"date":"2019-02-07T14:41:23","date_gmt":"2019-02-07T13:41:23","guid":{"rendered":"https:\/\/esei.uvigo.es\/a-esei\/normativas\/normativas-da-universidade-de-vigo\/"},"modified":"2024-02-08T14:33:27","modified_gmt":"2024-02-08T13:33:27","slug":"normativas-da-universidade-de-vigo","status":"publish","type":"page","link":"https:\/\/esei.uvigo.es\/es\/a-esei\/normativas\/normativas-da-universidade-de-vigo\/","title":{"rendered":"Normativas de la Universidad de Vigo"},"content":{"rendered":"<ul class=\"list-peak\">\n<li><a href=\"https:\/\/www.xunta.gal\/dog\/Publicados\/2017\/20170630\/AnuncioU500-210617-0001_gl.html\" target=\"_blank\" rel=\"noopener noreferrer\">Normativa de permanencia para titulaciones de Grado y M\u00e1ster<\/a><\/li>\n<li><a href=\"https:\/\/esei.uvigo.es\/documentos\/normativas-uv-normativa-de-programa-conxunto-de-estudos-oficiais-de-grao-na-universidade-de-vigo\/\" target=\"_blank\" rel=\"noopener noreferrer\">Normativa de programa conjunto de estudios oficiales de Grado en la Universidad de Vigo<\/a><\/li>\n<li><a href=\"https:\/\/esei.uvigo.es\/documentos\/normativas-uv-criterios-de-aplicacion-da-normativa-de-permanencia-para-titulacions-de-grao-e-master\/\" target=\"_blank\" rel=\"noopener noreferrer\">Criterios de aplicaci\u00f3n de la normativa de permanencia para titulaciones de Grao e M\u00e1ster<\/a><\/li>\n<li><a href=\"https:\/\/secretaria.uvigo.gal\/uv\/web\/normativa\/public\/show\/267\" target=\"_blank\" rel=\"noopener noreferrer\">Estatutos de la Universidad de Vigo (web Universidad de Vigo)<\/a><\/li>\n<li><a href=\"https:\/\/secretaria.uvigo.gal\/uv\/web\/normativa\/public\/show\/461\" target=\"_blank\" rel=\"noopener noreferrer\">Reglamento de estudiantes de la Universidad de Vigo (web Universidad de Vigo)<\/a><\/li>\n<li><a href=\"https:\/\/esei.uvigo.es\/documentos\/normativas-uv-estatuto-del-estudiante-universitario\/\" target=\"_blank\" rel=\"noopener noreferrer\">Estatuto del estudiante universitario<\/a> (RD 1791\/2010 de 30 de diciembre, BOE de 31 de diciembre de 2010) (pdf)<\/li>\n<li><a href=\"https:\/\/esei.uvigo.es\/documentos\/normativas-uv-regulamento-de-atencion-ao-estudantado-con-necesidades-especificas-de-apoio-educativo\/\" target=\"_blank\" rel=\"noopener noreferrer\">Reglamento de atenci\u00f3n a los estudiantes con necesidades espec\u00edficas de apoyo educativo de la Universidad de Vigo<\/a> (pdf)<\/li>\n<li><a href=\"https:\/\/secretaria.uvigo.gal\/uv\/web\/normativa\/public\/show\/565\" target=\"_blank\" rel=\"noopener\">Reglamento sobre la evaluaci\u00f3n, la cualificaci\u00f3n y la calidad de la docencia y del proceso de aprendizaje del estudiantado<\/a><\/li>\n<li><a href=\"https:\/\/www.uvigo.gal\/estudar\/empregabilidade\/practicas\/normativa-documentacion\">Normativa y documentaci\u00f3n de pr\u00e1cticas<\/a> (web Universidad de Vigo)<\/li>\n<li><a href=\"https:\/\/secretaria.uvigo.gal\/uv\/web\/normativa\/public\/index\" target=\"_blank\" rel=\"noopener noreferrer\">Otras normativas de la Universidad de Vigo<\/a><\/li>\n<\/ul>\n","protected":false},"excerpt":{"rendered":"<p>Normativa de permanencia para titulaciones de Grado y M\u00e1ster Normativa de programa conjunto de estudios oficiales de Grado en la Universidad de Vigo Criterios de &hellip; <a class=\"excerpt_more\" href=\"https:\/\/esei.uvigo.es\/es\/a-esei\/normativas\/normativas-da-universidade-de-vigo\/\">Contin\u00faa<\/a><\/p>\n","protected":false},"author":1,"featured_media":0,"parent":22775,"menu_order":7,"comment_status":"closed","ping_status":"closed","template":"","meta":{"_acf_changed":false,"footnotes":""},"class_list":["post-22783","page","type-page","status-publish","hentry"],"acf":[],"yoast_head":"<!-- This site is optimized with the Yoast SEO plugin v27.6 - https:\/\/yoast.com\/product\/yoast-seo-wordpress\/ -->\n<title>Normativas de la Universidad de Vigo | Escola Superior de Enxe\u00f1ar\u00eda Inform\u00e1tica<\/title>\n<meta name=\"robots\" content=\"index, follow, max-snippet:-1, max-image-preview:large, max-video-preview:-1\" \/>\n<link rel=\"canonical\" href=\"https:\/\/esei.uvigo.es\/es\/a-esei\/normativas\/normativas-da-universidade-de-vigo\/\" \/>\n<meta property=\"og:locale\" content=\"es_ES\" \/>\n<meta property=\"og:type\" content=\"article\" \/>\n<meta property=\"og:title\" content=\"Normativas de la Universidad de Vigo | Escola Superior de Enxe\u00f1ar\u00eda Inform\u00e1tica\" \/>\n<meta property=\"og:description\" content=\"Normativa de permanencia para titulaciones de Grado y M\u00e1ster Normativa de programa conjunto de estudios oficiales de Grado en la Universidad de Vigo Criterios de &hellip; Contin\u00faa\" \/>\n<meta property=\"og:url\" content=\"https:\/\/esei.uvigo.es\/es\/a-esei\/normativas\/normativas-da-universidade-de-vigo\/\" \/>\n<meta property=\"og:site_name\" content=\"Escola Superior de Enxe\u00f1ar\u00eda Inform\u00e1tica\" \/>\n<meta property=\"article:modified_time\" content=\"2024-02-08T13:33:27+00:00\" \/>\n<meta name=\"twitter:card\" content=\"summary_large_image\" \/>\n<meta name=\"twitter:label1\" content=\"Tiempo de lectura\" \/>\n\t<meta name=\"twitter:data1\" content=\"1 minuto\" \/>\n<script type=\"application\/ld+json\" class=\"yoast-schema-graph\">{\"@context\":\"https:\\\/\\\/schema.org\",\"@graph\":[{\"@type\":\"WebPage\",\"@id\":\"https:\\\/\\\/esei.uvigo.es\\\/es\\\/a-esei\\\/normativas\\\/normativas-da-universidade-de-vigo\\\/\",\"url\":\"https:\\\/\\\/esei.uvigo.es\\\/es\\\/a-esei\\\/normativas\\\/normativas-da-universidade-de-vigo\\\/\",\"name\":\"Normativas de la Universidad de Vigo | Escola Superior de Enxe\u00f1ar\u00eda Inform\u00e1tica\",\"isPartOf\":{\"@id\":\"https:\\\/\\\/esei.uvigo.es\\\/es\\\/#website\"},\"datePublished\":\"2019-02-07T13:41:23+00:00\",\"dateModified\":\"2024-02-08T13:33:27+00:00\",\"breadcrumb\":{\"@id\":\"https:\\\/\\\/esei.uvigo.es\\\/es\\\/a-esei\\\/normativas\\\/normativas-da-universidade-de-vigo\\\/#breadcrumb\"},\"inLanguage\":\"es\",\"potentialAction\":[{\"@type\":\"ReadAction\",\"target\":[\"https:\\\/\\\/esei.uvigo.es\\\/es\\\/a-esei\\\/normativas\\\/normativas-da-universidade-de-vigo\\\/\"]}]},{\"@type\":\"BreadcrumbList\",\"@id\":\"https:\\\/\\\/esei.uvigo.es\\\/es\\\/a-esei\\\/normativas\\\/normativas-da-universidade-de-vigo\\\/#breadcrumb\",\"itemListElement\":[{\"@type\":\"ListItem\",\"position\":1,\"name\":\"Portada\",\"item\":\"https:\\\/\\\/esei.uvigo.es\\\/es\\\/\"},{\"@type\":\"ListItem\",\"position\":2,\"name\":\"La ESEI\",\"item\":\"https:\\\/\\\/esei.uvigo.es\\\/es\\\/a-esei\\\/\"},{\"@type\":\"ListItem\",\"position\":3,\"name\":\"Normativas\",\"item\":\"https:\\\/\\\/esei.uvigo.es\\\/es\\\/a-esei\\\/normativas\\\/\"},{\"@type\":\"ListItem\",\"position\":4,\"name\":\"Normativas de la Universidad de Vigo\"}]},{\"@type\":\"WebSite\",\"@id\":\"https:\\\/\\\/esei.uvigo.es\\\/es\\\/#website\",\"url\":\"https:\\\/\\\/esei.uvigo.es\\\/es\\\/\",\"name\":\"Escola Superior de Enxe\u00f1ar\u00eda Inform\u00e1tica\",\"description\":\"\",\"publisher\":{\"@id\":\"https:\\\/\\\/esei.uvigo.es\\\/es\\\/#organization\"},\"potentialAction\":[{\"@type\":\"SearchAction\",\"target\":{\"@type\":\"EntryPoint\",\"urlTemplate\":\"https:\\\/\\\/esei.uvigo.es\\\/es\\\/?s={search_term_string}\"},\"query-input\":{\"@type\":\"PropertyValueSpecification\",\"valueRequired\":true,\"valueName\":\"search_term_string\"}}],\"inLanguage\":\"es\"},{\"@type\":\"Organization\",\"@id\":\"https:\\\/\\\/esei.uvigo.es\\\/es\\\/#organization\",\"name\":\"Escola Superior de Enxe\u00f1ar\u00eda Inform\u00e1tica\",\"url\":\"https:\\\/\\\/esei.uvigo.es\\\/es\\\/\",\"logo\":{\"@type\":\"ImageObject\",\"inLanguage\":\"es\",\"@id\":\"https:\\\/\\\/esei.uvigo.es\\\/es\\\/#\\\/schema\\\/logo\\\/image\\\/\",\"url\":\"https:\\\/\\\/esei.uvigo.es\\\/wp-content\\\/uploads\\\/2019\\\/09\\\/esei.png\",\"contentUrl\":\"https:\\\/\\\/esei.uvigo.es\\\/wp-content\\\/uploads\\\/2019\\\/09\\\/esei.png\",\"width\":579,\"height\":98,\"caption\":\"Escola Superior de Enxe\u00f1ar\u00eda Inform\u00e1tica\"},\"image\":{\"@id\":\"https:\\\/\\\/esei.uvigo.es\\\/es\\\/#\\\/schema\\\/logo\\\/image\\\/\"}}]}<\/script>\n<!-- \/ Yoast SEO plugin. -->","yoast_head_json":{"title":"Normativas de la Universidad de Vigo | Escola Superior de Enxe\u00f1ar\u00eda Inform\u00e1tica","robots":{"index":"index","follow":"follow","max-snippet":"max-snippet:-1","max-image-preview":"max-image-preview:large","max-video-preview":"max-video-preview:-1"},"canonical":"https:\/\/esei.uvigo.es\/es\/a-esei\/normativas\/normativas-da-universidade-de-vigo\/","og_locale":"es_ES","og_type":"article","og_title":"Normativas de la Universidad de Vigo | Escola Superior de Enxe\u00f1ar\u00eda Inform\u00e1tica","og_description":"Normativa de permanencia para titulaciones de Grado y M\u00e1ster Normativa de programa conjunto de estudios oficiales de Grado en la Universidad de Vigo Criterios de &hellip; Contin\u00faa","og_url":"https:\/\/esei.uvigo.es\/es\/a-esei\/normativas\/normativas-da-universidade-de-vigo\/","og_site_name":"Escola Superior de Enxe\u00f1ar\u00eda Inform\u00e1tica","article_modified_time":"2024-02-08T13:33:27+00:00","twitter_card":"summary_large_image","twitter_misc":{"Tiempo de lectura":"1 minuto"},"schema":{"@context":"https:\/\/schema.org","@graph":[{"@type":"WebPage","@id":"https:\/\/esei.uvigo.es\/es\/a-esei\/normativas\/normativas-da-universidade-de-vigo\/","url":"https:\/\/esei.uvigo.es\/es\/a-esei\/normativas\/normativas-da-universidade-de-vigo\/","name":"Normativas de la Universidad de Vigo | Escola Superior de Enxe\u00f1ar\u00eda Inform\u00e1tica","isPartOf":{"@id":"https:\/\/esei.uvigo.es\/es\/#website"},"datePublished":"2019-02-07T13:41:23+00:00","dateModified":"2024-02-08T13:33:27+00:00","breadcrumb":{"@id":"https:\/\/esei.uvigo.es\/es\/a-esei\/normativas\/normativas-da-universidade-de-vigo\/#breadcrumb"},"inLanguage":"es","potentialAction":[{"@type":"ReadAction","target":["https:\/\/esei.uvigo.es\/es\/a-esei\/normativas\/normativas-da-universidade-de-vigo\/"]}]},{"@type":"BreadcrumbList","@id":"https:\/\/esei.uvigo.es\/es\/a-esei\/normativas\/normativas-da-universidade-de-vigo\/#breadcrumb","itemListElement":[{"@type":"ListItem","position":1,"name":"Portada","item":"https:\/\/esei.uvigo.es\/es\/"},{"@type":"ListItem","position":2,"name":"La ESEI","item":"https:\/\/esei.uvigo.es\/es\/a-esei\/"},{"@type":"ListItem","position":3,"name":"Normativas","item":"https:\/\/esei.uvigo.es\/es\/a-esei\/normativas\/"},{"@type":"ListItem","position":4,"name":"Normativas de la Universidad de Vigo"}]},{"@type":"WebSite","@id":"https:\/\/esei.uvigo.es\/es\/#website","url":"https:\/\/esei.uvigo.es\/es\/","name":"Escola Superior de Enxe\u00f1ar\u00eda Inform\u00e1tica","description":"","publisher":{"@id":"https:\/\/esei.uvigo.es\/es\/#organization"},"potentialAction":[{"@type":"SearchAction","target":{"@type":"EntryPoint","urlTemplate":"https:\/\/esei.uvigo.es\/es\/?s={search_term_string}"},"query-input":{"@type":"PropertyValueSpecification","valueRequired":true,"valueName":"search_term_string"}}],"inLanguage":"es"},{"@type":"Organization","@id":"https:\/\/esei.uvigo.es\/es\/#organization","name":"Escola Superior de Enxe\u00f1ar\u00eda Inform\u00e1tica","url":"https:\/\/esei.uvigo.es\/es\/","logo":{"@type":"ImageObject","inLanguage":"es","@id":"https:\/\/esei.uvigo.es\/es\/#\/schema\/logo\/image\/","url":"https:\/\/esei.uvigo.es\/wp-content\/uploads\/2019\/09\/esei.png","contentUrl":"https:\/\/esei.uvigo.es\/wp-content\/uploads\/2019\/09\/esei.png","width":579,"height":98,"caption":"Escola Superior de Enxe\u00f1ar\u00eda Inform\u00e1tica"},"image":{"@id":"https:\/\/esei.uvigo.es\/es\/#\/schema\/logo\/image\/"}}]}},"_links":{"self":[{"href":"https:\/\/esei.uvigo.es\/es\/wp-json\/wp\/v2\/pages\/22783","targetHints":{"allow":["GET"]}}],"collection":[{"href":"https:\/\/esei.uvigo.es\/es\/wp-json\/wp\/v2\/pages"}],"about":[{"href":"https:\/\/esei.uvigo.es\/es\/wp-json\/wp\/v2\/types\/page"}],"author":[{"embeddable":true,"href":"https:\/\/esei.uvigo.es\/es\/wp-json\/wp\/v2\/users\/1"}],"replies":[{"embeddable":true,"href":"https:\/\/esei.uvigo.es\/es\/wp-json\/wp\/v2\/comments?post=22783"}],"version-history":[{"count":6,"href":"https:\/\/esei.uvigo.es\/es\/wp-json\/wp\/v2\/pages\/22783\/revisions"}],"predecessor-version":[{"id":26563,"href":"https:\/\/esei.uvigo.es\/es\/wp-json\/wp\/v2\/pages\/22783\/revisions\/26563"}],"up":[{"embeddable":true,"href":"https:\/\/esei.uvigo.es\/es\/wp-json\/wp\/v2\/pages\/22775"}],"wp:attachment":[{"href":"https:\/\/esei.uvigo.es\/es\/wp-json\/wp\/v2\/media?parent=22783"}],"curies":[{"name":"wp","href":"https:\/\/api.w.org\/{rel}","templated":true}]}}