{"id":22779,"date":"2019-09-09T11:45:35","date_gmt":"2019-09-09T09:45:35","guid":{"rendered":"https:\/\/esei.uvigo.es\/a-esei\/normativas\/normativa-de-xestion-economica\/"},"modified":"2022-10-05T17:44:58","modified_gmt":"2022-10-05T15:44:58","slug":"normativa-de-xestion-economica","status":"publish","type":"page","link":"https:\/\/esei.uvigo.es\/es\/a-esei\/normativas\/normativa-de-xestion-economica\/","title":{"rendered":"Normativa de gesti\u00f3n econ\u00f3mica"},"content":{"rendered":"<h3>Selecci\u00f3n de recursos y proveedores<\/h3>\n<p>Con el fin de definir las actividades realizadas por la Escuela Superior de Ingenier\u00eda Inform\u00e1tica a trav\u00e9s de su equipo directivo, de las comisiones y personas designadas para gestionar sus recursos materiales, procede a establecer procedimientos para la compra de recursos materiales y criterios para a selecci\u00f3n de proveedores. Polo tanto, y con el fin de desarrollar el procedimiento PA07 del Sistema de Garant\u00eda Interno de Calidad de la ESEI, se establecen los siguientes procedimientos y criterios:<\/p>\n<ul>\n<li>Procedimiento para la compra de recursos materiales con cargo a los presupuestos del centro asignados a \u00e1reas, departamentos, profesorado y delegaci\u00f3n de estudiantes.<\/li>\n<li>Procedimiento para la compra de nuevo material para laboratorios docentes con cargo a los presupuestos del Centro.<\/li>\n<li>Criterios de selecci\u00f3n de proveedores.<\/li>\n<\/ul>\n<h4>Normativa y formularios:<\/h4>\n<ul>\n<li><strong>IT01-PA07:<\/strong> Criterios de Selecci\u00f3n de los Recursos Materiales y Proveedores (<a href=\"https:\/\/esei.uvigo.es\/documentos\/normativa-de-xestion-economica-it01-pa07\/\" target=\"_blank\" rel=\"noopener noreferrer\">pdf<\/a>)<\/li>\n<\/ul>\n<ul>\n<li><strong>IT02-PA07:<\/strong> Ficha de solicitud para dotaci\u00f3n de recursos con justificaci\u00f3n (<a href=\"https:\/\/esei.uvigo.es\/documentos\/normativa-de-xestion-economica-it02-pa07-pdf\/\" target=\"_blank\" rel=\"noopener noreferrer\">pdf<\/a>) (<a href=\"https:\/\/esei.uvigo.es\/documentos\/normativa-de-xestion-economica-it02-pa07-doc\/\" target=\"_blank\" rel=\"noopener noreferrer\">doc<\/a>) (<a href=\"http:\/\/www.esei.uvigo.es\/fileadmin\/docs\/calidad\/sgic\/procedimientos\/apoyo\/IT02-PA07.odt\" target=\"_blank\" rel=\"noopener noreferrer\">odt<\/a>)<\/li>\n<\/ul>\n<h3>Gesti\u00f3n presupuestaria de la ESEI<\/h3>\n<ul class=\"list-peak\">\n<li><a href=\"https:\/\/esei.uvigo.es\/documentos\/normativa-de-xestion-economica-normas-reparto-orzamentario-2016\/\" target=\"_blank\" rel=\"noopener noreferrer\">Criterios de ejecuci\u00f3n presupuestaria 2016<\/a><\/li>\n<li><a href=\"https:\/\/esei.uvigo.es\/documentos\/normativa-de-xestion-economica-normas-reparto-orzamentario-2014\/\" target=\"_blank\" rel=\"noopener noreferrer\">Normas de reparto presupuestario 2014<\/a><\/li>\n<li><a href=\"https:\/\/esei.uvigo.es\/documentos\/normativa-de-xestion-economica-normas-reparto-orzamentario-2013\/\" target=\"_blank\" rel=\"noopener noreferrer\">Normas de reparto presupuestario 2013<\/a><\/li>\n<li><a href=\"https:\/\/esei.uvigo.es\/documentos\/normativa-de-xestion-economica-normas-reparto-orzamentario-2012\/\" target=\"_blank\" rel=\"noopener noreferrer\">Normas de reparto presupuestario 2012<\/a><\/li>\n<li><a href=\"https:\/\/esei.uvigo.es\/documentos\/normativa-de-xestion-economica-normas-reparto-orzamentario-2011\/\" target=\"_blank\" rel=\"noopener noreferrer\">Normas de reparto presupuestario 2011<\/a><\/li>\n<li><a href=\"https:\/\/esei.uvigo.es\/documentos\/normativa-de-xestion-economica-normas-reparto-orzamentario-2010\/\" target=\"_blank\" rel=\"noopener noreferrer\">Normas de reparto presupuestario 2010<\/a><\/li>\n<li><a href=\"https:\/\/esei.uvigo.es\/documentos\/normativa-de-xestion-economica-normas-reparto-orzamentario-2009\/\" target=\"_blank\" rel=\"noopener noreferrer\">Normas de reparto presupuestario 2009<\/a><\/li>\n<li><a href=\"https:\/\/esei.uvigo.es\/documentos\/normativa-de-xestion-economica-normas-reparto-orzamentario-2008\/\" target=\"_blank\" rel=\"noopener noreferrer\">Normas de reparto presupuestario 2008<\/a><\/li>\n<\/ul>\n","protected":false},"excerpt":{"rendered":"<p>Selecci\u00f3n de recursos y proveedores Con el fin de definir las actividades realizadas por la Escuela Superior de Ingenier\u00eda Inform\u00e1tica a trav\u00e9s de su equipo &hellip; <a class=\"excerpt_more\" href=\"https:\/\/esei.uvigo.es\/es\/a-esei\/normativas\/normativa-de-xestion-economica\/\">Contin\u00faa<\/a><\/p>\n","protected":false},"author":1,"featured_media":0,"parent":22775,"menu_order":4,"comment_status":"closed","ping_status":"closed","template":"","meta":{"_acf_changed":false,"footnotes":""},"class_list":["post-22779","page","type-page","status-publish","hentry"],"acf":[],"yoast_head":"<!-- This site is optimized with the Yoast SEO plugin v27.6 - https:\/\/yoast.com\/product\/yoast-seo-wordpress\/ -->\n<title>Normativa de gesti\u00f3n econ\u00f3mica | Escola Superior de Enxe\u00f1ar\u00eda Inform\u00e1tica<\/title>\n<meta name=\"robots\" content=\"index, follow, max-snippet:-1, max-image-preview:large, max-video-preview:-1\" \/>\n<link rel=\"canonical\" href=\"https:\/\/esei.uvigo.es\/es\/a-esei\/normativas\/normativa-de-xestion-economica\/\" \/>\n<meta property=\"og:locale\" content=\"es_ES\" \/>\n<meta property=\"og:type\" content=\"article\" \/>\n<meta property=\"og:title\" content=\"Normativa de gesti\u00f3n econ\u00f3mica | Escola Superior de Enxe\u00f1ar\u00eda Inform\u00e1tica\" \/>\n<meta property=\"og:description\" content=\"Selecci\u00f3n de recursos y proveedores Con el fin de definir las actividades realizadas por la Escuela Superior de Ingenier\u00eda Inform\u00e1tica a trav\u00e9s de su equipo &hellip; Contin\u00faa\" \/>\n<meta property=\"og:url\" content=\"https:\/\/esei.uvigo.es\/es\/a-esei\/normativas\/normativa-de-xestion-economica\/\" \/>\n<meta property=\"og:site_name\" content=\"Escola Superior de Enxe\u00f1ar\u00eda Inform\u00e1tica\" \/>\n<meta property=\"article:modified_time\" content=\"2022-10-05T15:44:58+00:00\" \/>\n<meta name=\"twitter:card\" content=\"summary_large_image\" \/>\n<meta name=\"twitter:label1\" content=\"Tiempo de lectura\" \/>\n\t<meta name=\"twitter:data1\" content=\"1 minuto\" \/>\n<script type=\"application\/ld+json\" class=\"yoast-schema-graph\">{\"@context\":\"https:\\\/\\\/schema.org\",\"@graph\":[{\"@type\":\"WebPage\",\"@id\":\"https:\\\/\\\/esei.uvigo.es\\\/es\\\/a-esei\\\/normativas\\\/normativa-de-xestion-economica\\\/\",\"url\":\"https:\\\/\\\/esei.uvigo.es\\\/es\\\/a-esei\\\/normativas\\\/normativa-de-xestion-economica\\\/\",\"name\":\"Normativa de gesti\u00f3n econ\u00f3mica | Escola Superior de Enxe\u00f1ar\u00eda Inform\u00e1tica\",\"isPartOf\":{\"@id\":\"https:\\\/\\\/esei.uvigo.es\\\/es\\\/#website\"},\"datePublished\":\"2019-09-09T09:45:35+00:00\",\"dateModified\":\"2022-10-05T15:44:58+00:00\",\"breadcrumb\":{\"@id\":\"https:\\\/\\\/esei.uvigo.es\\\/es\\\/a-esei\\\/normativas\\\/normativa-de-xestion-economica\\\/#breadcrumb\"},\"inLanguage\":\"es\",\"potentialAction\":[{\"@type\":\"ReadAction\",\"target\":[\"https:\\\/\\\/esei.uvigo.es\\\/es\\\/a-esei\\\/normativas\\\/normativa-de-xestion-economica\\\/\"]}]},{\"@type\":\"BreadcrumbList\",\"@id\":\"https:\\\/\\\/esei.uvigo.es\\\/es\\\/a-esei\\\/normativas\\\/normativa-de-xestion-economica\\\/#breadcrumb\",\"itemListElement\":[{\"@type\":\"ListItem\",\"position\":1,\"name\":\"Portada\",\"item\":\"https:\\\/\\\/esei.uvigo.es\\\/es\\\/\"},{\"@type\":\"ListItem\",\"position\":2,\"name\":\"La ESEI\",\"item\":\"https:\\\/\\\/esei.uvigo.es\\\/es\\\/a-esei\\\/\"},{\"@type\":\"ListItem\",\"position\":3,\"name\":\"Normativas\",\"item\":\"https:\\\/\\\/esei.uvigo.es\\\/es\\\/a-esei\\\/normativas\\\/\"},{\"@type\":\"ListItem\",\"position\":4,\"name\":\"Normativa de gesti\u00f3n econ\u00f3mica\"}]},{\"@type\":\"WebSite\",\"@id\":\"https:\\\/\\\/esei.uvigo.es\\\/es\\\/#website\",\"url\":\"https:\\\/\\\/esei.uvigo.es\\\/es\\\/\",\"name\":\"Escola Superior de Enxe\u00f1ar\u00eda Inform\u00e1tica\",\"description\":\"\",\"publisher\":{\"@id\":\"https:\\\/\\\/esei.uvigo.es\\\/es\\\/#organization\"},\"potentialAction\":[{\"@type\":\"SearchAction\",\"target\":{\"@type\":\"EntryPoint\",\"urlTemplate\":\"https:\\\/\\\/esei.uvigo.es\\\/es\\\/?s={search_term_string}\"},\"query-input\":{\"@type\":\"PropertyValueSpecification\",\"valueRequired\":true,\"valueName\":\"search_term_string\"}}],\"inLanguage\":\"es\"},{\"@type\":\"Organization\",\"@id\":\"https:\\\/\\\/esei.uvigo.es\\\/es\\\/#organization\",\"name\":\"Escola Superior de Enxe\u00f1ar\u00eda Inform\u00e1tica\",\"url\":\"https:\\\/\\\/esei.uvigo.es\\\/es\\\/\",\"logo\":{\"@type\":\"ImageObject\",\"inLanguage\":\"es\",\"@id\":\"https:\\\/\\\/esei.uvigo.es\\\/es\\\/#\\\/schema\\\/logo\\\/image\\\/\",\"url\":\"https:\\\/\\\/esei.uvigo.es\\\/wp-content\\\/uploads\\\/2019\\\/09\\\/esei.png\",\"contentUrl\":\"https:\\\/\\\/esei.uvigo.es\\\/wp-content\\\/uploads\\\/2019\\\/09\\\/esei.png\",\"width\":579,\"height\":98,\"caption\":\"Escola Superior de Enxe\u00f1ar\u00eda Inform\u00e1tica\"},\"image\":{\"@id\":\"https:\\\/\\\/esei.uvigo.es\\\/es\\\/#\\\/schema\\\/logo\\\/image\\\/\"}}]}<\/script>\n<!-- \/ Yoast SEO plugin. -->","yoast_head_json":{"title":"Normativa de gesti\u00f3n econ\u00f3mica | Escola Superior de Enxe\u00f1ar\u00eda Inform\u00e1tica","robots":{"index":"index","follow":"follow","max-snippet":"max-snippet:-1","max-image-preview":"max-image-preview:large","max-video-preview":"max-video-preview:-1"},"canonical":"https:\/\/esei.uvigo.es\/es\/a-esei\/normativas\/normativa-de-xestion-economica\/","og_locale":"es_ES","og_type":"article","og_title":"Normativa de gesti\u00f3n econ\u00f3mica | Escola Superior de Enxe\u00f1ar\u00eda Inform\u00e1tica","og_description":"Selecci\u00f3n de recursos y proveedores Con el fin de definir las actividades realizadas por la Escuela Superior de Ingenier\u00eda Inform\u00e1tica a trav\u00e9s de su equipo &hellip; Contin\u00faa","og_url":"https:\/\/esei.uvigo.es\/es\/a-esei\/normativas\/normativa-de-xestion-economica\/","og_site_name":"Escola Superior de Enxe\u00f1ar\u00eda Inform\u00e1tica","article_modified_time":"2022-10-05T15:44:58+00:00","twitter_card":"summary_large_image","twitter_misc":{"Tiempo de lectura":"1 minuto"},"schema":{"@context":"https:\/\/schema.org","@graph":[{"@type":"WebPage","@id":"https:\/\/esei.uvigo.es\/es\/a-esei\/normativas\/normativa-de-xestion-economica\/","url":"https:\/\/esei.uvigo.es\/es\/a-esei\/normativas\/normativa-de-xestion-economica\/","name":"Normativa de gesti\u00f3n econ\u00f3mica | Escola Superior de Enxe\u00f1ar\u00eda Inform\u00e1tica","isPartOf":{"@id":"https:\/\/esei.uvigo.es\/es\/#website"},"datePublished":"2019-09-09T09:45:35+00:00","dateModified":"2022-10-05T15:44:58+00:00","breadcrumb":{"@id":"https:\/\/esei.uvigo.es\/es\/a-esei\/normativas\/normativa-de-xestion-economica\/#breadcrumb"},"inLanguage":"es","potentialAction":[{"@type":"ReadAction","target":["https:\/\/esei.uvigo.es\/es\/a-esei\/normativas\/normativa-de-xestion-economica\/"]}]},{"@type":"BreadcrumbList","@id":"https:\/\/esei.uvigo.es\/es\/a-esei\/normativas\/normativa-de-xestion-economica\/#breadcrumb","itemListElement":[{"@type":"ListItem","position":1,"name":"Portada","item":"https:\/\/esei.uvigo.es\/es\/"},{"@type":"ListItem","position":2,"name":"La ESEI","item":"https:\/\/esei.uvigo.es\/es\/a-esei\/"},{"@type":"ListItem","position":3,"name":"Normativas","item":"https:\/\/esei.uvigo.es\/es\/a-esei\/normativas\/"},{"@type":"ListItem","position":4,"name":"Normativa de gesti\u00f3n econ\u00f3mica"}]},{"@type":"WebSite","@id":"https:\/\/esei.uvigo.es\/es\/#website","url":"https:\/\/esei.uvigo.es\/es\/","name":"Escola Superior de Enxe\u00f1ar\u00eda Inform\u00e1tica","description":"","publisher":{"@id":"https:\/\/esei.uvigo.es\/es\/#organization"},"potentialAction":[{"@type":"SearchAction","target":{"@type":"EntryPoint","urlTemplate":"https:\/\/esei.uvigo.es\/es\/?s={search_term_string}"},"query-input":{"@type":"PropertyValueSpecification","valueRequired":true,"valueName":"search_term_string"}}],"inLanguage":"es"},{"@type":"Organization","@id":"https:\/\/esei.uvigo.es\/es\/#organization","name":"Escola Superior de Enxe\u00f1ar\u00eda Inform\u00e1tica","url":"https:\/\/esei.uvigo.es\/es\/","logo":{"@type":"ImageObject","inLanguage":"es","@id":"https:\/\/esei.uvigo.es\/es\/#\/schema\/logo\/image\/","url":"https:\/\/esei.uvigo.es\/wp-content\/uploads\/2019\/09\/esei.png","contentUrl":"https:\/\/esei.uvigo.es\/wp-content\/uploads\/2019\/09\/esei.png","width":579,"height":98,"caption":"Escola Superior de Enxe\u00f1ar\u00eda Inform\u00e1tica"},"image":{"@id":"https:\/\/esei.uvigo.es\/es\/#\/schema\/logo\/image\/"}}]}},"_links":{"self":[{"href":"https:\/\/esei.uvigo.es\/es\/wp-json\/wp\/v2\/pages\/22779","targetHints":{"allow":["GET"]}}],"collection":[{"href":"https:\/\/esei.uvigo.es\/es\/wp-json\/wp\/v2\/pages"}],"about":[{"href":"https:\/\/esei.uvigo.es\/es\/wp-json\/wp\/v2\/types\/page"}],"author":[{"embeddable":true,"href":"https:\/\/esei.uvigo.es\/es\/wp-json\/wp\/v2\/users\/1"}],"replies":[{"embeddable":true,"href":"https:\/\/esei.uvigo.es\/es\/wp-json\/wp\/v2\/comments?post=22779"}],"version-history":[{"count":3,"href":"https:\/\/esei.uvigo.es\/es\/wp-json\/wp\/v2\/pages\/22779\/revisions"}],"predecessor-version":[{"id":24412,"href":"https:\/\/esei.uvigo.es\/es\/wp-json\/wp\/v2\/pages\/22779\/revisions\/24412"}],"up":[{"embeddable":true,"href":"https:\/\/esei.uvigo.es\/es\/wp-json\/wp\/v2\/pages\/22775"}],"wp:attachment":[{"href":"https:\/\/esei.uvigo.es\/es\/wp-json\/wp\/v2\/media?parent=22779"}],"curies":[{"name":"wp","href":"https:\/\/api.w.org\/{rel}","templated":true}]}}